{"id":76168,"date":"2011-11-01T14:41:31","date_gmt":"2011-11-01T13:41:31","guid":{"rendered":"https:\/\/profumix.it\/prodotto\/clinique-aromatics-elixir-100ml-spray-eau-de-parfum\/"},"modified":"2022-10-17T07:34:11","modified_gmt":"2022-10-17T05:34:11","slug":"clinique-aromatics-elixir-100ml-spray-eau-de-parfum","status":"publish","type":"product","link":"https:\/\/profumix.it\/en\/prodotto\/clinique-aromatics-elixir-100ml-spray-eau-de-parfum\/","title":{"rendered":"CLINIQUE AROMATICS ELIXIR 100ML PERFUME SPRAY"},"content":{"rendered":"<p>AROMATICS ELIXIR \u00c8 UNA VERA E PROPRIA ESPERIENZA SENSORIALE PER IL CORPO E L&#8217;ANIMA. PER LA DONNA &#8220;UNICA&#8221;: SENSUALE, RAFFINATA, ELEGANTE, INTRIGANTE, CHE EVOCA MISTERO, LA DONNA CHE RIMANE NEL CUORE, NELLA MENTE, NEI SENSI. LA DONNA CHE IL TEMPO NON CANCELLA!<br \/>\nAROMATICS ELIXIR \u00c8 STATO IL PRIMO PROFUMO AROMACOLOGICO, DOTATO DELLA FACOLT\u00c0 DI ADDOLCIRE, STIMOLARE E ATTRARRE. BASTA VAPORIZZARLO UNA SOLA VOLTA. IL PROFUMO GODE ORMAI DI UNA CLIENTELA AFFEZIONATA, ALLA RICERCA DI UN PRODOTTO DIVERSO, PER S\u00c9. PROFUMO DAL CARATTERE UNICO, AROMATICS ELISIR LASCIA DIETRO DI S\u00c9 UNA LUNGA SCIA DI FIORI BIANCHI PROFUMATI.<br \/>\nAROMATICS ELIXIR \u00c8 IL PI\u00d9 ANTICO PROFUMO DALLA CASA DI CLINIQUE, CREATA NEL 1975. E &#8216;CLASSIFICATO COME CIPRIATO-FLOREALE, SEGUENDO I PASSI DI SIMILI CLASSICI TAGLIENTI E FORTI. IN TESTA DOMINANO LE NOTE AROMATICHE DI VERBENA, SALVIA E CAMOMILLA CHE IN SEGUITO LASCIANO IL POSTO A NOTE FIORITE E DOLCI DI GERANIO, ROSA E FIORI BIANCHI: YLANG-YLANG, GELSOMINO E TUBEROSA.IL FONDO VERDE &#8220;MUSCHIO&#8221; \u00c8 CARATTERISTICO DELLA FAMIGLIA CIPRIATA, DOVE SI COMBINANO ARMONICAMENTE LA FORZA DEL PATCHOULI E QUELLE DEL MUSCHIO DI QUERCIA E DEL VETIVER.<br \/>\nIL NASO DIETRO AROMATICS ELIXIR \u00c8 BERNARD CHANT. AROMATICS ELIXIR \u00c8 STATO LANCIATO NEL 1971.<\/p>\n","protected":false},"excerpt":{"rendered":"<p>AROMATICS ELIXIR \u00c8 UNA VERA E PROPRIA ESPERIENZA SENSORIALE PER IL CORPO E L&#8217;ANIMA. PER LA DONNA &#8220;UNICA&#8221;: SENSUALE, RAFFINATA, ELEGANTE, INTRIGANTE, CHE EVOCA MISTERO, LA DONNA CHE RIMANE NEL CUORE, NELLA MENTE, NEI SENSI. LA DONNA CHE IL TEMPO NON CANCELLA!<br \/>\nAROMATICS ELIXIR \u00c8 STATO IL PRIMO PROFUMO AROMACOLOGICO, DOTATO DELLA FACOLT\u00c0 DI ADDOLCIRE, STIMOLARE E ATTRARRE. BASTA VAPORIZZARLO UNA SOLA VOLTA. IL PROFUMO GODE ORMAI DI UNA CLIENTELA AFFEZIONATA, ALLA RICERCA DI UN PRODOTTO DIVERSO, PER S\u00c9. PROFUMO DAL CARATTERE UNICO, AROMATICS ELISIR LASCIA DIETRO DI S\u00c9 UNA LUNGA SCIA DI FIORI BIANCHI PROFUMATI.<br \/>\nAROMATICS ELIXIR \u00c8 IL PI\u00d9 ANTICO PROFUMO DALLA CASA DI CLINIQUE, CREATA NEL 1975. E &#8216;CLASSIFICATO COME CIPRIATO-FLOREALE, SEGUENDO I PASSI DI SIMILI CLASSICI TAGLIENTI E FORTI. IN TESTA DOMINANO LE NOTE AROMATICHE DI VERBENA, SALVIA E CAMOMILLA CHE IN SEGUITO LASCIANO IL POSTO A NOTE FIORITE E DOLCI DI GERANIO, ROSA E FIORI BIANCHI: YLANG-YLANG, GELSOMINO E TUBEROSA.IL FONDO VERDE &#8220;MUSCHIO&#8221; \u00c8 CARATTERISTICO DELLA FAMIGLIA CIPRIATA, DOVE SI COMBINANO ARMONICAMENTE LA FORZA DEL PATCHOULI E QUELLE DEL MUSCHIO DI QUERCIA E DEL VETIVER.<br \/>\nIL NASO DIETRO AROMATICS ELIXIR \u00c8 BERNARD CHANT. AROMATICS ELIXIR \u00c8 STATO LANCIATO NEL 1971.<\/p>\n","protected":false},"featured_media":76167,"comment_status":"open","ping_status":"closed","template":"","meta":{"_et_pb_use_builder":"","_et_pb_old_content":"","_et_gb_content_width":""},"product_brand":[],"product_cat":[7109,7099,7098,7106],"product_tag":[],"class_list":{"0":"post-76168","1":"product","2":"type-product","3":"status-publish","4":"has-post-thumbnail","6":"product_cat-donna","7":"product_cat-offerte-da-non-perdere-default-category","8":"product_cat-default-category","9":"product_cat-profumi-default-category","10":"pa_bollino-offerta_speciale","11":"pa_categoria_desc-profumidonna","12":"pa_confezione_desc-scatolaoriginalenotester","13":"pa_formato_filtro-100ml","14":"pa_manufacturer-clinique","15":"pa_sconto_desc-6896","16":"pa_spedizione_gratuita-no","17":"pa_tipo_filtro-sprayeaudeparfum","19":"first","20":"instock","21":"sale","22":"shipping-taxable","23":"purchasable","24":"product-type-simple"},"yoast_head":"<!-- This site is optimized with the Yoast SEO plugin v27.4 - https:\/\/yoast.com\/product\/yoast-seo-wordpress\/ -->\n<title>CLINIQUE AROMATICS ELIXIR 100ML PERFUME SPRAY<\/title>\n<meta name=\"robots\" content=\"index, follow, max-snippet:-1, max-image-preview:large, max-video-preview:-1\" \/>\n<link rel=\"canonical\" href=\"https:\/\/profumix.it\/en\/prodotto\/clinique-aromatics-elixir-100ml-spray-eau-de-parfum\/\" \/>\n<meta property=\"og:locale\" content=\"en_US\" \/>\n<meta property=\"og:type\" content=\"article\" \/>\n<meta property=\"og:title\" content=\"CLINIQUE AROMATICS ELIXIR 100ML PERFUME SPRAY\" \/>\n<meta property=\"og:description\" content=\"AROMATICS ELIXIR \u00c8 UNA VERA E PROPRIA ESPERIENZA SENSORIALE PER IL CORPO E L&#039;ANIMA. PER LA DONNA &quot;UNICA&quot;: SENSUALE, RAFFINATA, ELEGANTE, INTRIGANTE, CHE EVOCA MISTERO, LA DONNA CHE RIMANE NEL CUORE, NELLA MENTE, NEI SENSI. LA DONNA CHE IL TEMPO NON CANCELLA! AROMATICS ELIXIR \u00c8 STATO IL PRIMO PROFUMO AROMACOLOGICO, DOTATO DELLA FACOLT\u00c0 DI ADDOLCIRE, STIMOLARE E ATTRARRE. BASTA VAPORIZZARLO UNA SOLA VOLTA. IL PROFUMO GODE ORMAI DI UNA CLIENTELA AFFEZIONATA, ALLA RICERCA DI UN PRODOTTO DIVERSO, PER S\u00c9. PROFUMO DAL CARATTERE UNICO, AROMATICS ELISIR LASCIA DIETRO DI S\u00c9 UNA LUNGA SCIA DI FIORI BIANCHI PROFUMATI.  AROMATICS ELIXIR \u00c8 IL PI\u00d9 ANTICO PROFUMO DALLA CASA DI CLINIQUE, CREATA NEL 1975. E &#039;CLASSIFICATO COME CIPRIATO-FLOREALE, SEGUENDO I PASSI DI SIMILI CLASSICI TAGLIENTI E FORTI. IN TESTA DOMINANO LE NOTE AROMATICHE DI VERBENA, SALVIA E CAMOMILLA CHE IN SEGUITO LASCIANO IL POSTO A NOTE FIORITE E DOLCI DI GERANIO, ROSA E FIORI BIANCHI: YLANG-YLANG, GELSOMINO E TUBEROSA.IL FONDO VERDE &quot;MUSCHIO&quot; \u00c8 CARATTERISTICO DELLA FAMIGLIA CIPRIATA, DOVE SI COMBINANO ARMONICAMENTE LA FORZA DEL PATCHOULI E QUELLE DEL MUSCHIO DI QUERCIA E DEL VETIVER.  IL NASO DIETRO AROMATICS ELIXIR \u00c8 BERNARD CHANT. AROMATICS ELIXIR \u00c8 STATO LANCIATO NEL 1971.\" \/>\n<meta property=\"og:url\" content=\"https:\/\/profumix.it\/en\/prodotto\/clinique-aromatics-elixir-100ml-spray-eau-de-parfum\/\" \/>\n<meta property=\"og:site_name\" content=\"Profumix Perfumes\" \/>\n<meta property=\"article:publisher\" content=\"https:\/\/www.facebook.com\/profumix\" \/>\n<meta property=\"article:modified_time\" content=\"2022-10-17T05:34:11+00:00\" \/>\n<meta property=\"og:image\" content=\"https:\/\/profumix.it\/wp-content\/uploads\/2011\/11\/product_c_l_clinique_aromatics_elixir_100ml_spray_perfume.jpg\" \/>\n\t<meta property=\"og:image:width\" content=\"796\" \/>\n\t<meta property=\"og:image:height\" content=\"1024\" \/>\n\t<meta property=\"og:image:type\" content=\"image\/jpeg\" \/>\n<meta name=\"twitter:card\" content=\"summary_large_image\" \/>\n<meta name=\"twitter:label1\" content=\"Est. reading time\" \/>\n\t<meta name=\"twitter:data1\" content=\"1 minute\" \/>\n<script type=\"application\/ld+json\" class=\"yoast-schema-graph\">{\"@context\":\"https:\\\/\\\/schema.org\",\"@graph\":[{\"@type\":\"WebPage\",\"@id\":\"https:\\\/\\\/profumix.it\\\/en\\\/prodotto\\\/clinique-aromatics-elixir-100ml-spray-eau-de-parfum\\\/\",\"url\":\"https:\\\/\\\/profumix.it\\\/en\\\/prodotto\\\/clinique-aromatics-elixir-100ml-spray-eau-de-parfum\\\/\",\"name\":\"CLINIQUE AROMATICS ELIXIR 100ML PERFUME SPRAY\",\"isPartOf\":{\"@id\":\"https:\\\/\\\/profumix.it\\\/en\\\/#website\"},\"primaryImageOfPage\":{\"@id\":\"https:\\\/\\\/profumix.it\\\/en\\\/prodotto\\\/clinique-aromatics-elixir-100ml-spray-eau-de-parfum\\\/#primaryimage\"},\"image\":{\"@id\":\"https:\\\/\\\/profumix.it\\\/en\\\/prodotto\\\/clinique-aromatics-elixir-100ml-spray-eau-de-parfum\\\/#primaryimage\"},\"thumbnailUrl\":\"https:\\\/\\\/profumix.it\\\/wp-content\\\/uploads\\\/2011\\\/11\\\/product_c_l_clinique_aromatics_elixir_100ml_spray_perfume.jpg\",\"datePublished\":\"2011-11-01T13:41:31+00:00\",\"dateModified\":\"2022-10-17T05:34:11+00:00\",\"breadcrumb\":{\"@id\":\"https:\\\/\\\/profumix.it\\\/en\\\/prodotto\\\/clinique-aromatics-elixir-100ml-spray-eau-de-parfum\\\/#breadcrumb\"},\"inLanguage\":\"en-US\",\"potentialAction\":[{\"@type\":\"ReadAction\",\"target\":[\"https:\\\/\\\/profumix.it\\\/en\\\/prodotto\\\/clinique-aromatics-elixir-100ml-spray-eau-de-parfum\\\/\"]}]},{\"@type\":\"ImageObject\",\"inLanguage\":\"en-US\",\"@id\":\"https:\\\/\\\/profumix.it\\\/en\\\/prodotto\\\/clinique-aromatics-elixir-100ml-spray-eau-de-parfum\\\/#primaryimage\",\"url\":\"https:\\\/\\\/profumix.it\\\/wp-content\\\/uploads\\\/2011\\\/11\\\/product_c_l_clinique_aromatics_elixir_100ml_spray_perfume.jpg\",\"contentUrl\":\"https:\\\/\\\/profumix.it\\\/wp-content\\\/uploads\\\/2011\\\/11\\\/product_c_l_clinique_aromatics_elixir_100ml_spray_perfume.jpg\",\"width\":796,\"height\":1024,\"caption\":\"CLINIQUE AROMATICS ELIXIR 100ML PERFUME SPRAY\"},{\"@type\":\"BreadcrumbList\",\"@id\":\"https:\\\/\\\/profumix.it\\\/en\\\/prodotto\\\/clinique-aromatics-elixir-100ml-spray-eau-de-parfum\\\/#breadcrumb\",\"itemListElement\":[{\"@type\":\"ListItem\",\"position\":1,\"name\":\"Home\",\"item\":\"https:\\\/\\\/profumix.it\\\/en\\\/home\\\/\"},{\"@type\":\"ListItem\",\"position\":2,\"name\":\"Shop\",\"item\":\"https:\\\/\\\/profumix.it\\\/en\\\/shop\\\/\"},{\"@type\":\"ListItem\",\"position\":3,\"name\":\"CLINIQUE AROMATICS ELIXIR 100ML PERFUME SPRAY\"}]},{\"@type\":\"WebSite\",\"@id\":\"https:\\\/\\\/profumix.it\\\/en\\\/#website\",\"url\":\"https:\\\/\\\/profumix.it\\\/en\\\/\",\"name\":\"Profumix Perfumes\",\"description\":\"\",\"potentialAction\":[{\"@type\":\"SearchAction\",\"target\":{\"@type\":\"EntryPoint\",\"urlTemplate\":\"https:\\\/\\\/profumix.it\\\/en\\\/?s={search_term_string}\"},\"query-input\":{\"@type\":\"PropertyValueSpecification\",\"valueRequired\":true,\"valueName\":\"search_term_string\"}}],\"inLanguage\":\"en-US\"}]}<\/script>\n<!-- \/ Yoast SEO plugin. -->","yoast_head_json":{"title":"CLINIQUE AROMATICS ELIXIR 100ML PERFUME SPRAY","robots":{"index":"index","follow":"follow","max-snippet":"max-snippet:-1","max-image-preview":"max-image-preview:large","max-video-preview":"max-video-preview:-1"},"canonical":"https:\/\/profumix.it\/en\/prodotto\/clinique-aromatics-elixir-100ml-spray-eau-de-parfum\/","og_locale":"en_US","og_type":"article","og_title":"CLINIQUE AROMATICS ELIXIR 100ML PERFUME SPRAY","og_description":"AROMATICS ELIXIR \u00c8 UNA VERA E PROPRIA ESPERIENZA SENSORIALE PER IL CORPO E L'ANIMA. PER LA DONNA \"UNICA\": SENSUALE, RAFFINATA, ELEGANTE, INTRIGANTE, CHE EVOCA MISTERO, LA DONNA CHE RIMANE NEL CUORE, NELLA MENTE, NEI SENSI. LA DONNA CHE IL TEMPO NON CANCELLA! AROMATICS ELIXIR \u00c8 STATO IL PRIMO PROFUMO AROMACOLOGICO, DOTATO DELLA FACOLT\u00c0 DI ADDOLCIRE, STIMOLARE E ATTRARRE. BASTA VAPORIZZARLO UNA SOLA VOLTA. IL PROFUMO GODE ORMAI DI UNA CLIENTELA AFFEZIONATA, ALLA RICERCA DI UN PRODOTTO DIVERSO, PER S\u00c9. PROFUMO DAL CARATTERE UNICO, AROMATICS ELISIR LASCIA DIETRO DI S\u00c9 UNA LUNGA SCIA DI FIORI BIANCHI PROFUMATI.  AROMATICS ELIXIR \u00c8 IL PI\u00d9 ANTICO PROFUMO DALLA CASA DI CLINIQUE, CREATA NEL 1975. E 'CLASSIFICATO COME CIPRIATO-FLOREALE, SEGUENDO I PASSI DI SIMILI CLASSICI TAGLIENTI E FORTI. IN TESTA DOMINANO LE NOTE AROMATICHE DI VERBENA, SALVIA E CAMOMILLA CHE IN SEGUITO LASCIANO IL POSTO A NOTE FIORITE E DOLCI DI GERANIO, ROSA E FIORI BIANCHI: YLANG-YLANG, GELSOMINO E TUBEROSA.IL FONDO VERDE \"MUSCHIO\" \u00c8 CARATTERISTICO DELLA FAMIGLIA CIPRIATA, DOVE SI COMBINANO ARMONICAMENTE LA FORZA DEL PATCHOULI E QUELLE DEL MUSCHIO DI QUERCIA E DEL VETIVER.  IL NASO DIETRO AROMATICS ELIXIR \u00c8 BERNARD CHANT. AROMATICS ELIXIR \u00c8 STATO LANCIATO NEL 1971.","og_url":"https:\/\/profumix.it\/en\/prodotto\/clinique-aromatics-elixir-100ml-spray-eau-de-parfum\/","og_site_name":"Profumix Perfumes","article_publisher":"https:\/\/www.facebook.com\/profumix","article_modified_time":"2022-10-17T05:34:11+00:00","og_image":[{"width":796,"height":1024,"url":"https:\/\/profumix.it\/wp-content\/uploads\/2011\/11\/product_c_l_clinique_aromatics_elixir_100ml_spray_perfume.jpg","type":"image\/jpeg"}],"twitter_card":"summary_large_image","twitter_misc":{"Est. reading time":"1 minute"},"schema":{"@context":"https:\/\/schema.org","@graph":[{"@type":"WebPage","@id":"https:\/\/profumix.it\/en\/prodotto\/clinique-aromatics-elixir-100ml-spray-eau-de-parfum\/","url":"https:\/\/profumix.it\/en\/prodotto\/clinique-aromatics-elixir-100ml-spray-eau-de-parfum\/","name":"CLINIQUE AROMATICS ELIXIR 100ML PERFUME SPRAY","isPartOf":{"@id":"https:\/\/profumix.it\/en\/#website"},"primaryImageOfPage":{"@id":"https:\/\/profumix.it\/en\/prodotto\/clinique-aromatics-elixir-100ml-spray-eau-de-parfum\/#primaryimage"},"image":{"@id":"https:\/\/profumix.it\/en\/prodotto\/clinique-aromatics-elixir-100ml-spray-eau-de-parfum\/#primaryimage"},"thumbnailUrl":"https:\/\/profumix.it\/wp-content\/uploads\/2011\/11\/product_c_l_clinique_aromatics_elixir_100ml_spray_perfume.jpg","datePublished":"2011-11-01T13:41:31+00:00","dateModified":"2022-10-17T05:34:11+00:00","breadcrumb":{"@id":"https:\/\/profumix.it\/en\/prodotto\/clinique-aromatics-elixir-100ml-spray-eau-de-parfum\/#breadcrumb"},"inLanguage":"en-US","potentialAction":[{"@type":"ReadAction","target":["https:\/\/profumix.it\/en\/prodotto\/clinique-aromatics-elixir-100ml-spray-eau-de-parfum\/"]}]},{"@type":"ImageObject","inLanguage":"en-US","@id":"https:\/\/profumix.it\/en\/prodotto\/clinique-aromatics-elixir-100ml-spray-eau-de-parfum\/#primaryimage","url":"https:\/\/profumix.it\/wp-content\/uploads\/2011\/11\/product_c_l_clinique_aromatics_elixir_100ml_spray_perfume.jpg","contentUrl":"https:\/\/profumix.it\/wp-content\/uploads\/2011\/11\/product_c_l_clinique_aromatics_elixir_100ml_spray_perfume.jpg","width":796,"height":1024,"caption":"CLINIQUE AROMATICS ELIXIR 100ML PERFUME SPRAY"},{"@type":"BreadcrumbList","@id":"https:\/\/profumix.it\/en\/prodotto\/clinique-aromatics-elixir-100ml-spray-eau-de-parfum\/#breadcrumb","itemListElement":[{"@type":"ListItem","position":1,"name":"Home","item":"https:\/\/profumix.it\/en\/home\/"},{"@type":"ListItem","position":2,"name":"Shop","item":"https:\/\/profumix.it\/en\/shop\/"},{"@type":"ListItem","position":3,"name":"CLINIQUE AROMATICS ELIXIR 100ML PERFUME SPRAY"}]},{"@type":"WebSite","@id":"https:\/\/profumix.it\/en\/#website","url":"https:\/\/profumix.it\/en\/","name":"Profumix Perfumes","description":"","potentialAction":[{"@type":"SearchAction","target":{"@type":"EntryPoint","urlTemplate":"https:\/\/profumix.it\/en\/?s={search_term_string}"},"query-input":{"@type":"PropertyValueSpecification","valueRequired":true,"valueName":"search_term_string"}}],"inLanguage":"en-US"}]}},"_links":{"self":[{"href":"https:\/\/profumix.it\/en\/wp-json\/wp\/v2\/product\/76168","targetHints":{"allow":["GET"]}}],"collection":[{"href":"https:\/\/profumix.it\/en\/wp-json\/wp\/v2\/product"}],"about":[{"href":"https:\/\/profumix.it\/en\/wp-json\/wp\/v2\/types\/product"}],"replies":[{"embeddable":true,"href":"https:\/\/profumix.it\/en\/wp-json\/wp\/v2\/comments?post=76168"}],"wp:featuredmedia":[{"embeddable":true,"href":"https:\/\/profumix.it\/en\/wp-json\/wp\/v2\/media\/76167"}],"wp:attachment":[{"href":"https:\/\/profumix.it\/en\/wp-json\/wp\/v2\/media?parent=76168"}],"wp:term":[{"taxonomy":"product_brand","embeddable":true,"href":"https:\/\/profumix.it\/en\/wp-json\/wp\/v2\/product_brand?post=76168"},{"taxonomy":"product_cat","embeddable":true,"href":"https:\/\/profumix.it\/en\/wp-json\/wp\/v2\/product_cat?post=76168"},{"taxonomy":"product_tag","embeddable":true,"href":"https:\/\/profumix.it\/en\/wp-json\/wp\/v2\/product_tag?post=76168"}],"curies":[{"name":"wp","href":"https:\/\/api.w.org\/{rel}","templated":true}]}}