{"id":76174,"date":"2011-11-01T14:41:31","date_gmt":"2011-11-01T13:41:31","guid":{"rendered":"https:\/\/profumix.it\/prodotto\/clinique-happy-100ml-perfume-spray\/"},"modified":"2023-12-11T21:50:03","modified_gmt":"2023-12-11T20:50:03","slug":"clinique-happy-100ml-perfume-spray","status":"publish","type":"product","link":"https:\/\/profumix.it\/en\/prodotto\/clinique-happy-100ml-perfume-spray\/","title":{"rendered":"CLINIQUE HAPPY 100ML PERFUME SPRAY"},"content":{"rendered":"<p>IL PROFUMO DELLA FELICIT\u00c0 E DELLA GIOIA DI VIVERE<br \/>\nHAPPY DI CLINIQUE DONNA E &#8216;STATO CREATO NEL 1998 DA JEAN CLAUDE DELVILLE E RODRIGO FLORES-ROUX. E NEL 1998 HA RICEVUTO IL PREMIO FIFI.<br \/>\nGIOVIALE, FRIZZANTE, LUMINOSO, CLINIQUE HAPPY \u00c8 UN BOUQUET FIORITO FRUTTATO CHE TRASCINA, DALLA SENSUALIT\u00c0 SOTTILE. PENSATO PER ESSERE UN RICHIAMO ALLA FELICIT\u00c0, \u00c8 UN DELIZIOSO MELANGE DI EMOZIONI\u2026. L\u2019ESSENZA DELLA FELICIT\u00c0 DA TUTTI I LATI, COME UNA GRANDE RISATA.<br \/>\nUN INIZIO VIBRANTE DI POMPELMO ROSA E ARANCIO PER L\u2019ESUBERANZA. UN CUORE DI FIORI ESOTICI, FIORE DI BOYSENBERRY (VARIET\u00c0 DI MORA), ORCHIDEA ED UN TOCCO DI MELONE PER LA RAFFINATEZZA. IL FONDO UNISCE GIGLIO, MIMOSA, MAGNOLIA,MUSCHIO E NOTE SENSUALI.<br \/>\nLA FRAGRANZA E\u2019 RACCHIUSA DA UN FLACONE OVALE, ELEGANTE E MODERNO, CON UNO SPLENDIDO TAPPO IN METALLO BRILLANTE. <\/p>\n","protected":false},"excerpt":{"rendered":"<p>IL PROFUMO DELLA FELICIT\u00c0 E DELLA GIOIA DI VIVERE<br \/>\nHAPPY DI CLINIQUE DONNA E &#8216;STATO CREATO NEL 1998 DA JEAN CLAUDE DELVILLE E RODRIGO FLORES-ROUX. E NEL 1998 HA RICEVUTO IL PREMIO FIFI.<br \/>\nGIOVIALE, FRIZZANTE, LUMINOSO, CLINIQUE HAPPY \u00c8 UN BOUQUET FIORITO FRUTTATO CHE TRASCINA, DALLA SENSUALIT\u00c0 SOTTILE. PENSATO PER ESSERE UN RICHIAMO ALLA FELICIT\u00c0, \u00c8 UN DELIZIOSO MELANGE DI EMOZIONI\u2026. L\u2019ESSENZA DELLA FELICIT\u00c0 DA TUTTI I LATI, COME UNA GRANDE RISATA.<br \/>\nUN INIZIO VIBRANTE DI POMPELMO ROSA E ARANCIO PER L\u2019ESUBERANZA. UN CUORE DI FIORI ESOTICI, FIORE DI BOYSENBERRY (VARIET\u00c0 DI MORA), ORCHIDEA ED UN TOCCO DI MELONE PER LA RAFFINATEZZA. IL FONDO UNISCE GIGLIO, MIMOSA, MAGNOLIA,MUSCHIO E NOTE SENSUALI.<br \/>\nLA FRAGRANZA E\u2019 RACCHIUSA DA UN FLACONE OVALE, ELEGANTE E MODERNO, CON UNO SPLENDIDO TAPPO IN METALLO BRILLANTE. <\/p>\n","protected":false},"featured_media":76173,"comment_status":"open","ping_status":"closed","template":"","meta":{"_et_pb_use_builder":"","_et_pb_old_content":"","_et_gb_content_width":""},"product_brand":[],"product_cat":[7109,7099,7098,7106],"product_tag":[],"class_list":{"0":"post-76174","1":"product","2":"type-product","3":"status-publish","4":"has-post-thumbnail","6":"product_cat-donna","7":"product_cat-offerte-da-non-perdere-default-category","8":"product_cat-default-category","9":"product_cat-profumi-default-category","10":"pa_bollino-offerta_speciale","11":"pa_categoria_desc-profumidonna","12":"pa_confezione_desc-21-scatolaoriginaleblisterata","13":"pa_formato_filtro-100ml","14":"pa_manufacturer-clinique","15":"pa_sconto_desc-6896","16":"pa_spedizione_gratuita-no","17":"pa_tipo_filtro-spray","19":"first","20":"instock","21":"sale","22":"shipping-taxable","23":"purchasable","24":"product-type-simple"},"yoast_head":"<!-- This site is optimized with the Yoast SEO plugin v27.4 - https:\/\/yoast.com\/product\/yoast-seo-wordpress\/ -->\n<title>CLINIQUE HAPPY 100ML SPRAY EAU DE PARFUM<\/title>\n<meta name=\"robots\" content=\"index, follow, max-snippet:-1, max-image-preview:large, max-video-preview:-1\" \/>\n<link rel=\"canonical\" href=\"https:\/\/profumix.it\/en\/prodotto\/clinique-happy-100ml-perfume-spray\/\" \/>\n<meta property=\"og:locale\" content=\"en_US\" \/>\n<meta property=\"og:type\" content=\"article\" \/>\n<meta property=\"og:title\" content=\"CLINIQUE HAPPY 100ML SPRAY EAU DE PARFUM\" \/>\n<meta property=\"og:description\" content=\"IL PROFUMO DELLA FELICIT\u00c0 E DELLA GIOIA DI VIVERE HAPPY DI CLINIQUE DONNA E &#039;STATO CREATO NEL 1998 DA JEAN CLAUDE DELVILLE E RODRIGO FLORES-ROUX. E NEL 1998 HA RICEVUTO IL PREMIO FIFI.  GIOVIALE, FRIZZANTE, LUMINOSO, CLINIQUE HAPPY \u00c8 UN BOUQUET FIORITO FRUTTATO CHE TRASCINA, DALLA SENSUALIT\u00c0 SOTTILE. PENSATO PER ESSERE UN RICHIAMO ALLA FELICIT\u00c0, \u00c8 UN DELIZIOSO MELANGE DI EMOZIONI\u2026. L\u2019ESSENZA DELLA FELICIT\u00c0 DA TUTTI I LATI, COME UNA GRANDE RISATA.  UN INIZIO VIBRANTE DI POMPELMO ROSA E ARANCIO PER L\u2019ESUBERANZA. UN CUORE DI FIORI ESOTICI, FIORE DI BOYSENBERRY (VARIET\u00c0 DI MORA), ORCHIDEA ED UN TOCCO DI MELONE PER LA RAFFINATEZZA. IL FONDO UNISCE GIGLIO, MIMOSA, MAGNOLIA,MUSCHIO E NOTE SENSUALI.  LA FRAGRANZA E\u2019 RACCHIUSA DA UN FLACONE OVALE, ELEGANTE E MODERNO, CON UNO SPLENDIDO TAPPO IN METALLO BRILLANTE.\" \/>\n<meta property=\"og:url\" content=\"https:\/\/profumix.it\/en\/prodotto\/clinique-happy-100ml-perfume-spray\/\" \/>\n<meta property=\"og:site_name\" content=\"Profumix Perfumes\" \/>\n<meta property=\"article:publisher\" content=\"https:\/\/www.facebook.com\/profumix\" \/>\n<meta property=\"article:modified_time\" content=\"2023-12-11T20:50:03+00:00\" \/>\n<meta property=\"og:image\" content=\"https:\/\/profumix.it\/wp-content\/uploads\/2011\/11\/product_0_1_0175-HAPPY-EDP-100.jpg\" \/>\n\t<meta property=\"og:image:width\" content=\"300\" \/>\n\t<meta property=\"og:image:height\" content=\"380\" \/>\n\t<meta property=\"og:image:type\" content=\"image\/jpeg\" \/>\n<meta name=\"twitter:card\" content=\"summary_large_image\" \/>\n<meta name=\"twitter:label1\" content=\"Est. reading time\" \/>\n\t<meta name=\"twitter:data1\" content=\"1 minute\" \/>\n<script type=\"application\/ld+json\" class=\"yoast-schema-graph\">{\"@context\":\"https:\\\/\\\/schema.org\",\"@graph\":[{\"@type\":\"WebPage\",\"@id\":\"https:\\\/\\\/profumix.it\\\/en\\\/prodotto\\\/clinique-happy-100ml-perfume-spray\\\/\",\"url\":\"https:\\\/\\\/profumix.it\\\/en\\\/prodotto\\\/clinique-happy-100ml-perfume-spray\\\/\",\"name\":\"CLINIQUE HAPPY 100ML SPRAY EAU DE PARFUM\",\"isPartOf\":{\"@id\":\"https:\\\/\\\/profumix.it\\\/en\\\/#website\"},\"primaryImageOfPage\":{\"@id\":\"https:\\\/\\\/profumix.it\\\/en\\\/prodotto\\\/clinique-happy-100ml-perfume-spray\\\/#primaryimage\"},\"image\":{\"@id\":\"https:\\\/\\\/profumix.it\\\/en\\\/prodotto\\\/clinique-happy-100ml-perfume-spray\\\/#primaryimage\"},\"thumbnailUrl\":\"https:\\\/\\\/profumix.it\\\/wp-content\\\/uploads\\\/2011\\\/11\\\/product_0_1_0175-HAPPY-EDP-100.jpg\",\"datePublished\":\"2011-11-01T13:41:31+00:00\",\"dateModified\":\"2023-12-11T20:50:03+00:00\",\"breadcrumb\":{\"@id\":\"https:\\\/\\\/profumix.it\\\/en\\\/prodotto\\\/clinique-happy-100ml-perfume-spray\\\/#breadcrumb\"},\"inLanguage\":\"en-US\",\"potentialAction\":[{\"@type\":\"ReadAction\",\"target\":[\"https:\\\/\\\/profumix.it\\\/en\\\/prodotto\\\/clinique-happy-100ml-perfume-spray\\\/\"]}]},{\"@type\":\"ImageObject\",\"inLanguage\":\"en-US\",\"@id\":\"https:\\\/\\\/profumix.it\\\/en\\\/prodotto\\\/clinique-happy-100ml-perfume-spray\\\/#primaryimage\",\"url\":\"https:\\\/\\\/profumix.it\\\/wp-content\\\/uploads\\\/2011\\\/11\\\/product_0_1_0175-HAPPY-EDP-100.jpg\",\"contentUrl\":\"https:\\\/\\\/profumix.it\\\/wp-content\\\/uploads\\\/2011\\\/11\\\/product_0_1_0175-HAPPY-EDP-100.jpg\",\"width\":300,\"height\":380,\"caption\":\"CLINIQUE HAPPY 100ML PERFUME SPRAY\"},{\"@type\":\"BreadcrumbList\",\"@id\":\"https:\\\/\\\/profumix.it\\\/en\\\/prodotto\\\/clinique-happy-100ml-perfume-spray\\\/#breadcrumb\",\"itemListElement\":[{\"@type\":\"ListItem\",\"position\":1,\"name\":\"Home\",\"item\":\"https:\\\/\\\/profumix.it\\\/en\\\/home\\\/\"},{\"@type\":\"ListItem\",\"position\":2,\"name\":\"Shop\",\"item\":\"https:\\\/\\\/profumix.it\\\/en\\\/shop\\\/\"},{\"@type\":\"ListItem\",\"position\":3,\"name\":\"CLINIQUE HAPPY 100ML PERFUME SPRAY\"}]},{\"@type\":\"WebSite\",\"@id\":\"https:\\\/\\\/profumix.it\\\/en\\\/#website\",\"url\":\"https:\\\/\\\/profumix.it\\\/en\\\/\",\"name\":\"Profumix Perfumes\",\"description\":\"\",\"potentialAction\":[{\"@type\":\"SearchAction\",\"target\":{\"@type\":\"EntryPoint\",\"urlTemplate\":\"https:\\\/\\\/profumix.it\\\/en\\\/?s={search_term_string}\"},\"query-input\":{\"@type\":\"PropertyValueSpecification\",\"valueRequired\":true,\"valueName\":\"search_term_string\"}}],\"inLanguage\":\"en-US\"}]}<\/script>\n<!-- \/ Yoast SEO plugin. -->","yoast_head_json":{"title":"CLINIQUE HAPPY 100ML SPRAY EAU DE PARFUM","robots":{"index":"index","follow":"follow","max-snippet":"max-snippet:-1","max-image-preview":"max-image-preview:large","max-video-preview":"max-video-preview:-1"},"canonical":"https:\/\/profumix.it\/en\/prodotto\/clinique-happy-100ml-perfume-spray\/","og_locale":"en_US","og_type":"article","og_title":"CLINIQUE HAPPY 100ML SPRAY EAU DE PARFUM","og_description":"IL PROFUMO DELLA FELICIT\u00c0 E DELLA GIOIA DI VIVERE HAPPY DI CLINIQUE DONNA E 'STATO CREATO NEL 1998 DA JEAN CLAUDE DELVILLE E RODRIGO FLORES-ROUX. E NEL 1998 HA RICEVUTO IL PREMIO FIFI.  GIOVIALE, FRIZZANTE, LUMINOSO, CLINIQUE HAPPY \u00c8 UN BOUQUET FIORITO FRUTTATO CHE TRASCINA, DALLA SENSUALIT\u00c0 SOTTILE. PENSATO PER ESSERE UN RICHIAMO ALLA FELICIT\u00c0, \u00c8 UN DELIZIOSO MELANGE DI EMOZIONI\u2026. L\u2019ESSENZA DELLA FELICIT\u00c0 DA TUTTI I LATI, COME UNA GRANDE RISATA.  UN INIZIO VIBRANTE DI POMPELMO ROSA E ARANCIO PER L\u2019ESUBERANZA. UN CUORE DI FIORI ESOTICI, FIORE DI BOYSENBERRY (VARIET\u00c0 DI MORA), ORCHIDEA ED UN TOCCO DI MELONE PER LA RAFFINATEZZA. IL FONDO UNISCE GIGLIO, MIMOSA, MAGNOLIA,MUSCHIO E NOTE SENSUALI.  LA FRAGRANZA E\u2019 RACCHIUSA DA UN FLACONE OVALE, ELEGANTE E MODERNO, CON UNO SPLENDIDO TAPPO IN METALLO BRILLANTE.","og_url":"https:\/\/profumix.it\/en\/prodotto\/clinique-happy-100ml-perfume-spray\/","og_site_name":"Profumix Perfumes","article_publisher":"https:\/\/www.facebook.com\/profumix","article_modified_time":"2023-12-11T20:50:03+00:00","og_image":[{"width":300,"height":380,"url":"https:\/\/profumix.it\/wp-content\/uploads\/2011\/11\/product_0_1_0175-HAPPY-EDP-100.jpg","type":"image\/jpeg"}],"twitter_card":"summary_large_image","twitter_misc":{"Est. reading time":"1 minute"},"schema":{"@context":"https:\/\/schema.org","@graph":[{"@type":"WebPage","@id":"https:\/\/profumix.it\/en\/prodotto\/clinique-happy-100ml-perfume-spray\/","url":"https:\/\/profumix.it\/en\/prodotto\/clinique-happy-100ml-perfume-spray\/","name":"CLINIQUE HAPPY 100ML SPRAY EAU DE PARFUM","isPartOf":{"@id":"https:\/\/profumix.it\/en\/#website"},"primaryImageOfPage":{"@id":"https:\/\/profumix.it\/en\/prodotto\/clinique-happy-100ml-perfume-spray\/#primaryimage"},"image":{"@id":"https:\/\/profumix.it\/en\/prodotto\/clinique-happy-100ml-perfume-spray\/#primaryimage"},"thumbnailUrl":"https:\/\/profumix.it\/wp-content\/uploads\/2011\/11\/product_0_1_0175-HAPPY-EDP-100.jpg","datePublished":"2011-11-01T13:41:31+00:00","dateModified":"2023-12-11T20:50:03+00:00","breadcrumb":{"@id":"https:\/\/profumix.it\/en\/prodotto\/clinique-happy-100ml-perfume-spray\/#breadcrumb"},"inLanguage":"en-US","potentialAction":[{"@type":"ReadAction","target":["https:\/\/profumix.it\/en\/prodotto\/clinique-happy-100ml-perfume-spray\/"]}]},{"@type":"ImageObject","inLanguage":"en-US","@id":"https:\/\/profumix.it\/en\/prodotto\/clinique-happy-100ml-perfume-spray\/#primaryimage","url":"https:\/\/profumix.it\/wp-content\/uploads\/2011\/11\/product_0_1_0175-HAPPY-EDP-100.jpg","contentUrl":"https:\/\/profumix.it\/wp-content\/uploads\/2011\/11\/product_0_1_0175-HAPPY-EDP-100.jpg","width":300,"height":380,"caption":"CLINIQUE HAPPY 100ML PERFUME SPRAY"},{"@type":"BreadcrumbList","@id":"https:\/\/profumix.it\/en\/prodotto\/clinique-happy-100ml-perfume-spray\/#breadcrumb","itemListElement":[{"@type":"ListItem","position":1,"name":"Home","item":"https:\/\/profumix.it\/en\/home\/"},{"@type":"ListItem","position":2,"name":"Shop","item":"https:\/\/profumix.it\/en\/shop\/"},{"@type":"ListItem","position":3,"name":"CLINIQUE HAPPY 100ML PERFUME SPRAY"}]},{"@type":"WebSite","@id":"https:\/\/profumix.it\/en\/#website","url":"https:\/\/profumix.it\/en\/","name":"Profumix Perfumes","description":"","potentialAction":[{"@type":"SearchAction","target":{"@type":"EntryPoint","urlTemplate":"https:\/\/profumix.it\/en\/?s={search_term_string}"},"query-input":{"@type":"PropertyValueSpecification","valueRequired":true,"valueName":"search_term_string"}}],"inLanguage":"en-US"}]}},"_links":{"self":[{"href":"https:\/\/profumix.it\/en\/wp-json\/wp\/v2\/product\/76174","targetHints":{"allow":["GET"]}}],"collection":[{"href":"https:\/\/profumix.it\/en\/wp-json\/wp\/v2\/product"}],"about":[{"href":"https:\/\/profumix.it\/en\/wp-json\/wp\/v2\/types\/product"}],"replies":[{"embeddable":true,"href":"https:\/\/profumix.it\/en\/wp-json\/wp\/v2\/comments?post=76174"}],"wp:featuredmedia":[{"embeddable":true,"href":"https:\/\/profumix.it\/en\/wp-json\/wp\/v2\/media\/76173"}],"wp:attachment":[{"href":"https:\/\/profumix.it\/en\/wp-json\/wp\/v2\/media?parent=76174"}],"wp:term":[{"taxonomy":"product_brand","embeddable":true,"href":"https:\/\/profumix.it\/en\/wp-json\/wp\/v2\/product_brand?post=76174"},{"taxonomy":"product_cat","embeddable":true,"href":"https:\/\/profumix.it\/en\/wp-json\/wp\/v2\/product_cat?post=76174"},{"taxonomy":"product_tag","embeddable":true,"href":"https:\/\/profumix.it\/en\/wp-json\/wp\/v2\/product_tag?post=76174"}],"curies":[{"name":"wp","href":"https:\/\/api.w.org\/{rel}","templated":true}]}}