{"id":76346,"date":"2011-11-01T14:41:32","date_gmt":"2011-11-01T13:41:32","guid":{"rendered":"https:\/\/profumix.it\/prodotto\/bulgari-omnia-green-jade-65ml-spray-eau-de-toilette\/"},"modified":"2022-10-19T12:08:31","modified_gmt":"2022-10-19T10:08:31","slug":"bulgari-omnia-green-jade-65ml-spray-eau-de-toilette","status":"publish","type":"product","link":"https:\/\/profumix.it\/en\/prodotto\/bulgari-omnia-green-jade-65ml-spray-eau-de-toilette\/","title":{"rendered":"BULGARI BVLGARI OMNIA GREEN JADE 65ML SPRAY EAU DE TOILETTE DISCONTINUED"},"content":{"rendered":"<p>Omnia Green Jade di Bvlgari \u00e8 una fragranza del gruppo Floreale Acquatico da donna. Omnia Green Jade \u00e8 stato lanciato sul mercato nel 2009. Il Naso di questa fragranza \u00e8 Alberto Morillas. <\/p>\n<p>Le note di testa sono Mandarino e Note Verdi;<br \/>\nLe note di cuore sono Peonia, Gelsomino e Fiore di Pero;<br \/>\nLe note di base sono Pistacchio, Note Legnose e Muschio Animale.<\/p>\n","protected":false},"excerpt":{"rendered":"<p>Omnia Green Jade di Bvlgari \u00e8 una fragranza del gruppo Floreale Acquatico da donna. Omnia Green Jade \u00e8 stato lanciato sul mercato nel 2009. Il Naso di questa fragranza \u00e8 Alberto Morillas. <\/p>\n<p>Le note di testa sono Mandarino e Note Verdi;<br \/>\nLe note di cuore sono Peonia, Gelsomino e Fiore di Pero;<br \/>\nLe note di base sono Pistacchio, Note Legnose e Muschio Animale.<\/p>\n","protected":false},"featured_media":76345,"comment_status":"open","ping_status":"closed","template":"","meta":{"_et_pb_use_builder":"","_et_pb_old_content":"","_et_gb_content_width":""},"product_brand":[],"product_cat":[7173,7109,7099,7098,7106],"product_tag":[],"class_list":{"0":"post-76346","1":"product","2":"type-product","3":"status-publish","4":"has-post-thumbnail","6":"product_cat-articoli-fuori-produzione-e-rarita","7":"product_cat-donna","8":"product_cat-offerte-da-non-perdere-default-category","9":"product_cat-default-category","10":"product_cat-profumi-default-category","11":"pa_categoria_desc-profumidonna","12":"pa_confezione_desc-21-scatolaoriginaleblisterata","13":"pa_formato_filtro-65ml","14":"pa_manufacturer-bulgari","15":"pa_spedizione_gratuita-no","16":"pa_tipo_filtro-sprayeaudetoilette","18":"first","19":"outofstock","20":"shipping-taxable","21":"purchasable","22":"product-type-simple"},"yoast_head":"<!-- This site is optimized with the Yoast SEO plugin v27.4 - https:\/\/yoast.com\/product\/yoast-seo-wordpress\/ -->\n<title>BULGARI BVLGARI OMNIA GREEN JADE 65ML SPRAY EAU DE TOILETTE DISCONTINUED<\/title>\n<meta name=\"robots\" content=\"index, follow, max-snippet:-1, max-image-preview:large, max-video-preview:-1\" \/>\n<link rel=\"canonical\" href=\"https:\/\/profumix.it\/en\/prodotto\/bulgari-omnia-green-jade-65ml-spray-eau-de-toilette\/\" \/>\n<meta property=\"og:locale\" content=\"en_US\" \/>\n<meta property=\"og:type\" content=\"article\" \/>\n<meta property=\"og:title\" content=\"BULGARI BVLGARI OMNIA GREEN JADE 65ML SPRAY EAU DE TOILETTE DISCONTINUED\" \/>\n<meta property=\"og:description\" content=\"Omnia Green Jade di Bvlgari \u00e8 una fragranza del gruppo Floreale Acquatico da donna. Omnia Green Jade \u00e8 stato lanciato sul mercato nel 2009. Il Naso di questa fragranza \u00e8 Alberto Morillas.   Le note di testa sono Mandarino e Note Verdi;  Le note di cuore sono Peonia, Gelsomino e Fiore di Pero;  Le note di base sono Pistacchio, Note Legnose e Muschio Animale.\" \/>\n<meta property=\"og:url\" content=\"https:\/\/profumix.it\/en\/prodotto\/bulgari-omnia-green-jade-65ml-spray-eau-de-toilette\/\" \/>\n<meta property=\"og:site_name\" content=\"Profumix Perfumes\" \/>\n<meta property=\"article:publisher\" content=\"https:\/\/www.facebook.com\/profumix\" \/>\n<meta property=\"article:modified_time\" content=\"2022-10-19T10:08:31+00:00\" \/>\n<meta property=\"og:image\" content=\"https:\/\/profumix.it\/wp-content\/uploads\/2011\/11\/product_b_u_bulgari-omnia-green-jade-edt-65ml.jpg\" \/>\n\t<meta property=\"og:image:width\" content=\"1000\" \/>\n\t<meta property=\"og:image:height\" content=\"1000\" \/>\n\t<meta property=\"og:image:type\" content=\"image\/jpeg\" \/>\n<meta name=\"twitter:card\" content=\"summary_large_image\" \/>\n<script type=\"application\/ld+json\" class=\"yoast-schema-graph\">{\"@context\":\"https:\\\/\\\/schema.org\",\"@graph\":[{\"@type\":\"WebPage\",\"@id\":\"https:\\\/\\\/profumix.it\\\/en\\\/prodotto\\\/bulgari-omnia-green-jade-65ml-spray-eau-de-toilette\\\/\",\"url\":\"https:\\\/\\\/profumix.it\\\/en\\\/prodotto\\\/bulgari-omnia-green-jade-65ml-spray-eau-de-toilette\\\/\",\"name\":\"BULGARI BVLGARI OMNIA GREEN JADE 65ML SPRAY EAU DE TOILETTE DISCONTINUED\",\"isPartOf\":{\"@id\":\"https:\\\/\\\/profumix.it\\\/en\\\/#website\"},\"primaryImageOfPage\":{\"@id\":\"https:\\\/\\\/profumix.it\\\/en\\\/prodotto\\\/bulgari-omnia-green-jade-65ml-spray-eau-de-toilette\\\/#primaryimage\"},\"image\":{\"@id\":\"https:\\\/\\\/profumix.it\\\/en\\\/prodotto\\\/bulgari-omnia-green-jade-65ml-spray-eau-de-toilette\\\/#primaryimage\"},\"thumbnailUrl\":\"https:\\\/\\\/profumix.it\\\/wp-content\\\/uploads\\\/2011\\\/11\\\/product_b_u_bulgari-omnia-green-jade-edt-65ml.jpg\",\"datePublished\":\"2011-11-01T13:41:32+00:00\",\"dateModified\":\"2022-10-19T10:08:31+00:00\",\"breadcrumb\":{\"@id\":\"https:\\\/\\\/profumix.it\\\/en\\\/prodotto\\\/bulgari-omnia-green-jade-65ml-spray-eau-de-toilette\\\/#breadcrumb\"},\"inLanguage\":\"en-US\",\"potentialAction\":[{\"@type\":\"ReadAction\",\"target\":[\"https:\\\/\\\/profumix.it\\\/en\\\/prodotto\\\/bulgari-omnia-green-jade-65ml-spray-eau-de-toilette\\\/\"]}]},{\"@type\":\"ImageObject\",\"inLanguage\":\"en-US\",\"@id\":\"https:\\\/\\\/profumix.it\\\/en\\\/prodotto\\\/bulgari-omnia-green-jade-65ml-spray-eau-de-toilette\\\/#primaryimage\",\"url\":\"https:\\\/\\\/profumix.it\\\/wp-content\\\/uploads\\\/2011\\\/11\\\/product_b_u_bulgari-omnia-green-jade-edt-65ml.jpg\",\"contentUrl\":\"https:\\\/\\\/profumix.it\\\/wp-content\\\/uploads\\\/2011\\\/11\\\/product_b_u_bulgari-omnia-green-jade-edt-65ml.jpg\",\"width\":1000,\"height\":1000,\"caption\":\"BULGARI BVLGARI OMNIA GREEN JADE 65ML SPRAY EAU DE TOILETTE DISCONTINUED\"},{\"@type\":\"BreadcrumbList\",\"@id\":\"https:\\\/\\\/profumix.it\\\/en\\\/prodotto\\\/bulgari-omnia-green-jade-65ml-spray-eau-de-toilette\\\/#breadcrumb\",\"itemListElement\":[{\"@type\":\"ListItem\",\"position\":1,\"name\":\"Home\",\"item\":\"https:\\\/\\\/profumix.it\\\/en\\\/home\\\/\"},{\"@type\":\"ListItem\",\"position\":2,\"name\":\"Shop\",\"item\":\"https:\\\/\\\/profumix.it\\\/en\\\/shop\\\/\"},{\"@type\":\"ListItem\",\"position\":3,\"name\":\"BULGARI BVLGARI OMNIA GREEN JADE 65ML SPRAY EAU DE TOILETTE DISCONTINUED\"}]},{\"@type\":\"WebSite\",\"@id\":\"https:\\\/\\\/profumix.it\\\/en\\\/#website\",\"url\":\"https:\\\/\\\/profumix.it\\\/en\\\/\",\"name\":\"Profumix Perfumes\",\"description\":\"\",\"potentialAction\":[{\"@type\":\"SearchAction\",\"target\":{\"@type\":\"EntryPoint\",\"urlTemplate\":\"https:\\\/\\\/profumix.it\\\/en\\\/?s={search_term_string}\"},\"query-input\":{\"@type\":\"PropertyValueSpecification\",\"valueRequired\":true,\"valueName\":\"search_term_string\"}}],\"inLanguage\":\"en-US\"}]}<\/script>\n<!-- \/ Yoast SEO plugin. -->","yoast_head_json":{"title":"BULGARI BVLGARI OMNIA GREEN JADE 65ML SPRAY EAU DE TOILETTE DISCONTINUED","robots":{"index":"index","follow":"follow","max-snippet":"max-snippet:-1","max-image-preview":"max-image-preview:large","max-video-preview":"max-video-preview:-1"},"canonical":"https:\/\/profumix.it\/en\/prodotto\/bulgari-omnia-green-jade-65ml-spray-eau-de-toilette\/","og_locale":"en_US","og_type":"article","og_title":"BULGARI BVLGARI OMNIA GREEN JADE 65ML SPRAY EAU DE TOILETTE DISCONTINUED","og_description":"Omnia Green Jade di Bvlgari \u00e8 una fragranza del gruppo Floreale Acquatico da donna. Omnia Green Jade \u00e8 stato lanciato sul mercato nel 2009. Il Naso di questa fragranza \u00e8 Alberto Morillas.   Le note di testa sono Mandarino e Note Verdi;  Le note di cuore sono Peonia, Gelsomino e Fiore di Pero;  Le note di base sono Pistacchio, Note Legnose e Muschio Animale.","og_url":"https:\/\/profumix.it\/en\/prodotto\/bulgari-omnia-green-jade-65ml-spray-eau-de-toilette\/","og_site_name":"Profumix Perfumes","article_publisher":"https:\/\/www.facebook.com\/profumix","article_modified_time":"2022-10-19T10:08:31+00:00","og_image":[{"width":1000,"height":1000,"url":"https:\/\/profumix.it\/wp-content\/uploads\/2011\/11\/product_b_u_bulgari-omnia-green-jade-edt-65ml.jpg","type":"image\/jpeg"}],"twitter_card":"summary_large_image","schema":{"@context":"https:\/\/schema.org","@graph":[{"@type":"WebPage","@id":"https:\/\/profumix.it\/en\/prodotto\/bulgari-omnia-green-jade-65ml-spray-eau-de-toilette\/","url":"https:\/\/profumix.it\/en\/prodotto\/bulgari-omnia-green-jade-65ml-spray-eau-de-toilette\/","name":"BULGARI BVLGARI OMNIA GREEN JADE 65ML SPRAY EAU DE TOILETTE DISCONTINUED","isPartOf":{"@id":"https:\/\/profumix.it\/en\/#website"},"primaryImageOfPage":{"@id":"https:\/\/profumix.it\/en\/prodotto\/bulgari-omnia-green-jade-65ml-spray-eau-de-toilette\/#primaryimage"},"image":{"@id":"https:\/\/profumix.it\/en\/prodotto\/bulgari-omnia-green-jade-65ml-spray-eau-de-toilette\/#primaryimage"},"thumbnailUrl":"https:\/\/profumix.it\/wp-content\/uploads\/2011\/11\/product_b_u_bulgari-omnia-green-jade-edt-65ml.jpg","datePublished":"2011-11-01T13:41:32+00:00","dateModified":"2022-10-19T10:08:31+00:00","breadcrumb":{"@id":"https:\/\/profumix.it\/en\/prodotto\/bulgari-omnia-green-jade-65ml-spray-eau-de-toilette\/#breadcrumb"},"inLanguage":"en-US","potentialAction":[{"@type":"ReadAction","target":["https:\/\/profumix.it\/en\/prodotto\/bulgari-omnia-green-jade-65ml-spray-eau-de-toilette\/"]}]},{"@type":"ImageObject","inLanguage":"en-US","@id":"https:\/\/profumix.it\/en\/prodotto\/bulgari-omnia-green-jade-65ml-spray-eau-de-toilette\/#primaryimage","url":"https:\/\/profumix.it\/wp-content\/uploads\/2011\/11\/product_b_u_bulgari-omnia-green-jade-edt-65ml.jpg","contentUrl":"https:\/\/profumix.it\/wp-content\/uploads\/2011\/11\/product_b_u_bulgari-omnia-green-jade-edt-65ml.jpg","width":1000,"height":1000,"caption":"BULGARI BVLGARI OMNIA GREEN JADE 65ML SPRAY EAU DE TOILETTE DISCONTINUED"},{"@type":"BreadcrumbList","@id":"https:\/\/profumix.it\/en\/prodotto\/bulgari-omnia-green-jade-65ml-spray-eau-de-toilette\/#breadcrumb","itemListElement":[{"@type":"ListItem","position":1,"name":"Home","item":"https:\/\/profumix.it\/en\/home\/"},{"@type":"ListItem","position":2,"name":"Shop","item":"https:\/\/profumix.it\/en\/shop\/"},{"@type":"ListItem","position":3,"name":"BULGARI BVLGARI OMNIA GREEN JADE 65ML SPRAY EAU DE TOILETTE DISCONTINUED"}]},{"@type":"WebSite","@id":"https:\/\/profumix.it\/en\/#website","url":"https:\/\/profumix.it\/en\/","name":"Profumix Perfumes","description":"","potentialAction":[{"@type":"SearchAction","target":{"@type":"EntryPoint","urlTemplate":"https:\/\/profumix.it\/en\/?s={search_term_string}"},"query-input":{"@type":"PropertyValueSpecification","valueRequired":true,"valueName":"search_term_string"}}],"inLanguage":"en-US"}]}},"_links":{"self":[{"href":"https:\/\/profumix.it\/en\/wp-json\/wp\/v2\/product\/76346","targetHints":{"allow":["GET"]}}],"collection":[{"href":"https:\/\/profumix.it\/en\/wp-json\/wp\/v2\/product"}],"about":[{"href":"https:\/\/profumix.it\/en\/wp-json\/wp\/v2\/types\/product"}],"replies":[{"embeddable":true,"href":"https:\/\/profumix.it\/en\/wp-json\/wp\/v2\/comments?post=76346"}],"wp:featuredmedia":[{"embeddable":true,"href":"https:\/\/profumix.it\/en\/wp-json\/wp\/v2\/media\/76345"}],"wp:attachment":[{"href":"https:\/\/profumix.it\/en\/wp-json\/wp\/v2\/media?parent=76346"}],"wp:term":[{"taxonomy":"product_brand","embeddable":true,"href":"https:\/\/profumix.it\/en\/wp-json\/wp\/v2\/product_brand?post=76346"},{"taxonomy":"product_cat","embeddable":true,"href":"https:\/\/profumix.it\/en\/wp-json\/wp\/v2\/product_cat?post=76346"},{"taxonomy":"product_tag","embeddable":true,"href":"https:\/\/profumix.it\/en\/wp-json\/wp\/v2\/product_tag?post=76346"}],"curies":[{"name":"wp","href":"https:\/\/api.w.org\/{rel}","templated":true}]}}