{"id":76521,"date":"2011-11-01T14:41:32","date_gmt":"2011-11-01T13:41:32","guid":{"rendered":"https:\/\/profumix.it\/prodotto\/l-oreal-mascara-extra-volume-collagene-black-9ml\/"},"modified":"2022-10-17T07:34:31","modified_gmt":"2022-10-17T05:34:31","slug":"l-oreal-mascara-extra-volume-collagene-black-9ml","status":"publish","type":"product","link":"https:\/\/profumix.it\/en\/prodotto\/l-oreal-mascara-extra-volume-collagene-black-9ml\/","title":{"rendered":"L&#8217;OREAL MASCARA EXTRA-VOLUME COLLAGENE BLACK 9ML"},"content":{"rendered":"<p>CARATTERISTICHE DEL PRODOTTO<\/p>\n<p>L\u2019OR\u00c9AL PARIS PRESENTA IL SUO NUOVO MASCARA VOLUMIZZANTE ARRICCHITO CON HYDRA-COLLAGENE PER \u201cRIMPOLPARE\u201d ISTANTANEAMENTE LE CIGLIA E APPORTARE VOLUME IMMEDIATO. IL RISULTATO \u00c8 UNO SGUARDO INTENSO E SOFISTICATO.<\/p>\n<p>TECNOLOGIA<\/p>\n<p>RINOMATO PER LE SUE CAPACIT\u00c0 VOLUMIZZANTI, IL COLLAGENE \u00c8 IN GRADO DI LEGARSI CON LE MOLECOLE DI ACQUA AUMENTANDO IL PROPRIO VOLUME.<br \/>\nLA FORMULA DEL MASCARA EXTRA-VOLUME COLLAGENE \u00c8 ARRICCHITA DI HYDRA-COLLAGENE PER &#8220;RIMPOLPARE&#8221; E DONARE VOLUME ISTANTANEO ALLE CIGLIA.<\/p>\n","protected":false},"excerpt":{"rendered":"<p>CARATTERISTICHE DEL PRODOTTO<\/p>\n<p>L\u2019OR\u00c9AL PARIS PRESENTA IL SUO NUOVO MASCARA VOLUMIZZANTE ARRICCHITO CON HYDRA-COLLAGENE PER \u201cRIMPOLPARE\u201d ISTANTANEAMENTE LE CIGLIA E APPORTARE VOLUME IMMEDIATO. IL RISULTATO \u00c8 UNO SGUARDO INTENSO E SOFISTICATO.<\/p>\n<p>TECNOLOGIA<\/p>\n<p>RINOMATO PER LE SUE CAPACIT\u00c0 VOLUMIZZANTI, IL COLLAGENE \u00c8 IN GRADO DI LEGARSI CON LE MOLECOLE DI ACQUA AUMENTANDO IL PROPRIO VOLUME.<br \/>\nLA FORMULA DEL MASCARA EXTRA-VOLUME COLLAGENE \u00c8 ARRICCHITA DI HYDRA-COLLAGENE PER &#8220;RIMPOLPARE&#8221; E DONARE VOLUME ISTANTANEO ALLE CIGLIA.<\/p>\n","protected":false},"featured_media":76520,"comment_status":"open","ping_status":"closed","template":"","meta":{"_et_pb_use_builder":"","_et_pb_old_content":"","_et_gb_content_width":""},"product_brand":[],"product_cat":[7168],"product_tag":[],"class_list":{"0":"post-76521","1":"product","2":"type-product","3":"status-publish","4":"has-post-thumbnail","6":"product_cat-mascara","7":"pa_confezione_desc-applicatoreoriginalenotester","8":"pa_formato_filtro-9ml","9":"pa_manufacturer-loreal","10":"pa_sconto_desc-6892","11":"pa_spedizione_gratuita-no","13":"first","14":"outofstock","15":"sale","16":"shipping-taxable","17":"purchasable","18":"product-type-simple"},"yoast_head":"<!-- This site is optimized with the Yoast SEO plugin v27.4 - https:\/\/yoast.com\/product\/yoast-seo-wordpress\/ -->\n<title>L&#039;OREAL MASCARA EXTRA-VOLUME COLLAGENE BLACK 9ML<\/title>\n<meta name=\"robots\" content=\"index, follow, max-snippet:-1, max-image-preview:large, max-video-preview:-1\" \/>\n<link rel=\"canonical\" href=\"https:\/\/profumix.it\/en\/prodotto\/l-oreal-mascara-extra-volume-collagene-black-9ml\/\" \/>\n<meta property=\"og:locale\" content=\"en_US\" \/>\n<meta property=\"og:type\" content=\"article\" \/>\n<meta property=\"og:title\" content=\"L&#039;OREAL MASCARA EXTRA-VOLUME COLLAGENE BLACK 9ML\" \/>\n<meta property=\"og:description\" content=\"CARATTERISTICHE DEL PRODOTTO  L\u2019OR\u00c9AL PARIS PRESENTA IL SUO NUOVO MASCARA VOLUMIZZANTE ARRICCHITO CON HYDRA-COLLAGENE PER \u201cRIMPOLPARE\u201d ISTANTANEAMENTE LE CIGLIA E APPORTARE VOLUME IMMEDIATO. IL RISULTATO \u00c8 UNO SGUARDO INTENSO E SOFISTICATO.  TECNOLOGIA  RINOMATO PER LE SUE CAPACIT\u00c0 VOLUMIZZANTI, IL COLLAGENE \u00c8 IN GRADO DI LEGARSI CON LE MOLECOLE DI ACQUA AUMENTANDO IL PROPRIO VOLUME. LA FORMULA DEL MASCARA EXTRA-VOLUME COLLAGENE \u00c8 ARRICCHITA DI HYDRA-COLLAGENE PER &quot;RIMPOLPARE&quot; E DONARE VOLUME ISTANTANEO ALLE CIGLIA.\" \/>\n<meta property=\"og:url\" content=\"https:\/\/profumix.it\/en\/prodotto\/l-oreal-mascara-extra-volume-collagene-black-9ml\/\" \/>\n<meta property=\"og:site_name\" content=\"Profumix Perfumes\" \/>\n<meta property=\"article:publisher\" content=\"https:\/\/www.facebook.com\/profumix\" \/>\n<meta property=\"article:modified_time\" content=\"2022-10-17T05:34:31+00:00\" \/>\n<meta property=\"og:image\" content=\"https:\/\/profumix.it\/wp-content\/uploads\/2011\/11\/product_0_7_0791-extra-volume-collagene.jpg\" \/>\n\t<meta property=\"og:image:width\" content=\"305\" \/>\n\t<meta property=\"og:image:height\" content=\"262\" \/>\n\t<meta property=\"og:image:type\" content=\"image\/jpeg\" \/>\n<meta name=\"twitter:card\" content=\"summary_large_image\" \/>\n<script type=\"application\/ld+json\" class=\"yoast-schema-graph\">{\"@context\":\"https:\\\/\\\/schema.org\",\"@graph\":[{\"@type\":\"WebPage\",\"@id\":\"https:\\\/\\\/profumix.it\\\/en\\\/prodotto\\\/l-oreal-mascara-extra-volume-collagene-black-9ml\\\/\",\"url\":\"https:\\\/\\\/profumix.it\\\/en\\\/prodotto\\\/l-oreal-mascara-extra-volume-collagene-black-9ml\\\/\",\"name\":\"L'OREAL MASCARA EXTRA-VOLUME COLLAGENE BLACK 9ML\",\"isPartOf\":{\"@id\":\"https:\\\/\\\/profumix.it\\\/en\\\/#website\"},\"primaryImageOfPage\":{\"@id\":\"https:\\\/\\\/profumix.it\\\/en\\\/prodotto\\\/l-oreal-mascara-extra-volume-collagene-black-9ml\\\/#primaryimage\"},\"image\":{\"@id\":\"https:\\\/\\\/profumix.it\\\/en\\\/prodotto\\\/l-oreal-mascara-extra-volume-collagene-black-9ml\\\/#primaryimage\"},\"thumbnailUrl\":\"https:\\\/\\\/profumix.it\\\/wp-content\\\/uploads\\\/2011\\\/11\\\/product_0_7_0791-extra-volume-collagene.jpg\",\"datePublished\":\"2011-11-01T13:41:32+00:00\",\"dateModified\":\"2022-10-17T05:34:31+00:00\",\"breadcrumb\":{\"@id\":\"https:\\\/\\\/profumix.it\\\/en\\\/prodotto\\\/l-oreal-mascara-extra-volume-collagene-black-9ml\\\/#breadcrumb\"},\"inLanguage\":\"en-US\",\"potentialAction\":[{\"@type\":\"ReadAction\",\"target\":[\"https:\\\/\\\/profumix.it\\\/en\\\/prodotto\\\/l-oreal-mascara-extra-volume-collagene-black-9ml\\\/\"]}]},{\"@type\":\"ImageObject\",\"inLanguage\":\"en-US\",\"@id\":\"https:\\\/\\\/profumix.it\\\/en\\\/prodotto\\\/l-oreal-mascara-extra-volume-collagene-black-9ml\\\/#primaryimage\",\"url\":\"https:\\\/\\\/profumix.it\\\/wp-content\\\/uploads\\\/2011\\\/11\\\/product_0_7_0791-extra-volume-collagene.jpg\",\"contentUrl\":\"https:\\\/\\\/profumix.it\\\/wp-content\\\/uploads\\\/2011\\\/11\\\/product_0_7_0791-extra-volume-collagene.jpg\",\"width\":305,\"height\":262,\"caption\":\"L'OREAL MASCARA EXTRA-VOLUME COLLAGENE BLACK 9ML-0\"},{\"@type\":\"BreadcrumbList\",\"@id\":\"https:\\\/\\\/profumix.it\\\/en\\\/prodotto\\\/l-oreal-mascara-extra-volume-collagene-black-9ml\\\/#breadcrumb\",\"itemListElement\":[{\"@type\":\"ListItem\",\"position\":1,\"name\":\"Home\",\"item\":\"https:\\\/\\\/profumix.it\\\/en\\\/home\\\/\"},{\"@type\":\"ListItem\",\"position\":2,\"name\":\"Shop\",\"item\":\"https:\\\/\\\/profumix.it\\\/en\\\/shop\\\/\"},{\"@type\":\"ListItem\",\"position\":3,\"name\":\"L&#8217;OREAL MASCARA EXTRA-VOLUME COLLAGENE BLACK 9ML\"}]},{\"@type\":\"WebSite\",\"@id\":\"https:\\\/\\\/profumix.it\\\/en\\\/#website\",\"url\":\"https:\\\/\\\/profumix.it\\\/en\\\/\",\"name\":\"Profumix Perfumes\",\"description\":\"\",\"potentialAction\":[{\"@type\":\"SearchAction\",\"target\":{\"@type\":\"EntryPoint\",\"urlTemplate\":\"https:\\\/\\\/profumix.it\\\/en\\\/?s={search_term_string}\"},\"query-input\":{\"@type\":\"PropertyValueSpecification\",\"valueRequired\":true,\"valueName\":\"search_term_string\"}}],\"inLanguage\":\"en-US\"}]}<\/script>\n<!-- \/ Yoast SEO plugin. -->","yoast_head_json":{"title":"L'OREAL MASCARA EXTRA-VOLUME COLLAGENE BLACK 9ML","robots":{"index":"index","follow":"follow","max-snippet":"max-snippet:-1","max-image-preview":"max-image-preview:large","max-video-preview":"max-video-preview:-1"},"canonical":"https:\/\/profumix.it\/en\/prodotto\/l-oreal-mascara-extra-volume-collagene-black-9ml\/","og_locale":"en_US","og_type":"article","og_title":"L'OREAL MASCARA EXTRA-VOLUME COLLAGENE BLACK 9ML","og_description":"CARATTERISTICHE DEL PRODOTTO  L\u2019OR\u00c9AL PARIS PRESENTA IL SUO NUOVO MASCARA VOLUMIZZANTE ARRICCHITO CON HYDRA-COLLAGENE PER \u201cRIMPOLPARE\u201d ISTANTANEAMENTE LE CIGLIA E APPORTARE VOLUME IMMEDIATO. IL RISULTATO \u00c8 UNO SGUARDO INTENSO E SOFISTICATO.  TECNOLOGIA  RINOMATO PER LE SUE CAPACIT\u00c0 VOLUMIZZANTI, IL COLLAGENE \u00c8 IN GRADO DI LEGARSI CON LE MOLECOLE DI ACQUA AUMENTANDO IL PROPRIO VOLUME. LA FORMULA DEL MASCARA EXTRA-VOLUME COLLAGENE \u00c8 ARRICCHITA DI HYDRA-COLLAGENE PER \"RIMPOLPARE\" E DONARE VOLUME ISTANTANEO ALLE CIGLIA.","og_url":"https:\/\/profumix.it\/en\/prodotto\/l-oreal-mascara-extra-volume-collagene-black-9ml\/","og_site_name":"Profumix Perfumes","article_publisher":"https:\/\/www.facebook.com\/profumix","article_modified_time":"2022-10-17T05:34:31+00:00","og_image":[{"width":305,"height":262,"url":"https:\/\/profumix.it\/wp-content\/uploads\/2011\/11\/product_0_7_0791-extra-volume-collagene.jpg","type":"image\/jpeg"}],"twitter_card":"summary_large_image","schema":{"@context":"https:\/\/schema.org","@graph":[{"@type":"WebPage","@id":"https:\/\/profumix.it\/en\/prodotto\/l-oreal-mascara-extra-volume-collagene-black-9ml\/","url":"https:\/\/profumix.it\/en\/prodotto\/l-oreal-mascara-extra-volume-collagene-black-9ml\/","name":"L'OREAL MASCARA EXTRA-VOLUME COLLAGENE BLACK 9ML","isPartOf":{"@id":"https:\/\/profumix.it\/en\/#website"},"primaryImageOfPage":{"@id":"https:\/\/profumix.it\/en\/prodotto\/l-oreal-mascara-extra-volume-collagene-black-9ml\/#primaryimage"},"image":{"@id":"https:\/\/profumix.it\/en\/prodotto\/l-oreal-mascara-extra-volume-collagene-black-9ml\/#primaryimage"},"thumbnailUrl":"https:\/\/profumix.it\/wp-content\/uploads\/2011\/11\/product_0_7_0791-extra-volume-collagene.jpg","datePublished":"2011-11-01T13:41:32+00:00","dateModified":"2022-10-17T05:34:31+00:00","breadcrumb":{"@id":"https:\/\/profumix.it\/en\/prodotto\/l-oreal-mascara-extra-volume-collagene-black-9ml\/#breadcrumb"},"inLanguage":"en-US","potentialAction":[{"@type":"ReadAction","target":["https:\/\/profumix.it\/en\/prodotto\/l-oreal-mascara-extra-volume-collagene-black-9ml\/"]}]},{"@type":"ImageObject","inLanguage":"en-US","@id":"https:\/\/profumix.it\/en\/prodotto\/l-oreal-mascara-extra-volume-collagene-black-9ml\/#primaryimage","url":"https:\/\/profumix.it\/wp-content\/uploads\/2011\/11\/product_0_7_0791-extra-volume-collagene.jpg","contentUrl":"https:\/\/profumix.it\/wp-content\/uploads\/2011\/11\/product_0_7_0791-extra-volume-collagene.jpg","width":305,"height":262,"caption":"L'OREAL MASCARA EXTRA-VOLUME COLLAGENE BLACK 9ML-0"},{"@type":"BreadcrumbList","@id":"https:\/\/profumix.it\/en\/prodotto\/l-oreal-mascara-extra-volume-collagene-black-9ml\/#breadcrumb","itemListElement":[{"@type":"ListItem","position":1,"name":"Home","item":"https:\/\/profumix.it\/en\/home\/"},{"@type":"ListItem","position":2,"name":"Shop","item":"https:\/\/profumix.it\/en\/shop\/"},{"@type":"ListItem","position":3,"name":"L&#8217;OREAL MASCARA EXTRA-VOLUME COLLAGENE BLACK 9ML"}]},{"@type":"WebSite","@id":"https:\/\/profumix.it\/en\/#website","url":"https:\/\/profumix.it\/en\/","name":"Profumix Perfumes","description":"","potentialAction":[{"@type":"SearchAction","target":{"@type":"EntryPoint","urlTemplate":"https:\/\/profumix.it\/en\/?s={search_term_string}"},"query-input":{"@type":"PropertyValueSpecification","valueRequired":true,"valueName":"search_term_string"}}],"inLanguage":"en-US"}]}},"_links":{"self":[{"href":"https:\/\/profumix.it\/en\/wp-json\/wp\/v2\/product\/76521","targetHints":{"allow":["GET"]}}],"collection":[{"href":"https:\/\/profumix.it\/en\/wp-json\/wp\/v2\/product"}],"about":[{"href":"https:\/\/profumix.it\/en\/wp-json\/wp\/v2\/types\/product"}],"replies":[{"embeddable":true,"href":"https:\/\/profumix.it\/en\/wp-json\/wp\/v2\/comments?post=76521"}],"wp:featuredmedia":[{"embeddable":true,"href":"https:\/\/profumix.it\/en\/wp-json\/wp\/v2\/media\/76520"}],"wp:attachment":[{"href":"https:\/\/profumix.it\/en\/wp-json\/wp\/v2\/media?parent=76521"}],"wp:term":[{"taxonomy":"product_brand","embeddable":true,"href":"https:\/\/profumix.it\/en\/wp-json\/wp\/v2\/product_brand?post=76521"},{"taxonomy":"product_cat","embeddable":true,"href":"https:\/\/profumix.it\/en\/wp-json\/wp\/v2\/product_cat?post=76521"},{"taxonomy":"product_tag","embeddable":true,"href":"https:\/\/profumix.it\/en\/wp-json\/wp\/v2\/product_tag?post=76521"}],"curies":[{"name":"wp","href":"https:\/\/api.w.org\/{rel}","templated":true}]}}