{"id":76561,"date":"2011-11-01T14:41:32","date_gmt":"2011-11-01T13:41:32","guid":{"rendered":"https:\/\/profumix.it\/prodotto\/l-oreal-serie-expert-shampoo-intense-repair-500ml\/"},"modified":"2022-10-17T07:34:33","modified_gmt":"2022-10-17T05:34:33","slug":"l-oreal-serie-expert-shampoo-intense-repair-500ml","status":"publish","type":"product","link":"https:\/\/profumix.it\/en\/prodotto\/l-oreal-serie-expert-shampoo-intense-repair-500ml\/","title":{"rendered":"L&#8217;OREAL SERIE EXPERT SHAMPOO INTENSE REPAIR 500ML"},"content":{"rendered":"<p>SHAMPOO NUTRIENTE PER CAPELLI SECCHI<br \/>\nNUTRE E LISCIA I CAPELLI SECCHI APPORTANDO UN NUTRIMENTO MIRATO ALLA PARTI SENSIBILIZZATE. DISCIPLINA LE LUNGHEZZE E LE PUNTE SENSIBILIZZATE. <\/p>\n<p>RISULTATO:<\/p>\n<p>&#8211;      UNA MATERIA CAPELLO FACILE DA DISTRICARE, MORBIDA E LUCENTE. <\/p>\n<p>&#8211;      UNA FIBRA CAPILLARE ELASTICA, FLUIDA E FACILE DA ACCONCIARE.<\/p>\n<p>&#8211;      LA CUTICOLA VIENE LISCIATA, LE LUNGHEZZE E LE PUNTE SONO TRATTATE. <\/p>\n<p>&#8211;      I CAPELLI VENGONO NUTRITI NEI PUNTI IN CUI NE HANNO PI\u00d9 BISOGNO.<\/p>\n<p>TECNOLOGIA:<\/p>\n<p>&#8211;      CUTI LISS SYSTEM PER CONSOLIDARE E LISCIARE LA CUTICOLA.<\/p>\n<p>&#8211;      CERAMIDE BREVETTATO PER RICREARE LA MATERIA INTERNA DEL CAPELLO, LISCIARE LA CUTICOLA E RINFORZARE LA FIBRA CAPILLARE PER RENDERLA PI\u00d9 RESISTENTE NEI CONFRONTI DELLE AGGRESSIONI ESTERNE.HA LA CAPACIT\u00c0 DI MIRARE LA SUA AZIONE L\u00c0 DOVE LA FIBRA NE HA REALMENTE BISOGNO.<\/p>\n<p>&#8211;      PROTEINA ATTIVATA PER LISCIARE LA FIBRA CAPILLARE.<\/p>\n<p>&#8211;      AMINOACIDI PER RESTITUIRE ALLA FIBRA CAPILLARE GLI ELEMENTI PROTEICI PERDUTI NEL CORSO DI AGGRESSIONI ESTERNE CHIMICHE E MACCANICHE, E MIGLIORARE COS\u00cc LO STATO SUPERFICIALE E LE SUE QUALIT\u00c0 COSMETICHE.<\/p>\n<p>&#8211;      VITAMINE B6 PER LA VITALIT\u00c0 DELLA FIBRA CAPILLARE.<\/p>\n<p>PROFUMAZIONE:<\/p>\n<p>&#8211;      NOTA FRUTTATA ACQUATICA: ANGURIA, MELONE, BANANA VERDE<\/p>\n<p>ISTRUZIONI PER L&#8217;USO:<\/p>\n<p>&#8211;      DISTRIBUITE BENE SUI CAPELLI UMIDI ED EMULSIONATE.<\/p>\n<p>               RISCIACQUATE ACCURATAMENTE.<\/p>\n","protected":false},"excerpt":{"rendered":"<p>SHAMPOO NUTRIENTE PER CAPELLI SECCHI<br \/>\nNUTRE E LISCIA I CAPELLI SECCHI APPORTANDO UN NUTRIMENTO MIRATO ALLA PARTI SENSIBILIZZATE. DISCIPLINA LE LUNGHEZZE E LE PUNTE SENSIBILIZZATE. <\/p>\n<p>RISULTATO:<\/p>\n<p>&#8211;      UNA MATERIA CAPELLO FACILE DA DISTRICARE, MORBIDA E LUCENTE. <\/p>\n<p>&#8211;      UNA FIBRA CAPILLARE ELASTICA, FLUIDA E FACILE DA ACCONCIARE.<\/p>\n<p>&#8211;      LA CUTICOLA VIENE LISCIATA, LE LUNGHEZZE E LE PUNTE SONO TRATTATE. <\/p>\n<p>&#8211;      I CAPELLI VENGONO NUTRITI NEI PUNTI IN CUI NE HANNO PI\u00d9 BISOGNO.<\/p>\n<p>TECNOLOGIA:<\/p>\n<p>&#8211;      CUTI LISS SYSTEM PER CONSOLIDARE E LISCIARE LA CUTICOLA.<\/p>\n<p>&#8211;      CERAMIDE BREVETTATO PER RICREARE LA MATERIA INTERNA DEL CAPELLO, LISCIARE LA CUTICOLA E RINFORZARE LA FIBRA CAPILLARE PER RENDERLA PI\u00d9 RESISTENTE NEI CONFRONTI DELLE AGGRESSIONI ESTERNE.HA LA CAPACIT\u00c0 DI MIRARE LA SUA AZIONE L\u00c0 DOVE LA FIBRA NE HA REALMENTE BISOGNO.<\/p>\n<p>&#8211;      PROTEINA ATTIVATA PER LISCIARE LA FIBRA CAPILLARE.<\/p>\n<p>&#8211;      AMINOACIDI PER RESTITUIRE ALLA FIBRA CAPILLARE GLI ELEMENTI PROTEICI PERDUTI NEL CORSO DI AGGRESSIONI ESTERNE CHIMICHE E MACCANICHE, E MIGLIORARE COS\u00cc LO STATO SUPERFICIALE E LE SUE QUALIT\u00c0 COSMETICHE.<\/p>\n<p>&#8211;      VITAMINE B6 PER LA VITALIT\u00c0 DELLA FIBRA CAPILLARE.<\/p>\n<p>PROFUMAZIONE:<\/p>\n<p>&#8211;      NOTA FRUTTATA ACQUATICA: ANGURIA, MELONE, BANANA VERDE<\/p>\n<p>ISTRUZIONI PER L&#8217;USO:<\/p>\n<p>&#8211;      DISTRIBUITE BENE SUI CAPELLI UMIDI ED EMULSIONATE.<\/p>\n<p>               RISCIACQUATE ACCURATAMENTE.<\/p>\n","protected":false},"featured_media":76560,"comment_status":"open","ping_status":"closed","template":"","meta":{"_et_pb_use_builder":"","_et_pb_old_content":"","_et_gb_content_width":""},"product_brand":[],"product_cat":[7125],"product_tag":[],"class_list":{"0":"post-76561","1":"product","2":"type-product","3":"status-publish","4":"has-post-thumbnail","6":"product_cat-shampoo","7":"pa_confezione_desc-flaconeoriginalenotester","8":"pa_formato_filtro-500ml","9":"pa_manufacturer-loreal","10":"pa_spedizione_gratuita-no","12":"first","13":"outofstock","14":"shipping-taxable","15":"purchasable","16":"product-type-simple"},"yoast_head":"<!-- This site is optimized with the Yoast SEO plugin v27.4 - https:\/\/yoast.com\/product\/yoast-seo-wordpress\/ -->\n<title>L&#039;OREAL SERIE EXPERT SHAMPOO INTENSE REPAIR 500ML<\/title>\n<meta name=\"robots\" content=\"index, follow, max-snippet:-1, max-image-preview:large, max-video-preview:-1\" \/>\n<link rel=\"canonical\" href=\"https:\/\/profumix.it\/en\/prodotto\/l-oreal-serie-expert-shampoo-intense-repair-500ml\/\" \/>\n<meta property=\"og:locale\" content=\"en_US\" \/>\n<meta property=\"og:type\" content=\"article\" \/>\n<meta property=\"og:title\" content=\"L&#039;OREAL SERIE EXPERT SHAMPOO INTENSE REPAIR 500ML\" \/>\n<meta property=\"og:description\" content=\"SHAMPOO NUTRIENTE PER CAPELLI SECCHI NUTRE E LISCIA I CAPELLI SECCHI APPORTANDO UN NUTRIMENTO MIRATO ALLA PARTI SENSIBILIZZATE. DISCIPLINA LE LUNGHEZZE E LE PUNTE SENSIBILIZZATE.    RISULTATO:   -   UNA MATERIA CAPELLO FACILE DA DISTRICARE, MORBIDA E LUCENTE.   -   UNA FIBRA CAPILLARE ELASTICA, FLUIDA E FACILE DA ACCONCIARE.  -   LA CUTICOLA VIENE LISCIATA, LE LUNGHEZZE E LE PUNTE SONO TRATTATE.   -   I CAPELLI VENGONO NUTRITI NEI PUNTI IN CUI NE HANNO PI\u00d9 BISOGNO.  TECNOLOGIA:  -   CUTI LISS SYSTEM PER CONSOLIDARE E LISCIARE LA CUTICOLA.  -   CERAMIDE BREVETTATO PER RICREARE LA MATERIA INTERNA DEL CAPELLO, LISCIARE LA CUTICOLA E RINFORZARE LA FIBRA CAPILLARE PER RENDERLA PI\u00d9 RESISTENTE NEI CONFRONTI DELLE AGGRESSIONI ESTERNE.HA LA CAPACIT\u00c0 DI MIRARE LA SUA AZIONE L\u00c0 DOVE LA FIBRA NE HA REALMENTE BISOGNO.  -   PROTEINA ATTIVATA PER LISCIARE LA FIBRA CAPILLARE.  -   AMINOACIDI PER RESTITUIRE ALLA FIBRA CAPILLARE GLI ELEMENTI PROTEICI PERDUTI NEL CORSO DI AGGRESSIONI ESTERNE CHIMICHE E MACCANICHE, E MIGLIORARE COS\u00cc LO STATO SUPERFICIALE E LE SUE QUALIT\u00c0 COSMETICHE.  -   VITAMINE B6 PER LA VITALIT\u00c0 DELLA FIBRA CAPILLARE.  PROFUMAZIONE:  -   NOTA FRUTTATA ACQUATICA: ANGURIA, MELONE, BANANA VERDE  ISTRUZIONI PER L&#039;USO:  -   DISTRIBUITE BENE SUI CAPELLI UMIDI ED EMULSIONATE.          RISCIACQUATE ACCURATAMENTE.\" \/>\n<meta property=\"og:url\" content=\"https:\/\/profumix.it\/en\/prodotto\/l-oreal-serie-expert-shampoo-intense-repair-500ml\/\" \/>\n<meta property=\"og:site_name\" content=\"Profumix Perfumes\" \/>\n<meta property=\"article:publisher\" content=\"https:\/\/www.facebook.com\/profumix\" \/>\n<meta property=\"article:modified_time\" content=\"2022-10-17T05:34:33+00:00\" \/>\n<meta property=\"og:image\" content=\"https:\/\/profumix.it\/wp-content\/uploads\/2011\/11\/product_0_8_0812-SHAMPOO-INTENSE-REPAIR.jpg\" \/>\n\t<meta property=\"og:image:width\" content=\"320\" \/>\n\t<meta property=\"og:image:height\" content=\"320\" \/>\n\t<meta property=\"og:image:type\" content=\"image\/jpeg\" \/>\n<meta name=\"twitter:card\" content=\"summary_large_image\" \/>\n<meta name=\"twitter:label1\" content=\"Est. reading time\" \/>\n\t<meta name=\"twitter:data1\" content=\"1 minute\" \/>\n<script type=\"application\/ld+json\" class=\"yoast-schema-graph\">{\"@context\":\"https:\\\/\\\/schema.org\",\"@graph\":[{\"@type\":\"WebPage\",\"@id\":\"https:\\\/\\\/profumix.it\\\/en\\\/prodotto\\\/l-oreal-serie-expert-shampoo-intense-repair-500ml\\\/\",\"url\":\"https:\\\/\\\/profumix.it\\\/en\\\/prodotto\\\/l-oreal-serie-expert-shampoo-intense-repair-500ml\\\/\",\"name\":\"L'OREAL SERIE EXPERT SHAMPOO INTENSE REPAIR 500ML\",\"isPartOf\":{\"@id\":\"https:\\\/\\\/profumix.it\\\/en\\\/#website\"},\"primaryImageOfPage\":{\"@id\":\"https:\\\/\\\/profumix.it\\\/en\\\/prodotto\\\/l-oreal-serie-expert-shampoo-intense-repair-500ml\\\/#primaryimage\"},\"image\":{\"@id\":\"https:\\\/\\\/profumix.it\\\/en\\\/prodotto\\\/l-oreal-serie-expert-shampoo-intense-repair-500ml\\\/#primaryimage\"},\"thumbnailUrl\":\"https:\\\/\\\/profumix.it\\\/wp-content\\\/uploads\\\/2011\\\/11\\\/product_0_8_0812-SHAMPOO-INTENSE-REPAIR.jpg\",\"datePublished\":\"2011-11-01T13:41:32+00:00\",\"dateModified\":\"2022-10-17T05:34:33+00:00\",\"breadcrumb\":{\"@id\":\"https:\\\/\\\/profumix.it\\\/en\\\/prodotto\\\/l-oreal-serie-expert-shampoo-intense-repair-500ml\\\/#breadcrumb\"},\"inLanguage\":\"en-US\",\"potentialAction\":[{\"@type\":\"ReadAction\",\"target\":[\"https:\\\/\\\/profumix.it\\\/en\\\/prodotto\\\/l-oreal-serie-expert-shampoo-intense-repair-500ml\\\/\"]}]},{\"@type\":\"ImageObject\",\"inLanguage\":\"en-US\",\"@id\":\"https:\\\/\\\/profumix.it\\\/en\\\/prodotto\\\/l-oreal-serie-expert-shampoo-intense-repair-500ml\\\/#primaryimage\",\"url\":\"https:\\\/\\\/profumix.it\\\/wp-content\\\/uploads\\\/2011\\\/11\\\/product_0_8_0812-SHAMPOO-INTENSE-REPAIR.jpg\",\"contentUrl\":\"https:\\\/\\\/profumix.it\\\/wp-content\\\/uploads\\\/2011\\\/11\\\/product_0_8_0812-SHAMPOO-INTENSE-REPAIR.jpg\",\"width\":320,\"height\":320,\"caption\":\"L'OREAL SERIE EXPERT SHAMPOO INTENSE REPAIR 500ML-0\"},{\"@type\":\"BreadcrumbList\",\"@id\":\"https:\\\/\\\/profumix.it\\\/en\\\/prodotto\\\/l-oreal-serie-expert-shampoo-intense-repair-500ml\\\/#breadcrumb\",\"itemListElement\":[{\"@type\":\"ListItem\",\"position\":1,\"name\":\"Home\",\"item\":\"https:\\\/\\\/profumix.it\\\/en\\\/home\\\/\"},{\"@type\":\"ListItem\",\"position\":2,\"name\":\"Shop\",\"item\":\"https:\\\/\\\/profumix.it\\\/en\\\/shop\\\/\"},{\"@type\":\"ListItem\",\"position\":3,\"name\":\"L&#8217;OREAL SERIE EXPERT SHAMPOO INTENSE REPAIR 500ML\"}]},{\"@type\":\"WebSite\",\"@id\":\"https:\\\/\\\/profumix.it\\\/en\\\/#website\",\"url\":\"https:\\\/\\\/profumix.it\\\/en\\\/\",\"name\":\"Profumix Perfumes\",\"description\":\"\",\"potentialAction\":[{\"@type\":\"SearchAction\",\"target\":{\"@type\":\"EntryPoint\",\"urlTemplate\":\"https:\\\/\\\/profumix.it\\\/en\\\/?s={search_term_string}\"},\"query-input\":{\"@type\":\"PropertyValueSpecification\",\"valueRequired\":true,\"valueName\":\"search_term_string\"}}],\"inLanguage\":\"en-US\"}]}<\/script>\n<!-- \/ Yoast SEO plugin. -->","yoast_head_json":{"title":"L'OREAL SERIE EXPERT SHAMPOO INTENSE REPAIR 500ML","robots":{"index":"index","follow":"follow","max-snippet":"max-snippet:-1","max-image-preview":"max-image-preview:large","max-video-preview":"max-video-preview:-1"},"canonical":"https:\/\/profumix.it\/en\/prodotto\/l-oreal-serie-expert-shampoo-intense-repair-500ml\/","og_locale":"en_US","og_type":"article","og_title":"L'OREAL SERIE EXPERT SHAMPOO INTENSE REPAIR 500ML","og_description":"SHAMPOO NUTRIENTE PER CAPELLI SECCHI NUTRE E LISCIA I CAPELLI SECCHI APPORTANDO UN NUTRIMENTO MIRATO ALLA PARTI SENSIBILIZZATE. DISCIPLINA LE LUNGHEZZE E LE PUNTE SENSIBILIZZATE.    RISULTATO:   -   UNA MATERIA CAPELLO FACILE DA DISTRICARE, MORBIDA E LUCENTE.   -   UNA FIBRA CAPILLARE ELASTICA, FLUIDA E FACILE DA ACCONCIARE.  -   LA CUTICOLA VIENE LISCIATA, LE LUNGHEZZE E LE PUNTE SONO TRATTATE.   -   I CAPELLI VENGONO NUTRITI NEI PUNTI IN CUI NE HANNO PI\u00d9 BISOGNO.  TECNOLOGIA:  -   CUTI LISS SYSTEM PER CONSOLIDARE E LISCIARE LA CUTICOLA.  -   CERAMIDE BREVETTATO PER RICREARE LA MATERIA INTERNA DEL CAPELLO, LISCIARE LA CUTICOLA E RINFORZARE LA FIBRA CAPILLARE PER RENDERLA PI\u00d9 RESISTENTE NEI CONFRONTI DELLE AGGRESSIONI ESTERNE.HA LA CAPACIT\u00c0 DI MIRARE LA SUA AZIONE L\u00c0 DOVE LA FIBRA NE HA REALMENTE BISOGNO.  -   PROTEINA ATTIVATA PER LISCIARE LA FIBRA CAPILLARE.  -   AMINOACIDI PER RESTITUIRE ALLA FIBRA CAPILLARE GLI ELEMENTI PROTEICI PERDUTI NEL CORSO DI AGGRESSIONI ESTERNE CHIMICHE E MACCANICHE, E MIGLIORARE COS\u00cc LO STATO SUPERFICIALE E LE SUE QUALIT\u00c0 COSMETICHE.  -   VITAMINE B6 PER LA VITALIT\u00c0 DELLA FIBRA CAPILLARE.  PROFUMAZIONE:  -   NOTA FRUTTATA ACQUATICA: ANGURIA, MELONE, BANANA VERDE  ISTRUZIONI PER L'USO:  -   DISTRIBUITE BENE SUI CAPELLI UMIDI ED EMULSIONATE.          RISCIACQUATE ACCURATAMENTE.","og_url":"https:\/\/profumix.it\/en\/prodotto\/l-oreal-serie-expert-shampoo-intense-repair-500ml\/","og_site_name":"Profumix Perfumes","article_publisher":"https:\/\/www.facebook.com\/profumix","article_modified_time":"2022-10-17T05:34:33+00:00","og_image":[{"width":320,"height":320,"url":"https:\/\/profumix.it\/wp-content\/uploads\/2011\/11\/product_0_8_0812-SHAMPOO-INTENSE-REPAIR.jpg","type":"image\/jpeg"}],"twitter_card":"summary_large_image","twitter_misc":{"Est. reading time":"1 minute"},"schema":{"@context":"https:\/\/schema.org","@graph":[{"@type":"WebPage","@id":"https:\/\/profumix.it\/en\/prodotto\/l-oreal-serie-expert-shampoo-intense-repair-500ml\/","url":"https:\/\/profumix.it\/en\/prodotto\/l-oreal-serie-expert-shampoo-intense-repair-500ml\/","name":"L'OREAL SERIE EXPERT SHAMPOO INTENSE REPAIR 500ML","isPartOf":{"@id":"https:\/\/profumix.it\/en\/#website"},"primaryImageOfPage":{"@id":"https:\/\/profumix.it\/en\/prodotto\/l-oreal-serie-expert-shampoo-intense-repair-500ml\/#primaryimage"},"image":{"@id":"https:\/\/profumix.it\/en\/prodotto\/l-oreal-serie-expert-shampoo-intense-repair-500ml\/#primaryimage"},"thumbnailUrl":"https:\/\/profumix.it\/wp-content\/uploads\/2011\/11\/product_0_8_0812-SHAMPOO-INTENSE-REPAIR.jpg","datePublished":"2011-11-01T13:41:32+00:00","dateModified":"2022-10-17T05:34:33+00:00","breadcrumb":{"@id":"https:\/\/profumix.it\/en\/prodotto\/l-oreal-serie-expert-shampoo-intense-repair-500ml\/#breadcrumb"},"inLanguage":"en-US","potentialAction":[{"@type":"ReadAction","target":["https:\/\/profumix.it\/en\/prodotto\/l-oreal-serie-expert-shampoo-intense-repair-500ml\/"]}]},{"@type":"ImageObject","inLanguage":"en-US","@id":"https:\/\/profumix.it\/en\/prodotto\/l-oreal-serie-expert-shampoo-intense-repair-500ml\/#primaryimage","url":"https:\/\/profumix.it\/wp-content\/uploads\/2011\/11\/product_0_8_0812-SHAMPOO-INTENSE-REPAIR.jpg","contentUrl":"https:\/\/profumix.it\/wp-content\/uploads\/2011\/11\/product_0_8_0812-SHAMPOO-INTENSE-REPAIR.jpg","width":320,"height":320,"caption":"L'OREAL SERIE EXPERT SHAMPOO INTENSE REPAIR 500ML-0"},{"@type":"BreadcrumbList","@id":"https:\/\/profumix.it\/en\/prodotto\/l-oreal-serie-expert-shampoo-intense-repair-500ml\/#breadcrumb","itemListElement":[{"@type":"ListItem","position":1,"name":"Home","item":"https:\/\/profumix.it\/en\/home\/"},{"@type":"ListItem","position":2,"name":"Shop","item":"https:\/\/profumix.it\/en\/shop\/"},{"@type":"ListItem","position":3,"name":"L&#8217;OREAL SERIE EXPERT SHAMPOO INTENSE REPAIR 500ML"}]},{"@type":"WebSite","@id":"https:\/\/profumix.it\/en\/#website","url":"https:\/\/profumix.it\/en\/","name":"Profumix Perfumes","description":"","potentialAction":[{"@type":"SearchAction","target":{"@type":"EntryPoint","urlTemplate":"https:\/\/profumix.it\/en\/?s={search_term_string}"},"query-input":{"@type":"PropertyValueSpecification","valueRequired":true,"valueName":"search_term_string"}}],"inLanguage":"en-US"}]}},"_links":{"self":[{"href":"https:\/\/profumix.it\/en\/wp-json\/wp\/v2\/product\/76561","targetHints":{"allow":["GET"]}}],"collection":[{"href":"https:\/\/profumix.it\/en\/wp-json\/wp\/v2\/product"}],"about":[{"href":"https:\/\/profumix.it\/en\/wp-json\/wp\/v2\/types\/product"}],"replies":[{"embeddable":true,"href":"https:\/\/profumix.it\/en\/wp-json\/wp\/v2\/comments?post=76561"}],"wp:featuredmedia":[{"embeddable":true,"href":"https:\/\/profumix.it\/en\/wp-json\/wp\/v2\/media\/76560"}],"wp:attachment":[{"href":"https:\/\/profumix.it\/en\/wp-json\/wp\/v2\/media?parent=76561"}],"wp:term":[{"taxonomy":"product_brand","embeddable":true,"href":"https:\/\/profumix.it\/en\/wp-json\/wp\/v2\/product_brand?post=76561"},{"taxonomy":"product_cat","embeddable":true,"href":"https:\/\/profumix.it\/en\/wp-json\/wp\/v2\/product_cat?post=76561"},{"taxonomy":"product_tag","embeddable":true,"href":"https:\/\/profumix.it\/en\/wp-json\/wp\/v2\/product_tag?post=76561"}],"curies":[{"name":"wp","href":"https:\/\/api.w.org\/{rel}","templated":true}]}}