{"id":76736,"date":"2012-02-18T11:01:25","date_gmt":"2012-02-18T10:01:25","guid":{"rendered":"https:\/\/profumix.it\/prodotto\/calvin-klein-ck-one-75ml-deodorante-stick\/"},"modified":"2022-11-18T12:24:55","modified_gmt":"2022-11-18T11:24:55","slug":"calvin-klein-ck-one-75ml-deodorante-stick","status":"publish","type":"product","link":"https:\/\/profumix.it\/en\/prodotto\/calvin-klein-ck-one-75ml-deodorante-stick\/","title":{"rendered":"CALVIN KLEIN CK ONE 75ML DEODORANTE STICK"},"content":{"rendered":"<p>CK ONE DI CALVIN KLEIN \u00c8 UN PROFUMO AGRUMATO UNISEX. CK ONE \u00c8 STATO LANCIATO NEL 1994 ED \u00c8 STATO CREATO DA ALBERTO MORILLAS E HARRY FREMONT. NOTE DI TESTA SONO ANANAS, NOTE VERDI, MANDARINO, PAPAIA, BERGAMOTTO, CARDAMOMO E LIMONE; NOTE CENTRALI SONO LA NOCE MOSCATA, VIOLA,RADICE DI GIAGGIOLO, GELSOMINO, GIGLIO DI VALLE E ROSA, NOTE DI FONDO SONO LEGNO DI SANDALO, AMBRA, MUSCHIO, CEDRO E MUSCHIO DI QUERCIA.<\/p>\n","protected":false},"excerpt":{"rendered":"<p>CK ONE DI CALVIN KLEIN \u00c8 UN PROFUMO AGRUMATO UNISEX. CK ONE \u00c8 STATO LANCIATO NEL 1994 ED \u00c8 STATO CREATO DA ALBERTO MORILLAS E HARRY FREMONT. NOTE DI TESTA SONO ANANAS, NOTE VERDI, MANDARINO, PAPAIA, BERGAMOTTO, CARDAMOMO E LIMONE; NOTE CENTRALI SONO LA NOCE MOSCATA, VIOLA,RADICE DI GIAGGIOLO, GELSOMINO, GIGLIO DI VALLE E ROSA, NOTE DI FONDO SONO LEGNO DI SANDALO, AMBRA, MUSCHIO, CEDRO E MUSCHIO DI QUERCIA.<\/p>\n","protected":false},"featured_media":104287,"comment_status":"open","ping_status":"closed","template":"","meta":{"_et_pb_use_builder":"","_et_pb_old_content":"","_et_gb_content_width":""},"product_brand":[],"product_cat":[7146,7147,7148,7104,7109,7099,7098,7106,7103,7108,7107],"product_tag":[],"class_list":{"0":"post-76736","1":"product","2":"type-product","3":"status-publish","4":"has-post-thumbnail","6":"product_cat-deodoranti-1","7":"product_cat-deodoranti-donna","8":"product_cat-deodoranti-unisex","9":"product_cat-deodoranti","10":"product_cat-donna","11":"product_cat-offerte-da-non-perdere-default-category","12":"product_cat-default-category","13":"product_cat-profumi-default-category","14":"product_cat-trattameni-corpo","15":"product_cat-unisex","16":"product_cat-uomo-profumi-default-category","17":"pa_bollino-offerta_speciale","18":"pa_categoria_desc-deodorantiunisex","19":"pa_confezione_desc-16-confezioneoriginaleblister","20":"pa_formato_filtro-75ml","21":"pa_manufacturer-calvinklein","22":"pa_sconto_desc-6918","23":"pa_spedizione_gratuita-no","24":"pa_tipo_filtro-stick","26":"first","27":"outofstock","28":"sale","29":"shipping-taxable","30":"purchasable","31":"product-type-simple"},"yoast_head":"<!-- This site is optimized with the Yoast SEO plugin v27.4 - https:\/\/yoast.com\/product\/yoast-seo-wordpress\/ -->\n<title>CALVIN KLEIN CK ONE 75ML DEODORANTE STICK<\/title>\n<meta name=\"robots\" content=\"index, follow, max-snippet:-1, max-image-preview:large, max-video-preview:-1\" \/>\n<link rel=\"canonical\" href=\"https:\/\/profumix.it\/en\/prodotto\/calvin-klein-ck-one-75ml-deodorante-stick\/\" \/>\n<meta property=\"og:locale\" content=\"en_US\" \/>\n<meta property=\"og:type\" content=\"article\" \/>\n<meta property=\"og:title\" content=\"CALVIN KLEIN CK ONE 75ML DEODORANTE STICK\" \/>\n<meta property=\"og:description\" content=\"CK ONE DI CALVIN KLEIN \u00c8 UN PROFUMO AGRUMATO UNISEX. CK ONE \u00c8 STATO LANCIATO NEL 1994 ED \u00c8 STATO CREATO DA ALBERTO MORILLAS E HARRY FREMONT. NOTE DI TESTA SONO ANANAS, NOTE VERDI, MANDARINO, PAPAIA, BERGAMOTTO, CARDAMOMO E LIMONE; NOTE CENTRALI SONO LA NOCE MOSCATA, VIOLA,RADICE DI GIAGGIOLO, GELSOMINO, GIGLIO DI VALLE E ROSA, NOTE DI FONDO SONO LEGNO DI SANDALO, AMBRA, MUSCHIO, CEDRO E MUSCHIO DI QUERCIA.\" \/>\n<meta property=\"og:url\" content=\"https:\/\/profumix.it\/en\/prodotto\/calvin-klein-ck-one-75ml-deodorante-stick\/\" \/>\n<meta property=\"og:site_name\" content=\"Profumix Perfumes\" \/>\n<meta property=\"article:publisher\" content=\"https:\/\/www.facebook.com\/profumix\" \/>\n<meta property=\"article:modified_time\" content=\"2022-11-18T11:24:55+00:00\" \/>\n<meta property=\"og:image\" content=\"https:\/\/profumix.it\/wp-content\/uploads\/2012\/02\/calvin-klein-ck-one-deo-75g-1.jpg\" \/>\n\t<meta property=\"og:image:width\" content=\"724\" \/>\n\t<meta property=\"og:image:height\" content=\"716\" \/>\n\t<meta property=\"og:image:type\" content=\"image\/jpeg\" \/>\n<meta name=\"twitter:card\" content=\"summary_large_image\" \/>\n<meta name=\"twitter:label1\" content=\"Est. reading time\" \/>\n\t<meta name=\"twitter:data1\" content=\"1 minute\" \/>\n<script type=\"application\/ld+json\" class=\"yoast-schema-graph\">{\"@context\":\"https:\\\/\\\/schema.org\",\"@graph\":[{\"@type\":\"WebPage\",\"@id\":\"https:\\\/\\\/profumix.it\\\/en\\\/prodotto\\\/calvin-klein-ck-one-75ml-deodorante-stick\\\/\",\"url\":\"https:\\\/\\\/profumix.it\\\/en\\\/prodotto\\\/calvin-klein-ck-one-75ml-deodorante-stick\\\/\",\"name\":\"CALVIN KLEIN CK ONE 75ML DEODORANTE STICK\",\"isPartOf\":{\"@id\":\"https:\\\/\\\/profumix.it\\\/en\\\/#website\"},\"primaryImageOfPage\":{\"@id\":\"https:\\\/\\\/profumix.it\\\/en\\\/prodotto\\\/calvin-klein-ck-one-75ml-deodorante-stick\\\/#primaryimage\"},\"image\":{\"@id\":\"https:\\\/\\\/profumix.it\\\/en\\\/prodotto\\\/calvin-klein-ck-one-75ml-deodorante-stick\\\/#primaryimage\"},\"thumbnailUrl\":\"https:\\\/\\\/profumix.it\\\/wp-content\\\/uploads\\\/2012\\\/02\\\/calvin-klein-ck-one-deo-75g-1.jpg\",\"datePublished\":\"2012-02-18T10:01:25+00:00\",\"dateModified\":\"2022-11-18T11:24:55+00:00\",\"breadcrumb\":{\"@id\":\"https:\\\/\\\/profumix.it\\\/en\\\/prodotto\\\/calvin-klein-ck-one-75ml-deodorante-stick\\\/#breadcrumb\"},\"inLanguage\":\"en-US\",\"potentialAction\":[{\"@type\":\"ReadAction\",\"target\":[\"https:\\\/\\\/profumix.it\\\/en\\\/prodotto\\\/calvin-klein-ck-one-75ml-deodorante-stick\\\/\"]}]},{\"@type\":\"ImageObject\",\"inLanguage\":\"en-US\",\"@id\":\"https:\\\/\\\/profumix.it\\\/en\\\/prodotto\\\/calvin-klein-ck-one-75ml-deodorante-stick\\\/#primaryimage\",\"url\":\"https:\\\/\\\/profumix.it\\\/wp-content\\\/uploads\\\/2012\\\/02\\\/calvin-klein-ck-one-deo-75g-1.jpg\",\"contentUrl\":\"https:\\\/\\\/profumix.it\\\/wp-content\\\/uploads\\\/2012\\\/02\\\/calvin-klein-ck-one-deo-75g-1.jpg\",\"width\":724,\"height\":716},{\"@type\":\"BreadcrumbList\",\"@id\":\"https:\\\/\\\/profumix.it\\\/en\\\/prodotto\\\/calvin-klein-ck-one-75ml-deodorante-stick\\\/#breadcrumb\",\"itemListElement\":[{\"@type\":\"ListItem\",\"position\":1,\"name\":\"Home\",\"item\":\"https:\\\/\\\/profumix.it\\\/en\\\/home\\\/\"},{\"@type\":\"ListItem\",\"position\":2,\"name\":\"Shop\",\"item\":\"https:\\\/\\\/profumix.it\\\/en\\\/shop\\\/\"},{\"@type\":\"ListItem\",\"position\":3,\"name\":\"CALVIN KLEIN CK ONE 75ML DEODORANTE STICK\"}]},{\"@type\":\"WebSite\",\"@id\":\"https:\\\/\\\/profumix.it\\\/en\\\/#website\",\"url\":\"https:\\\/\\\/profumix.it\\\/en\\\/\",\"name\":\"Profumix Perfumes\",\"description\":\"\",\"potentialAction\":[{\"@type\":\"SearchAction\",\"target\":{\"@type\":\"EntryPoint\",\"urlTemplate\":\"https:\\\/\\\/profumix.it\\\/en\\\/?s={search_term_string}\"},\"query-input\":{\"@type\":\"PropertyValueSpecification\",\"valueRequired\":true,\"valueName\":\"search_term_string\"}}],\"inLanguage\":\"en-US\"}]}<\/script>\n<!-- \/ Yoast SEO plugin. -->","yoast_head_json":{"title":"CALVIN KLEIN CK ONE 75ML DEODORANTE STICK","robots":{"index":"index","follow":"follow","max-snippet":"max-snippet:-1","max-image-preview":"max-image-preview:large","max-video-preview":"max-video-preview:-1"},"canonical":"https:\/\/profumix.it\/en\/prodotto\/calvin-klein-ck-one-75ml-deodorante-stick\/","og_locale":"en_US","og_type":"article","og_title":"CALVIN KLEIN CK ONE 75ML DEODORANTE STICK","og_description":"CK ONE DI CALVIN KLEIN \u00c8 UN PROFUMO AGRUMATO UNISEX. CK ONE \u00c8 STATO LANCIATO NEL 1994 ED \u00c8 STATO CREATO DA ALBERTO MORILLAS E HARRY FREMONT. NOTE DI TESTA SONO ANANAS, NOTE VERDI, MANDARINO, PAPAIA, BERGAMOTTO, CARDAMOMO E LIMONE; NOTE CENTRALI SONO LA NOCE MOSCATA, VIOLA,RADICE DI GIAGGIOLO, GELSOMINO, GIGLIO DI VALLE E ROSA, NOTE DI FONDO SONO LEGNO DI SANDALO, AMBRA, MUSCHIO, CEDRO E MUSCHIO DI QUERCIA.","og_url":"https:\/\/profumix.it\/en\/prodotto\/calvin-klein-ck-one-75ml-deodorante-stick\/","og_site_name":"Profumix Perfumes","article_publisher":"https:\/\/www.facebook.com\/profumix","article_modified_time":"2022-11-18T11:24:55+00:00","og_image":[{"width":724,"height":716,"url":"https:\/\/profumix.it\/wp-content\/uploads\/2012\/02\/calvin-klein-ck-one-deo-75g-1.jpg","type":"image\/jpeg"}],"twitter_card":"summary_large_image","twitter_misc":{"Est. reading time":"1 minute"},"schema":{"@context":"https:\/\/schema.org","@graph":[{"@type":"WebPage","@id":"https:\/\/profumix.it\/en\/prodotto\/calvin-klein-ck-one-75ml-deodorante-stick\/","url":"https:\/\/profumix.it\/en\/prodotto\/calvin-klein-ck-one-75ml-deodorante-stick\/","name":"CALVIN KLEIN CK ONE 75ML DEODORANTE STICK","isPartOf":{"@id":"https:\/\/profumix.it\/en\/#website"},"primaryImageOfPage":{"@id":"https:\/\/profumix.it\/en\/prodotto\/calvin-klein-ck-one-75ml-deodorante-stick\/#primaryimage"},"image":{"@id":"https:\/\/profumix.it\/en\/prodotto\/calvin-klein-ck-one-75ml-deodorante-stick\/#primaryimage"},"thumbnailUrl":"https:\/\/profumix.it\/wp-content\/uploads\/2012\/02\/calvin-klein-ck-one-deo-75g-1.jpg","datePublished":"2012-02-18T10:01:25+00:00","dateModified":"2022-11-18T11:24:55+00:00","breadcrumb":{"@id":"https:\/\/profumix.it\/en\/prodotto\/calvin-klein-ck-one-75ml-deodorante-stick\/#breadcrumb"},"inLanguage":"en-US","potentialAction":[{"@type":"ReadAction","target":["https:\/\/profumix.it\/en\/prodotto\/calvin-klein-ck-one-75ml-deodorante-stick\/"]}]},{"@type":"ImageObject","inLanguage":"en-US","@id":"https:\/\/profumix.it\/en\/prodotto\/calvin-klein-ck-one-75ml-deodorante-stick\/#primaryimage","url":"https:\/\/profumix.it\/wp-content\/uploads\/2012\/02\/calvin-klein-ck-one-deo-75g-1.jpg","contentUrl":"https:\/\/profumix.it\/wp-content\/uploads\/2012\/02\/calvin-klein-ck-one-deo-75g-1.jpg","width":724,"height":716},{"@type":"BreadcrumbList","@id":"https:\/\/profumix.it\/en\/prodotto\/calvin-klein-ck-one-75ml-deodorante-stick\/#breadcrumb","itemListElement":[{"@type":"ListItem","position":1,"name":"Home","item":"https:\/\/profumix.it\/en\/home\/"},{"@type":"ListItem","position":2,"name":"Shop","item":"https:\/\/profumix.it\/en\/shop\/"},{"@type":"ListItem","position":3,"name":"CALVIN KLEIN CK ONE 75ML DEODORANTE STICK"}]},{"@type":"WebSite","@id":"https:\/\/profumix.it\/en\/#website","url":"https:\/\/profumix.it\/en\/","name":"Profumix Perfumes","description":"","potentialAction":[{"@type":"SearchAction","target":{"@type":"EntryPoint","urlTemplate":"https:\/\/profumix.it\/en\/?s={search_term_string}"},"query-input":{"@type":"PropertyValueSpecification","valueRequired":true,"valueName":"search_term_string"}}],"inLanguage":"en-US"}]}},"_links":{"self":[{"href":"https:\/\/profumix.it\/en\/wp-json\/wp\/v2\/product\/76736","targetHints":{"allow":["GET"]}}],"collection":[{"href":"https:\/\/profumix.it\/en\/wp-json\/wp\/v2\/product"}],"about":[{"href":"https:\/\/profumix.it\/en\/wp-json\/wp\/v2\/types\/product"}],"replies":[{"embeddable":true,"href":"https:\/\/profumix.it\/en\/wp-json\/wp\/v2\/comments?post=76736"}],"wp:featuredmedia":[{"embeddable":true,"href":"https:\/\/profumix.it\/en\/wp-json\/wp\/v2\/media\/104287"}],"wp:attachment":[{"href":"https:\/\/profumix.it\/en\/wp-json\/wp\/v2\/media?parent=76736"}],"wp:term":[{"taxonomy":"product_brand","embeddable":true,"href":"https:\/\/profumix.it\/en\/wp-json\/wp\/v2\/product_brand?post=76736"},{"taxonomy":"product_cat","embeddable":true,"href":"https:\/\/profumix.it\/en\/wp-json\/wp\/v2\/product_cat?post=76736"},{"taxonomy":"product_tag","embeddable":true,"href":"https:\/\/profumix.it\/en\/wp-json\/wp\/v2\/product_tag?post=76736"}],"curies":[{"name":"wp","href":"https:\/\/api.w.org\/{rel}","templated":true}]}}