{"id":76978,"date":"2012-11-10T11:31:05","date_gmt":"2012-11-10T10:31:05","guid":{"rendered":"https:\/\/profumix.it\/prodotto\/thierry-mugler-alien-30ml-spray-eau-de-parfum-ricaricabile-latte-corpo-radioso-100ml-gel-doccia-radioso-30ml\/"},"modified":"2012-11-10T11:31:05","modified_gmt":"2012-11-10T10:31:05","slug":"thierry-mugler-alien-30ml-spray-eau-de-parfum-ricaricabile-latte-corpo-radioso-100ml-gel-doccia-radioso-30ml","status":"publish","type":"product","link":"https:\/\/profumix.it\/en\/prodotto\/thierry-mugler-alien-30ml-spray-eau-de-parfum-ricaricabile-latte-corpo-radioso-100ml-gel-doccia-radioso-30ml\/","title":{"rendered":"THIERRY MUGLER ALIEN 30ML SPRAY EAU DE PARFUM RICARICABILE + LATTE CORPO RADIOSO 100ML + GEL DOCCIA RADIOSO 30ML"},"content":{"rendered":"<p>ALIEN DIFFONDE UN&#8217;AURA MISTERIOSA, UNA FRAGRANZA SOPRANNATURALE ,DA CUI DERIVA APPUNTO IL NOME DEL PROFUMO. TREDICI ANNI DOPO IL GRANDE SUCCESSO DI ANGEL, THIERRY MUGLER HA DECISO DI SFIDARE IL MONDO DELLA PROFUMERIA, ANCORA UNA VOLTA.<\/p>\n<p>ALIEN \u00c8 UN ELISIR MAGICO CATTURATO IN UNA BOTTIGLIA DI COLORE VIOLA LA CUI FORMA RICORDA LA PIETRA FILOSOFALE O QUALCHE OGGETTO WARLOCK. <\/p>\n<p>I CREATORI DI ALIEN BASANO LA COMPOSIZIONE SU TRE LINEE PRINCIPALI: CALDA AMBRA BIANCA NELLE NOTE DI FONDO, NOTE LEGNOSE NEL CUORE E GELSOMINO INDIANO NELLA PARTE SUPERIORE.<\/p>\n<p>ALIEN \u00c8 STATO LANCIATO NEL 2005 ED \u00c8 STATO CREATO DA DOMINIQUE ROPION E LAURENT BRUY\u00c8RE.<\/p>\n","protected":false},"excerpt":{"rendered":"<p>ALIEN DIFFONDE UN&#8217;AURA MISTERIOSA, UNA FRAGRANZA SOPRANNATURALE ,DA CUI DERIVA APPUNTO IL NOME DEL PROFUMO. TREDICI ANNI DOPO IL GRANDE SUCCESSO DI ANGEL, THIERRY MUGLER HA DECISO DI SFIDARE IL MONDO DELLA PROFUMERIA, ANCORA UNA VOLTA.<\/p>\n<p>ALIEN \u00c8 UN ELISIR MAGICO CATTURATO IN UNA BOTTIGLIA DI COLORE VIOLA LA CUI FORMA RICORDA LA PIETRA FILOSOFALE O QUALCHE OGGETTO WARLOCK. <\/p>\n<p>I CREATORI DI ALIEN BASANO LA COMPOSIZIONE SU TRE LINEE PRINCIPALI: CALDA AMBRA BIANCA NELLE NOTE DI FONDO, NOTE LEGNOSE NEL CUORE E GELSOMINO INDIANO NELLA PARTE SUPERIORE.<\/p>\n<p>ALIEN \u00c8 STATO LANCIATO NEL 2005 ED \u00c8 STATO CREATO DA DOMINIQUE ROPION E LAURENT BRUY\u00c8RE.<\/p>\n","protected":false},"featured_media":76977,"comment_status":"open","ping_status":"closed","template":"","meta":{"_et_pb_use_builder":"","_et_pb_old_content":"","_et_gb_content_width":""},"product_brand":[],"product_cat":[7113,7118,7098],"product_tag":[],"class_list":{"0":"post-76978","1":"product","2":"type-product","3":"status-publish","4":"has-post-thumbnail","6":"product_cat-confezioni-regalo","7":"product_cat-donna-1-confezioni-regalo","8":"product_cat-default-category","9":"pa_confezione_desc-confezioneoriginalenotester","10":"pa_formato_filtro-30ml","11":"pa_manufacturer-thierrymugler","12":"pa_sconto_desc-6878","13":"pa_spedizione_gratuita-no","14":"pa_tipo_filtro-sprayeaudeparfum","16":"first","17":"outofstock","18":"sale","19":"shipping-taxable","20":"purchasable","21":"product-type-simple"},"yoast_head":"<!-- This site is optimized with the Yoast SEO plugin v27.4 - https:\/\/yoast.com\/product\/yoast-seo-wordpress\/ -->\n<title>THIERRY MUGLER ALIEN 30ML SPRAY EAU DE PARFUM RICARICABILE + LATTE CORPO RADIOSO 100ML + GEL DOCCIA RADIOSO 30ML<\/title>\n<meta name=\"robots\" content=\"index, follow, max-snippet:-1, max-image-preview:large, max-video-preview:-1\" \/>\n<link rel=\"canonical\" href=\"https:\/\/profumix.it\/en\/prodotto\/thierry-mugler-alien-30ml-spray-eau-de-parfum-ricaricabile-latte-corpo-radioso-100ml-gel-doccia-radioso-30ml\/\" \/>\n<meta property=\"og:locale\" content=\"en_US\" \/>\n<meta property=\"og:type\" content=\"article\" \/>\n<meta property=\"og:title\" content=\"THIERRY MUGLER ALIEN 30ML SPRAY EAU DE PARFUM RICARICABILE + LATTE CORPO RADIOSO 100ML + GEL DOCCIA RADIOSO 30ML\" \/>\n<meta property=\"og:description\" content=\"ALIEN DIFFONDE UN&#039;AURA MISTERIOSA, UNA FRAGRANZA SOPRANNATURALE ,DA CUI DERIVA APPUNTO IL NOME DEL PROFUMO. TREDICI ANNI DOPO IL GRANDE SUCCESSO DI ANGEL, THIERRY MUGLER HA DECISO DI SFIDARE IL MONDO DELLA PROFUMERIA, ANCORA UNA VOLTA.  ALIEN \u00c8 UN ELISIR MAGICO CATTURATO IN UNA BOTTIGLIA DI COLORE VIOLA LA CUI FORMA RICORDA LA PIETRA FILOSOFALE O QUALCHE OGGETTO WARLOCK.   I CREATORI DI ALIEN BASANO LA COMPOSIZIONE SU TRE LINEE PRINCIPALI: CALDA AMBRA BIANCA NELLE NOTE DI FONDO, NOTE LEGNOSE NEL CUORE E GELSOMINO INDIANO NELLA PARTE SUPERIORE.  ALIEN \u00c8 STATO LANCIATO NEL 2005 ED \u00c8 STATO CREATO DA DOMINIQUE ROPION E LAURENT BRUY\u00c8RE.\" \/>\n<meta property=\"og:url\" content=\"https:\/\/profumix.it\/en\/prodotto\/thierry-mugler-alien-30ml-spray-eau-de-parfum-ricaricabile-latte-corpo-radioso-100ml-gel-doccia-radioso-30ml\/\" \/>\n<meta property=\"og:site_name\" content=\"Profumix Perfumes\" \/>\n<meta property=\"article:publisher\" content=\"https:\/\/www.facebook.com\/profumix\" \/>\n<meta property=\"og:image\" content=\"https:\/\/profumix.it\/wp-content\/uploads\/2012\/11\/product_a_l_alien_coffret_30ml_ric.jpg\" \/>\n\t<meta property=\"og:image:width\" content=\"633\" \/>\n\t<meta property=\"og:image:height\" content=\"366\" \/>\n\t<meta property=\"og:image:type\" content=\"image\/jpeg\" \/>\n<meta name=\"twitter:card\" content=\"summary_large_image\" \/>\n<meta name=\"twitter:label1\" content=\"Est. reading time\" \/>\n\t<meta name=\"twitter:data1\" content=\"1 minute\" \/>\n<script type=\"application\/ld+json\" class=\"yoast-schema-graph\">{\"@context\":\"https:\\\/\\\/schema.org\",\"@graph\":[{\"@type\":\"WebPage\",\"@id\":\"https:\\\/\\\/profumix.it\\\/en\\\/prodotto\\\/thierry-mugler-alien-30ml-spray-eau-de-parfum-ricaricabile-latte-corpo-radioso-100ml-gel-doccia-radioso-30ml\\\/\",\"url\":\"https:\\\/\\\/profumix.it\\\/en\\\/prodotto\\\/thierry-mugler-alien-30ml-spray-eau-de-parfum-ricaricabile-latte-corpo-radioso-100ml-gel-doccia-radioso-30ml\\\/\",\"name\":\"THIERRY MUGLER ALIEN 30ML SPRAY EAU DE PARFUM RICARICABILE + LATTE CORPO RADIOSO 100ML + GEL DOCCIA RADIOSO 30ML\",\"isPartOf\":{\"@id\":\"https:\\\/\\\/profumix.it\\\/en\\\/#website\"},\"primaryImageOfPage\":{\"@id\":\"https:\\\/\\\/profumix.it\\\/en\\\/prodotto\\\/thierry-mugler-alien-30ml-spray-eau-de-parfum-ricaricabile-latte-corpo-radioso-100ml-gel-doccia-radioso-30ml\\\/#primaryimage\"},\"image\":{\"@id\":\"https:\\\/\\\/profumix.it\\\/en\\\/prodotto\\\/thierry-mugler-alien-30ml-spray-eau-de-parfum-ricaricabile-latte-corpo-radioso-100ml-gel-doccia-radioso-30ml\\\/#primaryimage\"},\"thumbnailUrl\":\"https:\\\/\\\/profumix.it\\\/wp-content\\\/uploads\\\/2012\\\/11\\\/product_a_l_alien_coffret_30ml_ric.jpg\",\"datePublished\":\"2012-11-10T10:31:05+00:00\",\"breadcrumb\":{\"@id\":\"https:\\\/\\\/profumix.it\\\/en\\\/prodotto\\\/thierry-mugler-alien-30ml-spray-eau-de-parfum-ricaricabile-latte-corpo-radioso-100ml-gel-doccia-radioso-30ml\\\/#breadcrumb\"},\"inLanguage\":\"en-US\",\"potentialAction\":[{\"@type\":\"ReadAction\",\"target\":[\"https:\\\/\\\/profumix.it\\\/en\\\/prodotto\\\/thierry-mugler-alien-30ml-spray-eau-de-parfum-ricaricabile-latte-corpo-radioso-100ml-gel-doccia-radioso-30ml\\\/\"]}]},{\"@type\":\"ImageObject\",\"inLanguage\":\"en-US\",\"@id\":\"https:\\\/\\\/profumix.it\\\/en\\\/prodotto\\\/thierry-mugler-alien-30ml-spray-eau-de-parfum-ricaricabile-latte-corpo-radioso-100ml-gel-doccia-radioso-30ml\\\/#primaryimage\",\"url\":\"https:\\\/\\\/profumix.it\\\/wp-content\\\/uploads\\\/2012\\\/11\\\/product_a_l_alien_coffret_30ml_ric.jpg\",\"contentUrl\":\"https:\\\/\\\/profumix.it\\\/wp-content\\\/uploads\\\/2012\\\/11\\\/product_a_l_alien_coffret_30ml_ric.jpg\",\"width\":633,\"height\":366,\"caption\":\"THIERRY MUGLER ALIEN 30ML SPRAY EAU DE PARFUM RICARICABILE + LATTE CORPO RADIOSO 100ML + GEL DOCCIA RADIOSO 30ML\"},{\"@type\":\"BreadcrumbList\",\"@id\":\"https:\\\/\\\/profumix.it\\\/en\\\/prodotto\\\/thierry-mugler-alien-30ml-spray-eau-de-parfum-ricaricabile-latte-corpo-radioso-100ml-gel-doccia-radioso-30ml\\\/#breadcrumb\",\"itemListElement\":[{\"@type\":\"ListItem\",\"position\":1,\"name\":\"Home\",\"item\":\"https:\\\/\\\/profumix.it\\\/en\\\/home\\\/\"},{\"@type\":\"ListItem\",\"position\":2,\"name\":\"Shop\",\"item\":\"https:\\\/\\\/profumix.it\\\/en\\\/shop\\\/\"},{\"@type\":\"ListItem\",\"position\":3,\"name\":\"THIERRY MUGLER ALIEN 30ML SPRAY EAU DE PARFUM RICARICABILE + LATTE CORPO RADIOSO 100ML + GEL DOCCIA RADIOSO 30ML\"}]},{\"@type\":\"WebSite\",\"@id\":\"https:\\\/\\\/profumix.it\\\/en\\\/#website\",\"url\":\"https:\\\/\\\/profumix.it\\\/en\\\/\",\"name\":\"Profumix Perfumes\",\"description\":\"\",\"potentialAction\":[{\"@type\":\"SearchAction\",\"target\":{\"@type\":\"EntryPoint\",\"urlTemplate\":\"https:\\\/\\\/profumix.it\\\/en\\\/?s={search_term_string}\"},\"query-input\":{\"@type\":\"PropertyValueSpecification\",\"valueRequired\":true,\"valueName\":\"search_term_string\"}}],\"inLanguage\":\"en-US\"}]}<\/script>\n<!-- \/ Yoast SEO plugin. -->","yoast_head_json":{"title":"THIERRY MUGLER ALIEN 30ML SPRAY EAU DE PARFUM RICARICABILE + LATTE CORPO RADIOSO 100ML + GEL DOCCIA RADIOSO 30ML","robots":{"index":"index","follow":"follow","max-snippet":"max-snippet:-1","max-image-preview":"max-image-preview:large","max-video-preview":"max-video-preview:-1"},"canonical":"https:\/\/profumix.it\/en\/prodotto\/thierry-mugler-alien-30ml-spray-eau-de-parfum-ricaricabile-latte-corpo-radioso-100ml-gel-doccia-radioso-30ml\/","og_locale":"en_US","og_type":"article","og_title":"THIERRY MUGLER ALIEN 30ML SPRAY EAU DE PARFUM RICARICABILE + LATTE CORPO RADIOSO 100ML + GEL DOCCIA RADIOSO 30ML","og_description":"ALIEN DIFFONDE UN'AURA MISTERIOSA, UNA FRAGRANZA SOPRANNATURALE ,DA CUI DERIVA APPUNTO IL NOME DEL PROFUMO. TREDICI ANNI DOPO IL GRANDE SUCCESSO DI ANGEL, THIERRY MUGLER HA DECISO DI SFIDARE IL MONDO DELLA PROFUMERIA, ANCORA UNA VOLTA.  ALIEN \u00c8 UN ELISIR MAGICO CATTURATO IN UNA BOTTIGLIA DI COLORE VIOLA LA CUI FORMA RICORDA LA PIETRA FILOSOFALE O QUALCHE OGGETTO WARLOCK.   I CREATORI DI ALIEN BASANO LA COMPOSIZIONE SU TRE LINEE PRINCIPALI: CALDA AMBRA BIANCA NELLE NOTE DI FONDO, NOTE LEGNOSE NEL CUORE E GELSOMINO INDIANO NELLA PARTE SUPERIORE.  ALIEN \u00c8 STATO LANCIATO NEL 2005 ED \u00c8 STATO CREATO DA DOMINIQUE ROPION E LAURENT BRUY\u00c8RE.","og_url":"https:\/\/profumix.it\/en\/prodotto\/thierry-mugler-alien-30ml-spray-eau-de-parfum-ricaricabile-latte-corpo-radioso-100ml-gel-doccia-radioso-30ml\/","og_site_name":"Profumix Perfumes","article_publisher":"https:\/\/www.facebook.com\/profumix","og_image":[{"width":633,"height":366,"url":"https:\/\/profumix.it\/wp-content\/uploads\/2012\/11\/product_a_l_alien_coffret_30ml_ric.jpg","type":"image\/jpeg"}],"twitter_card":"summary_large_image","twitter_misc":{"Est. reading time":"1 minute"},"schema":{"@context":"https:\/\/schema.org","@graph":[{"@type":"WebPage","@id":"https:\/\/profumix.it\/en\/prodotto\/thierry-mugler-alien-30ml-spray-eau-de-parfum-ricaricabile-latte-corpo-radioso-100ml-gel-doccia-radioso-30ml\/","url":"https:\/\/profumix.it\/en\/prodotto\/thierry-mugler-alien-30ml-spray-eau-de-parfum-ricaricabile-latte-corpo-radioso-100ml-gel-doccia-radioso-30ml\/","name":"THIERRY MUGLER ALIEN 30ML SPRAY EAU DE PARFUM RICARICABILE + LATTE CORPO RADIOSO 100ML + GEL DOCCIA RADIOSO 30ML","isPartOf":{"@id":"https:\/\/profumix.it\/en\/#website"},"primaryImageOfPage":{"@id":"https:\/\/profumix.it\/en\/prodotto\/thierry-mugler-alien-30ml-spray-eau-de-parfum-ricaricabile-latte-corpo-radioso-100ml-gel-doccia-radioso-30ml\/#primaryimage"},"image":{"@id":"https:\/\/profumix.it\/en\/prodotto\/thierry-mugler-alien-30ml-spray-eau-de-parfum-ricaricabile-latte-corpo-radioso-100ml-gel-doccia-radioso-30ml\/#primaryimage"},"thumbnailUrl":"https:\/\/profumix.it\/wp-content\/uploads\/2012\/11\/product_a_l_alien_coffret_30ml_ric.jpg","datePublished":"2012-11-10T10:31:05+00:00","breadcrumb":{"@id":"https:\/\/profumix.it\/en\/prodotto\/thierry-mugler-alien-30ml-spray-eau-de-parfum-ricaricabile-latte-corpo-radioso-100ml-gel-doccia-radioso-30ml\/#breadcrumb"},"inLanguage":"en-US","potentialAction":[{"@type":"ReadAction","target":["https:\/\/profumix.it\/en\/prodotto\/thierry-mugler-alien-30ml-spray-eau-de-parfum-ricaricabile-latte-corpo-radioso-100ml-gel-doccia-radioso-30ml\/"]}]},{"@type":"ImageObject","inLanguage":"en-US","@id":"https:\/\/profumix.it\/en\/prodotto\/thierry-mugler-alien-30ml-spray-eau-de-parfum-ricaricabile-latte-corpo-radioso-100ml-gel-doccia-radioso-30ml\/#primaryimage","url":"https:\/\/profumix.it\/wp-content\/uploads\/2012\/11\/product_a_l_alien_coffret_30ml_ric.jpg","contentUrl":"https:\/\/profumix.it\/wp-content\/uploads\/2012\/11\/product_a_l_alien_coffret_30ml_ric.jpg","width":633,"height":366,"caption":"THIERRY MUGLER ALIEN 30ML SPRAY EAU DE PARFUM RICARICABILE + LATTE CORPO RADIOSO 100ML + GEL DOCCIA RADIOSO 30ML"},{"@type":"BreadcrumbList","@id":"https:\/\/profumix.it\/en\/prodotto\/thierry-mugler-alien-30ml-spray-eau-de-parfum-ricaricabile-latte-corpo-radioso-100ml-gel-doccia-radioso-30ml\/#breadcrumb","itemListElement":[{"@type":"ListItem","position":1,"name":"Home","item":"https:\/\/profumix.it\/en\/home\/"},{"@type":"ListItem","position":2,"name":"Shop","item":"https:\/\/profumix.it\/en\/shop\/"},{"@type":"ListItem","position":3,"name":"THIERRY MUGLER ALIEN 30ML SPRAY EAU DE PARFUM RICARICABILE + LATTE CORPO RADIOSO 100ML + GEL DOCCIA RADIOSO 30ML"}]},{"@type":"WebSite","@id":"https:\/\/profumix.it\/en\/#website","url":"https:\/\/profumix.it\/en\/","name":"Profumix Perfumes","description":"","potentialAction":[{"@type":"SearchAction","target":{"@type":"EntryPoint","urlTemplate":"https:\/\/profumix.it\/en\/?s={search_term_string}"},"query-input":{"@type":"PropertyValueSpecification","valueRequired":true,"valueName":"search_term_string"}}],"inLanguage":"en-US"}]}},"_links":{"self":[{"href":"https:\/\/profumix.it\/en\/wp-json\/wp\/v2\/product\/76978","targetHints":{"allow":["GET"]}}],"collection":[{"href":"https:\/\/profumix.it\/en\/wp-json\/wp\/v2\/product"}],"about":[{"href":"https:\/\/profumix.it\/en\/wp-json\/wp\/v2\/types\/product"}],"replies":[{"embeddable":true,"href":"https:\/\/profumix.it\/en\/wp-json\/wp\/v2\/comments?post=76978"}],"wp:featuredmedia":[{"embeddable":true,"href":"https:\/\/profumix.it\/en\/wp-json\/wp\/v2\/media\/76977"}],"wp:attachment":[{"href":"https:\/\/profumix.it\/en\/wp-json\/wp\/v2\/media?parent=76978"}],"wp:term":[{"taxonomy":"product_brand","embeddable":true,"href":"https:\/\/profumix.it\/en\/wp-json\/wp\/v2\/product_brand?post=76978"},{"taxonomy":"product_cat","embeddable":true,"href":"https:\/\/profumix.it\/en\/wp-json\/wp\/v2\/product_cat?post=76978"},{"taxonomy":"product_tag","embeddable":true,"href":"https:\/\/profumix.it\/en\/wp-json\/wp\/v2\/product_tag?post=76978"}],"curies":[{"name":"wp","href":"https:\/\/api.w.org\/{rel}","templated":true}]}}