{"id":76984,"date":"2012-11-10T12:48:34","date_gmt":"2012-11-10T11:48:34","guid":{"rendered":"https:\/\/profumix.it\/prodotto\/thierry-mugler-angel-25ml-spray-eau-de-parfum-ricaricabile-profumo-in-latte-corpo-100ml-profumo-in-gel-doccia-radioso-30ml\/"},"modified":"2012-11-10T12:48:34","modified_gmt":"2012-11-10T11:48:34","slug":"thierry-mugler-angel-25ml-spray-eau-de-parfum-ricaricabile-profumo-in-latte-corpo-100ml-profumo-in-gel-doccia-radioso-30ml","status":"publish","type":"product","link":"https:\/\/profumix.it\/en\/prodotto\/thierry-mugler-angel-25ml-spray-eau-de-parfum-ricaricabile-profumo-in-latte-corpo-100ml-profumo-in-gel-doccia-radioso-30ml\/","title":{"rendered":"THIERRY MUGLER ANGEL 25ML SPRAY EAU DE PARFUM RICARICABILE + PROFUMO IN LATTE CORPO 100ML + PROFUMO IN GEL DOCCIA 30ML"},"content":{"rendered":"<p>ANGEL DI THIERRY MUGLER \u00c8 UN PROFUMO FEMMINILE ORIENTALE ALLA VANIGLIA. ANGEL \u00c8 STATO LANCIATO NEL 1992. ANGEL \u00c8 STATO CREATO DA OLIVIER CRESP E YVES DE CHIRIN.<br \/>\nNOTE DI TESTA SONO: MELONE, COCCO, MANDARINO, CASSIA, GELSOMINO, BERGAMOTTO E ZUCCHERO FILATO<br \/>\nNOTE DI CUORE SONO: MIELE, ALBICOCCA, MORA, PRUGNA, ORCHIDEA, PESCA, GELSOMINO, GIGLIO,BACCHE ROSSE E ROSA, NOTE DI BASE SONO: FAVA TONKA, AMBRA, PATCHOULI, MUSCHIO, VANIGLIA, CIOCCOLATO FONDENTE E CARAMELLO. QUESTO PROFUMO \u00c8 IL VINCITORE DEL PREMIO PREMIO SALA FIFI OF FAME 2007. <\/p>\n","protected":false},"excerpt":{"rendered":"<p>ANGEL DI THIERRY MUGLER \u00c8 UN PROFUMO FEMMINILE ORIENTALE ALLA VANIGLIA. ANGEL \u00c8 STATO LANCIATO NEL 1992. ANGEL \u00c8 STATO CREATO DA OLIVIER CRESP E YVES DE CHIRIN.<br \/>\nNOTE DI TESTA SONO: MELONE, COCCO, MANDARINO, CASSIA, GELSOMINO, BERGAMOTTO E ZUCCHERO FILATO<br \/>\nNOTE DI CUORE SONO: MIELE, ALBICOCCA, MORA, PRUGNA, ORCHIDEA, PESCA, GELSOMINO, GIGLIO,BACCHE ROSSE E ROSA, NOTE DI BASE SONO: FAVA TONKA, AMBRA, PATCHOULI, MUSCHIO, VANIGLIA, CIOCCOLATO FONDENTE E CARAMELLO. QUESTO PROFUMO \u00c8 IL VINCITORE DEL PREMIO PREMIO SALA FIFI OF FAME 2007. <\/p>\n","protected":false},"featured_media":76983,"comment_status":"open","ping_status":"closed","template":"","meta":{"_et_pb_use_builder":"","_et_pb_old_content":"","_et_gb_content_width":""},"product_brand":[],"product_cat":[7113,7118,7099,7098],"product_tag":[],"class_list":{"0":"post-76984","1":"product","2":"type-product","3":"status-publish","4":"has-post-thumbnail","6":"product_cat-confezioni-regalo","7":"product_cat-donna-1-confezioni-regalo","8":"product_cat-offerte-da-non-perdere-default-category","9":"product_cat-default-category","10":"pa_bollino-offerta_speciale","11":"pa_confezione_desc-confezioneoriginalenotester","12":"pa_formato_filtro-25ml","13":"pa_manufacturer-thierrymugler","14":"pa_sconto_desc-6906","15":"pa_spedizione_gratuita-no","16":"pa_tipo_filtro-sprayeaudeparfum","18":"first","19":"outofstock","20":"sale","21":"shipping-taxable","22":"purchasable","23":"product-type-simple"},"yoast_head":"<!-- This site is optimized with the Yoast SEO plugin v27.4 - https:\/\/yoast.com\/product\/yoast-seo-wordpress\/ -->\n<title>THIERRY MUGLER ANGEL 25ML SPRAY EAU DE PARFUM RICARICABILE + PROFUMO IN LATTE CORPO 100ML + PROFUMO IN GEL DOCCIA 30ML<\/title>\n<meta name=\"robots\" content=\"index, follow, max-snippet:-1, max-image-preview:large, max-video-preview:-1\" \/>\n<link rel=\"canonical\" href=\"https:\/\/profumix.it\/en\/prodotto\/thierry-mugler-angel-25ml-spray-eau-de-parfum-ricaricabile-profumo-in-latte-corpo-100ml-profumo-in-gel-doccia-radioso-30ml\/\" \/>\n<meta property=\"og:locale\" content=\"en_US\" \/>\n<meta property=\"og:type\" content=\"article\" \/>\n<meta property=\"og:title\" content=\"THIERRY MUGLER ANGEL 25ML SPRAY EAU DE PARFUM RICARICABILE + PROFUMO IN LATTE CORPO 100ML + PROFUMO IN GEL DOCCIA 30ML\" \/>\n<meta property=\"og:description\" content=\"ANGEL DI THIERRY MUGLER \u00c8 UN PROFUMO FEMMINILE ORIENTALE ALLA VANIGLIA. ANGEL \u00c8 STATO LANCIATO NEL 1992. ANGEL \u00c8 STATO CREATO DA OLIVIER CRESP E YVES DE CHIRIN. NOTE DI TESTA SONO: MELONE, COCCO, MANDARINO, CASSIA, GELSOMINO, BERGAMOTTO E ZUCCHERO FILATO NOTE DI CUORE SONO: MIELE, ALBICOCCA, MORA, PRUGNA, ORCHIDEA, PESCA, GELSOMINO, GIGLIO,BACCHE ROSSE E ROSA, NOTE DI BASE SONO: FAVA TONKA, AMBRA, PATCHOULI, MUSCHIO, VANIGLIA, CIOCCOLATO FONDENTE E CARAMELLO. QUESTO PROFUMO \u00c8 IL VINCITORE DEL PREMIO PREMIO SALA FIFI OF FAME 2007.\" \/>\n<meta property=\"og:url\" content=\"https:\/\/profumix.it\/en\/prodotto\/thierry-mugler-angel-25ml-spray-eau-de-parfum-ricaricabile-profumo-in-latte-corpo-100ml-profumo-in-gel-doccia-radioso-30ml\/\" \/>\n<meta property=\"og:site_name\" content=\"Profumix Perfumes\" \/>\n<meta property=\"article:publisher\" content=\"https:\/\/www.facebook.com\/profumix\" \/>\n<meta property=\"og:image\" content=\"https:\/\/profumix.it\/wp-content\/uploads\/2012\/11\/product_a_n_angel_coffret_25ml_ric..jpg\" \/>\n\t<meta property=\"og:image:width\" content=\"657\" \/>\n\t<meta property=\"og:image:height\" content=\"383\" \/>\n\t<meta property=\"og:image:type\" content=\"image\/jpeg\" \/>\n<meta name=\"twitter:card\" content=\"summary_large_image\" \/>\n<script type=\"application\/ld+json\" class=\"yoast-schema-graph\">{\"@context\":\"https:\\\/\\\/schema.org\",\"@graph\":[{\"@type\":\"WebPage\",\"@id\":\"https:\\\/\\\/profumix.it\\\/en\\\/prodotto\\\/thierry-mugler-angel-25ml-spray-eau-de-parfum-ricaricabile-profumo-in-latte-corpo-100ml-profumo-in-gel-doccia-radioso-30ml\\\/\",\"url\":\"https:\\\/\\\/profumix.it\\\/en\\\/prodotto\\\/thierry-mugler-angel-25ml-spray-eau-de-parfum-ricaricabile-profumo-in-latte-corpo-100ml-profumo-in-gel-doccia-radioso-30ml\\\/\",\"name\":\"THIERRY MUGLER ANGEL 25ML SPRAY EAU DE PARFUM RICARICABILE + PROFUMO IN LATTE CORPO 100ML + PROFUMO IN GEL DOCCIA 30ML\",\"isPartOf\":{\"@id\":\"https:\\\/\\\/profumix.it\\\/en\\\/#website\"},\"primaryImageOfPage\":{\"@id\":\"https:\\\/\\\/profumix.it\\\/en\\\/prodotto\\\/thierry-mugler-angel-25ml-spray-eau-de-parfum-ricaricabile-profumo-in-latte-corpo-100ml-profumo-in-gel-doccia-radioso-30ml\\\/#primaryimage\"},\"image\":{\"@id\":\"https:\\\/\\\/profumix.it\\\/en\\\/prodotto\\\/thierry-mugler-angel-25ml-spray-eau-de-parfum-ricaricabile-profumo-in-latte-corpo-100ml-profumo-in-gel-doccia-radioso-30ml\\\/#primaryimage\"},\"thumbnailUrl\":\"https:\\\/\\\/profumix.it\\\/wp-content\\\/uploads\\\/2012\\\/11\\\/product_a_n_angel_coffret_25ml_ric..jpg\",\"datePublished\":\"2012-11-10T11:48:34+00:00\",\"breadcrumb\":{\"@id\":\"https:\\\/\\\/profumix.it\\\/en\\\/prodotto\\\/thierry-mugler-angel-25ml-spray-eau-de-parfum-ricaricabile-profumo-in-latte-corpo-100ml-profumo-in-gel-doccia-radioso-30ml\\\/#breadcrumb\"},\"inLanguage\":\"en-US\",\"potentialAction\":[{\"@type\":\"ReadAction\",\"target\":[\"https:\\\/\\\/profumix.it\\\/en\\\/prodotto\\\/thierry-mugler-angel-25ml-spray-eau-de-parfum-ricaricabile-profumo-in-latte-corpo-100ml-profumo-in-gel-doccia-radioso-30ml\\\/\"]}]},{\"@type\":\"ImageObject\",\"inLanguage\":\"en-US\",\"@id\":\"https:\\\/\\\/profumix.it\\\/en\\\/prodotto\\\/thierry-mugler-angel-25ml-spray-eau-de-parfum-ricaricabile-profumo-in-latte-corpo-100ml-profumo-in-gel-doccia-radioso-30ml\\\/#primaryimage\",\"url\":\"https:\\\/\\\/profumix.it\\\/wp-content\\\/uploads\\\/2012\\\/11\\\/product_a_n_angel_coffret_25ml_ric..jpg\",\"contentUrl\":\"https:\\\/\\\/profumix.it\\\/wp-content\\\/uploads\\\/2012\\\/11\\\/product_a_n_angel_coffret_25ml_ric..jpg\",\"width\":657,\"height\":383,\"caption\":\"THIERRY MUGLER ANGEL 25ML SPRAY EAU DE PARFUM RICARICABILE + PROFUMO IN LATTE CORPO 100ML + PROFUMO IN GEL DOCCIA 30ML\"},{\"@type\":\"BreadcrumbList\",\"@id\":\"https:\\\/\\\/profumix.it\\\/en\\\/prodotto\\\/thierry-mugler-angel-25ml-spray-eau-de-parfum-ricaricabile-profumo-in-latte-corpo-100ml-profumo-in-gel-doccia-radioso-30ml\\\/#breadcrumb\",\"itemListElement\":[{\"@type\":\"ListItem\",\"position\":1,\"name\":\"Home\",\"item\":\"https:\\\/\\\/profumix.it\\\/en\\\/home\\\/\"},{\"@type\":\"ListItem\",\"position\":2,\"name\":\"Shop\",\"item\":\"https:\\\/\\\/profumix.it\\\/en\\\/shop\\\/\"},{\"@type\":\"ListItem\",\"position\":3,\"name\":\"THIERRY MUGLER ANGEL 25ML SPRAY EAU DE PARFUM RICARICABILE + PROFUMO IN LATTE CORPO 100ML + PROFUMO IN GEL DOCCIA 30ML\"}]},{\"@type\":\"WebSite\",\"@id\":\"https:\\\/\\\/profumix.it\\\/en\\\/#website\",\"url\":\"https:\\\/\\\/profumix.it\\\/en\\\/\",\"name\":\"Profumix Perfumes\",\"description\":\"\",\"potentialAction\":[{\"@type\":\"SearchAction\",\"target\":{\"@type\":\"EntryPoint\",\"urlTemplate\":\"https:\\\/\\\/profumix.it\\\/en\\\/?s={search_term_string}\"},\"query-input\":{\"@type\":\"PropertyValueSpecification\",\"valueRequired\":true,\"valueName\":\"search_term_string\"}}],\"inLanguage\":\"en-US\"}]}<\/script>\n<!-- \/ Yoast SEO plugin. -->","yoast_head_json":{"title":"THIERRY MUGLER ANGEL 25ML SPRAY EAU DE PARFUM RICARICABILE + PROFUMO IN LATTE CORPO 100ML + PROFUMO IN GEL DOCCIA 30ML","robots":{"index":"index","follow":"follow","max-snippet":"max-snippet:-1","max-image-preview":"max-image-preview:large","max-video-preview":"max-video-preview:-1"},"canonical":"https:\/\/profumix.it\/en\/prodotto\/thierry-mugler-angel-25ml-spray-eau-de-parfum-ricaricabile-profumo-in-latte-corpo-100ml-profumo-in-gel-doccia-radioso-30ml\/","og_locale":"en_US","og_type":"article","og_title":"THIERRY MUGLER ANGEL 25ML SPRAY EAU DE PARFUM RICARICABILE + PROFUMO IN LATTE CORPO 100ML + PROFUMO IN GEL DOCCIA 30ML","og_description":"ANGEL DI THIERRY MUGLER \u00c8 UN PROFUMO FEMMINILE ORIENTALE ALLA VANIGLIA. ANGEL \u00c8 STATO LANCIATO NEL 1992. ANGEL \u00c8 STATO CREATO DA OLIVIER CRESP E YVES DE CHIRIN. NOTE DI TESTA SONO: MELONE, COCCO, MANDARINO, CASSIA, GELSOMINO, BERGAMOTTO E ZUCCHERO FILATO NOTE DI CUORE SONO: MIELE, ALBICOCCA, MORA, PRUGNA, ORCHIDEA, PESCA, GELSOMINO, GIGLIO,BACCHE ROSSE E ROSA, NOTE DI BASE SONO: FAVA TONKA, AMBRA, PATCHOULI, MUSCHIO, VANIGLIA, CIOCCOLATO FONDENTE E CARAMELLO. QUESTO PROFUMO \u00c8 IL VINCITORE DEL PREMIO PREMIO SALA FIFI OF FAME 2007.","og_url":"https:\/\/profumix.it\/en\/prodotto\/thierry-mugler-angel-25ml-spray-eau-de-parfum-ricaricabile-profumo-in-latte-corpo-100ml-profumo-in-gel-doccia-radioso-30ml\/","og_site_name":"Profumix Perfumes","article_publisher":"https:\/\/www.facebook.com\/profumix","og_image":[{"width":657,"height":383,"url":"https:\/\/profumix.it\/wp-content\/uploads\/2012\/11\/product_a_n_angel_coffret_25ml_ric..jpg","type":"image\/jpeg"}],"twitter_card":"summary_large_image","schema":{"@context":"https:\/\/schema.org","@graph":[{"@type":"WebPage","@id":"https:\/\/profumix.it\/en\/prodotto\/thierry-mugler-angel-25ml-spray-eau-de-parfum-ricaricabile-profumo-in-latte-corpo-100ml-profumo-in-gel-doccia-radioso-30ml\/","url":"https:\/\/profumix.it\/en\/prodotto\/thierry-mugler-angel-25ml-spray-eau-de-parfum-ricaricabile-profumo-in-latte-corpo-100ml-profumo-in-gel-doccia-radioso-30ml\/","name":"THIERRY MUGLER ANGEL 25ML SPRAY EAU DE PARFUM RICARICABILE + PROFUMO IN LATTE CORPO 100ML + PROFUMO IN GEL DOCCIA 30ML","isPartOf":{"@id":"https:\/\/profumix.it\/en\/#website"},"primaryImageOfPage":{"@id":"https:\/\/profumix.it\/en\/prodotto\/thierry-mugler-angel-25ml-spray-eau-de-parfum-ricaricabile-profumo-in-latte-corpo-100ml-profumo-in-gel-doccia-radioso-30ml\/#primaryimage"},"image":{"@id":"https:\/\/profumix.it\/en\/prodotto\/thierry-mugler-angel-25ml-spray-eau-de-parfum-ricaricabile-profumo-in-latte-corpo-100ml-profumo-in-gel-doccia-radioso-30ml\/#primaryimage"},"thumbnailUrl":"https:\/\/profumix.it\/wp-content\/uploads\/2012\/11\/product_a_n_angel_coffret_25ml_ric..jpg","datePublished":"2012-11-10T11:48:34+00:00","breadcrumb":{"@id":"https:\/\/profumix.it\/en\/prodotto\/thierry-mugler-angel-25ml-spray-eau-de-parfum-ricaricabile-profumo-in-latte-corpo-100ml-profumo-in-gel-doccia-radioso-30ml\/#breadcrumb"},"inLanguage":"en-US","potentialAction":[{"@type":"ReadAction","target":["https:\/\/profumix.it\/en\/prodotto\/thierry-mugler-angel-25ml-spray-eau-de-parfum-ricaricabile-profumo-in-latte-corpo-100ml-profumo-in-gel-doccia-radioso-30ml\/"]}]},{"@type":"ImageObject","inLanguage":"en-US","@id":"https:\/\/profumix.it\/en\/prodotto\/thierry-mugler-angel-25ml-spray-eau-de-parfum-ricaricabile-profumo-in-latte-corpo-100ml-profumo-in-gel-doccia-radioso-30ml\/#primaryimage","url":"https:\/\/profumix.it\/wp-content\/uploads\/2012\/11\/product_a_n_angel_coffret_25ml_ric..jpg","contentUrl":"https:\/\/profumix.it\/wp-content\/uploads\/2012\/11\/product_a_n_angel_coffret_25ml_ric..jpg","width":657,"height":383,"caption":"THIERRY MUGLER ANGEL 25ML SPRAY EAU DE PARFUM RICARICABILE + PROFUMO IN LATTE CORPO 100ML + PROFUMO IN GEL DOCCIA 30ML"},{"@type":"BreadcrumbList","@id":"https:\/\/profumix.it\/en\/prodotto\/thierry-mugler-angel-25ml-spray-eau-de-parfum-ricaricabile-profumo-in-latte-corpo-100ml-profumo-in-gel-doccia-radioso-30ml\/#breadcrumb","itemListElement":[{"@type":"ListItem","position":1,"name":"Home","item":"https:\/\/profumix.it\/en\/home\/"},{"@type":"ListItem","position":2,"name":"Shop","item":"https:\/\/profumix.it\/en\/shop\/"},{"@type":"ListItem","position":3,"name":"THIERRY MUGLER ANGEL 25ML SPRAY EAU DE PARFUM RICARICABILE + PROFUMO IN LATTE CORPO 100ML + PROFUMO IN GEL DOCCIA 30ML"}]},{"@type":"WebSite","@id":"https:\/\/profumix.it\/en\/#website","url":"https:\/\/profumix.it\/en\/","name":"Profumix Perfumes","description":"","potentialAction":[{"@type":"SearchAction","target":{"@type":"EntryPoint","urlTemplate":"https:\/\/profumix.it\/en\/?s={search_term_string}"},"query-input":{"@type":"PropertyValueSpecification","valueRequired":true,"valueName":"search_term_string"}}],"inLanguage":"en-US"}]}},"_links":{"self":[{"href":"https:\/\/profumix.it\/en\/wp-json\/wp\/v2\/product\/76984","targetHints":{"allow":["GET"]}}],"collection":[{"href":"https:\/\/profumix.it\/en\/wp-json\/wp\/v2\/product"}],"about":[{"href":"https:\/\/profumix.it\/en\/wp-json\/wp\/v2\/types\/product"}],"replies":[{"embeddable":true,"href":"https:\/\/profumix.it\/en\/wp-json\/wp\/v2\/comments?post=76984"}],"wp:featuredmedia":[{"embeddable":true,"href":"https:\/\/profumix.it\/en\/wp-json\/wp\/v2\/media\/76983"}],"wp:attachment":[{"href":"https:\/\/profumix.it\/en\/wp-json\/wp\/v2\/media?parent=76984"}],"wp:term":[{"taxonomy":"product_brand","embeddable":true,"href":"https:\/\/profumix.it\/en\/wp-json\/wp\/v2\/product_brand?post=76984"},{"taxonomy":"product_cat","embeddable":true,"href":"https:\/\/profumix.it\/en\/wp-json\/wp\/v2\/product_cat?post=76984"},{"taxonomy":"product_tag","embeddable":true,"href":"https:\/\/profumix.it\/en\/wp-json\/wp\/v2\/product_tag?post=76984"}],"curies":[{"name":"wp","href":"https:\/\/api.w.org\/{rel}","templated":true}]}}