{"id":76994,"date":"2012-11-15T11:17:18","date_gmt":"2012-11-15T10:17:18","guid":{"rendered":"https:\/\/profumix.it\/prodotto\/versace-yellow-diamond-90ml-spray-eau-de-toilette-latte-corpo-profumato-100ml-trousse\/"},"modified":"2012-11-15T11:17:18","modified_gmt":"2012-11-15T10:17:18","slug":"versace-yellow-diamond-90ml-spray-eau-de-toilette-latte-corpo-profumato-100ml-trousse","status":"publish","type":"product","link":"https:\/\/profumix.it\/en\/prodotto\/versace-yellow-diamond-90ml-spray-eau-de-toilette-latte-corpo-profumato-100ml-trousse\/","title":{"rendered":"VERSACE YELLOW DIAMOND 90ML SPRAY EAU DE TOILETTE + LATTE CORPO PROFUMATO 100ML + TROUSSE"},"content":{"rendered":"<p>VERSACE HA LANCIATO LA SUA LINEA GLAMOUR ISPIRATA DA CRISTALLI, NEL 2004 CON IL PROFUMO CRYSTAL NOIR, SEGUITO DA BRIGHT CRYSTAL, PI\u00d9 LEGGERO E FRUTTATO NEL 2006. NEL 2011, UNA NUOVA FRAGRANZA EMERGE DALLA COLLEZIONE,ED IL SUO NOME \u00c8 YELLOW DIAMOND.<br \/>\nYELLOW DIAMOND \u00c8 REALIZZATO COME UNA FRAGRANZA PURA, TRASPARENTE, ARIOSA E FLOREALE, FRIZZANTE E INTENSA COME IL COLORE GIALLO, PUR ESSENDO LUSSUOSA E FEMMINILE COME UN DIAMANTE. LA SUA COMPOSIZIONE SI APRE CON LA FRESCHEZZA LUMINOSA DI LIMONE, BERGAMOTTO, NEROLI E SORBETTO DI PERA. IL CUORE PRESENTA FIORI D&#8217;ARANCIO, FRESIA, MIMOSA E LA NINFEA. LA BASE \u00c8 FATTA DI AMBRA, MUSCHIO E LEGNO DI GUAIACO PREGIATO.<br \/>\nLA BOTTIGLIA GIALLA RICALCA ESATTAMENTE QUELLE PRECEDENTI DELLA COLLEZIONE ISPIRATA AI CRISTALLI ED HA IL CARATTERISTICO TAPPO A FORMA DI DIAMANTE.<\/p>\n","protected":false},"excerpt":{"rendered":"<p>VERSACE HA LANCIATO LA SUA LINEA GLAMOUR ISPIRATA DA CRISTALLI, NEL 2004 CON IL PROFUMO CRYSTAL NOIR, SEGUITO DA BRIGHT CRYSTAL, PI\u00d9 LEGGERO E FRUTTATO NEL 2006. NEL 2011, UNA NUOVA FRAGRANZA EMERGE DALLA COLLEZIONE,ED IL SUO NOME \u00c8 YELLOW DIAMOND.<br \/>\nYELLOW DIAMOND \u00c8 REALIZZATO COME UNA FRAGRANZA PURA, TRASPARENTE, ARIOSA E FLOREALE, FRIZZANTE E INTENSA COME IL COLORE GIALLO, PUR ESSENDO LUSSUOSA E FEMMINILE COME UN DIAMANTE. LA SUA COMPOSIZIONE SI APRE CON LA FRESCHEZZA LUMINOSA DI LIMONE, BERGAMOTTO, NEROLI E SORBETTO DI PERA. IL CUORE PRESENTA FIORI D&#8217;ARANCIO, FRESIA, MIMOSA E LA NINFEA. LA BASE \u00c8 FATTA DI AMBRA, MUSCHIO E LEGNO DI GUAIACO PREGIATO.<br \/>\nLA BOTTIGLIA GIALLA RICALCA ESATTAMENTE QUELLE PRECEDENTI DELLA COLLEZIONE ISPIRATA AI CRISTALLI ED HA IL CARATTERISTICO TAPPO A FORMA DI DIAMANTE.<\/p>\n","protected":false},"featured_media":76993,"comment_status":"open","ping_status":"closed","template":"","meta":{"_et_pb_use_builder":"","_et_pb_old_content":"","_et_gb_content_width":""},"product_brand":[],"product_cat":[7113,7118,7099,7098],"product_tag":[],"class_list":{"0":"post-76994","1":"product","2":"type-product","3":"status-publish","4":"has-post-thumbnail","6":"product_cat-confezioni-regalo","7":"product_cat-donna-1-confezioni-regalo","8":"product_cat-offerte-da-non-perdere-default-category","9":"product_cat-default-category","10":"pa_bollino-offerta_speciale","11":"pa_confezione_desc-confezioneoriginalenotester","12":"pa_formato_filtro-90ml","13":"pa_manufacturer-versace","14":"pa_sconto_desc-6886","15":"pa_spedizione_gratuita-no","16":"pa_tipo_filtro-sprayeaudetoilette","18":"first","19":"outofstock","20":"sale","21":"shipping-taxable","22":"purchasable","23":"product-type-simple"},"yoast_head":"<!-- This site is optimized with the Yoast SEO plugin v27.4 - https:\/\/yoast.com\/product\/yoast-seo-wordpress\/ -->\n<title>VERSACE YELLOW DIAMOND 90ML SPRAY EAU DE TOILETTE + LATTE CORPO PROFUMATO 100ML + TROUSSE<\/title>\n<meta name=\"robots\" content=\"index, follow, max-snippet:-1, max-image-preview:large, max-video-preview:-1\" \/>\n<link rel=\"canonical\" href=\"https:\/\/profumix.it\/en\/prodotto\/versace-yellow-diamond-90ml-spray-eau-de-toilette-latte-corpo-profumato-100ml-trousse\/\" \/>\n<meta property=\"og:locale\" content=\"en_US\" \/>\n<meta property=\"og:type\" content=\"article\" \/>\n<meta property=\"og:title\" content=\"VERSACE YELLOW DIAMOND 90ML SPRAY EAU DE TOILETTE + LATTE CORPO PROFUMATO 100ML + TROUSSE\" \/>\n<meta property=\"og:description\" content=\"VERSACE HA LANCIATO LA SUA LINEA GLAMOUR ISPIRATA DA CRISTALLI, NEL 2004 CON IL PROFUMO CRYSTAL NOIR, SEGUITO DA BRIGHT CRYSTAL, PI\u00d9 LEGGERO E FRUTTATO NEL 2006. NEL 2011, UNA NUOVA FRAGRANZA EMERGE DALLA COLLEZIONE,ED IL SUO NOME \u00c8 YELLOW DIAMOND. YELLOW DIAMOND \u00c8 REALIZZATO COME UNA FRAGRANZA PURA, TRASPARENTE, ARIOSA E FLOREALE, FRIZZANTE E INTENSA COME IL COLORE GIALLO, PUR ESSENDO LUSSUOSA E FEMMINILE COME UN DIAMANTE. LA SUA COMPOSIZIONE SI APRE CON LA FRESCHEZZA LUMINOSA DI LIMONE, BERGAMOTTO, NEROLI E SORBETTO DI PERA. IL CUORE PRESENTA FIORI D&#039;ARANCIO, FRESIA, MIMOSA E LA NINFEA. LA BASE \u00c8 FATTA DI AMBRA, MUSCHIO E LEGNO DI GUAIACO PREGIATO. LA BOTTIGLIA GIALLA RICALCA ESATTAMENTE QUELLE PRECEDENTI DELLA COLLEZIONE ISPIRATA AI CRISTALLI ED HA IL CARATTERISTICO TAPPO A FORMA DI DIAMANTE.\" \/>\n<meta property=\"og:url\" content=\"https:\/\/profumix.it\/en\/prodotto\/versace-yellow-diamond-90ml-spray-eau-de-toilette-latte-corpo-profumato-100ml-trousse\/\" \/>\n<meta property=\"og:site_name\" content=\"Profumix Perfumes\" \/>\n<meta property=\"article:publisher\" content=\"https:\/\/www.facebook.com\/profumix\" \/>\n<meta property=\"og:image\" content=\"https:\/\/profumix.it\/wp-content\/uploads\/2012\/11\/product_v_e_versace_yellow_diamond_coffret.jpg\" \/>\n\t<meta property=\"og:image:width\" content=\"895\" \/>\n\t<meta property=\"og:image:height\" content=\"481\" \/>\n\t<meta property=\"og:image:type\" content=\"image\/jpeg\" \/>\n<meta name=\"twitter:card\" content=\"summary_large_image\" \/>\n<meta name=\"twitter:label1\" content=\"Est. reading time\" \/>\n\t<meta name=\"twitter:data1\" content=\"1 minute\" \/>\n<script type=\"application\/ld+json\" class=\"yoast-schema-graph\">{\"@context\":\"https:\\\/\\\/schema.org\",\"@graph\":[{\"@type\":\"WebPage\",\"@id\":\"https:\\\/\\\/profumix.it\\\/en\\\/prodotto\\\/versace-yellow-diamond-90ml-spray-eau-de-toilette-latte-corpo-profumato-100ml-trousse\\\/\",\"url\":\"https:\\\/\\\/profumix.it\\\/en\\\/prodotto\\\/versace-yellow-diamond-90ml-spray-eau-de-toilette-latte-corpo-profumato-100ml-trousse\\\/\",\"name\":\"VERSACE YELLOW DIAMOND 90ML SPRAY EAU DE TOILETTE + LATTE CORPO PROFUMATO 100ML + TROUSSE\",\"isPartOf\":{\"@id\":\"https:\\\/\\\/profumix.it\\\/en\\\/#website\"},\"primaryImageOfPage\":{\"@id\":\"https:\\\/\\\/profumix.it\\\/en\\\/prodotto\\\/versace-yellow-diamond-90ml-spray-eau-de-toilette-latte-corpo-profumato-100ml-trousse\\\/#primaryimage\"},\"image\":{\"@id\":\"https:\\\/\\\/profumix.it\\\/en\\\/prodotto\\\/versace-yellow-diamond-90ml-spray-eau-de-toilette-latte-corpo-profumato-100ml-trousse\\\/#primaryimage\"},\"thumbnailUrl\":\"https:\\\/\\\/profumix.it\\\/wp-content\\\/uploads\\\/2012\\\/11\\\/product_v_e_versace_yellow_diamond_coffret.jpg\",\"datePublished\":\"2012-11-15T10:17:18+00:00\",\"breadcrumb\":{\"@id\":\"https:\\\/\\\/profumix.it\\\/en\\\/prodotto\\\/versace-yellow-diamond-90ml-spray-eau-de-toilette-latte-corpo-profumato-100ml-trousse\\\/#breadcrumb\"},\"inLanguage\":\"en-US\",\"potentialAction\":[{\"@type\":\"ReadAction\",\"target\":[\"https:\\\/\\\/profumix.it\\\/en\\\/prodotto\\\/versace-yellow-diamond-90ml-spray-eau-de-toilette-latte-corpo-profumato-100ml-trousse\\\/\"]}]},{\"@type\":\"ImageObject\",\"inLanguage\":\"en-US\",\"@id\":\"https:\\\/\\\/profumix.it\\\/en\\\/prodotto\\\/versace-yellow-diamond-90ml-spray-eau-de-toilette-latte-corpo-profumato-100ml-trousse\\\/#primaryimage\",\"url\":\"https:\\\/\\\/profumix.it\\\/wp-content\\\/uploads\\\/2012\\\/11\\\/product_v_e_versace_yellow_diamond_coffret.jpg\",\"contentUrl\":\"https:\\\/\\\/profumix.it\\\/wp-content\\\/uploads\\\/2012\\\/11\\\/product_v_e_versace_yellow_diamond_coffret.jpg\",\"width\":895,\"height\":481,\"caption\":\"VERSACE YELLOW DIAMOND 90ML SPRAY EAU DE TOILETTE + LATTE CORPO PROFUMATO 100ML + TROUSSE\"},{\"@type\":\"BreadcrumbList\",\"@id\":\"https:\\\/\\\/profumix.it\\\/en\\\/prodotto\\\/versace-yellow-diamond-90ml-spray-eau-de-toilette-latte-corpo-profumato-100ml-trousse\\\/#breadcrumb\",\"itemListElement\":[{\"@type\":\"ListItem\",\"position\":1,\"name\":\"Home\",\"item\":\"https:\\\/\\\/profumix.it\\\/en\\\/home\\\/\"},{\"@type\":\"ListItem\",\"position\":2,\"name\":\"Shop\",\"item\":\"https:\\\/\\\/profumix.it\\\/en\\\/shop\\\/\"},{\"@type\":\"ListItem\",\"position\":3,\"name\":\"VERSACE YELLOW DIAMOND 90ML SPRAY EAU DE TOILETTE + LATTE CORPO PROFUMATO 100ML + TROUSSE\"}]},{\"@type\":\"WebSite\",\"@id\":\"https:\\\/\\\/profumix.it\\\/en\\\/#website\",\"url\":\"https:\\\/\\\/profumix.it\\\/en\\\/\",\"name\":\"Profumix Perfumes\",\"description\":\"\",\"potentialAction\":[{\"@type\":\"SearchAction\",\"target\":{\"@type\":\"EntryPoint\",\"urlTemplate\":\"https:\\\/\\\/profumix.it\\\/en\\\/?s={search_term_string}\"},\"query-input\":{\"@type\":\"PropertyValueSpecification\",\"valueRequired\":true,\"valueName\":\"search_term_string\"}}],\"inLanguage\":\"en-US\"}]}<\/script>\n<!-- \/ Yoast SEO plugin. -->","yoast_head_json":{"title":"VERSACE YELLOW DIAMOND 90ML SPRAY EAU DE TOILETTE + LATTE CORPO PROFUMATO 100ML + TROUSSE","robots":{"index":"index","follow":"follow","max-snippet":"max-snippet:-1","max-image-preview":"max-image-preview:large","max-video-preview":"max-video-preview:-1"},"canonical":"https:\/\/profumix.it\/en\/prodotto\/versace-yellow-diamond-90ml-spray-eau-de-toilette-latte-corpo-profumato-100ml-trousse\/","og_locale":"en_US","og_type":"article","og_title":"VERSACE YELLOW DIAMOND 90ML SPRAY EAU DE TOILETTE + LATTE CORPO PROFUMATO 100ML + TROUSSE","og_description":"VERSACE HA LANCIATO LA SUA LINEA GLAMOUR ISPIRATA DA CRISTALLI, NEL 2004 CON IL PROFUMO CRYSTAL NOIR, SEGUITO DA BRIGHT CRYSTAL, PI\u00d9 LEGGERO E FRUTTATO NEL 2006. NEL 2011, UNA NUOVA FRAGRANZA EMERGE DALLA COLLEZIONE,ED IL SUO NOME \u00c8 YELLOW DIAMOND. YELLOW DIAMOND \u00c8 REALIZZATO COME UNA FRAGRANZA PURA, TRASPARENTE, ARIOSA E FLOREALE, FRIZZANTE E INTENSA COME IL COLORE GIALLO, PUR ESSENDO LUSSUOSA E FEMMINILE COME UN DIAMANTE. LA SUA COMPOSIZIONE SI APRE CON LA FRESCHEZZA LUMINOSA DI LIMONE, BERGAMOTTO, NEROLI E SORBETTO DI PERA. IL CUORE PRESENTA FIORI D'ARANCIO, FRESIA, MIMOSA E LA NINFEA. LA BASE \u00c8 FATTA DI AMBRA, MUSCHIO E LEGNO DI GUAIACO PREGIATO. LA BOTTIGLIA GIALLA RICALCA ESATTAMENTE QUELLE PRECEDENTI DELLA COLLEZIONE ISPIRATA AI CRISTALLI ED HA IL CARATTERISTICO TAPPO A FORMA DI DIAMANTE.","og_url":"https:\/\/profumix.it\/en\/prodotto\/versace-yellow-diamond-90ml-spray-eau-de-toilette-latte-corpo-profumato-100ml-trousse\/","og_site_name":"Profumix Perfumes","article_publisher":"https:\/\/www.facebook.com\/profumix","og_image":[{"width":895,"height":481,"url":"https:\/\/profumix.it\/wp-content\/uploads\/2012\/11\/product_v_e_versace_yellow_diamond_coffret.jpg","type":"image\/jpeg"}],"twitter_card":"summary_large_image","twitter_misc":{"Est. reading time":"1 minute"},"schema":{"@context":"https:\/\/schema.org","@graph":[{"@type":"WebPage","@id":"https:\/\/profumix.it\/en\/prodotto\/versace-yellow-diamond-90ml-spray-eau-de-toilette-latte-corpo-profumato-100ml-trousse\/","url":"https:\/\/profumix.it\/en\/prodotto\/versace-yellow-diamond-90ml-spray-eau-de-toilette-latte-corpo-profumato-100ml-trousse\/","name":"VERSACE YELLOW DIAMOND 90ML SPRAY EAU DE TOILETTE + LATTE CORPO PROFUMATO 100ML + TROUSSE","isPartOf":{"@id":"https:\/\/profumix.it\/en\/#website"},"primaryImageOfPage":{"@id":"https:\/\/profumix.it\/en\/prodotto\/versace-yellow-diamond-90ml-spray-eau-de-toilette-latte-corpo-profumato-100ml-trousse\/#primaryimage"},"image":{"@id":"https:\/\/profumix.it\/en\/prodotto\/versace-yellow-diamond-90ml-spray-eau-de-toilette-latte-corpo-profumato-100ml-trousse\/#primaryimage"},"thumbnailUrl":"https:\/\/profumix.it\/wp-content\/uploads\/2012\/11\/product_v_e_versace_yellow_diamond_coffret.jpg","datePublished":"2012-11-15T10:17:18+00:00","breadcrumb":{"@id":"https:\/\/profumix.it\/en\/prodotto\/versace-yellow-diamond-90ml-spray-eau-de-toilette-latte-corpo-profumato-100ml-trousse\/#breadcrumb"},"inLanguage":"en-US","potentialAction":[{"@type":"ReadAction","target":["https:\/\/profumix.it\/en\/prodotto\/versace-yellow-diamond-90ml-spray-eau-de-toilette-latte-corpo-profumato-100ml-trousse\/"]}]},{"@type":"ImageObject","inLanguage":"en-US","@id":"https:\/\/profumix.it\/en\/prodotto\/versace-yellow-diamond-90ml-spray-eau-de-toilette-latte-corpo-profumato-100ml-trousse\/#primaryimage","url":"https:\/\/profumix.it\/wp-content\/uploads\/2012\/11\/product_v_e_versace_yellow_diamond_coffret.jpg","contentUrl":"https:\/\/profumix.it\/wp-content\/uploads\/2012\/11\/product_v_e_versace_yellow_diamond_coffret.jpg","width":895,"height":481,"caption":"VERSACE YELLOW DIAMOND 90ML SPRAY EAU DE TOILETTE + LATTE CORPO PROFUMATO 100ML + TROUSSE"},{"@type":"BreadcrumbList","@id":"https:\/\/profumix.it\/en\/prodotto\/versace-yellow-diamond-90ml-spray-eau-de-toilette-latte-corpo-profumato-100ml-trousse\/#breadcrumb","itemListElement":[{"@type":"ListItem","position":1,"name":"Home","item":"https:\/\/profumix.it\/en\/home\/"},{"@type":"ListItem","position":2,"name":"Shop","item":"https:\/\/profumix.it\/en\/shop\/"},{"@type":"ListItem","position":3,"name":"VERSACE YELLOW DIAMOND 90ML SPRAY EAU DE TOILETTE + LATTE CORPO PROFUMATO 100ML + TROUSSE"}]},{"@type":"WebSite","@id":"https:\/\/profumix.it\/en\/#website","url":"https:\/\/profumix.it\/en\/","name":"Profumix Perfumes","description":"","potentialAction":[{"@type":"SearchAction","target":{"@type":"EntryPoint","urlTemplate":"https:\/\/profumix.it\/en\/?s={search_term_string}"},"query-input":{"@type":"PropertyValueSpecification","valueRequired":true,"valueName":"search_term_string"}}],"inLanguage":"en-US"}]}},"_links":{"self":[{"href":"https:\/\/profumix.it\/en\/wp-json\/wp\/v2\/product\/76994","targetHints":{"allow":["GET"]}}],"collection":[{"href":"https:\/\/profumix.it\/en\/wp-json\/wp\/v2\/product"}],"about":[{"href":"https:\/\/profumix.it\/en\/wp-json\/wp\/v2\/types\/product"}],"replies":[{"embeddable":true,"href":"https:\/\/profumix.it\/en\/wp-json\/wp\/v2\/comments?post=76994"}],"wp:featuredmedia":[{"embeddable":true,"href":"https:\/\/profumix.it\/en\/wp-json\/wp\/v2\/media\/76993"}],"wp:attachment":[{"href":"https:\/\/profumix.it\/en\/wp-json\/wp\/v2\/media?parent=76994"}],"wp:term":[{"taxonomy":"product_brand","embeddable":true,"href":"https:\/\/profumix.it\/en\/wp-json\/wp\/v2\/product_brand?post=76994"},{"taxonomy":"product_cat","embeddable":true,"href":"https:\/\/profumix.it\/en\/wp-json\/wp\/v2\/product_cat?post=76994"},{"taxonomy":"product_tag","embeddable":true,"href":"https:\/\/profumix.it\/en\/wp-json\/wp\/v2\/product_tag?post=76994"}],"curies":[{"name":"wp","href":"https:\/\/api.w.org\/{rel}","templated":true}]}}