{"id":77012,"date":"2012-11-24T12:07:37","date_gmt":"2012-11-24T11:07:37","guid":{"rendered":"https:\/\/profumix.it\/prodotto\/prada-luna-rossa-100ml-spray-eau-de-toilette-pour-homme-gel-doccia-100ml-trousse\/"},"modified":"2012-11-24T12:07:37","modified_gmt":"2012-11-24T11:07:37","slug":"prada-luna-rossa-100ml-spray-eau-de-toilette-pour-homme-gel-doccia-100ml-trousse","status":"publish","type":"product","link":"https:\/\/profumix.it\/en\/prodotto\/prada-luna-rossa-100ml-spray-eau-de-toilette-pour-homme-gel-doccia-100ml-trousse\/","title":{"rendered":"PRADA LUNA ROSSA 100ML SPRAY EAU DE TOILETTE POUR HOMME + GEL DOCCIA 100ML + TROUSSE"},"content":{"rendered":"<p>PRADA NEL SETTEMBRE 2012, PRESENTA UNA NUOVA FRAGRANZA MASCHILE IL CUI NOME PRENDE SPUNTO DALLA BARCA A VELA E DALL&#8217;EQUIPAGGIO &#8220;RED MOON&#8221; O LUNA ROSSA.<br \/>\nIL NASO DIETRO A QUESTO PROFUMO \u00c8 DANIELA ROCHE-ANDRIER.<br \/>\nLA COMPOSIZIONE SI SVILUPPA INTORNO ALLA SUA NOTA PRINCIPALE: LA LAVANDA, LA CUI INTENSIT\u00c0 E FRESCHEZZA \u00c8 ENFATIZZATA DALL&#8217;USO DI NOTE CLASSICHE COME: ARANCIO, SALVIA SCLAREA E MENTA VERDE.<br \/>\nIL DESIGN DELLA BOTTIGLIA \u00c8 ISPIRATO ALLA VELA MODERNA, FIRMATA DA YVES BEHAR. <\/p>\n","protected":false},"excerpt":{"rendered":"<p>PRADA NEL SETTEMBRE 2012, PRESENTA UNA NUOVA FRAGRANZA MASCHILE IL CUI NOME PRENDE SPUNTO DALLA BARCA A VELA E DALL&#8217;EQUIPAGGIO &#8220;RED MOON&#8221; O LUNA ROSSA.<br \/>\nIL NASO DIETRO A QUESTO PROFUMO \u00c8 DANIELA ROCHE-ANDRIER.<br \/>\nLA COMPOSIZIONE SI SVILUPPA INTORNO ALLA SUA NOTA PRINCIPALE: LA LAVANDA, LA CUI INTENSIT\u00c0 E FRESCHEZZA \u00c8 ENFATIZZATA DALL&#8217;USO DI NOTE CLASSICHE COME: ARANCIO, SALVIA SCLAREA E MENTA VERDE.<br \/>\nIL DESIGN DELLA BOTTIGLIA \u00c8 ISPIRATO ALLA VELA MODERNA, FIRMATA DA YVES BEHAR. <\/p>\n","protected":false},"featured_media":77011,"comment_status":"open","ping_status":"closed","template":"","meta":{"_et_pb_use_builder":"","_et_pb_old_content":"","_et_gb_content_width":""},"product_brand":[],"product_cat":[7113,7098,7114],"product_tag":[],"class_list":{"0":"post-77012","1":"product","2":"type-product","3":"status-publish","4":"has-post-thumbnail","6":"product_cat-confezioni-regalo","7":"product_cat-default-category","8":"product_cat-uomo-1-confezioni-regalo","9":"pa_bollino-offerta_speciale","10":"pa_confezione_desc-confezioneoriginalenotester","11":"pa_formato_filtro-100ml","12":"pa_manufacturer-prada","13":"pa_sconto_desc-6887","14":"pa_spedizione_gratuita-no","15":"pa_tipo_filtro-sprayeaudetoilette","17":"first","18":"outofstock","19":"sale","20":"shipping-taxable","21":"purchasable","22":"product-type-simple"},"yoast_head":"<!-- This site is optimized with the Yoast SEO plugin v27.4 - https:\/\/yoast.com\/product\/yoast-seo-wordpress\/ -->\n<title>PRADA LUNA ROSSA 100ML SPRAY EAU DE TOILETTE POUR HOMME + GEL DOCCIA 100ML + TROUSSE<\/title>\n<meta name=\"robots\" content=\"index, follow, max-snippet:-1, max-image-preview:large, max-video-preview:-1\" \/>\n<link rel=\"canonical\" href=\"https:\/\/profumix.it\/en\/prodotto\/prada-luna-rossa-100ml-spray-eau-de-toilette-pour-homme-gel-doccia-100ml-trousse\/\" \/>\n<meta property=\"og:locale\" content=\"en_US\" \/>\n<meta property=\"og:type\" content=\"article\" \/>\n<meta property=\"og:title\" content=\"PRADA LUNA ROSSA 100ML SPRAY EAU DE TOILETTE POUR HOMME + GEL DOCCIA 100ML + TROUSSE\" \/>\n<meta property=\"og:description\" content=\"PRADA NEL SETTEMBRE 2012, PRESENTA UNA NUOVA FRAGRANZA MASCHILE IL CUI NOME PRENDE SPUNTO DALLA BARCA A VELA E DALL&#039;EQUIPAGGIO &quot;RED MOON&quot; O LUNA ROSSA.  IL NASO DIETRO A QUESTO PROFUMO \u00c8 DANIELA ROCHE-ANDRIER. LA COMPOSIZIONE SI SVILUPPA INTORNO ALLA SUA NOTA PRINCIPALE: LA LAVANDA, LA CUI INTENSIT\u00c0 E FRESCHEZZA \u00c8 ENFATIZZATA DALL&#039;USO DI NOTE CLASSICHE COME: ARANCIO, SALVIA SCLAREA E MENTA VERDE. IL DESIGN DELLA BOTTIGLIA \u00c8 ISPIRATO ALLA VELA MODERNA, FIRMATA DA YVES BEHAR.\" \/>\n<meta property=\"og:url\" content=\"https:\/\/profumix.it\/en\/prodotto\/prada-luna-rossa-100ml-spray-eau-de-toilette-pour-homme-gel-doccia-100ml-trousse\/\" \/>\n<meta property=\"og:site_name\" content=\"Profumix Perfumes\" \/>\n<meta property=\"article:publisher\" content=\"https:\/\/www.facebook.com\/profumix\" \/>\n<meta property=\"og:image\" content=\"https:\/\/profumix.it\/wp-content\/uploads\/2012\/11\/product_p_r_prada_luna_rossa_gift_set.jpg\" \/>\n\t<meta property=\"og:image:width\" content=\"384\" \/>\n\t<meta property=\"og:image:height\" content=\"275\" \/>\n\t<meta property=\"og:image:type\" content=\"image\/jpeg\" \/>\n<meta name=\"twitter:card\" content=\"summary_large_image\" \/>\n<script type=\"application\/ld+json\" class=\"yoast-schema-graph\">{\"@context\":\"https:\\\/\\\/schema.org\",\"@graph\":[{\"@type\":\"WebPage\",\"@id\":\"https:\\\/\\\/profumix.it\\\/en\\\/prodotto\\\/prada-luna-rossa-100ml-spray-eau-de-toilette-pour-homme-gel-doccia-100ml-trousse\\\/\",\"url\":\"https:\\\/\\\/profumix.it\\\/en\\\/prodotto\\\/prada-luna-rossa-100ml-spray-eau-de-toilette-pour-homme-gel-doccia-100ml-trousse\\\/\",\"name\":\"PRADA LUNA ROSSA 100ML SPRAY EAU DE TOILETTE POUR HOMME + GEL DOCCIA 100ML + TROUSSE\",\"isPartOf\":{\"@id\":\"https:\\\/\\\/profumix.it\\\/en\\\/#website\"},\"primaryImageOfPage\":{\"@id\":\"https:\\\/\\\/profumix.it\\\/en\\\/prodotto\\\/prada-luna-rossa-100ml-spray-eau-de-toilette-pour-homme-gel-doccia-100ml-trousse\\\/#primaryimage\"},\"image\":{\"@id\":\"https:\\\/\\\/profumix.it\\\/en\\\/prodotto\\\/prada-luna-rossa-100ml-spray-eau-de-toilette-pour-homme-gel-doccia-100ml-trousse\\\/#primaryimage\"},\"thumbnailUrl\":\"https:\\\/\\\/profumix.it\\\/wp-content\\\/uploads\\\/2012\\\/11\\\/product_p_r_prada_luna_rossa_gift_set.jpg\",\"datePublished\":\"2012-11-24T11:07:37+00:00\",\"breadcrumb\":{\"@id\":\"https:\\\/\\\/profumix.it\\\/en\\\/prodotto\\\/prada-luna-rossa-100ml-spray-eau-de-toilette-pour-homme-gel-doccia-100ml-trousse\\\/#breadcrumb\"},\"inLanguage\":\"en-US\",\"potentialAction\":[{\"@type\":\"ReadAction\",\"target\":[\"https:\\\/\\\/profumix.it\\\/en\\\/prodotto\\\/prada-luna-rossa-100ml-spray-eau-de-toilette-pour-homme-gel-doccia-100ml-trousse\\\/\"]}]},{\"@type\":\"ImageObject\",\"inLanguage\":\"en-US\",\"@id\":\"https:\\\/\\\/profumix.it\\\/en\\\/prodotto\\\/prada-luna-rossa-100ml-spray-eau-de-toilette-pour-homme-gel-doccia-100ml-trousse\\\/#primaryimage\",\"url\":\"https:\\\/\\\/profumix.it\\\/wp-content\\\/uploads\\\/2012\\\/11\\\/product_p_r_prada_luna_rossa_gift_set.jpg\",\"contentUrl\":\"https:\\\/\\\/profumix.it\\\/wp-content\\\/uploads\\\/2012\\\/11\\\/product_p_r_prada_luna_rossa_gift_set.jpg\",\"width\":384,\"height\":275,\"caption\":\"PRADA LUNA ROSSA 100ML SPRAY EAU DE TOILETTE POUR HOMME + GEL DOCCIA 100ML + TROUSSE\"},{\"@type\":\"BreadcrumbList\",\"@id\":\"https:\\\/\\\/profumix.it\\\/en\\\/prodotto\\\/prada-luna-rossa-100ml-spray-eau-de-toilette-pour-homme-gel-doccia-100ml-trousse\\\/#breadcrumb\",\"itemListElement\":[{\"@type\":\"ListItem\",\"position\":1,\"name\":\"Home\",\"item\":\"https:\\\/\\\/profumix.it\\\/en\\\/home\\\/\"},{\"@type\":\"ListItem\",\"position\":2,\"name\":\"Shop\",\"item\":\"https:\\\/\\\/profumix.it\\\/en\\\/shop\\\/\"},{\"@type\":\"ListItem\",\"position\":3,\"name\":\"PRADA LUNA ROSSA 100ML SPRAY EAU DE TOILETTE POUR HOMME + GEL DOCCIA 100ML + TROUSSE\"}]},{\"@type\":\"WebSite\",\"@id\":\"https:\\\/\\\/profumix.it\\\/en\\\/#website\",\"url\":\"https:\\\/\\\/profumix.it\\\/en\\\/\",\"name\":\"Profumix Perfumes\",\"description\":\"\",\"potentialAction\":[{\"@type\":\"SearchAction\",\"target\":{\"@type\":\"EntryPoint\",\"urlTemplate\":\"https:\\\/\\\/profumix.it\\\/en\\\/?s={search_term_string}\"},\"query-input\":{\"@type\":\"PropertyValueSpecification\",\"valueRequired\":true,\"valueName\":\"search_term_string\"}}],\"inLanguage\":\"en-US\"}]}<\/script>\n<!-- \/ Yoast SEO plugin. -->","yoast_head_json":{"title":"PRADA LUNA ROSSA 100ML SPRAY EAU DE TOILETTE POUR HOMME + GEL DOCCIA 100ML + TROUSSE","robots":{"index":"index","follow":"follow","max-snippet":"max-snippet:-1","max-image-preview":"max-image-preview:large","max-video-preview":"max-video-preview:-1"},"canonical":"https:\/\/profumix.it\/en\/prodotto\/prada-luna-rossa-100ml-spray-eau-de-toilette-pour-homme-gel-doccia-100ml-trousse\/","og_locale":"en_US","og_type":"article","og_title":"PRADA LUNA ROSSA 100ML SPRAY EAU DE TOILETTE POUR HOMME + GEL DOCCIA 100ML + TROUSSE","og_description":"PRADA NEL SETTEMBRE 2012, PRESENTA UNA NUOVA FRAGRANZA MASCHILE IL CUI NOME PRENDE SPUNTO DALLA BARCA A VELA E DALL'EQUIPAGGIO \"RED MOON\" O LUNA ROSSA.  IL NASO DIETRO A QUESTO PROFUMO \u00c8 DANIELA ROCHE-ANDRIER. LA COMPOSIZIONE SI SVILUPPA INTORNO ALLA SUA NOTA PRINCIPALE: LA LAVANDA, LA CUI INTENSIT\u00c0 E FRESCHEZZA \u00c8 ENFATIZZATA DALL'USO DI NOTE CLASSICHE COME: ARANCIO, SALVIA SCLAREA E MENTA VERDE. IL DESIGN DELLA BOTTIGLIA \u00c8 ISPIRATO ALLA VELA MODERNA, FIRMATA DA YVES BEHAR.","og_url":"https:\/\/profumix.it\/en\/prodotto\/prada-luna-rossa-100ml-spray-eau-de-toilette-pour-homme-gel-doccia-100ml-trousse\/","og_site_name":"Profumix Perfumes","article_publisher":"https:\/\/www.facebook.com\/profumix","og_image":[{"width":384,"height":275,"url":"https:\/\/profumix.it\/wp-content\/uploads\/2012\/11\/product_p_r_prada_luna_rossa_gift_set.jpg","type":"image\/jpeg"}],"twitter_card":"summary_large_image","schema":{"@context":"https:\/\/schema.org","@graph":[{"@type":"WebPage","@id":"https:\/\/profumix.it\/en\/prodotto\/prada-luna-rossa-100ml-spray-eau-de-toilette-pour-homme-gel-doccia-100ml-trousse\/","url":"https:\/\/profumix.it\/en\/prodotto\/prada-luna-rossa-100ml-spray-eau-de-toilette-pour-homme-gel-doccia-100ml-trousse\/","name":"PRADA LUNA ROSSA 100ML SPRAY EAU DE TOILETTE POUR HOMME + GEL DOCCIA 100ML + TROUSSE","isPartOf":{"@id":"https:\/\/profumix.it\/en\/#website"},"primaryImageOfPage":{"@id":"https:\/\/profumix.it\/en\/prodotto\/prada-luna-rossa-100ml-spray-eau-de-toilette-pour-homme-gel-doccia-100ml-trousse\/#primaryimage"},"image":{"@id":"https:\/\/profumix.it\/en\/prodotto\/prada-luna-rossa-100ml-spray-eau-de-toilette-pour-homme-gel-doccia-100ml-trousse\/#primaryimage"},"thumbnailUrl":"https:\/\/profumix.it\/wp-content\/uploads\/2012\/11\/product_p_r_prada_luna_rossa_gift_set.jpg","datePublished":"2012-11-24T11:07:37+00:00","breadcrumb":{"@id":"https:\/\/profumix.it\/en\/prodotto\/prada-luna-rossa-100ml-spray-eau-de-toilette-pour-homme-gel-doccia-100ml-trousse\/#breadcrumb"},"inLanguage":"en-US","potentialAction":[{"@type":"ReadAction","target":["https:\/\/profumix.it\/en\/prodotto\/prada-luna-rossa-100ml-spray-eau-de-toilette-pour-homme-gel-doccia-100ml-trousse\/"]}]},{"@type":"ImageObject","inLanguage":"en-US","@id":"https:\/\/profumix.it\/en\/prodotto\/prada-luna-rossa-100ml-spray-eau-de-toilette-pour-homme-gel-doccia-100ml-trousse\/#primaryimage","url":"https:\/\/profumix.it\/wp-content\/uploads\/2012\/11\/product_p_r_prada_luna_rossa_gift_set.jpg","contentUrl":"https:\/\/profumix.it\/wp-content\/uploads\/2012\/11\/product_p_r_prada_luna_rossa_gift_set.jpg","width":384,"height":275,"caption":"PRADA LUNA ROSSA 100ML SPRAY EAU DE TOILETTE POUR HOMME + GEL DOCCIA 100ML + TROUSSE"},{"@type":"BreadcrumbList","@id":"https:\/\/profumix.it\/en\/prodotto\/prada-luna-rossa-100ml-spray-eau-de-toilette-pour-homme-gel-doccia-100ml-trousse\/#breadcrumb","itemListElement":[{"@type":"ListItem","position":1,"name":"Home","item":"https:\/\/profumix.it\/en\/home\/"},{"@type":"ListItem","position":2,"name":"Shop","item":"https:\/\/profumix.it\/en\/shop\/"},{"@type":"ListItem","position":3,"name":"PRADA LUNA ROSSA 100ML SPRAY EAU DE TOILETTE POUR HOMME + GEL DOCCIA 100ML + TROUSSE"}]},{"@type":"WebSite","@id":"https:\/\/profumix.it\/en\/#website","url":"https:\/\/profumix.it\/en\/","name":"Profumix Perfumes","description":"","potentialAction":[{"@type":"SearchAction","target":{"@type":"EntryPoint","urlTemplate":"https:\/\/profumix.it\/en\/?s={search_term_string}"},"query-input":{"@type":"PropertyValueSpecification","valueRequired":true,"valueName":"search_term_string"}}],"inLanguage":"en-US"}]}},"_links":{"self":[{"href":"https:\/\/profumix.it\/en\/wp-json\/wp\/v2\/product\/77012","targetHints":{"allow":["GET"]}}],"collection":[{"href":"https:\/\/profumix.it\/en\/wp-json\/wp\/v2\/product"}],"about":[{"href":"https:\/\/profumix.it\/en\/wp-json\/wp\/v2\/types\/product"}],"replies":[{"embeddable":true,"href":"https:\/\/profumix.it\/en\/wp-json\/wp\/v2\/comments?post=77012"}],"wp:featuredmedia":[{"embeddable":true,"href":"https:\/\/profumix.it\/en\/wp-json\/wp\/v2\/media\/77011"}],"wp:attachment":[{"href":"https:\/\/profumix.it\/en\/wp-json\/wp\/v2\/media?parent=77012"}],"wp:term":[{"taxonomy":"product_brand","embeddable":true,"href":"https:\/\/profumix.it\/en\/wp-json\/wp\/v2\/product_brand?post=77012"},{"taxonomy":"product_cat","embeddable":true,"href":"https:\/\/profumix.it\/en\/wp-json\/wp\/v2\/product_cat?post=77012"},{"taxonomy":"product_tag","embeddable":true,"href":"https:\/\/profumix.it\/en\/wp-json\/wp\/v2\/product_tag?post=77012"}],"curies":[{"name":"wp","href":"https:\/\/api.w.org\/{rel}","templated":true}]}}