{"id":77074,"date":"2013-01-23T16:29:21","date_gmt":"2013-01-23T15:29:21","guid":{"rendered":"https:\/\/profumix.it\/prodotto\/calvin-klein-ck-obsession-night-100ml-spray-eau-de-parfum\/"},"modified":"2013-01-23T16:29:21","modified_gmt":"2013-01-23T15:29:21","slug":"calvin-klein-ck-obsession-night-100ml-spray-eau-de-parfum","status":"publish","type":"product","link":"https:\/\/profumix.it\/en\/prodotto\/calvin-klein-ck-obsession-night-100ml-spray-eau-de-parfum\/","title":{"rendered":"CALVIN KLEIN CK OBSESSION NIGHT 100ML SPRAY EAU DE PARFUM"},"content":{"rendered":"<p>CALVIN KLEIN OBSESSION NIGHT EAU DE PARFUM DONNA<br \/>\nPROVOCATORIO, SEDUCENTE, SEDUCENTE UNA FRAGRANZA ORIENTALE FLOREALE, OBSESSION NIGHT \u00c8 UNA CREAZIONE DI CALVIN KLEIN PER LE DONNE, CHE EVOCA IL ROMANTICISMO E LA PASSIONE IN UNA NOTTE SOTTO LE STELLE, L&#8217;ESTATE IN UN BELLISSIMO GIARDINO CHE \u00c8 IN PIENA FIORITURA. JUICY AGRUMI CON FIORI ANGELICA E IL BIANCO \u00c8 LA POZIONE MAGICA CHE ACCENDE LA PASSIONE, UN PROFUMO COS\u00cc AMMALIANTE CHE GLI AMANTI SONO UBRIACA GLI AROMI. PER CELEBRARE LA LORO UNIONE GIOIOSA, I FIORI DEL CUORE CON GLI AROMI DI ROSA, GIGLIO, GELSOMINO E GARDENIA. ESAURITO E LANGUIDO, I PROFUMI DI LEGNO DI SANDALO, LEGNO DI CASHMERE E FAVA TRASUDAVA DALLA FRAGRANZA SI SOFFERMA A RACCONTARE LA STORIA D&#8217;AMORE. NOTA DI TESTA BERGAMOTTO, ARANCIA AMARA, MANDARINO, FIORI BIANCHI, ANGELICA NOTA DI CUORE ROSA, MUGHETTO, GARDENIA, GELSOMINO NOTA DI FONDO LEGNO DI CACHEMIRE, VANIGLIA, FAVA TONKA, AMBRA, LEGNO DI SANDALO CLASSIFICAZIONE: ORIENTALE \/ ROMANTICO CREATO: 2005<\/p>\n","protected":false},"excerpt":{"rendered":"<p>CALVIN KLEIN OBSESSION NIGHT EAU DE PARFUM DONNA\u00a0<br \/>\nPROVOCATORIO, SEDUCENTE, SEDUCENTE UNA FRAGRANZA ORIENTALE FLOREALE, OBSESSION NIGHT \u00c8 UNA CREAZIONE DI CALVIN KLEIN PER LE DONNE, CHE EVOCA IL ROMANTICISMO E LA PASSIONE IN UNA NOTTE SOTTO LE STELLE, L&#8217;ESTATE IN UN BELLISSIMO GIARDINO CHE \u00c8 IN PIENA FIORITURA. JUICY AGRUMI CON FIORI ANGELICA E IL BIANCO \u00c8 LA POZIONE MAGICA CHE ACCENDE LA PASSIONE, UN PROFUMO COS\u00cc AMMALIANTE CHE GLI AMANTI SONO UBRIACA GLI AROMI. PER CELEBRARE LA LORO UNIONE GIOIOSA, I FIORI DEL CUORE CON GLI AROMI DI ROSA, GIGLIO, GELSOMINO E GARDENIA. ESAURITO E LANGUIDO, I PROFUMI DI LEGNO DI SANDALO, LEGNO DI CASHMERE E FAVA TRASUDAVA DALLA FRAGRANZA SI SOFFERMA A RACCONTARE LA STORIA D&#8217;AMORE. NOTA DI TESTA BERGAMOTTO, ARANCIA AMARA, MANDARINO, FIORI BIANCHI, ANGELICA NOTA DI CUORE ROSA, MUGHETTO, GARDENIA, GELSOMINO NOTA DI FONDO LEGNO DI CACHEMIRE, VANIGLIA, FAVA TONKA, AMBRA, LEGNO DI SANDALO CLASSIFICAZIONE: ORIENTALE \/ ROMANTICO CREATO: 2005<\/p>\n","protected":false},"featured_media":77073,"comment_status":"open","ping_status":"closed","template":"","meta":{"_et_pb_use_builder":"","_et_pb_old_content":"","_et_gb_content_width":""},"product_brand":[],"product_cat":[7173,7109,7099,7098,7106],"product_tag":[],"class_list":{"0":"post-77074","1":"product","2":"type-product","3":"status-publish","4":"has-post-thumbnail","6":"product_cat-articoli-fuori-produzione-e-rarita","7":"product_cat-donna","8":"product_cat-offerte-da-non-perdere-default-category","9":"product_cat-default-category","10":"product_cat-profumi-default-category","11":"pa_bollino-offerta_speciale","12":"pa_categoria_desc-profumidonna","13":"pa_confezione_desc-16-confezioneoriginaleblister","14":"pa_formato_filtro-100ml","15":"pa_manufacturer-calvinklein","16":"pa_sconto_desc-6930","17":"pa_spedizione_gratuita-no","18":"pa_tipo_filtro-sprayeaudeparfum","20":"first","21":"outofstock","22":"sale","23":"shipping-taxable","24":"purchasable","25":"product-type-simple"},"yoast_head":"<!-- This site is optimized with the Yoast SEO plugin v27.4 - https:\/\/yoast.com\/product\/yoast-seo-wordpress\/ -->\n<title>CALVIN KLEIN CK OBSESSION NIGHT 100ML SPRAY EAU DE PARFUM<\/title>\n<meta name=\"robots\" content=\"index, follow, max-snippet:-1, max-image-preview:large, max-video-preview:-1\" \/>\n<link rel=\"canonical\" href=\"https:\/\/profumix.it\/en\/prodotto\/calvin-klein-ck-obsession-night-100ml-spray-eau-de-parfum\/\" \/>\n<meta property=\"og:locale\" content=\"en_US\" \/>\n<meta property=\"og:type\" content=\"article\" \/>\n<meta property=\"og:title\" content=\"CALVIN KLEIN CK OBSESSION NIGHT 100ML SPRAY EAU DE PARFUM\" \/>\n<meta property=\"og:description\" content=\"CALVIN KLEIN OBSESSION NIGHT EAU DE PARFUM DONNA\u00a0 PROVOCATORIO, SEDUCENTE, SEDUCENTE UNA FRAGRANZA ORIENTALE FLOREALE, OBSESSION NIGHT \u00c8 UNA CREAZIONE DI CALVIN KLEIN PER LE DONNE, CHE EVOCA IL ROMANTICISMO E LA PASSIONE IN UNA NOTTE SOTTO LE STELLE, L&#039;ESTATE IN UN BELLISSIMO GIARDINO CHE \u00c8 IN PIENA FIORITURA. JUICY AGRUMI CON FIORI ANGELICA E IL BIANCO \u00c8 LA POZIONE MAGICA CHE ACCENDE LA PASSIONE, UN PROFUMO COS\u00cc AMMALIANTE CHE GLI AMANTI SONO UBRIACA GLI AROMI. PER CELEBRARE LA LORO UNIONE GIOIOSA, I FIORI DEL CUORE CON GLI AROMI DI ROSA, GIGLIO, GELSOMINO E GARDENIA. ESAURITO E LANGUIDO, I PROFUMI DI LEGNO DI SANDALO, LEGNO DI CASHMERE E FAVA TRASUDAVA DALLA FRAGRANZA SI SOFFERMA A RACCONTARE LA STORIA D&#039;AMORE. NOTA DI TESTA BERGAMOTTO, ARANCIA AMARA, MANDARINO, FIORI BIANCHI, ANGELICA NOTA DI CUORE ROSA, MUGHETTO, GARDENIA, GELSOMINO NOTA DI FONDO LEGNO DI CACHEMIRE, VANIGLIA, FAVA TONKA, AMBRA, LEGNO DI SANDALO CLASSIFICAZIONE: ORIENTALE \/ ROMANTICO CREATO: 2005\" \/>\n<meta property=\"og:url\" content=\"https:\/\/profumix.it\/en\/prodotto\/calvin-klein-ck-obsession-night-100ml-spray-eau-de-parfum\/\" \/>\n<meta property=\"og:site_name\" content=\"Profumix Perfumes\" \/>\n<meta property=\"article:publisher\" content=\"https:\/\/www.facebook.com\/profumix\" \/>\n<meta property=\"og:image\" content=\"https:\/\/profumix.it\/wp-content\/uploads\/2013\/01\/product_c_a_calvin-klein-obsession-night-edp-100ml.jpg\" \/>\n\t<meta property=\"og:image:width\" content=\"513\" \/>\n\t<meta property=\"og:image:height\" content=\"520\" \/>\n\t<meta property=\"og:image:type\" content=\"image\/jpeg\" \/>\n<meta name=\"twitter:card\" content=\"summary_large_image\" \/>\n<meta name=\"twitter:label1\" content=\"Est. reading time\" \/>\n\t<meta name=\"twitter:data1\" content=\"1 minute\" \/>\n<script type=\"application\/ld+json\" class=\"yoast-schema-graph\">{\"@context\":\"https:\\\/\\\/schema.org\",\"@graph\":[{\"@type\":\"WebPage\",\"@id\":\"https:\\\/\\\/profumix.it\\\/en\\\/prodotto\\\/calvin-klein-ck-obsession-night-100ml-spray-eau-de-parfum\\\/\",\"url\":\"https:\\\/\\\/profumix.it\\\/en\\\/prodotto\\\/calvin-klein-ck-obsession-night-100ml-spray-eau-de-parfum\\\/\",\"name\":\"CALVIN KLEIN CK OBSESSION NIGHT 100ML SPRAY EAU DE PARFUM\",\"isPartOf\":{\"@id\":\"https:\\\/\\\/profumix.it\\\/en\\\/#website\"},\"primaryImageOfPage\":{\"@id\":\"https:\\\/\\\/profumix.it\\\/en\\\/prodotto\\\/calvin-klein-ck-obsession-night-100ml-spray-eau-de-parfum\\\/#primaryimage\"},\"image\":{\"@id\":\"https:\\\/\\\/profumix.it\\\/en\\\/prodotto\\\/calvin-klein-ck-obsession-night-100ml-spray-eau-de-parfum\\\/#primaryimage\"},\"thumbnailUrl\":\"https:\\\/\\\/profumix.it\\\/wp-content\\\/uploads\\\/2013\\\/01\\\/product_c_a_calvin-klein-obsession-night-edp-100ml.jpg\",\"datePublished\":\"2013-01-23T15:29:21+00:00\",\"breadcrumb\":{\"@id\":\"https:\\\/\\\/profumix.it\\\/en\\\/prodotto\\\/calvin-klein-ck-obsession-night-100ml-spray-eau-de-parfum\\\/#breadcrumb\"},\"inLanguage\":\"en-US\",\"potentialAction\":[{\"@type\":\"ReadAction\",\"target\":[\"https:\\\/\\\/profumix.it\\\/en\\\/prodotto\\\/calvin-klein-ck-obsession-night-100ml-spray-eau-de-parfum\\\/\"]}]},{\"@type\":\"ImageObject\",\"inLanguage\":\"en-US\",\"@id\":\"https:\\\/\\\/profumix.it\\\/en\\\/prodotto\\\/calvin-klein-ck-obsession-night-100ml-spray-eau-de-parfum\\\/#primaryimage\",\"url\":\"https:\\\/\\\/profumix.it\\\/wp-content\\\/uploads\\\/2013\\\/01\\\/product_c_a_calvin-klein-obsession-night-edp-100ml.jpg\",\"contentUrl\":\"https:\\\/\\\/profumix.it\\\/wp-content\\\/uploads\\\/2013\\\/01\\\/product_c_a_calvin-klein-obsession-night-edp-100ml.jpg\",\"width\":513,\"height\":520,\"caption\":\"CALVIN KLEIN CK OBSESSION NIGHT 100ML SPRAY EAU DE PARFUM\"},{\"@type\":\"BreadcrumbList\",\"@id\":\"https:\\\/\\\/profumix.it\\\/en\\\/prodotto\\\/calvin-klein-ck-obsession-night-100ml-spray-eau-de-parfum\\\/#breadcrumb\",\"itemListElement\":[{\"@type\":\"ListItem\",\"position\":1,\"name\":\"Home\",\"item\":\"https:\\\/\\\/profumix.it\\\/en\\\/home\\\/\"},{\"@type\":\"ListItem\",\"position\":2,\"name\":\"Shop\",\"item\":\"https:\\\/\\\/profumix.it\\\/en\\\/shop\\\/\"},{\"@type\":\"ListItem\",\"position\":3,\"name\":\"CALVIN KLEIN CK OBSESSION NIGHT 100ML SPRAY EAU DE PARFUM\"}]},{\"@type\":\"WebSite\",\"@id\":\"https:\\\/\\\/profumix.it\\\/en\\\/#website\",\"url\":\"https:\\\/\\\/profumix.it\\\/en\\\/\",\"name\":\"Profumix Perfumes\",\"description\":\"\",\"potentialAction\":[{\"@type\":\"SearchAction\",\"target\":{\"@type\":\"EntryPoint\",\"urlTemplate\":\"https:\\\/\\\/profumix.it\\\/en\\\/?s={search_term_string}\"},\"query-input\":{\"@type\":\"PropertyValueSpecification\",\"valueRequired\":true,\"valueName\":\"search_term_string\"}}],\"inLanguage\":\"en-US\"}]}<\/script>\n<!-- \/ Yoast SEO plugin. -->","yoast_head_json":{"title":"CALVIN KLEIN CK OBSESSION NIGHT 100ML SPRAY EAU DE PARFUM","robots":{"index":"index","follow":"follow","max-snippet":"max-snippet:-1","max-image-preview":"max-image-preview:large","max-video-preview":"max-video-preview:-1"},"canonical":"https:\/\/profumix.it\/en\/prodotto\/calvin-klein-ck-obsession-night-100ml-spray-eau-de-parfum\/","og_locale":"en_US","og_type":"article","og_title":"CALVIN KLEIN CK OBSESSION NIGHT 100ML SPRAY EAU DE PARFUM","og_description":"CALVIN KLEIN OBSESSION NIGHT EAU DE PARFUM DONNA\u00a0 PROVOCATORIO, SEDUCENTE, SEDUCENTE UNA FRAGRANZA ORIENTALE FLOREALE, OBSESSION NIGHT \u00c8 UNA CREAZIONE DI CALVIN KLEIN PER LE DONNE, CHE EVOCA IL ROMANTICISMO E LA PASSIONE IN UNA NOTTE SOTTO LE STELLE, L'ESTATE IN UN BELLISSIMO GIARDINO CHE \u00c8 IN PIENA FIORITURA. JUICY AGRUMI CON FIORI ANGELICA E IL BIANCO \u00c8 LA POZIONE MAGICA CHE ACCENDE LA PASSIONE, UN PROFUMO COS\u00cc AMMALIANTE CHE GLI AMANTI SONO UBRIACA GLI AROMI. PER CELEBRARE LA LORO UNIONE GIOIOSA, I FIORI DEL CUORE CON GLI AROMI DI ROSA, GIGLIO, GELSOMINO E GARDENIA. ESAURITO E LANGUIDO, I PROFUMI DI LEGNO DI SANDALO, LEGNO DI CASHMERE E FAVA TRASUDAVA DALLA FRAGRANZA SI SOFFERMA A RACCONTARE LA STORIA D'AMORE. NOTA DI TESTA BERGAMOTTO, ARANCIA AMARA, MANDARINO, FIORI BIANCHI, ANGELICA NOTA DI CUORE ROSA, MUGHETTO, GARDENIA, GELSOMINO NOTA DI FONDO LEGNO DI CACHEMIRE, VANIGLIA, FAVA TONKA, AMBRA, LEGNO DI SANDALO CLASSIFICAZIONE: ORIENTALE \/ ROMANTICO CREATO: 2005","og_url":"https:\/\/profumix.it\/en\/prodotto\/calvin-klein-ck-obsession-night-100ml-spray-eau-de-parfum\/","og_site_name":"Profumix Perfumes","article_publisher":"https:\/\/www.facebook.com\/profumix","og_image":[{"width":513,"height":520,"url":"https:\/\/profumix.it\/wp-content\/uploads\/2013\/01\/product_c_a_calvin-klein-obsession-night-edp-100ml.jpg","type":"image\/jpeg"}],"twitter_card":"summary_large_image","twitter_misc":{"Est. reading time":"1 minute"},"schema":{"@context":"https:\/\/schema.org","@graph":[{"@type":"WebPage","@id":"https:\/\/profumix.it\/en\/prodotto\/calvin-klein-ck-obsession-night-100ml-spray-eau-de-parfum\/","url":"https:\/\/profumix.it\/en\/prodotto\/calvin-klein-ck-obsession-night-100ml-spray-eau-de-parfum\/","name":"CALVIN KLEIN CK OBSESSION NIGHT 100ML SPRAY EAU DE PARFUM","isPartOf":{"@id":"https:\/\/profumix.it\/en\/#website"},"primaryImageOfPage":{"@id":"https:\/\/profumix.it\/en\/prodotto\/calvin-klein-ck-obsession-night-100ml-spray-eau-de-parfum\/#primaryimage"},"image":{"@id":"https:\/\/profumix.it\/en\/prodotto\/calvin-klein-ck-obsession-night-100ml-spray-eau-de-parfum\/#primaryimage"},"thumbnailUrl":"https:\/\/profumix.it\/wp-content\/uploads\/2013\/01\/product_c_a_calvin-klein-obsession-night-edp-100ml.jpg","datePublished":"2013-01-23T15:29:21+00:00","breadcrumb":{"@id":"https:\/\/profumix.it\/en\/prodotto\/calvin-klein-ck-obsession-night-100ml-spray-eau-de-parfum\/#breadcrumb"},"inLanguage":"en-US","potentialAction":[{"@type":"ReadAction","target":["https:\/\/profumix.it\/en\/prodotto\/calvin-klein-ck-obsession-night-100ml-spray-eau-de-parfum\/"]}]},{"@type":"ImageObject","inLanguage":"en-US","@id":"https:\/\/profumix.it\/en\/prodotto\/calvin-klein-ck-obsession-night-100ml-spray-eau-de-parfum\/#primaryimage","url":"https:\/\/profumix.it\/wp-content\/uploads\/2013\/01\/product_c_a_calvin-klein-obsession-night-edp-100ml.jpg","contentUrl":"https:\/\/profumix.it\/wp-content\/uploads\/2013\/01\/product_c_a_calvin-klein-obsession-night-edp-100ml.jpg","width":513,"height":520,"caption":"CALVIN KLEIN CK OBSESSION NIGHT 100ML SPRAY EAU DE PARFUM"},{"@type":"BreadcrumbList","@id":"https:\/\/profumix.it\/en\/prodotto\/calvin-klein-ck-obsession-night-100ml-spray-eau-de-parfum\/#breadcrumb","itemListElement":[{"@type":"ListItem","position":1,"name":"Home","item":"https:\/\/profumix.it\/en\/home\/"},{"@type":"ListItem","position":2,"name":"Shop","item":"https:\/\/profumix.it\/en\/shop\/"},{"@type":"ListItem","position":3,"name":"CALVIN KLEIN CK OBSESSION NIGHT 100ML SPRAY EAU DE PARFUM"}]},{"@type":"WebSite","@id":"https:\/\/profumix.it\/en\/#website","url":"https:\/\/profumix.it\/en\/","name":"Profumix Perfumes","description":"","potentialAction":[{"@type":"SearchAction","target":{"@type":"EntryPoint","urlTemplate":"https:\/\/profumix.it\/en\/?s={search_term_string}"},"query-input":{"@type":"PropertyValueSpecification","valueRequired":true,"valueName":"search_term_string"}}],"inLanguage":"en-US"}]}},"_links":{"self":[{"href":"https:\/\/profumix.it\/en\/wp-json\/wp\/v2\/product\/77074","targetHints":{"allow":["GET"]}}],"collection":[{"href":"https:\/\/profumix.it\/en\/wp-json\/wp\/v2\/product"}],"about":[{"href":"https:\/\/profumix.it\/en\/wp-json\/wp\/v2\/types\/product"}],"replies":[{"embeddable":true,"href":"https:\/\/profumix.it\/en\/wp-json\/wp\/v2\/comments?post=77074"}],"wp:featuredmedia":[{"embeddable":true,"href":"https:\/\/profumix.it\/en\/wp-json\/wp\/v2\/media\/77073"}],"wp:attachment":[{"href":"https:\/\/profumix.it\/en\/wp-json\/wp\/v2\/media?parent=77074"}],"wp:term":[{"taxonomy":"product_brand","embeddable":true,"href":"https:\/\/profumix.it\/en\/wp-json\/wp\/v2\/product_brand?post=77074"},{"taxonomy":"product_cat","embeddable":true,"href":"https:\/\/profumix.it\/en\/wp-json\/wp\/v2\/product_cat?post=77074"},{"taxonomy":"product_tag","embeddable":true,"href":"https:\/\/profumix.it\/en\/wp-json\/wp\/v2\/product_tag?post=77074"}],"curies":[{"name":"wp","href":"https:\/\/api.w.org\/{rel}","templated":true}]}}