{"id":77140,"date":"2013-05-15T15:42:43","date_gmt":"2013-05-15T13:42:43","guid":{"rendered":"https:\/\/profumix.it\/prodotto\/brut-original-deodorante-spray-200ml\/"},"modified":"2023-01-16T12:35:42","modified_gmt":"2023-01-16T11:35:42","slug":"brut-original-deodorante-spray-200ml","status":"publish","type":"product","link":"https:\/\/profumix.it\/en\/prodotto\/brut-original-deodorante-spray-200ml\/","title":{"rendered":"BRUT ORIGINAL DEODORANTE SPRAY 200ML"},"content":{"rendered":"<p>Brut di Brut  \u00e8 una fragranza del gruppo Aromatico Foug\u00e8re da uomo. Brut \u00e8 stato lanciato sul mercato nel 1964. Il Naso di questa fragranza \u00e8 Karl Mann. Le note di testa sono Bergamotto, Limone, Anice, Basilico, Lavanda e Fiore d&#8217;Arancio; le note di cuore sono Gelsomino, Geranio e Ylang Ylang; le note di base sono Sandalo, Vetiver, Patchouli, Muschio di Quercia, Fava Tonka, Vaniglia, Muschio Animale e Cumarina. <\/p>\n","protected":false},"excerpt":{"rendered":"<p>Brut di Brut  \u00e8 una fragranza del gruppo Aromatico Foug\u00e8re da uomo. Brut \u00e8 stato lanciato sul mercato nel 1964. Il Naso di questa fragranza \u00e8 Karl Mann. Le note di testa sono Bergamotto, Limone, Anice, Basilico, Lavanda e Fiore d&#8217;Arancio; le note di cuore sono Gelsomino, Geranio e Ylang Ylang; le note di base sono Sandalo, Vetiver, Patchouli, Muschio di Quercia, Fava Tonka, Vaniglia, Muschio Animale e Cumarina. <\/p>\n","protected":false},"featured_media":77139,"comment_status":"open","ping_status":"closed","template":"","meta":{"_et_pb_use_builder":"","_et_pb_old_content":"","_et_gb_content_width":""},"product_brand":[],"product_cat":[7173,7104,7098,7103],"product_tag":[],"class_list":{"0":"post-77140","1":"product","2":"type-product","3":"status-publish","4":"has-post-thumbnail","6":"product_cat-articoli-fuori-produzione-e-rarita","7":"product_cat-deodoranti","8":"product_cat-default-category","9":"product_cat-trattameni-corpo","10":"pa_categoria_desc-deodorantiuomo","11":"pa_confezione_desc-confezioneoriginalenotester","12":"pa_formato_filtro-200ml","13":"pa_manufacturer-brutparfumsprestige","14":"pa_spedizione_gratuita-no","15":"pa_tipo_filtro-spray","17":"first","18":"outofstock","19":"shipping-taxable","20":"purchasable","21":"product-type-simple"},"yoast_head":"<!-- This site is optimized with the Yoast SEO plugin v27.4 - https:\/\/yoast.com\/product\/yoast-seo-wordpress\/ -->\n<title>BRUT ORIGINAL DEODORANTE SPRAY 200ML<\/title>\n<meta name=\"robots\" content=\"index, follow, max-snippet:-1, max-image-preview:large, max-video-preview:-1\" \/>\n<link rel=\"canonical\" href=\"https:\/\/profumix.it\/en\/prodotto\/brut-original-deodorante-spray-200ml\/\" \/>\n<meta property=\"og:locale\" content=\"en_US\" \/>\n<meta property=\"og:type\" content=\"article\" \/>\n<meta property=\"og:title\" content=\"BRUT ORIGINAL DEODORANTE SPRAY 200ML\" \/>\n<meta property=\"og:description\" content=\"Brut di Brut \u00e8 una fragranza del gruppo Aromatico Foug\u00e8re da uomo. Brut \u00e8 stato lanciato sul mercato nel 1964. Il Naso di questa fragranza \u00e8 Karl Mann. Le note di testa sono Bergamotto, Limone, Anice, Basilico, Lavanda e Fiore d&#039;Arancio; le note di cuore sono Gelsomino, Geranio e Ylang Ylang; le note di base sono Sandalo, Vetiver, Patchouli, Muschio di Quercia, Fava Tonka, Vaniglia, Muschio Animale e Cumarina.\" \/>\n<meta property=\"og:url\" content=\"https:\/\/profumix.it\/en\/prodotto\/brut-original-deodorante-spray-200ml\/\" \/>\n<meta property=\"og:site_name\" content=\"Profumix Perfumes\" \/>\n<meta property=\"article:publisher\" content=\"https:\/\/www.facebook.com\/profumix\" \/>\n<meta property=\"article:modified_time\" content=\"2023-01-16T11:35:42+00:00\" \/>\n<meta property=\"og:image\" content=\"https:\/\/profumix.it\/wp-content\/uploads\/2013\/05\/product_b_r_brut-original-deodorant-ok.jpg\" \/>\n\t<meta property=\"og:image:width\" content=\"500\" \/>\n\t<meta property=\"og:image:height\" content=\"500\" \/>\n\t<meta property=\"og:image:type\" content=\"image\/jpeg\" \/>\n<meta name=\"twitter:card\" content=\"summary_large_image\" \/>\n<script type=\"application\/ld+json\" class=\"yoast-schema-graph\">{\"@context\":\"https:\\\/\\\/schema.org\",\"@graph\":[{\"@type\":\"WebPage\",\"@id\":\"https:\\\/\\\/profumix.it\\\/en\\\/prodotto\\\/brut-original-deodorante-spray-200ml\\\/\",\"url\":\"https:\\\/\\\/profumix.it\\\/en\\\/prodotto\\\/brut-original-deodorante-spray-200ml\\\/\",\"name\":\"BRUT ORIGINAL DEODORANTE SPRAY 200ML\",\"isPartOf\":{\"@id\":\"https:\\\/\\\/profumix.it\\\/en\\\/#website\"},\"primaryImageOfPage\":{\"@id\":\"https:\\\/\\\/profumix.it\\\/en\\\/prodotto\\\/brut-original-deodorante-spray-200ml\\\/#primaryimage\"},\"image\":{\"@id\":\"https:\\\/\\\/profumix.it\\\/en\\\/prodotto\\\/brut-original-deodorante-spray-200ml\\\/#primaryimage\"},\"thumbnailUrl\":\"https:\\\/\\\/profumix.it\\\/wp-content\\\/uploads\\\/2013\\\/05\\\/product_b_r_brut-original-deodorant-ok.jpg\",\"datePublished\":\"2013-05-15T13:42:43+00:00\",\"dateModified\":\"2023-01-16T11:35:42+00:00\",\"breadcrumb\":{\"@id\":\"https:\\\/\\\/profumix.it\\\/en\\\/prodotto\\\/brut-original-deodorante-spray-200ml\\\/#breadcrumb\"},\"inLanguage\":\"en-US\",\"potentialAction\":[{\"@type\":\"ReadAction\",\"target\":[\"https:\\\/\\\/profumix.it\\\/en\\\/prodotto\\\/brut-original-deodorante-spray-200ml\\\/\"]}]},{\"@type\":\"ImageObject\",\"inLanguage\":\"en-US\",\"@id\":\"https:\\\/\\\/profumix.it\\\/en\\\/prodotto\\\/brut-original-deodorante-spray-200ml\\\/#primaryimage\",\"url\":\"https:\\\/\\\/profumix.it\\\/wp-content\\\/uploads\\\/2013\\\/05\\\/product_b_r_brut-original-deodorant-ok.jpg\",\"contentUrl\":\"https:\\\/\\\/profumix.it\\\/wp-content\\\/uploads\\\/2013\\\/05\\\/product_b_r_brut-original-deodorant-ok.jpg\",\"width\":500,\"height\":500,\"caption\":\"BRUT ORIGINAL DEODORANTE SPRAY 200ML\"},{\"@type\":\"BreadcrumbList\",\"@id\":\"https:\\\/\\\/profumix.it\\\/en\\\/prodotto\\\/brut-original-deodorante-spray-200ml\\\/#breadcrumb\",\"itemListElement\":[{\"@type\":\"ListItem\",\"position\":1,\"name\":\"Home\",\"item\":\"https:\\\/\\\/profumix.it\\\/en\\\/home\\\/\"},{\"@type\":\"ListItem\",\"position\":2,\"name\":\"Shop\",\"item\":\"https:\\\/\\\/profumix.it\\\/en\\\/shop\\\/\"},{\"@type\":\"ListItem\",\"position\":3,\"name\":\"BRUT ORIGINAL DEODORANTE SPRAY 200ML\"}]},{\"@type\":\"WebSite\",\"@id\":\"https:\\\/\\\/profumix.it\\\/en\\\/#website\",\"url\":\"https:\\\/\\\/profumix.it\\\/en\\\/\",\"name\":\"Profumix Perfumes\",\"description\":\"\",\"potentialAction\":[{\"@type\":\"SearchAction\",\"target\":{\"@type\":\"EntryPoint\",\"urlTemplate\":\"https:\\\/\\\/profumix.it\\\/en\\\/?s={search_term_string}\"},\"query-input\":{\"@type\":\"PropertyValueSpecification\",\"valueRequired\":true,\"valueName\":\"search_term_string\"}}],\"inLanguage\":\"en-US\"}]}<\/script>\n<!-- \/ Yoast SEO plugin. -->","yoast_head_json":{"title":"BRUT ORIGINAL DEODORANTE SPRAY 200ML","robots":{"index":"index","follow":"follow","max-snippet":"max-snippet:-1","max-image-preview":"max-image-preview:large","max-video-preview":"max-video-preview:-1"},"canonical":"https:\/\/profumix.it\/en\/prodotto\/brut-original-deodorante-spray-200ml\/","og_locale":"en_US","og_type":"article","og_title":"BRUT ORIGINAL DEODORANTE SPRAY 200ML","og_description":"Brut di Brut \u00e8 una fragranza del gruppo Aromatico Foug\u00e8re da uomo. Brut \u00e8 stato lanciato sul mercato nel 1964. Il Naso di questa fragranza \u00e8 Karl Mann. Le note di testa sono Bergamotto, Limone, Anice, Basilico, Lavanda e Fiore d'Arancio; le note di cuore sono Gelsomino, Geranio e Ylang Ylang; le note di base sono Sandalo, Vetiver, Patchouli, Muschio di Quercia, Fava Tonka, Vaniglia, Muschio Animale e Cumarina.","og_url":"https:\/\/profumix.it\/en\/prodotto\/brut-original-deodorante-spray-200ml\/","og_site_name":"Profumix Perfumes","article_publisher":"https:\/\/www.facebook.com\/profumix","article_modified_time":"2023-01-16T11:35:42+00:00","og_image":[{"width":500,"height":500,"url":"https:\/\/profumix.it\/wp-content\/uploads\/2013\/05\/product_b_r_brut-original-deodorant-ok.jpg","type":"image\/jpeg"}],"twitter_card":"summary_large_image","schema":{"@context":"https:\/\/schema.org","@graph":[{"@type":"WebPage","@id":"https:\/\/profumix.it\/en\/prodotto\/brut-original-deodorante-spray-200ml\/","url":"https:\/\/profumix.it\/en\/prodotto\/brut-original-deodorante-spray-200ml\/","name":"BRUT ORIGINAL DEODORANTE SPRAY 200ML","isPartOf":{"@id":"https:\/\/profumix.it\/en\/#website"},"primaryImageOfPage":{"@id":"https:\/\/profumix.it\/en\/prodotto\/brut-original-deodorante-spray-200ml\/#primaryimage"},"image":{"@id":"https:\/\/profumix.it\/en\/prodotto\/brut-original-deodorante-spray-200ml\/#primaryimage"},"thumbnailUrl":"https:\/\/profumix.it\/wp-content\/uploads\/2013\/05\/product_b_r_brut-original-deodorant-ok.jpg","datePublished":"2013-05-15T13:42:43+00:00","dateModified":"2023-01-16T11:35:42+00:00","breadcrumb":{"@id":"https:\/\/profumix.it\/en\/prodotto\/brut-original-deodorante-spray-200ml\/#breadcrumb"},"inLanguage":"en-US","potentialAction":[{"@type":"ReadAction","target":["https:\/\/profumix.it\/en\/prodotto\/brut-original-deodorante-spray-200ml\/"]}]},{"@type":"ImageObject","inLanguage":"en-US","@id":"https:\/\/profumix.it\/en\/prodotto\/brut-original-deodorante-spray-200ml\/#primaryimage","url":"https:\/\/profumix.it\/wp-content\/uploads\/2013\/05\/product_b_r_brut-original-deodorant-ok.jpg","contentUrl":"https:\/\/profumix.it\/wp-content\/uploads\/2013\/05\/product_b_r_brut-original-deodorant-ok.jpg","width":500,"height":500,"caption":"BRUT ORIGINAL DEODORANTE SPRAY 200ML"},{"@type":"BreadcrumbList","@id":"https:\/\/profumix.it\/en\/prodotto\/brut-original-deodorante-spray-200ml\/#breadcrumb","itemListElement":[{"@type":"ListItem","position":1,"name":"Home","item":"https:\/\/profumix.it\/en\/home\/"},{"@type":"ListItem","position":2,"name":"Shop","item":"https:\/\/profumix.it\/en\/shop\/"},{"@type":"ListItem","position":3,"name":"BRUT ORIGINAL DEODORANTE SPRAY 200ML"}]},{"@type":"WebSite","@id":"https:\/\/profumix.it\/en\/#website","url":"https:\/\/profumix.it\/en\/","name":"Profumix Perfumes","description":"","potentialAction":[{"@type":"SearchAction","target":{"@type":"EntryPoint","urlTemplate":"https:\/\/profumix.it\/en\/?s={search_term_string}"},"query-input":{"@type":"PropertyValueSpecification","valueRequired":true,"valueName":"search_term_string"}}],"inLanguage":"en-US"}]}},"_links":{"self":[{"href":"https:\/\/profumix.it\/en\/wp-json\/wp\/v2\/product\/77140","targetHints":{"allow":["GET"]}}],"collection":[{"href":"https:\/\/profumix.it\/en\/wp-json\/wp\/v2\/product"}],"about":[{"href":"https:\/\/profumix.it\/en\/wp-json\/wp\/v2\/types\/product"}],"replies":[{"embeddable":true,"href":"https:\/\/profumix.it\/en\/wp-json\/wp\/v2\/comments?post=77140"}],"wp:featuredmedia":[{"embeddable":true,"href":"https:\/\/profumix.it\/en\/wp-json\/wp\/v2\/media\/77139"}],"wp:attachment":[{"href":"https:\/\/profumix.it\/en\/wp-json\/wp\/v2\/media?parent=77140"}],"wp:term":[{"taxonomy":"product_brand","embeddable":true,"href":"https:\/\/profumix.it\/en\/wp-json\/wp\/v2\/product_brand?post=77140"},{"taxonomy":"product_cat","embeddable":true,"href":"https:\/\/profumix.it\/en\/wp-json\/wp\/v2\/product_cat?post=77140"},{"taxonomy":"product_tag","embeddable":true,"href":"https:\/\/profumix.it\/en\/wp-json\/wp\/v2\/product_tag?post=77140"}],"curies":[{"name":"wp","href":"https:\/\/api.w.org\/{rel}","templated":true}]}}