{"id":77256,"date":"2013-10-13T14:35:27","date_gmt":"2013-10-13T12:35:27","guid":{"rendered":"https:\/\/profumix.it\/prodotto\/lancome-la-vie-est-belle-30ml-spray-eau-de-parfum-latte-profumato-nutritivo-50ml-gel-doccia-profumato-vitalizzante-50ml\/"},"modified":"2013-10-13T14:35:27","modified_gmt":"2013-10-13T12:35:27","slug":"lancome-la-vie-est-belle-30ml-spray-eau-de-parfum-latte-profumato-nutritivo-50ml-gel-doccia-profumato-vitalizzante-50ml","status":"publish","type":"product","link":"https:\/\/profumix.it\/en\/prodotto\/lancome-la-vie-est-belle-30ml-spray-eau-de-parfum-latte-profumato-nutritivo-50ml-gel-doccia-profumato-vitalizzante-50ml\/","title":{"rendered":"LANCOME LA VIE EST BELLE 30ML SPRAY EAU DE PARFUM + LATTE PROFUMATO NUTRITIVO 50ML + GEL DOCCIA PROFUMATO VITALIZZANTE 50ML"},"content":{"rendered":"<p>LA VIE EST BELLE \u00c8 IL NUOVO PROFUMO DI LANCOME, DISPONIBILE SUL MERCATO A PARTIRE DA SETTEMBRE 2012. IL CONCETTO DI QUESTA FRAGRANZA \u00c8 CENTRATA SULLA BELLEZZA NATURALE E SEMPLICE, LA LIBERT\u00c0 DALLE CONVENZIONI E LA SCELTA DELLA VISIONE. IL PROFUMO \u00c8 UNA SORTA DI VISIONE DELLA VITA, ISPIRATA DALLA GIOIA E DAL PIACERE DELLE PICCOLE COSE.<br \/>\nLA COMPOSIZIONE \u00c8 STATA SVILUPPATA DAI PROFUMIERI OLIVIER POLGE, DOMINIQUE ROPION E ANNE FLIPO. LA FORMULA FINALE \u00c8 IL RISULTATO RAGGIUNTO DOPO TRE ANNI DI LAVORO E 5000 VERSIONI. L\u2019IRIS \u00c8 L&#8217;INGREDIENTE CHIAVE DEL PROFUMO, CIRCONDATO DA FIORI D&#8217;ARANCIO E GELSOMINO NEL CUORE. LA NOTE DI APERTURA FORNISCONO SAPORI FRUTTATI DI RIBES NERO E PERA, MENTRE LA BASE \u00c8 CALDA E GOURMAND GRAZIE ALLA MANDORLA ED AD ACCORDI DI FAVA TONKA, PRALINA, PATCHOULI E VANIGLIA.<br \/>\nIL FLACONE \u00c8 UNA VERSIONE RIDISEGNATA DELLA CLASSICA BOTTIGLIA LANCOME DEL 1949.  IL VOLTO DELLA CAMPAGNA PUBBLICITARIA \u00c8 L\u2019ATTRICE JULIA ROBERTS;LO SPOT \u00c8 GIRATO DAL REGISTA TARSEM SINGH.<\/p>\n","protected":false},"excerpt":{"rendered":"<p>LA VIE EST BELLE \u00c8 IL NUOVO PROFUMO DI LANCOME, DISPONIBILE SUL MERCATO A PARTIRE DA SETTEMBRE 2012. IL CONCETTO DI QUESTA FRAGRANZA \u00c8 CENTRATA SULLA BELLEZZA NATURALE E SEMPLICE, LA LIBERT\u00c0 DALLE CONVENZIONI E LA SCELTA DELLA VISIONE. IL PROFUMO \u00c8 UNA SORTA DI VISIONE DELLA VITA, ISPIRATA DALLA GIOIA E DAL PIACERE DELLE PICCOLE COSE.<br \/>\nLA COMPOSIZIONE \u00c8 STATA SVILUPPATA DAI PROFUMIERI OLIVIER POLGE, DOMINIQUE ROPION E ANNE FLIPO. LA FORMULA FINALE \u00c8 IL RISULTATO RAGGIUNTO DOPO TRE ANNI DI LAVORO E 5000 VERSIONI. L\u2019IRIS \u00c8 L&#8217;INGREDIENTE CHIAVE DEL PROFUMO, CIRCONDATO DA FIORI D&#8217;ARANCIO E GELSOMINO NEL CUORE. LA NOTE DI APERTURA FORNISCONO SAPORI FRUTTATI DI RIBES NERO E PERA, MENTRE LA BASE \u00c8 CALDA E GOURMAND GRAZIE ALLA MANDORLA ED AD ACCORDI DI FAVA TONKA, PRALINA, PATCHOULI E VANIGLIA.<br \/>\nIL FLACONE \u00c8 UNA VERSIONE RIDISEGNATA DELLA CLASSICA BOTTIGLIA LANCOME DEL 1949.  IL VOLTO DELLA CAMPAGNA PUBBLICITARIA \u00c8 L\u2019ATTRICE JULIA ROBERTS;LO SPOT \u00c8 GIRATO DAL REGISTA TARSEM SINGH.<\/p>\n","protected":false},"featured_media":77255,"comment_status":"open","ping_status":"closed","template":"","meta":{"_et_pb_use_builder":"","_et_pb_old_content":"","_et_gb_content_width":""},"product_brand":[],"product_cat":[7113,7118,7098],"product_tag":[],"class_list":{"0":"post-77256","1":"product","2":"type-product","3":"status-publish","4":"has-post-thumbnail","6":"product_cat-confezioni-regalo","7":"product_cat-donna-1-confezioni-regalo","8":"product_cat-default-category","9":"pa_confezione_desc-confezioneoriginalenotester","10":"pa_country_of_manufacture-fr","11":"pa_formato_filtro-30ml","12":"pa_manufacturer-lancome","13":"pa_sconto_desc-6886","14":"pa_spedizione_gratuita-no","15":"pa_tipo_filtro-sprayeaudeparfum","17":"first","18":"outofstock","19":"sale","20":"shipping-taxable","21":"purchasable","22":"product-type-simple"},"yoast_head":"<!-- This site is optimized with the Yoast SEO plugin v27.4 - https:\/\/yoast.com\/product\/yoast-seo-wordpress\/ -->\n<title>LANCOME LA VIE EST BELLE 30ML SPRAY EAU DE PARFUM + LATTE PROFUMATO NUTRITIVO 50ML + GEL DOCCIA PROFUMATO VITALIZZANTE 50ML<\/title>\n<meta name=\"robots\" content=\"index, follow, max-snippet:-1, max-image-preview:large, max-video-preview:-1\" \/>\n<link rel=\"canonical\" href=\"https:\/\/profumix.it\/en\/prodotto\/lancome-la-vie-est-belle-30ml-spray-eau-de-parfum-latte-profumato-nutritivo-50ml-gel-doccia-profumato-vitalizzante-50ml\/\" \/>\n<meta property=\"og:locale\" content=\"en_US\" \/>\n<meta property=\"og:type\" content=\"article\" \/>\n<meta property=\"og:title\" content=\"LANCOME LA VIE EST BELLE 30ML SPRAY EAU DE PARFUM + LATTE PROFUMATO NUTRITIVO 50ML + GEL DOCCIA PROFUMATO VITALIZZANTE 50ML\" \/>\n<meta property=\"og:description\" content=\"LA VIE EST BELLE \u00c8 IL NUOVO PROFUMO DI LANCOME, DISPONIBILE SUL MERCATO A PARTIRE DA SETTEMBRE 2012. IL CONCETTO DI QUESTA FRAGRANZA \u00c8 CENTRATA SULLA BELLEZZA NATURALE E SEMPLICE, LA LIBERT\u00c0 DALLE CONVENZIONI E LA SCELTA DELLA VISIONE. IL PROFUMO \u00c8 UNA SORTA DI VISIONE DELLA VITA, ISPIRATA DALLA GIOIA E DAL PIACERE DELLE PICCOLE COSE. LA COMPOSIZIONE \u00c8 STATA SVILUPPATA DAI PROFUMIERI OLIVIER POLGE, DOMINIQUE ROPION E ANNE FLIPO. LA FORMULA FINALE \u00c8 IL RISULTATO RAGGIUNTO DOPO TRE ANNI DI LAVORO E 5000 VERSIONI. L\u2019IRIS \u00c8 L&#039;INGREDIENTE CHIAVE DEL PROFUMO, CIRCONDATO DA FIORI D&#039;ARANCIO E GELSOMINO NEL CUORE. LA NOTE DI APERTURA FORNISCONO SAPORI FRUTTATI DI RIBES NERO E PERA, MENTRE LA BASE \u00c8 CALDA E GOURMAND GRAZIE ALLA MANDORLA ED AD ACCORDI DI FAVA TONKA, PRALINA, PATCHOULI E VANIGLIA. IL FLACONE \u00c8 UNA VERSIONE RIDISEGNATA DELLA CLASSICA BOTTIGLIA LANCOME DEL 1949. IL VOLTO DELLA CAMPAGNA PUBBLICITARIA \u00c8 L\u2019ATTRICE JULIA ROBERTS;LO SPOT \u00c8 GIRATO DAL REGISTA TARSEM SINGH.\" \/>\n<meta property=\"og:url\" content=\"https:\/\/profumix.it\/en\/prodotto\/lancome-la-vie-est-belle-30ml-spray-eau-de-parfum-latte-profumato-nutritivo-50ml-gel-doccia-profumato-vitalizzante-50ml\/\" \/>\n<meta property=\"og:site_name\" content=\"Profumix Perfumes\" \/>\n<meta property=\"article:publisher\" content=\"https:\/\/www.facebook.com\/profumix\" \/>\n<meta property=\"og:image\" content=\"https:\/\/profumix.it\/wp-content\/uploads\/2013\/10\/product_l_a_lancome_la_vie_est_belle_gift_set.jpg\" \/>\n\t<meta property=\"og:image:width\" content=\"403\" \/>\n\t<meta property=\"og:image:height\" content=\"311\" \/>\n\t<meta property=\"og:image:type\" content=\"image\/jpeg\" \/>\n<meta name=\"twitter:card\" content=\"summary_large_image\" \/>\n<meta name=\"twitter:label1\" content=\"Est. reading time\" \/>\n\t<meta name=\"twitter:data1\" content=\"1 minute\" \/>\n<script type=\"application\/ld+json\" class=\"yoast-schema-graph\">{\"@context\":\"https:\\\/\\\/schema.org\",\"@graph\":[{\"@type\":\"WebPage\",\"@id\":\"https:\\\/\\\/profumix.it\\\/en\\\/prodotto\\\/lancome-la-vie-est-belle-30ml-spray-eau-de-parfum-latte-profumato-nutritivo-50ml-gel-doccia-profumato-vitalizzante-50ml\\\/\",\"url\":\"https:\\\/\\\/profumix.it\\\/en\\\/prodotto\\\/lancome-la-vie-est-belle-30ml-spray-eau-de-parfum-latte-profumato-nutritivo-50ml-gel-doccia-profumato-vitalizzante-50ml\\\/\",\"name\":\"LANCOME LA VIE EST BELLE 30ML SPRAY EAU DE PARFUM + LATTE PROFUMATO NUTRITIVO 50ML + GEL DOCCIA PROFUMATO VITALIZZANTE 50ML\",\"isPartOf\":{\"@id\":\"https:\\\/\\\/profumix.it\\\/en\\\/#website\"},\"primaryImageOfPage\":{\"@id\":\"https:\\\/\\\/profumix.it\\\/en\\\/prodotto\\\/lancome-la-vie-est-belle-30ml-spray-eau-de-parfum-latte-profumato-nutritivo-50ml-gel-doccia-profumato-vitalizzante-50ml\\\/#primaryimage\"},\"image\":{\"@id\":\"https:\\\/\\\/profumix.it\\\/en\\\/prodotto\\\/lancome-la-vie-est-belle-30ml-spray-eau-de-parfum-latte-profumato-nutritivo-50ml-gel-doccia-profumato-vitalizzante-50ml\\\/#primaryimage\"},\"thumbnailUrl\":\"https:\\\/\\\/profumix.it\\\/wp-content\\\/uploads\\\/2013\\\/10\\\/product_l_a_lancome_la_vie_est_belle_gift_set.jpg\",\"datePublished\":\"2013-10-13T12:35:27+00:00\",\"breadcrumb\":{\"@id\":\"https:\\\/\\\/profumix.it\\\/en\\\/prodotto\\\/lancome-la-vie-est-belle-30ml-spray-eau-de-parfum-latte-profumato-nutritivo-50ml-gel-doccia-profumato-vitalizzante-50ml\\\/#breadcrumb\"},\"inLanguage\":\"en-US\",\"potentialAction\":[{\"@type\":\"ReadAction\",\"target\":[\"https:\\\/\\\/profumix.it\\\/en\\\/prodotto\\\/lancome-la-vie-est-belle-30ml-spray-eau-de-parfum-latte-profumato-nutritivo-50ml-gel-doccia-profumato-vitalizzante-50ml\\\/\"]}]},{\"@type\":\"ImageObject\",\"inLanguage\":\"en-US\",\"@id\":\"https:\\\/\\\/profumix.it\\\/en\\\/prodotto\\\/lancome-la-vie-est-belle-30ml-spray-eau-de-parfum-latte-profumato-nutritivo-50ml-gel-doccia-profumato-vitalizzante-50ml\\\/#primaryimage\",\"url\":\"https:\\\/\\\/profumix.it\\\/wp-content\\\/uploads\\\/2013\\\/10\\\/product_l_a_lancome_la_vie_est_belle_gift_set.jpg\",\"contentUrl\":\"https:\\\/\\\/profumix.it\\\/wp-content\\\/uploads\\\/2013\\\/10\\\/product_l_a_lancome_la_vie_est_belle_gift_set.jpg\",\"width\":403,\"height\":311,\"caption\":\"LANCOME LA VIE EST BELLE 30ML SPRAY EAU DE PARFUM + LATTE PROFUMATO NUTRITIVO 50ML + GEL DOCCIA PROFUMATO VITALIZZANTE 50ML\"},{\"@type\":\"BreadcrumbList\",\"@id\":\"https:\\\/\\\/profumix.it\\\/en\\\/prodotto\\\/lancome-la-vie-est-belle-30ml-spray-eau-de-parfum-latte-profumato-nutritivo-50ml-gel-doccia-profumato-vitalizzante-50ml\\\/#breadcrumb\",\"itemListElement\":[{\"@type\":\"ListItem\",\"position\":1,\"name\":\"Home\",\"item\":\"https:\\\/\\\/profumix.it\\\/en\\\/home\\\/\"},{\"@type\":\"ListItem\",\"position\":2,\"name\":\"Shop\",\"item\":\"https:\\\/\\\/profumix.it\\\/en\\\/shop\\\/\"},{\"@type\":\"ListItem\",\"position\":3,\"name\":\"LANCOME LA VIE EST BELLE 30ML SPRAY EAU DE PARFUM + LATTE PROFUMATO NUTRITIVO 50ML + GEL DOCCIA PROFUMATO VITALIZZANTE 50ML\"}]},{\"@type\":\"WebSite\",\"@id\":\"https:\\\/\\\/profumix.it\\\/en\\\/#website\",\"url\":\"https:\\\/\\\/profumix.it\\\/en\\\/\",\"name\":\"Profumix Perfumes\",\"description\":\"\",\"potentialAction\":[{\"@type\":\"SearchAction\",\"target\":{\"@type\":\"EntryPoint\",\"urlTemplate\":\"https:\\\/\\\/profumix.it\\\/en\\\/?s={search_term_string}\"},\"query-input\":{\"@type\":\"PropertyValueSpecification\",\"valueRequired\":true,\"valueName\":\"search_term_string\"}}],\"inLanguage\":\"en-US\"}]}<\/script>\n<!-- \/ Yoast SEO plugin. -->","yoast_head_json":{"title":"LANCOME LA VIE EST BELLE 30ML SPRAY EAU DE PARFUM + LATTE PROFUMATO NUTRITIVO 50ML + GEL DOCCIA PROFUMATO VITALIZZANTE 50ML","robots":{"index":"index","follow":"follow","max-snippet":"max-snippet:-1","max-image-preview":"max-image-preview:large","max-video-preview":"max-video-preview:-1"},"canonical":"https:\/\/profumix.it\/en\/prodotto\/lancome-la-vie-est-belle-30ml-spray-eau-de-parfum-latte-profumato-nutritivo-50ml-gel-doccia-profumato-vitalizzante-50ml\/","og_locale":"en_US","og_type":"article","og_title":"LANCOME LA VIE EST BELLE 30ML SPRAY EAU DE PARFUM + LATTE PROFUMATO NUTRITIVO 50ML + GEL DOCCIA PROFUMATO VITALIZZANTE 50ML","og_description":"LA VIE EST BELLE \u00c8 IL NUOVO PROFUMO DI LANCOME, DISPONIBILE SUL MERCATO A PARTIRE DA SETTEMBRE 2012. IL CONCETTO DI QUESTA FRAGRANZA \u00c8 CENTRATA SULLA BELLEZZA NATURALE E SEMPLICE, LA LIBERT\u00c0 DALLE CONVENZIONI E LA SCELTA DELLA VISIONE. IL PROFUMO \u00c8 UNA SORTA DI VISIONE DELLA VITA, ISPIRATA DALLA GIOIA E DAL PIACERE DELLE PICCOLE COSE. LA COMPOSIZIONE \u00c8 STATA SVILUPPATA DAI PROFUMIERI OLIVIER POLGE, DOMINIQUE ROPION E ANNE FLIPO. LA FORMULA FINALE \u00c8 IL RISULTATO RAGGIUNTO DOPO TRE ANNI DI LAVORO E 5000 VERSIONI. L\u2019IRIS \u00c8 L'INGREDIENTE CHIAVE DEL PROFUMO, CIRCONDATO DA FIORI D'ARANCIO E GELSOMINO NEL CUORE. LA NOTE DI APERTURA FORNISCONO SAPORI FRUTTATI DI RIBES NERO E PERA, MENTRE LA BASE \u00c8 CALDA E GOURMAND GRAZIE ALLA MANDORLA ED AD ACCORDI DI FAVA TONKA, PRALINA, PATCHOULI E VANIGLIA. IL FLACONE \u00c8 UNA VERSIONE RIDISEGNATA DELLA CLASSICA BOTTIGLIA LANCOME DEL 1949. IL VOLTO DELLA CAMPAGNA PUBBLICITARIA \u00c8 L\u2019ATTRICE JULIA ROBERTS;LO SPOT \u00c8 GIRATO DAL REGISTA TARSEM SINGH.","og_url":"https:\/\/profumix.it\/en\/prodotto\/lancome-la-vie-est-belle-30ml-spray-eau-de-parfum-latte-profumato-nutritivo-50ml-gel-doccia-profumato-vitalizzante-50ml\/","og_site_name":"Profumix Perfumes","article_publisher":"https:\/\/www.facebook.com\/profumix","og_image":[{"width":403,"height":311,"url":"https:\/\/profumix.it\/wp-content\/uploads\/2013\/10\/product_l_a_lancome_la_vie_est_belle_gift_set.jpg","type":"image\/jpeg"}],"twitter_card":"summary_large_image","twitter_misc":{"Est. reading time":"1 minute"},"schema":{"@context":"https:\/\/schema.org","@graph":[{"@type":"WebPage","@id":"https:\/\/profumix.it\/en\/prodotto\/lancome-la-vie-est-belle-30ml-spray-eau-de-parfum-latte-profumato-nutritivo-50ml-gel-doccia-profumato-vitalizzante-50ml\/","url":"https:\/\/profumix.it\/en\/prodotto\/lancome-la-vie-est-belle-30ml-spray-eau-de-parfum-latte-profumato-nutritivo-50ml-gel-doccia-profumato-vitalizzante-50ml\/","name":"LANCOME LA VIE EST BELLE 30ML SPRAY EAU DE PARFUM + LATTE PROFUMATO NUTRITIVO 50ML + GEL DOCCIA PROFUMATO VITALIZZANTE 50ML","isPartOf":{"@id":"https:\/\/profumix.it\/en\/#website"},"primaryImageOfPage":{"@id":"https:\/\/profumix.it\/en\/prodotto\/lancome-la-vie-est-belle-30ml-spray-eau-de-parfum-latte-profumato-nutritivo-50ml-gel-doccia-profumato-vitalizzante-50ml\/#primaryimage"},"image":{"@id":"https:\/\/profumix.it\/en\/prodotto\/lancome-la-vie-est-belle-30ml-spray-eau-de-parfum-latte-profumato-nutritivo-50ml-gel-doccia-profumato-vitalizzante-50ml\/#primaryimage"},"thumbnailUrl":"https:\/\/profumix.it\/wp-content\/uploads\/2013\/10\/product_l_a_lancome_la_vie_est_belle_gift_set.jpg","datePublished":"2013-10-13T12:35:27+00:00","breadcrumb":{"@id":"https:\/\/profumix.it\/en\/prodotto\/lancome-la-vie-est-belle-30ml-spray-eau-de-parfum-latte-profumato-nutritivo-50ml-gel-doccia-profumato-vitalizzante-50ml\/#breadcrumb"},"inLanguage":"en-US","potentialAction":[{"@type":"ReadAction","target":["https:\/\/profumix.it\/en\/prodotto\/lancome-la-vie-est-belle-30ml-spray-eau-de-parfum-latte-profumato-nutritivo-50ml-gel-doccia-profumato-vitalizzante-50ml\/"]}]},{"@type":"ImageObject","inLanguage":"en-US","@id":"https:\/\/profumix.it\/en\/prodotto\/lancome-la-vie-est-belle-30ml-spray-eau-de-parfum-latte-profumato-nutritivo-50ml-gel-doccia-profumato-vitalizzante-50ml\/#primaryimage","url":"https:\/\/profumix.it\/wp-content\/uploads\/2013\/10\/product_l_a_lancome_la_vie_est_belle_gift_set.jpg","contentUrl":"https:\/\/profumix.it\/wp-content\/uploads\/2013\/10\/product_l_a_lancome_la_vie_est_belle_gift_set.jpg","width":403,"height":311,"caption":"LANCOME LA VIE EST BELLE 30ML SPRAY EAU DE PARFUM + LATTE PROFUMATO NUTRITIVO 50ML + GEL DOCCIA PROFUMATO VITALIZZANTE 50ML"},{"@type":"BreadcrumbList","@id":"https:\/\/profumix.it\/en\/prodotto\/lancome-la-vie-est-belle-30ml-spray-eau-de-parfum-latte-profumato-nutritivo-50ml-gel-doccia-profumato-vitalizzante-50ml\/#breadcrumb","itemListElement":[{"@type":"ListItem","position":1,"name":"Home","item":"https:\/\/profumix.it\/en\/home\/"},{"@type":"ListItem","position":2,"name":"Shop","item":"https:\/\/profumix.it\/en\/shop\/"},{"@type":"ListItem","position":3,"name":"LANCOME LA VIE EST BELLE 30ML SPRAY EAU DE PARFUM + LATTE PROFUMATO NUTRITIVO 50ML + GEL DOCCIA PROFUMATO VITALIZZANTE 50ML"}]},{"@type":"WebSite","@id":"https:\/\/profumix.it\/en\/#website","url":"https:\/\/profumix.it\/en\/","name":"Profumix Perfumes","description":"","potentialAction":[{"@type":"SearchAction","target":{"@type":"EntryPoint","urlTemplate":"https:\/\/profumix.it\/en\/?s={search_term_string}"},"query-input":{"@type":"PropertyValueSpecification","valueRequired":true,"valueName":"search_term_string"}}],"inLanguage":"en-US"}]}},"_links":{"self":[{"href":"https:\/\/profumix.it\/en\/wp-json\/wp\/v2\/product\/77256","targetHints":{"allow":["GET"]}}],"collection":[{"href":"https:\/\/profumix.it\/en\/wp-json\/wp\/v2\/product"}],"about":[{"href":"https:\/\/profumix.it\/en\/wp-json\/wp\/v2\/types\/product"}],"replies":[{"embeddable":true,"href":"https:\/\/profumix.it\/en\/wp-json\/wp\/v2\/comments?post=77256"}],"wp:featuredmedia":[{"embeddable":true,"href":"https:\/\/profumix.it\/en\/wp-json\/wp\/v2\/media\/77255"}],"wp:attachment":[{"href":"https:\/\/profumix.it\/en\/wp-json\/wp\/v2\/media?parent=77256"}],"wp:term":[{"taxonomy":"product_brand","embeddable":true,"href":"https:\/\/profumix.it\/en\/wp-json\/wp\/v2\/product_brand?post=77256"},{"taxonomy":"product_cat","embeddable":true,"href":"https:\/\/profumix.it\/en\/wp-json\/wp\/v2\/product_cat?post=77256"},{"taxonomy":"product_tag","embeddable":true,"href":"https:\/\/profumix.it\/en\/wp-json\/wp\/v2\/product_tag?post=77256"}],"curies":[{"name":"wp","href":"https:\/\/api.w.org\/{rel}","templated":true}]}}