{"id":77356,"date":"2013-11-19T11:49:09","date_gmt":"2013-11-19T10:49:09","guid":{"rendered":"https:\/\/profumix.it\/prodotto\/lancome-tresor-30ml-spray-eau-de-parfum-50ml-latte-profumato-corpo-50ml-gel-doccia-profumato\/"},"modified":"2013-11-19T11:49:09","modified_gmt":"2013-11-19T10:49:09","slug":"lancome-tresor-30ml-spray-eau-de-parfum-50ml-latte-profumato-corpo-50ml-gel-doccia-profumato","status":"publish","type":"product","link":"https:\/\/profumix.it\/en\/prodotto\/lancome-tresor-30ml-spray-eau-de-parfum-50ml-latte-profumato-corpo-50ml-gel-doccia-profumato\/","title":{"rendered":"LANCOME TRESOR 30ML SPRAY EAU DE PARFUM + 50ML LATTE PROFUMATO CORPO + 50ML GEL DOCCIA PROFUMATO"},"content":{"rendered":"<p>Quando venne lanciato Tr\u00e9sor, nel 1990, venne scelta come testimonial Isabella Rossellini, vicina e familiare, fuori dal tempo, eternalmente femminile, che ci ha fatto vivere l&#8217;emozione dell&#8217;incontro amoroso. Successivamente In\u00e8s Sastre ha condiviso l&#8217;emozione &#8216;degli attimi preziosi&#8217; fra lacrime e risa. Lanc\u00f4me ha voluto dare una nuova orientazione pi\u00f9 intima ai suoi profumi con una fragranza immediatamente familiare, riconoscibile, un elisir per &#8216;sentirsi felici&#8217;. La creatrice del profumo &#8211; Sophie Grosjean &#8211; \u00e8 un&#8217;amante della rosa. Questo profumo l&#8217;aveva inventato per s\u00e8, &#8216;per dar voglia di stringersi in un abbraccio&#8217;. Ha immediatamente conquistato Lanc\u00f4me che ha la rosa come emblema. E&#8217; il dodicesimo profumo della marca in 28 anni. Il suo immenso successo mondiale \u00e8 dovuto all&#8217; immagine di profumo per s\u00e8 e non per apparire..<br \/>\nLa nota di testa \u00e8 composta dal sapore di pesca e di albicocca, il cuore \u00e8 dominato dalla rosa.La nota calda dell&#8217;iris, dell&#8217;eliotropio e della violetta avvolgono con calore il sandalo e il muschio del fondo per lasciare una traccia tenace e molto identificabile.<br \/>\nIl colore rosato del profumo fa referimento alla luce di un tramonto.<\/p>\n<p>Piramide Olfattiva:<br \/>\nNote di Testa: Pesca, Albicocca, Ananas, Bergamotto<br \/>\nNote di Cuore: Rosa, Iris, Eliotropio, Gelsomino<br \/>\nNote di Fondo: Sandalo, Muschio, Vaniglia<\/p>\n","protected":false},"excerpt":{"rendered":"<p>Quando venne lanciato Tr\u00e9sor, nel 1990, venne scelta come testimonial Isabella Rossellini, vicina e familiare, fuori dal tempo, eternalmente femminile, che ci ha fatto vivere l&#8217;emozione dell&#8217;incontro amoroso. Successivamente In\u00e8s Sastre ha condiviso l&#8217;emozione &#8216;degli attimi preziosi&#8217; fra lacrime e risa. Lanc\u00f4me ha voluto dare una nuova orientazione pi\u00f9 intima ai suoi profumi con una fragranza immediatamente familiare, riconoscibile, un elisir per &#8216;sentirsi felici&#8217;. La creatrice del profumo &#8211; Sophie Grosjean &#8211; \u00e8 un&#8217;amante della rosa. Questo profumo l&#8217;aveva inventato per s\u00e8, &#8216;per dar voglia di stringersi in un abbraccio&#8217;. Ha immediatamente conquistato Lanc\u00f4me che ha la rosa come emblema. E&#8217; il dodicesimo profumo della marca in 28 anni. Il suo immenso successo mondiale \u00e8 dovuto all&#8217; immagine di profumo per s\u00e8 e non per apparire..<br \/>\nLa nota di testa \u00e8 composta dal sapore di pesca e di albicocca, il cuore \u00e8 dominato dalla rosa.La nota calda dell&#8217;iris, dell&#8217;eliotropio e della violetta avvolgono con calore il sandalo e il muschio del fondo per lasciare una traccia tenace e molto identificabile.<br \/>\nIl colore rosato del profumo fa referimento alla luce di un tramonto.<\/p>\n<p>Piramide Olfattiva:<br \/>\nNote di Testa: Pesca, Albicocca, Ananas, Bergamotto<br \/>\nNote di Cuore: Rosa, Iris, Eliotropio, Gelsomino<br \/>\nNote di Fondo: Sandalo, Muschio, Vaniglia<\/p>\n","protected":false},"featured_media":77355,"comment_status":"open","ping_status":"closed","template":"","meta":{"_et_pb_use_builder":"","_et_pb_old_content":"","_et_gb_content_width":""},"product_brand":[],"product_cat":[7113,7118,7109,7099,7098,7106],"product_tag":[],"class_list":{"0":"post-77356","1":"product","2":"type-product","3":"status-publish","4":"has-post-thumbnail","6":"product_cat-confezioni-regalo","7":"product_cat-donna-1-confezioni-regalo","8":"product_cat-donna","9":"product_cat-offerte-da-non-perdere-default-category","10":"product_cat-default-category","11":"product_cat-profumi-default-category","12":"pa_bollino-offerta_speciale","13":"pa_categoria_desc-confezioniregalodonna","14":"pa_confezione_desc-confezioneoriginalenotester","15":"pa_country_of_manufacture-fr","16":"pa_formato_filtro-30ml","17":"pa_manufacturer-lancome","18":"pa_sconto_desc-6891","19":"pa_spedizione_gratuita-no","20":"pa_tipo_filtro-sprayeaudeparfum","22":"first","23":"outofstock","24":"sale","25":"shipping-taxable","26":"purchasable","27":"product-type-simple"},"yoast_head":"<!-- This site is optimized with the Yoast SEO plugin v27.4 - https:\/\/yoast.com\/product\/yoast-seo-wordpress\/ -->\n<title>LANCOME TRESOR 30ML SPRAY EAU DE PARFUM + 50ML LATTE PROFUMATO CORPO + 50ML GEL DOCCIA PROFUMATO<\/title>\n<meta name=\"robots\" content=\"index, follow, max-snippet:-1, max-image-preview:large, max-video-preview:-1\" \/>\n<link rel=\"canonical\" href=\"https:\/\/profumix.it\/en\/prodotto\/lancome-tresor-30ml-spray-eau-de-parfum-50ml-latte-profumato-corpo-50ml-gel-doccia-profumato\/\" \/>\n<meta property=\"og:locale\" content=\"en_US\" \/>\n<meta property=\"og:type\" content=\"article\" \/>\n<meta property=\"og:title\" content=\"LANCOME TRESOR 30ML SPRAY EAU DE PARFUM + 50ML LATTE PROFUMATO CORPO + 50ML GEL DOCCIA PROFUMATO\" \/>\n<meta property=\"og:description\" content=\"Quando venne lanciato Tr\u00e9sor, nel 1990, venne scelta come testimonial Isabella Rossellini, vicina e familiare, fuori dal tempo, eternalmente femminile, che ci ha fatto vivere l&#039;emozione dell&#039;incontro amoroso. Successivamente In\u00e8s Sastre ha condiviso l&#039;emozione &#039;degli attimi preziosi&#039; fra lacrime e risa. Lanc\u00f4me ha voluto dare una nuova orientazione pi\u00f9 intima ai suoi profumi con una fragranza immediatamente familiare, riconoscibile, un elisir per &#039;sentirsi felici&#039;. La creatrice del profumo - Sophie Grosjean - \u00e8 un&#039;amante della rosa. Questo profumo l&#039;aveva inventato per s\u00e8, &#039;per dar voglia di stringersi in un abbraccio&#039;. Ha immediatamente conquistato Lanc\u00f4me che ha la rosa come emblema. E&#039; il dodicesimo profumo della marca in 28 anni. Il suo immenso successo mondiale \u00e8 dovuto all&#039; immagine di profumo per s\u00e8 e non per apparire.. La nota di testa \u00e8 composta dal sapore di pesca e di albicocca, il cuore \u00e8 dominato dalla rosa.La nota calda dell&#039;iris, dell&#039;eliotropio e della violetta avvolgono con calore il sandalo e il muschio del fondo per lasciare una traccia tenace e molto identificabile. Il colore rosato del profumo fa referimento alla luce di un tramonto.  Piramide Olfattiva:   Note di Testa: Pesca, Albicocca, Ananas, Bergamotto Note di Cuore: Rosa, Iris, Eliotropio, Gelsomino Note di Fondo: Sandalo, Muschio, Vaniglia\" \/>\n<meta property=\"og:url\" content=\"https:\/\/profumix.it\/en\/prodotto\/lancome-tresor-30ml-spray-eau-de-parfum-50ml-latte-profumato-corpo-50ml-gel-doccia-profumato\/\" \/>\n<meta property=\"og:site_name\" content=\"Profumix Perfumes\" \/>\n<meta property=\"article:publisher\" content=\"https:\/\/www.facebook.com\/profumix\" \/>\n<meta property=\"og:image\" content=\"https:\/\/profumix.it\/wp-content\/uploads\/2013\/11\/product_l_a_lancome_tresor_gift_set.jpg\" \/>\n\t<meta property=\"og:image:width\" content=\"407\" \/>\n\t<meta property=\"og:image:height\" content=\"327\" \/>\n\t<meta property=\"og:image:type\" content=\"image\/jpeg\" \/>\n<meta name=\"twitter:card\" content=\"summary_large_image\" \/>\n<meta name=\"twitter:label1\" content=\"Est. reading time\" \/>\n\t<meta name=\"twitter:data1\" content=\"1 minute\" \/>\n<script type=\"application\/ld+json\" class=\"yoast-schema-graph\">{\"@context\":\"https:\\\/\\\/schema.org\",\"@graph\":[{\"@type\":\"WebPage\",\"@id\":\"https:\\\/\\\/profumix.it\\\/en\\\/prodotto\\\/lancome-tresor-30ml-spray-eau-de-parfum-50ml-latte-profumato-corpo-50ml-gel-doccia-profumato\\\/\",\"url\":\"https:\\\/\\\/profumix.it\\\/en\\\/prodotto\\\/lancome-tresor-30ml-spray-eau-de-parfum-50ml-latte-profumato-corpo-50ml-gel-doccia-profumato\\\/\",\"name\":\"LANCOME TRESOR 30ML SPRAY EAU DE PARFUM + 50ML LATTE PROFUMATO CORPO + 50ML GEL DOCCIA PROFUMATO\",\"isPartOf\":{\"@id\":\"https:\\\/\\\/profumix.it\\\/en\\\/#website\"},\"primaryImageOfPage\":{\"@id\":\"https:\\\/\\\/profumix.it\\\/en\\\/prodotto\\\/lancome-tresor-30ml-spray-eau-de-parfum-50ml-latte-profumato-corpo-50ml-gel-doccia-profumato\\\/#primaryimage\"},\"image\":{\"@id\":\"https:\\\/\\\/profumix.it\\\/en\\\/prodotto\\\/lancome-tresor-30ml-spray-eau-de-parfum-50ml-latte-profumato-corpo-50ml-gel-doccia-profumato\\\/#primaryimage\"},\"thumbnailUrl\":\"https:\\\/\\\/profumix.it\\\/wp-content\\\/uploads\\\/2013\\\/11\\\/product_l_a_lancome_tresor_gift_set.jpg\",\"datePublished\":\"2013-11-19T10:49:09+00:00\",\"breadcrumb\":{\"@id\":\"https:\\\/\\\/profumix.it\\\/en\\\/prodotto\\\/lancome-tresor-30ml-spray-eau-de-parfum-50ml-latte-profumato-corpo-50ml-gel-doccia-profumato\\\/#breadcrumb\"},\"inLanguage\":\"en-US\",\"potentialAction\":[{\"@type\":\"ReadAction\",\"target\":[\"https:\\\/\\\/profumix.it\\\/en\\\/prodotto\\\/lancome-tresor-30ml-spray-eau-de-parfum-50ml-latte-profumato-corpo-50ml-gel-doccia-profumato\\\/\"]}]},{\"@type\":\"ImageObject\",\"inLanguage\":\"en-US\",\"@id\":\"https:\\\/\\\/profumix.it\\\/en\\\/prodotto\\\/lancome-tresor-30ml-spray-eau-de-parfum-50ml-latte-profumato-corpo-50ml-gel-doccia-profumato\\\/#primaryimage\",\"url\":\"https:\\\/\\\/profumix.it\\\/wp-content\\\/uploads\\\/2013\\\/11\\\/product_l_a_lancome_tresor_gift_set.jpg\",\"contentUrl\":\"https:\\\/\\\/profumix.it\\\/wp-content\\\/uploads\\\/2013\\\/11\\\/product_l_a_lancome_tresor_gift_set.jpg\",\"width\":407,\"height\":327,\"caption\":\"LANCOME TRESOR 30ML SPRAY EAU DE PARFUM + 50ML LATTE PROFUMATO CORPO + 50ML GEL DOCCIA PROFUMATO\"},{\"@type\":\"BreadcrumbList\",\"@id\":\"https:\\\/\\\/profumix.it\\\/en\\\/prodotto\\\/lancome-tresor-30ml-spray-eau-de-parfum-50ml-latte-profumato-corpo-50ml-gel-doccia-profumato\\\/#breadcrumb\",\"itemListElement\":[{\"@type\":\"ListItem\",\"position\":1,\"name\":\"Home\",\"item\":\"https:\\\/\\\/profumix.it\\\/en\\\/home\\\/\"},{\"@type\":\"ListItem\",\"position\":2,\"name\":\"Shop\",\"item\":\"https:\\\/\\\/profumix.it\\\/en\\\/shop\\\/\"},{\"@type\":\"ListItem\",\"position\":3,\"name\":\"LANCOME TRESOR 30ML SPRAY EAU DE PARFUM + 50ML LATTE PROFUMATO CORPO + 50ML GEL DOCCIA PROFUMATO\"}]},{\"@type\":\"WebSite\",\"@id\":\"https:\\\/\\\/profumix.it\\\/en\\\/#website\",\"url\":\"https:\\\/\\\/profumix.it\\\/en\\\/\",\"name\":\"Profumix Perfumes\",\"description\":\"\",\"potentialAction\":[{\"@type\":\"SearchAction\",\"target\":{\"@type\":\"EntryPoint\",\"urlTemplate\":\"https:\\\/\\\/profumix.it\\\/en\\\/?s={search_term_string}\"},\"query-input\":{\"@type\":\"PropertyValueSpecification\",\"valueRequired\":true,\"valueName\":\"search_term_string\"}}],\"inLanguage\":\"en-US\"}]}<\/script>\n<!-- \/ Yoast SEO plugin. -->","yoast_head_json":{"title":"LANCOME TRESOR 30ML SPRAY EAU DE PARFUM + 50ML LATTE PROFUMATO CORPO + 50ML GEL DOCCIA PROFUMATO","robots":{"index":"index","follow":"follow","max-snippet":"max-snippet:-1","max-image-preview":"max-image-preview:large","max-video-preview":"max-video-preview:-1"},"canonical":"https:\/\/profumix.it\/en\/prodotto\/lancome-tresor-30ml-spray-eau-de-parfum-50ml-latte-profumato-corpo-50ml-gel-doccia-profumato\/","og_locale":"en_US","og_type":"article","og_title":"LANCOME TRESOR 30ML SPRAY EAU DE PARFUM + 50ML LATTE PROFUMATO CORPO + 50ML GEL DOCCIA PROFUMATO","og_description":"Quando venne lanciato Tr\u00e9sor, nel 1990, venne scelta come testimonial Isabella Rossellini, vicina e familiare, fuori dal tempo, eternalmente femminile, che ci ha fatto vivere l'emozione dell'incontro amoroso. Successivamente In\u00e8s Sastre ha condiviso l'emozione 'degli attimi preziosi' fra lacrime e risa. Lanc\u00f4me ha voluto dare una nuova orientazione pi\u00f9 intima ai suoi profumi con una fragranza immediatamente familiare, riconoscibile, un elisir per 'sentirsi felici'. La creatrice del profumo - Sophie Grosjean - \u00e8 un'amante della rosa. Questo profumo l'aveva inventato per s\u00e8, 'per dar voglia di stringersi in un abbraccio'. Ha immediatamente conquistato Lanc\u00f4me che ha la rosa come emblema. E' il dodicesimo profumo della marca in 28 anni. Il suo immenso successo mondiale \u00e8 dovuto all' immagine di profumo per s\u00e8 e non per apparire.. La nota di testa \u00e8 composta dal sapore di pesca e di albicocca, il cuore \u00e8 dominato dalla rosa.La nota calda dell'iris, dell'eliotropio e della violetta avvolgono con calore il sandalo e il muschio del fondo per lasciare una traccia tenace e molto identificabile. Il colore rosato del profumo fa referimento alla luce di un tramonto.  Piramide Olfattiva:   Note di Testa: Pesca, Albicocca, Ananas, Bergamotto Note di Cuore: Rosa, Iris, Eliotropio, Gelsomino Note di Fondo: Sandalo, Muschio, Vaniglia","og_url":"https:\/\/profumix.it\/en\/prodotto\/lancome-tresor-30ml-spray-eau-de-parfum-50ml-latte-profumato-corpo-50ml-gel-doccia-profumato\/","og_site_name":"Profumix Perfumes","article_publisher":"https:\/\/www.facebook.com\/profumix","og_image":[{"width":407,"height":327,"url":"https:\/\/profumix.it\/wp-content\/uploads\/2013\/11\/product_l_a_lancome_tresor_gift_set.jpg","type":"image\/jpeg"}],"twitter_card":"summary_large_image","twitter_misc":{"Est. reading time":"1 minute"},"schema":{"@context":"https:\/\/schema.org","@graph":[{"@type":"WebPage","@id":"https:\/\/profumix.it\/en\/prodotto\/lancome-tresor-30ml-spray-eau-de-parfum-50ml-latte-profumato-corpo-50ml-gel-doccia-profumato\/","url":"https:\/\/profumix.it\/en\/prodotto\/lancome-tresor-30ml-spray-eau-de-parfum-50ml-latte-profumato-corpo-50ml-gel-doccia-profumato\/","name":"LANCOME TRESOR 30ML SPRAY EAU DE PARFUM + 50ML LATTE PROFUMATO CORPO + 50ML GEL DOCCIA PROFUMATO","isPartOf":{"@id":"https:\/\/profumix.it\/en\/#website"},"primaryImageOfPage":{"@id":"https:\/\/profumix.it\/en\/prodotto\/lancome-tresor-30ml-spray-eau-de-parfum-50ml-latte-profumato-corpo-50ml-gel-doccia-profumato\/#primaryimage"},"image":{"@id":"https:\/\/profumix.it\/en\/prodotto\/lancome-tresor-30ml-spray-eau-de-parfum-50ml-latte-profumato-corpo-50ml-gel-doccia-profumato\/#primaryimage"},"thumbnailUrl":"https:\/\/profumix.it\/wp-content\/uploads\/2013\/11\/product_l_a_lancome_tresor_gift_set.jpg","datePublished":"2013-11-19T10:49:09+00:00","breadcrumb":{"@id":"https:\/\/profumix.it\/en\/prodotto\/lancome-tresor-30ml-spray-eau-de-parfum-50ml-latte-profumato-corpo-50ml-gel-doccia-profumato\/#breadcrumb"},"inLanguage":"en-US","potentialAction":[{"@type":"ReadAction","target":["https:\/\/profumix.it\/en\/prodotto\/lancome-tresor-30ml-spray-eau-de-parfum-50ml-latte-profumato-corpo-50ml-gel-doccia-profumato\/"]}]},{"@type":"ImageObject","inLanguage":"en-US","@id":"https:\/\/profumix.it\/en\/prodotto\/lancome-tresor-30ml-spray-eau-de-parfum-50ml-latte-profumato-corpo-50ml-gel-doccia-profumato\/#primaryimage","url":"https:\/\/profumix.it\/wp-content\/uploads\/2013\/11\/product_l_a_lancome_tresor_gift_set.jpg","contentUrl":"https:\/\/profumix.it\/wp-content\/uploads\/2013\/11\/product_l_a_lancome_tresor_gift_set.jpg","width":407,"height":327,"caption":"LANCOME TRESOR 30ML SPRAY EAU DE PARFUM + 50ML LATTE PROFUMATO CORPO + 50ML GEL DOCCIA PROFUMATO"},{"@type":"BreadcrumbList","@id":"https:\/\/profumix.it\/en\/prodotto\/lancome-tresor-30ml-spray-eau-de-parfum-50ml-latte-profumato-corpo-50ml-gel-doccia-profumato\/#breadcrumb","itemListElement":[{"@type":"ListItem","position":1,"name":"Home","item":"https:\/\/profumix.it\/en\/home\/"},{"@type":"ListItem","position":2,"name":"Shop","item":"https:\/\/profumix.it\/en\/shop\/"},{"@type":"ListItem","position":3,"name":"LANCOME TRESOR 30ML SPRAY EAU DE PARFUM + 50ML LATTE PROFUMATO CORPO + 50ML GEL DOCCIA PROFUMATO"}]},{"@type":"WebSite","@id":"https:\/\/profumix.it\/en\/#website","url":"https:\/\/profumix.it\/en\/","name":"Profumix Perfumes","description":"","potentialAction":[{"@type":"SearchAction","target":{"@type":"EntryPoint","urlTemplate":"https:\/\/profumix.it\/en\/?s={search_term_string}"},"query-input":{"@type":"PropertyValueSpecification","valueRequired":true,"valueName":"search_term_string"}}],"inLanguage":"en-US"}]}},"_links":{"self":[{"href":"https:\/\/profumix.it\/en\/wp-json\/wp\/v2\/product\/77356","targetHints":{"allow":["GET"]}}],"collection":[{"href":"https:\/\/profumix.it\/en\/wp-json\/wp\/v2\/product"}],"about":[{"href":"https:\/\/profumix.it\/en\/wp-json\/wp\/v2\/types\/product"}],"replies":[{"embeddable":true,"href":"https:\/\/profumix.it\/en\/wp-json\/wp\/v2\/comments?post=77356"}],"wp:featuredmedia":[{"embeddable":true,"href":"https:\/\/profumix.it\/en\/wp-json\/wp\/v2\/media\/77355"}],"wp:attachment":[{"href":"https:\/\/profumix.it\/en\/wp-json\/wp\/v2\/media?parent=77356"}],"wp:term":[{"taxonomy":"product_brand","embeddable":true,"href":"https:\/\/profumix.it\/en\/wp-json\/wp\/v2\/product_brand?post=77356"},{"taxonomy":"product_cat","embeddable":true,"href":"https:\/\/profumix.it\/en\/wp-json\/wp\/v2\/product_cat?post=77356"},{"taxonomy":"product_tag","embeddable":true,"href":"https:\/\/profumix.it\/en\/wp-json\/wp\/v2\/product_tag?post=77356"}],"curies":[{"name":"wp","href":"https:\/\/api.w.org\/{rel}","templated":true}]}}