{"id":77565,"date":"2014-02-13T17:43:00","date_gmt":"2014-02-13T16:43:00","guid":{"rendered":"https:\/\/profumix.it\/prodotto\/brut-the-essence-of-man-gift-box750ml-cologne\/"},"modified":"2022-10-19T12:08:43","modified_gmt":"2022-10-19T10:08:43","slug":"brut-the-essence-of-man-gift-box750ml-cologne","status":"publish","type":"product","link":"https:\/\/profumix.it\/en\/prodotto\/brut-the-essence-of-man-gift-box750ml-cologne\/","title":{"rendered":"BRUT THE ESSENCE OF MAN GIFT BOX 750ML COLOGNE 25.6 OZ."},"content":{"rendered":"<p>Brut di Faberge \u00e8 una fragranza del gruppo Aromatico Speziato da uomo. Brut \u00e8 stato lanciato sul mercato nel 1968. Il Naso di questa fragranza \u00e8 Karl Mann. Le note di testa sono Anice, Basilico, Bergamotto, Lavanda e Limone; le note di cuore sono Geranio, Gelsomino e Ylang Ylang; le note di base sono Muschio di Quercia, Patchouli, Sandalo, Fava Tonka, Vaniglia e Vetiver. <\/p>\n","protected":false},"excerpt":{"rendered":"<p>Brut di Faberge \u00e8 una fragranza del gruppo Aromatico Speziato da uomo. Brut \u00e8 stato lanciato sul mercato nel 1968. Il Naso di questa fragranza \u00e8 Karl Mann. Le note di testa sono Anice, Basilico, Bergamotto, Lavanda e Limone; le note di cuore sono Geranio, Gelsomino e Ylang Ylang; le note di base sono Muschio di Quercia, Patchouli, Sandalo, Fava Tonka, Vaniglia e Vetiver. <\/p>\n","protected":false},"featured_media":77564,"comment_status":"open","ping_status":"closed","template":"","meta":{"_et_pb_use_builder":"","_et_pb_old_content":"","_et_gb_content_width":""},"product_brand":[],"product_cat":[7173,7098,7106,7107],"product_tag":[],"class_list":{"0":"post-77565","1":"product","2":"type-product","3":"status-publish","4":"has-post-thumbnail","6":"product_cat-articoli-fuori-produzione-e-rarita","7":"product_cat-default-category","8":"product_cat-profumi-default-category","9":"product_cat-uomo-profumi-default-category","10":"pa_categoria_desc-profumiuomo","11":"pa_confezione_desc-confezioneoriginalenotester","12":"pa_formato_filtro-750ml","13":"pa_manufacturer-brutparfumsprestige","14":"pa_spedizione_gratuita-no","15":"pa_tipo_filtro-cologne","17":"first","18":"outofstock","19":"shipping-taxable","20":"purchasable","21":"product-type-simple"},"yoast_head":"<!-- This site is optimized with the Yoast SEO plugin v27.4 - https:\/\/yoast.com\/product\/yoast-seo-wordpress\/ -->\n<title>BRUT THE ESSENCE OF MAN GIFT BOX 750ML COLOGNE<\/title>\n<meta name=\"robots\" content=\"index, follow, max-snippet:-1, max-image-preview:large, max-video-preview:-1\" \/>\n<link rel=\"canonical\" href=\"https:\/\/profumix.it\/en\/prodotto\/brut-the-essence-of-man-gift-box750ml-cologne\/\" \/>\n<meta property=\"og:locale\" content=\"en_US\" \/>\n<meta property=\"og:type\" content=\"article\" \/>\n<meta property=\"og:title\" content=\"BRUT THE ESSENCE OF MAN GIFT BOX 750ML COLOGNE\" \/>\n<meta property=\"og:description\" content=\"Brut di Faberge \u00e8 una fragranza del gruppo Aromatico Speziato da uomo. Brut \u00e8 stato lanciato sul mercato nel 1968. Il Naso di questa fragranza \u00e8 Karl Mann. Le note di testa sono Anice, Basilico, Bergamotto, Lavanda e Limone; le note di cuore sono Geranio, Gelsomino e Ylang Ylang; le note di base sono Muschio di Quercia, Patchouli, Sandalo, Fava Tonka, Vaniglia e Vetiver.\" \/>\n<meta property=\"og:url\" content=\"https:\/\/profumix.it\/en\/prodotto\/brut-the-essence-of-man-gift-box750ml-cologne\/\" \/>\n<meta property=\"og:site_name\" content=\"Profumix Perfumes\" \/>\n<meta property=\"article:publisher\" content=\"https:\/\/www.facebook.com\/profumix\" \/>\n<meta property=\"article:modified_time\" content=\"2022-10-19T10:08:43+00:00\" \/>\n<meta property=\"og:image\" content=\"https:\/\/profumix.it\/wp-content\/uploads\/2014\/02\/product_b_r_brut_gift_box_750ml.jpg\" \/>\n\t<meta property=\"og:image:width\" content=\"435\" \/>\n\t<meta property=\"og:image:height\" content=\"635\" \/>\n\t<meta property=\"og:image:type\" content=\"image\/jpeg\" \/>\n<meta name=\"twitter:card\" content=\"summary_large_image\" \/>\n<script type=\"application\/ld+json\" class=\"yoast-schema-graph\">{\"@context\":\"https:\\\/\\\/schema.org\",\"@graph\":[{\"@type\":\"WebPage\",\"@id\":\"https:\\\/\\\/profumix.it\\\/en\\\/prodotto\\\/brut-the-essence-of-man-gift-box750ml-cologne\\\/\",\"url\":\"https:\\\/\\\/profumix.it\\\/en\\\/prodotto\\\/brut-the-essence-of-man-gift-box750ml-cologne\\\/\",\"name\":\"BRUT THE ESSENCE OF MAN GIFT BOX 750ML COLOGNE\",\"isPartOf\":{\"@id\":\"https:\\\/\\\/profumix.it\\\/en\\\/#website\"},\"primaryImageOfPage\":{\"@id\":\"https:\\\/\\\/profumix.it\\\/en\\\/prodotto\\\/brut-the-essence-of-man-gift-box750ml-cologne\\\/#primaryimage\"},\"image\":{\"@id\":\"https:\\\/\\\/profumix.it\\\/en\\\/prodotto\\\/brut-the-essence-of-man-gift-box750ml-cologne\\\/#primaryimage\"},\"thumbnailUrl\":\"https:\\\/\\\/profumix.it\\\/wp-content\\\/uploads\\\/2014\\\/02\\\/product_b_r_brut_gift_box_750ml.jpg\",\"datePublished\":\"2014-02-13T16:43:00+00:00\",\"dateModified\":\"2022-10-19T10:08:43+00:00\",\"breadcrumb\":{\"@id\":\"https:\\\/\\\/profumix.it\\\/en\\\/prodotto\\\/brut-the-essence-of-man-gift-box750ml-cologne\\\/#breadcrumb\"},\"inLanguage\":\"en-US\",\"potentialAction\":[{\"@type\":\"ReadAction\",\"target\":[\"https:\\\/\\\/profumix.it\\\/en\\\/prodotto\\\/brut-the-essence-of-man-gift-box750ml-cologne\\\/\"]}]},{\"@type\":\"ImageObject\",\"inLanguage\":\"en-US\",\"@id\":\"https:\\\/\\\/profumix.it\\\/en\\\/prodotto\\\/brut-the-essence-of-man-gift-box750ml-cologne\\\/#primaryimage\",\"url\":\"https:\\\/\\\/profumix.it\\\/wp-content\\\/uploads\\\/2014\\\/02\\\/product_b_r_brut_gift_box_750ml.jpg\",\"contentUrl\":\"https:\\\/\\\/profumix.it\\\/wp-content\\\/uploads\\\/2014\\\/02\\\/product_b_r_brut_gift_box_750ml.jpg\",\"width\":435,\"height\":635,\"caption\":\"BRUT THE ESSENCE OF MAN GIFT BOX 750ML COLOGNE\"},{\"@type\":\"BreadcrumbList\",\"@id\":\"https:\\\/\\\/profumix.it\\\/en\\\/prodotto\\\/brut-the-essence-of-man-gift-box750ml-cologne\\\/#breadcrumb\",\"itemListElement\":[{\"@type\":\"ListItem\",\"position\":1,\"name\":\"Home\",\"item\":\"https:\\\/\\\/profumix.it\\\/en\\\/home\\\/\"},{\"@type\":\"ListItem\",\"position\":2,\"name\":\"Shop\",\"item\":\"https:\\\/\\\/profumix.it\\\/en\\\/shop\\\/\"},{\"@type\":\"ListItem\",\"position\":3,\"name\":\"BRUT THE ESSENCE OF MAN GIFT BOX 750ML COLOGNE 25.6 OZ.\"}]},{\"@type\":\"WebSite\",\"@id\":\"https:\\\/\\\/profumix.it\\\/en\\\/#website\",\"url\":\"https:\\\/\\\/profumix.it\\\/en\\\/\",\"name\":\"Profumix Perfumes\",\"description\":\"\",\"potentialAction\":[{\"@type\":\"SearchAction\",\"target\":{\"@type\":\"EntryPoint\",\"urlTemplate\":\"https:\\\/\\\/profumix.it\\\/en\\\/?s={search_term_string}\"},\"query-input\":{\"@type\":\"PropertyValueSpecification\",\"valueRequired\":true,\"valueName\":\"search_term_string\"}}],\"inLanguage\":\"en-US\"}]}<\/script>\n<!-- \/ Yoast SEO plugin. -->","yoast_head_json":{"title":"BRUT THE ESSENCE OF MAN GIFT BOX 750ML COLOGNE","robots":{"index":"index","follow":"follow","max-snippet":"max-snippet:-1","max-image-preview":"max-image-preview:large","max-video-preview":"max-video-preview:-1"},"canonical":"https:\/\/profumix.it\/en\/prodotto\/brut-the-essence-of-man-gift-box750ml-cologne\/","og_locale":"en_US","og_type":"article","og_title":"BRUT THE ESSENCE OF MAN GIFT BOX 750ML COLOGNE","og_description":"Brut di Faberge \u00e8 una fragranza del gruppo Aromatico Speziato da uomo. Brut \u00e8 stato lanciato sul mercato nel 1968. Il Naso di questa fragranza \u00e8 Karl Mann. Le note di testa sono Anice, Basilico, Bergamotto, Lavanda e Limone; le note di cuore sono Geranio, Gelsomino e Ylang Ylang; le note di base sono Muschio di Quercia, Patchouli, Sandalo, Fava Tonka, Vaniglia e Vetiver.","og_url":"https:\/\/profumix.it\/en\/prodotto\/brut-the-essence-of-man-gift-box750ml-cologne\/","og_site_name":"Profumix Perfumes","article_publisher":"https:\/\/www.facebook.com\/profumix","article_modified_time":"2022-10-19T10:08:43+00:00","og_image":[{"width":435,"height":635,"url":"https:\/\/profumix.it\/wp-content\/uploads\/2014\/02\/product_b_r_brut_gift_box_750ml.jpg","type":"image\/jpeg"}],"twitter_card":"summary_large_image","schema":{"@context":"https:\/\/schema.org","@graph":[{"@type":"WebPage","@id":"https:\/\/profumix.it\/en\/prodotto\/brut-the-essence-of-man-gift-box750ml-cologne\/","url":"https:\/\/profumix.it\/en\/prodotto\/brut-the-essence-of-man-gift-box750ml-cologne\/","name":"BRUT THE ESSENCE OF MAN GIFT BOX 750ML COLOGNE","isPartOf":{"@id":"https:\/\/profumix.it\/en\/#website"},"primaryImageOfPage":{"@id":"https:\/\/profumix.it\/en\/prodotto\/brut-the-essence-of-man-gift-box750ml-cologne\/#primaryimage"},"image":{"@id":"https:\/\/profumix.it\/en\/prodotto\/brut-the-essence-of-man-gift-box750ml-cologne\/#primaryimage"},"thumbnailUrl":"https:\/\/profumix.it\/wp-content\/uploads\/2014\/02\/product_b_r_brut_gift_box_750ml.jpg","datePublished":"2014-02-13T16:43:00+00:00","dateModified":"2022-10-19T10:08:43+00:00","breadcrumb":{"@id":"https:\/\/profumix.it\/en\/prodotto\/brut-the-essence-of-man-gift-box750ml-cologne\/#breadcrumb"},"inLanguage":"en-US","potentialAction":[{"@type":"ReadAction","target":["https:\/\/profumix.it\/en\/prodotto\/brut-the-essence-of-man-gift-box750ml-cologne\/"]}]},{"@type":"ImageObject","inLanguage":"en-US","@id":"https:\/\/profumix.it\/en\/prodotto\/brut-the-essence-of-man-gift-box750ml-cologne\/#primaryimage","url":"https:\/\/profumix.it\/wp-content\/uploads\/2014\/02\/product_b_r_brut_gift_box_750ml.jpg","contentUrl":"https:\/\/profumix.it\/wp-content\/uploads\/2014\/02\/product_b_r_brut_gift_box_750ml.jpg","width":435,"height":635,"caption":"BRUT THE ESSENCE OF MAN GIFT BOX 750ML COLOGNE"},{"@type":"BreadcrumbList","@id":"https:\/\/profumix.it\/en\/prodotto\/brut-the-essence-of-man-gift-box750ml-cologne\/#breadcrumb","itemListElement":[{"@type":"ListItem","position":1,"name":"Home","item":"https:\/\/profumix.it\/en\/home\/"},{"@type":"ListItem","position":2,"name":"Shop","item":"https:\/\/profumix.it\/en\/shop\/"},{"@type":"ListItem","position":3,"name":"BRUT THE ESSENCE OF MAN GIFT BOX 750ML COLOGNE 25.6 OZ."}]},{"@type":"WebSite","@id":"https:\/\/profumix.it\/en\/#website","url":"https:\/\/profumix.it\/en\/","name":"Profumix Perfumes","description":"","potentialAction":[{"@type":"SearchAction","target":{"@type":"EntryPoint","urlTemplate":"https:\/\/profumix.it\/en\/?s={search_term_string}"},"query-input":{"@type":"PropertyValueSpecification","valueRequired":true,"valueName":"search_term_string"}}],"inLanguage":"en-US"}]}},"_links":{"self":[{"href":"https:\/\/profumix.it\/en\/wp-json\/wp\/v2\/product\/77565","targetHints":{"allow":["GET"]}}],"collection":[{"href":"https:\/\/profumix.it\/en\/wp-json\/wp\/v2\/product"}],"about":[{"href":"https:\/\/profumix.it\/en\/wp-json\/wp\/v2\/types\/product"}],"replies":[{"embeddable":true,"href":"https:\/\/profumix.it\/en\/wp-json\/wp\/v2\/comments?post=77565"}],"wp:featuredmedia":[{"embeddable":true,"href":"https:\/\/profumix.it\/en\/wp-json\/wp\/v2\/media\/77564"}],"wp:attachment":[{"href":"https:\/\/profumix.it\/en\/wp-json\/wp\/v2\/media?parent=77565"}],"wp:term":[{"taxonomy":"product_brand","embeddable":true,"href":"https:\/\/profumix.it\/en\/wp-json\/wp\/v2\/product_brand?post=77565"},{"taxonomy":"product_cat","embeddable":true,"href":"https:\/\/profumix.it\/en\/wp-json\/wp\/v2\/product_cat?post=77565"},{"taxonomy":"product_tag","embeddable":true,"href":"https:\/\/profumix.it\/en\/wp-json\/wp\/v2\/product_tag?post=77565"}],"curies":[{"name":"wp","href":"https:\/\/api.w.org\/{rel}","templated":true}]}}