{"id":77631,"date":"2014-03-06T11:08:19","date_gmt":"2014-03-06T10:08:19","guid":{"rendered":"https:\/\/profumix.it\/prodotto\/viktor-rolf-flowerbomb-50ml-spray-eau-de-parfum-50ml-gel-doccia-profumato-50ml-latte-corpo-profumato\/"},"modified":"2014-03-06T11:08:19","modified_gmt":"2014-03-06T10:08:19","slug":"viktor-rolf-flowerbomb-50ml-spray-eau-de-parfum-50ml-gel-doccia-profumato-50ml-latte-corpo-profumato","status":"publish","type":"product","link":"https:\/\/profumix.it\/en\/prodotto\/viktor-rolf-flowerbomb-50ml-spray-eau-de-parfum-50ml-gel-doccia-profumato-50ml-latte-corpo-profumato\/","title":{"rendered":"VIKTOR&#038;ROLF FLOWERBOMB 50ML SPRAY EAU DE PARFUM + 50ML GEL DOCCIA PROFUMATO + 50ML LATTE CORPO PROFUMATO"},"content":{"rendered":"<p>UN BOUQUET ESPLOSIVO DI NOTE FRESCHE E DOLCI ARRIVA CON IL PROFUMO FLOWERBOMB DI VIKTOR&#038;ROLF, CREATO DA OLIVIER POLGE, CARLOS BENAIM E DOMITILLE BERTHIER.<\/p>\n<p>FLOWERBOMB \u00c8 STATO INTRODOTTO NEL 2005, COME UN PROFUMO ORIENTALE.<\/p>\n<p>NOTE DI TESTA: FREMERE CON ACCORDI FRESCHI E DOLCI DI BERGAMOTTO E T\u00c8 VERDE.<\/p>\n<p>IL CUORE \u00c8 FLOREALE E OPULENTO, CON INTENSO, DOLCE E PURO GELSOMINO SAMBAC, SEDUCENTE CENTIFOLIA ROSA, FRESIA E CATTLEYA ORCHIDEA. MUSCHIO E PATCHOULI DONANO UNA BASE AL PROFUMO ORIENTALE, MENTRE LE SUE NOTE LATTEE ACCAREZZANO DELICATAMENTE LA NOSTRA PELLE.<\/p>\n<p>LA BOTTIGLIA \u00c8 STATA DISEGNATA DA FABIEN BARON, A FORMA DI DIAMANTE-BOMBA, ALLUDENDO ALLA STESSA FRAGRANZA, DAL MOMENTO CHE \u00c8 COS\u00cc ESPLOSIVO, SOFISTICATO E GLAMOUR.<\/p>\n","protected":false},"excerpt":{"rendered":"<p>UN BOUQUET ESPLOSIVO DI NOTE FRESCHE E DOLCI ARRIVA CON IL PROFUMO FLOWERBOMB DI VIKTOR&#038;ROLF, CREATO DA OLIVIER POLGE, CARLOS BENAIM E DOMITILLE BERTHIER.<\/p>\n<p>FLOWERBOMB \u00c8 STATO INTRODOTTO NEL 2005, COME UN PROFUMO ORIENTALE.<\/p>\n<p>NOTE DI TESTA: FREMERE CON ACCORDI FRESCHI E DOLCI DI BERGAMOTTO E T\u00c8 VERDE.<\/p>\n<p>IL CUORE \u00c8 FLOREALE E OPULENTO, CON INTENSO, DOLCE E PURO GELSOMINO SAMBAC, SEDUCENTE CENTIFOLIA ROSA, FRESIA E CATTLEYA ORCHIDEA. MUSCHIO E PATCHOULI DONANO UNA BASE AL PROFUMO ORIENTALE, MENTRE LE SUE NOTE LATTEE ACCAREZZANO DELICATAMENTE LA NOSTRA PELLE.<\/p>\n<p>LA BOTTIGLIA \u00c8 STATA DISEGNATA DA FABIEN BARON, A FORMA DI DIAMANTE-BOMBA, ALLUDENDO ALLA STESSA FRAGRANZA, DAL MOMENTO CHE \u00c8 COS\u00cc ESPLOSIVO, SOFISTICATO E GLAMOUR.<\/p>\n","protected":false},"featured_media":77630,"comment_status":"open","ping_status":"closed","template":"","meta":{"_et_pb_use_builder":"","_et_pb_old_content":"","_et_gb_content_width":""},"product_brand":[],"product_cat":[7105,7113,7118,7109,7154,7098,7106,7103],"product_tag":[],"class_list":{"0":"post-77631","1":"product","2":"type-product","3":"status-publish","4":"has-post-thumbnail","6":"product_cat-bagno-e-doccia","7":"product_cat-confezioni-regalo","8":"product_cat-donna-1-confezioni-regalo","9":"product_cat-donna","10":"product_cat-latte-e-creme-profumate","11":"product_cat-default-category","12":"product_cat-profumi-default-category","13":"product_cat-trattameni-corpo","14":"pa_confezione_desc-21-scatolaoriginaleblisterata","15":"pa_formato_filtro-50ml","16":"pa_manufacturer-viktorrolf","17":"pa_sconto_desc-6884","18":"pa_spedizione_gratuita-no","19":"pa_tipo_filtro-sprayeaudeparfum","21":"first","22":"outofstock","23":"sale","24":"shipping-taxable","25":"purchasable","26":"product-type-simple"},"yoast_head":"<!-- This site is optimized with the Yoast SEO plugin v27.4 - https:\/\/yoast.com\/product\/yoast-seo-wordpress\/ -->\n<title>VIKTOR&amp;ROLF FLOWERBOMB 50ML SPRAY EAU DE PARFUM + 50ML GEL DOCCIA PROFUMATO + 50ML LATTE CORPO PROFUMATO<\/title>\n<meta name=\"robots\" content=\"index, follow, max-snippet:-1, max-image-preview:large, max-video-preview:-1\" \/>\n<link rel=\"canonical\" href=\"https:\/\/profumix.it\/en\/prodotto\/viktor-rolf-flowerbomb-50ml-spray-eau-de-parfum-50ml-gel-doccia-profumato-50ml-latte-corpo-profumato\/\" \/>\n<meta property=\"og:locale\" content=\"en_US\" \/>\n<meta property=\"og:type\" content=\"article\" \/>\n<meta property=\"og:title\" content=\"VIKTOR&amp;ROLF FLOWERBOMB 50ML SPRAY EAU DE PARFUM + 50ML GEL DOCCIA PROFUMATO + 50ML LATTE CORPO PROFUMATO\" \/>\n<meta property=\"og:description\" content=\"UN BOUQUET ESPLOSIVO DI NOTE FRESCHE E DOLCI ARRIVA CON IL PROFUMO FLOWERBOMB DI VIKTOR&amp;ROLF, CREATO DA OLIVIER POLGE, CARLOS BENAIM E DOMITILLE BERTHIER.  FLOWERBOMB \u00c8 STATO INTRODOTTO NEL 2005, COME UN PROFUMO ORIENTALE.  NOTE DI TESTA: FREMERE CON ACCORDI FRESCHI E DOLCI DI BERGAMOTTO E T\u00c8 VERDE.  IL CUORE \u00c8 FLOREALE E OPULENTO, CON INTENSO, DOLCE E PURO GELSOMINO SAMBAC, SEDUCENTE CENTIFOLIA ROSA, FRESIA E CATTLEYA ORCHIDEA. MUSCHIO E PATCHOULI DONANO UNA BASE AL PROFUMO ORIENTALE, MENTRE LE SUE NOTE LATTEE ACCAREZZANO DELICATAMENTE LA NOSTRA PELLE.  LA BOTTIGLIA \u00c8 STATA DISEGNATA DA FABIEN BARON, A FORMA DI DIAMANTE-BOMBA, ALLUDENDO ALLA STESSA FRAGRANZA, DAL MOMENTO CHE \u00c8 COS\u00cc ESPLOSIVO, SOFISTICATO E GLAMOUR.\" \/>\n<meta property=\"og:url\" content=\"https:\/\/profumix.it\/en\/prodotto\/viktor-rolf-flowerbomb-50ml-spray-eau-de-parfum-50ml-gel-doccia-profumato-50ml-latte-corpo-profumato\/\" \/>\n<meta property=\"og:site_name\" content=\"Profumix Perfumes\" \/>\n<meta property=\"article:publisher\" content=\"https:\/\/www.facebook.com\/profumix\" \/>\n<meta property=\"og:image\" content=\"https:\/\/profumix.it\/wp-content\/uploads\/2014\/03\/product_v_i_victor_rolf_flowerbomb_gift_set.jpg\" \/>\n\t<meta property=\"og:image:width\" content=\"631\" \/>\n\t<meta property=\"og:image:height\" content=\"500\" \/>\n\t<meta property=\"og:image:type\" content=\"image\/jpeg\" \/>\n<meta name=\"twitter:card\" content=\"summary_large_image\" \/>\n<meta name=\"twitter:label1\" content=\"Est. reading time\" \/>\n\t<meta name=\"twitter:data1\" content=\"1 minute\" \/>\n<script type=\"application\/ld+json\" class=\"yoast-schema-graph\">{\"@context\":\"https:\\\/\\\/schema.org\",\"@graph\":[{\"@type\":\"WebPage\",\"@id\":\"https:\\\/\\\/profumix.it\\\/en\\\/prodotto\\\/viktor-rolf-flowerbomb-50ml-spray-eau-de-parfum-50ml-gel-doccia-profumato-50ml-latte-corpo-profumato\\\/\",\"url\":\"https:\\\/\\\/profumix.it\\\/en\\\/prodotto\\\/viktor-rolf-flowerbomb-50ml-spray-eau-de-parfum-50ml-gel-doccia-profumato-50ml-latte-corpo-profumato\\\/\",\"name\":\"VIKTOR&ROLF FLOWERBOMB 50ML SPRAY EAU DE PARFUM + 50ML GEL DOCCIA PROFUMATO + 50ML LATTE CORPO PROFUMATO\",\"isPartOf\":{\"@id\":\"https:\\\/\\\/profumix.it\\\/en\\\/#website\"},\"primaryImageOfPage\":{\"@id\":\"https:\\\/\\\/profumix.it\\\/en\\\/prodotto\\\/viktor-rolf-flowerbomb-50ml-spray-eau-de-parfum-50ml-gel-doccia-profumato-50ml-latte-corpo-profumato\\\/#primaryimage\"},\"image\":{\"@id\":\"https:\\\/\\\/profumix.it\\\/en\\\/prodotto\\\/viktor-rolf-flowerbomb-50ml-spray-eau-de-parfum-50ml-gel-doccia-profumato-50ml-latte-corpo-profumato\\\/#primaryimage\"},\"thumbnailUrl\":\"https:\\\/\\\/profumix.it\\\/wp-content\\\/uploads\\\/2014\\\/03\\\/product_v_i_victor_rolf_flowerbomb_gift_set.jpg\",\"datePublished\":\"2014-03-06T10:08:19+00:00\",\"breadcrumb\":{\"@id\":\"https:\\\/\\\/profumix.it\\\/en\\\/prodotto\\\/viktor-rolf-flowerbomb-50ml-spray-eau-de-parfum-50ml-gel-doccia-profumato-50ml-latte-corpo-profumato\\\/#breadcrumb\"},\"inLanguage\":\"en-US\",\"potentialAction\":[{\"@type\":\"ReadAction\",\"target\":[\"https:\\\/\\\/profumix.it\\\/en\\\/prodotto\\\/viktor-rolf-flowerbomb-50ml-spray-eau-de-parfum-50ml-gel-doccia-profumato-50ml-latte-corpo-profumato\\\/\"]}]},{\"@type\":\"ImageObject\",\"inLanguage\":\"en-US\",\"@id\":\"https:\\\/\\\/profumix.it\\\/en\\\/prodotto\\\/viktor-rolf-flowerbomb-50ml-spray-eau-de-parfum-50ml-gel-doccia-profumato-50ml-latte-corpo-profumato\\\/#primaryimage\",\"url\":\"https:\\\/\\\/profumix.it\\\/wp-content\\\/uploads\\\/2014\\\/03\\\/product_v_i_victor_rolf_flowerbomb_gift_set.jpg\",\"contentUrl\":\"https:\\\/\\\/profumix.it\\\/wp-content\\\/uploads\\\/2014\\\/03\\\/product_v_i_victor_rolf_flowerbomb_gift_set.jpg\",\"width\":631,\"height\":500,\"caption\":\"VIKTOR&ROLF FLOWERBOMB 50ML SPRAY EAU DE PARFUM + 50ML GEL DOCCIA PROFUMATO + 50ML LATTE CORPO PROFUMATO\"},{\"@type\":\"BreadcrumbList\",\"@id\":\"https:\\\/\\\/profumix.it\\\/en\\\/prodotto\\\/viktor-rolf-flowerbomb-50ml-spray-eau-de-parfum-50ml-gel-doccia-profumato-50ml-latte-corpo-profumato\\\/#breadcrumb\",\"itemListElement\":[{\"@type\":\"ListItem\",\"position\":1,\"name\":\"Home\",\"item\":\"https:\\\/\\\/profumix.it\\\/en\\\/home\\\/\"},{\"@type\":\"ListItem\",\"position\":2,\"name\":\"Shop\",\"item\":\"https:\\\/\\\/profumix.it\\\/en\\\/shop\\\/\"},{\"@type\":\"ListItem\",\"position\":3,\"name\":\"VIKTOR&#038;ROLF FLOWERBOMB 50ML SPRAY EAU DE PARFUM + 50ML GEL DOCCIA PROFUMATO + 50ML LATTE CORPO PROFUMATO\"}]},{\"@type\":\"WebSite\",\"@id\":\"https:\\\/\\\/profumix.it\\\/en\\\/#website\",\"url\":\"https:\\\/\\\/profumix.it\\\/en\\\/\",\"name\":\"Profumix Perfumes\",\"description\":\"\",\"potentialAction\":[{\"@type\":\"SearchAction\",\"target\":{\"@type\":\"EntryPoint\",\"urlTemplate\":\"https:\\\/\\\/profumix.it\\\/en\\\/?s={search_term_string}\"},\"query-input\":{\"@type\":\"PropertyValueSpecification\",\"valueRequired\":true,\"valueName\":\"search_term_string\"}}],\"inLanguage\":\"en-US\"}]}<\/script>\n<!-- \/ Yoast SEO plugin. -->","yoast_head_json":{"title":"VIKTOR&ROLF FLOWERBOMB 50ML SPRAY EAU DE PARFUM + 50ML GEL DOCCIA PROFUMATO + 50ML LATTE CORPO PROFUMATO","robots":{"index":"index","follow":"follow","max-snippet":"max-snippet:-1","max-image-preview":"max-image-preview:large","max-video-preview":"max-video-preview:-1"},"canonical":"https:\/\/profumix.it\/en\/prodotto\/viktor-rolf-flowerbomb-50ml-spray-eau-de-parfum-50ml-gel-doccia-profumato-50ml-latte-corpo-profumato\/","og_locale":"en_US","og_type":"article","og_title":"VIKTOR&ROLF FLOWERBOMB 50ML SPRAY EAU DE PARFUM + 50ML GEL DOCCIA PROFUMATO + 50ML LATTE CORPO PROFUMATO","og_description":"UN BOUQUET ESPLOSIVO DI NOTE FRESCHE E DOLCI ARRIVA CON IL PROFUMO FLOWERBOMB DI VIKTOR&ROLF, CREATO DA OLIVIER POLGE, CARLOS BENAIM E DOMITILLE BERTHIER.  FLOWERBOMB \u00c8 STATO INTRODOTTO NEL 2005, COME UN PROFUMO ORIENTALE.  NOTE DI TESTA: FREMERE CON ACCORDI FRESCHI E DOLCI DI BERGAMOTTO E T\u00c8 VERDE.  IL CUORE \u00c8 FLOREALE E OPULENTO, CON INTENSO, DOLCE E PURO GELSOMINO SAMBAC, SEDUCENTE CENTIFOLIA ROSA, FRESIA E CATTLEYA ORCHIDEA. MUSCHIO E PATCHOULI DONANO UNA BASE AL PROFUMO ORIENTALE, MENTRE LE SUE NOTE LATTEE ACCAREZZANO DELICATAMENTE LA NOSTRA PELLE.  LA BOTTIGLIA \u00c8 STATA DISEGNATA DA FABIEN BARON, A FORMA DI DIAMANTE-BOMBA, ALLUDENDO ALLA STESSA FRAGRANZA, DAL MOMENTO CHE \u00c8 COS\u00cc ESPLOSIVO, SOFISTICATO E GLAMOUR.","og_url":"https:\/\/profumix.it\/en\/prodotto\/viktor-rolf-flowerbomb-50ml-spray-eau-de-parfum-50ml-gel-doccia-profumato-50ml-latte-corpo-profumato\/","og_site_name":"Profumix Perfumes","article_publisher":"https:\/\/www.facebook.com\/profumix","og_image":[{"width":631,"height":500,"url":"https:\/\/profumix.it\/wp-content\/uploads\/2014\/03\/product_v_i_victor_rolf_flowerbomb_gift_set.jpg","type":"image\/jpeg"}],"twitter_card":"summary_large_image","twitter_misc":{"Est. reading time":"1 minute"},"schema":{"@context":"https:\/\/schema.org","@graph":[{"@type":"WebPage","@id":"https:\/\/profumix.it\/en\/prodotto\/viktor-rolf-flowerbomb-50ml-spray-eau-de-parfum-50ml-gel-doccia-profumato-50ml-latte-corpo-profumato\/","url":"https:\/\/profumix.it\/en\/prodotto\/viktor-rolf-flowerbomb-50ml-spray-eau-de-parfum-50ml-gel-doccia-profumato-50ml-latte-corpo-profumato\/","name":"VIKTOR&ROLF FLOWERBOMB 50ML SPRAY EAU DE PARFUM + 50ML GEL DOCCIA PROFUMATO + 50ML LATTE CORPO PROFUMATO","isPartOf":{"@id":"https:\/\/profumix.it\/en\/#website"},"primaryImageOfPage":{"@id":"https:\/\/profumix.it\/en\/prodotto\/viktor-rolf-flowerbomb-50ml-spray-eau-de-parfum-50ml-gel-doccia-profumato-50ml-latte-corpo-profumato\/#primaryimage"},"image":{"@id":"https:\/\/profumix.it\/en\/prodotto\/viktor-rolf-flowerbomb-50ml-spray-eau-de-parfum-50ml-gel-doccia-profumato-50ml-latte-corpo-profumato\/#primaryimage"},"thumbnailUrl":"https:\/\/profumix.it\/wp-content\/uploads\/2014\/03\/product_v_i_victor_rolf_flowerbomb_gift_set.jpg","datePublished":"2014-03-06T10:08:19+00:00","breadcrumb":{"@id":"https:\/\/profumix.it\/en\/prodotto\/viktor-rolf-flowerbomb-50ml-spray-eau-de-parfum-50ml-gel-doccia-profumato-50ml-latte-corpo-profumato\/#breadcrumb"},"inLanguage":"en-US","potentialAction":[{"@type":"ReadAction","target":["https:\/\/profumix.it\/en\/prodotto\/viktor-rolf-flowerbomb-50ml-spray-eau-de-parfum-50ml-gel-doccia-profumato-50ml-latte-corpo-profumato\/"]}]},{"@type":"ImageObject","inLanguage":"en-US","@id":"https:\/\/profumix.it\/en\/prodotto\/viktor-rolf-flowerbomb-50ml-spray-eau-de-parfum-50ml-gel-doccia-profumato-50ml-latte-corpo-profumato\/#primaryimage","url":"https:\/\/profumix.it\/wp-content\/uploads\/2014\/03\/product_v_i_victor_rolf_flowerbomb_gift_set.jpg","contentUrl":"https:\/\/profumix.it\/wp-content\/uploads\/2014\/03\/product_v_i_victor_rolf_flowerbomb_gift_set.jpg","width":631,"height":500,"caption":"VIKTOR&ROLF FLOWERBOMB 50ML SPRAY EAU DE PARFUM + 50ML GEL DOCCIA PROFUMATO + 50ML LATTE CORPO PROFUMATO"},{"@type":"BreadcrumbList","@id":"https:\/\/profumix.it\/en\/prodotto\/viktor-rolf-flowerbomb-50ml-spray-eau-de-parfum-50ml-gel-doccia-profumato-50ml-latte-corpo-profumato\/#breadcrumb","itemListElement":[{"@type":"ListItem","position":1,"name":"Home","item":"https:\/\/profumix.it\/en\/home\/"},{"@type":"ListItem","position":2,"name":"Shop","item":"https:\/\/profumix.it\/en\/shop\/"},{"@type":"ListItem","position":3,"name":"VIKTOR&#038;ROLF FLOWERBOMB 50ML SPRAY EAU DE PARFUM + 50ML GEL DOCCIA PROFUMATO + 50ML LATTE CORPO PROFUMATO"}]},{"@type":"WebSite","@id":"https:\/\/profumix.it\/en\/#website","url":"https:\/\/profumix.it\/en\/","name":"Profumix Perfumes","description":"","potentialAction":[{"@type":"SearchAction","target":{"@type":"EntryPoint","urlTemplate":"https:\/\/profumix.it\/en\/?s={search_term_string}"},"query-input":{"@type":"PropertyValueSpecification","valueRequired":true,"valueName":"search_term_string"}}],"inLanguage":"en-US"}]}},"_links":{"self":[{"href":"https:\/\/profumix.it\/en\/wp-json\/wp\/v2\/product\/77631","targetHints":{"allow":["GET"]}}],"collection":[{"href":"https:\/\/profumix.it\/en\/wp-json\/wp\/v2\/product"}],"about":[{"href":"https:\/\/profumix.it\/en\/wp-json\/wp\/v2\/types\/product"}],"replies":[{"embeddable":true,"href":"https:\/\/profumix.it\/en\/wp-json\/wp\/v2\/comments?post=77631"}],"wp:featuredmedia":[{"embeddable":true,"href":"https:\/\/profumix.it\/en\/wp-json\/wp\/v2\/media\/77630"}],"wp:attachment":[{"href":"https:\/\/profumix.it\/en\/wp-json\/wp\/v2\/media?parent=77631"}],"wp:term":[{"taxonomy":"product_brand","embeddable":true,"href":"https:\/\/profumix.it\/en\/wp-json\/wp\/v2\/product_brand?post=77631"},{"taxonomy":"product_cat","embeddable":true,"href":"https:\/\/profumix.it\/en\/wp-json\/wp\/v2\/product_cat?post=77631"},{"taxonomy":"product_tag","embeddable":true,"href":"https:\/\/profumix.it\/en\/wp-json\/wp\/v2\/product_tag?post=77631"}],"curies":[{"name":"wp","href":"https:\/\/api.w.org\/{rel}","templated":true}]}}