{"id":77673,"date":"2014-03-13T15:41:36","date_gmt":"2014-03-13T14:41:36","guid":{"rendered":"https:\/\/profumix.it\/prodotto\/jean-paul-gaultier-kokorico-100ml-spray-eau-de-toilette\/"},"modified":"2014-03-13T15:41:36","modified_gmt":"2014-03-13T14:41:36","slug":"jean-paul-gaultier-kokorico-100ml-spray-eau-de-toilette","status":"publish","type":"product","link":"https:\/\/profumix.it\/en\/prodotto\/jean-paul-gaultier-kokorico-100ml-spray-eau-de-toilette\/","title":{"rendered":"JEAN PAUL GAULTIER KOKORICO 100ML SPRAY EAU DE TOILETTE"},"content":{"rendered":"<p>FINALMENTE \u00c8 ARRIVATO IL NUOVO PROFUMO MASCHILE DI JEAN PAUL GAULTIER. SEDICI ANNI DOPO L&#8217;USCITA DI LE MALE, FRAGRANZA DI ENORME SUCCESSO, JEAN PAUL GAULTIER VOLEVA UN PROFUMO GENEROSO, SENSUALE ED ENERGICO, PER UN UOMO CHIC, SENSUALE E BRLLANTE. COS\u00cc \u00c8 NATO KOKORICO, UNA MISCELA DI CACAO, PATCHOULI E NOTE FRESCHE. DI PROFILO, IL FLACONE NERO SEMBRA RAPPRESENTARE IL BUSTO DI UN UOMO, LA FORMA CARATTERISTICA E ORMAI MITICA DI LE MALE. MA VISTO DI FRONTE, IL FLACONE HA UNA FORMA COMPLETAMENTE DIVERSA, CHE RAFFIGURA IL PROFILO DEL VOLTO DI UN UOMO. SUL VETRO NERO, IL NOME KOKORICO \u00c8 SCRITTO IN ROSSO, CON UNA K LE CUI ESTREMIT\u00c0 SUPERIORI SONO DISEGNATE A FORMA DI PIUME. ANCHE QUESTO PROFUMO \u00c8 RACCHIUSO IN UNA LATTA DI METALLO, ROSSA.<\/p>\n","protected":false},"excerpt":{"rendered":"<p>FINALMENTE \u00c8 ARRIVATO IL NUOVO PROFUMO MASCHILE DI JEAN PAUL GAULTIER. SEDICI ANNI DOPO L&#8217;USCITA DI LE MALE, FRAGRANZA DI ENORME SUCCESSO, JEAN PAUL GAULTIER VOLEVA UN PROFUMO GENEROSO, SENSUALE ED ENERGICO, PER UN UOMO CHIC, SENSUALE E BRLLANTE. COS\u00cc \u00c8 NATO KOKORICO, UNA MISCELA DI CACAO, PATCHOULI E NOTE FRESCHE. DI PROFILO, IL FLACONE NERO SEMBRA RAPPRESENTARE IL BUSTO DI UN UOMO, LA FORMA CARATTERISTICA E ORMAI MITICA DI LE MALE. MA VISTO DI FRONTE, IL FLACONE HA UNA FORMA COMPLETAMENTE DIVERSA, CHE RAFFIGURA IL PROFILO DEL VOLTO DI UN UOMO. SUL VETRO NERO, IL NOME KOKORICO \u00c8 SCRITTO IN ROSSO, CON UNA K LE CUI ESTREMIT\u00c0 SUPERIORI SONO DISEGNATE A FORMA DI PIUME. ANCHE QUESTO PROFUMO \u00c8 RACCHIUSO IN UNA LATTA DI METALLO, ROSSA.<\/p>\n","protected":false},"featured_media":77672,"comment_status":"open","ping_status":"closed","template":"","meta":{"_et_pb_use_builder":"","_et_pb_old_content":"","_et_gb_content_width":""},"product_brand":[],"product_cat":[7173,7099,7098,7106,7107],"product_tag":[],"class_list":{"0":"post-77673","1":"product","2":"type-product","3":"status-publish","4":"has-post-thumbnail","6":"product_cat-articoli-fuori-produzione-e-rarita","7":"product_cat-offerte-da-non-perdere-default-category","8":"product_cat-default-category","9":"product_cat-profumi-default-category","10":"product_cat-uomo-profumi-default-category","11":"pa_bollino-offerta_speciale","12":"pa_categoria_desc-profumiuomo","13":"pa_confezione_desc-16-confezioneoriginaleblister","14":"pa_formato_filtro-100ml","15":"pa_manufacturer-jeanpaulgaultier","16":"pa_sconto_desc-6922","17":"pa_spedizione_gratuita-no","18":"pa_tipo_filtro-sprayeaudetoilette","20":"first","21":"outofstock","22":"sale","23":"shipping-taxable","24":"purchasable","25":"product-type-simple"},"yoast_head":"<!-- This site is optimized with the Yoast SEO plugin v27.4 - https:\/\/yoast.com\/product\/yoast-seo-wordpress\/ -->\n<title>JEAN PAUL GAULTIER KOKORICO 100ML SPRAY EAU DE TOILETTE<\/title>\n<meta name=\"robots\" content=\"index, follow, max-snippet:-1, max-image-preview:large, max-video-preview:-1\" \/>\n<link rel=\"canonical\" href=\"https:\/\/profumix.it\/en\/prodotto\/jean-paul-gaultier-kokorico-100ml-spray-eau-de-toilette\/\" \/>\n<meta property=\"og:locale\" content=\"en_US\" \/>\n<meta property=\"og:type\" content=\"article\" \/>\n<meta property=\"og:title\" content=\"JEAN PAUL GAULTIER KOKORICO 100ML SPRAY EAU DE TOILETTE\" \/>\n<meta property=\"og:description\" content=\"FINALMENTE \u00c8 ARRIVATO IL NUOVO PROFUMO MASCHILE DI JEAN PAUL GAULTIER. SEDICI ANNI DOPO L&#039;USCITA DI LE MALE, FRAGRANZA DI ENORME SUCCESSO, JEAN PAUL GAULTIER VOLEVA UN PROFUMO GENEROSO, SENSUALE ED ENERGICO, PER UN UOMO CHIC, SENSUALE E BRLLANTE. COS\u00cc \u00c8 NATO KOKORICO, UNA MISCELA DI CACAO, PATCHOULI E NOTE FRESCHE. DI PROFILO, IL FLACONE NERO SEMBRA RAPPRESENTARE IL BUSTO DI UN UOMO, LA FORMA CARATTERISTICA E ORMAI MITICA DI LE MALE. MA VISTO DI FRONTE, IL FLACONE HA UNA FORMA COMPLETAMENTE DIVERSA, CHE RAFFIGURA IL PROFILO DEL VOLTO DI UN UOMO. SUL VETRO NERO, IL NOME KOKORICO \u00c8 SCRITTO IN ROSSO, CON UNA K LE CUI ESTREMIT\u00c0 SUPERIORI SONO DISEGNATE A FORMA DI PIUME. ANCHE QUESTO PROFUMO \u00c8 RACCHIUSO IN UNA LATTA DI METALLO, ROSSA.\" \/>\n<meta property=\"og:url\" content=\"https:\/\/profumix.it\/en\/prodotto\/jean-paul-gaultier-kokorico-100ml-spray-eau-de-toilette\/\" \/>\n<meta property=\"og:site_name\" content=\"Profumix Perfumes\" \/>\n<meta property=\"article:publisher\" content=\"https:\/\/www.facebook.com\/profumix\" \/>\n<meta property=\"og:image\" content=\"https:\/\/profumix.it\/wp-content\/uploads\/2014\/03\/product_j_e_jean_paul_gualtier_kokorico.jpg\" \/>\n\t<meta property=\"og:image:width\" content=\"500\" \/>\n\t<meta property=\"og:image:height\" content=\"500\" \/>\n\t<meta property=\"og:image:type\" content=\"image\/jpeg\" \/>\n<meta name=\"twitter:card\" content=\"summary_large_image\" \/>\n<meta name=\"twitter:label1\" content=\"Est. reading time\" \/>\n\t<meta name=\"twitter:data1\" content=\"1 minute\" \/>\n<script type=\"application\/ld+json\" class=\"yoast-schema-graph\">{\"@context\":\"https:\\\/\\\/schema.org\",\"@graph\":[{\"@type\":\"WebPage\",\"@id\":\"https:\\\/\\\/profumix.it\\\/en\\\/prodotto\\\/jean-paul-gaultier-kokorico-100ml-spray-eau-de-toilette\\\/\",\"url\":\"https:\\\/\\\/profumix.it\\\/en\\\/prodotto\\\/jean-paul-gaultier-kokorico-100ml-spray-eau-de-toilette\\\/\",\"name\":\"JEAN PAUL GAULTIER KOKORICO 100ML SPRAY EAU DE TOILETTE\",\"isPartOf\":{\"@id\":\"https:\\\/\\\/profumix.it\\\/en\\\/#website\"},\"primaryImageOfPage\":{\"@id\":\"https:\\\/\\\/profumix.it\\\/en\\\/prodotto\\\/jean-paul-gaultier-kokorico-100ml-spray-eau-de-toilette\\\/#primaryimage\"},\"image\":{\"@id\":\"https:\\\/\\\/profumix.it\\\/en\\\/prodotto\\\/jean-paul-gaultier-kokorico-100ml-spray-eau-de-toilette\\\/#primaryimage\"},\"thumbnailUrl\":\"https:\\\/\\\/profumix.it\\\/wp-content\\\/uploads\\\/2014\\\/03\\\/product_j_e_jean_paul_gualtier_kokorico.jpg\",\"datePublished\":\"2014-03-13T14:41:36+00:00\",\"breadcrumb\":{\"@id\":\"https:\\\/\\\/profumix.it\\\/en\\\/prodotto\\\/jean-paul-gaultier-kokorico-100ml-spray-eau-de-toilette\\\/#breadcrumb\"},\"inLanguage\":\"en-US\",\"potentialAction\":[{\"@type\":\"ReadAction\",\"target\":[\"https:\\\/\\\/profumix.it\\\/en\\\/prodotto\\\/jean-paul-gaultier-kokorico-100ml-spray-eau-de-toilette\\\/\"]}]},{\"@type\":\"ImageObject\",\"inLanguage\":\"en-US\",\"@id\":\"https:\\\/\\\/profumix.it\\\/en\\\/prodotto\\\/jean-paul-gaultier-kokorico-100ml-spray-eau-de-toilette\\\/#primaryimage\",\"url\":\"https:\\\/\\\/profumix.it\\\/wp-content\\\/uploads\\\/2014\\\/03\\\/product_j_e_jean_paul_gualtier_kokorico.jpg\",\"contentUrl\":\"https:\\\/\\\/profumix.it\\\/wp-content\\\/uploads\\\/2014\\\/03\\\/product_j_e_jean_paul_gualtier_kokorico.jpg\",\"width\":500,\"height\":500,\"caption\":\"JEAN PAUL GAULTIER KOKORICO 100ML SPRAY EAU DE TOILETTE\"},{\"@type\":\"BreadcrumbList\",\"@id\":\"https:\\\/\\\/profumix.it\\\/en\\\/prodotto\\\/jean-paul-gaultier-kokorico-100ml-spray-eau-de-toilette\\\/#breadcrumb\",\"itemListElement\":[{\"@type\":\"ListItem\",\"position\":1,\"name\":\"Home\",\"item\":\"https:\\\/\\\/profumix.it\\\/en\\\/home\\\/\"},{\"@type\":\"ListItem\",\"position\":2,\"name\":\"Shop\",\"item\":\"https:\\\/\\\/profumix.it\\\/en\\\/shop\\\/\"},{\"@type\":\"ListItem\",\"position\":3,\"name\":\"JEAN PAUL GAULTIER KOKORICO 100ML SPRAY EAU DE TOILETTE\"}]},{\"@type\":\"WebSite\",\"@id\":\"https:\\\/\\\/profumix.it\\\/en\\\/#website\",\"url\":\"https:\\\/\\\/profumix.it\\\/en\\\/\",\"name\":\"Profumix Perfumes\",\"description\":\"\",\"potentialAction\":[{\"@type\":\"SearchAction\",\"target\":{\"@type\":\"EntryPoint\",\"urlTemplate\":\"https:\\\/\\\/profumix.it\\\/en\\\/?s={search_term_string}\"},\"query-input\":{\"@type\":\"PropertyValueSpecification\",\"valueRequired\":true,\"valueName\":\"search_term_string\"}}],\"inLanguage\":\"en-US\"}]}<\/script>\n<!-- \/ Yoast SEO plugin. -->","yoast_head_json":{"title":"JEAN PAUL GAULTIER KOKORICO 100ML SPRAY EAU DE TOILETTE","robots":{"index":"index","follow":"follow","max-snippet":"max-snippet:-1","max-image-preview":"max-image-preview:large","max-video-preview":"max-video-preview:-1"},"canonical":"https:\/\/profumix.it\/en\/prodotto\/jean-paul-gaultier-kokorico-100ml-spray-eau-de-toilette\/","og_locale":"en_US","og_type":"article","og_title":"JEAN PAUL GAULTIER KOKORICO 100ML SPRAY EAU DE TOILETTE","og_description":"FINALMENTE \u00c8 ARRIVATO IL NUOVO PROFUMO MASCHILE DI JEAN PAUL GAULTIER. SEDICI ANNI DOPO L'USCITA DI LE MALE, FRAGRANZA DI ENORME SUCCESSO, JEAN PAUL GAULTIER VOLEVA UN PROFUMO GENEROSO, SENSUALE ED ENERGICO, PER UN UOMO CHIC, SENSUALE E BRLLANTE. COS\u00cc \u00c8 NATO KOKORICO, UNA MISCELA DI CACAO, PATCHOULI E NOTE FRESCHE. DI PROFILO, IL FLACONE NERO SEMBRA RAPPRESENTARE IL BUSTO DI UN UOMO, LA FORMA CARATTERISTICA E ORMAI MITICA DI LE MALE. MA VISTO DI FRONTE, IL FLACONE HA UNA FORMA COMPLETAMENTE DIVERSA, CHE RAFFIGURA IL PROFILO DEL VOLTO DI UN UOMO. SUL VETRO NERO, IL NOME KOKORICO \u00c8 SCRITTO IN ROSSO, CON UNA K LE CUI ESTREMIT\u00c0 SUPERIORI SONO DISEGNATE A FORMA DI PIUME. ANCHE QUESTO PROFUMO \u00c8 RACCHIUSO IN UNA LATTA DI METALLO, ROSSA.","og_url":"https:\/\/profumix.it\/en\/prodotto\/jean-paul-gaultier-kokorico-100ml-spray-eau-de-toilette\/","og_site_name":"Profumix Perfumes","article_publisher":"https:\/\/www.facebook.com\/profumix","og_image":[{"width":500,"height":500,"url":"https:\/\/profumix.it\/wp-content\/uploads\/2014\/03\/product_j_e_jean_paul_gualtier_kokorico.jpg","type":"image\/jpeg"}],"twitter_card":"summary_large_image","twitter_misc":{"Est. reading time":"1 minute"},"schema":{"@context":"https:\/\/schema.org","@graph":[{"@type":"WebPage","@id":"https:\/\/profumix.it\/en\/prodotto\/jean-paul-gaultier-kokorico-100ml-spray-eau-de-toilette\/","url":"https:\/\/profumix.it\/en\/prodotto\/jean-paul-gaultier-kokorico-100ml-spray-eau-de-toilette\/","name":"JEAN PAUL GAULTIER KOKORICO 100ML SPRAY EAU DE TOILETTE","isPartOf":{"@id":"https:\/\/profumix.it\/en\/#website"},"primaryImageOfPage":{"@id":"https:\/\/profumix.it\/en\/prodotto\/jean-paul-gaultier-kokorico-100ml-spray-eau-de-toilette\/#primaryimage"},"image":{"@id":"https:\/\/profumix.it\/en\/prodotto\/jean-paul-gaultier-kokorico-100ml-spray-eau-de-toilette\/#primaryimage"},"thumbnailUrl":"https:\/\/profumix.it\/wp-content\/uploads\/2014\/03\/product_j_e_jean_paul_gualtier_kokorico.jpg","datePublished":"2014-03-13T14:41:36+00:00","breadcrumb":{"@id":"https:\/\/profumix.it\/en\/prodotto\/jean-paul-gaultier-kokorico-100ml-spray-eau-de-toilette\/#breadcrumb"},"inLanguage":"en-US","potentialAction":[{"@type":"ReadAction","target":["https:\/\/profumix.it\/en\/prodotto\/jean-paul-gaultier-kokorico-100ml-spray-eau-de-toilette\/"]}]},{"@type":"ImageObject","inLanguage":"en-US","@id":"https:\/\/profumix.it\/en\/prodotto\/jean-paul-gaultier-kokorico-100ml-spray-eau-de-toilette\/#primaryimage","url":"https:\/\/profumix.it\/wp-content\/uploads\/2014\/03\/product_j_e_jean_paul_gualtier_kokorico.jpg","contentUrl":"https:\/\/profumix.it\/wp-content\/uploads\/2014\/03\/product_j_e_jean_paul_gualtier_kokorico.jpg","width":500,"height":500,"caption":"JEAN PAUL GAULTIER KOKORICO 100ML SPRAY EAU DE TOILETTE"},{"@type":"BreadcrumbList","@id":"https:\/\/profumix.it\/en\/prodotto\/jean-paul-gaultier-kokorico-100ml-spray-eau-de-toilette\/#breadcrumb","itemListElement":[{"@type":"ListItem","position":1,"name":"Home","item":"https:\/\/profumix.it\/en\/home\/"},{"@type":"ListItem","position":2,"name":"Shop","item":"https:\/\/profumix.it\/en\/shop\/"},{"@type":"ListItem","position":3,"name":"JEAN PAUL GAULTIER KOKORICO 100ML SPRAY EAU DE TOILETTE"}]},{"@type":"WebSite","@id":"https:\/\/profumix.it\/en\/#website","url":"https:\/\/profumix.it\/en\/","name":"Profumix Perfumes","description":"","potentialAction":[{"@type":"SearchAction","target":{"@type":"EntryPoint","urlTemplate":"https:\/\/profumix.it\/en\/?s={search_term_string}"},"query-input":{"@type":"PropertyValueSpecification","valueRequired":true,"valueName":"search_term_string"}}],"inLanguage":"en-US"}]}},"_links":{"self":[{"href":"https:\/\/profumix.it\/en\/wp-json\/wp\/v2\/product\/77673","targetHints":{"allow":["GET"]}}],"collection":[{"href":"https:\/\/profumix.it\/en\/wp-json\/wp\/v2\/product"}],"about":[{"href":"https:\/\/profumix.it\/en\/wp-json\/wp\/v2\/types\/product"}],"replies":[{"embeddable":true,"href":"https:\/\/profumix.it\/en\/wp-json\/wp\/v2\/comments?post=77673"}],"wp:featuredmedia":[{"embeddable":true,"href":"https:\/\/profumix.it\/en\/wp-json\/wp\/v2\/media\/77672"}],"wp:attachment":[{"href":"https:\/\/profumix.it\/en\/wp-json\/wp\/v2\/media?parent=77673"}],"wp:term":[{"taxonomy":"product_brand","embeddable":true,"href":"https:\/\/profumix.it\/en\/wp-json\/wp\/v2\/product_brand?post=77673"},{"taxonomy":"product_cat","embeddable":true,"href":"https:\/\/profumix.it\/en\/wp-json\/wp\/v2\/product_cat?post=77673"},{"taxonomy":"product_tag","embeddable":true,"href":"https:\/\/profumix.it\/en\/wp-json\/wp\/v2\/product_tag?post=77673"}],"curies":[{"name":"wp","href":"https:\/\/api.w.org\/{rel}","templated":true}]}}