{"id":77707,"date":"2014-03-21T12:53:20","date_gmt":"2014-03-21T11:53:20","guid":{"rendered":"https:\/\/profumix.it\/prodotto\/dolce-gabbana-the-one-gentleman-50ml-spray-eau-de-toilette-3\/"},"modified":"2014-03-21T12:53:20","modified_gmt":"2014-03-21T11:53:20","slug":"dolce-gabbana-the-one-gentleman-50ml-spray-eau-de-toilette-3","status":"publish","type":"product","link":"https:\/\/profumix.it\/en\/prodotto\/dolce-gabbana-the-one-gentleman-50ml-spray-eau-de-toilette-3\/","title":{"rendered":"DOLCE &#038; GABBANA THE ONE GENTLEMAN 100ML LOZIONE DOPOBARBA"},"content":{"rendered":"<p>DOLCE &#038; GABBANA THE ONE GENTLEMAN,\u00c8 LA  NUOVA FRAGRANZA MASCHILE LANCIATA SUL MERCATO NEL SETTEMBRE 2010. DOLCE &#038; GABBANA CELEBRANO I LORO 20 ANNI DI BRILLANTE CARRIERA NEL CAMPO DELLA MODA CON QUESTA  NUOVA PROFUMAZIONE CHE VIENE LANCIATA IN QUESTA IMPORTANTE OCCASIONE .<br \/>\nVOLTO NELLA CAMPAGNA PUBBLICITARIA  \u00c8  IL POPOLARE ATTORE MATTHEW MCCONAUGHEY,  GI\u00c0 PRESENTE  COME TESTIMONIAL  DEL PROFUMO THE ONE NEL  2008. FOTOGRAFO DELLA CAMPAGNA PUBBLICITARIA \u00c8 JEAN-BAPTISTE MONDINO.<br \/>\nLA COMPOSIZIONE DEL NUOVO THE ONE GENTLEMAN \u00c8 BASATO SU NOTE ORIENTALI RIVOLTE A UOMINI SICURI DI S\u00c9 E SOFISTICATI. <\/p>\n<p>NOTE DI TESTA: PEPE, FINOCCHIO, LAVANDA E CARDAMOMO<br \/>\nNOTE DI CUORE:VANIGLIA<br \/>\nNOTE DI FONDO: PATCHOULI.<\/p>\n","protected":false},"excerpt":{"rendered":"<p>DOLCE &#038; GABBANA THE ONE GENTLEMAN,\u00c8 LA  NUOVA FRAGRANZA MASCHILE LANCIATA SUL MERCATO NEL SETTEMBRE 2010. DOLCE &#038; GABBANA CELEBRANO I LORO 20 ANNI DI BRILLANTE CARRIERA NEL CAMPO DELLA MODA CON QUESTA  NUOVA PROFUMAZIONE CHE VIENE LANCIATA IN QUESTA IMPORTANTE OCCASIONE .<br \/>\nVOLTO NELLA CAMPAGNA PUBBLICITARIA  \u00c8  IL POPOLARE ATTORE MATTHEW MCCONAUGHEY,  GI\u00c0 PRESENTE  COME TESTIMONIAL  DEL PROFUMO THE ONE NEL  2008. FOTOGRAFO DELLA CAMPAGNA PUBBLICITARIA \u00c8 JEAN-BAPTISTE MONDINO.<br \/>\nLA COMPOSIZIONE DEL NUOVO THE ONE GENTLEMAN \u00c8 BASATO SU NOTE ORIENTALI RIVOLTE A UOMINI SICURI DI S\u00c9 E SOFISTICATI. <\/p>\n<p>NOTE DI TESTA: PEPE, FINOCCHIO, LAVANDA E CARDAMOMO<br \/>\nNOTE DI CUORE:VANIGLIA<br \/>\nNOTE DI FONDO: PATCHOULI.<\/p>\n","protected":false},"featured_media":77706,"comment_status":"open","ping_status":"closed","template":"","meta":{"_et_pb_use_builder":"","_et_pb_old_content":"","_et_gb_content_width":""},"product_brand":[],"product_cat":[7102,7101,7099,7098],"product_tag":[],"class_list":{"0":"post-77707","1":"product","2":"type-product","3":"status-publish","4":"has-post-thumbnail","6":"product_cat-dopobarba","7":"product_cat-linea-uomo","8":"product_cat-offerte-da-non-perdere-default-category","9":"product_cat-default-category","10":"pa_bollino-offerta_speciale","11":"pa_confezione_desc-21-scatolaoriginaleblisterata","12":"pa_formato_filtro-100ml","13":"pa_manufacturer-dolcegabbana","14":"pa_sconto_desc-6901","15":"pa_spedizione_gratuita-no","16":"pa_tipo_filtro-lozione","18":"first","19":"outofstock","20":"sale","21":"shipping-taxable","22":"purchasable","23":"product-type-simple"},"yoast_head":"<!-- This site is optimized with the Yoast SEO plugin v27.4 - https:\/\/yoast.com\/product\/yoast-seo-wordpress\/ -->\n<title>DOLCE &amp; GABBANA THE ONE GENTLEMAN 100ML LOZIONE DOPOBARBA<\/title>\n<meta name=\"robots\" content=\"index, follow, max-snippet:-1, max-image-preview:large, max-video-preview:-1\" \/>\n<link rel=\"canonical\" href=\"https:\/\/profumix.it\/en\/prodotto\/dolce-gabbana-the-one-gentleman-50ml-spray-eau-de-toilette-3\/\" \/>\n<meta property=\"og:locale\" content=\"en_US\" \/>\n<meta property=\"og:type\" content=\"article\" \/>\n<meta property=\"og:title\" content=\"DOLCE &amp; GABBANA THE ONE GENTLEMAN 100ML LOZIONE DOPOBARBA\" \/>\n<meta property=\"og:description\" content=\"DOLCE &amp; GABBANA THE ONE GENTLEMAN,\u00c8 LA NUOVA FRAGRANZA MASCHILE LANCIATA SUL MERCATO NEL SETTEMBRE 2010. DOLCE &amp; GABBANA CELEBRANO I LORO 20 ANNI DI BRILLANTE CARRIERA NEL CAMPO DELLA MODA CON QUESTA NUOVA PROFUMAZIONE CHE VIENE LANCIATA IN QUESTA IMPORTANTE OCCASIONE . VOLTO NELLA CAMPAGNA PUBBLICITARIA \u00c8 IL POPOLARE ATTORE MATTHEW MCCONAUGHEY, GI\u00c0 PRESENTE COME TESTIMONIAL DEL PROFUMO THE ONE NEL 2008. FOTOGRAFO DELLA CAMPAGNA PUBBLICITARIA \u00c8 JEAN-BAPTISTE MONDINO. LA COMPOSIZIONE DEL NUOVO THE ONE GENTLEMAN \u00c8 BASATO SU NOTE ORIENTALI RIVOLTE A UOMINI SICURI DI S\u00c9 E SOFISTICATI.   NOTE DI TESTA: PEPE, FINOCCHIO, LAVANDA E CARDAMOMO  NOTE DI CUORE:VANIGLIA  NOTE DI FONDO: PATCHOULI.\" \/>\n<meta property=\"og:url\" content=\"https:\/\/profumix.it\/en\/prodotto\/dolce-gabbana-the-one-gentleman-50ml-spray-eau-de-toilette-3\/\" \/>\n<meta property=\"og:site_name\" content=\"Profumix Perfumes\" \/>\n<meta property=\"article:publisher\" content=\"https:\/\/www.facebook.com\/profumix\" \/>\n<meta property=\"og:image\" content=\"https:\/\/profumix.it\/wp-content\/uploads\/2014\/03\/product_d___d_g_the_one_gentleman_100ml_after_shave.jpg\" \/>\n\t<meta property=\"og:image:width\" content=\"500\" \/>\n\t<meta property=\"og:image:height\" content=\"500\" \/>\n\t<meta property=\"og:image:type\" content=\"image\/jpeg\" \/>\n<meta name=\"twitter:card\" content=\"summary_large_image\" \/>\n<script type=\"application\/ld+json\" class=\"yoast-schema-graph\">{\"@context\":\"https:\\\/\\\/schema.org\",\"@graph\":[{\"@type\":\"WebPage\",\"@id\":\"https:\\\/\\\/profumix.it\\\/en\\\/prodotto\\\/dolce-gabbana-the-one-gentleman-50ml-spray-eau-de-toilette-3\\\/\",\"url\":\"https:\\\/\\\/profumix.it\\\/en\\\/prodotto\\\/dolce-gabbana-the-one-gentleman-50ml-spray-eau-de-toilette-3\\\/\",\"name\":\"DOLCE & GABBANA THE ONE GENTLEMAN 100ML LOZIONE DOPOBARBA\",\"isPartOf\":{\"@id\":\"https:\\\/\\\/profumix.it\\\/en\\\/#website\"},\"primaryImageOfPage\":{\"@id\":\"https:\\\/\\\/profumix.it\\\/en\\\/prodotto\\\/dolce-gabbana-the-one-gentleman-50ml-spray-eau-de-toilette-3\\\/#primaryimage\"},\"image\":{\"@id\":\"https:\\\/\\\/profumix.it\\\/en\\\/prodotto\\\/dolce-gabbana-the-one-gentleman-50ml-spray-eau-de-toilette-3\\\/#primaryimage\"},\"thumbnailUrl\":\"https:\\\/\\\/profumix.it\\\/wp-content\\\/uploads\\\/2014\\\/03\\\/product_d___d_g_the_one_gentleman_100ml_after_shave.jpg\",\"datePublished\":\"2014-03-21T11:53:20+00:00\",\"breadcrumb\":{\"@id\":\"https:\\\/\\\/profumix.it\\\/en\\\/prodotto\\\/dolce-gabbana-the-one-gentleman-50ml-spray-eau-de-toilette-3\\\/#breadcrumb\"},\"inLanguage\":\"en-US\",\"potentialAction\":[{\"@type\":\"ReadAction\",\"target\":[\"https:\\\/\\\/profumix.it\\\/en\\\/prodotto\\\/dolce-gabbana-the-one-gentleman-50ml-spray-eau-de-toilette-3\\\/\"]}]},{\"@type\":\"ImageObject\",\"inLanguage\":\"en-US\",\"@id\":\"https:\\\/\\\/profumix.it\\\/en\\\/prodotto\\\/dolce-gabbana-the-one-gentleman-50ml-spray-eau-de-toilette-3\\\/#primaryimage\",\"url\":\"https:\\\/\\\/profumix.it\\\/wp-content\\\/uploads\\\/2014\\\/03\\\/product_d___d_g_the_one_gentleman_100ml_after_shave.jpg\",\"contentUrl\":\"https:\\\/\\\/profumix.it\\\/wp-content\\\/uploads\\\/2014\\\/03\\\/product_d___d_g_the_one_gentleman_100ml_after_shave.jpg\",\"width\":500,\"height\":500,\"caption\":\"DOLCE & GABBANA THE ONE GENTLEMAN 100ML LOZIONE DOPOBARBA\"},{\"@type\":\"BreadcrumbList\",\"@id\":\"https:\\\/\\\/profumix.it\\\/en\\\/prodotto\\\/dolce-gabbana-the-one-gentleman-50ml-spray-eau-de-toilette-3\\\/#breadcrumb\",\"itemListElement\":[{\"@type\":\"ListItem\",\"position\":1,\"name\":\"Home\",\"item\":\"https:\\\/\\\/profumix.it\\\/en\\\/home\\\/\"},{\"@type\":\"ListItem\",\"position\":2,\"name\":\"Shop\",\"item\":\"https:\\\/\\\/profumix.it\\\/en\\\/shop\\\/\"},{\"@type\":\"ListItem\",\"position\":3,\"name\":\"DOLCE &#038; GABBANA THE ONE GENTLEMAN 100ML LOZIONE DOPOBARBA\"}]},{\"@type\":\"WebSite\",\"@id\":\"https:\\\/\\\/profumix.it\\\/en\\\/#website\",\"url\":\"https:\\\/\\\/profumix.it\\\/en\\\/\",\"name\":\"Profumix Perfumes\",\"description\":\"\",\"potentialAction\":[{\"@type\":\"SearchAction\",\"target\":{\"@type\":\"EntryPoint\",\"urlTemplate\":\"https:\\\/\\\/profumix.it\\\/en\\\/?s={search_term_string}\"},\"query-input\":{\"@type\":\"PropertyValueSpecification\",\"valueRequired\":true,\"valueName\":\"search_term_string\"}}],\"inLanguage\":\"en-US\"}]}<\/script>\n<!-- \/ Yoast SEO plugin. -->","yoast_head_json":{"title":"DOLCE & GABBANA THE ONE GENTLEMAN 100ML LOZIONE DOPOBARBA","robots":{"index":"index","follow":"follow","max-snippet":"max-snippet:-1","max-image-preview":"max-image-preview:large","max-video-preview":"max-video-preview:-1"},"canonical":"https:\/\/profumix.it\/en\/prodotto\/dolce-gabbana-the-one-gentleman-50ml-spray-eau-de-toilette-3\/","og_locale":"en_US","og_type":"article","og_title":"DOLCE & GABBANA THE ONE GENTLEMAN 100ML LOZIONE DOPOBARBA","og_description":"DOLCE & GABBANA THE ONE GENTLEMAN,\u00c8 LA NUOVA FRAGRANZA MASCHILE LANCIATA SUL MERCATO NEL SETTEMBRE 2010. DOLCE & GABBANA CELEBRANO I LORO 20 ANNI DI BRILLANTE CARRIERA NEL CAMPO DELLA MODA CON QUESTA NUOVA PROFUMAZIONE CHE VIENE LANCIATA IN QUESTA IMPORTANTE OCCASIONE . VOLTO NELLA CAMPAGNA PUBBLICITARIA \u00c8 IL POPOLARE ATTORE MATTHEW MCCONAUGHEY, GI\u00c0 PRESENTE COME TESTIMONIAL DEL PROFUMO THE ONE NEL 2008. FOTOGRAFO DELLA CAMPAGNA PUBBLICITARIA \u00c8 JEAN-BAPTISTE MONDINO. LA COMPOSIZIONE DEL NUOVO THE ONE GENTLEMAN \u00c8 BASATO SU NOTE ORIENTALI RIVOLTE A UOMINI SICURI DI S\u00c9 E SOFISTICATI.   NOTE DI TESTA: PEPE, FINOCCHIO, LAVANDA E CARDAMOMO  NOTE DI CUORE:VANIGLIA  NOTE DI FONDO: PATCHOULI.","og_url":"https:\/\/profumix.it\/en\/prodotto\/dolce-gabbana-the-one-gentleman-50ml-spray-eau-de-toilette-3\/","og_site_name":"Profumix Perfumes","article_publisher":"https:\/\/www.facebook.com\/profumix","og_image":[{"width":500,"height":500,"url":"https:\/\/profumix.it\/wp-content\/uploads\/2014\/03\/product_d___d_g_the_one_gentleman_100ml_after_shave.jpg","type":"image\/jpeg"}],"twitter_card":"summary_large_image","schema":{"@context":"https:\/\/schema.org","@graph":[{"@type":"WebPage","@id":"https:\/\/profumix.it\/en\/prodotto\/dolce-gabbana-the-one-gentleman-50ml-spray-eau-de-toilette-3\/","url":"https:\/\/profumix.it\/en\/prodotto\/dolce-gabbana-the-one-gentleman-50ml-spray-eau-de-toilette-3\/","name":"DOLCE & GABBANA THE ONE GENTLEMAN 100ML LOZIONE DOPOBARBA","isPartOf":{"@id":"https:\/\/profumix.it\/en\/#website"},"primaryImageOfPage":{"@id":"https:\/\/profumix.it\/en\/prodotto\/dolce-gabbana-the-one-gentleman-50ml-spray-eau-de-toilette-3\/#primaryimage"},"image":{"@id":"https:\/\/profumix.it\/en\/prodotto\/dolce-gabbana-the-one-gentleman-50ml-spray-eau-de-toilette-3\/#primaryimage"},"thumbnailUrl":"https:\/\/profumix.it\/wp-content\/uploads\/2014\/03\/product_d___d_g_the_one_gentleman_100ml_after_shave.jpg","datePublished":"2014-03-21T11:53:20+00:00","breadcrumb":{"@id":"https:\/\/profumix.it\/en\/prodotto\/dolce-gabbana-the-one-gentleman-50ml-spray-eau-de-toilette-3\/#breadcrumb"},"inLanguage":"en-US","potentialAction":[{"@type":"ReadAction","target":["https:\/\/profumix.it\/en\/prodotto\/dolce-gabbana-the-one-gentleman-50ml-spray-eau-de-toilette-3\/"]}]},{"@type":"ImageObject","inLanguage":"en-US","@id":"https:\/\/profumix.it\/en\/prodotto\/dolce-gabbana-the-one-gentleman-50ml-spray-eau-de-toilette-3\/#primaryimage","url":"https:\/\/profumix.it\/wp-content\/uploads\/2014\/03\/product_d___d_g_the_one_gentleman_100ml_after_shave.jpg","contentUrl":"https:\/\/profumix.it\/wp-content\/uploads\/2014\/03\/product_d___d_g_the_one_gentleman_100ml_after_shave.jpg","width":500,"height":500,"caption":"DOLCE & GABBANA THE ONE GENTLEMAN 100ML LOZIONE DOPOBARBA"},{"@type":"BreadcrumbList","@id":"https:\/\/profumix.it\/en\/prodotto\/dolce-gabbana-the-one-gentleman-50ml-spray-eau-de-toilette-3\/#breadcrumb","itemListElement":[{"@type":"ListItem","position":1,"name":"Home","item":"https:\/\/profumix.it\/en\/home\/"},{"@type":"ListItem","position":2,"name":"Shop","item":"https:\/\/profumix.it\/en\/shop\/"},{"@type":"ListItem","position":3,"name":"DOLCE &#038; GABBANA THE ONE GENTLEMAN 100ML LOZIONE DOPOBARBA"}]},{"@type":"WebSite","@id":"https:\/\/profumix.it\/en\/#website","url":"https:\/\/profumix.it\/en\/","name":"Profumix Perfumes","description":"","potentialAction":[{"@type":"SearchAction","target":{"@type":"EntryPoint","urlTemplate":"https:\/\/profumix.it\/en\/?s={search_term_string}"},"query-input":{"@type":"PropertyValueSpecification","valueRequired":true,"valueName":"search_term_string"}}],"inLanguage":"en-US"}]}},"_links":{"self":[{"href":"https:\/\/profumix.it\/en\/wp-json\/wp\/v2\/product\/77707","targetHints":{"allow":["GET"]}}],"collection":[{"href":"https:\/\/profumix.it\/en\/wp-json\/wp\/v2\/product"}],"about":[{"href":"https:\/\/profumix.it\/en\/wp-json\/wp\/v2\/types\/product"}],"replies":[{"embeddable":true,"href":"https:\/\/profumix.it\/en\/wp-json\/wp\/v2\/comments?post=77707"}],"wp:featuredmedia":[{"embeddable":true,"href":"https:\/\/profumix.it\/en\/wp-json\/wp\/v2\/media\/77706"}],"wp:attachment":[{"href":"https:\/\/profumix.it\/en\/wp-json\/wp\/v2\/media?parent=77707"}],"wp:term":[{"taxonomy":"product_brand","embeddable":true,"href":"https:\/\/profumix.it\/en\/wp-json\/wp\/v2\/product_brand?post=77707"},{"taxonomy":"product_cat","embeddable":true,"href":"https:\/\/profumix.it\/en\/wp-json\/wp\/v2\/product_cat?post=77707"},{"taxonomy":"product_tag","embeddable":true,"href":"https:\/\/profumix.it\/en\/wp-json\/wp\/v2\/product_tag?post=77707"}],"curies":[{"name":"wp","href":"https:\/\/api.w.org\/{rel}","templated":true}]}}