{"id":77715,"date":"2014-03-28T11:01:21","date_gmt":"2014-03-28T10:01:21","guid":{"rendered":"https:\/\/profumix.it\/prodotto\/chopard-wish-75ml-spray-eau-de-parfum\/"},"modified":"2026-04-07T10:56:33","modified_gmt":"2026-04-07T08:56:33","slug":"chopard-wish-75ml-spray-eau-de-parfum","status":"publish","type":"product","link":"https:\/\/profumix.it\/en\/prodotto\/chopard-wish-75ml-spray-eau-de-parfum\/","title":{"rendered":"CHOPARD WISH 75ML SPRAY EAU DE PARFUM"},"content":{"rendered":"<p>WISH DI CHOPARD \u00c8 UN PROFUMO ORIENTALE ALLA VANIGLIA PER LE DONNE. WISH \u00c8 STATO LANCIATO NEL 1997. IL NASO ALLA BASE DI QUESTO PROFUMO \u00c8 NATHALIE LORSON. NOTE DI TESTA SONO CAPRIFOGLIO, FRAGOLINE DI BOSCO, ROBINIA, FIORI D&#8217;ARANCIO, COCCO, UVA SPINA E PALISSANDRO BRASILIANO; NOTE CENTRALI SONO IL MIELE, VIOLA, ORCHIDEA, LATTE, ELIOTROPIO E GIGLIO DELLA VALLE; NOTE DI FONDO SONO LEGNO DI SANDALO, AMBRA, PATCHOULI , VANIGLIA, CARAMELLO E INCENSO.<\/p>\n<p>NOTE DI TESTA: CAPRIFOGLIO, FRAGOLA SELVATICA, ROBINIA, FIORI D&#8217;ARANCIO, COCCO, UVA SPINA E PALISSANDRO BRASILIANO.<br \/>\nNOTE DI CUORE: MIELE, VIOLA, ORCHIDEA, LATTE, ELIOTROPIO E GIGLIO.<br \/>\nNOTE DI FONDO:  LEGNO DI SANDALO, AMBRA, PATCHOULI , VANIGLIA, CARAMELLO E INCENSO.<\/p>\n<p>WISH BY CHOPARD IS AN ORIENTAL VANILLA FRAGRANCE FOR WOMEN. WISH WAS LAUNCHED IN 1999. THE NOSE BEHIND THIS FRAGRANCE IS NATHALIE LORSON. TOP NOTES ARE HONEYSUCKLE, BLACK LOCUST, ORANGE BLOSSOM, COCONUT, GOOSEBERRY, BRAZILIAN ROSEWOOD, PEAR, BLACK CURRANT AND YUZU; MIDDLE NOTES ARE HONEY, VIOLET, ORCHID, MILK, HELIOTROPE, LILY-OF-THE-VALLEY, JASMINE, MAGNOLIA AND OSMANTHUS; BASE NOTES ARE SANDALWOOD, AMBER, PATCHOULI, VANILLA, CARAMEL, INCENSE, TONKA BEAN AND TOFFEE.<\/p>\n","protected":false},"excerpt":{"rendered":"<p>WISH DI CHOPARD \u00c8 UN PROFUMO ORIENTALE ALLA VANIGLIA PER LE DONNE. WISH \u00c8 STATO LANCIATO NEL 1997. IL NASO ALLA BASE DI QUESTO PROFUMO \u00c8 NATHALIE LORSON. NOTE DI TESTA SONO CAPRIFOGLIO, FRAGOLINE DI BOSCO, ROBINIA, FIORI D&#8217;ARANCIO, COCCO, UVA SPINA E PALISSANDRO BRASILIANO; NOTE CENTRALI SONO IL MIELE, VIOLA, ORCHIDEA, LATTE, ELIOTROPIO E GIGLIO DELLA VALLE; NOTE DI FONDO SONO LEGNO DI SANDALO, AMBRA, PATCHOULI , VANIGLIA, CARAMELLO E INCENSO.<\/p>\n<p>NOTE DI TESTA: CAPRIFOGLIO, FRAGOLA SELVATICA, ROBINIA, FIORI D&#8217;ARANCIO, COCCO, UVA SPINA E PALISSANDRO BRASILIANO.<br \/>\nNOTE DI CUORE: MIELE, VIOLA, ORCHIDEA, LATTE, ELIOTROPIO E GIGLIO.<br \/>\nNOTE DI FONDO:  LEGNO DI SANDALO, AMBRA, PATCHOULI , VANIGLIA, CARAMELLO E INCENSO.<\/p>\n<p>WISH BY CHOPARD IS AN ORIENTAL VANILLA FRAGRANCE FOR WOMEN. WISH WAS LAUNCHED IN 1999. THE NOSE BEHIND THIS FRAGRANCE IS NATHALIE LORSON. TOP NOTES ARE HONEYSUCKLE, BLACK LOCUST, ORANGE BLOSSOM, COCONUT, GOOSEBERRY, BRAZILIAN ROSEWOOD, PEAR, BLACK CURRANT AND YUZU; MIDDLE NOTES ARE HONEY, VIOLET, ORCHID, MILK, HELIOTROPE, LILY-OF-THE-VALLEY, JASMINE, MAGNOLIA AND OSMANTHUS; BASE NOTES ARE SANDALWOOD, AMBER, PATCHOULI, VANILLA, CARAMEL, INCENSE, TONKA BEAN AND TOFFEE.<\/p>\n","protected":false},"featured_media":77714,"comment_status":"open","ping_status":"closed","template":"","meta":{"_et_pb_use_builder":"","_et_pb_old_content":"","_et_gb_content_width":""},"product_brand":[],"product_cat":[7173,7109,7099,7098,7106],"product_tag":[],"class_list":{"0":"post-77715","1":"product","2":"type-product","3":"status-publish","4":"has-post-thumbnail","6":"product_cat-articoli-fuori-produzione-e-rarita","7":"product_cat-donna","8":"product_cat-offerte-da-non-perdere-default-category","9":"product_cat-default-category","10":"product_cat-profumi-default-category","11":"pa_bollino-offerta_speciale","12":"pa_categoria_desc-profumidonna","13":"pa_confezione_desc-16-confezioneoriginaleblister","14":"pa_formato_filtro-75ml","15":"pa_manufacturer-chopard","16":"pa_sconto_desc-6930","17":"pa_spedizione_gratuita-no","18":"pa_tipo_filtro-sprayeaudeparfum","20":"first","21":"instock","22":"sale","23":"shipping-taxable","24":"purchasable","25":"product-type-simple"},"yoast_head":"<!-- This site is optimized with the Yoast SEO plugin v27.4 - https:\/\/yoast.com\/product\/yoast-seo-wordpress\/ -->\n<title>CHOPARD WISH 75ML SPRAY EAU DE PARFUM<\/title>\n<meta name=\"robots\" content=\"index, follow, max-snippet:-1, max-image-preview:large, max-video-preview:-1\" \/>\n<link rel=\"canonical\" href=\"https:\/\/profumix.it\/en\/prodotto\/chopard-wish-75ml-spray-eau-de-parfum\/\" \/>\n<meta property=\"og:locale\" content=\"en_US\" \/>\n<meta property=\"og:type\" content=\"article\" \/>\n<meta property=\"og:title\" content=\"CHOPARD WISH 75ML SPRAY EAU DE PARFUM\" \/>\n<meta property=\"og:description\" content=\"WISH DI CHOPARD \u00c8 UN PROFUMO ORIENTALE ALLA VANIGLIA PER LE DONNE. WISH \u00c8 STATO LANCIATO NEL 1997. IL NASO ALLA BASE DI QUESTO PROFUMO \u00c8 NATHALIE LORSON. NOTE DI TESTA SONO CAPRIFOGLIO, FRAGOLINE DI BOSCO, ROBINIA, FIORI D&#039;ARANCIO, COCCO, UVA SPINA E PALISSANDRO BRASILIANO; NOTE CENTRALI SONO IL MIELE, VIOLA, ORCHIDEA, LATTE, ELIOTROPIO E GIGLIO DELLA VALLE; NOTE DI FONDO SONO LEGNO DI SANDALO, AMBRA, PATCHOULI , VANIGLIA, CARAMELLO E INCENSO.  NOTE DI TESTA: CAPRIFOGLIO, FRAGOLA SELVATICA, ROBINIA, FIORI D&#039;ARANCIO, COCCO, UVA SPINA E PALISSANDRO BRASILIANO. NOTE DI CUORE: MIELE, VIOLA, ORCHIDEA, LATTE, ELIOTROPIO E GIGLIO. NOTE DI FONDO: LEGNO DI SANDALO, AMBRA, PATCHOULI , VANIGLIA, CARAMELLO E INCENSO.  WISH BY CHOPARD IS AN ORIENTAL VANILLA FRAGRANCE FOR WOMEN. WISH WAS LAUNCHED IN 1999. THE NOSE BEHIND THIS FRAGRANCE IS NATHALIE LORSON. TOP NOTES ARE HONEYSUCKLE, BLACK LOCUST, ORANGE BLOSSOM, COCONUT, GOOSEBERRY, BRAZILIAN ROSEWOOD, PEAR, BLACK CURRANT AND YUZU; MIDDLE NOTES ARE HONEY, VIOLET, ORCHID, MILK, HELIOTROPE, LILY-OF-THE-VALLEY, JASMINE, MAGNOLIA AND OSMANTHUS; BASE NOTES ARE SANDALWOOD, AMBER, PATCHOULI, VANILLA, CARAMEL, INCENSE, TONKA BEAN AND TOFFEE.\" \/>\n<meta property=\"og:url\" content=\"https:\/\/profumix.it\/en\/prodotto\/chopard-wish-75ml-spray-eau-de-parfum\/\" \/>\n<meta property=\"og:site_name\" content=\"Profumix Perfumes\" \/>\n<meta property=\"article:publisher\" content=\"https:\/\/www.facebook.com\/profumix\" \/>\n<meta property=\"article:modified_time\" content=\"2026-04-07T08:56:33+00:00\" \/>\n<meta property=\"og:image\" content=\"https:\/\/profumix.it\/wp-content\/uploads\/2014\/03\/product_c_h_chopard_wish_75ml.jpg\" \/>\n\t<meta property=\"og:image:width\" content=\"600\" \/>\n\t<meta property=\"og:image:height\" content=\"600\" \/>\n\t<meta property=\"og:image:type\" content=\"image\/jpeg\" \/>\n<meta name=\"twitter:card\" content=\"summary_large_image\" \/>\n<meta name=\"twitter:label1\" content=\"Est. reading time\" \/>\n\t<meta name=\"twitter:data1\" content=\"1 minute\" \/>\n<script type=\"application\/ld+json\" class=\"yoast-schema-graph\">{\"@context\":\"https:\\\/\\\/schema.org\",\"@graph\":[{\"@type\":\"WebPage\",\"@id\":\"https:\\\/\\\/profumix.it\\\/en\\\/prodotto\\\/chopard-wish-75ml-spray-eau-de-parfum\\\/\",\"url\":\"https:\\\/\\\/profumix.it\\\/en\\\/prodotto\\\/chopard-wish-75ml-spray-eau-de-parfum\\\/\",\"name\":\"CHOPARD WISH 75ML SPRAY EAU DE PARFUM\",\"isPartOf\":{\"@id\":\"https:\\\/\\\/profumix.it\\\/en\\\/#website\"},\"primaryImageOfPage\":{\"@id\":\"https:\\\/\\\/profumix.it\\\/en\\\/prodotto\\\/chopard-wish-75ml-spray-eau-de-parfum\\\/#primaryimage\"},\"image\":{\"@id\":\"https:\\\/\\\/profumix.it\\\/en\\\/prodotto\\\/chopard-wish-75ml-spray-eau-de-parfum\\\/#primaryimage\"},\"thumbnailUrl\":\"https:\\\/\\\/profumix.it\\\/wp-content\\\/uploads\\\/2014\\\/03\\\/product_c_h_chopard_wish_75ml.jpg\",\"datePublished\":\"2014-03-28T10:01:21+00:00\",\"dateModified\":\"2026-04-07T08:56:33+00:00\",\"breadcrumb\":{\"@id\":\"https:\\\/\\\/profumix.it\\\/en\\\/prodotto\\\/chopard-wish-75ml-spray-eau-de-parfum\\\/#breadcrumb\"},\"inLanguage\":\"en-US\",\"potentialAction\":[{\"@type\":\"ReadAction\",\"target\":[\"https:\\\/\\\/profumix.it\\\/en\\\/prodotto\\\/chopard-wish-75ml-spray-eau-de-parfum\\\/\"]}]},{\"@type\":\"ImageObject\",\"inLanguage\":\"en-US\",\"@id\":\"https:\\\/\\\/profumix.it\\\/en\\\/prodotto\\\/chopard-wish-75ml-spray-eau-de-parfum\\\/#primaryimage\",\"url\":\"https:\\\/\\\/profumix.it\\\/wp-content\\\/uploads\\\/2014\\\/03\\\/product_c_h_chopard_wish_75ml.jpg\",\"contentUrl\":\"https:\\\/\\\/profumix.it\\\/wp-content\\\/uploads\\\/2014\\\/03\\\/product_c_h_chopard_wish_75ml.jpg\",\"width\":600,\"height\":600,\"caption\":\"CHOPARD WISH 75ML SPRAY EAU DE PARFUM\"},{\"@type\":\"BreadcrumbList\",\"@id\":\"https:\\\/\\\/profumix.it\\\/en\\\/prodotto\\\/chopard-wish-75ml-spray-eau-de-parfum\\\/#breadcrumb\",\"itemListElement\":[{\"@type\":\"ListItem\",\"position\":1,\"name\":\"Home\",\"item\":\"https:\\\/\\\/profumix.it\\\/en\\\/home\\\/\"},{\"@type\":\"ListItem\",\"position\":2,\"name\":\"Shop\",\"item\":\"https:\\\/\\\/profumix.it\\\/en\\\/shop\\\/\"},{\"@type\":\"ListItem\",\"position\":3,\"name\":\"CHOPARD WISH 75ML SPRAY EAU DE PARFUM\"}]},{\"@type\":\"WebSite\",\"@id\":\"https:\\\/\\\/profumix.it\\\/en\\\/#website\",\"url\":\"https:\\\/\\\/profumix.it\\\/en\\\/\",\"name\":\"Profumix Perfumes\",\"description\":\"\",\"potentialAction\":[{\"@type\":\"SearchAction\",\"target\":{\"@type\":\"EntryPoint\",\"urlTemplate\":\"https:\\\/\\\/profumix.it\\\/en\\\/?s={search_term_string}\"},\"query-input\":{\"@type\":\"PropertyValueSpecification\",\"valueRequired\":true,\"valueName\":\"search_term_string\"}}],\"inLanguage\":\"en-US\"}]}<\/script>\n<!-- \/ Yoast SEO plugin. -->","yoast_head_json":{"title":"CHOPARD WISH 75ML SPRAY EAU DE PARFUM","robots":{"index":"index","follow":"follow","max-snippet":"max-snippet:-1","max-image-preview":"max-image-preview:large","max-video-preview":"max-video-preview:-1"},"canonical":"https:\/\/profumix.it\/en\/prodotto\/chopard-wish-75ml-spray-eau-de-parfum\/","og_locale":"en_US","og_type":"article","og_title":"CHOPARD WISH 75ML SPRAY EAU DE PARFUM","og_description":"WISH DI CHOPARD \u00c8 UN PROFUMO ORIENTALE ALLA VANIGLIA PER LE DONNE. WISH \u00c8 STATO LANCIATO NEL 1997. IL NASO ALLA BASE DI QUESTO PROFUMO \u00c8 NATHALIE LORSON. NOTE DI TESTA SONO CAPRIFOGLIO, FRAGOLINE DI BOSCO, ROBINIA, FIORI D'ARANCIO, COCCO, UVA SPINA E PALISSANDRO BRASILIANO; NOTE CENTRALI SONO IL MIELE, VIOLA, ORCHIDEA, LATTE, ELIOTROPIO E GIGLIO DELLA VALLE; NOTE DI FONDO SONO LEGNO DI SANDALO, AMBRA, PATCHOULI , VANIGLIA, CARAMELLO E INCENSO.  NOTE DI TESTA: CAPRIFOGLIO, FRAGOLA SELVATICA, ROBINIA, FIORI D'ARANCIO, COCCO, UVA SPINA E PALISSANDRO BRASILIANO. NOTE DI CUORE: MIELE, VIOLA, ORCHIDEA, LATTE, ELIOTROPIO E GIGLIO. NOTE DI FONDO: LEGNO DI SANDALO, AMBRA, PATCHOULI , VANIGLIA, CARAMELLO E INCENSO.  WISH BY CHOPARD IS AN ORIENTAL VANILLA FRAGRANCE FOR WOMEN. WISH WAS LAUNCHED IN 1999. THE NOSE BEHIND THIS FRAGRANCE IS NATHALIE LORSON. TOP NOTES ARE HONEYSUCKLE, BLACK LOCUST, ORANGE BLOSSOM, COCONUT, GOOSEBERRY, BRAZILIAN ROSEWOOD, PEAR, BLACK CURRANT AND YUZU; MIDDLE NOTES ARE HONEY, VIOLET, ORCHID, MILK, HELIOTROPE, LILY-OF-THE-VALLEY, JASMINE, MAGNOLIA AND OSMANTHUS; BASE NOTES ARE SANDALWOOD, AMBER, PATCHOULI, VANILLA, CARAMEL, INCENSE, TONKA BEAN AND TOFFEE.","og_url":"https:\/\/profumix.it\/en\/prodotto\/chopard-wish-75ml-spray-eau-de-parfum\/","og_site_name":"Profumix Perfumes","article_publisher":"https:\/\/www.facebook.com\/profumix","article_modified_time":"2026-04-07T08:56:33+00:00","og_image":[{"width":600,"height":600,"url":"https:\/\/profumix.it\/wp-content\/uploads\/2014\/03\/product_c_h_chopard_wish_75ml.jpg","type":"image\/jpeg"}],"twitter_card":"summary_large_image","twitter_misc":{"Est. reading time":"1 minute"},"schema":{"@context":"https:\/\/schema.org","@graph":[{"@type":"WebPage","@id":"https:\/\/profumix.it\/en\/prodotto\/chopard-wish-75ml-spray-eau-de-parfum\/","url":"https:\/\/profumix.it\/en\/prodotto\/chopard-wish-75ml-spray-eau-de-parfum\/","name":"CHOPARD WISH 75ML SPRAY EAU DE PARFUM","isPartOf":{"@id":"https:\/\/profumix.it\/en\/#website"},"primaryImageOfPage":{"@id":"https:\/\/profumix.it\/en\/prodotto\/chopard-wish-75ml-spray-eau-de-parfum\/#primaryimage"},"image":{"@id":"https:\/\/profumix.it\/en\/prodotto\/chopard-wish-75ml-spray-eau-de-parfum\/#primaryimage"},"thumbnailUrl":"https:\/\/profumix.it\/wp-content\/uploads\/2014\/03\/product_c_h_chopard_wish_75ml.jpg","datePublished":"2014-03-28T10:01:21+00:00","dateModified":"2026-04-07T08:56:33+00:00","breadcrumb":{"@id":"https:\/\/profumix.it\/en\/prodotto\/chopard-wish-75ml-spray-eau-de-parfum\/#breadcrumb"},"inLanguage":"en-US","potentialAction":[{"@type":"ReadAction","target":["https:\/\/profumix.it\/en\/prodotto\/chopard-wish-75ml-spray-eau-de-parfum\/"]}]},{"@type":"ImageObject","inLanguage":"en-US","@id":"https:\/\/profumix.it\/en\/prodotto\/chopard-wish-75ml-spray-eau-de-parfum\/#primaryimage","url":"https:\/\/profumix.it\/wp-content\/uploads\/2014\/03\/product_c_h_chopard_wish_75ml.jpg","contentUrl":"https:\/\/profumix.it\/wp-content\/uploads\/2014\/03\/product_c_h_chopard_wish_75ml.jpg","width":600,"height":600,"caption":"CHOPARD WISH 75ML SPRAY EAU DE PARFUM"},{"@type":"BreadcrumbList","@id":"https:\/\/profumix.it\/en\/prodotto\/chopard-wish-75ml-spray-eau-de-parfum\/#breadcrumb","itemListElement":[{"@type":"ListItem","position":1,"name":"Home","item":"https:\/\/profumix.it\/en\/home\/"},{"@type":"ListItem","position":2,"name":"Shop","item":"https:\/\/profumix.it\/en\/shop\/"},{"@type":"ListItem","position":3,"name":"CHOPARD WISH 75ML SPRAY EAU DE PARFUM"}]},{"@type":"WebSite","@id":"https:\/\/profumix.it\/en\/#website","url":"https:\/\/profumix.it\/en\/","name":"Profumix Perfumes","description":"","potentialAction":[{"@type":"SearchAction","target":{"@type":"EntryPoint","urlTemplate":"https:\/\/profumix.it\/en\/?s={search_term_string}"},"query-input":{"@type":"PropertyValueSpecification","valueRequired":true,"valueName":"search_term_string"}}],"inLanguage":"en-US"}]}},"_links":{"self":[{"href":"https:\/\/profumix.it\/en\/wp-json\/wp\/v2\/product\/77715","targetHints":{"allow":["GET"]}}],"collection":[{"href":"https:\/\/profumix.it\/en\/wp-json\/wp\/v2\/product"}],"about":[{"href":"https:\/\/profumix.it\/en\/wp-json\/wp\/v2\/types\/product"}],"replies":[{"embeddable":true,"href":"https:\/\/profumix.it\/en\/wp-json\/wp\/v2\/comments?post=77715"}],"wp:featuredmedia":[{"embeddable":true,"href":"https:\/\/profumix.it\/en\/wp-json\/wp\/v2\/media\/77714"}],"wp:attachment":[{"href":"https:\/\/profumix.it\/en\/wp-json\/wp\/v2\/media?parent=77715"}],"wp:term":[{"taxonomy":"product_brand","embeddable":true,"href":"https:\/\/profumix.it\/en\/wp-json\/wp\/v2\/product_brand?post=77715"},{"taxonomy":"product_cat","embeddable":true,"href":"https:\/\/profumix.it\/en\/wp-json\/wp\/v2\/product_cat?post=77715"},{"taxonomy":"product_tag","embeddable":true,"href":"https:\/\/profumix.it\/en\/wp-json\/wp\/v2\/product_tag?post=77715"}],"curies":[{"name":"wp","href":"https:\/\/api.w.org\/{rel}","templated":true}]}}