{"id":77757,"date":"2014-04-02T19:34:18","date_gmt":"2014-04-02T17:34:18","guid":{"rendered":"https:\/\/profumix.it\/prodotto\/hugo-boss-xy-100ml-spray-eau-de-toilette-tester\/"},"modified":"2023-03-10T10:17:38","modified_gmt":"2023-03-10T09:17:38","slug":"hugo-boss-xy-100ml-spray-eau-de-toilette-tester","status":"publish","type":"product","link":"https:\/\/profumix.it\/en\/prodotto\/hugo-boss-xy-100ml-spray-eau-de-toilette-tester\/","title":{"rendered":"HUGO BOSS &#8211; HUGO XY MAN 100ML SPRAY EAU DE TOILETTE"},"content":{"rendered":"<p>HUGO XY DI HUGO BOSS \u00c8 UNA FRAGRANZA AROMATICA LEGNOSA MASCHILE. HUGO XY \u00c8 STATO IDEATO PER UNA NUOVA GENERAZIONE DI UOMINI CHE CREDE CHE L&#8217;ARMONIA TOTALE NON SIA PI\u00d9 LA BASE DELLE RELAZIONI MODERNE. DISPONIBILE NEI FORMATI 40 ML, 60 ML, 100 ML<br \/>\nNOTA DI TESTA: FOGLIE DI PERO<br \/>\nNOTA DI CUORE: FOGLIE DI BASILICO, GHIACCIO E MENTA<br \/>\nNOTA DI FONDO: LEGNO DI CEDRO DEL LIBANO<\/p>\n","protected":false},"excerpt":{"rendered":"<p>HUGO XY DI HUGO BOSS \u00c8 UNA FRAGRANZA AROMATICA LEGNOSA MASCHILE. HUGO XY \u00c8 STATO IDEATO PER UNA NUOVA GENERAZIONE DI UOMINI CHE CREDE CHE L&#8217;ARMONIA TOTALE NON SIA PI\u00d9 LA BASE DELLE RELAZIONI MODERNE. DISPONIBILE NEI FORMATI 40 ML, 60 ML, 100 ML<br \/>\nNOTA DI TESTA: FOGLIE DI PERO<br \/>\nNOTA DI CUORE: FOGLIE DI BASILICO, GHIACCIO E MENTA<br \/>\nNOTA DI FONDO: LEGNO DI CEDRO DEL LIBANO<\/p>\n","protected":false},"featured_media":77756,"comment_status":"open","ping_status":"closed","template":"","meta":{"_et_pb_use_builder":"","_et_pb_old_content":"","_et_gb_content_width":""},"product_brand":[],"product_cat":[7173,7099,7098,7106,7107],"product_tag":[],"class_list":{"0":"post-77757","1":"product","2":"type-product","3":"status-publish","4":"has-post-thumbnail","6":"product_cat-articoli-fuori-produzione-e-rarita","7":"product_cat-offerte-da-non-perdere-default-category","8":"product_cat-default-category","9":"product_cat-profumi-default-category","10":"product_cat-uomo-profumi-default-category","11":"pa_bollino-offerta_speciale","12":"pa_categoria_desc-profumiuomo","13":"pa_confezione_desc-16-confezioneoriginaleblister","14":"pa_formato_filtro-100ml","15":"pa_manufacturer-hugoboss","16":"pa_sconto_desc-6901","17":"pa_spedizione_gratuita-no","18":"pa_tipo_filtro-sprayeaudetoilette","20":"first","21":"outofstock","22":"sale","23":"shipping-taxable","24":"purchasable","25":"product-type-simple"},"yoast_head":"<!-- This site is optimized with the Yoast SEO plugin v27.4 - https:\/\/yoast.com\/product\/yoast-seo-wordpress\/ -->\n<title>HUGO BOSS - HUGO XY MAN 100ML SPRAY EAU DE TOILETTE<\/title>\n<meta name=\"robots\" content=\"index, follow, max-snippet:-1, max-image-preview:large, max-video-preview:-1\" \/>\n<link rel=\"canonical\" href=\"https:\/\/profumix.it\/en\/prodotto\/hugo-boss-xy-100ml-spray-eau-de-toilette-tester\/\" \/>\n<meta property=\"og:locale\" content=\"en_US\" \/>\n<meta property=\"og:type\" content=\"article\" \/>\n<meta property=\"og:title\" content=\"HUGO BOSS - HUGO XY MAN 100ML SPRAY EAU DE TOILETTE\" \/>\n<meta property=\"og:description\" content=\"HUGO XY DI HUGO BOSS \u00c8 UNA FRAGRANZA AROMATICA LEGNOSA MASCHILE. HUGO XY \u00c8 STATO IDEATO PER UNA NUOVA GENERAZIONE DI UOMINI CHE CREDE CHE L&#039;ARMONIA TOTALE NON SIA PI\u00d9 LA BASE DELLE RELAZIONI MODERNE. DISPONIBILE NEI FORMATI 40 ML, 60 ML, 100 ML NOTA DI TESTA: FOGLIE DI PERO NOTA DI CUORE: FOGLIE DI BASILICO, GHIACCIO E MENTA NOTA DI FONDO: LEGNO DI CEDRO DEL LIBANO\" \/>\n<meta property=\"og:url\" content=\"https:\/\/profumix.it\/en\/prodotto\/hugo-boss-xy-100ml-spray-eau-de-toilette-tester\/\" \/>\n<meta property=\"og:site_name\" content=\"Profumix Perfumes\" \/>\n<meta property=\"article:publisher\" content=\"https:\/\/www.facebook.com\/profumix\" \/>\n<meta property=\"article:modified_time\" content=\"2023-03-10T09:17:38+00:00\" \/>\n<meta property=\"og:image\" content=\"https:\/\/profumix.it\/wp-content\/uploads\/2014\/04\/product_h_u_hugo-boss-hugo-xy-man-edt-100ml.jpg\" \/>\n\t<meta property=\"og:image:width\" content=\"1500\" \/>\n\t<meta property=\"og:image:height\" content=\"2275\" \/>\n\t<meta property=\"og:image:type\" content=\"image\/jpeg\" \/>\n<meta name=\"twitter:card\" content=\"summary_large_image\" \/>\n<script type=\"application\/ld+json\" class=\"yoast-schema-graph\">{\"@context\":\"https:\\\/\\\/schema.org\",\"@graph\":[{\"@type\":\"WebPage\",\"@id\":\"https:\\\/\\\/profumix.it\\\/en\\\/prodotto\\\/hugo-boss-xy-100ml-spray-eau-de-toilette-tester\\\/\",\"url\":\"https:\\\/\\\/profumix.it\\\/en\\\/prodotto\\\/hugo-boss-xy-100ml-spray-eau-de-toilette-tester\\\/\",\"name\":\"HUGO BOSS - HUGO XY MAN 100ML SPRAY EAU DE TOILETTE\",\"isPartOf\":{\"@id\":\"https:\\\/\\\/profumix.it\\\/en\\\/#website\"},\"primaryImageOfPage\":{\"@id\":\"https:\\\/\\\/profumix.it\\\/en\\\/prodotto\\\/hugo-boss-xy-100ml-spray-eau-de-toilette-tester\\\/#primaryimage\"},\"image\":{\"@id\":\"https:\\\/\\\/profumix.it\\\/en\\\/prodotto\\\/hugo-boss-xy-100ml-spray-eau-de-toilette-tester\\\/#primaryimage\"},\"thumbnailUrl\":\"https:\\\/\\\/profumix.it\\\/wp-content\\\/uploads\\\/2014\\\/04\\\/product_h_u_hugo-boss-hugo-xy-man-edt-100ml.jpg\",\"datePublished\":\"2014-04-02T17:34:18+00:00\",\"dateModified\":\"2023-03-10T09:17:38+00:00\",\"breadcrumb\":{\"@id\":\"https:\\\/\\\/profumix.it\\\/en\\\/prodotto\\\/hugo-boss-xy-100ml-spray-eau-de-toilette-tester\\\/#breadcrumb\"},\"inLanguage\":\"en-US\",\"potentialAction\":[{\"@type\":\"ReadAction\",\"target\":[\"https:\\\/\\\/profumix.it\\\/en\\\/prodotto\\\/hugo-boss-xy-100ml-spray-eau-de-toilette-tester\\\/\"]}]},{\"@type\":\"ImageObject\",\"inLanguage\":\"en-US\",\"@id\":\"https:\\\/\\\/profumix.it\\\/en\\\/prodotto\\\/hugo-boss-xy-100ml-spray-eau-de-toilette-tester\\\/#primaryimage\",\"url\":\"https:\\\/\\\/profumix.it\\\/wp-content\\\/uploads\\\/2014\\\/04\\\/product_h_u_hugo-boss-hugo-xy-man-edt-100ml.jpg\",\"contentUrl\":\"https:\\\/\\\/profumix.it\\\/wp-content\\\/uploads\\\/2014\\\/04\\\/product_h_u_hugo-boss-hugo-xy-man-edt-100ml.jpg\",\"width\":1500,\"height\":2275,\"caption\":\"HUGO BOSS - HUGO XY MAN 100ML SPRAY EAU DE TOILETTE\"},{\"@type\":\"BreadcrumbList\",\"@id\":\"https:\\\/\\\/profumix.it\\\/en\\\/prodotto\\\/hugo-boss-xy-100ml-spray-eau-de-toilette-tester\\\/#breadcrumb\",\"itemListElement\":[{\"@type\":\"ListItem\",\"position\":1,\"name\":\"Home\",\"item\":\"https:\\\/\\\/profumix.it\\\/en\\\/home\\\/\"},{\"@type\":\"ListItem\",\"position\":2,\"name\":\"Shop\",\"item\":\"https:\\\/\\\/profumix.it\\\/en\\\/shop\\\/\"},{\"@type\":\"ListItem\",\"position\":3,\"name\":\"HUGO BOSS &#8211; HUGO XY MAN 100ML SPRAY EAU DE TOILETTE\"}]},{\"@type\":\"WebSite\",\"@id\":\"https:\\\/\\\/profumix.it\\\/en\\\/#website\",\"url\":\"https:\\\/\\\/profumix.it\\\/en\\\/\",\"name\":\"Profumix Perfumes\",\"description\":\"\",\"potentialAction\":[{\"@type\":\"SearchAction\",\"target\":{\"@type\":\"EntryPoint\",\"urlTemplate\":\"https:\\\/\\\/profumix.it\\\/en\\\/?s={search_term_string}\"},\"query-input\":{\"@type\":\"PropertyValueSpecification\",\"valueRequired\":true,\"valueName\":\"search_term_string\"}}],\"inLanguage\":\"en-US\"}]}<\/script>\n<!-- \/ Yoast SEO plugin. -->","yoast_head_json":{"title":"HUGO BOSS - HUGO XY MAN 100ML SPRAY EAU DE TOILETTE","robots":{"index":"index","follow":"follow","max-snippet":"max-snippet:-1","max-image-preview":"max-image-preview:large","max-video-preview":"max-video-preview:-1"},"canonical":"https:\/\/profumix.it\/en\/prodotto\/hugo-boss-xy-100ml-spray-eau-de-toilette-tester\/","og_locale":"en_US","og_type":"article","og_title":"HUGO BOSS - HUGO XY MAN 100ML SPRAY EAU DE TOILETTE","og_description":"HUGO XY DI HUGO BOSS \u00c8 UNA FRAGRANZA AROMATICA LEGNOSA MASCHILE. HUGO XY \u00c8 STATO IDEATO PER UNA NUOVA GENERAZIONE DI UOMINI CHE CREDE CHE L'ARMONIA TOTALE NON SIA PI\u00d9 LA BASE DELLE RELAZIONI MODERNE. DISPONIBILE NEI FORMATI 40 ML, 60 ML, 100 ML NOTA DI TESTA: FOGLIE DI PERO NOTA DI CUORE: FOGLIE DI BASILICO, GHIACCIO E MENTA NOTA DI FONDO: LEGNO DI CEDRO DEL LIBANO","og_url":"https:\/\/profumix.it\/en\/prodotto\/hugo-boss-xy-100ml-spray-eau-de-toilette-tester\/","og_site_name":"Profumix Perfumes","article_publisher":"https:\/\/www.facebook.com\/profumix","article_modified_time":"2023-03-10T09:17:38+00:00","og_image":[{"width":1500,"height":2275,"url":"https:\/\/profumix.it\/wp-content\/uploads\/2014\/04\/product_h_u_hugo-boss-hugo-xy-man-edt-100ml.jpg","type":"image\/jpeg"}],"twitter_card":"summary_large_image","schema":{"@context":"https:\/\/schema.org","@graph":[{"@type":"WebPage","@id":"https:\/\/profumix.it\/en\/prodotto\/hugo-boss-xy-100ml-spray-eau-de-toilette-tester\/","url":"https:\/\/profumix.it\/en\/prodotto\/hugo-boss-xy-100ml-spray-eau-de-toilette-tester\/","name":"HUGO BOSS - HUGO XY MAN 100ML SPRAY EAU DE TOILETTE","isPartOf":{"@id":"https:\/\/profumix.it\/en\/#website"},"primaryImageOfPage":{"@id":"https:\/\/profumix.it\/en\/prodotto\/hugo-boss-xy-100ml-spray-eau-de-toilette-tester\/#primaryimage"},"image":{"@id":"https:\/\/profumix.it\/en\/prodotto\/hugo-boss-xy-100ml-spray-eau-de-toilette-tester\/#primaryimage"},"thumbnailUrl":"https:\/\/profumix.it\/wp-content\/uploads\/2014\/04\/product_h_u_hugo-boss-hugo-xy-man-edt-100ml.jpg","datePublished":"2014-04-02T17:34:18+00:00","dateModified":"2023-03-10T09:17:38+00:00","breadcrumb":{"@id":"https:\/\/profumix.it\/en\/prodotto\/hugo-boss-xy-100ml-spray-eau-de-toilette-tester\/#breadcrumb"},"inLanguage":"en-US","potentialAction":[{"@type":"ReadAction","target":["https:\/\/profumix.it\/en\/prodotto\/hugo-boss-xy-100ml-spray-eau-de-toilette-tester\/"]}]},{"@type":"ImageObject","inLanguage":"en-US","@id":"https:\/\/profumix.it\/en\/prodotto\/hugo-boss-xy-100ml-spray-eau-de-toilette-tester\/#primaryimage","url":"https:\/\/profumix.it\/wp-content\/uploads\/2014\/04\/product_h_u_hugo-boss-hugo-xy-man-edt-100ml.jpg","contentUrl":"https:\/\/profumix.it\/wp-content\/uploads\/2014\/04\/product_h_u_hugo-boss-hugo-xy-man-edt-100ml.jpg","width":1500,"height":2275,"caption":"HUGO BOSS - HUGO XY MAN 100ML SPRAY EAU DE TOILETTE"},{"@type":"BreadcrumbList","@id":"https:\/\/profumix.it\/en\/prodotto\/hugo-boss-xy-100ml-spray-eau-de-toilette-tester\/#breadcrumb","itemListElement":[{"@type":"ListItem","position":1,"name":"Home","item":"https:\/\/profumix.it\/en\/home\/"},{"@type":"ListItem","position":2,"name":"Shop","item":"https:\/\/profumix.it\/en\/shop\/"},{"@type":"ListItem","position":3,"name":"HUGO BOSS &#8211; HUGO XY MAN 100ML SPRAY EAU DE TOILETTE"}]},{"@type":"WebSite","@id":"https:\/\/profumix.it\/en\/#website","url":"https:\/\/profumix.it\/en\/","name":"Profumix Perfumes","description":"","potentialAction":[{"@type":"SearchAction","target":{"@type":"EntryPoint","urlTemplate":"https:\/\/profumix.it\/en\/?s={search_term_string}"},"query-input":{"@type":"PropertyValueSpecification","valueRequired":true,"valueName":"search_term_string"}}],"inLanguage":"en-US"}]}},"_links":{"self":[{"href":"https:\/\/profumix.it\/en\/wp-json\/wp\/v2\/product\/77757","targetHints":{"allow":["GET"]}}],"collection":[{"href":"https:\/\/profumix.it\/en\/wp-json\/wp\/v2\/product"}],"about":[{"href":"https:\/\/profumix.it\/en\/wp-json\/wp\/v2\/types\/product"}],"replies":[{"embeddable":true,"href":"https:\/\/profumix.it\/en\/wp-json\/wp\/v2\/comments?post=77757"}],"wp:featuredmedia":[{"embeddable":true,"href":"https:\/\/profumix.it\/en\/wp-json\/wp\/v2\/media\/77756"}],"wp:attachment":[{"href":"https:\/\/profumix.it\/en\/wp-json\/wp\/v2\/media?parent=77757"}],"wp:term":[{"taxonomy":"product_brand","embeddable":true,"href":"https:\/\/profumix.it\/en\/wp-json\/wp\/v2\/product_brand?post=77757"},{"taxonomy":"product_cat","embeddable":true,"href":"https:\/\/profumix.it\/en\/wp-json\/wp\/v2\/product_cat?post=77757"},{"taxonomy":"product_tag","embeddable":true,"href":"https:\/\/profumix.it\/en\/wp-json\/wp\/v2\/product_tag?post=77757"}],"curies":[{"name":"wp","href":"https:\/\/api.w.org\/{rel}","templated":true}]}}