{"id":77773,"date":"2014-04-09T11:49:25","date_gmt":"2014-04-09T09:49:25","guid":{"rendered":"https:\/\/profumix.it\/prodotto\/l-oreal-revitalift-trattamento-contorno-occhi-antirughe-15ml-3\/"},"modified":"2014-04-09T11:49:25","modified_gmt":"2014-04-09T09:49:25","slug":"l-oreal-revitalift-trattamento-contorno-occhi-antirughe-15ml-3","status":"publish","type":"product","link":"https:\/\/profumix.it\/en\/prodotto\/l-oreal-revitalift-trattamento-contorno-occhi-antirughe-15ml-3\/","title":{"rendered":"CLARINS DAY &#038; NIGHT 40 ANNI RIGENERANTE, EFFETTO LIFTING CREMA RIGENERANTE NOTTE 50ML + CREMA GIORNO EFFETTO LIFTING ANTIRUGHE 30ML"},"content":{"rendered":"<p>CLARINS DAY &#038; NIGHT 40 ANNI RIGENERANTE EFFETTO LIFTING<\/p>\n<p>DESCRIZIONE: SCATOLA CONTENENTE:<br \/>\n&#8211; CLARINS MULTI-R\u00c9G\u00c9N\u00c9RANTE NUIT 50 ML<br \/>\nCREMA NOTTE AD AZIONE PROFONDA CHE MIGLIORA LA TONICIT\u00c0 DELL&#8217;EPIDERMIDE DURANTE IL SONNO. LA PELLE \u00c8 RASSODATA, RIGENERATA, SI RINNOVA PI\u00d9 FACILMENTE E SI DIFENDE MEGLIO. AL RISVEGLIO, LA PELLE APPARE PI\u00d9 LISCIA, TONICA E LUMINOSA. LE RUGHE SONO LEVIGATE, I CONTORNI DEL VISO PI\u00d9 DEFINITI<br \/>\n&#8211; CLARINS MULTI-R\u00c9G\u00c9N\u00c9RANTE JOUR 30 ML<br \/>\nINDISPENSABILE DAI 40 ANNI, QUESTA CREMA GIORNO AD AZIONE MIRATA GARANTISCE UN EFFETTO LIFTING SIN DALLA PRIMA APPLICAZIONE, PER RENDERTI BELLA SUBITO. GIORNO DOPO GIORNO, LASCIA LA PELLE PI\u00d9 TONICA, PUR MANTENENDONE L&#8217;ELASTICIT\u00c0. UN&#8217;AZIONE RASSODANTE GLOBALE CHE RIDUCE VISIBILMENTE LE RUGHE E I SEGNI D&#8217;ESPRESSIONE, RIMODELLA L&#8217;OVALE ED ESALTA I LINEAMENTI.<\/p>\n<p>USO.<br \/>\n&#8211; CLARINS MULTI-R\u00c9G\u00c9N\u00c9RANTE NUIT<br \/>\nAPPLICARE OGNI SERA SU VISO E COLLO PERFETTAMENTE DETERSI, EFFETTUANDO DELLE PRESSIONI DAL CENTRO DEL VISO VERSO L&#8217;ESTERNO<br \/>\n&#8211; CLARINS MULTI-R\u00c9G\u00c9N\u00c9RANTE JOUR<br \/>\nAPPLICARE OGNI MATTINA SU VISO E COLLO PERFETTAMENTE DETERSI, EFFETTUANDO DELLE PRESSIONI DAL CENTRO DEL VISO VERSO L&#8217;ESTERNO.<\/p>\n<p>CONFEZIONE:<br \/>\n&#8211; 1 CLARINS MULTI-R\u00c9G\u00c9N\u00c9RANTE NUIT DA 50 ML<br \/>\n&#8211; 1 CLARINS MULTI-R\u00c9G\u00c9N\u00c9RANTE JOUR DA 30 ML.<\/p>\n","protected":false},"excerpt":{"rendered":"<p>CLARINS DAY &#038; NIGHT 40 ANNI RIGENERANTE EFFETTO LIFTING<\/p>\n<p>DESCRIZIONE: SCATOLA CONTENENTE:<br \/>\n&#8211; CLARINS MULTI-R\u00c9G\u00c9N\u00c9RANTE NUIT 50 ML<br \/>\nCREMA NOTTE AD AZIONE PROFONDA CHE MIGLIORA LA TONICIT\u00c0 DELL&#8217;EPIDERMIDE DURANTE IL SONNO. LA PELLE \u00c8 RASSODATA, RIGENERATA, SI RINNOVA PI\u00d9 FACILMENTE E SI DIFENDE MEGLIO. AL RISVEGLIO, LA PELLE APPARE PI\u00d9 LISCIA, TONICA E LUMINOSA. LE RUGHE SONO LEVIGATE, I CONTORNI DEL VISO PI\u00d9 DEFINITI<br \/>\n&#8211; CLARINS MULTI-R\u00c9G\u00c9N\u00c9RANTE JOUR 30 ML<br \/>\nINDISPENSABILE DAI 40 ANNI, QUESTA CREMA GIORNO AD AZIONE MIRATA GARANTISCE UN EFFETTO LIFTING SIN DALLA PRIMA APPLICAZIONE, PER RENDERTI BELLA SUBITO. GIORNO DOPO GIORNO, LASCIA LA PELLE PI\u00d9 TONICA, PUR MANTENENDONE L&#8217;ELASTICIT\u00c0. UN&#8217;AZIONE RASSODANTE GLOBALE CHE RIDUCE VISIBILMENTE LE RUGHE E I SEGNI D&#8217;ESPRESSIONE, RIMODELLA L&#8217;OVALE ED ESALTA I LINEAMENTI.<\/p>\n<p>USO.<br \/>\n&#8211; CLARINS MULTI-R\u00c9G\u00c9N\u00c9RANTE NUIT<br \/>\nAPPLICARE OGNI SERA SU VISO E COLLO PERFETTAMENTE DETERSI, EFFETTUANDO DELLE PRESSIONI DAL CENTRO DEL VISO VERSO L&#8217;ESTERNO<br \/>\n&#8211; CLARINS MULTI-R\u00c9G\u00c9N\u00c9RANTE JOUR<br \/>\nAPPLICARE OGNI MATTINA SU VISO E COLLO PERFETTAMENTE DETERSI, EFFETTUANDO DELLE PRESSIONI DAL CENTRO DEL VISO VERSO L&#8217;ESTERNO.<\/p>\n<p>CONFEZIONE:<br \/>\n&#8211; 1 CLARINS MULTI-R\u00c9G\u00c9N\u00c9RANTE NUIT DA 50 ML<br \/>\n&#8211; 1 CLARINS MULTI-R\u00c9G\u00c9N\u00c9RANTE JOUR DA 30 ML.<\/p>\n","protected":false},"featured_media":77772,"comment_status":"open","ping_status":"closed","template":"","meta":{"_et_pb_use_builder":"","_et_pb_old_content":"","_et_gb_content_width":""},"product_brand":[],"product_cat":[7158,7113,7118,7157,7099,7098,7128],"product_tag":[],"class_list":{"0":"post-77773","1":"product","2":"type-product","3":"status-publish","4":"has-post-thumbnail","6":"product_cat-antieta-e-lifting","7":"product_cat-confezioni-regalo","8":"product_cat-donna-1-confezioni-regalo","9":"product_cat-nutrienti","10":"product_cat-offerte-da-non-perdere-default-category","11":"product_cat-default-category","12":"product_cat-trattamenti-viso","13":"pa_bollino-offerta_speciale","14":"pa_confezione_desc-scatolaoriginalenotester","15":"pa_formato_filtro-50ml","16":"pa_manufacturer-clarins","17":"pa_sconto_desc-6906","18":"pa_spedizione_gratuita-no","20":"first","21":"outofstock","22":"sale","23":"shipping-taxable","24":"purchasable","25":"product-type-simple"},"yoast_head":"<!-- This site is optimized with the Yoast SEO plugin v27.4 - https:\/\/yoast.com\/product\/yoast-seo-wordpress\/ -->\n<title>CLARINS DAY &amp; NIGHT 40 ANNI RIGENERANTE, EFFETTO LIFTING CREMA RIGENERANTE NOTTE 50ML + CREMA GIORNO EFFETTO LIFTING ANTIRUGHE 30ML<\/title>\n<meta name=\"robots\" content=\"index, follow, max-snippet:-1, max-image-preview:large, max-video-preview:-1\" \/>\n<link rel=\"canonical\" href=\"https:\/\/profumix.it\/en\/prodotto\/l-oreal-revitalift-trattamento-contorno-occhi-antirughe-15ml-3\/\" \/>\n<meta property=\"og:locale\" content=\"en_US\" \/>\n<meta property=\"og:type\" content=\"article\" \/>\n<meta property=\"og:title\" content=\"CLARINS DAY &amp; NIGHT 40 ANNI RIGENERANTE, EFFETTO LIFTING CREMA RIGENERANTE NOTTE 50ML + CREMA GIORNO EFFETTO LIFTING ANTIRUGHE 30ML\" \/>\n<meta property=\"og:description\" content=\"CLARINS DAY &amp; NIGHT 40 ANNI RIGENERANTE EFFETTO LIFTING  DESCRIZIONE: SCATOLA CONTENENTE: - CLARINS MULTI-R\u00c9G\u00c9N\u00c9RANTE NUIT 50 ML CREMA NOTTE AD AZIONE PROFONDA CHE MIGLIORA LA TONICIT\u00c0 DELL&#039;EPIDERMIDE DURANTE IL SONNO. LA PELLE \u00c8 RASSODATA, RIGENERATA, SI RINNOVA PI\u00d9 FACILMENTE E SI DIFENDE MEGLIO. AL RISVEGLIO, LA PELLE APPARE PI\u00d9 LISCIA, TONICA E LUMINOSA. LE RUGHE SONO LEVIGATE, I CONTORNI DEL VISO PI\u00d9 DEFINITI - CLARINS MULTI-R\u00c9G\u00c9N\u00c9RANTE JOUR 30 ML INDISPENSABILE DAI 40 ANNI, QUESTA CREMA GIORNO AD AZIONE MIRATA GARANTISCE UN EFFETTO LIFTING SIN DALLA PRIMA APPLICAZIONE, PER RENDERTI BELLA SUBITO. GIORNO DOPO GIORNO, LASCIA LA PELLE PI\u00d9 TONICA, PUR MANTENENDONE L&#039;ELASTICIT\u00c0. UN&#039;AZIONE RASSODANTE GLOBALE CHE RIDUCE VISIBILMENTE LE RUGHE E I SEGNI D&#039;ESPRESSIONE, RIMODELLA L&#039;OVALE ED ESALTA I LINEAMENTI.  USO. - CLARINS MULTI-R\u00c9G\u00c9N\u00c9RANTE NUIT APPLICARE OGNI SERA SU VISO E COLLO PERFETTAMENTE DETERSI, EFFETTUANDO DELLE PRESSIONI DAL CENTRO DEL VISO VERSO L&#039;ESTERNO - CLARINS MULTI-R\u00c9G\u00c9N\u00c9RANTE JOUR APPLICARE OGNI MATTINA SU VISO E COLLO PERFETTAMENTE DETERSI, EFFETTUANDO DELLE PRESSIONI DAL CENTRO DEL VISO VERSO L&#039;ESTERNO.  CONFEZIONE: - 1 CLARINS MULTI-R\u00c9G\u00c9N\u00c9RANTE NUIT DA 50 ML - 1 CLARINS MULTI-R\u00c9G\u00c9N\u00c9RANTE JOUR DA 30 ML.\" \/>\n<meta property=\"og:url\" content=\"https:\/\/profumix.it\/en\/prodotto\/l-oreal-revitalift-trattamento-contorno-occhi-antirughe-15ml-3\/\" \/>\n<meta property=\"og:site_name\" content=\"Profumix Perfumes\" \/>\n<meta property=\"article:publisher\" content=\"https:\/\/www.facebook.com\/profumix\" \/>\n<meta property=\"og:image\" content=\"https:\/\/profumix.it\/wp-content\/uploads\/2014\/04\/product_c_l_clarins_day_night_40_anni_rigenerante_effetto_lifting_cofanetto_1.jpg\" \/>\n\t<meta property=\"og:image:width\" content=\"535\" \/>\n\t<meta property=\"og:image:height\" content=\"517\" \/>\n\t<meta property=\"og:image:type\" content=\"image\/jpeg\" \/>\n<meta name=\"twitter:card\" content=\"summary_large_image\" \/>\n<meta name=\"twitter:label1\" content=\"Est. reading time\" \/>\n\t<meta name=\"twitter:data1\" content=\"1 minute\" \/>\n<script type=\"application\/ld+json\" class=\"yoast-schema-graph\">{\"@context\":\"https:\\\/\\\/schema.org\",\"@graph\":[{\"@type\":\"WebPage\",\"@id\":\"https:\\\/\\\/profumix.it\\\/en\\\/prodotto\\\/l-oreal-revitalift-trattamento-contorno-occhi-antirughe-15ml-3\\\/\",\"url\":\"https:\\\/\\\/profumix.it\\\/en\\\/prodotto\\\/l-oreal-revitalift-trattamento-contorno-occhi-antirughe-15ml-3\\\/\",\"name\":\"CLARINS DAY & NIGHT 40 ANNI RIGENERANTE, EFFETTO LIFTING CREMA RIGENERANTE NOTTE 50ML + CREMA GIORNO EFFETTO LIFTING ANTIRUGHE 30ML\",\"isPartOf\":{\"@id\":\"https:\\\/\\\/profumix.it\\\/en\\\/#website\"},\"primaryImageOfPage\":{\"@id\":\"https:\\\/\\\/profumix.it\\\/en\\\/prodotto\\\/l-oreal-revitalift-trattamento-contorno-occhi-antirughe-15ml-3\\\/#primaryimage\"},\"image\":{\"@id\":\"https:\\\/\\\/profumix.it\\\/en\\\/prodotto\\\/l-oreal-revitalift-trattamento-contorno-occhi-antirughe-15ml-3\\\/#primaryimage\"},\"thumbnailUrl\":\"https:\\\/\\\/profumix.it\\\/wp-content\\\/uploads\\\/2014\\\/04\\\/product_c_l_clarins_day_night_40_anni_rigenerante_effetto_lifting_cofanetto_1.jpg\",\"datePublished\":\"2014-04-09T09:49:25+00:00\",\"breadcrumb\":{\"@id\":\"https:\\\/\\\/profumix.it\\\/en\\\/prodotto\\\/l-oreal-revitalift-trattamento-contorno-occhi-antirughe-15ml-3\\\/#breadcrumb\"},\"inLanguage\":\"en-US\",\"potentialAction\":[{\"@type\":\"ReadAction\",\"target\":[\"https:\\\/\\\/profumix.it\\\/en\\\/prodotto\\\/l-oreal-revitalift-trattamento-contorno-occhi-antirughe-15ml-3\\\/\"]}]},{\"@type\":\"ImageObject\",\"inLanguage\":\"en-US\",\"@id\":\"https:\\\/\\\/profumix.it\\\/en\\\/prodotto\\\/l-oreal-revitalift-trattamento-contorno-occhi-antirughe-15ml-3\\\/#primaryimage\",\"url\":\"https:\\\/\\\/profumix.it\\\/wp-content\\\/uploads\\\/2014\\\/04\\\/product_c_l_clarins_day_night_40_anni_rigenerante_effetto_lifting_cofanetto_1.jpg\",\"contentUrl\":\"https:\\\/\\\/profumix.it\\\/wp-content\\\/uploads\\\/2014\\\/04\\\/product_c_l_clarins_day_night_40_anni_rigenerante_effetto_lifting_cofanetto_1.jpg\",\"width\":535,\"height\":517,\"caption\":\"CLARINS DAY & NIGHT 40 ANNI RIGENERANTE, EFFETTO LIFTING CREMA RIGENERANTE NOTTE 50ML + CREMA GIORNO EFFETTO LIFTING ANTIRUGHE 30ML\"},{\"@type\":\"BreadcrumbList\",\"@id\":\"https:\\\/\\\/profumix.it\\\/en\\\/prodotto\\\/l-oreal-revitalift-trattamento-contorno-occhi-antirughe-15ml-3\\\/#breadcrumb\",\"itemListElement\":[{\"@type\":\"ListItem\",\"position\":1,\"name\":\"Home\",\"item\":\"https:\\\/\\\/profumix.it\\\/en\\\/home\\\/\"},{\"@type\":\"ListItem\",\"position\":2,\"name\":\"Shop\",\"item\":\"https:\\\/\\\/profumix.it\\\/en\\\/shop\\\/\"},{\"@type\":\"ListItem\",\"position\":3,\"name\":\"CLARINS DAY &#038; NIGHT 40 ANNI RIGENERANTE, EFFETTO LIFTING CREMA RIGENERANTE NOTTE 50ML + CREMA GIORNO EFFETTO LIFTING ANTIRUGHE 30ML\"}]},{\"@type\":\"WebSite\",\"@id\":\"https:\\\/\\\/profumix.it\\\/en\\\/#website\",\"url\":\"https:\\\/\\\/profumix.it\\\/en\\\/\",\"name\":\"Profumix Perfumes\",\"description\":\"\",\"potentialAction\":[{\"@type\":\"SearchAction\",\"target\":{\"@type\":\"EntryPoint\",\"urlTemplate\":\"https:\\\/\\\/profumix.it\\\/en\\\/?s={search_term_string}\"},\"query-input\":{\"@type\":\"PropertyValueSpecification\",\"valueRequired\":true,\"valueName\":\"search_term_string\"}}],\"inLanguage\":\"en-US\"}]}<\/script>\n<!-- \/ Yoast SEO plugin. -->","yoast_head_json":{"title":"CLARINS DAY & NIGHT 40 ANNI RIGENERANTE, EFFETTO LIFTING CREMA RIGENERANTE NOTTE 50ML + CREMA GIORNO EFFETTO LIFTING ANTIRUGHE 30ML","robots":{"index":"index","follow":"follow","max-snippet":"max-snippet:-1","max-image-preview":"max-image-preview:large","max-video-preview":"max-video-preview:-1"},"canonical":"https:\/\/profumix.it\/en\/prodotto\/l-oreal-revitalift-trattamento-contorno-occhi-antirughe-15ml-3\/","og_locale":"en_US","og_type":"article","og_title":"CLARINS DAY & NIGHT 40 ANNI RIGENERANTE, EFFETTO LIFTING CREMA RIGENERANTE NOTTE 50ML + CREMA GIORNO EFFETTO LIFTING ANTIRUGHE 30ML","og_description":"CLARINS DAY & NIGHT 40 ANNI RIGENERANTE EFFETTO LIFTING  DESCRIZIONE: SCATOLA CONTENENTE: - CLARINS MULTI-R\u00c9G\u00c9N\u00c9RANTE NUIT 50 ML CREMA NOTTE AD AZIONE PROFONDA CHE MIGLIORA LA TONICIT\u00c0 DELL'EPIDERMIDE DURANTE IL SONNO. LA PELLE \u00c8 RASSODATA, RIGENERATA, SI RINNOVA PI\u00d9 FACILMENTE E SI DIFENDE MEGLIO. AL RISVEGLIO, LA PELLE APPARE PI\u00d9 LISCIA, TONICA E LUMINOSA. LE RUGHE SONO LEVIGATE, I CONTORNI DEL VISO PI\u00d9 DEFINITI - CLARINS MULTI-R\u00c9G\u00c9N\u00c9RANTE JOUR 30 ML INDISPENSABILE DAI 40 ANNI, QUESTA CREMA GIORNO AD AZIONE MIRATA GARANTISCE UN EFFETTO LIFTING SIN DALLA PRIMA APPLICAZIONE, PER RENDERTI BELLA SUBITO. GIORNO DOPO GIORNO, LASCIA LA PELLE PI\u00d9 TONICA, PUR MANTENENDONE L'ELASTICIT\u00c0. UN'AZIONE RASSODANTE GLOBALE CHE RIDUCE VISIBILMENTE LE RUGHE E I SEGNI D'ESPRESSIONE, RIMODELLA L'OVALE ED ESALTA I LINEAMENTI.  USO. - CLARINS MULTI-R\u00c9G\u00c9N\u00c9RANTE NUIT APPLICARE OGNI SERA SU VISO E COLLO PERFETTAMENTE DETERSI, EFFETTUANDO DELLE PRESSIONI DAL CENTRO DEL VISO VERSO L'ESTERNO - CLARINS MULTI-R\u00c9G\u00c9N\u00c9RANTE JOUR APPLICARE OGNI MATTINA SU VISO E COLLO PERFETTAMENTE DETERSI, EFFETTUANDO DELLE PRESSIONI DAL CENTRO DEL VISO VERSO L'ESTERNO.  CONFEZIONE: - 1 CLARINS MULTI-R\u00c9G\u00c9N\u00c9RANTE NUIT DA 50 ML - 1 CLARINS MULTI-R\u00c9G\u00c9N\u00c9RANTE JOUR DA 30 ML.","og_url":"https:\/\/profumix.it\/en\/prodotto\/l-oreal-revitalift-trattamento-contorno-occhi-antirughe-15ml-3\/","og_site_name":"Profumix Perfumes","article_publisher":"https:\/\/www.facebook.com\/profumix","og_image":[{"width":535,"height":517,"url":"https:\/\/profumix.it\/wp-content\/uploads\/2014\/04\/product_c_l_clarins_day_night_40_anni_rigenerante_effetto_lifting_cofanetto_1.jpg","type":"image\/jpeg"}],"twitter_card":"summary_large_image","twitter_misc":{"Est. reading time":"1 minute"},"schema":{"@context":"https:\/\/schema.org","@graph":[{"@type":"WebPage","@id":"https:\/\/profumix.it\/en\/prodotto\/l-oreal-revitalift-trattamento-contorno-occhi-antirughe-15ml-3\/","url":"https:\/\/profumix.it\/en\/prodotto\/l-oreal-revitalift-trattamento-contorno-occhi-antirughe-15ml-3\/","name":"CLARINS DAY & NIGHT 40 ANNI RIGENERANTE, EFFETTO LIFTING CREMA RIGENERANTE NOTTE 50ML + CREMA GIORNO EFFETTO LIFTING ANTIRUGHE 30ML","isPartOf":{"@id":"https:\/\/profumix.it\/en\/#website"},"primaryImageOfPage":{"@id":"https:\/\/profumix.it\/en\/prodotto\/l-oreal-revitalift-trattamento-contorno-occhi-antirughe-15ml-3\/#primaryimage"},"image":{"@id":"https:\/\/profumix.it\/en\/prodotto\/l-oreal-revitalift-trattamento-contorno-occhi-antirughe-15ml-3\/#primaryimage"},"thumbnailUrl":"https:\/\/profumix.it\/wp-content\/uploads\/2014\/04\/product_c_l_clarins_day_night_40_anni_rigenerante_effetto_lifting_cofanetto_1.jpg","datePublished":"2014-04-09T09:49:25+00:00","breadcrumb":{"@id":"https:\/\/profumix.it\/en\/prodotto\/l-oreal-revitalift-trattamento-contorno-occhi-antirughe-15ml-3\/#breadcrumb"},"inLanguage":"en-US","potentialAction":[{"@type":"ReadAction","target":["https:\/\/profumix.it\/en\/prodotto\/l-oreal-revitalift-trattamento-contorno-occhi-antirughe-15ml-3\/"]}]},{"@type":"ImageObject","inLanguage":"en-US","@id":"https:\/\/profumix.it\/en\/prodotto\/l-oreal-revitalift-trattamento-contorno-occhi-antirughe-15ml-3\/#primaryimage","url":"https:\/\/profumix.it\/wp-content\/uploads\/2014\/04\/product_c_l_clarins_day_night_40_anni_rigenerante_effetto_lifting_cofanetto_1.jpg","contentUrl":"https:\/\/profumix.it\/wp-content\/uploads\/2014\/04\/product_c_l_clarins_day_night_40_anni_rigenerante_effetto_lifting_cofanetto_1.jpg","width":535,"height":517,"caption":"CLARINS DAY & NIGHT 40 ANNI RIGENERANTE, EFFETTO LIFTING CREMA RIGENERANTE NOTTE 50ML + CREMA GIORNO EFFETTO LIFTING ANTIRUGHE 30ML"},{"@type":"BreadcrumbList","@id":"https:\/\/profumix.it\/en\/prodotto\/l-oreal-revitalift-trattamento-contorno-occhi-antirughe-15ml-3\/#breadcrumb","itemListElement":[{"@type":"ListItem","position":1,"name":"Home","item":"https:\/\/profumix.it\/en\/home\/"},{"@type":"ListItem","position":2,"name":"Shop","item":"https:\/\/profumix.it\/en\/shop\/"},{"@type":"ListItem","position":3,"name":"CLARINS DAY &#038; NIGHT 40 ANNI RIGENERANTE, EFFETTO LIFTING CREMA RIGENERANTE NOTTE 50ML + CREMA GIORNO EFFETTO LIFTING ANTIRUGHE 30ML"}]},{"@type":"WebSite","@id":"https:\/\/profumix.it\/en\/#website","url":"https:\/\/profumix.it\/en\/","name":"Profumix Perfumes","description":"","potentialAction":[{"@type":"SearchAction","target":{"@type":"EntryPoint","urlTemplate":"https:\/\/profumix.it\/en\/?s={search_term_string}"},"query-input":{"@type":"PropertyValueSpecification","valueRequired":true,"valueName":"search_term_string"}}],"inLanguage":"en-US"}]}},"_links":{"self":[{"href":"https:\/\/profumix.it\/en\/wp-json\/wp\/v2\/product\/77773","targetHints":{"allow":["GET"]}}],"collection":[{"href":"https:\/\/profumix.it\/en\/wp-json\/wp\/v2\/product"}],"about":[{"href":"https:\/\/profumix.it\/en\/wp-json\/wp\/v2\/types\/product"}],"replies":[{"embeddable":true,"href":"https:\/\/profumix.it\/en\/wp-json\/wp\/v2\/comments?post=77773"}],"wp:featuredmedia":[{"embeddable":true,"href":"https:\/\/profumix.it\/en\/wp-json\/wp\/v2\/media\/77772"}],"wp:attachment":[{"href":"https:\/\/profumix.it\/en\/wp-json\/wp\/v2\/media?parent=77773"}],"wp:term":[{"taxonomy":"product_brand","embeddable":true,"href":"https:\/\/profumix.it\/en\/wp-json\/wp\/v2\/product_brand?post=77773"},{"taxonomy":"product_cat","embeddable":true,"href":"https:\/\/profumix.it\/en\/wp-json\/wp\/v2\/product_cat?post=77773"},{"taxonomy":"product_tag","embeddable":true,"href":"https:\/\/profumix.it\/en\/wp-json\/wp\/v2\/product_tag?post=77773"}],"curies":[{"name":"wp","href":"https:\/\/api.w.org\/{rel}","templated":true}]}}