{"id":77777,"date":"2014-04-09T19:47:07","date_gmt":"2014-04-09T17:47:07","guid":{"rendered":"https:\/\/profumix.it\/prodotto\/hugo-boss-xy-100ml-spray-eau-de-toilette-tester-2\/"},"modified":"2014-04-09T19:47:07","modified_gmt":"2014-04-09T17:47:07","slug":"hugo-boss-xy-100ml-spray-eau-de-toilette-tester-2","status":"publish","type":"product","link":"https:\/\/profumix.it\/en\/prodotto\/hugo-boss-xy-100ml-spray-eau-de-toilette-tester-2\/","title":{"rendered":"HUGO BOSS &#8211; BOSS NUMBER ONE 125ML SPRAY EAU DE TOILETTE"},"content":{"rendered":"<p>BOSS NUMBER ONE BY HUGO BOSS \u00c8 UNA FRAGRANZA AROMATICA FOUGERE PER GLI UOMINI.<br \/>\nBOSS NUMBER ONE \u00c8 STATO LANCIATO NEL 1985. IL NASO DIETRO QUESTA FRAGRANZA \u00c8 PIERRE WARGNYE.<br \/>\nNOTE DI TESTA SONO ARTEMISIA, MELA VERDE, GINEPRO, BASILICO, POMPELMO, CUMINO, BERGAMOTTO E LIMONE;<br \/>\nNOTE CENTRALI SONO IL MIELE, LAVANDA, RADICE DI IRIS, GELSOMINO, SALVIA, GIGLIO-OF-THE-VALLE, ROSA E GERANIO;<br \/>\nNOTE DI FONDO SONO LEGNO DI SANDALO, AMBRA, PATCHOULI, CANNELLA, MUSCHIO, MUSCHIO DI QUERCIA, LEGNO DI CEDRO E TABACCO. <\/p>\n","protected":false},"excerpt":{"rendered":"<p>BOSS NUMBER ONE BY HUGO BOSS \u00c8 UNA FRAGRANZA AROMATICA FOUGERE PER GLI UOMINI.<br \/>\nBOSS NUMBER ONE \u00c8 STATO LANCIATO NEL 1985. IL NASO DIETRO QUESTA FRAGRANZA \u00c8 PIERRE WARGNYE.<br \/>\nNOTE DI TESTA SONO ARTEMISIA, MELA VERDE, GINEPRO, BASILICO, POMPELMO, CUMINO, BERGAMOTTO E LIMONE;<br \/>\nNOTE CENTRALI SONO IL MIELE, LAVANDA, RADICE DI IRIS, GELSOMINO, SALVIA, GIGLIO-OF-THE-VALLE, ROSA E GERANIO;<br \/>\nNOTE DI FONDO SONO LEGNO DI SANDALO, AMBRA, PATCHOULI, CANNELLA, MUSCHIO, MUSCHIO DI QUERCIA, LEGNO DI CEDRO E TABACCO. <\/p>\n","protected":false},"featured_media":77776,"comment_status":"open","ping_status":"closed","template":"","meta":{"_et_pb_use_builder":"","_et_pb_old_content":"","_et_gb_content_width":""},"product_brand":[],"product_cat":[7173,7099,7098,7106,7107],"product_tag":[],"class_list":{"0":"post-77777","1":"product","2":"type-product","3":"status-publish","4":"has-post-thumbnail","6":"product_cat-articoli-fuori-produzione-e-rarita","7":"product_cat-offerte-da-non-perdere-default-category","8":"product_cat-default-category","9":"product_cat-profumi-default-category","10":"product_cat-uomo-profumi-default-category","11":"pa_bollino-offerta_speciale","12":"pa_categoria_desc-profumiuomo","13":"pa_confezione_desc-confezioneoriginalenotester","14":"pa_formato_filtro-125ml","15":"pa_manufacturer-hugoboss","16":"pa_sconto_desc-6906","17":"pa_spedizione_gratuita-no","18":"pa_tipo_filtro-sprayeaudetoilette","20":"first","21":"outofstock","22":"sale","23":"shipping-taxable","24":"purchasable","25":"product-type-simple"},"yoast_head":"<!-- This site is optimized with the Yoast SEO plugin v27.4 - https:\/\/yoast.com\/product\/yoast-seo-wordpress\/ -->\n<title>HUGO BOSS - BOSS NUMBER ONE 125ML SPRAY EAU DE TOILETTE<\/title>\n<meta name=\"robots\" content=\"index, follow, max-snippet:-1, max-image-preview:large, max-video-preview:-1\" \/>\n<link rel=\"canonical\" href=\"https:\/\/profumix.it\/en\/prodotto\/hugo-boss-xy-100ml-spray-eau-de-toilette-tester-2\/\" \/>\n<meta property=\"og:locale\" content=\"en_US\" \/>\n<meta property=\"og:type\" content=\"article\" \/>\n<meta property=\"og:title\" content=\"HUGO BOSS - BOSS NUMBER ONE 125ML SPRAY EAU DE TOILETTE\" \/>\n<meta property=\"og:description\" content=\"BOSS NUMBER ONE BY HUGO BOSS \u00c8 UNA FRAGRANZA AROMATICA FOUGERE PER GLI UOMINI.  BOSS NUMBER ONE \u00c8 STATO LANCIATO NEL 1985. IL NASO DIETRO QUESTA FRAGRANZA \u00c8 PIERRE WARGNYE.  NOTE DI TESTA SONO ARTEMISIA, MELA VERDE, GINEPRO, BASILICO, POMPELMO, CUMINO, BERGAMOTTO E LIMONE;  NOTE CENTRALI SONO IL MIELE, LAVANDA, RADICE DI IRIS, GELSOMINO, SALVIA, GIGLIO-OF-THE-VALLE, ROSA E GERANIO;  NOTE DI FONDO SONO LEGNO DI SANDALO, AMBRA, PATCHOULI, CANNELLA, MUSCHIO, MUSCHIO DI QUERCIA, LEGNO DI CEDRO E TABACCO.\" \/>\n<meta property=\"og:url\" content=\"https:\/\/profumix.it\/en\/prodotto\/hugo-boss-xy-100ml-spray-eau-de-toilette-tester-2\/\" \/>\n<meta property=\"og:site_name\" content=\"Profumix Perfumes\" \/>\n<meta property=\"article:publisher\" content=\"https:\/\/www.facebook.com\/profumix\" \/>\n<meta property=\"og:image\" content=\"https:\/\/profumix.it\/wp-content\/uploads\/2014\/04\/product_h_u_hugo_boss_number_one_125ml_edt_sito.jpg\" \/>\n\t<meta property=\"og:image:width\" content=\"397\" \/>\n\t<meta property=\"og:image:height\" content=\"331\" \/>\n\t<meta property=\"og:image:type\" content=\"image\/jpeg\" \/>\n<meta name=\"twitter:card\" content=\"summary_large_image\" \/>\n<script type=\"application\/ld+json\" class=\"yoast-schema-graph\">{\"@context\":\"https:\\\/\\\/schema.org\",\"@graph\":[{\"@type\":\"WebPage\",\"@id\":\"https:\\\/\\\/profumix.it\\\/en\\\/prodotto\\\/hugo-boss-xy-100ml-spray-eau-de-toilette-tester-2\\\/\",\"url\":\"https:\\\/\\\/profumix.it\\\/en\\\/prodotto\\\/hugo-boss-xy-100ml-spray-eau-de-toilette-tester-2\\\/\",\"name\":\"HUGO BOSS - BOSS NUMBER ONE 125ML SPRAY EAU DE TOILETTE\",\"isPartOf\":{\"@id\":\"https:\\\/\\\/profumix.it\\\/en\\\/#website\"},\"primaryImageOfPage\":{\"@id\":\"https:\\\/\\\/profumix.it\\\/en\\\/prodotto\\\/hugo-boss-xy-100ml-spray-eau-de-toilette-tester-2\\\/#primaryimage\"},\"image\":{\"@id\":\"https:\\\/\\\/profumix.it\\\/en\\\/prodotto\\\/hugo-boss-xy-100ml-spray-eau-de-toilette-tester-2\\\/#primaryimage\"},\"thumbnailUrl\":\"https:\\\/\\\/profumix.it\\\/wp-content\\\/uploads\\\/2014\\\/04\\\/product_h_u_hugo_boss_number_one_125ml_edt_sito.jpg\",\"datePublished\":\"2014-04-09T17:47:07+00:00\",\"breadcrumb\":{\"@id\":\"https:\\\/\\\/profumix.it\\\/en\\\/prodotto\\\/hugo-boss-xy-100ml-spray-eau-de-toilette-tester-2\\\/#breadcrumb\"},\"inLanguage\":\"en-US\",\"potentialAction\":[{\"@type\":\"ReadAction\",\"target\":[\"https:\\\/\\\/profumix.it\\\/en\\\/prodotto\\\/hugo-boss-xy-100ml-spray-eau-de-toilette-tester-2\\\/\"]}]},{\"@type\":\"ImageObject\",\"inLanguage\":\"en-US\",\"@id\":\"https:\\\/\\\/profumix.it\\\/en\\\/prodotto\\\/hugo-boss-xy-100ml-spray-eau-de-toilette-tester-2\\\/#primaryimage\",\"url\":\"https:\\\/\\\/profumix.it\\\/wp-content\\\/uploads\\\/2014\\\/04\\\/product_h_u_hugo_boss_number_one_125ml_edt_sito.jpg\",\"contentUrl\":\"https:\\\/\\\/profumix.it\\\/wp-content\\\/uploads\\\/2014\\\/04\\\/product_h_u_hugo_boss_number_one_125ml_edt_sito.jpg\",\"width\":397,\"height\":331,\"caption\":\"HUGO BOSS - BOSS NUMBER ONE 125ML SPRAY EAU DE TOILETTE\"},{\"@type\":\"BreadcrumbList\",\"@id\":\"https:\\\/\\\/profumix.it\\\/en\\\/prodotto\\\/hugo-boss-xy-100ml-spray-eau-de-toilette-tester-2\\\/#breadcrumb\",\"itemListElement\":[{\"@type\":\"ListItem\",\"position\":1,\"name\":\"Home\",\"item\":\"https:\\\/\\\/profumix.it\\\/en\\\/home\\\/\"},{\"@type\":\"ListItem\",\"position\":2,\"name\":\"Shop\",\"item\":\"https:\\\/\\\/profumix.it\\\/en\\\/shop\\\/\"},{\"@type\":\"ListItem\",\"position\":3,\"name\":\"HUGO BOSS &#8211; BOSS NUMBER ONE 125ML SPRAY EAU DE TOILETTE\"}]},{\"@type\":\"WebSite\",\"@id\":\"https:\\\/\\\/profumix.it\\\/en\\\/#website\",\"url\":\"https:\\\/\\\/profumix.it\\\/en\\\/\",\"name\":\"Profumix Perfumes\",\"description\":\"\",\"potentialAction\":[{\"@type\":\"SearchAction\",\"target\":{\"@type\":\"EntryPoint\",\"urlTemplate\":\"https:\\\/\\\/profumix.it\\\/en\\\/?s={search_term_string}\"},\"query-input\":{\"@type\":\"PropertyValueSpecification\",\"valueRequired\":true,\"valueName\":\"search_term_string\"}}],\"inLanguage\":\"en-US\"}]}<\/script>\n<!-- \/ Yoast SEO plugin. -->","yoast_head_json":{"title":"HUGO BOSS - BOSS NUMBER ONE 125ML SPRAY EAU DE TOILETTE","robots":{"index":"index","follow":"follow","max-snippet":"max-snippet:-1","max-image-preview":"max-image-preview:large","max-video-preview":"max-video-preview:-1"},"canonical":"https:\/\/profumix.it\/en\/prodotto\/hugo-boss-xy-100ml-spray-eau-de-toilette-tester-2\/","og_locale":"en_US","og_type":"article","og_title":"HUGO BOSS - BOSS NUMBER ONE 125ML SPRAY EAU DE TOILETTE","og_description":"BOSS NUMBER ONE BY HUGO BOSS \u00c8 UNA FRAGRANZA AROMATICA FOUGERE PER GLI UOMINI.  BOSS NUMBER ONE \u00c8 STATO LANCIATO NEL 1985. IL NASO DIETRO QUESTA FRAGRANZA \u00c8 PIERRE WARGNYE.  NOTE DI TESTA SONO ARTEMISIA, MELA VERDE, GINEPRO, BASILICO, POMPELMO, CUMINO, BERGAMOTTO E LIMONE;  NOTE CENTRALI SONO IL MIELE, LAVANDA, RADICE DI IRIS, GELSOMINO, SALVIA, GIGLIO-OF-THE-VALLE, ROSA E GERANIO;  NOTE DI FONDO SONO LEGNO DI SANDALO, AMBRA, PATCHOULI, CANNELLA, MUSCHIO, MUSCHIO DI QUERCIA, LEGNO DI CEDRO E TABACCO.","og_url":"https:\/\/profumix.it\/en\/prodotto\/hugo-boss-xy-100ml-spray-eau-de-toilette-tester-2\/","og_site_name":"Profumix Perfumes","article_publisher":"https:\/\/www.facebook.com\/profumix","og_image":[{"width":397,"height":331,"url":"https:\/\/profumix.it\/wp-content\/uploads\/2014\/04\/product_h_u_hugo_boss_number_one_125ml_edt_sito.jpg","type":"image\/jpeg"}],"twitter_card":"summary_large_image","schema":{"@context":"https:\/\/schema.org","@graph":[{"@type":"WebPage","@id":"https:\/\/profumix.it\/en\/prodotto\/hugo-boss-xy-100ml-spray-eau-de-toilette-tester-2\/","url":"https:\/\/profumix.it\/en\/prodotto\/hugo-boss-xy-100ml-spray-eau-de-toilette-tester-2\/","name":"HUGO BOSS - BOSS NUMBER ONE 125ML SPRAY EAU DE TOILETTE","isPartOf":{"@id":"https:\/\/profumix.it\/en\/#website"},"primaryImageOfPage":{"@id":"https:\/\/profumix.it\/en\/prodotto\/hugo-boss-xy-100ml-spray-eau-de-toilette-tester-2\/#primaryimage"},"image":{"@id":"https:\/\/profumix.it\/en\/prodotto\/hugo-boss-xy-100ml-spray-eau-de-toilette-tester-2\/#primaryimage"},"thumbnailUrl":"https:\/\/profumix.it\/wp-content\/uploads\/2014\/04\/product_h_u_hugo_boss_number_one_125ml_edt_sito.jpg","datePublished":"2014-04-09T17:47:07+00:00","breadcrumb":{"@id":"https:\/\/profumix.it\/en\/prodotto\/hugo-boss-xy-100ml-spray-eau-de-toilette-tester-2\/#breadcrumb"},"inLanguage":"en-US","potentialAction":[{"@type":"ReadAction","target":["https:\/\/profumix.it\/en\/prodotto\/hugo-boss-xy-100ml-spray-eau-de-toilette-tester-2\/"]}]},{"@type":"ImageObject","inLanguage":"en-US","@id":"https:\/\/profumix.it\/en\/prodotto\/hugo-boss-xy-100ml-spray-eau-de-toilette-tester-2\/#primaryimage","url":"https:\/\/profumix.it\/wp-content\/uploads\/2014\/04\/product_h_u_hugo_boss_number_one_125ml_edt_sito.jpg","contentUrl":"https:\/\/profumix.it\/wp-content\/uploads\/2014\/04\/product_h_u_hugo_boss_number_one_125ml_edt_sito.jpg","width":397,"height":331,"caption":"HUGO BOSS - BOSS NUMBER ONE 125ML SPRAY EAU DE TOILETTE"},{"@type":"BreadcrumbList","@id":"https:\/\/profumix.it\/en\/prodotto\/hugo-boss-xy-100ml-spray-eau-de-toilette-tester-2\/#breadcrumb","itemListElement":[{"@type":"ListItem","position":1,"name":"Home","item":"https:\/\/profumix.it\/en\/home\/"},{"@type":"ListItem","position":2,"name":"Shop","item":"https:\/\/profumix.it\/en\/shop\/"},{"@type":"ListItem","position":3,"name":"HUGO BOSS &#8211; BOSS NUMBER ONE 125ML SPRAY EAU DE TOILETTE"}]},{"@type":"WebSite","@id":"https:\/\/profumix.it\/en\/#website","url":"https:\/\/profumix.it\/en\/","name":"Profumix Perfumes","description":"","potentialAction":[{"@type":"SearchAction","target":{"@type":"EntryPoint","urlTemplate":"https:\/\/profumix.it\/en\/?s={search_term_string}"},"query-input":{"@type":"PropertyValueSpecification","valueRequired":true,"valueName":"search_term_string"}}],"inLanguage":"en-US"}]}},"_links":{"self":[{"href":"https:\/\/profumix.it\/en\/wp-json\/wp\/v2\/product\/77777","targetHints":{"allow":["GET"]}}],"collection":[{"href":"https:\/\/profumix.it\/en\/wp-json\/wp\/v2\/product"}],"about":[{"href":"https:\/\/profumix.it\/en\/wp-json\/wp\/v2\/types\/product"}],"replies":[{"embeddable":true,"href":"https:\/\/profumix.it\/en\/wp-json\/wp\/v2\/comments?post=77777"}],"wp:featuredmedia":[{"embeddable":true,"href":"https:\/\/profumix.it\/en\/wp-json\/wp\/v2\/media\/77776"}],"wp:attachment":[{"href":"https:\/\/profumix.it\/en\/wp-json\/wp\/v2\/media?parent=77777"}],"wp:term":[{"taxonomy":"product_brand","embeddable":true,"href":"https:\/\/profumix.it\/en\/wp-json\/wp\/v2\/product_brand?post=77777"},{"taxonomy":"product_cat","embeddable":true,"href":"https:\/\/profumix.it\/en\/wp-json\/wp\/v2\/product_cat?post=77777"},{"taxonomy":"product_tag","embeddable":true,"href":"https:\/\/profumix.it\/en\/wp-json\/wp\/v2\/product_tag?post=77777"}],"curies":[{"name":"wp","href":"https:\/\/api.w.org\/{rel}","templated":true}]}}