{"id":77787,"date":"2014-04-15T18:03:50","date_gmt":"2014-04-15T16:03:50","guid":{"rendered":"https:\/\/profumix.it\/prodotto\/chloe-love-chloe-30ml-spray-eau-de-parfum\/"},"modified":"2014-04-15T18:03:50","modified_gmt":"2014-04-15T16:03:50","slug":"chloe-love-chloe-30ml-spray-eau-de-parfum","status":"publish","type":"product","link":"https:\/\/profumix.it\/en\/prodotto\/chloe-love-chloe-30ml-spray-eau-de-parfum\/","title":{"rendered":"CHLO\u00c8 LOVE, CHLO\u00c8 30ML SPRAY EAU DE PARFUM INTENSE"},"content":{"rendered":"<p>Chlo\u00e8 love, viene lanciato sul mercato nel 2010, creato dai profumieri louise turner e nathalie gracia-cetto. Descritto come  una fragranza cipriata, che avvolge la donna e la immerge \u201cnell\u2019intimit\u00e0 del gesto del trucco\u201d, la donna chlo\u00e9 \u00e8 innamorata, raggiante di femminilit\u00e0 e dotata di un\u2019indole che invita allo sguardo e al sorriso. Love chlo\u00e9 ha una signature cipriata, costruita intorno alla rosa e polvere di riso.<\/p>\n<p>Note di testa: fiori d&#8217;arancio, pepe rosa<br \/>\nNote di cuore: lill\u00e0, giacinto, glicina, eliotropina, note di bosco<br \/>\nNote di fondo: polvere di riso, accordo talco, iris, muschio <\/p>\n<p>La profumazione \u00e8 raccolta in un  flacone rettangolare dalle curve arrotondate, che lascia trasparire un  succo rosa scuro, appoggiato su una base in metallo dorato su cui \u00e8 impresso il nome del profumo. Al tappo dorato \u00e8 legata una catena d&#8217;oro, cenno alla pelletteria chlo\u00e9. La confezione \u00e8 colore sabbia.<\/p>\n","protected":false},"excerpt":{"rendered":"<p>Chlo\u00e8 love, viene lanciato sul mercato nel 2010, creato dai profumieri louise turner e nathalie gracia-cetto. Descritto come  una fragranza cipriata, che avvolge la donna e la immerge \u201cnell\u2019intimit\u00e0 del gesto del trucco\u201d, la donna chlo\u00e9 \u00e8 innamorata, raggiante di femminilit\u00e0 e dotata di un\u2019indole che invita allo sguardo e al sorriso. Love chlo\u00e9 ha una signature cipriata, costruita intorno alla rosa e polvere di riso.<\/p>\n<p>Note di testa: fiori d&#8217;arancio, pepe rosa<br \/>\nNote di cuore: lill\u00e0, giacinto, glicina, eliotropina, note di bosco<br \/>\nNote di fondo: polvere di riso, accordo talco, iris, muschio <\/p>\n<p>La profumazione \u00e8 raccolta in un  flacone rettangolare dalle curve arrotondate, che lascia trasparire un  succo rosa scuro, appoggiato su una base in metallo dorato su cui \u00e8 impresso il nome del profumo. Al tappo dorato \u00e8 legata una catena d&#8217;oro, cenno alla pelletteria chlo\u00e9. La confezione \u00e8 colore sabbia.<\/p>\n","protected":false},"featured_media":77786,"comment_status":"open","ping_status":"closed","template":"","meta":{"_et_pb_use_builder":"","_et_pb_old_content":"","_et_gb_content_width":""},"product_brand":[],"product_cat":[7173,7109,7098,7106],"product_tag":[],"class_list":{"0":"post-77787","1":"product","2":"type-product","3":"status-publish","4":"has-post-thumbnail","6":"product_cat-articoli-fuori-produzione-e-rarita","7":"product_cat-donna","8":"product_cat-default-category","9":"product_cat-profumi-default-category","10":"pa_bollino-offerta_speciale","11":"pa_categoria_desc-profumidonna","12":"pa_confezione_desc-21-scatolaoriginaleblisterata","13":"pa_formato_filtro-30ml","14":"pa_manufacturer-chloe","15":"pa_sconto_desc-6891","16":"pa_spedizione_gratuita-no","17":"pa_tipo_filtro-sprayeaudeparfum","19":"first","20":"outofstock","21":"sale","22":"shipping-taxable","23":"purchasable","24":"product-type-simple"},"yoast_head":"<!-- This site is optimized with the Yoast SEO plugin v27.4 - https:\/\/yoast.com\/product\/yoast-seo-wordpress\/ -->\n<title>CHLO\u00c8 LOVE, CHLO\u00c8 30ML SPRAY EAU DE PARFUM INTENSE<\/title>\n<meta name=\"robots\" content=\"index, follow, max-snippet:-1, max-image-preview:large, max-video-preview:-1\" \/>\n<link rel=\"canonical\" href=\"https:\/\/profumix.it\/en\/prodotto\/chloe-love-chloe-30ml-spray-eau-de-parfum\/\" \/>\n<meta property=\"og:locale\" content=\"en_US\" \/>\n<meta property=\"og:type\" content=\"article\" \/>\n<meta property=\"og:title\" content=\"CHLO\u00c8 LOVE, CHLO\u00c8 30ML SPRAY EAU DE PARFUM INTENSE\" \/>\n<meta property=\"og:description\" content=\"Chlo\u00e8 love, viene lanciato sul mercato nel 2010, creato dai profumieri louise turner e nathalie gracia-cetto. Descritto come una fragranza cipriata, che avvolge la donna e la immerge \u201cnell\u2019intimit\u00e0 del gesto del trucco\u201d, la donna chlo\u00e9 \u00e8 innamorata, raggiante di femminilit\u00e0 e dotata di un\u2019indole che invita allo sguardo e al sorriso. Love chlo\u00e9 ha una signature cipriata, costruita intorno alla rosa e polvere di riso.  Note di testa: fiori d&#039;arancio, pepe rosa  Note di cuore: lill\u00e0, giacinto, glicina, eliotropina, note di bosco     Note di fondo: polvere di riso, accordo talco, iris, muschio   La profumazione \u00e8 raccolta in un flacone rettangolare dalle curve arrotondate, che lascia trasparire un succo rosa scuro, appoggiato su una base in metallo dorato su cui \u00e8 impresso il nome del profumo. Al tappo dorato \u00e8 legata una catena d&#039;oro, cenno alla pelletteria chlo\u00e9. La confezione \u00e8 colore sabbia.\" \/>\n<meta property=\"og:url\" content=\"https:\/\/profumix.it\/en\/prodotto\/chloe-love-chloe-30ml-spray-eau-de-parfum\/\" \/>\n<meta property=\"og:site_name\" content=\"Profumix Perfumes\" \/>\n<meta property=\"article:publisher\" content=\"https:\/\/www.facebook.com\/profumix\" \/>\n<meta property=\"og:image\" content=\"https:\/\/profumix.it\/wp-content\/uploads\/2014\/04\/product_c_h_chlo_love_30ml_eau_intense.jpg\" \/>\n\t<meta property=\"og:image:width\" content=\"501\" \/>\n\t<meta property=\"og:image:height\" content=\"414\" \/>\n\t<meta property=\"og:image:type\" content=\"image\/jpeg\" \/>\n<meta name=\"twitter:card\" content=\"summary_large_image\" \/>\n<meta name=\"twitter:label1\" content=\"Est. reading time\" \/>\n\t<meta name=\"twitter:data1\" content=\"1 minute\" \/>\n<script type=\"application\/ld+json\" class=\"yoast-schema-graph\">{\"@context\":\"https:\\\/\\\/schema.org\",\"@graph\":[{\"@type\":\"WebPage\",\"@id\":\"https:\\\/\\\/profumix.it\\\/en\\\/prodotto\\\/chloe-love-chloe-30ml-spray-eau-de-parfum\\\/\",\"url\":\"https:\\\/\\\/profumix.it\\\/en\\\/prodotto\\\/chloe-love-chloe-30ml-spray-eau-de-parfum\\\/\",\"name\":\"CHLO\u00c8 LOVE, CHLO\u00c8 30ML SPRAY EAU DE PARFUM INTENSE\",\"isPartOf\":{\"@id\":\"https:\\\/\\\/profumix.it\\\/en\\\/#website\"},\"primaryImageOfPage\":{\"@id\":\"https:\\\/\\\/profumix.it\\\/en\\\/prodotto\\\/chloe-love-chloe-30ml-spray-eau-de-parfum\\\/#primaryimage\"},\"image\":{\"@id\":\"https:\\\/\\\/profumix.it\\\/en\\\/prodotto\\\/chloe-love-chloe-30ml-spray-eau-de-parfum\\\/#primaryimage\"},\"thumbnailUrl\":\"https:\\\/\\\/profumix.it\\\/wp-content\\\/uploads\\\/2014\\\/04\\\/product_c_h_chlo_love_30ml_eau_intense.jpg\",\"datePublished\":\"2014-04-15T16:03:50+00:00\",\"breadcrumb\":{\"@id\":\"https:\\\/\\\/profumix.it\\\/en\\\/prodotto\\\/chloe-love-chloe-30ml-spray-eau-de-parfum\\\/#breadcrumb\"},\"inLanguage\":\"en-US\",\"potentialAction\":[{\"@type\":\"ReadAction\",\"target\":[\"https:\\\/\\\/profumix.it\\\/en\\\/prodotto\\\/chloe-love-chloe-30ml-spray-eau-de-parfum\\\/\"]}]},{\"@type\":\"ImageObject\",\"inLanguage\":\"en-US\",\"@id\":\"https:\\\/\\\/profumix.it\\\/en\\\/prodotto\\\/chloe-love-chloe-30ml-spray-eau-de-parfum\\\/#primaryimage\",\"url\":\"https:\\\/\\\/profumix.it\\\/wp-content\\\/uploads\\\/2014\\\/04\\\/product_c_h_chlo_love_30ml_eau_intense.jpg\",\"contentUrl\":\"https:\\\/\\\/profumix.it\\\/wp-content\\\/uploads\\\/2014\\\/04\\\/product_c_h_chlo_love_30ml_eau_intense.jpg\",\"width\":501,\"height\":414,\"caption\":\"CHLO\u00c8 LOVE, CHLO\u00c8 30ML SPRAY EAU DE PARFUM INTENSE\"},{\"@type\":\"BreadcrumbList\",\"@id\":\"https:\\\/\\\/profumix.it\\\/en\\\/prodotto\\\/chloe-love-chloe-30ml-spray-eau-de-parfum\\\/#breadcrumb\",\"itemListElement\":[{\"@type\":\"ListItem\",\"position\":1,\"name\":\"Home\",\"item\":\"https:\\\/\\\/profumix.it\\\/en\\\/home\\\/\"},{\"@type\":\"ListItem\",\"position\":2,\"name\":\"Shop\",\"item\":\"https:\\\/\\\/profumix.it\\\/en\\\/shop\\\/\"},{\"@type\":\"ListItem\",\"position\":3,\"name\":\"CHLO\u00c8 LOVE, CHLO\u00c8 30ML SPRAY EAU DE PARFUM INTENSE\"}]},{\"@type\":\"WebSite\",\"@id\":\"https:\\\/\\\/profumix.it\\\/en\\\/#website\",\"url\":\"https:\\\/\\\/profumix.it\\\/en\\\/\",\"name\":\"Profumix Perfumes\",\"description\":\"\",\"potentialAction\":[{\"@type\":\"SearchAction\",\"target\":{\"@type\":\"EntryPoint\",\"urlTemplate\":\"https:\\\/\\\/profumix.it\\\/en\\\/?s={search_term_string}\"},\"query-input\":{\"@type\":\"PropertyValueSpecification\",\"valueRequired\":true,\"valueName\":\"search_term_string\"}}],\"inLanguage\":\"en-US\"}]}<\/script>\n<!-- \/ Yoast SEO plugin. -->","yoast_head_json":{"title":"CHLO\u00c8 LOVE, CHLO\u00c8 30ML SPRAY EAU DE PARFUM INTENSE","robots":{"index":"index","follow":"follow","max-snippet":"max-snippet:-1","max-image-preview":"max-image-preview:large","max-video-preview":"max-video-preview:-1"},"canonical":"https:\/\/profumix.it\/en\/prodotto\/chloe-love-chloe-30ml-spray-eau-de-parfum\/","og_locale":"en_US","og_type":"article","og_title":"CHLO\u00c8 LOVE, CHLO\u00c8 30ML SPRAY EAU DE PARFUM INTENSE","og_description":"Chlo\u00e8 love, viene lanciato sul mercato nel 2010, creato dai profumieri louise turner e nathalie gracia-cetto. Descritto come una fragranza cipriata, che avvolge la donna e la immerge \u201cnell\u2019intimit\u00e0 del gesto del trucco\u201d, la donna chlo\u00e9 \u00e8 innamorata, raggiante di femminilit\u00e0 e dotata di un\u2019indole che invita allo sguardo e al sorriso. Love chlo\u00e9 ha una signature cipriata, costruita intorno alla rosa e polvere di riso.  Note di testa: fiori d'arancio, pepe rosa  Note di cuore: lill\u00e0, giacinto, glicina, eliotropina, note di bosco     Note di fondo: polvere di riso, accordo talco, iris, muschio   La profumazione \u00e8 raccolta in un flacone rettangolare dalle curve arrotondate, che lascia trasparire un succo rosa scuro, appoggiato su una base in metallo dorato su cui \u00e8 impresso il nome del profumo. Al tappo dorato \u00e8 legata una catena d'oro, cenno alla pelletteria chlo\u00e9. La confezione \u00e8 colore sabbia.","og_url":"https:\/\/profumix.it\/en\/prodotto\/chloe-love-chloe-30ml-spray-eau-de-parfum\/","og_site_name":"Profumix Perfumes","article_publisher":"https:\/\/www.facebook.com\/profumix","og_image":[{"width":501,"height":414,"url":"https:\/\/profumix.it\/wp-content\/uploads\/2014\/04\/product_c_h_chlo_love_30ml_eau_intense.jpg","type":"image\/jpeg"}],"twitter_card":"summary_large_image","twitter_misc":{"Est. reading time":"1 minute"},"schema":{"@context":"https:\/\/schema.org","@graph":[{"@type":"WebPage","@id":"https:\/\/profumix.it\/en\/prodotto\/chloe-love-chloe-30ml-spray-eau-de-parfum\/","url":"https:\/\/profumix.it\/en\/prodotto\/chloe-love-chloe-30ml-spray-eau-de-parfum\/","name":"CHLO\u00c8 LOVE, CHLO\u00c8 30ML SPRAY EAU DE PARFUM INTENSE","isPartOf":{"@id":"https:\/\/profumix.it\/en\/#website"},"primaryImageOfPage":{"@id":"https:\/\/profumix.it\/en\/prodotto\/chloe-love-chloe-30ml-spray-eau-de-parfum\/#primaryimage"},"image":{"@id":"https:\/\/profumix.it\/en\/prodotto\/chloe-love-chloe-30ml-spray-eau-de-parfum\/#primaryimage"},"thumbnailUrl":"https:\/\/profumix.it\/wp-content\/uploads\/2014\/04\/product_c_h_chlo_love_30ml_eau_intense.jpg","datePublished":"2014-04-15T16:03:50+00:00","breadcrumb":{"@id":"https:\/\/profumix.it\/en\/prodotto\/chloe-love-chloe-30ml-spray-eau-de-parfum\/#breadcrumb"},"inLanguage":"en-US","potentialAction":[{"@type":"ReadAction","target":["https:\/\/profumix.it\/en\/prodotto\/chloe-love-chloe-30ml-spray-eau-de-parfum\/"]}]},{"@type":"ImageObject","inLanguage":"en-US","@id":"https:\/\/profumix.it\/en\/prodotto\/chloe-love-chloe-30ml-spray-eau-de-parfum\/#primaryimage","url":"https:\/\/profumix.it\/wp-content\/uploads\/2014\/04\/product_c_h_chlo_love_30ml_eau_intense.jpg","contentUrl":"https:\/\/profumix.it\/wp-content\/uploads\/2014\/04\/product_c_h_chlo_love_30ml_eau_intense.jpg","width":501,"height":414,"caption":"CHLO\u00c8 LOVE, CHLO\u00c8 30ML SPRAY EAU DE PARFUM INTENSE"},{"@type":"BreadcrumbList","@id":"https:\/\/profumix.it\/en\/prodotto\/chloe-love-chloe-30ml-spray-eau-de-parfum\/#breadcrumb","itemListElement":[{"@type":"ListItem","position":1,"name":"Home","item":"https:\/\/profumix.it\/en\/home\/"},{"@type":"ListItem","position":2,"name":"Shop","item":"https:\/\/profumix.it\/en\/shop\/"},{"@type":"ListItem","position":3,"name":"CHLO\u00c8 LOVE, CHLO\u00c8 30ML SPRAY EAU DE PARFUM INTENSE"}]},{"@type":"WebSite","@id":"https:\/\/profumix.it\/en\/#website","url":"https:\/\/profumix.it\/en\/","name":"Profumix Perfumes","description":"","potentialAction":[{"@type":"SearchAction","target":{"@type":"EntryPoint","urlTemplate":"https:\/\/profumix.it\/en\/?s={search_term_string}"},"query-input":{"@type":"PropertyValueSpecification","valueRequired":true,"valueName":"search_term_string"}}],"inLanguage":"en-US"}]}},"_links":{"self":[{"href":"https:\/\/profumix.it\/en\/wp-json\/wp\/v2\/product\/77787","targetHints":{"allow":["GET"]}}],"collection":[{"href":"https:\/\/profumix.it\/en\/wp-json\/wp\/v2\/product"}],"about":[{"href":"https:\/\/profumix.it\/en\/wp-json\/wp\/v2\/types\/product"}],"replies":[{"embeddable":true,"href":"https:\/\/profumix.it\/en\/wp-json\/wp\/v2\/comments?post=77787"}],"wp:featuredmedia":[{"embeddable":true,"href":"https:\/\/profumix.it\/en\/wp-json\/wp\/v2\/media\/77786"}],"wp:attachment":[{"href":"https:\/\/profumix.it\/en\/wp-json\/wp\/v2\/media?parent=77787"}],"wp:term":[{"taxonomy":"product_brand","embeddable":true,"href":"https:\/\/profumix.it\/en\/wp-json\/wp\/v2\/product_brand?post=77787"},{"taxonomy":"product_cat","embeddable":true,"href":"https:\/\/profumix.it\/en\/wp-json\/wp\/v2\/product_cat?post=77787"},{"taxonomy":"product_tag","embeddable":true,"href":"https:\/\/profumix.it\/en\/wp-json\/wp\/v2\/product_tag?post=77787"}],"curies":[{"name":"wp","href":"https:\/\/api.w.org\/{rel}","templated":true}]}}