{"id":77791,"date":"2014-04-16T17:51:11","date_gmt":"2014-04-16T15:51:11","guid":{"rendered":"https:\/\/profumix.it\/prodotto\/czech-speake-citrus-paradisi-100ml-spray-cologne\/"},"modified":"2014-04-16T17:51:11","modified_gmt":"2014-04-16T15:51:11","slug":"czech-speake-citrus-paradisi-100ml-spray-cologne","status":"publish","type":"product","link":"https:\/\/profumix.it\/en\/prodotto\/czech-speake-citrus-paradisi-100ml-spray-cologne\/","title":{"rendered":"CZECH &#038; SPEAKE CITRUS PARADISI 100ML SPRAY COLOGNE"},"content":{"rendered":"<p>CITRUS PARADISI \u00c8 UNA FRAGRANZA SORPRENDENTEMENTE FRESCA ED INFINITAMENTE INDOSSABILE BENE CON UNA BASE DI OLIO DI POMPELMO DISTINTIVO. UN IMMEDIATO SCOPPIO TONIFICANTE DI POMPELMO CALIFORNIANO \u00c8 SEGUITO DA PICCOLE NOTE DI CORIANDOLO PICCANTE E PEPE. IL CARATTERE DI AGRUMI DI QUESTO PROFUMO GIOVANE E VIVACE \u00c8 EQUILIBRATO CON LA RICCHEZZA ESOTICA DI PATCHOULI E MUSCHIO DI QUERCIA. QUESTO PROFUMO LEGGERO \u00c8 PERFETTO SIA PER LE DONNE E GLI UOMINI CHE CREANO UNA FIRMA IMMEDIATAMENTE RICONOSCIBILE PER CHI LO INDOSSA. <\/p>\n","protected":false},"excerpt":{"rendered":"<p>CITRUS PARADISI \u00c8 UNA FRAGRANZA SORPRENDENTEMENTE FRESCA ED INFINITAMENTE INDOSSABILE BENE CON UNA BASE DI OLIO DI POMPELMO DISTINTIVO. UN IMMEDIATO SCOPPIO TONIFICANTE DI POMPELMO CALIFORNIANO \u00c8 SEGUITO DA PICCOLE NOTE DI CORIANDOLO PICCANTE E PEPE. IL CARATTERE DI AGRUMI DI QUESTO PROFUMO GIOVANE E VIVACE \u00c8 EQUILIBRATO CON LA RICCHEZZA ESOTICA DI PATCHOULI E MUSCHIO DI QUERCIA. QUESTO PROFUMO LEGGERO \u00c8 PERFETTO SIA PER LE DONNE E GLI UOMINI CHE CREANO UNA FIRMA IMMEDIATAMENTE RICONOSCIBILE PER CHI LO INDOSSA. <\/p>\n","protected":false},"featured_media":77790,"comment_status":"open","ping_status":"closed","template":"","meta":{"_et_pb_use_builder":"","_et_pb_old_content":"","_et_gb_content_width":""},"product_brand":[],"product_cat":[7109,7098,7106,7108,7107],"product_tag":[],"class_list":{"0":"post-77791","1":"product","2":"type-product","3":"status-publish","4":"has-post-thumbnail","6":"product_cat-donna","7":"product_cat-default-category","8":"product_cat-profumi-default-category","9":"product_cat-unisex","10":"product_cat-uomo-profumi-default-category","11":"pa_confezione_desc-confezioneoriginalenotester","12":"pa_formato_filtro-100ml","13":"pa_manufacturer-czechspeake","14":"pa_sconto_desc-6881","15":"pa_spedizione_gratuita-si","16":"pa_tipo_filtro-cologne","18":"first","19":"outofstock","20":"sale","21":"shipping-taxable","22":"purchasable","23":"product-type-simple"},"yoast_head":"<!-- This site is optimized with the Yoast SEO plugin v27.4 - https:\/\/yoast.com\/product\/yoast-seo-wordpress\/ -->\n<title>CZECH &amp; SPEAKE CITRUS PARADISI 100ML SPRAY COLOGNE<\/title>\n<meta name=\"robots\" content=\"index, follow, max-snippet:-1, max-image-preview:large, max-video-preview:-1\" \/>\n<link rel=\"canonical\" href=\"https:\/\/profumix.it\/en\/prodotto\/czech-speake-citrus-paradisi-100ml-spray-cologne\/\" \/>\n<meta property=\"og:locale\" content=\"en_US\" \/>\n<meta property=\"og:type\" content=\"article\" \/>\n<meta property=\"og:title\" content=\"CZECH &amp; SPEAKE CITRUS PARADISI 100ML SPRAY COLOGNE\" \/>\n<meta property=\"og:description\" content=\"CITRUS PARADISI \u00c8 UNA FRAGRANZA SORPRENDENTEMENTE FRESCA ED INFINITAMENTE INDOSSABILE BENE CON UNA BASE DI OLIO DI POMPELMO DISTINTIVO. UN IMMEDIATO SCOPPIO TONIFICANTE DI POMPELMO CALIFORNIANO \u00c8 SEGUITO DA PICCOLE NOTE DI CORIANDOLO PICCANTE E PEPE. IL CARATTERE DI AGRUMI DI QUESTO PROFUMO GIOVANE E VIVACE \u00c8 EQUILIBRATO CON LA RICCHEZZA ESOTICA DI PATCHOULI E MUSCHIO DI QUERCIA. QUESTO PROFUMO LEGGERO \u00c8 PERFETTO SIA PER LE DONNE E GLI UOMINI CHE CREANO UNA FIRMA IMMEDIATAMENTE RICONOSCIBILE PER CHI LO INDOSSA.\" \/>\n<meta property=\"og:url\" content=\"https:\/\/profumix.it\/en\/prodotto\/czech-speake-citrus-paradisi-100ml-spray-cologne\/\" \/>\n<meta property=\"og:site_name\" content=\"Profumix Perfumes\" \/>\n<meta property=\"article:publisher\" content=\"https:\/\/www.facebook.com\/profumix\" \/>\n<meta property=\"og:image\" content=\"https:\/\/profumix.it\/wp-content\/uploads\/2014\/04\/product_c_z_czech_speake_paradisi_100ml_cologne_sito.jpg\" \/>\n\t<meta property=\"og:image:width\" content=\"374\" \/>\n\t<meta property=\"og:image:height\" content=\"418\" \/>\n\t<meta property=\"og:image:type\" content=\"image\/jpeg\" \/>\n<meta name=\"twitter:card\" content=\"summary_large_image\" \/>\n<script type=\"application\/ld+json\" class=\"yoast-schema-graph\">{\"@context\":\"https:\\\/\\\/schema.org\",\"@graph\":[{\"@type\":\"WebPage\",\"@id\":\"https:\\\/\\\/profumix.it\\\/en\\\/prodotto\\\/czech-speake-citrus-paradisi-100ml-spray-cologne\\\/\",\"url\":\"https:\\\/\\\/profumix.it\\\/en\\\/prodotto\\\/czech-speake-citrus-paradisi-100ml-spray-cologne\\\/\",\"name\":\"CZECH & SPEAKE CITRUS PARADISI 100ML SPRAY COLOGNE\",\"isPartOf\":{\"@id\":\"https:\\\/\\\/profumix.it\\\/en\\\/#website\"},\"primaryImageOfPage\":{\"@id\":\"https:\\\/\\\/profumix.it\\\/en\\\/prodotto\\\/czech-speake-citrus-paradisi-100ml-spray-cologne\\\/#primaryimage\"},\"image\":{\"@id\":\"https:\\\/\\\/profumix.it\\\/en\\\/prodotto\\\/czech-speake-citrus-paradisi-100ml-spray-cologne\\\/#primaryimage\"},\"thumbnailUrl\":\"https:\\\/\\\/profumix.it\\\/wp-content\\\/uploads\\\/2014\\\/04\\\/product_c_z_czech_speake_paradisi_100ml_cologne_sito.jpg\",\"datePublished\":\"2014-04-16T15:51:11+00:00\",\"breadcrumb\":{\"@id\":\"https:\\\/\\\/profumix.it\\\/en\\\/prodotto\\\/czech-speake-citrus-paradisi-100ml-spray-cologne\\\/#breadcrumb\"},\"inLanguage\":\"en-US\",\"potentialAction\":[{\"@type\":\"ReadAction\",\"target\":[\"https:\\\/\\\/profumix.it\\\/en\\\/prodotto\\\/czech-speake-citrus-paradisi-100ml-spray-cologne\\\/\"]}]},{\"@type\":\"ImageObject\",\"inLanguage\":\"en-US\",\"@id\":\"https:\\\/\\\/profumix.it\\\/en\\\/prodotto\\\/czech-speake-citrus-paradisi-100ml-spray-cologne\\\/#primaryimage\",\"url\":\"https:\\\/\\\/profumix.it\\\/wp-content\\\/uploads\\\/2014\\\/04\\\/product_c_z_czech_speake_paradisi_100ml_cologne_sito.jpg\",\"contentUrl\":\"https:\\\/\\\/profumix.it\\\/wp-content\\\/uploads\\\/2014\\\/04\\\/product_c_z_czech_speake_paradisi_100ml_cologne_sito.jpg\",\"width\":374,\"height\":418,\"caption\":\"CZECH & SPEAKE CITRUS PARADISI 100ML SPRAY COLOGNE\"},{\"@type\":\"BreadcrumbList\",\"@id\":\"https:\\\/\\\/profumix.it\\\/en\\\/prodotto\\\/czech-speake-citrus-paradisi-100ml-spray-cologne\\\/#breadcrumb\",\"itemListElement\":[{\"@type\":\"ListItem\",\"position\":1,\"name\":\"Home\",\"item\":\"https:\\\/\\\/profumix.it\\\/en\\\/home\\\/\"},{\"@type\":\"ListItem\",\"position\":2,\"name\":\"Shop\",\"item\":\"https:\\\/\\\/profumix.it\\\/en\\\/shop\\\/\"},{\"@type\":\"ListItem\",\"position\":3,\"name\":\"CZECH &#038; SPEAKE CITRUS PARADISI 100ML SPRAY COLOGNE\"}]},{\"@type\":\"WebSite\",\"@id\":\"https:\\\/\\\/profumix.it\\\/en\\\/#website\",\"url\":\"https:\\\/\\\/profumix.it\\\/en\\\/\",\"name\":\"Profumix Perfumes\",\"description\":\"\",\"potentialAction\":[{\"@type\":\"SearchAction\",\"target\":{\"@type\":\"EntryPoint\",\"urlTemplate\":\"https:\\\/\\\/profumix.it\\\/en\\\/?s={search_term_string}\"},\"query-input\":{\"@type\":\"PropertyValueSpecification\",\"valueRequired\":true,\"valueName\":\"search_term_string\"}}],\"inLanguage\":\"en-US\"}]}<\/script>\n<!-- \/ Yoast SEO plugin. -->","yoast_head_json":{"title":"CZECH & SPEAKE CITRUS PARADISI 100ML SPRAY COLOGNE","robots":{"index":"index","follow":"follow","max-snippet":"max-snippet:-1","max-image-preview":"max-image-preview:large","max-video-preview":"max-video-preview:-1"},"canonical":"https:\/\/profumix.it\/en\/prodotto\/czech-speake-citrus-paradisi-100ml-spray-cologne\/","og_locale":"en_US","og_type":"article","og_title":"CZECH & SPEAKE CITRUS PARADISI 100ML SPRAY COLOGNE","og_description":"CITRUS PARADISI \u00c8 UNA FRAGRANZA SORPRENDENTEMENTE FRESCA ED INFINITAMENTE INDOSSABILE BENE CON UNA BASE DI OLIO DI POMPELMO DISTINTIVO. UN IMMEDIATO SCOPPIO TONIFICANTE DI POMPELMO CALIFORNIANO \u00c8 SEGUITO DA PICCOLE NOTE DI CORIANDOLO PICCANTE E PEPE. IL CARATTERE DI AGRUMI DI QUESTO PROFUMO GIOVANE E VIVACE \u00c8 EQUILIBRATO CON LA RICCHEZZA ESOTICA DI PATCHOULI E MUSCHIO DI QUERCIA. QUESTO PROFUMO LEGGERO \u00c8 PERFETTO SIA PER LE DONNE E GLI UOMINI CHE CREANO UNA FIRMA IMMEDIATAMENTE RICONOSCIBILE PER CHI LO INDOSSA.","og_url":"https:\/\/profumix.it\/en\/prodotto\/czech-speake-citrus-paradisi-100ml-spray-cologne\/","og_site_name":"Profumix Perfumes","article_publisher":"https:\/\/www.facebook.com\/profumix","og_image":[{"width":374,"height":418,"url":"https:\/\/profumix.it\/wp-content\/uploads\/2014\/04\/product_c_z_czech_speake_paradisi_100ml_cologne_sito.jpg","type":"image\/jpeg"}],"twitter_card":"summary_large_image","schema":{"@context":"https:\/\/schema.org","@graph":[{"@type":"WebPage","@id":"https:\/\/profumix.it\/en\/prodotto\/czech-speake-citrus-paradisi-100ml-spray-cologne\/","url":"https:\/\/profumix.it\/en\/prodotto\/czech-speake-citrus-paradisi-100ml-spray-cologne\/","name":"CZECH & SPEAKE CITRUS PARADISI 100ML SPRAY COLOGNE","isPartOf":{"@id":"https:\/\/profumix.it\/en\/#website"},"primaryImageOfPage":{"@id":"https:\/\/profumix.it\/en\/prodotto\/czech-speake-citrus-paradisi-100ml-spray-cologne\/#primaryimage"},"image":{"@id":"https:\/\/profumix.it\/en\/prodotto\/czech-speake-citrus-paradisi-100ml-spray-cologne\/#primaryimage"},"thumbnailUrl":"https:\/\/profumix.it\/wp-content\/uploads\/2014\/04\/product_c_z_czech_speake_paradisi_100ml_cologne_sito.jpg","datePublished":"2014-04-16T15:51:11+00:00","breadcrumb":{"@id":"https:\/\/profumix.it\/en\/prodotto\/czech-speake-citrus-paradisi-100ml-spray-cologne\/#breadcrumb"},"inLanguage":"en-US","potentialAction":[{"@type":"ReadAction","target":["https:\/\/profumix.it\/en\/prodotto\/czech-speake-citrus-paradisi-100ml-spray-cologne\/"]}]},{"@type":"ImageObject","inLanguage":"en-US","@id":"https:\/\/profumix.it\/en\/prodotto\/czech-speake-citrus-paradisi-100ml-spray-cologne\/#primaryimage","url":"https:\/\/profumix.it\/wp-content\/uploads\/2014\/04\/product_c_z_czech_speake_paradisi_100ml_cologne_sito.jpg","contentUrl":"https:\/\/profumix.it\/wp-content\/uploads\/2014\/04\/product_c_z_czech_speake_paradisi_100ml_cologne_sito.jpg","width":374,"height":418,"caption":"CZECH & SPEAKE CITRUS PARADISI 100ML SPRAY COLOGNE"},{"@type":"BreadcrumbList","@id":"https:\/\/profumix.it\/en\/prodotto\/czech-speake-citrus-paradisi-100ml-spray-cologne\/#breadcrumb","itemListElement":[{"@type":"ListItem","position":1,"name":"Home","item":"https:\/\/profumix.it\/en\/home\/"},{"@type":"ListItem","position":2,"name":"Shop","item":"https:\/\/profumix.it\/en\/shop\/"},{"@type":"ListItem","position":3,"name":"CZECH &#038; SPEAKE CITRUS PARADISI 100ML SPRAY COLOGNE"}]},{"@type":"WebSite","@id":"https:\/\/profumix.it\/en\/#website","url":"https:\/\/profumix.it\/en\/","name":"Profumix Perfumes","description":"","potentialAction":[{"@type":"SearchAction","target":{"@type":"EntryPoint","urlTemplate":"https:\/\/profumix.it\/en\/?s={search_term_string}"},"query-input":{"@type":"PropertyValueSpecification","valueRequired":true,"valueName":"search_term_string"}}],"inLanguage":"en-US"}]}},"_links":{"self":[{"href":"https:\/\/profumix.it\/en\/wp-json\/wp\/v2\/product\/77791","targetHints":{"allow":["GET"]}}],"collection":[{"href":"https:\/\/profumix.it\/en\/wp-json\/wp\/v2\/product"}],"about":[{"href":"https:\/\/profumix.it\/en\/wp-json\/wp\/v2\/types\/product"}],"replies":[{"embeddable":true,"href":"https:\/\/profumix.it\/en\/wp-json\/wp\/v2\/comments?post=77791"}],"wp:featuredmedia":[{"embeddable":true,"href":"https:\/\/profumix.it\/en\/wp-json\/wp\/v2\/media\/77790"}],"wp:attachment":[{"href":"https:\/\/profumix.it\/en\/wp-json\/wp\/v2\/media?parent=77791"}],"wp:term":[{"taxonomy":"product_brand","embeddable":true,"href":"https:\/\/profumix.it\/en\/wp-json\/wp\/v2\/product_brand?post=77791"},{"taxonomy":"product_cat","embeddable":true,"href":"https:\/\/profumix.it\/en\/wp-json\/wp\/v2\/product_cat?post=77791"},{"taxonomy":"product_tag","embeddable":true,"href":"https:\/\/profumix.it\/en\/wp-json\/wp\/v2\/product_tag?post=77791"}],"curies":[{"name":"wp","href":"https:\/\/api.w.org\/{rel}","templated":true}]}}