{"id":77801,"date":"2014-04-16T18:57:21","date_gmt":"2014-04-16T16:57:21","guid":{"rendered":"https:\/\/profumix.it\/prodotto\/czech-speake-rose-100ml-spray-cologne\/"},"modified":"2014-04-16T18:57:21","modified_gmt":"2014-04-16T16:57:21","slug":"czech-speake-rose-100ml-spray-cologne","status":"publish","type":"product","link":"https:\/\/profumix.it\/en\/prodotto\/czech-speake-rose-100ml-spray-cologne\/","title":{"rendered":"CZECH &#038; SPEAKE ROSE 100ML SPRAY COLOGNE"},"content":{"rendered":"<p>UNA FRAGRANZA FLOREALE SECCA, ROSE HA UNA LUCE DI QUALIT\u00c0 GIOVANILE CON APPENA UN SUGGERIMENTO NASCOSTO DI PROFONDIT\u00c0 SENSUALE. QUESTA ALLETTANTE MISCELA \u00c8 CARATTERIZZATA DALLA SQUISITA ESSENZA DI BOURBON DELICATO ROSA INTRECCIATI CON UN FILO DI VERDE, GERANIO FRESCO. NEL CUORE, LE CALDE NOTE FLOREALI DI YLANG YLANG E MIMOSA LENITIVA SI MESCOLANO CON ESOTICHE, SFUMATURE VELLUTATE DI PATCHOULI PER COMPLETARE L&#8217;ELISIR DI FIORI. <\/p>\n","protected":false},"excerpt":{"rendered":"<p>UNA FRAGRANZA FLOREALE SECCA, ROSE HA UNA LUCE DI QUALIT\u00c0 GIOVANILE CON APPENA UN SUGGERIMENTO NASCOSTO DI PROFONDIT\u00c0 SENSUALE. QUESTA ALLETTANTE MISCELA \u00c8 CARATTERIZZATA DALLA SQUISITA ESSENZA DI BOURBON DELICATO ROSA INTRECCIATI CON UN FILO DI VERDE, GERANIO FRESCO. NEL CUORE, LE CALDE NOTE FLOREALI DI YLANG YLANG E MIMOSA LENITIVA SI MESCOLANO CON ESOTICHE, SFUMATURE VELLUTATE DI PATCHOULI PER COMPLETARE L&#8217;ELISIR DI FIORI. <\/p>\n","protected":false},"featured_media":77800,"comment_status":"open","ping_status":"closed","template":"","meta":{"_et_pb_use_builder":"","_et_pb_old_content":"","_et_gb_content_width":""},"product_brand":[],"product_cat":[7109,7098,7106],"product_tag":[],"class_list":{"0":"post-77801","1":"product","2":"type-product","3":"status-publish","4":"has-post-thumbnail","6":"product_cat-donna","7":"product_cat-default-category","8":"product_cat-profumi-default-category","9":"pa_confezione_desc-confezioneoriginalenotester","10":"pa_formato_filtro-100ml","11":"pa_manufacturer-czechspeake","12":"pa_sconto_desc-6881","13":"pa_spedizione_gratuita-si","14":"pa_tipo_filtro-cologne","16":"first","17":"outofstock","18":"sale","19":"shipping-taxable","20":"purchasable","21":"product-type-simple"},"yoast_head":"<!-- This site is optimized with the Yoast SEO plugin v27.4 - https:\/\/yoast.com\/product\/yoast-seo-wordpress\/ -->\n<title>CZECH &amp; SPEAKE ROSE 100ML SPRAY COLOGNE<\/title>\n<meta name=\"robots\" content=\"index, follow, max-snippet:-1, max-image-preview:large, max-video-preview:-1\" \/>\n<link rel=\"canonical\" href=\"https:\/\/profumix.it\/en\/prodotto\/czech-speake-rose-100ml-spray-cologne\/\" \/>\n<meta property=\"og:locale\" content=\"en_US\" \/>\n<meta property=\"og:type\" content=\"article\" \/>\n<meta property=\"og:title\" content=\"CZECH &amp; SPEAKE ROSE 100ML SPRAY COLOGNE\" \/>\n<meta property=\"og:description\" content=\"UNA FRAGRANZA FLOREALE SECCA, ROSE HA UNA LUCE DI QUALIT\u00c0 GIOVANILE CON APPENA UN SUGGERIMENTO NASCOSTO DI PROFONDIT\u00c0 SENSUALE. QUESTA ALLETTANTE MISCELA \u00c8 CARATTERIZZATA DALLA SQUISITA ESSENZA DI BOURBON DELICATO ROSA INTRECCIATI CON UN FILO DI VERDE, GERANIO FRESCO. NEL CUORE, LE CALDE NOTE FLOREALI DI YLANG YLANG E MIMOSA LENITIVA SI MESCOLANO CON ESOTICHE, SFUMATURE VELLUTATE DI PATCHOULI PER COMPLETARE L&#039;ELISIR DI FIORI.\" \/>\n<meta property=\"og:url\" content=\"https:\/\/profumix.it\/en\/prodotto\/czech-speake-rose-100ml-spray-cologne\/\" \/>\n<meta property=\"og:site_name\" content=\"Profumix Perfumes\" \/>\n<meta property=\"article:publisher\" content=\"https:\/\/www.facebook.com\/profumix\" \/>\n<meta property=\"og:image\" content=\"https:\/\/profumix.it\/wp-content\/uploads\/2014\/04\/product_c_z_czech_speake_rose_100ml_cologne_sito.jpg\" \/>\n\t<meta property=\"og:image:width\" content=\"200\" \/>\n\t<meta property=\"og:image:height\" content=\"293\" \/>\n\t<meta property=\"og:image:type\" content=\"image\/jpeg\" \/>\n<meta name=\"twitter:card\" content=\"summary_large_image\" \/>\n<script type=\"application\/ld+json\" class=\"yoast-schema-graph\">{\"@context\":\"https:\\\/\\\/schema.org\",\"@graph\":[{\"@type\":\"WebPage\",\"@id\":\"https:\\\/\\\/profumix.it\\\/en\\\/prodotto\\\/czech-speake-rose-100ml-spray-cologne\\\/\",\"url\":\"https:\\\/\\\/profumix.it\\\/en\\\/prodotto\\\/czech-speake-rose-100ml-spray-cologne\\\/\",\"name\":\"CZECH & SPEAKE ROSE 100ML SPRAY COLOGNE\",\"isPartOf\":{\"@id\":\"https:\\\/\\\/profumix.it\\\/en\\\/#website\"},\"primaryImageOfPage\":{\"@id\":\"https:\\\/\\\/profumix.it\\\/en\\\/prodotto\\\/czech-speake-rose-100ml-spray-cologne\\\/#primaryimage\"},\"image\":{\"@id\":\"https:\\\/\\\/profumix.it\\\/en\\\/prodotto\\\/czech-speake-rose-100ml-spray-cologne\\\/#primaryimage\"},\"thumbnailUrl\":\"https:\\\/\\\/profumix.it\\\/wp-content\\\/uploads\\\/2014\\\/04\\\/product_c_z_czech_speake_rose_100ml_cologne_sito.jpg\",\"datePublished\":\"2014-04-16T16:57:21+00:00\",\"breadcrumb\":{\"@id\":\"https:\\\/\\\/profumix.it\\\/en\\\/prodotto\\\/czech-speake-rose-100ml-spray-cologne\\\/#breadcrumb\"},\"inLanguage\":\"en-US\",\"potentialAction\":[{\"@type\":\"ReadAction\",\"target\":[\"https:\\\/\\\/profumix.it\\\/en\\\/prodotto\\\/czech-speake-rose-100ml-spray-cologne\\\/\"]}]},{\"@type\":\"ImageObject\",\"inLanguage\":\"en-US\",\"@id\":\"https:\\\/\\\/profumix.it\\\/en\\\/prodotto\\\/czech-speake-rose-100ml-spray-cologne\\\/#primaryimage\",\"url\":\"https:\\\/\\\/profumix.it\\\/wp-content\\\/uploads\\\/2014\\\/04\\\/product_c_z_czech_speake_rose_100ml_cologne_sito.jpg\",\"contentUrl\":\"https:\\\/\\\/profumix.it\\\/wp-content\\\/uploads\\\/2014\\\/04\\\/product_c_z_czech_speake_rose_100ml_cologne_sito.jpg\",\"width\":200,\"height\":293,\"caption\":\"CZECH & SPEAKE ROSE 100ML SPRAY COLOGNE\"},{\"@type\":\"BreadcrumbList\",\"@id\":\"https:\\\/\\\/profumix.it\\\/en\\\/prodotto\\\/czech-speake-rose-100ml-spray-cologne\\\/#breadcrumb\",\"itemListElement\":[{\"@type\":\"ListItem\",\"position\":1,\"name\":\"Home\",\"item\":\"https:\\\/\\\/profumix.it\\\/en\\\/home\\\/\"},{\"@type\":\"ListItem\",\"position\":2,\"name\":\"Shop\",\"item\":\"https:\\\/\\\/profumix.it\\\/en\\\/shop\\\/\"},{\"@type\":\"ListItem\",\"position\":3,\"name\":\"CZECH &#038; SPEAKE ROSE 100ML SPRAY COLOGNE\"}]},{\"@type\":\"WebSite\",\"@id\":\"https:\\\/\\\/profumix.it\\\/en\\\/#website\",\"url\":\"https:\\\/\\\/profumix.it\\\/en\\\/\",\"name\":\"Profumix Perfumes\",\"description\":\"\",\"potentialAction\":[{\"@type\":\"SearchAction\",\"target\":{\"@type\":\"EntryPoint\",\"urlTemplate\":\"https:\\\/\\\/profumix.it\\\/en\\\/?s={search_term_string}\"},\"query-input\":{\"@type\":\"PropertyValueSpecification\",\"valueRequired\":true,\"valueName\":\"search_term_string\"}}],\"inLanguage\":\"en-US\"}]}<\/script>\n<!-- \/ Yoast SEO plugin. -->","yoast_head_json":{"title":"CZECH & SPEAKE ROSE 100ML SPRAY COLOGNE","robots":{"index":"index","follow":"follow","max-snippet":"max-snippet:-1","max-image-preview":"max-image-preview:large","max-video-preview":"max-video-preview:-1"},"canonical":"https:\/\/profumix.it\/en\/prodotto\/czech-speake-rose-100ml-spray-cologne\/","og_locale":"en_US","og_type":"article","og_title":"CZECH & SPEAKE ROSE 100ML SPRAY COLOGNE","og_description":"UNA FRAGRANZA FLOREALE SECCA, ROSE HA UNA LUCE DI QUALIT\u00c0 GIOVANILE CON APPENA UN SUGGERIMENTO NASCOSTO DI PROFONDIT\u00c0 SENSUALE. QUESTA ALLETTANTE MISCELA \u00c8 CARATTERIZZATA DALLA SQUISITA ESSENZA DI BOURBON DELICATO ROSA INTRECCIATI CON UN FILO DI VERDE, GERANIO FRESCO. NEL CUORE, LE CALDE NOTE FLOREALI DI YLANG YLANG E MIMOSA LENITIVA SI MESCOLANO CON ESOTICHE, SFUMATURE VELLUTATE DI PATCHOULI PER COMPLETARE L'ELISIR DI FIORI.","og_url":"https:\/\/profumix.it\/en\/prodotto\/czech-speake-rose-100ml-spray-cologne\/","og_site_name":"Profumix Perfumes","article_publisher":"https:\/\/www.facebook.com\/profumix","og_image":[{"width":200,"height":293,"url":"https:\/\/profumix.it\/wp-content\/uploads\/2014\/04\/product_c_z_czech_speake_rose_100ml_cologne_sito.jpg","type":"image\/jpeg"}],"twitter_card":"summary_large_image","schema":{"@context":"https:\/\/schema.org","@graph":[{"@type":"WebPage","@id":"https:\/\/profumix.it\/en\/prodotto\/czech-speake-rose-100ml-spray-cologne\/","url":"https:\/\/profumix.it\/en\/prodotto\/czech-speake-rose-100ml-spray-cologne\/","name":"CZECH & SPEAKE ROSE 100ML SPRAY COLOGNE","isPartOf":{"@id":"https:\/\/profumix.it\/en\/#website"},"primaryImageOfPage":{"@id":"https:\/\/profumix.it\/en\/prodotto\/czech-speake-rose-100ml-spray-cologne\/#primaryimage"},"image":{"@id":"https:\/\/profumix.it\/en\/prodotto\/czech-speake-rose-100ml-spray-cologne\/#primaryimage"},"thumbnailUrl":"https:\/\/profumix.it\/wp-content\/uploads\/2014\/04\/product_c_z_czech_speake_rose_100ml_cologne_sito.jpg","datePublished":"2014-04-16T16:57:21+00:00","breadcrumb":{"@id":"https:\/\/profumix.it\/en\/prodotto\/czech-speake-rose-100ml-spray-cologne\/#breadcrumb"},"inLanguage":"en-US","potentialAction":[{"@type":"ReadAction","target":["https:\/\/profumix.it\/en\/prodotto\/czech-speake-rose-100ml-spray-cologne\/"]}]},{"@type":"ImageObject","inLanguage":"en-US","@id":"https:\/\/profumix.it\/en\/prodotto\/czech-speake-rose-100ml-spray-cologne\/#primaryimage","url":"https:\/\/profumix.it\/wp-content\/uploads\/2014\/04\/product_c_z_czech_speake_rose_100ml_cologne_sito.jpg","contentUrl":"https:\/\/profumix.it\/wp-content\/uploads\/2014\/04\/product_c_z_czech_speake_rose_100ml_cologne_sito.jpg","width":200,"height":293,"caption":"CZECH & SPEAKE ROSE 100ML SPRAY COLOGNE"},{"@type":"BreadcrumbList","@id":"https:\/\/profumix.it\/en\/prodotto\/czech-speake-rose-100ml-spray-cologne\/#breadcrumb","itemListElement":[{"@type":"ListItem","position":1,"name":"Home","item":"https:\/\/profumix.it\/en\/home\/"},{"@type":"ListItem","position":2,"name":"Shop","item":"https:\/\/profumix.it\/en\/shop\/"},{"@type":"ListItem","position":3,"name":"CZECH &#038; SPEAKE ROSE 100ML SPRAY COLOGNE"}]},{"@type":"WebSite","@id":"https:\/\/profumix.it\/en\/#website","url":"https:\/\/profumix.it\/en\/","name":"Profumix Perfumes","description":"","potentialAction":[{"@type":"SearchAction","target":{"@type":"EntryPoint","urlTemplate":"https:\/\/profumix.it\/en\/?s={search_term_string}"},"query-input":{"@type":"PropertyValueSpecification","valueRequired":true,"valueName":"search_term_string"}}],"inLanguage":"en-US"}]}},"_links":{"self":[{"href":"https:\/\/profumix.it\/en\/wp-json\/wp\/v2\/product\/77801","targetHints":{"allow":["GET"]}}],"collection":[{"href":"https:\/\/profumix.it\/en\/wp-json\/wp\/v2\/product"}],"about":[{"href":"https:\/\/profumix.it\/en\/wp-json\/wp\/v2\/types\/product"}],"replies":[{"embeddable":true,"href":"https:\/\/profumix.it\/en\/wp-json\/wp\/v2\/comments?post=77801"}],"wp:featuredmedia":[{"embeddable":true,"href":"https:\/\/profumix.it\/en\/wp-json\/wp\/v2\/media\/77800"}],"wp:attachment":[{"href":"https:\/\/profumix.it\/en\/wp-json\/wp\/v2\/media?parent=77801"}],"wp:term":[{"taxonomy":"product_brand","embeddable":true,"href":"https:\/\/profumix.it\/en\/wp-json\/wp\/v2\/product_brand?post=77801"},{"taxonomy":"product_cat","embeddable":true,"href":"https:\/\/profumix.it\/en\/wp-json\/wp\/v2\/product_cat?post=77801"},{"taxonomy":"product_tag","embeddable":true,"href":"https:\/\/profumix.it\/en\/wp-json\/wp\/v2\/product_tag?post=77801"}],"curies":[{"name":"wp","href":"https:\/\/api.w.org\/{rel}","templated":true}]}}