{"id":77911,"date":"2014-05-28T18:37:50","date_gmt":"2014-05-28T16:37:50","guid":{"rendered":"https:\/\/profumix.it\/prodotto\/jean-paul-gaultier-madame-ma-dame-30ml-spray-eau-de-toilette\/"},"modified":"2014-05-28T18:37:50","modified_gmt":"2014-05-28T16:37:50","slug":"jean-paul-gaultier-madame-ma-dame-30ml-spray-eau-de-toilette","status":"publish","type":"product","link":"https:\/\/profumix.it\/en\/prodotto\/jean-paul-gaultier-madame-ma-dame-30ml-spray-eau-de-toilette\/","title":{"rendered":"JEAN PAUL GAULTIER MADAME MA DAME 30ML SPRAY EAU DE TOILETTE"},"content":{"rendered":"<p>MA DAME DI JEAN PAUL GAULTIER, \u00c8 UNA FRAGRANZA FRESCA E FLOREALE, CREATA DAL PROFUMIERE FRANCIS KURKDJIAN. LA PROFUMAZIONE \u00c8 PENSATA PER UN PUBBLICO GIOVANE, GRAZIE AI SUOI ACCORDI DI ROSA, GRANATINA, MUSCHIO E CEDRO. LA PROFUMAZIONE \u00c8 RACCHIUSA IN UN FLACONE PROGETTATO COME UN BLOCCO DI VETRO TRASPARENTE, COLORATO IN ROSA, CON UNA SCULTURA INCISA DEL LEGGENDARIO CLASSIQUE. LA CONFEZIONE ESTERNA \u00c8 DI COLORE BIANCO, CON STAMPA ROSA E NERO<\/p>\n","protected":false},"excerpt":{"rendered":"<p>MA DAME DI JEAN PAUL GAULTIER, \u00c8 UNA FRAGRANZA FRESCA E FLOREALE, CREATA DAL PROFUMIERE FRANCIS KURKDJIAN. LA PROFUMAZIONE \u00c8 PENSATA PER UN PUBBLICO GIOVANE, GRAZIE AI SUOI ACCORDI DI ROSA, GRANATINA, MUSCHIO E CEDRO. LA PROFUMAZIONE \u00c8 RACCHIUSA IN UN FLACONE PROGETTATO COME UN BLOCCO DI VETRO TRASPARENTE, COLORATO IN ROSA, CON UNA SCULTURA INCISA DEL LEGGENDARIO CLASSIQUE. LA CONFEZIONE ESTERNA \u00c8 DI COLORE BIANCO, CON STAMPA ROSA E NERO<\/p>\n","protected":false},"featured_media":77910,"comment_status":"open","ping_status":"closed","template":"","meta":{"_et_pb_use_builder":"","_et_pb_old_content":"","_et_gb_content_width":""},"product_brand":[],"product_cat":[7173,7109,7099,7098,7106],"product_tag":[],"class_list":{"0":"post-77911","1":"product","2":"type-product","3":"status-publish","4":"has-post-thumbnail","6":"product_cat-articoli-fuori-produzione-e-rarita","7":"product_cat-donna","8":"product_cat-offerte-da-non-perdere-default-category","9":"product_cat-default-category","10":"product_cat-profumi-default-category","11":"pa_bollino-offerta_speciale","12":"pa_confezione_desc-21-scatolaoriginaleblisterata","13":"pa_formato_filtro-30ml","14":"pa_manufacturer-jeanpaulgaultier","15":"pa_sconto_desc-6896","16":"pa_spedizione_gratuita-no","17":"pa_tipo_filtro-sprayeaudetoilette","19":"first","20":"outofstock","21":"sale","22":"shipping-taxable","23":"purchasable","24":"product-type-simple"},"yoast_head":"<!-- This site is optimized with the Yoast SEO plugin v27.4 - https:\/\/yoast.com\/product\/yoast-seo-wordpress\/ -->\n<title>JEAN PAUL GAULTIER MADAME MA DAME 30ML SPRAY EAU DE TOILETTE<\/title>\n<meta name=\"robots\" content=\"index, follow, max-snippet:-1, max-image-preview:large, max-video-preview:-1\" \/>\n<link rel=\"canonical\" href=\"https:\/\/profumix.it\/en\/prodotto\/jean-paul-gaultier-madame-ma-dame-30ml-spray-eau-de-toilette\/\" \/>\n<meta property=\"og:locale\" content=\"en_US\" \/>\n<meta property=\"og:type\" content=\"article\" \/>\n<meta property=\"og:title\" content=\"JEAN PAUL GAULTIER MADAME MA DAME 30ML SPRAY EAU DE TOILETTE\" \/>\n<meta property=\"og:description\" content=\"MA DAME DI JEAN PAUL GAULTIER, \u00c8 UNA FRAGRANZA FRESCA E FLOREALE, CREATA DAL PROFUMIERE FRANCIS KURKDJIAN. LA PROFUMAZIONE \u00c8 PENSATA PER UN PUBBLICO GIOVANE, GRAZIE AI SUOI ACCORDI DI ROSA, GRANATINA, MUSCHIO E CEDRO. LA PROFUMAZIONE \u00c8 RACCHIUSA IN UN FLACONE PROGETTATO COME UN BLOCCO DI VETRO TRASPARENTE, COLORATO IN ROSA, CON UNA SCULTURA INCISA DEL LEGGENDARIO CLASSIQUE. LA CONFEZIONE ESTERNA \u00c8 DI COLORE BIANCO, CON STAMPA ROSA E NERO\" \/>\n<meta property=\"og:url\" content=\"https:\/\/profumix.it\/en\/prodotto\/jean-paul-gaultier-madame-ma-dame-30ml-spray-eau-de-toilette\/\" \/>\n<meta property=\"og:site_name\" content=\"Profumix Perfumes\" \/>\n<meta property=\"article:publisher\" content=\"https:\/\/www.facebook.com\/profumix\" \/>\n<meta property=\"og:image\" content=\"https:\/\/profumix.it\/wp-content\/uploads\/2014\/05\/product_0_8_0838-MA-DAME-EDT_1_1.jpg\" \/>\n\t<meta property=\"og:image:width\" content=\"300\" \/>\n\t<meta property=\"og:image:height\" content=\"400\" \/>\n\t<meta property=\"og:image:type\" content=\"image\/jpeg\" \/>\n<meta name=\"twitter:card\" content=\"summary_large_image\" \/>\n<script type=\"application\/ld+json\" class=\"yoast-schema-graph\">{\"@context\":\"https:\\\/\\\/schema.org\",\"@graph\":[{\"@type\":\"WebPage\",\"@id\":\"https:\\\/\\\/profumix.it\\\/en\\\/prodotto\\\/jean-paul-gaultier-madame-ma-dame-30ml-spray-eau-de-toilette\\\/\",\"url\":\"https:\\\/\\\/profumix.it\\\/en\\\/prodotto\\\/jean-paul-gaultier-madame-ma-dame-30ml-spray-eau-de-toilette\\\/\",\"name\":\"JEAN PAUL GAULTIER MADAME MA DAME 30ML SPRAY EAU DE TOILETTE\",\"isPartOf\":{\"@id\":\"https:\\\/\\\/profumix.it\\\/en\\\/#website\"},\"primaryImageOfPage\":{\"@id\":\"https:\\\/\\\/profumix.it\\\/en\\\/prodotto\\\/jean-paul-gaultier-madame-ma-dame-30ml-spray-eau-de-toilette\\\/#primaryimage\"},\"image\":{\"@id\":\"https:\\\/\\\/profumix.it\\\/en\\\/prodotto\\\/jean-paul-gaultier-madame-ma-dame-30ml-spray-eau-de-toilette\\\/#primaryimage\"},\"thumbnailUrl\":\"https:\\\/\\\/profumix.it\\\/wp-content\\\/uploads\\\/2014\\\/05\\\/product_0_8_0838-MA-DAME-EDT_1_1.jpg\",\"datePublished\":\"2014-05-28T16:37:50+00:00\",\"breadcrumb\":{\"@id\":\"https:\\\/\\\/profumix.it\\\/en\\\/prodotto\\\/jean-paul-gaultier-madame-ma-dame-30ml-spray-eau-de-toilette\\\/#breadcrumb\"},\"inLanguage\":\"en-US\",\"potentialAction\":[{\"@type\":\"ReadAction\",\"target\":[\"https:\\\/\\\/profumix.it\\\/en\\\/prodotto\\\/jean-paul-gaultier-madame-ma-dame-30ml-spray-eau-de-toilette\\\/\"]}]},{\"@type\":\"ImageObject\",\"inLanguage\":\"en-US\",\"@id\":\"https:\\\/\\\/profumix.it\\\/en\\\/prodotto\\\/jean-paul-gaultier-madame-ma-dame-30ml-spray-eau-de-toilette\\\/#primaryimage\",\"url\":\"https:\\\/\\\/profumix.it\\\/wp-content\\\/uploads\\\/2014\\\/05\\\/product_0_8_0838-MA-DAME-EDT_1_1.jpg\",\"contentUrl\":\"https:\\\/\\\/profumix.it\\\/wp-content\\\/uploads\\\/2014\\\/05\\\/product_0_8_0838-MA-DAME-EDT_1_1.jpg\",\"width\":300,\"height\":400,\"caption\":\"JEAN PAUL GAULTIER MADAME MA DAME 30ML SPRAY EAU DE TOILETTE\"},{\"@type\":\"BreadcrumbList\",\"@id\":\"https:\\\/\\\/profumix.it\\\/en\\\/prodotto\\\/jean-paul-gaultier-madame-ma-dame-30ml-spray-eau-de-toilette\\\/#breadcrumb\",\"itemListElement\":[{\"@type\":\"ListItem\",\"position\":1,\"name\":\"Home\",\"item\":\"https:\\\/\\\/profumix.it\\\/en\\\/home\\\/\"},{\"@type\":\"ListItem\",\"position\":2,\"name\":\"Shop\",\"item\":\"https:\\\/\\\/profumix.it\\\/en\\\/shop\\\/\"},{\"@type\":\"ListItem\",\"position\":3,\"name\":\"JEAN PAUL GAULTIER MADAME MA DAME 30ML SPRAY EAU DE TOILETTE\"}]},{\"@type\":\"WebSite\",\"@id\":\"https:\\\/\\\/profumix.it\\\/en\\\/#website\",\"url\":\"https:\\\/\\\/profumix.it\\\/en\\\/\",\"name\":\"Profumix Perfumes\",\"description\":\"\",\"potentialAction\":[{\"@type\":\"SearchAction\",\"target\":{\"@type\":\"EntryPoint\",\"urlTemplate\":\"https:\\\/\\\/profumix.it\\\/en\\\/?s={search_term_string}\"},\"query-input\":{\"@type\":\"PropertyValueSpecification\",\"valueRequired\":true,\"valueName\":\"search_term_string\"}}],\"inLanguage\":\"en-US\"}]}<\/script>\n<!-- \/ Yoast SEO plugin. -->","yoast_head_json":{"title":"JEAN PAUL GAULTIER MADAME MA DAME 30ML SPRAY EAU DE TOILETTE","robots":{"index":"index","follow":"follow","max-snippet":"max-snippet:-1","max-image-preview":"max-image-preview:large","max-video-preview":"max-video-preview:-1"},"canonical":"https:\/\/profumix.it\/en\/prodotto\/jean-paul-gaultier-madame-ma-dame-30ml-spray-eau-de-toilette\/","og_locale":"en_US","og_type":"article","og_title":"JEAN PAUL GAULTIER MADAME MA DAME 30ML SPRAY EAU DE TOILETTE","og_description":"MA DAME DI JEAN PAUL GAULTIER, \u00c8 UNA FRAGRANZA FRESCA E FLOREALE, CREATA DAL PROFUMIERE FRANCIS KURKDJIAN. LA PROFUMAZIONE \u00c8 PENSATA PER UN PUBBLICO GIOVANE, GRAZIE AI SUOI ACCORDI DI ROSA, GRANATINA, MUSCHIO E CEDRO. LA PROFUMAZIONE \u00c8 RACCHIUSA IN UN FLACONE PROGETTATO COME UN BLOCCO DI VETRO TRASPARENTE, COLORATO IN ROSA, CON UNA SCULTURA INCISA DEL LEGGENDARIO CLASSIQUE. LA CONFEZIONE ESTERNA \u00c8 DI COLORE BIANCO, CON STAMPA ROSA E NERO","og_url":"https:\/\/profumix.it\/en\/prodotto\/jean-paul-gaultier-madame-ma-dame-30ml-spray-eau-de-toilette\/","og_site_name":"Profumix Perfumes","article_publisher":"https:\/\/www.facebook.com\/profumix","og_image":[{"width":300,"height":400,"url":"https:\/\/profumix.it\/wp-content\/uploads\/2014\/05\/product_0_8_0838-MA-DAME-EDT_1_1.jpg","type":"image\/jpeg"}],"twitter_card":"summary_large_image","schema":{"@context":"https:\/\/schema.org","@graph":[{"@type":"WebPage","@id":"https:\/\/profumix.it\/en\/prodotto\/jean-paul-gaultier-madame-ma-dame-30ml-spray-eau-de-toilette\/","url":"https:\/\/profumix.it\/en\/prodotto\/jean-paul-gaultier-madame-ma-dame-30ml-spray-eau-de-toilette\/","name":"JEAN PAUL GAULTIER MADAME MA DAME 30ML SPRAY EAU DE TOILETTE","isPartOf":{"@id":"https:\/\/profumix.it\/en\/#website"},"primaryImageOfPage":{"@id":"https:\/\/profumix.it\/en\/prodotto\/jean-paul-gaultier-madame-ma-dame-30ml-spray-eau-de-toilette\/#primaryimage"},"image":{"@id":"https:\/\/profumix.it\/en\/prodotto\/jean-paul-gaultier-madame-ma-dame-30ml-spray-eau-de-toilette\/#primaryimage"},"thumbnailUrl":"https:\/\/profumix.it\/wp-content\/uploads\/2014\/05\/product_0_8_0838-MA-DAME-EDT_1_1.jpg","datePublished":"2014-05-28T16:37:50+00:00","breadcrumb":{"@id":"https:\/\/profumix.it\/en\/prodotto\/jean-paul-gaultier-madame-ma-dame-30ml-spray-eau-de-toilette\/#breadcrumb"},"inLanguage":"en-US","potentialAction":[{"@type":"ReadAction","target":["https:\/\/profumix.it\/en\/prodotto\/jean-paul-gaultier-madame-ma-dame-30ml-spray-eau-de-toilette\/"]}]},{"@type":"ImageObject","inLanguage":"en-US","@id":"https:\/\/profumix.it\/en\/prodotto\/jean-paul-gaultier-madame-ma-dame-30ml-spray-eau-de-toilette\/#primaryimage","url":"https:\/\/profumix.it\/wp-content\/uploads\/2014\/05\/product_0_8_0838-MA-DAME-EDT_1_1.jpg","contentUrl":"https:\/\/profumix.it\/wp-content\/uploads\/2014\/05\/product_0_8_0838-MA-DAME-EDT_1_1.jpg","width":300,"height":400,"caption":"JEAN PAUL GAULTIER MADAME MA DAME 30ML SPRAY EAU DE TOILETTE"},{"@type":"BreadcrumbList","@id":"https:\/\/profumix.it\/en\/prodotto\/jean-paul-gaultier-madame-ma-dame-30ml-spray-eau-de-toilette\/#breadcrumb","itemListElement":[{"@type":"ListItem","position":1,"name":"Home","item":"https:\/\/profumix.it\/en\/home\/"},{"@type":"ListItem","position":2,"name":"Shop","item":"https:\/\/profumix.it\/en\/shop\/"},{"@type":"ListItem","position":3,"name":"JEAN PAUL GAULTIER MADAME MA DAME 30ML SPRAY EAU DE TOILETTE"}]},{"@type":"WebSite","@id":"https:\/\/profumix.it\/en\/#website","url":"https:\/\/profumix.it\/en\/","name":"Profumix Perfumes","description":"","potentialAction":[{"@type":"SearchAction","target":{"@type":"EntryPoint","urlTemplate":"https:\/\/profumix.it\/en\/?s={search_term_string}"},"query-input":{"@type":"PropertyValueSpecification","valueRequired":true,"valueName":"search_term_string"}}],"inLanguage":"en-US"}]}},"_links":{"self":[{"href":"https:\/\/profumix.it\/en\/wp-json\/wp\/v2\/product\/77911","targetHints":{"allow":["GET"]}}],"collection":[{"href":"https:\/\/profumix.it\/en\/wp-json\/wp\/v2\/product"}],"about":[{"href":"https:\/\/profumix.it\/en\/wp-json\/wp\/v2\/types\/product"}],"replies":[{"embeddable":true,"href":"https:\/\/profumix.it\/en\/wp-json\/wp\/v2\/comments?post=77911"}],"wp:featuredmedia":[{"embeddable":true,"href":"https:\/\/profumix.it\/en\/wp-json\/wp\/v2\/media\/77910"}],"wp:attachment":[{"href":"https:\/\/profumix.it\/en\/wp-json\/wp\/v2\/media?parent=77911"}],"wp:term":[{"taxonomy":"product_brand","embeddable":true,"href":"https:\/\/profumix.it\/en\/wp-json\/wp\/v2\/product_brand?post=77911"},{"taxonomy":"product_cat","embeddable":true,"href":"https:\/\/profumix.it\/en\/wp-json\/wp\/v2\/product_cat?post=77911"},{"taxonomy":"product_tag","embeddable":true,"href":"https:\/\/profumix.it\/en\/wp-json\/wp\/v2\/product_tag?post=77911"}],"curies":[{"name":"wp","href":"https:\/\/api.w.org\/{rel}","templated":true}]}}