{"id":78009,"date":"2014-06-07T18:51:44","date_gmt":"2014-06-07T16:51:44","guid":{"rendered":"https:\/\/profumix.it\/prodotto\/jil-sander-sander-for-men-125ml-spray-eau-de-toilette\/"},"modified":"2014-06-07T18:51:44","modified_gmt":"2014-06-07T16:51:44","slug":"jil-sander-sander-for-men-125ml-spray-eau-de-toilette","status":"publish","type":"product","link":"https:\/\/profumix.it\/en\/prodotto\/jil-sander-sander-for-men-125ml-spray-eau-de-toilette\/","title":{"rendered":"JIL SANDER SANDER FOR MEN 125ML SPRAY EAU DE TOILETTE"},"content":{"rendered":"<p>JIL SANDER FOR MEN \u00c8 UNA FRAGRANZA BOIS\u00c9 FRESCA E PICCANTE PER GLI UOMINI, \u00c8 STATA CREATA DA JACQUES CAVALLIER NEL 2000. LA FRAGRANZA \u00c8 COMPOSTA DA UN NUMERO MINIMO DI INGREDIENTI PERFETTAMENTE BILANCIATI CHE LA RENDONO MOLTO MASCHILE, ELEGANTE, CLASSICA E MODERNA ALLO STESSO TEMPO. LE NOTE DI TESTA SONO FRESCHE E PIENE DI FORZA VITALE, COMPOSTE DA FOGLIE DI EDERA VERDE E MENTA BRASILIANA; LE NOTE DI CUORE SONO PEPE NERO, CORIANDOLO, CARDAMOMO E PEPE; NELLE NOTE DI FONDO LEGNO DI CEDRO ROSSO E CIPRESSO AMALGAMATI CON ESSENZA DI INCENSO, MIRRA E LABDANO. <\/p>\n","protected":false},"excerpt":{"rendered":"<p>JIL SANDER FOR MEN \u00c8 UNA FRAGRANZA BOIS\u00c9 FRESCA E PICCANTE PER GLI UOMINI, \u00c8 STATA CREATA DA JACQUES CAVALLIER NEL 2000. LA FRAGRANZA \u00c8 COMPOSTA DA UN NUMERO MINIMO DI INGREDIENTI PERFETTAMENTE BILANCIATI CHE LA RENDONO MOLTO MASCHILE, ELEGANTE, CLASSICA E MODERNA ALLO STESSO TEMPO. LE NOTE DI TESTA SONO FRESCHE E PIENE DI FORZA VITALE, COMPOSTE DA FOGLIE DI EDERA VERDE E MENTA BRASILIANA; LE NOTE DI CUORE SONO PEPE NERO, CORIANDOLO, CARDAMOMO E PEPE; NELLE NOTE DI FONDO LEGNO DI CEDRO ROSSO E CIPRESSO AMALGAMATI CON ESSENZA DI INCENSO, MIRRA E LABDANO. <\/p>\n","protected":false},"featured_media":78008,"comment_status":"open","ping_status":"closed","template":"","meta":{"_et_pb_use_builder":"","_et_pb_old_content":"","_et_gb_content_width":""},"product_brand":[],"product_cat":[7173,7099,7098,7106,7107],"product_tag":[],"class_list":{"0":"post-78009","1":"product","2":"type-product","3":"status-publish","4":"has-post-thumbnail","6":"product_cat-articoli-fuori-produzione-e-rarita","7":"product_cat-offerte-da-non-perdere-default-category","8":"product_cat-default-category","9":"product_cat-profumi-default-category","10":"product_cat-uomo-profumi-default-category","11":"pa_bollino-offerta_speciale","12":"pa_categoria_desc-profumiuomo","13":"pa_confezione_desc-confezioneoriginalenotester","14":"pa_formato_filtro-125ml","15":"pa_manufacturer-jilsander","16":"pa_sconto_desc-6927","17":"pa_spedizione_gratuita-no","18":"pa_tipo_filtro-sprayeaudetoilette","20":"first","21":"outofstock","22":"sale","23":"shipping-taxable","24":"purchasable","25":"product-type-simple"},"yoast_head":"<!-- This site is optimized with the Yoast SEO plugin v27.4 - https:\/\/yoast.com\/product\/yoast-seo-wordpress\/ -->\n<title>JIL SANDER SANDER FOR MEN 125ML SPRAY EAU DE TOILETTE<\/title>\n<meta name=\"robots\" content=\"index, follow, max-snippet:-1, max-image-preview:large, max-video-preview:-1\" \/>\n<link rel=\"canonical\" href=\"https:\/\/profumix.it\/en\/prodotto\/jil-sander-sander-for-men-125ml-spray-eau-de-toilette\/\" \/>\n<meta property=\"og:locale\" content=\"en_US\" \/>\n<meta property=\"og:type\" content=\"article\" \/>\n<meta property=\"og:title\" content=\"JIL SANDER SANDER FOR MEN 125ML SPRAY EAU DE TOILETTE\" \/>\n<meta property=\"og:description\" content=\"JIL SANDER FOR MEN \u00c8 UNA FRAGRANZA BOIS\u00c9 FRESCA E PICCANTE PER GLI UOMINI, \u00c8 STATA CREATA DA JACQUES CAVALLIER NEL 2000. LA FRAGRANZA \u00c8 COMPOSTA DA UN NUMERO MINIMO DI INGREDIENTI PERFETTAMENTE BILANCIATI CHE LA RENDONO MOLTO MASCHILE, ELEGANTE, CLASSICA E MODERNA ALLO STESSO TEMPO. LE NOTE DI TESTA SONO FRESCHE E PIENE DI FORZA VITALE, COMPOSTE DA FOGLIE DI EDERA VERDE E MENTA BRASILIANA; LE NOTE DI CUORE SONO PEPE NERO, CORIANDOLO, CARDAMOMO E PEPE; NELLE NOTE DI FONDO LEGNO DI CEDRO ROSSO E CIPRESSO AMALGAMATI CON ESSENZA DI INCENSO, MIRRA E LABDANO.\" \/>\n<meta property=\"og:url\" content=\"https:\/\/profumix.it\/en\/prodotto\/jil-sander-sander-for-men-125ml-spray-eau-de-toilette\/\" \/>\n<meta property=\"og:site_name\" content=\"Profumix Perfumes\" \/>\n<meta property=\"article:publisher\" content=\"https:\/\/www.facebook.com\/profumix\" \/>\n<meta property=\"og:image\" content=\"https:\/\/profumix.it\/wp-content\/uploads\/2014\/06\/product_j_i_jil-sander-sander-for-men-edt-125ml.jpg\" \/>\n\t<meta property=\"og:image:width\" content=\"1010\" \/>\n\t<meta property=\"og:image:height\" content=\"796\" \/>\n\t<meta property=\"og:image:type\" content=\"image\/jpeg\" \/>\n<meta name=\"twitter:card\" content=\"summary_large_image\" \/>\n<script type=\"application\/ld+json\" class=\"yoast-schema-graph\">{\"@context\":\"https:\\\/\\\/schema.org\",\"@graph\":[{\"@type\":\"WebPage\",\"@id\":\"https:\\\/\\\/profumix.it\\\/en\\\/prodotto\\\/jil-sander-sander-for-men-125ml-spray-eau-de-toilette\\\/\",\"url\":\"https:\\\/\\\/profumix.it\\\/en\\\/prodotto\\\/jil-sander-sander-for-men-125ml-spray-eau-de-toilette\\\/\",\"name\":\"JIL SANDER SANDER FOR MEN 125ML SPRAY EAU DE TOILETTE\",\"isPartOf\":{\"@id\":\"https:\\\/\\\/profumix.it\\\/en\\\/#website\"},\"primaryImageOfPage\":{\"@id\":\"https:\\\/\\\/profumix.it\\\/en\\\/prodotto\\\/jil-sander-sander-for-men-125ml-spray-eau-de-toilette\\\/#primaryimage\"},\"image\":{\"@id\":\"https:\\\/\\\/profumix.it\\\/en\\\/prodotto\\\/jil-sander-sander-for-men-125ml-spray-eau-de-toilette\\\/#primaryimage\"},\"thumbnailUrl\":\"https:\\\/\\\/profumix.it\\\/wp-content\\\/uploads\\\/2014\\\/06\\\/product_j_i_jil-sander-sander-for-men-edt-125ml.jpg\",\"datePublished\":\"2014-06-07T16:51:44+00:00\",\"breadcrumb\":{\"@id\":\"https:\\\/\\\/profumix.it\\\/en\\\/prodotto\\\/jil-sander-sander-for-men-125ml-spray-eau-de-toilette\\\/#breadcrumb\"},\"inLanguage\":\"en-US\",\"potentialAction\":[{\"@type\":\"ReadAction\",\"target\":[\"https:\\\/\\\/profumix.it\\\/en\\\/prodotto\\\/jil-sander-sander-for-men-125ml-spray-eau-de-toilette\\\/\"]}]},{\"@type\":\"ImageObject\",\"inLanguage\":\"en-US\",\"@id\":\"https:\\\/\\\/profumix.it\\\/en\\\/prodotto\\\/jil-sander-sander-for-men-125ml-spray-eau-de-toilette\\\/#primaryimage\",\"url\":\"https:\\\/\\\/profumix.it\\\/wp-content\\\/uploads\\\/2014\\\/06\\\/product_j_i_jil-sander-sander-for-men-edt-125ml.jpg\",\"contentUrl\":\"https:\\\/\\\/profumix.it\\\/wp-content\\\/uploads\\\/2014\\\/06\\\/product_j_i_jil-sander-sander-for-men-edt-125ml.jpg\",\"width\":1010,\"height\":796,\"caption\":\"JIL SANDER SANDER FOR MEN 125ML SPRAY EAU DE TOILETTE\"},{\"@type\":\"BreadcrumbList\",\"@id\":\"https:\\\/\\\/profumix.it\\\/en\\\/prodotto\\\/jil-sander-sander-for-men-125ml-spray-eau-de-toilette\\\/#breadcrumb\",\"itemListElement\":[{\"@type\":\"ListItem\",\"position\":1,\"name\":\"Home\",\"item\":\"https:\\\/\\\/profumix.it\\\/en\\\/home\\\/\"},{\"@type\":\"ListItem\",\"position\":2,\"name\":\"Shop\",\"item\":\"https:\\\/\\\/profumix.it\\\/en\\\/shop\\\/\"},{\"@type\":\"ListItem\",\"position\":3,\"name\":\"JIL SANDER SANDER FOR MEN 125ML SPRAY EAU DE TOILETTE\"}]},{\"@type\":\"WebSite\",\"@id\":\"https:\\\/\\\/profumix.it\\\/en\\\/#website\",\"url\":\"https:\\\/\\\/profumix.it\\\/en\\\/\",\"name\":\"Profumix Perfumes\",\"description\":\"\",\"potentialAction\":[{\"@type\":\"SearchAction\",\"target\":{\"@type\":\"EntryPoint\",\"urlTemplate\":\"https:\\\/\\\/profumix.it\\\/en\\\/?s={search_term_string}\"},\"query-input\":{\"@type\":\"PropertyValueSpecification\",\"valueRequired\":true,\"valueName\":\"search_term_string\"}}],\"inLanguage\":\"en-US\"}]}<\/script>\n<!-- \/ Yoast SEO plugin. -->","yoast_head_json":{"title":"JIL SANDER SANDER FOR MEN 125ML SPRAY EAU DE TOILETTE","robots":{"index":"index","follow":"follow","max-snippet":"max-snippet:-1","max-image-preview":"max-image-preview:large","max-video-preview":"max-video-preview:-1"},"canonical":"https:\/\/profumix.it\/en\/prodotto\/jil-sander-sander-for-men-125ml-spray-eau-de-toilette\/","og_locale":"en_US","og_type":"article","og_title":"JIL SANDER SANDER FOR MEN 125ML SPRAY EAU DE TOILETTE","og_description":"JIL SANDER FOR MEN \u00c8 UNA FRAGRANZA BOIS\u00c9 FRESCA E PICCANTE PER GLI UOMINI, \u00c8 STATA CREATA DA JACQUES CAVALLIER NEL 2000. LA FRAGRANZA \u00c8 COMPOSTA DA UN NUMERO MINIMO DI INGREDIENTI PERFETTAMENTE BILANCIATI CHE LA RENDONO MOLTO MASCHILE, ELEGANTE, CLASSICA E MODERNA ALLO STESSO TEMPO. LE NOTE DI TESTA SONO FRESCHE E PIENE DI FORZA VITALE, COMPOSTE DA FOGLIE DI EDERA VERDE E MENTA BRASILIANA; LE NOTE DI CUORE SONO PEPE NERO, CORIANDOLO, CARDAMOMO E PEPE; NELLE NOTE DI FONDO LEGNO DI CEDRO ROSSO E CIPRESSO AMALGAMATI CON ESSENZA DI INCENSO, MIRRA E LABDANO.","og_url":"https:\/\/profumix.it\/en\/prodotto\/jil-sander-sander-for-men-125ml-spray-eau-de-toilette\/","og_site_name":"Profumix Perfumes","article_publisher":"https:\/\/www.facebook.com\/profumix","og_image":[{"width":1010,"height":796,"url":"https:\/\/profumix.it\/wp-content\/uploads\/2014\/06\/product_j_i_jil-sander-sander-for-men-edt-125ml.jpg","type":"image\/jpeg"}],"twitter_card":"summary_large_image","schema":{"@context":"https:\/\/schema.org","@graph":[{"@type":"WebPage","@id":"https:\/\/profumix.it\/en\/prodotto\/jil-sander-sander-for-men-125ml-spray-eau-de-toilette\/","url":"https:\/\/profumix.it\/en\/prodotto\/jil-sander-sander-for-men-125ml-spray-eau-de-toilette\/","name":"JIL SANDER SANDER FOR MEN 125ML SPRAY EAU DE TOILETTE","isPartOf":{"@id":"https:\/\/profumix.it\/en\/#website"},"primaryImageOfPage":{"@id":"https:\/\/profumix.it\/en\/prodotto\/jil-sander-sander-for-men-125ml-spray-eau-de-toilette\/#primaryimage"},"image":{"@id":"https:\/\/profumix.it\/en\/prodotto\/jil-sander-sander-for-men-125ml-spray-eau-de-toilette\/#primaryimage"},"thumbnailUrl":"https:\/\/profumix.it\/wp-content\/uploads\/2014\/06\/product_j_i_jil-sander-sander-for-men-edt-125ml.jpg","datePublished":"2014-06-07T16:51:44+00:00","breadcrumb":{"@id":"https:\/\/profumix.it\/en\/prodotto\/jil-sander-sander-for-men-125ml-spray-eau-de-toilette\/#breadcrumb"},"inLanguage":"en-US","potentialAction":[{"@type":"ReadAction","target":["https:\/\/profumix.it\/en\/prodotto\/jil-sander-sander-for-men-125ml-spray-eau-de-toilette\/"]}]},{"@type":"ImageObject","inLanguage":"en-US","@id":"https:\/\/profumix.it\/en\/prodotto\/jil-sander-sander-for-men-125ml-spray-eau-de-toilette\/#primaryimage","url":"https:\/\/profumix.it\/wp-content\/uploads\/2014\/06\/product_j_i_jil-sander-sander-for-men-edt-125ml.jpg","contentUrl":"https:\/\/profumix.it\/wp-content\/uploads\/2014\/06\/product_j_i_jil-sander-sander-for-men-edt-125ml.jpg","width":1010,"height":796,"caption":"JIL SANDER SANDER FOR MEN 125ML SPRAY EAU DE TOILETTE"},{"@type":"BreadcrumbList","@id":"https:\/\/profumix.it\/en\/prodotto\/jil-sander-sander-for-men-125ml-spray-eau-de-toilette\/#breadcrumb","itemListElement":[{"@type":"ListItem","position":1,"name":"Home","item":"https:\/\/profumix.it\/en\/home\/"},{"@type":"ListItem","position":2,"name":"Shop","item":"https:\/\/profumix.it\/en\/shop\/"},{"@type":"ListItem","position":3,"name":"JIL SANDER SANDER FOR MEN 125ML SPRAY EAU DE TOILETTE"}]},{"@type":"WebSite","@id":"https:\/\/profumix.it\/en\/#website","url":"https:\/\/profumix.it\/en\/","name":"Profumix Perfumes","description":"","potentialAction":[{"@type":"SearchAction","target":{"@type":"EntryPoint","urlTemplate":"https:\/\/profumix.it\/en\/?s={search_term_string}"},"query-input":{"@type":"PropertyValueSpecification","valueRequired":true,"valueName":"search_term_string"}}],"inLanguage":"en-US"}]}},"_links":{"self":[{"href":"https:\/\/profumix.it\/en\/wp-json\/wp\/v2\/product\/78009","targetHints":{"allow":["GET"]}}],"collection":[{"href":"https:\/\/profumix.it\/en\/wp-json\/wp\/v2\/product"}],"about":[{"href":"https:\/\/profumix.it\/en\/wp-json\/wp\/v2\/types\/product"}],"replies":[{"embeddable":true,"href":"https:\/\/profumix.it\/en\/wp-json\/wp\/v2\/comments?post=78009"}],"wp:featuredmedia":[{"embeddable":true,"href":"https:\/\/profumix.it\/en\/wp-json\/wp\/v2\/media\/78008"}],"wp:attachment":[{"href":"https:\/\/profumix.it\/en\/wp-json\/wp\/v2\/media?parent=78009"}],"wp:term":[{"taxonomy":"product_brand","embeddable":true,"href":"https:\/\/profumix.it\/en\/wp-json\/wp\/v2\/product_brand?post=78009"},{"taxonomy":"product_cat","embeddable":true,"href":"https:\/\/profumix.it\/en\/wp-json\/wp\/v2\/product_cat?post=78009"},{"taxonomy":"product_tag","embeddable":true,"href":"https:\/\/profumix.it\/en\/wp-json\/wp\/v2\/product_tag?post=78009"}],"curies":[{"name":"wp","href":"https:\/\/api.w.org\/{rel}","templated":true}]}}