{"id":78069,"date":"2014-06-25T18:49:03","date_gmt":"2014-06-25T16:49:03","guid":{"rendered":"https:\/\/profumix.it\/prodotto\/bulgari-pour-homme-extreme-100ml-spray-eau-de-toilette-tester-3\/"},"modified":"2014-06-25T18:49:03","modified_gmt":"2014-06-25T16:49:03","slug":"bulgari-pour-homme-extreme-100ml-spray-eau-de-toilette-tester-3","status":"publish","type":"product","link":"https:\/\/profumix.it\/en\/prodotto\/bulgari-pour-homme-extreme-100ml-spray-eau-de-toilette-tester-3\/","title":{"rendered":"ECHT K\u00d6LNISH WASSER N.\u00b0 4711 ORIGINAL EAU DE COLOGNE 90ML SPRAY"},"content":{"rendered":"<p>E&#8217; IL PROFUMO PI\u00d9 VECCHIO ANCORA IN COMMERCIO, \u00c8 NATO NEL 1972, (HA BEN 211 ANNI) SIA ANCHE IL PI\u00d9 GIOVANE. PERCH\u00c8 COLOGNE N\u00b04711 \u00c8 ENERGETICO E RIVITALIZZANTE. &#8220;LA FORMULA, STRAORDINARIAMENTE MODERNA, FU CREATA DA UN MONACO COME DONO DI NOZZE PER UN CERTO WILHELM MULHENS. CHE SUBITO INIZI\u00d2 A PRODURRE LA FRAGRANZA&#8221; RACCONTA NICHOLAS WILKINSON, AMMINISTRATORE DELEGATO DI COSMOPOLITAN COSMETICS ITALIA.<br \/>\nIL PROFUMO FU UN SUCCESSO: I SOLDATI FRANCESI DI STANZA A COLONIA LO RIBATTEZZARONO EAU DE COLOGNE. E NE INVIARONO A CASA GRANDI QUANTITATIVI.<br \/>\nANCHE IL NUMERO 4711 \u00c8 UN RICORDO DELL&#8217;OCCUPAZIONE FRANCESE. PER POTER CONTROLLARE MEGLIO LA CITT\u00c0, IL GENERALE CHE COMANDAVA LE TRUPPE FECE NUMERARE LE CASE. E 4711 \u00c8 IL NUMERO CIVICO DEL PALAZZO MULHENS DISTILLAVA LA SUA FRAGRANZA AROMATICA E AGRUMATA, CHE DA ALLORA NON \u00c8 PI\u00d9 CAMBIATA.<br \/>\n4711 \u00c8 UNA FRAGRANZA A BASE DI AGRUMI, COSTITUITA DA MATERIE PRIME NATURALI COME IL LIMONE, IL NEROLI (FIORI D&#8217;ARANCIO), IL ROSMARINO E LA LAVANDA.<\/p>\n<p>PIRAMIDE OLFATTIVA<br \/>\nNOTE DI TESTA:<br \/>\nBERGAMOTTO, LIMONE, LIMONE, PETITGRAIN<br \/>\nNOTE DI CUORE:<br \/>\nNEROLI, ROSMARINO, ROSA<br \/>\nNOTE DI FONDO:<br \/>\nMUSCHIO<\/p>\n<p>FAMIGLIA OLFATTIVA: ESPERIDATA &#8211; AROMATICA<br \/>\nCREAZIONE: 1792<br \/>\nPROFUMAZIONE: UNISEX<\/p>\n","protected":false},"excerpt":{"rendered":"<p>E&#8217; IL PROFUMO PI\u00d9 VECCHIO ANCORA IN COMMERCIO, \u00c8 NATO NEL 1972,\u00a0(HA BEN 211 ANNI) SIA ANCHE IL PI\u00d9 GIOVANE. PERCH\u00c8 COLOGNE N\u00b04711 \u00c8 ENERGETICO E RIVITALIZZANTE. &#8220;LA FORMULA, STRAORDINARIAMENTE MODERNA, FU CREATA DA UN MONACO COME DONO DI NOZZE PER UN CERTO WILHELM MULHENS. CHE SUBITO INIZI\u00d2 A PRODURRE LA FRAGRANZA&#8221; RACCONTA NICHOLAS WILKINSON, AMMINISTRATORE DELEGATO DI COSMOPOLITAN COSMETICS ITALIA.<br \/>\nIL PROFUMO FU UN SUCCESSO: I SOLDATI FRANCESI DI STANZA A COLONIA LO RIBATTEZZARONO EAU DE COLOGNE. E NE INVIARONO A CASA GRANDI QUANTITATIVI.<br \/>\nANCHE IL NUMERO 4711 \u00c8 UN RICORDO DELL&#8217;OCCUPAZIONE FRANCESE. PER POTER CONTROLLARE MEGLIO LA CITT\u00c0, IL GENERALE CHE COMANDAVA LE TRUPPE FECE NUMERARE LE CASE. E 4711 \u00c8 IL NUMERO CIVICO DEL PALAZZO MULHENS DISTILLAVA LA SUA FRAGRANZA AROMATICA E AGRUMATA, CHE DA ALLORA NON \u00c8 PI\u00d9 CAMBIATA.<br \/>\n4711 \u00c8 UNA FRAGRANZA A BASE DI AGRUMI, COSTITUITA DA MATERIE PRIME NATURALI COME IL LIMONE, IL NEROLI (FIORI D&#8217;ARANCIO), IL ROSMARINO E LA LAVANDA.<\/p>\n<p>PIRAMIDE OLFATTIVA<br \/>\nNOTE DI TESTA:<br \/>\nBERGAMOTTO, LIMONE, LIMONE, PETITGRAIN<br \/>\nNOTE DI CUORE:<br \/>\nNEROLI, ROSMARINO, ROSA<br \/>\nNOTE DI FONDO:<br \/>\nMUSCHIO<\/p>\n<p>FAMIGLIA OLFATTIVA: ESPERIDATA &#8211; AROMATICA<br \/>\nCREAZIONE: 1792<br \/>\nPROFUMAZIONE: UNISEX<\/p>\n","protected":false},"featured_media":78068,"comment_status":"open","ping_status":"closed","template":"","meta":{"_et_pb_use_builder":"","_et_pb_old_content":"","_et_gb_content_width":""},"product_brand":[],"product_cat":[7109,7099,7098,7106,7108,7107],"product_tag":[],"class_list":{"0":"post-78069","1":"product","2":"type-product","3":"status-publish","4":"has-post-thumbnail","6":"product_cat-donna","7":"product_cat-offerte-da-non-perdere-default-category","8":"product_cat-default-category","9":"product_cat-profumi-default-category","10":"product_cat-unisex","11":"product_cat-uomo-profumi-default-category","12":"pa_bollino-offerta_speciale","13":"pa_confezione_desc-confezioneoriginalenotester","14":"pa_formato_filtro-90ml","15":"pa_manufacturer-6317","16":"pa_sconto_desc-6894","17":"pa_spedizione_gratuita-no","18":"pa_tipo_filtro-spraycologne","20":"first","21":"outofstock","22":"sale","23":"shipping-taxable","24":"purchasable","25":"product-type-simple"},"yoast_head":"<!-- This site is optimized with the Yoast SEO plugin v27.4 - https:\/\/yoast.com\/product\/yoast-seo-wordpress\/ -->\n<title>ECHT K\u00d6LNISH WASSER N.\u00b0 4711 ORIGINAL EAU DE COLOGNE 90ML SPRAY<\/title>\n<meta name=\"robots\" content=\"index, follow, max-snippet:-1, max-image-preview:large, max-video-preview:-1\" \/>\n<link rel=\"canonical\" href=\"https:\/\/profumix.it\/en\/prodotto\/bulgari-pour-homme-extreme-100ml-spray-eau-de-toilette-tester-3\/\" \/>\n<meta property=\"og:locale\" content=\"en_US\" \/>\n<meta property=\"og:type\" content=\"article\" \/>\n<meta property=\"og:title\" content=\"ECHT K\u00d6LNISH WASSER N.\u00b0 4711 ORIGINAL EAU DE COLOGNE 90ML SPRAY\" \/>\n<meta property=\"og:description\" content=\"E&#039; IL PROFUMO PI\u00d9 VECCHIO ANCORA IN COMMERCIO, \u00c8 NATO NEL 1972,\u00a0(HA BEN 211 ANNI) SIA ANCHE IL PI\u00d9 GIOVANE. PERCH\u00c8 COLOGNE N\u00b04711 \u00c8 ENERGETICO E RIVITALIZZANTE. &quot;LA FORMULA, STRAORDINARIAMENTE MODERNA, FU CREATA DA UN MONACO COME DONO DI NOZZE PER UN CERTO WILHELM MULHENS. CHE SUBITO INIZI\u00d2 A PRODURRE LA FRAGRANZA&quot; RACCONTA NICHOLAS WILKINSON, AMMINISTRATORE DELEGATO DI COSMOPOLITAN COSMETICS ITALIA. IL PROFUMO FU UN SUCCESSO: I SOLDATI FRANCESI DI STANZA A COLONIA LO RIBATTEZZARONO EAU DE COLOGNE. E NE INVIARONO A CASA GRANDI QUANTITATIVI.  ANCHE IL NUMERO 4711 \u00c8 UN RICORDO DELL&#039;OCCUPAZIONE FRANCESE. PER POTER CONTROLLARE MEGLIO LA CITT\u00c0, IL GENERALE CHE COMANDAVA LE TRUPPE FECE NUMERARE LE CASE. E 4711 \u00c8 IL NUMERO CIVICO DEL PALAZZO MULHENS DISTILLAVA LA SUA FRAGRANZA AROMATICA E AGRUMATA, CHE DA ALLORA NON \u00c8 PI\u00d9 CAMBIATA. 4711 \u00c8 UNA FRAGRANZA A BASE DI AGRUMI, COSTITUITA DA MATERIE PRIME NATURALI COME IL LIMONE, IL NEROLI (FIORI D&#039;ARANCIO), IL ROSMARINO E LA LAVANDA.  PIRAMIDE OLFATTIVA NOTE DI TESTA: BERGAMOTTO, LIMONE, LIMONE, PETITGRAIN NOTE DI CUORE: NEROLI, ROSMARINO, ROSA NOTE DI FONDO: MUSCHIO  FAMIGLIA OLFATTIVA: ESPERIDATA - AROMATICA CREAZIONE: 1792 PROFUMAZIONE: UNISEX\" \/>\n<meta property=\"og:url\" content=\"https:\/\/profumix.it\/en\/prodotto\/bulgari-pour-homme-extreme-100ml-spray-eau-de-toilette-tester-3\/\" \/>\n<meta property=\"og:site_name\" content=\"Profumix Perfumes\" \/>\n<meta property=\"article:publisher\" content=\"https:\/\/www.facebook.com\/profumix\" \/>\n<meta property=\"og:image\" content=\"https:\/\/profumix.it\/wp-content\/uploads\/2014\/06\/product_e_c_echt_kolnisch_wasser_90ml_original_eau_de_cologne_sito.jpg\" \/>\n\t<meta property=\"og:image:width\" content=\"267\" \/>\n\t<meta property=\"og:image:height\" content=\"371\" \/>\n\t<meta property=\"og:image:type\" content=\"image\/jpeg\" \/>\n<meta name=\"twitter:card\" content=\"summary_large_image\" \/>\n<meta name=\"twitter:label1\" content=\"Est. reading time\" \/>\n\t<meta name=\"twitter:data1\" content=\"1 minute\" \/>\n<script type=\"application\/ld+json\" class=\"yoast-schema-graph\">{\"@context\":\"https:\\\/\\\/schema.org\",\"@graph\":[{\"@type\":\"WebPage\",\"@id\":\"https:\\\/\\\/profumix.it\\\/en\\\/prodotto\\\/bulgari-pour-homme-extreme-100ml-spray-eau-de-toilette-tester-3\\\/\",\"url\":\"https:\\\/\\\/profumix.it\\\/en\\\/prodotto\\\/bulgari-pour-homme-extreme-100ml-spray-eau-de-toilette-tester-3\\\/\",\"name\":\"ECHT K\u00d6LNISH WASSER N.\u00b0 4711 ORIGINAL EAU DE COLOGNE 90ML SPRAY\",\"isPartOf\":{\"@id\":\"https:\\\/\\\/profumix.it\\\/en\\\/#website\"},\"primaryImageOfPage\":{\"@id\":\"https:\\\/\\\/profumix.it\\\/en\\\/prodotto\\\/bulgari-pour-homme-extreme-100ml-spray-eau-de-toilette-tester-3\\\/#primaryimage\"},\"image\":{\"@id\":\"https:\\\/\\\/profumix.it\\\/en\\\/prodotto\\\/bulgari-pour-homme-extreme-100ml-spray-eau-de-toilette-tester-3\\\/#primaryimage\"},\"thumbnailUrl\":\"https:\\\/\\\/profumix.it\\\/wp-content\\\/uploads\\\/2014\\\/06\\\/product_e_c_echt_kolnisch_wasser_90ml_original_eau_de_cologne_sito.jpg\",\"datePublished\":\"2014-06-25T16:49:03+00:00\",\"breadcrumb\":{\"@id\":\"https:\\\/\\\/profumix.it\\\/en\\\/prodotto\\\/bulgari-pour-homme-extreme-100ml-spray-eau-de-toilette-tester-3\\\/#breadcrumb\"},\"inLanguage\":\"en-US\",\"potentialAction\":[{\"@type\":\"ReadAction\",\"target\":[\"https:\\\/\\\/profumix.it\\\/en\\\/prodotto\\\/bulgari-pour-homme-extreme-100ml-spray-eau-de-toilette-tester-3\\\/\"]}]},{\"@type\":\"ImageObject\",\"inLanguage\":\"en-US\",\"@id\":\"https:\\\/\\\/profumix.it\\\/en\\\/prodotto\\\/bulgari-pour-homme-extreme-100ml-spray-eau-de-toilette-tester-3\\\/#primaryimage\",\"url\":\"https:\\\/\\\/profumix.it\\\/wp-content\\\/uploads\\\/2014\\\/06\\\/product_e_c_echt_kolnisch_wasser_90ml_original_eau_de_cologne_sito.jpg\",\"contentUrl\":\"https:\\\/\\\/profumix.it\\\/wp-content\\\/uploads\\\/2014\\\/06\\\/product_e_c_echt_kolnisch_wasser_90ml_original_eau_de_cologne_sito.jpg\",\"width\":267,\"height\":371,\"caption\":\"ECHT K\u00d6LNISH WASSER N.\u00b0 4711 ORIGINAL EAU DE COLOGNE 90ML SPRAY\"},{\"@type\":\"BreadcrumbList\",\"@id\":\"https:\\\/\\\/profumix.it\\\/en\\\/prodotto\\\/bulgari-pour-homme-extreme-100ml-spray-eau-de-toilette-tester-3\\\/#breadcrumb\",\"itemListElement\":[{\"@type\":\"ListItem\",\"position\":1,\"name\":\"Home\",\"item\":\"https:\\\/\\\/profumix.it\\\/en\\\/home\\\/\"},{\"@type\":\"ListItem\",\"position\":2,\"name\":\"Shop\",\"item\":\"https:\\\/\\\/profumix.it\\\/en\\\/shop\\\/\"},{\"@type\":\"ListItem\",\"position\":3,\"name\":\"ECHT K\u00d6LNISH WASSER N.\u00b0 4711 ORIGINAL EAU DE COLOGNE 90ML SPRAY\"}]},{\"@type\":\"WebSite\",\"@id\":\"https:\\\/\\\/profumix.it\\\/en\\\/#website\",\"url\":\"https:\\\/\\\/profumix.it\\\/en\\\/\",\"name\":\"Profumix Perfumes\",\"description\":\"\",\"potentialAction\":[{\"@type\":\"SearchAction\",\"target\":{\"@type\":\"EntryPoint\",\"urlTemplate\":\"https:\\\/\\\/profumix.it\\\/en\\\/?s={search_term_string}\"},\"query-input\":{\"@type\":\"PropertyValueSpecification\",\"valueRequired\":true,\"valueName\":\"search_term_string\"}}],\"inLanguage\":\"en-US\"}]}<\/script>\n<!-- \/ Yoast SEO plugin. -->","yoast_head_json":{"title":"ECHT K\u00d6LNISH WASSER N.\u00b0 4711 ORIGINAL EAU DE COLOGNE 90ML SPRAY","robots":{"index":"index","follow":"follow","max-snippet":"max-snippet:-1","max-image-preview":"max-image-preview:large","max-video-preview":"max-video-preview:-1"},"canonical":"https:\/\/profumix.it\/en\/prodotto\/bulgari-pour-homme-extreme-100ml-spray-eau-de-toilette-tester-3\/","og_locale":"en_US","og_type":"article","og_title":"ECHT K\u00d6LNISH WASSER N.\u00b0 4711 ORIGINAL EAU DE COLOGNE 90ML SPRAY","og_description":"E' IL PROFUMO PI\u00d9 VECCHIO ANCORA IN COMMERCIO, \u00c8 NATO NEL 1972,\u00a0(HA BEN 211 ANNI) SIA ANCHE IL PI\u00d9 GIOVANE. PERCH\u00c8 COLOGNE N\u00b04711 \u00c8 ENERGETICO E RIVITALIZZANTE. \"LA FORMULA, STRAORDINARIAMENTE MODERNA, FU CREATA DA UN MONACO COME DONO DI NOZZE PER UN CERTO WILHELM MULHENS. CHE SUBITO INIZI\u00d2 A PRODURRE LA FRAGRANZA\" RACCONTA NICHOLAS WILKINSON, AMMINISTRATORE DELEGATO DI COSMOPOLITAN COSMETICS ITALIA. IL PROFUMO FU UN SUCCESSO: I SOLDATI FRANCESI DI STANZA A COLONIA LO RIBATTEZZARONO EAU DE COLOGNE. E NE INVIARONO A CASA GRANDI QUANTITATIVI.  ANCHE IL NUMERO 4711 \u00c8 UN RICORDO DELL'OCCUPAZIONE FRANCESE. PER POTER CONTROLLARE MEGLIO LA CITT\u00c0, IL GENERALE CHE COMANDAVA LE TRUPPE FECE NUMERARE LE CASE. E 4711 \u00c8 IL NUMERO CIVICO DEL PALAZZO MULHENS DISTILLAVA LA SUA FRAGRANZA AROMATICA E AGRUMATA, CHE DA ALLORA NON \u00c8 PI\u00d9 CAMBIATA. 4711 \u00c8 UNA FRAGRANZA A BASE DI AGRUMI, COSTITUITA DA MATERIE PRIME NATURALI COME IL LIMONE, IL NEROLI (FIORI D'ARANCIO), IL ROSMARINO E LA LAVANDA.  PIRAMIDE OLFATTIVA NOTE DI TESTA: BERGAMOTTO, LIMONE, LIMONE, PETITGRAIN NOTE DI CUORE: NEROLI, ROSMARINO, ROSA NOTE DI FONDO: MUSCHIO  FAMIGLIA OLFATTIVA: ESPERIDATA - AROMATICA CREAZIONE: 1792 PROFUMAZIONE: UNISEX","og_url":"https:\/\/profumix.it\/en\/prodotto\/bulgari-pour-homme-extreme-100ml-spray-eau-de-toilette-tester-3\/","og_site_name":"Profumix Perfumes","article_publisher":"https:\/\/www.facebook.com\/profumix","og_image":[{"width":267,"height":371,"url":"https:\/\/profumix.it\/wp-content\/uploads\/2014\/06\/product_e_c_echt_kolnisch_wasser_90ml_original_eau_de_cologne_sito.jpg","type":"image\/jpeg"}],"twitter_card":"summary_large_image","twitter_misc":{"Est. reading time":"1 minute"},"schema":{"@context":"https:\/\/schema.org","@graph":[{"@type":"WebPage","@id":"https:\/\/profumix.it\/en\/prodotto\/bulgari-pour-homme-extreme-100ml-spray-eau-de-toilette-tester-3\/","url":"https:\/\/profumix.it\/en\/prodotto\/bulgari-pour-homme-extreme-100ml-spray-eau-de-toilette-tester-3\/","name":"ECHT K\u00d6LNISH WASSER N.\u00b0 4711 ORIGINAL EAU DE COLOGNE 90ML SPRAY","isPartOf":{"@id":"https:\/\/profumix.it\/en\/#website"},"primaryImageOfPage":{"@id":"https:\/\/profumix.it\/en\/prodotto\/bulgari-pour-homme-extreme-100ml-spray-eau-de-toilette-tester-3\/#primaryimage"},"image":{"@id":"https:\/\/profumix.it\/en\/prodotto\/bulgari-pour-homme-extreme-100ml-spray-eau-de-toilette-tester-3\/#primaryimage"},"thumbnailUrl":"https:\/\/profumix.it\/wp-content\/uploads\/2014\/06\/product_e_c_echt_kolnisch_wasser_90ml_original_eau_de_cologne_sito.jpg","datePublished":"2014-06-25T16:49:03+00:00","breadcrumb":{"@id":"https:\/\/profumix.it\/en\/prodotto\/bulgari-pour-homme-extreme-100ml-spray-eau-de-toilette-tester-3\/#breadcrumb"},"inLanguage":"en-US","potentialAction":[{"@type":"ReadAction","target":["https:\/\/profumix.it\/en\/prodotto\/bulgari-pour-homme-extreme-100ml-spray-eau-de-toilette-tester-3\/"]}]},{"@type":"ImageObject","inLanguage":"en-US","@id":"https:\/\/profumix.it\/en\/prodotto\/bulgari-pour-homme-extreme-100ml-spray-eau-de-toilette-tester-3\/#primaryimage","url":"https:\/\/profumix.it\/wp-content\/uploads\/2014\/06\/product_e_c_echt_kolnisch_wasser_90ml_original_eau_de_cologne_sito.jpg","contentUrl":"https:\/\/profumix.it\/wp-content\/uploads\/2014\/06\/product_e_c_echt_kolnisch_wasser_90ml_original_eau_de_cologne_sito.jpg","width":267,"height":371,"caption":"ECHT K\u00d6LNISH WASSER N.\u00b0 4711 ORIGINAL EAU DE COLOGNE 90ML SPRAY"},{"@type":"BreadcrumbList","@id":"https:\/\/profumix.it\/en\/prodotto\/bulgari-pour-homme-extreme-100ml-spray-eau-de-toilette-tester-3\/#breadcrumb","itemListElement":[{"@type":"ListItem","position":1,"name":"Home","item":"https:\/\/profumix.it\/en\/home\/"},{"@type":"ListItem","position":2,"name":"Shop","item":"https:\/\/profumix.it\/en\/shop\/"},{"@type":"ListItem","position":3,"name":"ECHT K\u00d6LNISH WASSER N.\u00b0 4711 ORIGINAL EAU DE COLOGNE 90ML SPRAY"}]},{"@type":"WebSite","@id":"https:\/\/profumix.it\/en\/#website","url":"https:\/\/profumix.it\/en\/","name":"Profumix Perfumes","description":"","potentialAction":[{"@type":"SearchAction","target":{"@type":"EntryPoint","urlTemplate":"https:\/\/profumix.it\/en\/?s={search_term_string}"},"query-input":{"@type":"PropertyValueSpecification","valueRequired":true,"valueName":"search_term_string"}}],"inLanguage":"en-US"}]}},"_links":{"self":[{"href":"https:\/\/profumix.it\/en\/wp-json\/wp\/v2\/product\/78069","targetHints":{"allow":["GET"]}}],"collection":[{"href":"https:\/\/profumix.it\/en\/wp-json\/wp\/v2\/product"}],"about":[{"href":"https:\/\/profumix.it\/en\/wp-json\/wp\/v2\/types\/product"}],"replies":[{"embeddable":true,"href":"https:\/\/profumix.it\/en\/wp-json\/wp\/v2\/comments?post=78069"}],"wp:featuredmedia":[{"embeddable":true,"href":"https:\/\/profumix.it\/en\/wp-json\/wp\/v2\/media\/78068"}],"wp:attachment":[{"href":"https:\/\/profumix.it\/en\/wp-json\/wp\/v2\/media?parent=78069"}],"wp:term":[{"taxonomy":"product_brand","embeddable":true,"href":"https:\/\/profumix.it\/en\/wp-json\/wp\/v2\/product_brand?post=78069"},{"taxonomy":"product_cat","embeddable":true,"href":"https:\/\/profumix.it\/en\/wp-json\/wp\/v2\/product_cat?post=78069"},{"taxonomy":"product_tag","embeddable":true,"href":"https:\/\/profumix.it\/en\/wp-json\/wp\/v2\/product_tag?post=78069"}],"curies":[{"name":"wp","href":"https:\/\/api.w.org\/{rel}","templated":true}]}}