{"id":78120,"date":"2014-07-31T19:26:17","date_gmt":"2014-07-31T17:26:17","guid":{"rendered":"https:\/\/profumix.it\/prodotto\/calvin-klein-ck-eternity-for-men-gift-set-100ml-spray-eau-de-toilette-75ml-deodorante-senza-alcool\/"},"modified":"2022-10-31T10:34:22","modified_gmt":"2022-10-31T09:34:22","slug":"calvin-klein-ck-eternity-for-men-gift-set-100ml-spray-eau-de-toilette-75ml-deodorante-senza-alcool","status":"publish","type":"product","link":"https:\/\/profumix.it\/en\/prodotto\/calvin-klein-ck-eternity-for-men-gift-set-100ml-spray-eau-de-toilette-75ml-deodorante-senza-alcool\/","title":{"rendered":"CALVIN KLEIN CK ETERNITY FOR MEN GIFT SET 100ML SPRAY EAU DE TOILETTE + 75ML DEDORANTE SENZA ALCOOL"},"content":{"rendered":"<p>ETERNITY FOR MEN<br \/>\nCALVIN KLEIN \u00c8 LO STILISTA AMERICANO DAL DESIGN MINIMALISTA E CONTEMPORANEO.<br \/>\nLA SUA FRAGRANZA ETERNITY FOR MEN \u00c8 DEDICATA ALL&#8217;UOMO SENSIBILE, FORTE E RAFFINATO NELLO STESSO TEMPO. UN UOMO ROMANTICO CHE AMA I VALORI TRADIZIONALI DELLA FAMIGLIA, DEL LAVORO, DEL BENESSERE, DELLA FELICIT\u00c0. IN SINTONIA CON S\u00c9 STESSO, FELICE DELLA PROPRIA CONDIZIONE E DEL PROPRIO MONDO, CAPACE DI ESPRIMERE LA VITALIT\u00c0 E LA FIDUCIA CHE CARATTERIZZANO LA SENSIBILIT\u00c0 MASCHILE. <\/p>\n","protected":false},"excerpt":{"rendered":"<p>ETERNITY FOR MEN<br \/>\nCALVIN KLEIN \u00c8 LO STILISTA AMERICANO DAL DESIGN MINIMALISTA E CONTEMPORANEO.<br \/>\nLA SUA FRAGRANZA ETERNITY FOR MEN \u00c8 DEDICATA ALL&#8217;UOMO SENSIBILE, FORTE E RAFFINATO NELLO STESSO TEMPO. UN UOMO ROMANTICO CHE AMA I VALORI TRADIZIONALI DELLA FAMIGLIA, DEL LAVORO, DEL BENESSERE, DELLA FELICIT\u00c0. IN SINTONIA CON S\u00c9 STESSO, FELICE DELLA PROPRIA CONDIZIONE E DEL PROPRIO MONDO, CAPACE DI ESPRIMERE LA VITALIT\u00c0 E LA FIDUCIA CHE CARATTERIZZANO LA SENSIBILIT\u00c0 MASCHILE. <\/p>\n","protected":false},"featured_media":78119,"comment_status":"open","ping_status":"closed","template":"","meta":{"_et_pb_use_builder":"","_et_pb_old_content":"","_et_gb_content_width":""},"product_brand":[],"product_cat":[7113,7099,7098,7106,7114,7107],"product_tag":[],"class_list":{"0":"post-78120","1":"product","2":"type-product","3":"status-publish","4":"has-post-thumbnail","6":"product_cat-confezioni-regalo","7":"product_cat-offerte-da-non-perdere-default-category","8":"product_cat-default-category","9":"product_cat-profumi-default-category","10":"product_cat-uomo-1-confezioni-regalo","11":"product_cat-uomo-profumi-default-category","12":"pa_bollino-offerta_speciale","13":"pa_categoria_desc-confezioniregalouomo","14":"pa_confezione_desc-scatolaoriginalenotester","15":"pa_formato_filtro-100ml","16":"pa_manufacturer-calvinklein","17":"pa_sconto_desc-6906","18":"pa_spedizione_gratuita-no","19":"pa_tipo_filtro-sprayeaudetoilette","21":"first","22":"outofstock","23":"sale","24":"shipping-taxable","25":"purchasable","26":"product-type-simple"},"yoast_head":"<!-- This site is optimized with the Yoast SEO plugin v27.4 - https:\/\/yoast.com\/product\/yoast-seo-wordpress\/ -->\n<title>CALVIN KLEIN CK ETERNITY FOR MEN GIFT SET 100ML SPRAY EAU DE TOILETTE + 75ML DEDORANTE SENZA ALCOOL<\/title>\n<meta name=\"robots\" content=\"index, follow, max-snippet:-1, max-image-preview:large, max-video-preview:-1\" \/>\n<link rel=\"canonical\" href=\"https:\/\/profumix.it\/en\/prodotto\/calvin-klein-ck-eternity-for-men-gift-set-100ml-spray-eau-de-toilette-75ml-deodorante-senza-alcool\/\" \/>\n<meta property=\"og:locale\" content=\"en_US\" \/>\n<meta property=\"og:type\" content=\"article\" \/>\n<meta property=\"og:title\" content=\"CALVIN KLEIN CK ETERNITY FOR MEN GIFT SET 100ML SPRAY EAU DE TOILETTE + 75ML DEDORANTE SENZA ALCOOL\" \/>\n<meta property=\"og:description\" content=\"ETERNITY FOR MEN CALVIN KLEIN \u00c8 LO STILISTA AMERICANO DAL DESIGN MINIMALISTA E CONTEMPORANEO.  LA SUA FRAGRANZA ETERNITY FOR MEN \u00c8 DEDICATA ALL&#039;UOMO SENSIBILE, FORTE E RAFFINATO NELLO STESSO TEMPO. UN UOMO ROMANTICO CHE AMA I VALORI TRADIZIONALI DELLA FAMIGLIA, DEL LAVORO, DEL BENESSERE, DELLA FELICIT\u00c0. IN SINTONIA CON S\u00c9 STESSO, FELICE DELLA PROPRIA CONDIZIONE E DEL PROPRIO MONDO, CAPACE DI ESPRIMERE LA VITALIT\u00c0 E LA FIDUCIA CHE CARATTERIZZANO LA SENSIBILIT\u00c0 MASCHILE.\" \/>\n<meta property=\"og:url\" content=\"https:\/\/profumix.it\/en\/prodotto\/calvin-klein-ck-eternity-for-men-gift-set-100ml-spray-eau-de-toilette-75ml-deodorante-senza-alcool\/\" \/>\n<meta property=\"og:site_name\" content=\"Profumix Perfumes\" \/>\n<meta property=\"article:publisher\" content=\"https:\/\/www.facebook.com\/profumix\" \/>\n<meta property=\"article:modified_time\" content=\"2022-10-31T09:34:22+00:00\" \/>\n<meta property=\"og:image\" content=\"https:\/\/profumix.it\/wp-content\/uploads\/2014\/07\/product_c_a_calvin-klein-ck-eternity-for-men-gift-set-2.jpg\" \/>\n\t<meta property=\"og:image:width\" content=\"772\" \/>\n\t<meta property=\"og:image:height\" content=\"706\" \/>\n\t<meta property=\"og:image:type\" content=\"image\/jpeg\" \/>\n<meta name=\"twitter:card\" content=\"summary_large_image\" \/>\n<script type=\"application\/ld+json\" class=\"yoast-schema-graph\">{\"@context\":\"https:\\\/\\\/schema.org\",\"@graph\":[{\"@type\":\"WebPage\",\"@id\":\"https:\\\/\\\/profumix.it\\\/en\\\/prodotto\\\/calvin-klein-ck-eternity-for-men-gift-set-100ml-spray-eau-de-toilette-75ml-deodorante-senza-alcool\\\/\",\"url\":\"https:\\\/\\\/profumix.it\\\/en\\\/prodotto\\\/calvin-klein-ck-eternity-for-men-gift-set-100ml-spray-eau-de-toilette-75ml-deodorante-senza-alcool\\\/\",\"name\":\"CALVIN KLEIN CK ETERNITY FOR MEN GIFT SET 100ML SPRAY EAU DE TOILETTE + 75ML DEDORANTE SENZA ALCOOL\",\"isPartOf\":{\"@id\":\"https:\\\/\\\/profumix.it\\\/en\\\/#website\"},\"primaryImageOfPage\":{\"@id\":\"https:\\\/\\\/profumix.it\\\/en\\\/prodotto\\\/calvin-klein-ck-eternity-for-men-gift-set-100ml-spray-eau-de-toilette-75ml-deodorante-senza-alcool\\\/#primaryimage\"},\"image\":{\"@id\":\"https:\\\/\\\/profumix.it\\\/en\\\/prodotto\\\/calvin-klein-ck-eternity-for-men-gift-set-100ml-spray-eau-de-toilette-75ml-deodorante-senza-alcool\\\/#primaryimage\"},\"thumbnailUrl\":\"https:\\\/\\\/profumix.it\\\/wp-content\\\/uploads\\\/2014\\\/07\\\/product_c_a_calvin-klein-ck-eternity-for-men-gift-set-2.jpg\",\"datePublished\":\"2014-07-31T17:26:17+00:00\",\"dateModified\":\"2022-10-31T09:34:22+00:00\",\"breadcrumb\":{\"@id\":\"https:\\\/\\\/profumix.it\\\/en\\\/prodotto\\\/calvin-klein-ck-eternity-for-men-gift-set-100ml-spray-eau-de-toilette-75ml-deodorante-senza-alcool\\\/#breadcrumb\"},\"inLanguage\":\"en-US\",\"potentialAction\":[{\"@type\":\"ReadAction\",\"target\":[\"https:\\\/\\\/profumix.it\\\/en\\\/prodotto\\\/calvin-klein-ck-eternity-for-men-gift-set-100ml-spray-eau-de-toilette-75ml-deodorante-senza-alcool\\\/\"]}]},{\"@type\":\"ImageObject\",\"inLanguage\":\"en-US\",\"@id\":\"https:\\\/\\\/profumix.it\\\/en\\\/prodotto\\\/calvin-klein-ck-eternity-for-men-gift-set-100ml-spray-eau-de-toilette-75ml-deodorante-senza-alcool\\\/#primaryimage\",\"url\":\"https:\\\/\\\/profumix.it\\\/wp-content\\\/uploads\\\/2014\\\/07\\\/product_c_a_calvin-klein-ck-eternity-for-men-gift-set-2.jpg\",\"contentUrl\":\"https:\\\/\\\/profumix.it\\\/wp-content\\\/uploads\\\/2014\\\/07\\\/product_c_a_calvin-klein-ck-eternity-for-men-gift-set-2.jpg\",\"width\":772,\"height\":706,\"caption\":\"CALVIN KLEIN CK ETERNITY FOR MEN GIFT SET 100ML SPRAY EAU DE TOILETTE + 75ML DEDORANTE SENZA ALCOOL\"},{\"@type\":\"BreadcrumbList\",\"@id\":\"https:\\\/\\\/profumix.it\\\/en\\\/prodotto\\\/calvin-klein-ck-eternity-for-men-gift-set-100ml-spray-eau-de-toilette-75ml-deodorante-senza-alcool\\\/#breadcrumb\",\"itemListElement\":[{\"@type\":\"ListItem\",\"position\":1,\"name\":\"Home\",\"item\":\"https:\\\/\\\/profumix.it\\\/en\\\/home\\\/\"},{\"@type\":\"ListItem\",\"position\":2,\"name\":\"Shop\",\"item\":\"https:\\\/\\\/profumix.it\\\/en\\\/shop\\\/\"},{\"@type\":\"ListItem\",\"position\":3,\"name\":\"CALVIN KLEIN CK ETERNITY FOR MEN GIFT SET 100ML SPRAY EAU DE TOILETTE + 75ML DEDORANTE SENZA ALCOOL\"}]},{\"@type\":\"WebSite\",\"@id\":\"https:\\\/\\\/profumix.it\\\/en\\\/#website\",\"url\":\"https:\\\/\\\/profumix.it\\\/en\\\/\",\"name\":\"Profumix Perfumes\",\"description\":\"\",\"potentialAction\":[{\"@type\":\"SearchAction\",\"target\":{\"@type\":\"EntryPoint\",\"urlTemplate\":\"https:\\\/\\\/profumix.it\\\/en\\\/?s={search_term_string}\"},\"query-input\":{\"@type\":\"PropertyValueSpecification\",\"valueRequired\":true,\"valueName\":\"search_term_string\"}}],\"inLanguage\":\"en-US\"}]}<\/script>\n<!-- \/ Yoast SEO plugin. -->","yoast_head_json":{"title":"CALVIN KLEIN CK ETERNITY FOR MEN GIFT SET 100ML SPRAY EAU DE TOILETTE + 75ML DEDORANTE SENZA ALCOOL","robots":{"index":"index","follow":"follow","max-snippet":"max-snippet:-1","max-image-preview":"max-image-preview:large","max-video-preview":"max-video-preview:-1"},"canonical":"https:\/\/profumix.it\/en\/prodotto\/calvin-klein-ck-eternity-for-men-gift-set-100ml-spray-eau-de-toilette-75ml-deodorante-senza-alcool\/","og_locale":"en_US","og_type":"article","og_title":"CALVIN KLEIN CK ETERNITY FOR MEN GIFT SET 100ML SPRAY EAU DE TOILETTE + 75ML DEDORANTE SENZA ALCOOL","og_description":"ETERNITY FOR MEN CALVIN KLEIN \u00c8 LO STILISTA AMERICANO DAL DESIGN MINIMALISTA E CONTEMPORANEO.  LA SUA FRAGRANZA ETERNITY FOR MEN \u00c8 DEDICATA ALL'UOMO SENSIBILE, FORTE E RAFFINATO NELLO STESSO TEMPO. UN UOMO ROMANTICO CHE AMA I VALORI TRADIZIONALI DELLA FAMIGLIA, DEL LAVORO, DEL BENESSERE, DELLA FELICIT\u00c0. IN SINTONIA CON S\u00c9 STESSO, FELICE DELLA PROPRIA CONDIZIONE E DEL PROPRIO MONDO, CAPACE DI ESPRIMERE LA VITALIT\u00c0 E LA FIDUCIA CHE CARATTERIZZANO LA SENSIBILIT\u00c0 MASCHILE.","og_url":"https:\/\/profumix.it\/en\/prodotto\/calvin-klein-ck-eternity-for-men-gift-set-100ml-spray-eau-de-toilette-75ml-deodorante-senza-alcool\/","og_site_name":"Profumix Perfumes","article_publisher":"https:\/\/www.facebook.com\/profumix","article_modified_time":"2022-10-31T09:34:22+00:00","og_image":[{"width":772,"height":706,"url":"https:\/\/profumix.it\/wp-content\/uploads\/2014\/07\/product_c_a_calvin-klein-ck-eternity-for-men-gift-set-2.jpg","type":"image\/jpeg"}],"twitter_card":"summary_large_image","schema":{"@context":"https:\/\/schema.org","@graph":[{"@type":"WebPage","@id":"https:\/\/profumix.it\/en\/prodotto\/calvin-klein-ck-eternity-for-men-gift-set-100ml-spray-eau-de-toilette-75ml-deodorante-senza-alcool\/","url":"https:\/\/profumix.it\/en\/prodotto\/calvin-klein-ck-eternity-for-men-gift-set-100ml-spray-eau-de-toilette-75ml-deodorante-senza-alcool\/","name":"CALVIN KLEIN CK ETERNITY FOR MEN GIFT SET 100ML SPRAY EAU DE TOILETTE + 75ML DEDORANTE SENZA ALCOOL","isPartOf":{"@id":"https:\/\/profumix.it\/en\/#website"},"primaryImageOfPage":{"@id":"https:\/\/profumix.it\/en\/prodotto\/calvin-klein-ck-eternity-for-men-gift-set-100ml-spray-eau-de-toilette-75ml-deodorante-senza-alcool\/#primaryimage"},"image":{"@id":"https:\/\/profumix.it\/en\/prodotto\/calvin-klein-ck-eternity-for-men-gift-set-100ml-spray-eau-de-toilette-75ml-deodorante-senza-alcool\/#primaryimage"},"thumbnailUrl":"https:\/\/profumix.it\/wp-content\/uploads\/2014\/07\/product_c_a_calvin-klein-ck-eternity-for-men-gift-set-2.jpg","datePublished":"2014-07-31T17:26:17+00:00","dateModified":"2022-10-31T09:34:22+00:00","breadcrumb":{"@id":"https:\/\/profumix.it\/en\/prodotto\/calvin-klein-ck-eternity-for-men-gift-set-100ml-spray-eau-de-toilette-75ml-deodorante-senza-alcool\/#breadcrumb"},"inLanguage":"en-US","potentialAction":[{"@type":"ReadAction","target":["https:\/\/profumix.it\/en\/prodotto\/calvin-klein-ck-eternity-for-men-gift-set-100ml-spray-eau-de-toilette-75ml-deodorante-senza-alcool\/"]}]},{"@type":"ImageObject","inLanguage":"en-US","@id":"https:\/\/profumix.it\/en\/prodotto\/calvin-klein-ck-eternity-for-men-gift-set-100ml-spray-eau-de-toilette-75ml-deodorante-senza-alcool\/#primaryimage","url":"https:\/\/profumix.it\/wp-content\/uploads\/2014\/07\/product_c_a_calvin-klein-ck-eternity-for-men-gift-set-2.jpg","contentUrl":"https:\/\/profumix.it\/wp-content\/uploads\/2014\/07\/product_c_a_calvin-klein-ck-eternity-for-men-gift-set-2.jpg","width":772,"height":706,"caption":"CALVIN KLEIN CK ETERNITY FOR MEN GIFT SET 100ML SPRAY EAU DE TOILETTE + 75ML DEDORANTE SENZA ALCOOL"},{"@type":"BreadcrumbList","@id":"https:\/\/profumix.it\/en\/prodotto\/calvin-klein-ck-eternity-for-men-gift-set-100ml-spray-eau-de-toilette-75ml-deodorante-senza-alcool\/#breadcrumb","itemListElement":[{"@type":"ListItem","position":1,"name":"Home","item":"https:\/\/profumix.it\/en\/home\/"},{"@type":"ListItem","position":2,"name":"Shop","item":"https:\/\/profumix.it\/en\/shop\/"},{"@type":"ListItem","position":3,"name":"CALVIN KLEIN CK ETERNITY FOR MEN GIFT SET 100ML SPRAY EAU DE TOILETTE + 75ML DEDORANTE SENZA ALCOOL"}]},{"@type":"WebSite","@id":"https:\/\/profumix.it\/en\/#website","url":"https:\/\/profumix.it\/en\/","name":"Profumix Perfumes","description":"","potentialAction":[{"@type":"SearchAction","target":{"@type":"EntryPoint","urlTemplate":"https:\/\/profumix.it\/en\/?s={search_term_string}"},"query-input":{"@type":"PropertyValueSpecification","valueRequired":true,"valueName":"search_term_string"}}],"inLanguage":"en-US"}]}},"_links":{"self":[{"href":"https:\/\/profumix.it\/en\/wp-json\/wp\/v2\/product\/78120","targetHints":{"allow":["GET"]}}],"collection":[{"href":"https:\/\/profumix.it\/en\/wp-json\/wp\/v2\/product"}],"about":[{"href":"https:\/\/profumix.it\/en\/wp-json\/wp\/v2\/types\/product"}],"replies":[{"embeddable":true,"href":"https:\/\/profumix.it\/en\/wp-json\/wp\/v2\/comments?post=78120"}],"wp:featuredmedia":[{"embeddable":true,"href":"https:\/\/profumix.it\/en\/wp-json\/wp\/v2\/media\/78119"}],"wp:attachment":[{"href":"https:\/\/profumix.it\/en\/wp-json\/wp\/v2\/media?parent=78120"}],"wp:term":[{"taxonomy":"product_brand","embeddable":true,"href":"https:\/\/profumix.it\/en\/wp-json\/wp\/v2\/product_brand?post=78120"},{"taxonomy":"product_cat","embeddable":true,"href":"https:\/\/profumix.it\/en\/wp-json\/wp\/v2\/product_cat?post=78120"},{"taxonomy":"product_tag","embeddable":true,"href":"https:\/\/profumix.it\/en\/wp-json\/wp\/v2\/product_tag?post=78120"}],"curies":[{"name":"wp","href":"https:\/\/api.w.org\/{rel}","templated":true}]}}