{"id":78198,"date":"2014-10-25T17:50:07","date_gmt":"2014-10-25T15:50:07","guid":{"rendered":"https:\/\/profumix.it\/prodotto\/thierry-mugler-womanity-50ml-spray-eau-de-parfum-ricaricabile-latte-per-il-corpo-profumato-100ml-pochette\/"},"modified":"2014-10-25T17:50:07","modified_gmt":"2014-10-25T15:50:07","slug":"thierry-mugler-womanity-50ml-spray-eau-de-parfum-ricaricabile-latte-per-il-corpo-profumato-100ml-pochette","status":"publish","type":"product","link":"https:\/\/profumix.it\/en\/prodotto\/thierry-mugler-womanity-50ml-spray-eau-de-parfum-ricaricabile-latte-per-il-corpo-profumato-100ml-pochette\/","title":{"rendered":"THIERRY MUGLER WOMANITY 50ML SPRAY EAU DE PARFUM RICARICABILE + LATTE PROFUMATO PER IL CORPO 100ML + POCHETTE"},"content":{"rendered":"<p>18 ANNI DOPO ANGEL E 5 ANNI DOPO ALIEN, THIERRY MUGLER LANCIA,nel giugno del 20120, WOMANITY. LA NUOVA EDIZIONE ENTUSIASMER\u00c0 TUTTI GLI APPASSIONATI DELLE SUE CREAZIONI. WOMANITY \u00c8 UNA PAROLA CREATA PER COLLEGARE LA FEMMINILIT\u00c0, L&#8217;UMANIT\u00c0 E LA CITT\u00c0. L&#8217;OUVERTURE DI QUESTA EDIZIONE \u00c8 INIZIATA NEL MARZO 2010, QUANDO MUGLER HA LANCIATO IL SITO WEB WOMANITY.COM CON L&#8217;IDEA DI CHIEDERE ALLE DONNE DI DARE IDEE CREATIVE PER UN DETERMINATO PROGETTO O CAUSA. IL VINCITORE COLLABORER\u00c0 CON MUGLER PER COMPLETARE IL SITO.<\/p>\n<p>WOMANITY FRAGRANCE NASCE COME PARTE DI QUESTO FENOMENO, IN UNA BOTTIGLIA ROSA. LE CONNESSIONI TRA LE DONNE SONO PRESENTATE COME CATENE E ANELLI SULLA PARTE SUPERIORE DELLA BOTTIGLIA, CHE \u00c8 DECORATA CON FREGIO IN METALLO CON DESIGN SIMBOLICO.<br \/>\nLA COMPOSIZIONE DI WOMANITY \u00c8 STATA CREATA DA MANE, COME UN FORTE CONTRASTO DI ELEMENTI. USANDO IL NUOVO PROCESSO MOLECOLARE DI ESTRAZIONE, MANE RIESCE AD ESTRARRE AROMI NATURALI DI FICO PER GLI ACCORDI DOLCI. NOTE SALATE PROVENGONO DAL CAVIALE. PIERRE AULAS, DIRETTORE OLFATTIVO DI CLARINS FRAGRANCE GROUP, DICE CHE \u00c8 UNA VERA SFIDA QUELLA DI LAVORARE SULL&#8217;IDEA DI COMBINARE NOTE SALATE E DOLCI.<\/p>\n","protected":false},"excerpt":{"rendered":"<p>18 ANNI DOPO ANGEL E 5 ANNI DOPO ALIEN, THIERRY MUGLER LANCIA,nel giugno del 20120, WOMANITY. LA NUOVA EDIZIONE ENTUSIASMER\u00c0 TUTTI GLI APPASSIONATI DELLE SUE CREAZIONI. WOMANITY \u00c8 UNA PAROLA CREATA PER COLLEGARE LA FEMMINILIT\u00c0, L&#8217;UMANIT\u00c0 E LA CITT\u00c0. L&#8217;OUVERTURE DI QUESTA EDIZIONE \u00c8 INIZIATA NEL MARZO 2010, QUANDO MUGLER HA LANCIATO IL SITO WEB WOMANITY.COM CON L&#8217;IDEA DI CHIEDERE ALLE DONNE DI DARE IDEE CREATIVE PER UN DETERMINATO PROGETTO O CAUSA. IL VINCITORE COLLABORER\u00c0 CON MUGLER PER COMPLETARE IL SITO.<\/p>\n<p>WOMANITY FRAGRANCE NASCE COME PARTE DI QUESTO FENOMENO, IN UNA BOTTIGLIA ROSA. LE CONNESSIONI TRA LE DONNE SONO PRESENTATE COME CATENE E ANELLI SULLA PARTE SUPERIORE DELLA BOTTIGLIA, CHE \u00c8 DECORATA CON FREGIO IN METALLO CON DESIGN SIMBOLICO.<br \/>\nLA COMPOSIZIONE DI WOMANITY \u00c8 STATA CREATA DA MANE, COME UN FORTE CONTRASTO DI ELEMENTI. USANDO IL NUOVO PROCESSO MOLECOLARE DI ESTRAZIONE, MANE RIESCE AD ESTRARRE AROMI NATURALI DI FICO PER GLI ACCORDI DOLCI. NOTE SALATE PROVENGONO DAL CAVIALE. PIERRE AULAS, DIRETTORE OLFATTIVO DI CLARINS FRAGRANCE GROUP, DICE CHE \u00c8 UNA VERA SFIDA QUELLA DI LAVORARE SULL&#8217;IDEA DI COMBINARE NOTE SALATE E DOLCI.<\/p>\n","protected":false},"featured_media":78197,"comment_status":"open","ping_status":"closed","template":"","meta":{"_et_pb_use_builder":"","_et_pb_old_content":"","_et_gb_content_width":""},"product_brand":[],"product_cat":[7113,7109,7118,7099,7098,7106],"product_tag":[],"class_list":{"0":"post-78198","1":"product","2":"type-product","3":"status-publish","4":"has-post-thumbnail","6":"product_cat-confezioni-regalo","7":"product_cat-donna","8":"product_cat-donna-1-confezioni-regalo","9":"product_cat-offerte-da-non-perdere-default-category","10":"product_cat-default-category","11":"product_cat-profumi-default-category","12":"pa_bollino-offerta_speciale","13":"pa_confezione_desc-confezioneoriginalenotester","14":"pa_formato_filtro-50ml","15":"pa_manufacturer-thierrymugler","16":"pa_sconto_desc-6896","17":"pa_spedizione_gratuita-no","18":"pa_tipo_filtro-sprayeaudeparfum","20":"first","21":"outofstock","22":"sale","23":"shipping-taxable","24":"purchasable","25":"product-type-simple"},"yoast_head":"<!-- This site is optimized with the Yoast SEO plugin v27.4 - https:\/\/yoast.com\/product\/yoast-seo-wordpress\/ -->\n<title>THIERRY MUGLER WOMANITY 50ML SPRAY EAU DE PARFUM RICARICABILE + LATTE PROFUMATO PER IL CORPO 100ML + POCHETTE<\/title>\n<meta name=\"robots\" content=\"index, follow, max-snippet:-1, max-image-preview:large, max-video-preview:-1\" \/>\n<link rel=\"canonical\" href=\"https:\/\/profumix.it\/en\/prodotto\/thierry-mugler-womanity-50ml-spray-eau-de-parfum-ricaricabile-latte-per-il-corpo-profumato-100ml-pochette\/\" \/>\n<meta property=\"og:locale\" content=\"en_US\" \/>\n<meta property=\"og:type\" content=\"article\" \/>\n<meta property=\"og:title\" content=\"THIERRY MUGLER WOMANITY 50ML SPRAY EAU DE PARFUM RICARICABILE + LATTE PROFUMATO PER IL CORPO 100ML + POCHETTE\" \/>\n<meta property=\"og:description\" content=\"18 ANNI DOPO ANGEL E 5 ANNI DOPO ALIEN, THIERRY MUGLER LANCIA,nel giugno del 20120, WOMANITY. LA NUOVA EDIZIONE ENTUSIASMER\u00c0 TUTTI GLI APPASSIONATI DELLE SUE CREAZIONI. WOMANITY \u00c8 UNA PAROLA CREATA PER COLLEGARE LA FEMMINILIT\u00c0, L&#039;UMANIT\u00c0 E LA CITT\u00c0. L&#039;OUVERTURE DI QUESTA EDIZIONE \u00c8 INIZIATA NEL MARZO 2010, QUANDO MUGLER HA LANCIATO IL SITO WEB WOMANITY.COM CON L&#039;IDEA DI CHIEDERE ALLE DONNE DI DARE IDEE CREATIVE PER UN DETERMINATO PROGETTO O CAUSA. IL VINCITORE COLLABORER\u00c0 CON MUGLER PER COMPLETARE IL SITO.  WOMANITY FRAGRANCE NASCE COME PARTE DI QUESTO FENOMENO, IN UNA BOTTIGLIA ROSA. LE CONNESSIONI TRA LE DONNE SONO PRESENTATE COME CATENE E ANELLI SULLA PARTE SUPERIORE DELLA BOTTIGLIA, CHE \u00c8 DECORATA CON FREGIO IN METALLO CON DESIGN SIMBOLICO.  LA COMPOSIZIONE DI WOMANITY \u00c8 STATA CREATA DA MANE, COME UN FORTE CONTRASTO DI ELEMENTI. USANDO IL NUOVO PROCESSO MOLECOLARE DI ESTRAZIONE, MANE RIESCE AD ESTRARRE AROMI NATURALI DI FICO PER GLI ACCORDI DOLCI. NOTE SALATE PROVENGONO DAL CAVIALE. PIERRE AULAS, DIRETTORE OLFATTIVO DI CLARINS FRAGRANCE GROUP, DICE CHE \u00c8 UNA VERA SFIDA QUELLA DI LAVORARE SULL&#039;IDEA DI COMBINARE NOTE SALATE E DOLCI.\" \/>\n<meta property=\"og:url\" content=\"https:\/\/profumix.it\/en\/prodotto\/thierry-mugler-womanity-50ml-spray-eau-de-parfum-ricaricabile-latte-per-il-corpo-profumato-100ml-pochette\/\" \/>\n<meta property=\"og:site_name\" content=\"Profumix Perfumes\" \/>\n<meta property=\"article:publisher\" content=\"https:\/\/www.facebook.com\/profumix\" \/>\n<meta property=\"og:image\" content=\"https:\/\/profumix.it\/wp-content\/uploads\/2014\/10\/product_t_h_thierry_mugler_womanity_gift_set.jpg\" \/>\n\t<meta property=\"og:image:width\" content=\"500\" \/>\n\t<meta property=\"og:image:height\" content=\"500\" \/>\n\t<meta property=\"og:image:type\" content=\"image\/jpeg\" \/>\n<meta name=\"twitter:card\" content=\"summary_large_image\" \/>\n<meta name=\"twitter:label1\" content=\"Est. reading time\" \/>\n\t<meta name=\"twitter:data1\" content=\"1 minute\" \/>\n<script type=\"application\/ld+json\" class=\"yoast-schema-graph\">{\"@context\":\"https:\\\/\\\/schema.org\",\"@graph\":[{\"@type\":\"WebPage\",\"@id\":\"https:\\\/\\\/profumix.it\\\/en\\\/prodotto\\\/thierry-mugler-womanity-50ml-spray-eau-de-parfum-ricaricabile-latte-per-il-corpo-profumato-100ml-pochette\\\/\",\"url\":\"https:\\\/\\\/profumix.it\\\/en\\\/prodotto\\\/thierry-mugler-womanity-50ml-spray-eau-de-parfum-ricaricabile-latte-per-il-corpo-profumato-100ml-pochette\\\/\",\"name\":\"THIERRY MUGLER WOMANITY 50ML SPRAY EAU DE PARFUM RICARICABILE + LATTE PROFUMATO PER IL CORPO 100ML + POCHETTE\",\"isPartOf\":{\"@id\":\"https:\\\/\\\/profumix.it\\\/en\\\/#website\"},\"primaryImageOfPage\":{\"@id\":\"https:\\\/\\\/profumix.it\\\/en\\\/prodotto\\\/thierry-mugler-womanity-50ml-spray-eau-de-parfum-ricaricabile-latte-per-il-corpo-profumato-100ml-pochette\\\/#primaryimage\"},\"image\":{\"@id\":\"https:\\\/\\\/profumix.it\\\/en\\\/prodotto\\\/thierry-mugler-womanity-50ml-spray-eau-de-parfum-ricaricabile-latte-per-il-corpo-profumato-100ml-pochette\\\/#primaryimage\"},\"thumbnailUrl\":\"https:\\\/\\\/profumix.it\\\/wp-content\\\/uploads\\\/2014\\\/10\\\/product_t_h_thierry_mugler_womanity_gift_set.jpg\",\"datePublished\":\"2014-10-25T15:50:07+00:00\",\"breadcrumb\":{\"@id\":\"https:\\\/\\\/profumix.it\\\/en\\\/prodotto\\\/thierry-mugler-womanity-50ml-spray-eau-de-parfum-ricaricabile-latte-per-il-corpo-profumato-100ml-pochette\\\/#breadcrumb\"},\"inLanguage\":\"en-US\",\"potentialAction\":[{\"@type\":\"ReadAction\",\"target\":[\"https:\\\/\\\/profumix.it\\\/en\\\/prodotto\\\/thierry-mugler-womanity-50ml-spray-eau-de-parfum-ricaricabile-latte-per-il-corpo-profumato-100ml-pochette\\\/\"]}]},{\"@type\":\"ImageObject\",\"inLanguage\":\"en-US\",\"@id\":\"https:\\\/\\\/profumix.it\\\/en\\\/prodotto\\\/thierry-mugler-womanity-50ml-spray-eau-de-parfum-ricaricabile-latte-per-il-corpo-profumato-100ml-pochette\\\/#primaryimage\",\"url\":\"https:\\\/\\\/profumix.it\\\/wp-content\\\/uploads\\\/2014\\\/10\\\/product_t_h_thierry_mugler_womanity_gift_set.jpg\",\"contentUrl\":\"https:\\\/\\\/profumix.it\\\/wp-content\\\/uploads\\\/2014\\\/10\\\/product_t_h_thierry_mugler_womanity_gift_set.jpg\",\"width\":500,\"height\":500,\"caption\":\"THIERRY MUGLER WOMANITY 50ML SPRAY EAU DE PARFUM RICARICABILE + LATTE PROFUMATO PER IL CORPO 100ML + POCHETTE\"},{\"@type\":\"BreadcrumbList\",\"@id\":\"https:\\\/\\\/profumix.it\\\/en\\\/prodotto\\\/thierry-mugler-womanity-50ml-spray-eau-de-parfum-ricaricabile-latte-per-il-corpo-profumato-100ml-pochette\\\/#breadcrumb\",\"itemListElement\":[{\"@type\":\"ListItem\",\"position\":1,\"name\":\"Home\",\"item\":\"https:\\\/\\\/profumix.it\\\/en\\\/home\\\/\"},{\"@type\":\"ListItem\",\"position\":2,\"name\":\"Shop\",\"item\":\"https:\\\/\\\/profumix.it\\\/en\\\/shop\\\/\"},{\"@type\":\"ListItem\",\"position\":3,\"name\":\"THIERRY MUGLER WOMANITY 50ML SPRAY EAU DE PARFUM RICARICABILE + LATTE PROFUMATO PER IL CORPO 100ML + POCHETTE\"}]},{\"@type\":\"WebSite\",\"@id\":\"https:\\\/\\\/profumix.it\\\/en\\\/#website\",\"url\":\"https:\\\/\\\/profumix.it\\\/en\\\/\",\"name\":\"Profumix Perfumes\",\"description\":\"\",\"potentialAction\":[{\"@type\":\"SearchAction\",\"target\":{\"@type\":\"EntryPoint\",\"urlTemplate\":\"https:\\\/\\\/profumix.it\\\/en\\\/?s={search_term_string}\"},\"query-input\":{\"@type\":\"PropertyValueSpecification\",\"valueRequired\":true,\"valueName\":\"search_term_string\"}}],\"inLanguage\":\"en-US\"}]}<\/script>\n<!-- \/ Yoast SEO plugin. -->","yoast_head_json":{"title":"THIERRY MUGLER WOMANITY 50ML SPRAY EAU DE PARFUM RICARICABILE + LATTE PROFUMATO PER IL CORPO 100ML + POCHETTE","robots":{"index":"index","follow":"follow","max-snippet":"max-snippet:-1","max-image-preview":"max-image-preview:large","max-video-preview":"max-video-preview:-1"},"canonical":"https:\/\/profumix.it\/en\/prodotto\/thierry-mugler-womanity-50ml-spray-eau-de-parfum-ricaricabile-latte-per-il-corpo-profumato-100ml-pochette\/","og_locale":"en_US","og_type":"article","og_title":"THIERRY MUGLER WOMANITY 50ML SPRAY EAU DE PARFUM RICARICABILE + LATTE PROFUMATO PER IL CORPO 100ML + POCHETTE","og_description":"18 ANNI DOPO ANGEL E 5 ANNI DOPO ALIEN, THIERRY MUGLER LANCIA,nel giugno del 20120, WOMANITY. LA NUOVA EDIZIONE ENTUSIASMER\u00c0 TUTTI GLI APPASSIONATI DELLE SUE CREAZIONI. WOMANITY \u00c8 UNA PAROLA CREATA PER COLLEGARE LA FEMMINILIT\u00c0, L'UMANIT\u00c0 E LA CITT\u00c0. L'OUVERTURE DI QUESTA EDIZIONE \u00c8 INIZIATA NEL MARZO 2010, QUANDO MUGLER HA LANCIATO IL SITO WEB WOMANITY.COM CON L'IDEA DI CHIEDERE ALLE DONNE DI DARE IDEE CREATIVE PER UN DETERMINATO PROGETTO O CAUSA. IL VINCITORE COLLABORER\u00c0 CON MUGLER PER COMPLETARE IL SITO.  WOMANITY FRAGRANCE NASCE COME PARTE DI QUESTO FENOMENO, IN UNA BOTTIGLIA ROSA. LE CONNESSIONI TRA LE DONNE SONO PRESENTATE COME CATENE E ANELLI SULLA PARTE SUPERIORE DELLA BOTTIGLIA, CHE \u00c8 DECORATA CON FREGIO IN METALLO CON DESIGN SIMBOLICO.  LA COMPOSIZIONE DI WOMANITY \u00c8 STATA CREATA DA MANE, COME UN FORTE CONTRASTO DI ELEMENTI. USANDO IL NUOVO PROCESSO MOLECOLARE DI ESTRAZIONE, MANE RIESCE AD ESTRARRE AROMI NATURALI DI FICO PER GLI ACCORDI DOLCI. NOTE SALATE PROVENGONO DAL CAVIALE. PIERRE AULAS, DIRETTORE OLFATTIVO DI CLARINS FRAGRANCE GROUP, DICE CHE \u00c8 UNA VERA SFIDA QUELLA DI LAVORARE SULL'IDEA DI COMBINARE NOTE SALATE E DOLCI.","og_url":"https:\/\/profumix.it\/en\/prodotto\/thierry-mugler-womanity-50ml-spray-eau-de-parfum-ricaricabile-latte-per-il-corpo-profumato-100ml-pochette\/","og_site_name":"Profumix Perfumes","article_publisher":"https:\/\/www.facebook.com\/profumix","og_image":[{"width":500,"height":500,"url":"https:\/\/profumix.it\/wp-content\/uploads\/2014\/10\/product_t_h_thierry_mugler_womanity_gift_set.jpg","type":"image\/jpeg"}],"twitter_card":"summary_large_image","twitter_misc":{"Est. reading time":"1 minute"},"schema":{"@context":"https:\/\/schema.org","@graph":[{"@type":"WebPage","@id":"https:\/\/profumix.it\/en\/prodotto\/thierry-mugler-womanity-50ml-spray-eau-de-parfum-ricaricabile-latte-per-il-corpo-profumato-100ml-pochette\/","url":"https:\/\/profumix.it\/en\/prodotto\/thierry-mugler-womanity-50ml-spray-eau-de-parfum-ricaricabile-latte-per-il-corpo-profumato-100ml-pochette\/","name":"THIERRY MUGLER WOMANITY 50ML SPRAY EAU DE PARFUM RICARICABILE + LATTE PROFUMATO PER IL CORPO 100ML + POCHETTE","isPartOf":{"@id":"https:\/\/profumix.it\/en\/#website"},"primaryImageOfPage":{"@id":"https:\/\/profumix.it\/en\/prodotto\/thierry-mugler-womanity-50ml-spray-eau-de-parfum-ricaricabile-latte-per-il-corpo-profumato-100ml-pochette\/#primaryimage"},"image":{"@id":"https:\/\/profumix.it\/en\/prodotto\/thierry-mugler-womanity-50ml-spray-eau-de-parfum-ricaricabile-latte-per-il-corpo-profumato-100ml-pochette\/#primaryimage"},"thumbnailUrl":"https:\/\/profumix.it\/wp-content\/uploads\/2014\/10\/product_t_h_thierry_mugler_womanity_gift_set.jpg","datePublished":"2014-10-25T15:50:07+00:00","breadcrumb":{"@id":"https:\/\/profumix.it\/en\/prodotto\/thierry-mugler-womanity-50ml-spray-eau-de-parfum-ricaricabile-latte-per-il-corpo-profumato-100ml-pochette\/#breadcrumb"},"inLanguage":"en-US","potentialAction":[{"@type":"ReadAction","target":["https:\/\/profumix.it\/en\/prodotto\/thierry-mugler-womanity-50ml-spray-eau-de-parfum-ricaricabile-latte-per-il-corpo-profumato-100ml-pochette\/"]}]},{"@type":"ImageObject","inLanguage":"en-US","@id":"https:\/\/profumix.it\/en\/prodotto\/thierry-mugler-womanity-50ml-spray-eau-de-parfum-ricaricabile-latte-per-il-corpo-profumato-100ml-pochette\/#primaryimage","url":"https:\/\/profumix.it\/wp-content\/uploads\/2014\/10\/product_t_h_thierry_mugler_womanity_gift_set.jpg","contentUrl":"https:\/\/profumix.it\/wp-content\/uploads\/2014\/10\/product_t_h_thierry_mugler_womanity_gift_set.jpg","width":500,"height":500,"caption":"THIERRY MUGLER WOMANITY 50ML SPRAY EAU DE PARFUM RICARICABILE + LATTE PROFUMATO PER IL CORPO 100ML + POCHETTE"},{"@type":"BreadcrumbList","@id":"https:\/\/profumix.it\/en\/prodotto\/thierry-mugler-womanity-50ml-spray-eau-de-parfum-ricaricabile-latte-per-il-corpo-profumato-100ml-pochette\/#breadcrumb","itemListElement":[{"@type":"ListItem","position":1,"name":"Home","item":"https:\/\/profumix.it\/en\/home\/"},{"@type":"ListItem","position":2,"name":"Shop","item":"https:\/\/profumix.it\/en\/shop\/"},{"@type":"ListItem","position":3,"name":"THIERRY MUGLER WOMANITY 50ML SPRAY EAU DE PARFUM RICARICABILE + LATTE PROFUMATO PER IL CORPO 100ML + POCHETTE"}]},{"@type":"WebSite","@id":"https:\/\/profumix.it\/en\/#website","url":"https:\/\/profumix.it\/en\/","name":"Profumix Perfumes","description":"","potentialAction":[{"@type":"SearchAction","target":{"@type":"EntryPoint","urlTemplate":"https:\/\/profumix.it\/en\/?s={search_term_string}"},"query-input":{"@type":"PropertyValueSpecification","valueRequired":true,"valueName":"search_term_string"}}],"inLanguage":"en-US"}]}},"_links":{"self":[{"href":"https:\/\/profumix.it\/en\/wp-json\/wp\/v2\/product\/78198","targetHints":{"allow":["GET"]}}],"collection":[{"href":"https:\/\/profumix.it\/en\/wp-json\/wp\/v2\/product"}],"about":[{"href":"https:\/\/profumix.it\/en\/wp-json\/wp\/v2\/types\/product"}],"replies":[{"embeddable":true,"href":"https:\/\/profumix.it\/en\/wp-json\/wp\/v2\/comments?post=78198"}],"wp:featuredmedia":[{"embeddable":true,"href":"https:\/\/profumix.it\/en\/wp-json\/wp\/v2\/media\/78197"}],"wp:attachment":[{"href":"https:\/\/profumix.it\/en\/wp-json\/wp\/v2\/media?parent=78198"}],"wp:term":[{"taxonomy":"product_brand","embeddable":true,"href":"https:\/\/profumix.it\/en\/wp-json\/wp\/v2\/product_brand?post=78198"},{"taxonomy":"product_cat","embeddable":true,"href":"https:\/\/profumix.it\/en\/wp-json\/wp\/v2\/product_cat?post=78198"},{"taxonomy":"product_tag","embeddable":true,"href":"https:\/\/profumix.it\/en\/wp-json\/wp\/v2\/product_tag?post=78198"}],"curies":[{"name":"wp","href":"https:\/\/api.w.org\/{rel}","templated":true}]}}