{"id":78204,"date":"2014-10-30T18:47:12","date_gmt":"2014-10-30T17:47:12","guid":{"rendered":"https:\/\/profumix.it\/prodotto\/thierry-mugler-angel-15ml-spray-eau-de-parfum-ricaricabile-30ml-parfum-en-lait-pour-le-corps\/"},"modified":"2014-10-30T18:47:12","modified_gmt":"2014-10-30T17:47:12","slug":"thierry-mugler-angel-15ml-spray-eau-de-parfum-ricaricabile-30ml-parfum-en-lait-pour-le-corps","status":"publish","type":"product","link":"https:\/\/profumix.it\/en\/prodotto\/thierry-mugler-angel-15ml-spray-eau-de-parfum-ricaricabile-30ml-parfum-en-lait-pour-le-corps\/","title":{"rendered":"THIERRY MUGLER ANGEL 15ML SPRAY EAU DE PARFUM RICARICABILE + 30ML PARFUM EN LAIT POUR LE CORPS"},"content":{"rendered":"<p>LA STELLA ANGEL, NEL FORMATO VAPO DE SAC 15 ML RICARICABILE, \u00c8 DA OGGI CUSTODITA IN UN COFFRET ARRICCHITO DA UNA TAGLIA VIAGGIO DEL LATTE CORPO. UN\u2019OCCASIONE IMPERDIBILE PER SCOPRIRE LE NOTE GOLOSE DI ANGEL\u2026<\/p>\n<p>ANGEL DI THIERRY MUGLER \u00c8 UN PROFUMO FEMMINILE ORIENTALE ALLA VANIGLIA. ANGEL \u00c8 STATO LANCIATO NEL 1992. ANGEL \u00c8 STATO CREATO DA OLIVIER CRESP E YVES DE CHIRIN.<br \/>\nNOTE DI TESTA SONO: MELONE, COCCO, MANDARINO, CASSIA, GELSOMINO, BERGAMOTTO E ZUCCHERO FILATO<br \/>\nNOTE DI CUORE SONO: MIELE, ALBICOCCA, MORA, PRUGNA, ORCHIDEA, PESCA, GELSOMINO, GIGLIO,BACCHE ROSSE E ROSA, NOTE DI BASE SONO: FAVA TONKA, AMBRA, PATCHOULI, MUSCHIO, VANIGLIA, CIOCCOLATO FONDENTE E CARAMELLO. QUESTO PROFUMO \u00c8 IL VINCITORE DEL PREMIO PREMIO SALA FIFI OF FAME 2007. <\/p>\n","protected":false},"excerpt":{"rendered":"<p>LA STELLA ANGEL, NEL FORMATO VAPO DE SAC 15 ML RICARICABILE, \u00c8 DA OGGI CUSTODITA IN UN COFFRET ARRICCHITO DA UNA TAGLIA VIAGGIO DEL LATTE CORPO. UN\u2019OCCASIONE IMPERDIBILE PER SCOPRIRE LE NOTE GOLOSE DI ANGEL\u2026<\/p>\n<p>ANGEL DI THIERRY MUGLER \u00c8 UN PROFUMO FEMMINILE ORIENTALE ALLA VANIGLIA. ANGEL \u00c8 STATO LANCIATO NEL 1992. ANGEL \u00c8 STATO CREATO DA OLIVIER CRESP E YVES DE CHIRIN.<br \/>\nNOTE DI TESTA SONO: MELONE, COCCO, MANDARINO, CASSIA, GELSOMINO, BERGAMOTTO E ZUCCHERO FILATO<br \/>\nNOTE DI CUORE SONO: MIELE, ALBICOCCA, MORA, PRUGNA, ORCHIDEA, PESCA, GELSOMINO, GIGLIO,BACCHE ROSSE E ROSA, NOTE DI BASE SONO: FAVA TONKA, AMBRA, PATCHOULI, MUSCHIO, VANIGLIA, CIOCCOLATO FONDENTE E CARAMELLO. QUESTO PROFUMO \u00c8 IL VINCITORE DEL PREMIO PREMIO SALA FIFI OF FAME 2007. <\/p>\n","protected":false},"featured_media":78203,"comment_status":"open","ping_status":"closed","template":"","meta":{"_et_pb_use_builder":"","_et_pb_old_content":"","_et_gb_content_width":""},"product_brand":[],"product_cat":[7113,7118,7098],"product_tag":[],"class_list":{"0":"post-78204","1":"product","2":"type-product","3":"status-publish","4":"has-post-thumbnail","6":"product_cat-confezioni-regalo","7":"product_cat-donna-1-confezioni-regalo","8":"product_cat-default-category","9":"pa_confezione_desc-confezioneoriginalenotester","10":"pa_formato_filtro-15ml","11":"pa_manufacturer-thierrymugler","12":"pa_sconto_desc-6886","13":"pa_spedizione_gratuita-no","14":"pa_tipo_filtro-sprayeaudeparfum","16":"first","17":"outofstock","18":"sale","19":"shipping-taxable","20":"purchasable","21":"product-type-simple"},"yoast_head":"<!-- This site is optimized with the Yoast SEO plugin v27.4 - https:\/\/yoast.com\/product\/yoast-seo-wordpress\/ -->\n<title>THIERRY MUGLER ANGEL 15ML SPRAY EAU DE PARFUM RICARICABILE + 30ML PARFUM EN LAIT POUR LE CORPS<\/title>\n<meta name=\"robots\" content=\"index, follow, max-snippet:-1, max-image-preview:large, max-video-preview:-1\" \/>\n<link rel=\"canonical\" href=\"https:\/\/profumix.it\/en\/prodotto\/thierry-mugler-angel-15ml-spray-eau-de-parfum-ricaricabile-30ml-parfum-en-lait-pour-le-corps\/\" \/>\n<meta property=\"og:locale\" content=\"en_US\" \/>\n<meta property=\"og:type\" content=\"article\" \/>\n<meta property=\"og:title\" content=\"THIERRY MUGLER ANGEL 15ML SPRAY EAU DE PARFUM RICARICABILE + 30ML PARFUM EN LAIT POUR LE CORPS\" \/>\n<meta property=\"og:description\" content=\"LA STELLA ANGEL, NEL FORMATO VAPO DE SAC 15 ML RICARICABILE, \u00c8 DA OGGI CUSTODITA IN UN COFFRET ARRICCHITO DA UNA TAGLIA VIAGGIO DEL LATTE CORPO. UN\u2019OCCASIONE IMPERDIBILE PER SCOPRIRE LE NOTE GOLOSE DI ANGEL\u2026  ANGEL DI THIERRY MUGLER \u00c8 UN PROFUMO FEMMINILE ORIENTALE ALLA VANIGLIA. ANGEL \u00c8 STATO LANCIATO NEL 1992. ANGEL \u00c8 STATO CREATO DA OLIVIER CRESP E YVES DE CHIRIN. NOTE DI TESTA SONO: MELONE, COCCO, MANDARINO, CASSIA, GELSOMINO, BERGAMOTTO E ZUCCHERO FILATO NOTE DI CUORE SONO: MIELE, ALBICOCCA, MORA, PRUGNA, ORCHIDEA, PESCA, GELSOMINO, GIGLIO,BACCHE ROSSE E ROSA, NOTE DI BASE SONO: FAVA TONKA, AMBRA, PATCHOULI, MUSCHIO, VANIGLIA, CIOCCOLATO FONDENTE E CARAMELLO. QUESTO PROFUMO \u00c8 IL VINCITORE DEL PREMIO PREMIO SALA FIFI OF FAME 2007.\" \/>\n<meta property=\"og:url\" content=\"https:\/\/profumix.it\/en\/prodotto\/thierry-mugler-angel-15ml-spray-eau-de-parfum-ricaricabile-30ml-parfum-en-lait-pour-le-corps\/\" \/>\n<meta property=\"og:site_name\" content=\"Profumix Perfumes\" \/>\n<meta property=\"article:publisher\" content=\"https:\/\/www.facebook.com\/profumix\" \/>\n<meta property=\"og:image\" content=\"https:\/\/profumix.it\/wp-content\/uploads\/2014\/10\/product_t_h_thierry_mugler-angel-coffret-mini.jpg\" \/>\n\t<meta property=\"og:image:width\" content=\"900\" \/>\n\t<meta property=\"og:image:height\" content=\"900\" \/>\n\t<meta property=\"og:image:type\" content=\"image\/jpeg\" \/>\n<meta name=\"twitter:card\" content=\"summary_large_image\" \/>\n<meta name=\"twitter:label1\" content=\"Est. reading time\" \/>\n\t<meta name=\"twitter:data1\" content=\"1 minute\" \/>\n<script type=\"application\/ld+json\" class=\"yoast-schema-graph\">{\"@context\":\"https:\\\/\\\/schema.org\",\"@graph\":[{\"@type\":\"WebPage\",\"@id\":\"https:\\\/\\\/profumix.it\\\/en\\\/prodotto\\\/thierry-mugler-angel-15ml-spray-eau-de-parfum-ricaricabile-30ml-parfum-en-lait-pour-le-corps\\\/\",\"url\":\"https:\\\/\\\/profumix.it\\\/en\\\/prodotto\\\/thierry-mugler-angel-15ml-spray-eau-de-parfum-ricaricabile-30ml-parfum-en-lait-pour-le-corps\\\/\",\"name\":\"THIERRY MUGLER ANGEL 15ML SPRAY EAU DE PARFUM RICARICABILE + 30ML PARFUM EN LAIT POUR LE CORPS\",\"isPartOf\":{\"@id\":\"https:\\\/\\\/profumix.it\\\/en\\\/#website\"},\"primaryImageOfPage\":{\"@id\":\"https:\\\/\\\/profumix.it\\\/en\\\/prodotto\\\/thierry-mugler-angel-15ml-spray-eau-de-parfum-ricaricabile-30ml-parfum-en-lait-pour-le-corps\\\/#primaryimage\"},\"image\":{\"@id\":\"https:\\\/\\\/profumix.it\\\/en\\\/prodotto\\\/thierry-mugler-angel-15ml-spray-eau-de-parfum-ricaricabile-30ml-parfum-en-lait-pour-le-corps\\\/#primaryimage\"},\"thumbnailUrl\":\"https:\\\/\\\/profumix.it\\\/wp-content\\\/uploads\\\/2014\\\/10\\\/product_t_h_thierry_mugler-angel-coffret-mini.jpg\",\"datePublished\":\"2014-10-30T17:47:12+00:00\",\"breadcrumb\":{\"@id\":\"https:\\\/\\\/profumix.it\\\/en\\\/prodotto\\\/thierry-mugler-angel-15ml-spray-eau-de-parfum-ricaricabile-30ml-parfum-en-lait-pour-le-corps\\\/#breadcrumb\"},\"inLanguage\":\"en-US\",\"potentialAction\":[{\"@type\":\"ReadAction\",\"target\":[\"https:\\\/\\\/profumix.it\\\/en\\\/prodotto\\\/thierry-mugler-angel-15ml-spray-eau-de-parfum-ricaricabile-30ml-parfum-en-lait-pour-le-corps\\\/\"]}]},{\"@type\":\"ImageObject\",\"inLanguage\":\"en-US\",\"@id\":\"https:\\\/\\\/profumix.it\\\/en\\\/prodotto\\\/thierry-mugler-angel-15ml-spray-eau-de-parfum-ricaricabile-30ml-parfum-en-lait-pour-le-corps\\\/#primaryimage\",\"url\":\"https:\\\/\\\/profumix.it\\\/wp-content\\\/uploads\\\/2014\\\/10\\\/product_t_h_thierry_mugler-angel-coffret-mini.jpg\",\"contentUrl\":\"https:\\\/\\\/profumix.it\\\/wp-content\\\/uploads\\\/2014\\\/10\\\/product_t_h_thierry_mugler-angel-coffret-mini.jpg\",\"width\":900,\"height\":900,\"caption\":\"THIERRY MUGLER ANGEL 15ML SPRAY EAU DE PARFUM RICARICABILE + 30ML PARFUM EN LAIT POUR LE CORPS\"},{\"@type\":\"BreadcrumbList\",\"@id\":\"https:\\\/\\\/profumix.it\\\/en\\\/prodotto\\\/thierry-mugler-angel-15ml-spray-eau-de-parfum-ricaricabile-30ml-parfum-en-lait-pour-le-corps\\\/#breadcrumb\",\"itemListElement\":[{\"@type\":\"ListItem\",\"position\":1,\"name\":\"Home\",\"item\":\"https:\\\/\\\/profumix.it\\\/en\\\/home\\\/\"},{\"@type\":\"ListItem\",\"position\":2,\"name\":\"Shop\",\"item\":\"https:\\\/\\\/profumix.it\\\/en\\\/shop\\\/\"},{\"@type\":\"ListItem\",\"position\":3,\"name\":\"THIERRY MUGLER ANGEL 15ML SPRAY EAU DE PARFUM RICARICABILE + 30ML PARFUM EN LAIT POUR LE CORPS\"}]},{\"@type\":\"WebSite\",\"@id\":\"https:\\\/\\\/profumix.it\\\/en\\\/#website\",\"url\":\"https:\\\/\\\/profumix.it\\\/en\\\/\",\"name\":\"Profumix Perfumes\",\"description\":\"\",\"potentialAction\":[{\"@type\":\"SearchAction\",\"target\":{\"@type\":\"EntryPoint\",\"urlTemplate\":\"https:\\\/\\\/profumix.it\\\/en\\\/?s={search_term_string}\"},\"query-input\":{\"@type\":\"PropertyValueSpecification\",\"valueRequired\":true,\"valueName\":\"search_term_string\"}}],\"inLanguage\":\"en-US\"}]}<\/script>\n<!-- \/ Yoast SEO plugin. -->","yoast_head_json":{"title":"THIERRY MUGLER ANGEL 15ML SPRAY EAU DE PARFUM RICARICABILE + 30ML PARFUM EN LAIT POUR LE CORPS","robots":{"index":"index","follow":"follow","max-snippet":"max-snippet:-1","max-image-preview":"max-image-preview:large","max-video-preview":"max-video-preview:-1"},"canonical":"https:\/\/profumix.it\/en\/prodotto\/thierry-mugler-angel-15ml-spray-eau-de-parfum-ricaricabile-30ml-parfum-en-lait-pour-le-corps\/","og_locale":"en_US","og_type":"article","og_title":"THIERRY MUGLER ANGEL 15ML SPRAY EAU DE PARFUM RICARICABILE + 30ML PARFUM EN LAIT POUR LE CORPS","og_description":"LA STELLA ANGEL, NEL FORMATO VAPO DE SAC 15 ML RICARICABILE, \u00c8 DA OGGI CUSTODITA IN UN COFFRET ARRICCHITO DA UNA TAGLIA VIAGGIO DEL LATTE CORPO. UN\u2019OCCASIONE IMPERDIBILE PER SCOPRIRE LE NOTE GOLOSE DI ANGEL\u2026  ANGEL DI THIERRY MUGLER \u00c8 UN PROFUMO FEMMINILE ORIENTALE ALLA VANIGLIA. ANGEL \u00c8 STATO LANCIATO NEL 1992. ANGEL \u00c8 STATO CREATO DA OLIVIER CRESP E YVES DE CHIRIN. NOTE DI TESTA SONO: MELONE, COCCO, MANDARINO, CASSIA, GELSOMINO, BERGAMOTTO E ZUCCHERO FILATO NOTE DI CUORE SONO: MIELE, ALBICOCCA, MORA, PRUGNA, ORCHIDEA, PESCA, GELSOMINO, GIGLIO,BACCHE ROSSE E ROSA, NOTE DI BASE SONO: FAVA TONKA, AMBRA, PATCHOULI, MUSCHIO, VANIGLIA, CIOCCOLATO FONDENTE E CARAMELLO. QUESTO PROFUMO \u00c8 IL VINCITORE DEL PREMIO PREMIO SALA FIFI OF FAME 2007.","og_url":"https:\/\/profumix.it\/en\/prodotto\/thierry-mugler-angel-15ml-spray-eau-de-parfum-ricaricabile-30ml-parfum-en-lait-pour-le-corps\/","og_site_name":"Profumix Perfumes","article_publisher":"https:\/\/www.facebook.com\/profumix","og_image":[{"width":900,"height":900,"url":"https:\/\/profumix.it\/wp-content\/uploads\/2014\/10\/product_t_h_thierry_mugler-angel-coffret-mini.jpg","type":"image\/jpeg"}],"twitter_card":"summary_large_image","twitter_misc":{"Est. reading time":"1 minute"},"schema":{"@context":"https:\/\/schema.org","@graph":[{"@type":"WebPage","@id":"https:\/\/profumix.it\/en\/prodotto\/thierry-mugler-angel-15ml-spray-eau-de-parfum-ricaricabile-30ml-parfum-en-lait-pour-le-corps\/","url":"https:\/\/profumix.it\/en\/prodotto\/thierry-mugler-angel-15ml-spray-eau-de-parfum-ricaricabile-30ml-parfum-en-lait-pour-le-corps\/","name":"THIERRY MUGLER ANGEL 15ML SPRAY EAU DE PARFUM RICARICABILE + 30ML PARFUM EN LAIT POUR LE CORPS","isPartOf":{"@id":"https:\/\/profumix.it\/en\/#website"},"primaryImageOfPage":{"@id":"https:\/\/profumix.it\/en\/prodotto\/thierry-mugler-angel-15ml-spray-eau-de-parfum-ricaricabile-30ml-parfum-en-lait-pour-le-corps\/#primaryimage"},"image":{"@id":"https:\/\/profumix.it\/en\/prodotto\/thierry-mugler-angel-15ml-spray-eau-de-parfum-ricaricabile-30ml-parfum-en-lait-pour-le-corps\/#primaryimage"},"thumbnailUrl":"https:\/\/profumix.it\/wp-content\/uploads\/2014\/10\/product_t_h_thierry_mugler-angel-coffret-mini.jpg","datePublished":"2014-10-30T17:47:12+00:00","breadcrumb":{"@id":"https:\/\/profumix.it\/en\/prodotto\/thierry-mugler-angel-15ml-spray-eau-de-parfum-ricaricabile-30ml-parfum-en-lait-pour-le-corps\/#breadcrumb"},"inLanguage":"en-US","potentialAction":[{"@type":"ReadAction","target":["https:\/\/profumix.it\/en\/prodotto\/thierry-mugler-angel-15ml-spray-eau-de-parfum-ricaricabile-30ml-parfum-en-lait-pour-le-corps\/"]}]},{"@type":"ImageObject","inLanguage":"en-US","@id":"https:\/\/profumix.it\/en\/prodotto\/thierry-mugler-angel-15ml-spray-eau-de-parfum-ricaricabile-30ml-parfum-en-lait-pour-le-corps\/#primaryimage","url":"https:\/\/profumix.it\/wp-content\/uploads\/2014\/10\/product_t_h_thierry_mugler-angel-coffret-mini.jpg","contentUrl":"https:\/\/profumix.it\/wp-content\/uploads\/2014\/10\/product_t_h_thierry_mugler-angel-coffret-mini.jpg","width":900,"height":900,"caption":"THIERRY MUGLER ANGEL 15ML SPRAY EAU DE PARFUM RICARICABILE + 30ML PARFUM EN LAIT POUR LE CORPS"},{"@type":"BreadcrumbList","@id":"https:\/\/profumix.it\/en\/prodotto\/thierry-mugler-angel-15ml-spray-eau-de-parfum-ricaricabile-30ml-parfum-en-lait-pour-le-corps\/#breadcrumb","itemListElement":[{"@type":"ListItem","position":1,"name":"Home","item":"https:\/\/profumix.it\/en\/home\/"},{"@type":"ListItem","position":2,"name":"Shop","item":"https:\/\/profumix.it\/en\/shop\/"},{"@type":"ListItem","position":3,"name":"THIERRY MUGLER ANGEL 15ML SPRAY EAU DE PARFUM RICARICABILE + 30ML PARFUM EN LAIT POUR LE CORPS"}]},{"@type":"WebSite","@id":"https:\/\/profumix.it\/en\/#website","url":"https:\/\/profumix.it\/en\/","name":"Profumix Perfumes","description":"","potentialAction":[{"@type":"SearchAction","target":{"@type":"EntryPoint","urlTemplate":"https:\/\/profumix.it\/en\/?s={search_term_string}"},"query-input":{"@type":"PropertyValueSpecification","valueRequired":true,"valueName":"search_term_string"}}],"inLanguage":"en-US"}]}},"_links":{"self":[{"href":"https:\/\/profumix.it\/en\/wp-json\/wp\/v2\/product\/78204","targetHints":{"allow":["GET"]}}],"collection":[{"href":"https:\/\/profumix.it\/en\/wp-json\/wp\/v2\/product"}],"about":[{"href":"https:\/\/profumix.it\/en\/wp-json\/wp\/v2\/types\/product"}],"replies":[{"embeddable":true,"href":"https:\/\/profumix.it\/en\/wp-json\/wp\/v2\/comments?post=78204"}],"wp:featuredmedia":[{"embeddable":true,"href":"https:\/\/profumix.it\/en\/wp-json\/wp\/v2\/media\/78203"}],"wp:attachment":[{"href":"https:\/\/profumix.it\/en\/wp-json\/wp\/v2\/media?parent=78204"}],"wp:term":[{"taxonomy":"product_brand","embeddable":true,"href":"https:\/\/profumix.it\/en\/wp-json\/wp\/v2\/product_brand?post=78204"},{"taxonomy":"product_cat","embeddable":true,"href":"https:\/\/profumix.it\/en\/wp-json\/wp\/v2\/product_cat?post=78204"},{"taxonomy":"product_tag","embeddable":true,"href":"https:\/\/profumix.it\/en\/wp-json\/wp\/v2\/product_tag?post=78204"}],"curies":[{"name":"wp","href":"https:\/\/api.w.org\/{rel}","templated":true}]}}