{"id":78230,"date":"2014-11-18T11:17:04","date_gmt":"2014-11-18T10:17:04","guid":{"rendered":"https:\/\/profumix.it\/prodotto\/paco-rabanne-lady-million-gift-set-50ml-spray-eau-de-parfum-100ml-latte-sensuale-per-il-corpo\/"},"modified":"2014-11-18T11:17:04","modified_gmt":"2014-11-18T10:17:04","slug":"paco-rabanne-lady-million-gift-set-50ml-spray-eau-de-parfum-100ml-latte-sensuale-per-il-corpo","status":"publish","type":"product","link":"https:\/\/profumix.it\/en\/prodotto\/paco-rabanne-lady-million-gift-set-50ml-spray-eau-de-parfum-100ml-latte-sensuale-per-il-corpo\/","title":{"rendered":"PACO RABANNE LADY MILLION GIFT SET 50ML SPRAY EAU DE PARFUM + 100ML LATTE SENSUALE PER IL CORPO"},"content":{"rendered":"<p>1 MILLION \u00c8 UNA DELLE FRAGRANZE PI\u00d9 POPOLARI LANCIATE NEGLI ULTIMI ANNI. DOPO L&#8217;EDIZIONE MASCHILE, ESCE, 2 ANNI DOPO,QUELLA FEMMINILE CHE PRENDE IL NOME DI LADY MILLION . <\/p>\n<p>IL FLACONE DI LADY MILLION \u00c8 IN SINTONIA CON LA COMPOSIZIONE E IL TEMA DI QUESTA EDIZIONE. INVECE DEL LINGOTTO D&#8217;ORO,CHE CARATTERIZZAVA L\u2019EDIZIONE MASCHILE, IL FLACONE FEMMINILE \u00c8 CONCEPITO COME UN DIAMANTE D&#8217;ORO CHE ESPRIME LUSSO E RICCHEZZA. LA FRAGRANZA E\u2019 COMPOSTA DA ACCORDI FLOREALI INTRECCIATI, FRESCHI E LEGNOSI.<\/p>\n<p>ANNE FLIPO, B\u00c9ATRICE PIQUET E DOMINQUE ROPION HANNO CREATO PROFUMI PER ALCUNI DEI PI\u00d9 GRANDI NOMI DELLA PROFUMERIA. LADY MILLION \u00c8 FRESCO, FLOREALE E LEGNOSO, COME UN NETTARE DI FIORI VOLUTTUOSI, ALLO STESSO TEMPO DELICATO MA PERSISTENTE. LA FORZA SEDUCENTE DELLE NOTE DI TESTA,VIENE DATA DA UNA SCINTILLA DI ARANCIO AMARO, CON UN TOCCO DI LAMPONE SEGUITA DA UNA RAFFICA DI NEROLI. POI, UNENDOSI CON ARABIAN GELSOMINO SOTTOLINEATO DALLA GARDENIA, LA MISCELA SI LIBRA IN QUALCOSA DI PI\u00d9 CARNALE, MA SEMPRE SOTTILE. ORA IL PULSARE OSSESSIVO DEL PATCHOULI ENTRA NELLA MISCHIA, ED IL MIELE LE DONA UNA DOLCEZZA COINVOLGENTE E TERRIBILMENTE SEDUCENTE. L\u2019AMBRA SPREAD FA DIVENTARE TUTTO AVVOLGENTE, GALLEGGIANO INTORNO ALLA BELLEZZA, A SEGUITO DI OGNI MOVIMENTO, E OFFRENDO LE SUE SFACCETTATURE PI\u00d9 BELLE. LA FRAGRANZA E\u2019 USCITA NEL LUGLIO 2010 ED E\u2019 STATA CREATA DA ANNE FLIPO, BEATRICE PIQUET, ROPION DOMINIQUE E BRUNO JOVANOVIC.<\/p>\n","protected":false},"excerpt":{"rendered":"<p>1 MILLION \u00c8 UNA DELLE FRAGRANZE PI\u00d9 POPOLARI LANCIATE NEGLI ULTIMI ANNI. DOPO L&#8217;EDIZIONE MASCHILE, ESCE, 2 ANNI DOPO,QUELLA FEMMINILE CHE PRENDE IL NOME DI LADY MILLION . <\/p>\n<p>IL FLACONE DI LADY MILLION \u00c8 IN SINTONIA CON LA COMPOSIZIONE E IL TEMA DI QUESTA EDIZIONE. INVECE DEL LINGOTTO D&#8217;ORO,CHE CARATTERIZZAVA L\u2019EDIZIONE MASCHILE, IL FLACONE FEMMINILE \u00c8 CONCEPITO COME UN DIAMANTE D&#8217;ORO CHE ESPRIME LUSSO E RICCHEZZA. LA FRAGRANZA E\u2019 COMPOSTA DA ACCORDI FLOREALI INTRECCIATI, FRESCHI E LEGNOSI.<\/p>\n<p>ANNE FLIPO, B\u00c9ATRICE PIQUET E DOMINQUE ROPION HANNO CREATO PROFUMI PER ALCUNI DEI PI\u00d9 GRANDI NOMI DELLA PROFUMERIA. LADY MILLION \u00c8 FRESCO, FLOREALE E LEGNOSO, COME UN NETTARE DI FIORI VOLUTTUOSI, ALLO STESSO TEMPO DELICATO MA PERSISTENTE. LA FORZA SEDUCENTE DELLE NOTE DI TESTA,VIENE DATA DA UNA SCINTILLA DI ARANCIO AMARO, CON UN TOCCO DI LAMPONE SEGUITA DA UNA RAFFICA DI NEROLI. POI, UNENDOSI CON ARABIAN GELSOMINO SOTTOLINEATO DALLA GARDENIA, LA MISCELA SI LIBRA IN QUALCOSA DI PI\u00d9 CARNALE, MA SEMPRE SOTTILE. ORA IL PULSARE OSSESSIVO DEL PATCHOULI ENTRA NELLA MISCHIA, ED IL MIELE LE DONA UNA DOLCEZZA COINVOLGENTE E TERRIBILMENTE SEDUCENTE. L\u2019AMBRA SPREAD FA DIVENTARE TUTTO AVVOLGENTE, GALLEGGIANO INTORNO ALLA BELLEZZA, A SEGUITO DI OGNI MOVIMENTO, E OFFRENDO LE SUE SFACCETTATURE PI\u00d9 BELLE. LA FRAGRANZA E\u2019 USCITA NEL LUGLIO 2010 ED E\u2019 STATA CREATA DA ANNE FLIPO, BEATRICE PIQUET, ROPION DOMINIQUE E BRUNO JOVANOVIC.<\/p>\n","protected":false},"featured_media":78229,"comment_status":"open","ping_status":"closed","template":"","meta":{"_et_pb_use_builder":"","_et_pb_old_content":"","_et_gb_content_width":""},"product_brand":[],"product_cat":[7113,7118,7099,7098],"product_tag":[],"class_list":{"0":"post-78230","1":"product","2":"type-product","3":"status-publish","4":"has-post-thumbnail","6":"product_cat-confezioni-regalo","7":"product_cat-donna-1-confezioni-regalo","8":"product_cat-offerte-da-non-perdere-default-category","9":"product_cat-default-category","10":"pa_bollino-offerta_speciale","11":"pa_confezione_desc-confezioneoriginalenotester","12":"pa_formato_filtro-50ml","13":"pa_manufacturer-pacorabanne","14":"pa_sconto_desc-6889","15":"pa_spedizione_gratuita-no","16":"pa_tipo_filtro-sprayeaudeparfum","18":"first","19":"outofstock","20":"sale","21":"shipping-taxable","22":"purchasable","23":"product-type-simple"},"yoast_head":"<!-- This site is optimized with the Yoast SEO plugin v27.4 - https:\/\/yoast.com\/product\/yoast-seo-wordpress\/ -->\n<title>PACO RABANNE LADY MILLION GIFT SET 50ML SPRAY EAU DE PARFUM + 100ML LATTE SENSUALE PER IL CORPO<\/title>\n<meta name=\"robots\" content=\"index, follow, max-snippet:-1, max-image-preview:large, max-video-preview:-1\" \/>\n<link rel=\"canonical\" href=\"https:\/\/profumix.it\/en\/prodotto\/paco-rabanne-lady-million-gift-set-50ml-spray-eau-de-parfum-100ml-latte-sensuale-per-il-corpo\/\" \/>\n<meta property=\"og:locale\" content=\"en_US\" \/>\n<meta property=\"og:type\" content=\"article\" \/>\n<meta property=\"og:title\" content=\"PACO RABANNE LADY MILLION GIFT SET 50ML SPRAY EAU DE PARFUM + 100ML LATTE SENSUALE PER IL CORPO\" \/>\n<meta property=\"og:description\" content=\"1 MILLION \u00c8 UNA DELLE FRAGRANZE PI\u00d9 POPOLARI LANCIATE NEGLI ULTIMI ANNI. DOPO L&#039;EDIZIONE MASCHILE, ESCE, 2 ANNI DOPO,QUELLA FEMMINILE CHE PRENDE IL NOME DI LADY MILLION .   IL FLACONE DI LADY MILLION \u00c8 IN SINTONIA CON LA COMPOSIZIONE E IL TEMA DI QUESTA EDIZIONE. INVECE DEL LINGOTTO D&#039;ORO,CHE CARATTERIZZAVA L\u2019EDIZIONE MASCHILE, IL FLACONE FEMMINILE \u00c8 CONCEPITO COME UN DIAMANTE D&#039;ORO CHE ESPRIME LUSSO E RICCHEZZA. LA FRAGRANZA E\u2019 COMPOSTA DA ACCORDI FLOREALI INTRECCIATI, FRESCHI E LEGNOSI.  ANNE FLIPO, B\u00c9ATRICE PIQUET E DOMINQUE ROPION HANNO CREATO PROFUMI PER ALCUNI DEI PI\u00d9 GRANDI NOMI DELLA PROFUMERIA. LADY MILLION \u00c8 FRESCO, FLOREALE E LEGNOSO, COME UN NETTARE DI FIORI VOLUTTUOSI, ALLO STESSO TEMPO DELICATO MA PERSISTENTE. LA FORZA SEDUCENTE DELLE NOTE DI TESTA,VIENE DATA DA UNA SCINTILLA DI ARANCIO AMARO, CON UN TOCCO DI LAMPONE SEGUITA DA UNA RAFFICA DI NEROLI. POI, UNENDOSI CON ARABIAN GELSOMINO SOTTOLINEATO DALLA GARDENIA, LA MISCELA SI LIBRA IN QUALCOSA DI PI\u00d9 CARNALE, MA SEMPRE SOTTILE. ORA IL PULSARE OSSESSIVO DEL PATCHOULI ENTRA NELLA MISCHIA, ED IL MIELE LE DONA UNA DOLCEZZA COINVOLGENTE E TERRIBILMENTE SEDUCENTE. L\u2019AMBRA SPREAD FA DIVENTARE TUTTO AVVOLGENTE, GALLEGGIANO INTORNO ALLA BELLEZZA, A SEGUITO DI OGNI MOVIMENTO, E OFFRENDO LE SUE SFACCETTATURE PI\u00d9 BELLE. LA FRAGRANZA E\u2019 USCITA NEL LUGLIO 2010 ED E\u2019 STATA CREATA DA ANNE FLIPO, BEATRICE PIQUET, ROPION DOMINIQUE E BRUNO JOVANOVIC.\" \/>\n<meta property=\"og:url\" content=\"https:\/\/profumix.it\/en\/prodotto\/paco-rabanne-lady-million-gift-set-50ml-spray-eau-de-parfum-100ml-latte-sensuale-per-il-corpo\/\" \/>\n<meta property=\"og:site_name\" content=\"Profumix Perfumes\" \/>\n<meta property=\"article:publisher\" content=\"https:\/\/www.facebook.com\/profumix\" \/>\n<meta property=\"og:image\" content=\"https:\/\/profumix.it\/wp-content\/uploads\/2014\/11\/product_p_a_paco-rabanne-lady-million-gift-set.jpg\" \/>\n\t<meta property=\"og:image:width\" content=\"900\" \/>\n\t<meta property=\"og:image:height\" content=\"900\" \/>\n\t<meta property=\"og:image:type\" content=\"image\/jpeg\" \/>\n<meta name=\"twitter:card\" content=\"summary_large_image\" \/>\n<meta name=\"twitter:label1\" content=\"Est. reading time\" \/>\n\t<meta name=\"twitter:data1\" content=\"1 minute\" \/>\n<script type=\"application\/ld+json\" class=\"yoast-schema-graph\">{\"@context\":\"https:\\\/\\\/schema.org\",\"@graph\":[{\"@type\":\"WebPage\",\"@id\":\"https:\\\/\\\/profumix.it\\\/en\\\/prodotto\\\/paco-rabanne-lady-million-gift-set-50ml-spray-eau-de-parfum-100ml-latte-sensuale-per-il-corpo\\\/\",\"url\":\"https:\\\/\\\/profumix.it\\\/en\\\/prodotto\\\/paco-rabanne-lady-million-gift-set-50ml-spray-eau-de-parfum-100ml-latte-sensuale-per-il-corpo\\\/\",\"name\":\"PACO RABANNE LADY MILLION GIFT SET 50ML SPRAY EAU DE PARFUM + 100ML LATTE SENSUALE PER IL CORPO\",\"isPartOf\":{\"@id\":\"https:\\\/\\\/profumix.it\\\/en\\\/#website\"},\"primaryImageOfPage\":{\"@id\":\"https:\\\/\\\/profumix.it\\\/en\\\/prodotto\\\/paco-rabanne-lady-million-gift-set-50ml-spray-eau-de-parfum-100ml-latte-sensuale-per-il-corpo\\\/#primaryimage\"},\"image\":{\"@id\":\"https:\\\/\\\/profumix.it\\\/en\\\/prodotto\\\/paco-rabanne-lady-million-gift-set-50ml-spray-eau-de-parfum-100ml-latte-sensuale-per-il-corpo\\\/#primaryimage\"},\"thumbnailUrl\":\"https:\\\/\\\/profumix.it\\\/wp-content\\\/uploads\\\/2014\\\/11\\\/product_p_a_paco-rabanne-lady-million-gift-set.jpg\",\"datePublished\":\"2014-11-18T10:17:04+00:00\",\"breadcrumb\":{\"@id\":\"https:\\\/\\\/profumix.it\\\/en\\\/prodotto\\\/paco-rabanne-lady-million-gift-set-50ml-spray-eau-de-parfum-100ml-latte-sensuale-per-il-corpo\\\/#breadcrumb\"},\"inLanguage\":\"en-US\",\"potentialAction\":[{\"@type\":\"ReadAction\",\"target\":[\"https:\\\/\\\/profumix.it\\\/en\\\/prodotto\\\/paco-rabanne-lady-million-gift-set-50ml-spray-eau-de-parfum-100ml-latte-sensuale-per-il-corpo\\\/\"]}]},{\"@type\":\"ImageObject\",\"inLanguage\":\"en-US\",\"@id\":\"https:\\\/\\\/profumix.it\\\/en\\\/prodotto\\\/paco-rabanne-lady-million-gift-set-50ml-spray-eau-de-parfum-100ml-latte-sensuale-per-il-corpo\\\/#primaryimage\",\"url\":\"https:\\\/\\\/profumix.it\\\/wp-content\\\/uploads\\\/2014\\\/11\\\/product_p_a_paco-rabanne-lady-million-gift-set.jpg\",\"contentUrl\":\"https:\\\/\\\/profumix.it\\\/wp-content\\\/uploads\\\/2014\\\/11\\\/product_p_a_paco-rabanne-lady-million-gift-set.jpg\",\"width\":900,\"height\":900,\"caption\":\"PACO RABANNE LADY MILLION GIFT SET 50ML SPRAY EAU DE PARFUM + 100ML LATTE SENSUALE PER IL CORPO-0\"},{\"@type\":\"BreadcrumbList\",\"@id\":\"https:\\\/\\\/profumix.it\\\/en\\\/prodotto\\\/paco-rabanne-lady-million-gift-set-50ml-spray-eau-de-parfum-100ml-latte-sensuale-per-il-corpo\\\/#breadcrumb\",\"itemListElement\":[{\"@type\":\"ListItem\",\"position\":1,\"name\":\"Home\",\"item\":\"https:\\\/\\\/profumix.it\\\/en\\\/home\\\/\"},{\"@type\":\"ListItem\",\"position\":2,\"name\":\"Shop\",\"item\":\"https:\\\/\\\/profumix.it\\\/en\\\/shop\\\/\"},{\"@type\":\"ListItem\",\"position\":3,\"name\":\"PACO RABANNE LADY MILLION GIFT SET 50ML SPRAY EAU DE PARFUM + 100ML LATTE SENSUALE PER IL CORPO\"}]},{\"@type\":\"WebSite\",\"@id\":\"https:\\\/\\\/profumix.it\\\/en\\\/#website\",\"url\":\"https:\\\/\\\/profumix.it\\\/en\\\/\",\"name\":\"Profumix Perfumes\",\"description\":\"\",\"potentialAction\":[{\"@type\":\"SearchAction\",\"target\":{\"@type\":\"EntryPoint\",\"urlTemplate\":\"https:\\\/\\\/profumix.it\\\/en\\\/?s={search_term_string}\"},\"query-input\":{\"@type\":\"PropertyValueSpecification\",\"valueRequired\":true,\"valueName\":\"search_term_string\"}}],\"inLanguage\":\"en-US\"}]}<\/script>\n<!-- \/ Yoast SEO plugin. -->","yoast_head_json":{"title":"PACO RABANNE LADY MILLION GIFT SET 50ML SPRAY EAU DE PARFUM + 100ML LATTE SENSUALE PER IL CORPO","robots":{"index":"index","follow":"follow","max-snippet":"max-snippet:-1","max-image-preview":"max-image-preview:large","max-video-preview":"max-video-preview:-1"},"canonical":"https:\/\/profumix.it\/en\/prodotto\/paco-rabanne-lady-million-gift-set-50ml-spray-eau-de-parfum-100ml-latte-sensuale-per-il-corpo\/","og_locale":"en_US","og_type":"article","og_title":"PACO RABANNE LADY MILLION GIFT SET 50ML SPRAY EAU DE PARFUM + 100ML LATTE SENSUALE PER IL CORPO","og_description":"1 MILLION \u00c8 UNA DELLE FRAGRANZE PI\u00d9 POPOLARI LANCIATE NEGLI ULTIMI ANNI. DOPO L'EDIZIONE MASCHILE, ESCE, 2 ANNI DOPO,QUELLA FEMMINILE CHE PRENDE IL NOME DI LADY MILLION .   IL FLACONE DI LADY MILLION \u00c8 IN SINTONIA CON LA COMPOSIZIONE E IL TEMA DI QUESTA EDIZIONE. INVECE DEL LINGOTTO D'ORO,CHE CARATTERIZZAVA L\u2019EDIZIONE MASCHILE, IL FLACONE FEMMINILE \u00c8 CONCEPITO COME UN DIAMANTE D'ORO CHE ESPRIME LUSSO E RICCHEZZA. LA FRAGRANZA E\u2019 COMPOSTA DA ACCORDI FLOREALI INTRECCIATI, FRESCHI E LEGNOSI.  ANNE FLIPO, B\u00c9ATRICE PIQUET E DOMINQUE ROPION HANNO CREATO PROFUMI PER ALCUNI DEI PI\u00d9 GRANDI NOMI DELLA PROFUMERIA. LADY MILLION \u00c8 FRESCO, FLOREALE E LEGNOSO, COME UN NETTARE DI FIORI VOLUTTUOSI, ALLO STESSO TEMPO DELICATO MA PERSISTENTE. LA FORZA SEDUCENTE DELLE NOTE DI TESTA,VIENE DATA DA UNA SCINTILLA DI ARANCIO AMARO, CON UN TOCCO DI LAMPONE SEGUITA DA UNA RAFFICA DI NEROLI. POI, UNENDOSI CON ARABIAN GELSOMINO SOTTOLINEATO DALLA GARDENIA, LA MISCELA SI LIBRA IN QUALCOSA DI PI\u00d9 CARNALE, MA SEMPRE SOTTILE. ORA IL PULSARE OSSESSIVO DEL PATCHOULI ENTRA NELLA MISCHIA, ED IL MIELE LE DONA UNA DOLCEZZA COINVOLGENTE E TERRIBILMENTE SEDUCENTE. L\u2019AMBRA SPREAD FA DIVENTARE TUTTO AVVOLGENTE, GALLEGGIANO INTORNO ALLA BELLEZZA, A SEGUITO DI OGNI MOVIMENTO, E OFFRENDO LE SUE SFACCETTATURE PI\u00d9 BELLE. LA FRAGRANZA E\u2019 USCITA NEL LUGLIO 2010 ED E\u2019 STATA CREATA DA ANNE FLIPO, BEATRICE PIQUET, ROPION DOMINIQUE E BRUNO JOVANOVIC.","og_url":"https:\/\/profumix.it\/en\/prodotto\/paco-rabanne-lady-million-gift-set-50ml-spray-eau-de-parfum-100ml-latte-sensuale-per-il-corpo\/","og_site_name":"Profumix Perfumes","article_publisher":"https:\/\/www.facebook.com\/profumix","og_image":[{"width":900,"height":900,"url":"https:\/\/profumix.it\/wp-content\/uploads\/2014\/11\/product_p_a_paco-rabanne-lady-million-gift-set.jpg","type":"image\/jpeg"}],"twitter_card":"summary_large_image","twitter_misc":{"Est. reading time":"1 minute"},"schema":{"@context":"https:\/\/schema.org","@graph":[{"@type":"WebPage","@id":"https:\/\/profumix.it\/en\/prodotto\/paco-rabanne-lady-million-gift-set-50ml-spray-eau-de-parfum-100ml-latte-sensuale-per-il-corpo\/","url":"https:\/\/profumix.it\/en\/prodotto\/paco-rabanne-lady-million-gift-set-50ml-spray-eau-de-parfum-100ml-latte-sensuale-per-il-corpo\/","name":"PACO RABANNE LADY MILLION GIFT SET 50ML SPRAY EAU DE PARFUM + 100ML LATTE SENSUALE PER IL CORPO","isPartOf":{"@id":"https:\/\/profumix.it\/en\/#website"},"primaryImageOfPage":{"@id":"https:\/\/profumix.it\/en\/prodotto\/paco-rabanne-lady-million-gift-set-50ml-spray-eau-de-parfum-100ml-latte-sensuale-per-il-corpo\/#primaryimage"},"image":{"@id":"https:\/\/profumix.it\/en\/prodotto\/paco-rabanne-lady-million-gift-set-50ml-spray-eau-de-parfum-100ml-latte-sensuale-per-il-corpo\/#primaryimage"},"thumbnailUrl":"https:\/\/profumix.it\/wp-content\/uploads\/2014\/11\/product_p_a_paco-rabanne-lady-million-gift-set.jpg","datePublished":"2014-11-18T10:17:04+00:00","breadcrumb":{"@id":"https:\/\/profumix.it\/en\/prodotto\/paco-rabanne-lady-million-gift-set-50ml-spray-eau-de-parfum-100ml-latte-sensuale-per-il-corpo\/#breadcrumb"},"inLanguage":"en-US","potentialAction":[{"@type":"ReadAction","target":["https:\/\/profumix.it\/en\/prodotto\/paco-rabanne-lady-million-gift-set-50ml-spray-eau-de-parfum-100ml-latte-sensuale-per-il-corpo\/"]}]},{"@type":"ImageObject","inLanguage":"en-US","@id":"https:\/\/profumix.it\/en\/prodotto\/paco-rabanne-lady-million-gift-set-50ml-spray-eau-de-parfum-100ml-latte-sensuale-per-il-corpo\/#primaryimage","url":"https:\/\/profumix.it\/wp-content\/uploads\/2014\/11\/product_p_a_paco-rabanne-lady-million-gift-set.jpg","contentUrl":"https:\/\/profumix.it\/wp-content\/uploads\/2014\/11\/product_p_a_paco-rabanne-lady-million-gift-set.jpg","width":900,"height":900,"caption":"PACO RABANNE LADY MILLION GIFT SET 50ML SPRAY EAU DE PARFUM + 100ML LATTE SENSUALE PER IL CORPO-0"},{"@type":"BreadcrumbList","@id":"https:\/\/profumix.it\/en\/prodotto\/paco-rabanne-lady-million-gift-set-50ml-spray-eau-de-parfum-100ml-latte-sensuale-per-il-corpo\/#breadcrumb","itemListElement":[{"@type":"ListItem","position":1,"name":"Home","item":"https:\/\/profumix.it\/en\/home\/"},{"@type":"ListItem","position":2,"name":"Shop","item":"https:\/\/profumix.it\/en\/shop\/"},{"@type":"ListItem","position":3,"name":"PACO RABANNE LADY MILLION GIFT SET 50ML SPRAY EAU DE PARFUM + 100ML LATTE SENSUALE PER IL CORPO"}]},{"@type":"WebSite","@id":"https:\/\/profumix.it\/en\/#website","url":"https:\/\/profumix.it\/en\/","name":"Profumix Perfumes","description":"","potentialAction":[{"@type":"SearchAction","target":{"@type":"EntryPoint","urlTemplate":"https:\/\/profumix.it\/en\/?s={search_term_string}"},"query-input":{"@type":"PropertyValueSpecification","valueRequired":true,"valueName":"search_term_string"}}],"inLanguage":"en-US"}]}},"_links":{"self":[{"href":"https:\/\/profumix.it\/en\/wp-json\/wp\/v2\/product\/78230","targetHints":{"allow":["GET"]}}],"collection":[{"href":"https:\/\/profumix.it\/en\/wp-json\/wp\/v2\/product"}],"about":[{"href":"https:\/\/profumix.it\/en\/wp-json\/wp\/v2\/types\/product"}],"replies":[{"embeddable":true,"href":"https:\/\/profumix.it\/en\/wp-json\/wp\/v2\/comments?post=78230"}],"wp:featuredmedia":[{"embeddable":true,"href":"https:\/\/profumix.it\/en\/wp-json\/wp\/v2\/media\/78229"}],"wp:attachment":[{"href":"https:\/\/profumix.it\/en\/wp-json\/wp\/v2\/media?parent=78230"}],"wp:term":[{"taxonomy":"product_brand","embeddable":true,"href":"https:\/\/profumix.it\/en\/wp-json\/wp\/v2\/product_brand?post=78230"},{"taxonomy":"product_cat","embeddable":true,"href":"https:\/\/profumix.it\/en\/wp-json\/wp\/v2\/product_cat?post=78230"},{"taxonomy":"product_tag","embeddable":true,"href":"https:\/\/profumix.it\/en\/wp-json\/wp\/v2\/product_tag?post=78230"}],"curies":[{"name":"wp","href":"https:\/\/api.w.org\/{rel}","templated":true}]}}