{"id":78268,"date":"2014-11-27T16:03:13","date_gmt":"2014-11-27T15:03:13","guid":{"rendered":"https:\/\/profumix.it\/prodotto\/dsquared-potion-for-man-gift-set-100ml-spray-eau-de-parfum-100ml-hair-and-body-wash\/"},"modified":"2014-11-27T16:03:13","modified_gmt":"2014-11-27T15:03:13","slug":"dsquared-potion-for-man-gift-set-100ml-spray-eau-de-parfum-100ml-hair-and-body-wash","status":"publish","type":"product","link":"https:\/\/profumix.it\/en\/prodotto\/dsquared-potion-for-man-gift-set-100ml-spray-eau-de-parfum-100ml-hair-and-body-wash\/","title":{"rendered":"DSQUARED \u00b2 POTION FOR MAN GIFT SET 100ML SPRAY EAU DE PARFUM + 100ML HAIR AND BODY WASH"},"content":{"rendered":"<p>DSQUARED \u00b2 POTION \u00c8 IL SECONDO PROFUMO MASCHILE (SENZA CONTARE LE EDIZIONI LIMITATE) DEL DUO DI DESIGNER CANADESI DEAN E DAN CATEN O DSQUARED2. IN COLLABORAZIONE CON LA SOCIET\u00c0 ITF ITALIANA, HANNO LANCIATO LA LORO PRIMA FRAGRANZA  HE WOOD NEL 2007, SEGUITA DALLA VERSIONE FEMMINILE SHE WOOD NEL 2008.<\/p>\n<p>IL NUOVO PROFUMO SI CHIAMA POTION. ESSO RAPPRESENTA UNO STRUMENTO DI SEDUZIONE, CONQUISTARE ED EMOZIONARE E SI ISPIRA AI LABORATORI CHIMICI DEL PASSATO. POTION \u00c8 CONCEPITO COME UN\u2019 ALCHIMIA MAGICA CHE EVOCA DESIDERI CARNALI E LA LUSSURIOSI.<\/p>\n<p>LA COMPOSIZIONE \u00c8 A BASE LEGNOSA CON UNO SFONDO DISTINTIVO DI AMBRA. E &#8216;SVILUPPATA DA ANNICK MENARD. &#8220;UNA NUOVA RICETTA DI SEDUZIONE OLFATTIVA&#8221; E &#8220;UNA POZIONE DI INGREDIENTI DI QUALIT\u00c0 CHE SUSCITA DESIDERI AMOROSI&#8221; ED \u00c8 COMPOSTO DA:<\/p>\n<p>NOTE DI TESTA: FOGLIE DI MENTA ROSSA, ANGELICA E TIMO.<br \/>\nNOTE DI CUORE: PETALI DI ROSA, PEPE NERO IN GRANI, GOCCE DI LACRIMA DI GENZIANA E BASTONCINI DI CANNELLA.<br \/>\nNOTE DI BASE: LEGNO DI CASHMERE, PATCHOULI, AMBRA E MUSCHIO.<\/p>\n<p>LA CONFEZIONE \u00c8 ISPIRATA ALLE ANTICHE FIALE FARMACEUTICHE. LA CAMPAGNA PUBBLICITARIA \u00c8 STATA REALIZZATA DAL FOTOGRAFO MARIO SORRENTI, CON MODELLI DIEGO MIGUEL E MALGOSIA BELA.<br \/>\nPOTION \u00c8 STATO LANCIATO NEL 2011. IL \u201cNASO\u201d ALLA BASE DI QUESTO PROFUMO \u00c8 ANNICK MENARDO<\/p>\n","protected":false},"excerpt":{"rendered":"<p>DSQUARED \u00b2 POTION \u00c8 IL SECONDO PROFUMO MASCHILE (SENZA CONTARE LE EDIZIONI LIMITATE) DEL DUO DI DESIGNER CANADESI DEAN E DAN CATEN O DSQUARED2. IN COLLABORAZIONE CON LA SOCIET\u00c0 ITF ITALIANA, HANNO LANCIATO LA LORO PRIMA FRAGRANZA  HE WOOD NEL 2007, SEGUITA DALLA VERSIONE FEMMINILE SHE WOOD NEL 2008.<\/p>\n<p>IL NUOVO PROFUMO SI CHIAMA POTION. ESSO RAPPRESENTA UNO STRUMENTO DI SEDUZIONE, CONQUISTARE ED EMOZIONARE E SI ISPIRA AI LABORATORI CHIMICI DEL PASSATO. POTION \u00c8 CONCEPITO COME UN\u2019 ALCHIMIA MAGICA CHE EVOCA DESIDERI CARNALI E LA LUSSURIOSI.<\/p>\n<p>LA COMPOSIZIONE \u00c8 A BASE LEGNOSA CON UNO SFONDO DISTINTIVO DI AMBRA. E &#8216;SVILUPPATA DA ANNICK MENARD. &#8220;UNA NUOVA RICETTA DI SEDUZIONE OLFATTIVA&#8221; E &#8220;UNA POZIONE DI INGREDIENTI DI QUALIT\u00c0 CHE SUSCITA DESIDERI AMOROSI&#8221; ED \u00c8 COMPOSTO DA:<\/p>\n<p>NOTE DI TESTA: FOGLIE DI MENTA ROSSA, ANGELICA E TIMO.<br \/>\nNOTE DI CUORE: PETALI DI ROSA, PEPE NERO IN GRANI, GOCCE DI LACRIMA DI GENZIANA E BASTONCINI DI CANNELLA.<br \/>\nNOTE DI BASE: LEGNO DI CASHMERE, PATCHOULI, AMBRA E MUSCHIO.<\/p>\n<p>LA CONFEZIONE \u00c8 ISPIRATA ALLE ANTICHE FIALE FARMACEUTICHE. LA CAMPAGNA PUBBLICITARIA \u00c8 STATA REALIZZATA DAL FOTOGRAFO MARIO SORRENTI, CON MODELLI DIEGO MIGUEL E MALGOSIA BELA.<br \/>\nPOTION \u00c8 STATO LANCIATO NEL 2011. IL \u201cNASO\u201d ALLA BASE DI QUESTO PROFUMO \u00c8 ANNICK MENARDO<\/p>\n","protected":false},"featured_media":78267,"comment_status":"open","ping_status":"closed","template":"","meta":{"_et_pb_use_builder":"","_et_pb_old_content":"","_et_gb_content_width":""},"product_brand":[],"product_cat":[7113,7099,7098,7114],"product_tag":[],"class_list":{"0":"post-78268","1":"product","2":"type-product","3":"status-publish","4":"has-post-thumbnail","6":"product_cat-confezioni-regalo","7":"product_cat-offerte-da-non-perdere-default-category","8":"product_cat-default-category","9":"product_cat-uomo-1-confezioni-regalo","10":"pa_bollino-offerta_speciale","11":"pa_confezione_desc-scatolaoriginale_notester","12":"pa_formato_filtro-100ml","13":"pa_manufacturer-dsquared","14":"pa_sconto_desc-6901","15":"pa_spedizione_gratuita-no","16":"pa_tipo_filtro-sprayeaudeparfum","18":"first","19":"outofstock","20":"sale","21":"shipping-taxable","22":"purchasable","23":"product-type-simple"},"yoast_head":"<!-- This site is optimized with the Yoast SEO plugin v27.4 - https:\/\/yoast.com\/product\/yoast-seo-wordpress\/ -->\n<title>DSQUARED \u00b2 POTION FOR MAN GIFT SET 100ML SPRAY EAU DE PARFUM + 100ML HAIR AND BODY WASH<\/title>\n<meta name=\"robots\" content=\"index, follow, max-snippet:-1, max-image-preview:large, max-video-preview:-1\" \/>\n<link rel=\"canonical\" href=\"https:\/\/profumix.it\/en\/prodotto\/dsquared-potion-for-man-gift-set-100ml-spray-eau-de-parfum-100ml-hair-and-body-wash\/\" \/>\n<meta property=\"og:locale\" content=\"en_US\" \/>\n<meta property=\"og:type\" content=\"article\" \/>\n<meta property=\"og:title\" content=\"DSQUARED \u00b2 POTION FOR MAN GIFT SET 100ML SPRAY EAU DE PARFUM + 100ML HAIR AND BODY WASH\" \/>\n<meta property=\"og:description\" content=\"DSQUARED \u00b2 POTION \u00c8 IL SECONDO PROFUMO MASCHILE (SENZA CONTARE LE EDIZIONI LIMITATE) DEL DUO DI DESIGNER CANADESI DEAN E DAN CATEN O DSQUARED2. IN COLLABORAZIONE CON LA SOCIET\u00c0 ITF ITALIANA, HANNO LANCIATO LA LORO PRIMA FRAGRANZA HE WOOD NEL 2007, SEGUITA DALLA VERSIONE FEMMINILE SHE WOOD NEL 2008.  IL NUOVO PROFUMO SI CHIAMA POTION. ESSO RAPPRESENTA UNO STRUMENTO DI SEDUZIONE, CONQUISTARE ED EMOZIONARE E SI ISPIRA AI LABORATORI CHIMICI DEL PASSATO. POTION \u00c8 CONCEPITO COME UN\u2019 ALCHIMIA MAGICA CHE EVOCA DESIDERI CARNALI E LA LUSSURIOSI.  LA COMPOSIZIONE \u00c8 A BASE LEGNOSA CON UNO SFONDO DISTINTIVO DI AMBRA. E &#039;SVILUPPATA DA ANNICK MENARD. &quot;UNA NUOVA RICETTA DI SEDUZIONE OLFATTIVA&quot; E &quot;UNA POZIONE DI INGREDIENTI DI QUALIT\u00c0 CHE SUSCITA DESIDERI AMOROSI&quot; ED \u00c8 COMPOSTO DA:  NOTE DI TESTA: FOGLIE DI MENTA ROSSA, ANGELICA E TIMO.  NOTE DI CUORE: PETALI DI ROSA, PEPE NERO IN GRANI, GOCCE DI LACRIMA DI GENZIANA E BASTONCINI DI CANNELLA.  NOTE DI BASE: LEGNO DI CASHMERE, PATCHOULI, AMBRA E MUSCHIO.  LA CONFEZIONE \u00c8 ISPIRATA ALLE ANTICHE FIALE FARMACEUTICHE. LA CAMPAGNA PUBBLICITARIA \u00c8 STATA REALIZZATA DAL FOTOGRAFO MARIO SORRENTI, CON MODELLI DIEGO MIGUEL E MALGOSIA BELA. POTION \u00c8 STATO LANCIATO NEL 2011. IL \u201cNASO\u201d ALLA BASE DI QUESTO PROFUMO \u00c8 ANNICK MENARDO\" \/>\n<meta property=\"og:url\" content=\"https:\/\/profumix.it\/en\/prodotto\/dsquared-potion-for-man-gift-set-100ml-spray-eau-de-parfum-100ml-hair-and-body-wash\/\" \/>\n<meta property=\"og:site_name\" content=\"Profumix Perfumes\" \/>\n<meta property=\"article:publisher\" content=\"https:\/\/www.facebook.com\/profumix\" \/>\n<meta property=\"og:image\" content=\"https:\/\/profumix.it\/wp-content\/uploads\/2014\/11\/product_d_s_dsquared-potion-for-man-edp-gift-set.jpg\" \/>\n\t<meta property=\"og:image:width\" content=\"525\" \/>\n\t<meta property=\"og:image:height\" content=\"363\" \/>\n\t<meta property=\"og:image:type\" content=\"image\/jpeg\" \/>\n<meta name=\"twitter:card\" content=\"summary_large_image\" \/>\n<meta name=\"twitter:label1\" content=\"Est. reading time\" \/>\n\t<meta name=\"twitter:data1\" content=\"1 minute\" \/>\n<script type=\"application\/ld+json\" class=\"yoast-schema-graph\">{\"@context\":\"https:\\\/\\\/schema.org\",\"@graph\":[{\"@type\":\"WebPage\",\"@id\":\"https:\\\/\\\/profumix.it\\\/en\\\/prodotto\\\/dsquared-potion-for-man-gift-set-100ml-spray-eau-de-parfum-100ml-hair-and-body-wash\\\/\",\"url\":\"https:\\\/\\\/profumix.it\\\/en\\\/prodotto\\\/dsquared-potion-for-man-gift-set-100ml-spray-eau-de-parfum-100ml-hair-and-body-wash\\\/\",\"name\":\"DSQUARED \u00b2 POTION FOR MAN GIFT SET 100ML SPRAY EAU DE PARFUM + 100ML HAIR AND BODY WASH\",\"isPartOf\":{\"@id\":\"https:\\\/\\\/profumix.it\\\/en\\\/#website\"},\"primaryImageOfPage\":{\"@id\":\"https:\\\/\\\/profumix.it\\\/en\\\/prodotto\\\/dsquared-potion-for-man-gift-set-100ml-spray-eau-de-parfum-100ml-hair-and-body-wash\\\/#primaryimage\"},\"image\":{\"@id\":\"https:\\\/\\\/profumix.it\\\/en\\\/prodotto\\\/dsquared-potion-for-man-gift-set-100ml-spray-eau-de-parfum-100ml-hair-and-body-wash\\\/#primaryimage\"},\"thumbnailUrl\":\"https:\\\/\\\/profumix.it\\\/wp-content\\\/uploads\\\/2014\\\/11\\\/product_d_s_dsquared-potion-for-man-edp-gift-set.jpg\",\"datePublished\":\"2014-11-27T15:03:13+00:00\",\"breadcrumb\":{\"@id\":\"https:\\\/\\\/profumix.it\\\/en\\\/prodotto\\\/dsquared-potion-for-man-gift-set-100ml-spray-eau-de-parfum-100ml-hair-and-body-wash\\\/#breadcrumb\"},\"inLanguage\":\"en-US\",\"potentialAction\":[{\"@type\":\"ReadAction\",\"target\":[\"https:\\\/\\\/profumix.it\\\/en\\\/prodotto\\\/dsquared-potion-for-man-gift-set-100ml-spray-eau-de-parfum-100ml-hair-and-body-wash\\\/\"]}]},{\"@type\":\"ImageObject\",\"inLanguage\":\"en-US\",\"@id\":\"https:\\\/\\\/profumix.it\\\/en\\\/prodotto\\\/dsquared-potion-for-man-gift-set-100ml-spray-eau-de-parfum-100ml-hair-and-body-wash\\\/#primaryimage\",\"url\":\"https:\\\/\\\/profumix.it\\\/wp-content\\\/uploads\\\/2014\\\/11\\\/product_d_s_dsquared-potion-for-man-edp-gift-set.jpg\",\"contentUrl\":\"https:\\\/\\\/profumix.it\\\/wp-content\\\/uploads\\\/2014\\\/11\\\/product_d_s_dsquared-potion-for-man-edp-gift-set.jpg\",\"width\":525,\"height\":363,\"caption\":\"DSQUARED \u00b2 POTION FOR MAN GIFT SET 100ML SPRAY EAU DE PARFUM + 100ML HAIR AND BODY WASH\"},{\"@type\":\"BreadcrumbList\",\"@id\":\"https:\\\/\\\/profumix.it\\\/en\\\/prodotto\\\/dsquared-potion-for-man-gift-set-100ml-spray-eau-de-parfum-100ml-hair-and-body-wash\\\/#breadcrumb\",\"itemListElement\":[{\"@type\":\"ListItem\",\"position\":1,\"name\":\"Home\",\"item\":\"https:\\\/\\\/profumix.it\\\/en\\\/home\\\/\"},{\"@type\":\"ListItem\",\"position\":2,\"name\":\"Shop\",\"item\":\"https:\\\/\\\/profumix.it\\\/en\\\/shop\\\/\"},{\"@type\":\"ListItem\",\"position\":3,\"name\":\"DSQUARED \u00b2 POTION FOR MAN GIFT SET 100ML SPRAY EAU DE PARFUM + 100ML HAIR AND BODY WASH\"}]},{\"@type\":\"WebSite\",\"@id\":\"https:\\\/\\\/profumix.it\\\/en\\\/#website\",\"url\":\"https:\\\/\\\/profumix.it\\\/en\\\/\",\"name\":\"Profumix Perfumes\",\"description\":\"\",\"potentialAction\":[{\"@type\":\"SearchAction\",\"target\":{\"@type\":\"EntryPoint\",\"urlTemplate\":\"https:\\\/\\\/profumix.it\\\/en\\\/?s={search_term_string}\"},\"query-input\":{\"@type\":\"PropertyValueSpecification\",\"valueRequired\":true,\"valueName\":\"search_term_string\"}}],\"inLanguage\":\"en-US\"}]}<\/script>\n<!-- \/ Yoast SEO plugin. -->","yoast_head_json":{"title":"DSQUARED \u00b2 POTION FOR MAN GIFT SET 100ML SPRAY EAU DE PARFUM + 100ML HAIR AND BODY WASH","robots":{"index":"index","follow":"follow","max-snippet":"max-snippet:-1","max-image-preview":"max-image-preview:large","max-video-preview":"max-video-preview:-1"},"canonical":"https:\/\/profumix.it\/en\/prodotto\/dsquared-potion-for-man-gift-set-100ml-spray-eau-de-parfum-100ml-hair-and-body-wash\/","og_locale":"en_US","og_type":"article","og_title":"DSQUARED \u00b2 POTION FOR MAN GIFT SET 100ML SPRAY EAU DE PARFUM + 100ML HAIR AND BODY WASH","og_description":"DSQUARED \u00b2 POTION \u00c8 IL SECONDO PROFUMO MASCHILE (SENZA CONTARE LE EDIZIONI LIMITATE) DEL DUO DI DESIGNER CANADESI DEAN E DAN CATEN O DSQUARED2. IN COLLABORAZIONE CON LA SOCIET\u00c0 ITF ITALIANA, HANNO LANCIATO LA LORO PRIMA FRAGRANZA HE WOOD NEL 2007, SEGUITA DALLA VERSIONE FEMMINILE SHE WOOD NEL 2008.  IL NUOVO PROFUMO SI CHIAMA POTION. ESSO RAPPRESENTA UNO STRUMENTO DI SEDUZIONE, CONQUISTARE ED EMOZIONARE E SI ISPIRA AI LABORATORI CHIMICI DEL PASSATO. POTION \u00c8 CONCEPITO COME UN\u2019 ALCHIMIA MAGICA CHE EVOCA DESIDERI CARNALI E LA LUSSURIOSI.  LA COMPOSIZIONE \u00c8 A BASE LEGNOSA CON UNO SFONDO DISTINTIVO DI AMBRA. E 'SVILUPPATA DA ANNICK MENARD. \"UNA NUOVA RICETTA DI SEDUZIONE OLFATTIVA\" E \"UNA POZIONE DI INGREDIENTI DI QUALIT\u00c0 CHE SUSCITA DESIDERI AMOROSI\" ED \u00c8 COMPOSTO DA:  NOTE DI TESTA: FOGLIE DI MENTA ROSSA, ANGELICA E TIMO.  NOTE DI CUORE: PETALI DI ROSA, PEPE NERO IN GRANI, GOCCE DI LACRIMA DI GENZIANA E BASTONCINI DI CANNELLA.  NOTE DI BASE: LEGNO DI CASHMERE, PATCHOULI, AMBRA E MUSCHIO.  LA CONFEZIONE \u00c8 ISPIRATA ALLE ANTICHE FIALE FARMACEUTICHE. LA CAMPAGNA PUBBLICITARIA \u00c8 STATA REALIZZATA DAL FOTOGRAFO MARIO SORRENTI, CON MODELLI DIEGO MIGUEL E MALGOSIA BELA. POTION \u00c8 STATO LANCIATO NEL 2011. IL \u201cNASO\u201d ALLA BASE DI QUESTO PROFUMO \u00c8 ANNICK MENARDO","og_url":"https:\/\/profumix.it\/en\/prodotto\/dsquared-potion-for-man-gift-set-100ml-spray-eau-de-parfum-100ml-hair-and-body-wash\/","og_site_name":"Profumix Perfumes","article_publisher":"https:\/\/www.facebook.com\/profumix","og_image":[{"width":525,"height":363,"url":"https:\/\/profumix.it\/wp-content\/uploads\/2014\/11\/product_d_s_dsquared-potion-for-man-edp-gift-set.jpg","type":"image\/jpeg"}],"twitter_card":"summary_large_image","twitter_misc":{"Est. reading time":"1 minute"},"schema":{"@context":"https:\/\/schema.org","@graph":[{"@type":"WebPage","@id":"https:\/\/profumix.it\/en\/prodotto\/dsquared-potion-for-man-gift-set-100ml-spray-eau-de-parfum-100ml-hair-and-body-wash\/","url":"https:\/\/profumix.it\/en\/prodotto\/dsquared-potion-for-man-gift-set-100ml-spray-eau-de-parfum-100ml-hair-and-body-wash\/","name":"DSQUARED \u00b2 POTION FOR MAN GIFT SET 100ML SPRAY EAU DE PARFUM + 100ML HAIR AND BODY WASH","isPartOf":{"@id":"https:\/\/profumix.it\/en\/#website"},"primaryImageOfPage":{"@id":"https:\/\/profumix.it\/en\/prodotto\/dsquared-potion-for-man-gift-set-100ml-spray-eau-de-parfum-100ml-hair-and-body-wash\/#primaryimage"},"image":{"@id":"https:\/\/profumix.it\/en\/prodotto\/dsquared-potion-for-man-gift-set-100ml-spray-eau-de-parfum-100ml-hair-and-body-wash\/#primaryimage"},"thumbnailUrl":"https:\/\/profumix.it\/wp-content\/uploads\/2014\/11\/product_d_s_dsquared-potion-for-man-edp-gift-set.jpg","datePublished":"2014-11-27T15:03:13+00:00","breadcrumb":{"@id":"https:\/\/profumix.it\/en\/prodotto\/dsquared-potion-for-man-gift-set-100ml-spray-eau-de-parfum-100ml-hair-and-body-wash\/#breadcrumb"},"inLanguage":"en-US","potentialAction":[{"@type":"ReadAction","target":["https:\/\/profumix.it\/en\/prodotto\/dsquared-potion-for-man-gift-set-100ml-spray-eau-de-parfum-100ml-hair-and-body-wash\/"]}]},{"@type":"ImageObject","inLanguage":"en-US","@id":"https:\/\/profumix.it\/en\/prodotto\/dsquared-potion-for-man-gift-set-100ml-spray-eau-de-parfum-100ml-hair-and-body-wash\/#primaryimage","url":"https:\/\/profumix.it\/wp-content\/uploads\/2014\/11\/product_d_s_dsquared-potion-for-man-edp-gift-set.jpg","contentUrl":"https:\/\/profumix.it\/wp-content\/uploads\/2014\/11\/product_d_s_dsquared-potion-for-man-edp-gift-set.jpg","width":525,"height":363,"caption":"DSQUARED \u00b2 POTION FOR MAN GIFT SET 100ML SPRAY EAU DE PARFUM + 100ML HAIR AND BODY WASH"},{"@type":"BreadcrumbList","@id":"https:\/\/profumix.it\/en\/prodotto\/dsquared-potion-for-man-gift-set-100ml-spray-eau-de-parfum-100ml-hair-and-body-wash\/#breadcrumb","itemListElement":[{"@type":"ListItem","position":1,"name":"Home","item":"https:\/\/profumix.it\/en\/home\/"},{"@type":"ListItem","position":2,"name":"Shop","item":"https:\/\/profumix.it\/en\/shop\/"},{"@type":"ListItem","position":3,"name":"DSQUARED \u00b2 POTION FOR MAN GIFT SET 100ML SPRAY EAU DE PARFUM + 100ML HAIR AND BODY WASH"}]},{"@type":"WebSite","@id":"https:\/\/profumix.it\/en\/#website","url":"https:\/\/profumix.it\/en\/","name":"Profumix Perfumes","description":"","potentialAction":[{"@type":"SearchAction","target":{"@type":"EntryPoint","urlTemplate":"https:\/\/profumix.it\/en\/?s={search_term_string}"},"query-input":{"@type":"PropertyValueSpecification","valueRequired":true,"valueName":"search_term_string"}}],"inLanguage":"en-US"}]}},"_links":{"self":[{"href":"https:\/\/profumix.it\/en\/wp-json\/wp\/v2\/product\/78268","targetHints":{"allow":["GET"]}}],"collection":[{"href":"https:\/\/profumix.it\/en\/wp-json\/wp\/v2\/product"}],"about":[{"href":"https:\/\/profumix.it\/en\/wp-json\/wp\/v2\/types\/product"}],"replies":[{"embeddable":true,"href":"https:\/\/profumix.it\/en\/wp-json\/wp\/v2\/comments?post=78268"}],"wp:featuredmedia":[{"embeddable":true,"href":"https:\/\/profumix.it\/en\/wp-json\/wp\/v2\/media\/78267"}],"wp:attachment":[{"href":"https:\/\/profumix.it\/en\/wp-json\/wp\/v2\/media?parent=78268"}],"wp:term":[{"taxonomy":"product_brand","embeddable":true,"href":"https:\/\/profumix.it\/en\/wp-json\/wp\/v2\/product_brand?post=78268"},{"taxonomy":"product_cat","embeddable":true,"href":"https:\/\/profumix.it\/en\/wp-json\/wp\/v2\/product_cat?post=78268"},{"taxonomy":"product_tag","embeddable":true,"href":"https:\/\/profumix.it\/en\/wp-json\/wp\/v2\/product_tag?post=78268"}],"curies":[{"name":"wp","href":"https:\/\/api.w.org\/{rel}","templated":true}]}}