{"id":78301,"date":"2015-02-11T00:14:32","date_gmt":"2015-02-10T23:14:32","guid":{"rendered":"https:\/\/profumix.it\/prodotto\/versace-versus-blue-jeans-man-75ml-spray-eau-de-toilette\/"},"modified":"2025-05-26T18:13:49","modified_gmt":"2025-05-26T16:13:49","slug":"versace-versus-blue-jeans-man-75ml-spray-eau-de-toilette","status":"publish","type":"product","link":"https:\/\/profumix.it\/en\/prodotto\/versace-versus-blue-jeans-man-75ml-spray-eau-de-toilette\/","title":{"rendered":"VERSACE VERSUS BLUE JEANS MAN 75ML SPRAY EAU DE TOILETTE"},"content":{"rendered":"<p>VERSUS VERSACE BLUE JEANS \u00c8 STATO LANCIATO SUL MERCATO NEL 1994. E\u2019 DA CONSIDERARSI QUINDI UNA CLASSICA FRAGRANZA MASCHILE CON NOTE AGRUMATE- BOIS\u00c9 DAL CUORE SPEZIATO E DAL FONDO CALDO. IL NASO DIETRO QUESTA FRAGRANZA \u00c8 JEAN-PIERRE BETHOUART. NONOSTANTE BLUE JEANS SIA COMPOSTO DA MOLTE NOTE FEMMINILI, QUESTA COLONIA RISULTA MOLTO MASCHILE E SEXY; DALL\u2019AROMA MOLTO FRESCO, PRESENTA UNA CERTA DOLCEZZA CHE PER\u00d2 NON RISULTA ECCESSIVA N\u00c9 STUCCHEVOLE; INOLTRE LA SUA SCIA HA ANCHE UNA GRANDE LONGEVIT\u00c0 DI OLTRE CINQUE ORE.<br \/>\nLA BOTTIGLIA DI BLUE JEANS \u00c8 MOLTO PARTICOLARE NEL DESIGN: LA FORMA \u00c8 QUELLA DI UNA BOTTIGLIA DI SODA. LA PARTE SUPERIORE \u00c8 UN PULSANTE NERO CHE FUNGE DA DISPENSER PER LA COLONIA PREMENDO VERSO IL BASSO. SULLA BOTTIGLIA SONO STAMPATI IL LOGHI VERSACE E BLUE JEANS, COS\u00cc COME SULLA CONFEZIONE ESTERNA, UN BARATTOLO CILINDRICO DI LATTA.<\/p>\n<p>NOTE DI TESTA: AGRUMI, BERGAMOTTO, BASILICO, ANICE, GINEPRO, PALISSANDRO BRASILIANO<br \/>\nNOTE DI CUORE: GAROFANO, ABETE, LAVANDA, GELSOMINO, SALVIA, ELIOTROPIO, MUGHETTO, ROSA, GERANIO<br \/>\nNOTE DI FONDO: IRIS, LEGNO DI SANDALO, FAVA DI TONKA, AMBRA, PATCHOULI, MUSCHIO, VANIGLIA, VETIVER, CEDRO<\/p>\n<p>BLUE JEANS IS A FRAGRANCE ONE ALWAYS GOES BACK TO. A CLASSIC MASCULINE FRAGRANCE WITH WOODSY, CITRUSY NOTES WITH A SPICY HEART AND A WARM DRYDOWN. TOP NOTES ARE COMPOSED OF BERGAMOT, LEMON, ANISE, BASIL AND PALISANDER TREE. GERANIUM, ROSE, LAVENDER, JASMINE, SAGE, HELIOTROPE AND LILY ARE AT ITS HEART. THE DRYDOWN CONTAINS THE NOTES OF IRIS, SANDALWOOD, VETIVER, MUSK, PATCHOULI, TONKA BEAN, VANILLA AND AMBER. BLUE JEANS WAS CREATED IN 1994. THE NOSE BEHIND THIS FRAGRANCE IS JEAN-PIERRE BETHOUART.<\/p>\n","protected":false},"excerpt":{"rendered":"<p>VERSUS VERSACE BLUE JEANS \u00c8 STATO LANCIATO SUL MERCATO NEL 1994. E\u2019 DA CONSIDERARSI QUINDI UNA CLASSICA FRAGRANZA MASCHILE CON NOTE AGRUMATE- BOIS\u00c9 DAL CUORE SPEZIATO E DAL FONDO CALDO. IL NASO DIETRO QUESTA FRAGRANZA \u00c8 JEAN-PIERRE BETHOUART. NONOSTANTE BLUE JEANS SIA COMPOSTO DA MOLTE NOTE FEMMINILI, QUESTA COLONIA RISULTA MOLTO MASCHILE E SEXY; DALL\u2019AROMA MOLTO FRESCO, PRESENTA UNA CERTA DOLCEZZA CHE PER\u00d2 NON RISULTA ECCESSIVA N\u00c9 STUCCHEVOLE; INOLTRE LA SUA SCIA HA ANCHE UNA GRANDE LONGEVIT\u00c0 DI OLTRE CINQUE ORE.<br \/>\nLA BOTTIGLIA DI BLUE JEANS \u00c8 MOLTO PARTICOLARE NEL DESIGN: LA FORMA \u00c8 QUELLA DI UNA BOTTIGLIA DI SODA. LA PARTE SUPERIORE \u00c8 UN PULSANTE NERO CHE FUNGE DA DISPENSER PER LA COLONIA PREMENDO VERSO IL BASSO. SULLA BOTTIGLIA SONO STAMPATI IL LOGHI VERSACE E BLUE JEANS, COS\u00cc COME SULLA CONFEZIONE ESTERNA, UN BARATTOLO CILINDRICO DI LATTA.<\/p>\n<p>NOTE DI TESTA: AGRUMI, BERGAMOTTO, BASILICO, ANICE, GINEPRO, PALISSANDRO BRASILIANO<br \/>\nNOTE DI CUORE: GAROFANO, ABETE, LAVANDA, GELSOMINO, SALVIA, ELIOTROPIO, MUGHETTO, ROSA, GERANIO<br \/>\nNOTE DI FONDO: IRIS, LEGNO DI SANDALO, FAVA DI TONKA, AMBRA, PATCHOULI, MUSCHIO, VANIGLIA, VETIVER, CEDRO<\/p>\n<p>BLUE JEANS IS A FRAGRANCE ONE ALWAYS GOES BACK TO. A CLASSIC MASCULINE FRAGRANCE WITH WOODSY, CITRUSY NOTES WITH A SPICY HEART AND A WARM DRYDOWN. TOP NOTES ARE COMPOSED OF BERGAMOT, LEMON, ANISE, BASIL AND PALISANDER TREE. GERANIUM, ROSE, LAVENDER, JASMINE, SAGE, HELIOTROPE AND LILY ARE AT ITS HEART. THE DRYDOWN CONTAINS THE NOTES OF IRIS, SANDALWOOD, VETIVER, MUSK, PATCHOULI, TONKA BEAN, VANILLA AND AMBER. BLUE JEANS WAS CREATED IN 1994. THE NOSE BEHIND THIS FRAGRANCE IS JEAN-PIERRE BETHOUART.<\/p>\n","protected":false},"featured_media":78300,"comment_status":"open","ping_status":"closed","template":"","meta":{"_et_pb_use_builder":"","_et_pb_old_content":"","_et_gb_content_width":""},"product_brand":[],"product_cat":[7099,7098,7106,7107],"product_tag":[],"class_list":{"0":"post-78301","1":"product","2":"type-product","3":"status-publish","4":"has-post-thumbnail","6":"product_cat-offerte-da-non-perdere-default-category","7":"product_cat-default-category","8":"product_cat-profumi-default-category","9":"product_cat-uomo-profumi-default-category","10":"pa_bollino-offerta_speciale","11":"pa_categoria_desc-profumiuomo","12":"pa_confezione_desc-confezioneoriginalenotester","13":"pa_formato_filtro-75ml","14":"pa_manufacturer-versace","15":"pa_sconto_desc-40-2","16":"pa_spedizione_gratuita-no","17":"pa_tipo_filtro-sprayeaudetoilette","19":"first","20":"instock","21":"sale","22":"shipping-taxable","23":"purchasable","24":"product-type-simple"},"yoast_head":"<!-- This site is optimized with the Yoast SEO plugin v27.4 - https:\/\/yoast.com\/product\/yoast-seo-wordpress\/ -->\n<title>VERSACE VERSUS BLUE JEANS MAN 75ML SPRAY EAU DE TOILETTE<\/title>\n<meta name=\"robots\" content=\"index, follow, max-snippet:-1, max-image-preview:large, max-video-preview:-1\" \/>\n<link rel=\"canonical\" href=\"https:\/\/profumix.it\/en\/prodotto\/versace-versus-blue-jeans-man-75ml-spray-eau-de-toilette\/\" \/>\n<meta property=\"og:locale\" content=\"en_US\" \/>\n<meta property=\"og:type\" content=\"article\" \/>\n<meta property=\"og:title\" content=\"VERSACE VERSUS BLUE JEANS MAN 75ML SPRAY EAU DE TOILETTE\" \/>\n<meta property=\"og:description\" content=\"VERSUS VERSACE BLUE JEANS \u00c8 STATO LANCIATO SUL MERCATO NEL 1994. E\u2019 DA CONSIDERARSI QUINDI UNA CLASSICA FRAGRANZA MASCHILE CON NOTE AGRUMATE- BOIS\u00c9 DAL CUORE SPEZIATO E DAL FONDO CALDO. IL NASO DIETRO QUESTA FRAGRANZA \u00c8 JEAN-PIERRE BETHOUART. NONOSTANTE BLUE JEANS SIA COMPOSTO DA MOLTE NOTE FEMMINILI, QUESTA COLONIA RISULTA MOLTO MASCHILE E SEXY; DALL\u2019AROMA MOLTO FRESCO, PRESENTA UNA CERTA DOLCEZZA CHE PER\u00d2 NON RISULTA ECCESSIVA N\u00c9 STUCCHEVOLE; INOLTRE LA SUA SCIA HA ANCHE UNA GRANDE LONGEVIT\u00c0 DI OLTRE CINQUE ORE. LA BOTTIGLIA DI BLUE JEANS \u00c8 MOLTO PARTICOLARE NEL DESIGN: LA FORMA \u00c8 QUELLA DI UNA BOTTIGLIA DI SODA. LA PARTE SUPERIORE \u00c8 UN PULSANTE NERO CHE FUNGE DA DISPENSER PER LA COLONIA PREMENDO VERSO IL BASSO. SULLA BOTTIGLIA SONO STAMPATI IL LOGHI VERSACE E BLUE JEANS, COS\u00cc COME SULLA CONFEZIONE ESTERNA, UN BARATTOLO CILINDRICO DI LATTA.  NOTE DI TESTA: AGRUMI, BERGAMOTTO, BASILICO, ANICE, GINEPRO, PALISSANDRO BRASILIANO NOTE DI CUORE: GAROFANO, ABETE, LAVANDA, GELSOMINO, SALVIA, ELIOTROPIO, MUGHETTO, ROSA, GERANIO NOTE DI FONDO: IRIS, LEGNO DI SANDALO, FAVA DI TONKA, AMBRA, PATCHOULI, MUSCHIO, VANIGLIA, VETIVER, CEDRO  BLUE JEANS IS A FRAGRANCE ONE ALWAYS GOES BACK TO. A CLASSIC MASCULINE FRAGRANCE WITH WOODSY, CITRUSY NOTES WITH A SPICY HEART AND A WARM DRYDOWN. TOP NOTES ARE COMPOSED OF BERGAMOT, LEMON, ANISE, BASIL AND PALISANDER TREE. GERANIUM, ROSE, LAVENDER, JASMINE, SAGE, HELIOTROPE AND LILY ARE AT ITS HEART. THE DRYDOWN CONTAINS THE NOTES OF IRIS, SANDALWOOD, VETIVER, MUSK, PATCHOULI, TONKA BEAN, VANILLA AND AMBER. BLUE JEANS WAS CREATED IN 1994. THE NOSE BEHIND THIS FRAGRANCE IS JEAN-PIERRE BETHOUART.\" \/>\n<meta property=\"og:url\" content=\"https:\/\/profumix.it\/en\/prodotto\/versace-versus-blue-jeans-man-75ml-spray-eau-de-toilette\/\" \/>\n<meta property=\"og:site_name\" content=\"Profumix Perfumes\" \/>\n<meta property=\"article:publisher\" content=\"https:\/\/www.facebook.com\/profumix\" \/>\n<meta property=\"article:modified_time\" content=\"2025-05-26T16:13:49+00:00\" \/>\n<meta property=\"og:image\" content=\"https:\/\/profumix.it\/wp-content\/uploads\/2015\/02\/product_v_e_versace-versus-blue-jeans-man-edt-75ml.jpg\" \/>\n\t<meta property=\"og:image:width\" content=\"600\" \/>\n\t<meta property=\"og:image:height\" content=\"600\" \/>\n\t<meta property=\"og:image:type\" content=\"image\/jpeg\" \/>\n<meta name=\"twitter:card\" content=\"summary_large_image\" \/>\n<meta name=\"twitter:label1\" content=\"Est. reading time\" \/>\n\t<meta name=\"twitter:data1\" content=\"2 minutes\" \/>\n<script type=\"application\/ld+json\" class=\"yoast-schema-graph\">{\"@context\":\"https:\\\/\\\/schema.org\",\"@graph\":[{\"@type\":\"WebPage\",\"@id\":\"https:\\\/\\\/profumix.it\\\/en\\\/prodotto\\\/versace-versus-blue-jeans-man-75ml-spray-eau-de-toilette\\\/\",\"url\":\"https:\\\/\\\/profumix.it\\\/en\\\/prodotto\\\/versace-versus-blue-jeans-man-75ml-spray-eau-de-toilette\\\/\",\"name\":\"VERSACE VERSUS BLUE JEANS MAN 75ML SPRAY EAU DE TOILETTE\",\"isPartOf\":{\"@id\":\"https:\\\/\\\/profumix.it\\\/en\\\/#website\"},\"primaryImageOfPage\":{\"@id\":\"https:\\\/\\\/profumix.it\\\/en\\\/prodotto\\\/versace-versus-blue-jeans-man-75ml-spray-eau-de-toilette\\\/#primaryimage\"},\"image\":{\"@id\":\"https:\\\/\\\/profumix.it\\\/en\\\/prodotto\\\/versace-versus-blue-jeans-man-75ml-spray-eau-de-toilette\\\/#primaryimage\"},\"thumbnailUrl\":\"https:\\\/\\\/profumix.it\\\/wp-content\\\/uploads\\\/2015\\\/02\\\/product_v_e_versace-versus-blue-jeans-man-edt-75ml.jpg\",\"datePublished\":\"2015-02-10T23:14:32+00:00\",\"dateModified\":\"2025-05-26T16:13:49+00:00\",\"breadcrumb\":{\"@id\":\"https:\\\/\\\/profumix.it\\\/en\\\/prodotto\\\/versace-versus-blue-jeans-man-75ml-spray-eau-de-toilette\\\/#breadcrumb\"},\"inLanguage\":\"en-US\",\"potentialAction\":[{\"@type\":\"ReadAction\",\"target\":[\"https:\\\/\\\/profumix.it\\\/en\\\/prodotto\\\/versace-versus-blue-jeans-man-75ml-spray-eau-de-toilette\\\/\"]}]},{\"@type\":\"ImageObject\",\"inLanguage\":\"en-US\",\"@id\":\"https:\\\/\\\/profumix.it\\\/en\\\/prodotto\\\/versace-versus-blue-jeans-man-75ml-spray-eau-de-toilette\\\/#primaryimage\",\"url\":\"https:\\\/\\\/profumix.it\\\/wp-content\\\/uploads\\\/2015\\\/02\\\/product_v_e_versace-versus-blue-jeans-man-edt-75ml.jpg\",\"contentUrl\":\"https:\\\/\\\/profumix.it\\\/wp-content\\\/uploads\\\/2015\\\/02\\\/product_v_e_versace-versus-blue-jeans-man-edt-75ml.jpg\",\"width\":600,\"height\":600,\"caption\":\"VERSACE VERSUS BLUE JEANS MAN 75ML SPRAY EAU DE TOILETTE\"},{\"@type\":\"BreadcrumbList\",\"@id\":\"https:\\\/\\\/profumix.it\\\/en\\\/prodotto\\\/versace-versus-blue-jeans-man-75ml-spray-eau-de-toilette\\\/#breadcrumb\",\"itemListElement\":[{\"@type\":\"ListItem\",\"position\":1,\"name\":\"Home\",\"item\":\"https:\\\/\\\/profumix.it\\\/en\\\/home\\\/\"},{\"@type\":\"ListItem\",\"position\":2,\"name\":\"Shop\",\"item\":\"https:\\\/\\\/profumix.it\\\/en\\\/shop\\\/\"},{\"@type\":\"ListItem\",\"position\":3,\"name\":\"VERSACE VERSUS BLUE JEANS MAN 75ML SPRAY EAU DE TOILETTE\"}]},{\"@type\":\"WebSite\",\"@id\":\"https:\\\/\\\/profumix.it\\\/en\\\/#website\",\"url\":\"https:\\\/\\\/profumix.it\\\/en\\\/\",\"name\":\"Profumix Perfumes\",\"description\":\"\",\"potentialAction\":[{\"@type\":\"SearchAction\",\"target\":{\"@type\":\"EntryPoint\",\"urlTemplate\":\"https:\\\/\\\/profumix.it\\\/en\\\/?s={search_term_string}\"},\"query-input\":{\"@type\":\"PropertyValueSpecification\",\"valueRequired\":true,\"valueName\":\"search_term_string\"}}],\"inLanguage\":\"en-US\"}]}<\/script>\n<!-- \/ Yoast SEO plugin. -->","yoast_head_json":{"title":"VERSACE VERSUS BLUE JEANS MAN 75ML SPRAY EAU DE TOILETTE","robots":{"index":"index","follow":"follow","max-snippet":"max-snippet:-1","max-image-preview":"max-image-preview:large","max-video-preview":"max-video-preview:-1"},"canonical":"https:\/\/profumix.it\/en\/prodotto\/versace-versus-blue-jeans-man-75ml-spray-eau-de-toilette\/","og_locale":"en_US","og_type":"article","og_title":"VERSACE VERSUS BLUE JEANS MAN 75ML SPRAY EAU DE TOILETTE","og_description":"VERSUS VERSACE BLUE JEANS \u00c8 STATO LANCIATO SUL MERCATO NEL 1994. E\u2019 DA CONSIDERARSI QUINDI UNA CLASSICA FRAGRANZA MASCHILE CON NOTE AGRUMATE- BOIS\u00c9 DAL CUORE SPEZIATO E DAL FONDO CALDO. IL NASO DIETRO QUESTA FRAGRANZA \u00c8 JEAN-PIERRE BETHOUART. NONOSTANTE BLUE JEANS SIA COMPOSTO DA MOLTE NOTE FEMMINILI, QUESTA COLONIA RISULTA MOLTO MASCHILE E SEXY; DALL\u2019AROMA MOLTO FRESCO, PRESENTA UNA CERTA DOLCEZZA CHE PER\u00d2 NON RISULTA ECCESSIVA N\u00c9 STUCCHEVOLE; INOLTRE LA SUA SCIA HA ANCHE UNA GRANDE LONGEVIT\u00c0 DI OLTRE CINQUE ORE. LA BOTTIGLIA DI BLUE JEANS \u00c8 MOLTO PARTICOLARE NEL DESIGN: LA FORMA \u00c8 QUELLA DI UNA BOTTIGLIA DI SODA. LA PARTE SUPERIORE \u00c8 UN PULSANTE NERO CHE FUNGE DA DISPENSER PER LA COLONIA PREMENDO VERSO IL BASSO. SULLA BOTTIGLIA SONO STAMPATI IL LOGHI VERSACE E BLUE JEANS, COS\u00cc COME SULLA CONFEZIONE ESTERNA, UN BARATTOLO CILINDRICO DI LATTA.  NOTE DI TESTA: AGRUMI, BERGAMOTTO, BASILICO, ANICE, GINEPRO, PALISSANDRO BRASILIANO NOTE DI CUORE: GAROFANO, ABETE, LAVANDA, GELSOMINO, SALVIA, ELIOTROPIO, MUGHETTO, ROSA, GERANIO NOTE DI FONDO: IRIS, LEGNO DI SANDALO, FAVA DI TONKA, AMBRA, PATCHOULI, MUSCHIO, VANIGLIA, VETIVER, CEDRO  BLUE JEANS IS A FRAGRANCE ONE ALWAYS GOES BACK TO. A CLASSIC MASCULINE FRAGRANCE WITH WOODSY, CITRUSY NOTES WITH A SPICY HEART AND A WARM DRYDOWN. TOP NOTES ARE COMPOSED OF BERGAMOT, LEMON, ANISE, BASIL AND PALISANDER TREE. GERANIUM, ROSE, LAVENDER, JASMINE, SAGE, HELIOTROPE AND LILY ARE AT ITS HEART. THE DRYDOWN CONTAINS THE NOTES OF IRIS, SANDALWOOD, VETIVER, MUSK, PATCHOULI, TONKA BEAN, VANILLA AND AMBER. BLUE JEANS WAS CREATED IN 1994. THE NOSE BEHIND THIS FRAGRANCE IS JEAN-PIERRE BETHOUART.","og_url":"https:\/\/profumix.it\/en\/prodotto\/versace-versus-blue-jeans-man-75ml-spray-eau-de-toilette\/","og_site_name":"Profumix Perfumes","article_publisher":"https:\/\/www.facebook.com\/profumix","article_modified_time":"2025-05-26T16:13:49+00:00","og_image":[{"width":600,"height":600,"url":"https:\/\/profumix.it\/wp-content\/uploads\/2015\/02\/product_v_e_versace-versus-blue-jeans-man-edt-75ml.jpg","type":"image\/jpeg"}],"twitter_card":"summary_large_image","twitter_misc":{"Est. reading time":"2 minutes"},"schema":{"@context":"https:\/\/schema.org","@graph":[{"@type":"WebPage","@id":"https:\/\/profumix.it\/en\/prodotto\/versace-versus-blue-jeans-man-75ml-spray-eau-de-toilette\/","url":"https:\/\/profumix.it\/en\/prodotto\/versace-versus-blue-jeans-man-75ml-spray-eau-de-toilette\/","name":"VERSACE VERSUS BLUE JEANS MAN 75ML SPRAY EAU DE TOILETTE","isPartOf":{"@id":"https:\/\/profumix.it\/en\/#website"},"primaryImageOfPage":{"@id":"https:\/\/profumix.it\/en\/prodotto\/versace-versus-blue-jeans-man-75ml-spray-eau-de-toilette\/#primaryimage"},"image":{"@id":"https:\/\/profumix.it\/en\/prodotto\/versace-versus-blue-jeans-man-75ml-spray-eau-de-toilette\/#primaryimage"},"thumbnailUrl":"https:\/\/profumix.it\/wp-content\/uploads\/2015\/02\/product_v_e_versace-versus-blue-jeans-man-edt-75ml.jpg","datePublished":"2015-02-10T23:14:32+00:00","dateModified":"2025-05-26T16:13:49+00:00","breadcrumb":{"@id":"https:\/\/profumix.it\/en\/prodotto\/versace-versus-blue-jeans-man-75ml-spray-eau-de-toilette\/#breadcrumb"},"inLanguage":"en-US","potentialAction":[{"@type":"ReadAction","target":["https:\/\/profumix.it\/en\/prodotto\/versace-versus-blue-jeans-man-75ml-spray-eau-de-toilette\/"]}]},{"@type":"ImageObject","inLanguage":"en-US","@id":"https:\/\/profumix.it\/en\/prodotto\/versace-versus-blue-jeans-man-75ml-spray-eau-de-toilette\/#primaryimage","url":"https:\/\/profumix.it\/wp-content\/uploads\/2015\/02\/product_v_e_versace-versus-blue-jeans-man-edt-75ml.jpg","contentUrl":"https:\/\/profumix.it\/wp-content\/uploads\/2015\/02\/product_v_e_versace-versus-blue-jeans-man-edt-75ml.jpg","width":600,"height":600,"caption":"VERSACE VERSUS BLUE JEANS MAN 75ML SPRAY EAU DE TOILETTE"},{"@type":"BreadcrumbList","@id":"https:\/\/profumix.it\/en\/prodotto\/versace-versus-blue-jeans-man-75ml-spray-eau-de-toilette\/#breadcrumb","itemListElement":[{"@type":"ListItem","position":1,"name":"Home","item":"https:\/\/profumix.it\/en\/home\/"},{"@type":"ListItem","position":2,"name":"Shop","item":"https:\/\/profumix.it\/en\/shop\/"},{"@type":"ListItem","position":3,"name":"VERSACE VERSUS BLUE JEANS MAN 75ML SPRAY EAU DE TOILETTE"}]},{"@type":"WebSite","@id":"https:\/\/profumix.it\/en\/#website","url":"https:\/\/profumix.it\/en\/","name":"Profumix Perfumes","description":"","potentialAction":[{"@type":"SearchAction","target":{"@type":"EntryPoint","urlTemplate":"https:\/\/profumix.it\/en\/?s={search_term_string}"},"query-input":{"@type":"PropertyValueSpecification","valueRequired":true,"valueName":"search_term_string"}}],"inLanguage":"en-US"}]}},"_links":{"self":[{"href":"https:\/\/profumix.it\/en\/wp-json\/wp\/v2\/product\/78301","targetHints":{"allow":["GET"]}}],"collection":[{"href":"https:\/\/profumix.it\/en\/wp-json\/wp\/v2\/product"}],"about":[{"href":"https:\/\/profumix.it\/en\/wp-json\/wp\/v2\/types\/product"}],"replies":[{"embeddable":true,"href":"https:\/\/profumix.it\/en\/wp-json\/wp\/v2\/comments?post=78301"}],"wp:featuredmedia":[{"embeddable":true,"href":"https:\/\/profumix.it\/en\/wp-json\/wp\/v2\/media\/78300"}],"wp:attachment":[{"href":"https:\/\/profumix.it\/en\/wp-json\/wp\/v2\/media?parent=78301"}],"wp:term":[{"taxonomy":"product_brand","embeddable":true,"href":"https:\/\/profumix.it\/en\/wp-json\/wp\/v2\/product_brand?post=78301"},{"taxonomy":"product_cat","embeddable":true,"href":"https:\/\/profumix.it\/en\/wp-json\/wp\/v2\/product_cat?post=78301"},{"taxonomy":"product_tag","embeddable":true,"href":"https:\/\/profumix.it\/en\/wp-json\/wp\/v2\/product_tag?post=78301"}],"curies":[{"name":"wp","href":"https:\/\/api.w.org\/{rel}","templated":true}]}}