{"id":78659,"date":"2015-07-13T13:52:24","date_gmt":"2015-07-13T11:52:24","guid":{"rendered":"https:\/\/profumix.it\/prodotto\/l-oreal-serie-expert-shampoo-volume-expand-500ml-69\/"},"modified":"2015-07-13T13:52:24","modified_gmt":"2015-07-13T11:52:24","slug":"l-oreal-serie-expert-shampoo-volume-expand-500ml-69","status":"publish","type":"product","link":"https:\/\/profumix.it\/en\/prodotto\/l-oreal-serie-expert-shampoo-volume-expand-500ml-69\/","title":{"rendered":"L&#8217;OREAL PROFESSIONNEL ABSOLUT REPAIR LIPIDIUM SHAMPOO 1500ML RIPARATORE ISTANTANEO"},"content":{"rendered":"<p>L&#8217;ABSOLUT REPAIR SHAMPOO DELLA L&#8217;OREAL AGISCE IN PROFONDIT\u00c0 A LIVELLO CELLULARE RIDANDO FORZA E LUCENTEZZA AL CAPELLO SFIBRATO. IDEATO PER RISPONDERE AL PROBLEMA DEI CAPELLI PI\u00d9 DANNEGGIATI, LO SHAMPOO AD AZIONE CELLULARE AGISCE DIRETTAMENTE SULLA STRUTTURA DEL CAPELLO RIVITALIZZANDOLO CON EFFETTI SORPRENDENTI. L&#8217;INGREDIENTE ATTIVO DI MAGGIOR IMPORTANZA CONTENUTO NELL&#8217;INNOVATIVA FORMULA DELLA L&#8217;OREAL \u00c8 RAPPRESENTATO DALL&#8217;ACIDO LATTICO, CHE AGISCE CON EFFICACIA SULLE GIUNZIONI IONICHE, RIDANDO COS\u00cc FORZA E COESIONE ALLE FIBRE DEL CAPELLO. CON SOLE POCHE APPLICAZIONI, GRAZIE ALL&#8217;AZIONE IMMEDIATA DELL&#8217;ACIDO LATTICO, LA CAPIGLIATURA RISULTER\u00c0 ELASTICA, BRILLANTE E INCREDIBILMENTE SOFFICE AL TATTO. IL PRODOTTO \u00c8 INOLTRE STUDIATO PER UN USO FREQUENTE: I PRINCIPI ATTIVI PUR AGENDO VELOCEMENTE E IN PROFONDIT\u00c0 NON AGGREDISCONO IL CUOIO CAPELLUTO, EVITANDO COS\u00cc IRRITAZIONI E ALTRE PROBLEMATICHE CHE SI POSSONO A VOLTE RISCONTRARE CON L&#8217;USO FREQUENTE DI UNO SHAMPOO NORMALE.DISTRIBUIRE SUI CAPELLI ED EMULSIONARE. RISCIACQUARE ACCURATAMENTE. <\/p>\n","protected":false},"excerpt":{"rendered":"<p>L&#8217;ABSOLUT REPAIR SHAMPOO DELLA L&#8217;OREAL AGISCE IN PROFONDIT\u00c0 A LIVELLO CELLULARE RIDANDO FORZA E LUCENTEZZA AL CAPELLO SFIBRATO. IDEATO PER RISPONDERE AL PROBLEMA DEI CAPELLI PI\u00d9 DANNEGGIATI, LO SHAMPOO AD AZIONE CELLULARE AGISCE DIRETTAMENTE SULLA STRUTTURA DEL CAPELLO RIVITALIZZANDOLO CON EFFETTI SORPRENDENTI. L&#8217;INGREDIENTE ATTIVO DI MAGGIOR IMPORTANZA CONTENUTO NELL&#8217;INNOVATIVA FORMULA DELLA L&#8217;OREAL \u00c8 RAPPRESENTATO DALL&#8217;ACIDO LATTICO, CHE AGISCE CON EFFICACIA SULLE GIUNZIONI IONICHE, RIDANDO COS\u00cc FORZA E COESIONE ALLE FIBRE DEL CAPELLO. CON SOLE POCHE APPLICAZIONI, GRAZIE ALL&#8217;AZIONE IMMEDIATA DELL&#8217;ACIDO LATTICO, LA CAPIGLIATURA RISULTER\u00c0 ELASTICA, BRILLANTE E INCREDIBILMENTE SOFFICE AL TATTO. IL PRODOTTO \u00c8 INOLTRE STUDIATO PER UN USO FREQUENTE: I PRINCIPI ATTIVI PUR AGENDO VELOCEMENTE E IN PROFONDIT\u00c0 NON AGGREDISCONO IL CUOIO CAPELLUTO, EVITANDO COS\u00cc IRRITAZIONI E ALTRE PROBLEMATICHE CHE SI POSSONO A VOLTE RISCONTRARE CON L&#8217;USO FREQUENTE DI UNO SHAMPOO NORMALE.DISTRIBUIRE SUI CAPELLI ED EMULSIONARE. RISCIACQUARE ACCURATAMENTE. <\/p>\n","protected":false},"featured_media":78658,"comment_status":"open","ping_status":"closed","template":"","meta":{"_et_pb_use_builder":"","_et_pb_old_content":"","_et_gb_content_width":""},"product_brand":[],"product_cat":[7123,7099,7098,7125],"product_tag":[],"class_list":{"0":"post-78659","1":"product","2":"type-product","3":"status-publish","4":"has-post-thumbnail","6":"product_cat-linea-capelli","7":"product_cat-offerte-da-non-perdere-default-category","8":"product_cat-default-category","9":"product_cat-shampoo","10":"pa_bollino-offerta_speciale","11":"pa_categoria_desc-trattamentipercapellishampoo","12":"pa_confezione_desc-flaconeoriginalenotester","13":"pa_formato_filtro-1500ml","14":"pa_manufacturer-loreal","15":"pa_sconto_desc-6917","16":"pa_spedizione_gratuita-no","17":"pa_tipo_filtro-shampoo","19":"first","20":"outofstock","21":"sale","22":"shipping-taxable","23":"purchasable","24":"product-type-simple"},"yoast_head":"<!-- This site is optimized with the Yoast SEO plugin v27.4 - https:\/\/yoast.com\/product\/yoast-seo-wordpress\/ -->\n<title>L&#039;OREAL PROFESSIONNEL ABSOLUT REPAIR LIPIDIUM SHAMPOO 1500ML RIPARATORE ISTANTANEO<\/title>\n<meta name=\"robots\" content=\"index, follow, max-snippet:-1, max-image-preview:large, max-video-preview:-1\" \/>\n<link rel=\"canonical\" href=\"https:\/\/profumix.it\/en\/prodotto\/l-oreal-serie-expert-shampoo-volume-expand-500ml-69\/\" \/>\n<meta property=\"og:locale\" content=\"en_US\" \/>\n<meta property=\"og:type\" content=\"article\" \/>\n<meta property=\"og:title\" content=\"L&#039;OREAL PROFESSIONNEL ABSOLUT REPAIR LIPIDIUM SHAMPOO 1500ML RIPARATORE ISTANTANEO\" \/>\n<meta property=\"og:description\" content=\"L&#039;ABSOLUT REPAIR SHAMPOO DELLA L&#039;OREAL AGISCE IN PROFONDIT\u00c0 A LIVELLO CELLULARE RIDANDO FORZA E LUCENTEZZA AL CAPELLO SFIBRATO. IDEATO PER RISPONDERE AL PROBLEMA DEI CAPELLI PI\u00d9 DANNEGGIATI, LO SHAMPOO AD AZIONE CELLULARE AGISCE DIRETTAMENTE SULLA STRUTTURA DEL CAPELLO RIVITALIZZANDOLO CON EFFETTI SORPRENDENTI. L&#039;INGREDIENTE ATTIVO DI MAGGIOR IMPORTANZA CONTENUTO NELL&#039;INNOVATIVA FORMULA DELLA L&#039;OREAL \u00c8 RAPPRESENTATO DALL&#039;ACIDO LATTICO, CHE AGISCE CON EFFICACIA SULLE GIUNZIONI IONICHE, RIDANDO COS\u00cc FORZA E COESIONE ALLE FIBRE DEL CAPELLO. CON SOLE POCHE APPLICAZIONI, GRAZIE ALL&#039;AZIONE IMMEDIATA DELL&#039;ACIDO LATTICO, LA CAPIGLIATURA RISULTER\u00c0 ELASTICA, BRILLANTE E INCREDIBILMENTE SOFFICE AL TATTO. IL PRODOTTO \u00c8 INOLTRE STUDIATO PER UN USO FREQUENTE: I PRINCIPI ATTIVI PUR AGENDO VELOCEMENTE E IN PROFONDIT\u00c0 NON AGGREDISCONO IL CUOIO CAPELLUTO, EVITANDO COS\u00cc IRRITAZIONI E ALTRE PROBLEMATICHE CHE SI POSSONO A VOLTE RISCONTRARE CON L&#039;USO FREQUENTE DI UNO SHAMPOO NORMALE.DISTRIBUIRE SUI CAPELLI ED EMULSIONARE. RISCIACQUARE ACCURATAMENTE.\" \/>\n<meta property=\"og:url\" content=\"https:\/\/profumix.it\/en\/prodotto\/l-oreal-serie-expert-shampoo-volume-expand-500ml-69\/\" \/>\n<meta property=\"og:site_name\" content=\"Profumix Perfumes\" \/>\n<meta property=\"article:publisher\" content=\"https:\/\/www.facebook.com\/profumix\" \/>\n<meta property=\"og:image\" content=\"https:\/\/profumix.it\/wp-content\/uploads\/2015\/07\/product_s_h_shampoo_absolut_repair.png\" \/>\n\t<meta property=\"og:image:width\" content=\"500\" \/>\n\t<meta property=\"og:image:height\" content=\"500\" \/>\n\t<meta property=\"og:image:type\" content=\"image\/png\" \/>\n<meta name=\"twitter:card\" content=\"summary_large_image\" \/>\n<meta name=\"twitter:label1\" content=\"Est. reading time\" \/>\n\t<meta name=\"twitter:data1\" content=\"1 minute\" \/>\n<script type=\"application\/ld+json\" class=\"yoast-schema-graph\">{\"@context\":\"https:\\\/\\\/schema.org\",\"@graph\":[{\"@type\":\"WebPage\",\"@id\":\"https:\\\/\\\/profumix.it\\\/en\\\/prodotto\\\/l-oreal-serie-expert-shampoo-volume-expand-500ml-69\\\/\",\"url\":\"https:\\\/\\\/profumix.it\\\/en\\\/prodotto\\\/l-oreal-serie-expert-shampoo-volume-expand-500ml-69\\\/\",\"name\":\"L'OREAL PROFESSIONNEL ABSOLUT REPAIR LIPIDIUM SHAMPOO 1500ML RIPARATORE ISTANTANEO\",\"isPartOf\":{\"@id\":\"https:\\\/\\\/profumix.it\\\/en\\\/#website\"},\"primaryImageOfPage\":{\"@id\":\"https:\\\/\\\/profumix.it\\\/en\\\/prodotto\\\/l-oreal-serie-expert-shampoo-volume-expand-500ml-69\\\/#primaryimage\"},\"image\":{\"@id\":\"https:\\\/\\\/profumix.it\\\/en\\\/prodotto\\\/l-oreal-serie-expert-shampoo-volume-expand-500ml-69\\\/#primaryimage\"},\"thumbnailUrl\":\"https:\\\/\\\/profumix.it\\\/wp-content\\\/uploads\\\/2015\\\/07\\\/product_s_h_shampoo_absolut_repair.png\",\"datePublished\":\"2015-07-13T11:52:24+00:00\",\"breadcrumb\":{\"@id\":\"https:\\\/\\\/profumix.it\\\/en\\\/prodotto\\\/l-oreal-serie-expert-shampoo-volume-expand-500ml-69\\\/#breadcrumb\"},\"inLanguage\":\"en-US\",\"potentialAction\":[{\"@type\":\"ReadAction\",\"target\":[\"https:\\\/\\\/profumix.it\\\/en\\\/prodotto\\\/l-oreal-serie-expert-shampoo-volume-expand-500ml-69\\\/\"]}]},{\"@type\":\"ImageObject\",\"inLanguage\":\"en-US\",\"@id\":\"https:\\\/\\\/profumix.it\\\/en\\\/prodotto\\\/l-oreal-serie-expert-shampoo-volume-expand-500ml-69\\\/#primaryimage\",\"url\":\"https:\\\/\\\/profumix.it\\\/wp-content\\\/uploads\\\/2015\\\/07\\\/product_s_h_shampoo_absolut_repair.png\",\"contentUrl\":\"https:\\\/\\\/profumix.it\\\/wp-content\\\/uploads\\\/2015\\\/07\\\/product_s_h_shampoo_absolut_repair.png\",\"width\":500,\"height\":500,\"caption\":\"L'OREAL PROFESSIONNEL ABSOLUT REPAIR LIPIDIUM SHAMPOO 1500ML RIPARATORE ISTANTANEO\"},{\"@type\":\"BreadcrumbList\",\"@id\":\"https:\\\/\\\/profumix.it\\\/en\\\/prodotto\\\/l-oreal-serie-expert-shampoo-volume-expand-500ml-69\\\/#breadcrumb\",\"itemListElement\":[{\"@type\":\"ListItem\",\"position\":1,\"name\":\"Home\",\"item\":\"https:\\\/\\\/profumix.it\\\/en\\\/home\\\/\"},{\"@type\":\"ListItem\",\"position\":2,\"name\":\"Shop\",\"item\":\"https:\\\/\\\/profumix.it\\\/en\\\/shop\\\/\"},{\"@type\":\"ListItem\",\"position\":3,\"name\":\"L&#8217;OREAL PROFESSIONNEL ABSOLUT REPAIR LIPIDIUM SHAMPOO 1500ML RIPARATORE ISTANTANEO\"}]},{\"@type\":\"WebSite\",\"@id\":\"https:\\\/\\\/profumix.it\\\/en\\\/#website\",\"url\":\"https:\\\/\\\/profumix.it\\\/en\\\/\",\"name\":\"Profumix Perfumes\",\"description\":\"\",\"potentialAction\":[{\"@type\":\"SearchAction\",\"target\":{\"@type\":\"EntryPoint\",\"urlTemplate\":\"https:\\\/\\\/profumix.it\\\/en\\\/?s={search_term_string}\"},\"query-input\":{\"@type\":\"PropertyValueSpecification\",\"valueRequired\":true,\"valueName\":\"search_term_string\"}}],\"inLanguage\":\"en-US\"}]}<\/script>\n<!-- \/ Yoast SEO plugin. -->","yoast_head_json":{"title":"L'OREAL PROFESSIONNEL ABSOLUT REPAIR LIPIDIUM SHAMPOO 1500ML RIPARATORE ISTANTANEO","robots":{"index":"index","follow":"follow","max-snippet":"max-snippet:-1","max-image-preview":"max-image-preview:large","max-video-preview":"max-video-preview:-1"},"canonical":"https:\/\/profumix.it\/en\/prodotto\/l-oreal-serie-expert-shampoo-volume-expand-500ml-69\/","og_locale":"en_US","og_type":"article","og_title":"L'OREAL PROFESSIONNEL ABSOLUT REPAIR LIPIDIUM SHAMPOO 1500ML RIPARATORE ISTANTANEO","og_description":"L'ABSOLUT REPAIR SHAMPOO DELLA L'OREAL AGISCE IN PROFONDIT\u00c0 A LIVELLO CELLULARE RIDANDO FORZA E LUCENTEZZA AL CAPELLO SFIBRATO. IDEATO PER RISPONDERE AL PROBLEMA DEI CAPELLI PI\u00d9 DANNEGGIATI, LO SHAMPOO AD AZIONE CELLULARE AGISCE DIRETTAMENTE SULLA STRUTTURA DEL CAPELLO RIVITALIZZANDOLO CON EFFETTI SORPRENDENTI. L'INGREDIENTE ATTIVO DI MAGGIOR IMPORTANZA CONTENUTO NELL'INNOVATIVA FORMULA DELLA L'OREAL \u00c8 RAPPRESENTATO DALL'ACIDO LATTICO, CHE AGISCE CON EFFICACIA SULLE GIUNZIONI IONICHE, RIDANDO COS\u00cc FORZA E COESIONE ALLE FIBRE DEL CAPELLO. CON SOLE POCHE APPLICAZIONI, GRAZIE ALL'AZIONE IMMEDIATA DELL'ACIDO LATTICO, LA CAPIGLIATURA RISULTER\u00c0 ELASTICA, BRILLANTE E INCREDIBILMENTE SOFFICE AL TATTO. IL PRODOTTO \u00c8 INOLTRE STUDIATO PER UN USO FREQUENTE: I PRINCIPI ATTIVI PUR AGENDO VELOCEMENTE E IN PROFONDIT\u00c0 NON AGGREDISCONO IL CUOIO CAPELLUTO, EVITANDO COS\u00cc IRRITAZIONI E ALTRE PROBLEMATICHE CHE SI POSSONO A VOLTE RISCONTRARE CON L'USO FREQUENTE DI UNO SHAMPOO NORMALE.DISTRIBUIRE SUI CAPELLI ED EMULSIONARE. RISCIACQUARE ACCURATAMENTE.","og_url":"https:\/\/profumix.it\/en\/prodotto\/l-oreal-serie-expert-shampoo-volume-expand-500ml-69\/","og_site_name":"Profumix Perfumes","article_publisher":"https:\/\/www.facebook.com\/profumix","og_image":[{"width":500,"height":500,"url":"https:\/\/profumix.it\/wp-content\/uploads\/2015\/07\/product_s_h_shampoo_absolut_repair.png","type":"image\/png"}],"twitter_card":"summary_large_image","twitter_misc":{"Est. reading time":"1 minute"},"schema":{"@context":"https:\/\/schema.org","@graph":[{"@type":"WebPage","@id":"https:\/\/profumix.it\/en\/prodotto\/l-oreal-serie-expert-shampoo-volume-expand-500ml-69\/","url":"https:\/\/profumix.it\/en\/prodotto\/l-oreal-serie-expert-shampoo-volume-expand-500ml-69\/","name":"L'OREAL PROFESSIONNEL ABSOLUT REPAIR LIPIDIUM SHAMPOO 1500ML RIPARATORE ISTANTANEO","isPartOf":{"@id":"https:\/\/profumix.it\/en\/#website"},"primaryImageOfPage":{"@id":"https:\/\/profumix.it\/en\/prodotto\/l-oreal-serie-expert-shampoo-volume-expand-500ml-69\/#primaryimage"},"image":{"@id":"https:\/\/profumix.it\/en\/prodotto\/l-oreal-serie-expert-shampoo-volume-expand-500ml-69\/#primaryimage"},"thumbnailUrl":"https:\/\/profumix.it\/wp-content\/uploads\/2015\/07\/product_s_h_shampoo_absolut_repair.png","datePublished":"2015-07-13T11:52:24+00:00","breadcrumb":{"@id":"https:\/\/profumix.it\/en\/prodotto\/l-oreal-serie-expert-shampoo-volume-expand-500ml-69\/#breadcrumb"},"inLanguage":"en-US","potentialAction":[{"@type":"ReadAction","target":["https:\/\/profumix.it\/en\/prodotto\/l-oreal-serie-expert-shampoo-volume-expand-500ml-69\/"]}]},{"@type":"ImageObject","inLanguage":"en-US","@id":"https:\/\/profumix.it\/en\/prodotto\/l-oreal-serie-expert-shampoo-volume-expand-500ml-69\/#primaryimage","url":"https:\/\/profumix.it\/wp-content\/uploads\/2015\/07\/product_s_h_shampoo_absolut_repair.png","contentUrl":"https:\/\/profumix.it\/wp-content\/uploads\/2015\/07\/product_s_h_shampoo_absolut_repair.png","width":500,"height":500,"caption":"L'OREAL PROFESSIONNEL ABSOLUT REPAIR LIPIDIUM SHAMPOO 1500ML RIPARATORE ISTANTANEO"},{"@type":"BreadcrumbList","@id":"https:\/\/profumix.it\/en\/prodotto\/l-oreal-serie-expert-shampoo-volume-expand-500ml-69\/#breadcrumb","itemListElement":[{"@type":"ListItem","position":1,"name":"Home","item":"https:\/\/profumix.it\/en\/home\/"},{"@type":"ListItem","position":2,"name":"Shop","item":"https:\/\/profumix.it\/en\/shop\/"},{"@type":"ListItem","position":3,"name":"L&#8217;OREAL PROFESSIONNEL ABSOLUT REPAIR LIPIDIUM SHAMPOO 1500ML RIPARATORE ISTANTANEO"}]},{"@type":"WebSite","@id":"https:\/\/profumix.it\/en\/#website","url":"https:\/\/profumix.it\/en\/","name":"Profumix Perfumes","description":"","potentialAction":[{"@type":"SearchAction","target":{"@type":"EntryPoint","urlTemplate":"https:\/\/profumix.it\/en\/?s={search_term_string}"},"query-input":{"@type":"PropertyValueSpecification","valueRequired":true,"valueName":"search_term_string"}}],"inLanguage":"en-US"}]}},"_links":{"self":[{"href":"https:\/\/profumix.it\/en\/wp-json\/wp\/v2\/product\/78659","targetHints":{"allow":["GET"]}}],"collection":[{"href":"https:\/\/profumix.it\/en\/wp-json\/wp\/v2\/product"}],"about":[{"href":"https:\/\/profumix.it\/en\/wp-json\/wp\/v2\/types\/product"}],"replies":[{"embeddable":true,"href":"https:\/\/profumix.it\/en\/wp-json\/wp\/v2\/comments?post=78659"}],"wp:featuredmedia":[{"embeddable":true,"href":"https:\/\/profumix.it\/en\/wp-json\/wp\/v2\/media\/78658"}],"wp:attachment":[{"href":"https:\/\/profumix.it\/en\/wp-json\/wp\/v2\/media?parent=78659"}],"wp:term":[{"taxonomy":"product_brand","embeddable":true,"href":"https:\/\/profumix.it\/en\/wp-json\/wp\/v2\/product_brand?post=78659"},{"taxonomy":"product_cat","embeddable":true,"href":"https:\/\/profumix.it\/en\/wp-json\/wp\/v2\/product_cat?post=78659"},{"taxonomy":"product_tag","embeddable":true,"href":"https:\/\/profumix.it\/en\/wp-json\/wp\/v2\/product_tag?post=78659"}],"curies":[{"name":"wp","href":"https:\/\/api.w.org\/{rel}","templated":true}]}}