{"id":78663,"date":"2015-07-17T17:18:39","date_gmt":"2015-07-17T15:18:39","guid":{"rendered":"https:\/\/profumix.it\/prodotto\/van-cleef-arpels-midnight-in-paris-pour-homme-40ml-spray-eau-de-toilette\/"},"modified":"2015-07-17T17:18:39","modified_gmt":"2015-07-17T15:18:39","slug":"van-cleef-arpels-midnight-in-paris-pour-homme-40ml-spray-eau-de-toilette","status":"publish","type":"product","link":"https:\/\/profumix.it\/en\/prodotto\/van-cleef-arpels-midnight-in-paris-pour-homme-40ml-spray-eau-de-toilette\/","title":{"rendered":"VAN CLEEF &#038; ARPELS MIDNIGHT IN PARIS POUR HOMME 40ML SPRAY EAU DE TOILETTE"},"content":{"rendered":"<p>LANCIATO NEL 2010, PRENDE IL SUO NOME DA UN FAMOSO OROLOGIO DI LUSSO, RACCHIUDENDO IN S\u00c9 LA POESIA DI UNA NOTTE STELLATA VISTA DAL CUORE DELLA \u2018CITT\u00c0 DELLA LUCE\u2019, PARIGI APPUNTO.<br \/>\nMIDNIGHT IN PARIS \u00c8 UNA FRAGRANZA ELEGANTE E MASCHILE, MODERNA ED ESTREMAMENTE RICCA, E RIVELA UNA TOTALE E INASPETTATA SENSUALIT\u00c0.<br \/>\nLA SUA COMPOSIZIONE \u00c8 IN EQUILIBRIO PERFETTO TRA L\u2019INTENSIT\u00c0 E LA FORZA DELL\u2019ACCORDO DI CUOIO E LA LUMINOSIT\u00c0 E DELICATEZZA DEL FIORE DI MUGHETTO.<br \/>\nIL DESIGN DEL FLACONE RIPRENDE LE FORME ROTONDE ED ELEGANTI DEL QUADRANTE DELL\u2019OROLOGIO OMONIMO, UN CIELO STELLATO BLU PROFONDO, SOFISTICATO E MISTERIOSO.<br \/>\nPIRAMIDE OLFATTIVA<br \/>\nNOTE DI TESTA: ACCORDO DI  CUOIO, NOTE AGRUMATE (LIMONE, BERGAMOTTO)<br \/>\nNOTE DI CUORE: MUGHETTO<br \/>\nNOTE DI FONDO: FAVA TONKA, INCENSO, AMBRA<\/p>\n","protected":false},"excerpt":{"rendered":"<p>LANCIATO NEL 2010, PRENDE IL SUO NOME DA UN FAMOSO OROLOGIO DI LUSSO, RACCHIUDENDO IN S\u00c9 LA POESIA DI UNA NOTTE STELLATA VISTA DAL CUORE DELLA \u2018CITT\u00c0 DELLA LUCE\u2019, PARIGI APPUNTO.<br \/>\nMIDNIGHT IN PARIS \u00c8 UNA FRAGRANZA ELEGANTE E MASCHILE, MODERNA ED ESTREMAMENTE RICCA, E RIVELA UNA TOTALE E INASPETTATA SENSUALIT\u00c0.<br \/>\nLA SUA COMPOSIZIONE \u00c8 IN EQUILIBRIO PERFETTO TRA L\u2019INTENSIT\u00c0 E LA FORZA DELL\u2019ACCORDO DI CUOIO E LA LUMINOSIT\u00c0 E DELICATEZZA DEL FIORE DI MUGHETTO.<br \/>\nIL DESIGN DEL FLACONE RIPRENDE LE FORME ROTONDE ED ELEGANTI DEL QUADRANTE DELL\u2019OROLOGIO OMONIMO, UN CIELO STELLATO BLU PROFONDO, SOFISTICATO E MISTERIOSO.<br \/>\nPIRAMIDE OLFATTIVA<br \/>\nNOTE DI TESTA: ACCORDO DI  CUOIO, NOTE AGRUMATE (LIMONE, BERGAMOTTO)<br \/>\nNOTE DI CUORE: MUGHETTO<br \/>\nNOTE DI FONDO: FAVA TONKA, INCENSO, AMBRA<\/p>\n","protected":false},"featured_media":78662,"comment_status":"open","ping_status":"closed","template":"","meta":{"_et_pb_use_builder":"","_et_pb_old_content":"","_et_gb_content_width":""},"product_brand":[],"product_cat":[7099,7098,7106,7107],"product_tag":[],"class_list":{"0":"post-78663","1":"product","2":"type-product","3":"status-publish","4":"has-post-thumbnail","6":"product_cat-offerte-da-non-perdere-default-category","7":"product_cat-default-category","8":"product_cat-profumi-default-category","9":"product_cat-uomo-profumi-default-category","10":"pa_bollino-offerta_speciale","11":"pa_confezione_desc-21-scatolaoriginaleblisterata","12":"pa_formato_filtro-40ml","13":"pa_manufacturer-vancleefarpels","14":"pa_sconto_desc-6932","15":"pa_spedizione_gratuita-no","16":"pa_tipo_filtro-sprayeaudetoilette","18":"first","19":"outofstock","20":"sale","21":"shipping-taxable","22":"purchasable","23":"product-type-simple"},"yoast_head":"<!-- This site is optimized with the Yoast SEO plugin v27.4 - https:\/\/yoast.com\/product\/yoast-seo-wordpress\/ -->\n<title>VAN CLEEF &amp; ARPELS MIDNIGHT IN PARIS POUR HOMME 40ML SPRAY EAU DE TOILETTE<\/title>\n<meta name=\"robots\" content=\"index, follow, max-snippet:-1, max-image-preview:large, max-video-preview:-1\" \/>\n<link rel=\"canonical\" href=\"https:\/\/profumix.it\/en\/prodotto\/van-cleef-arpels-midnight-in-paris-pour-homme-40ml-spray-eau-de-toilette\/\" \/>\n<meta property=\"og:locale\" content=\"en_US\" \/>\n<meta property=\"og:type\" content=\"article\" \/>\n<meta property=\"og:title\" content=\"VAN CLEEF &amp; ARPELS MIDNIGHT IN PARIS POUR HOMME 40ML SPRAY EAU DE TOILETTE\" \/>\n<meta property=\"og:description\" content=\"LANCIATO NEL 2010, PRENDE IL SUO NOME DA UN FAMOSO OROLOGIO DI LUSSO, RACCHIUDENDO IN S\u00c9 LA POESIA DI UNA NOTTE STELLATA VISTA DAL CUORE DELLA \u2018CITT\u00c0 DELLA LUCE\u2019, PARIGI APPUNTO. MIDNIGHT IN PARIS \u00c8 UNA FRAGRANZA ELEGANTE E MASCHILE, MODERNA ED ESTREMAMENTE RICCA, E RIVELA UNA TOTALE E INASPETTATA SENSUALIT\u00c0. LA SUA COMPOSIZIONE \u00c8 IN EQUILIBRIO PERFETTO TRA L\u2019INTENSIT\u00c0 E LA FORZA DELL\u2019ACCORDO DI CUOIO E LA LUMINOSIT\u00c0 E DELICATEZZA DEL FIORE DI MUGHETTO. IL DESIGN DEL FLACONE RIPRENDE LE FORME ROTONDE ED ELEGANTI DEL QUADRANTE DELL\u2019OROLOGIO OMONIMO, UN CIELO STELLATO BLU PROFONDO, SOFISTICATO E MISTERIOSO. PIRAMIDE OLFATTIVA NOTE DI TESTA: ACCORDO DI CUOIO, NOTE AGRUMATE (LIMONE, BERGAMOTTO) NOTE DI CUORE: MUGHETTO NOTE DI FONDO: FAVA TONKA, INCENSO, AMBRA\" \/>\n<meta property=\"og:url\" content=\"https:\/\/profumix.it\/en\/prodotto\/van-cleef-arpels-midnight-in-paris-pour-homme-40ml-spray-eau-de-toilette\/\" \/>\n<meta property=\"og:site_name\" content=\"Profumix Perfumes\" \/>\n<meta property=\"article:publisher\" content=\"https:\/\/www.facebook.com\/profumix\" \/>\n<meta property=\"og:image\" content=\"https:\/\/profumix.it\/wp-content\/uploads\/2015\/07\/product_v_a_van_cleef_arpels_pour_homme_midnight_in_paris_40ml_spray_eau_de_toilette.jpg\" \/>\n\t<meta property=\"og:image:width\" content=\"707\" \/>\n\t<meta property=\"og:image:height\" content=\"500\" \/>\n\t<meta property=\"og:image:type\" content=\"image\/jpeg\" \/>\n<meta name=\"twitter:card\" content=\"summary_large_image\" \/>\n<meta name=\"twitter:label1\" content=\"Est. reading time\" \/>\n\t<meta name=\"twitter:data1\" content=\"1 minute\" \/>\n<script type=\"application\/ld+json\" class=\"yoast-schema-graph\">{\"@context\":\"https:\\\/\\\/schema.org\",\"@graph\":[{\"@type\":\"WebPage\",\"@id\":\"https:\\\/\\\/profumix.it\\\/en\\\/prodotto\\\/van-cleef-arpels-midnight-in-paris-pour-homme-40ml-spray-eau-de-toilette\\\/\",\"url\":\"https:\\\/\\\/profumix.it\\\/en\\\/prodotto\\\/van-cleef-arpels-midnight-in-paris-pour-homme-40ml-spray-eau-de-toilette\\\/\",\"name\":\"VAN CLEEF & ARPELS MIDNIGHT IN PARIS POUR HOMME 40ML SPRAY EAU DE TOILETTE\",\"isPartOf\":{\"@id\":\"https:\\\/\\\/profumix.it\\\/en\\\/#website\"},\"primaryImageOfPage\":{\"@id\":\"https:\\\/\\\/profumix.it\\\/en\\\/prodotto\\\/van-cleef-arpels-midnight-in-paris-pour-homme-40ml-spray-eau-de-toilette\\\/#primaryimage\"},\"image\":{\"@id\":\"https:\\\/\\\/profumix.it\\\/en\\\/prodotto\\\/van-cleef-arpels-midnight-in-paris-pour-homme-40ml-spray-eau-de-toilette\\\/#primaryimage\"},\"thumbnailUrl\":\"https:\\\/\\\/profumix.it\\\/wp-content\\\/uploads\\\/2015\\\/07\\\/product_v_a_van_cleef_arpels_pour_homme_midnight_in_paris_40ml_spray_eau_de_toilette.jpg\",\"datePublished\":\"2015-07-17T15:18:39+00:00\",\"breadcrumb\":{\"@id\":\"https:\\\/\\\/profumix.it\\\/en\\\/prodotto\\\/van-cleef-arpels-midnight-in-paris-pour-homme-40ml-spray-eau-de-toilette\\\/#breadcrumb\"},\"inLanguage\":\"en-US\",\"potentialAction\":[{\"@type\":\"ReadAction\",\"target\":[\"https:\\\/\\\/profumix.it\\\/en\\\/prodotto\\\/van-cleef-arpels-midnight-in-paris-pour-homme-40ml-spray-eau-de-toilette\\\/\"]}]},{\"@type\":\"ImageObject\",\"inLanguage\":\"en-US\",\"@id\":\"https:\\\/\\\/profumix.it\\\/en\\\/prodotto\\\/van-cleef-arpels-midnight-in-paris-pour-homme-40ml-spray-eau-de-toilette\\\/#primaryimage\",\"url\":\"https:\\\/\\\/profumix.it\\\/wp-content\\\/uploads\\\/2015\\\/07\\\/product_v_a_van_cleef_arpels_pour_homme_midnight_in_paris_40ml_spray_eau_de_toilette.jpg\",\"contentUrl\":\"https:\\\/\\\/profumix.it\\\/wp-content\\\/uploads\\\/2015\\\/07\\\/product_v_a_van_cleef_arpels_pour_homme_midnight_in_paris_40ml_spray_eau_de_toilette.jpg\",\"width\":707,\"height\":500,\"caption\":\"VAN CLEEF & ARPELS MIDNIGHT IN PARIS POUR HOMME 40ML SPRAY EAU DE TOILETTE\"},{\"@type\":\"BreadcrumbList\",\"@id\":\"https:\\\/\\\/profumix.it\\\/en\\\/prodotto\\\/van-cleef-arpels-midnight-in-paris-pour-homme-40ml-spray-eau-de-toilette\\\/#breadcrumb\",\"itemListElement\":[{\"@type\":\"ListItem\",\"position\":1,\"name\":\"Home\",\"item\":\"https:\\\/\\\/profumix.it\\\/en\\\/home\\\/\"},{\"@type\":\"ListItem\",\"position\":2,\"name\":\"Shop\",\"item\":\"https:\\\/\\\/profumix.it\\\/en\\\/shop\\\/\"},{\"@type\":\"ListItem\",\"position\":3,\"name\":\"VAN CLEEF &#038; ARPELS MIDNIGHT IN PARIS POUR HOMME 40ML SPRAY EAU DE TOILETTE\"}]},{\"@type\":\"WebSite\",\"@id\":\"https:\\\/\\\/profumix.it\\\/en\\\/#website\",\"url\":\"https:\\\/\\\/profumix.it\\\/en\\\/\",\"name\":\"Profumix Perfumes\",\"description\":\"\",\"potentialAction\":[{\"@type\":\"SearchAction\",\"target\":{\"@type\":\"EntryPoint\",\"urlTemplate\":\"https:\\\/\\\/profumix.it\\\/en\\\/?s={search_term_string}\"},\"query-input\":{\"@type\":\"PropertyValueSpecification\",\"valueRequired\":true,\"valueName\":\"search_term_string\"}}],\"inLanguage\":\"en-US\"}]}<\/script>\n<!-- \/ Yoast SEO plugin. -->","yoast_head_json":{"title":"VAN CLEEF & ARPELS MIDNIGHT IN PARIS POUR HOMME 40ML SPRAY EAU DE TOILETTE","robots":{"index":"index","follow":"follow","max-snippet":"max-snippet:-1","max-image-preview":"max-image-preview:large","max-video-preview":"max-video-preview:-1"},"canonical":"https:\/\/profumix.it\/en\/prodotto\/van-cleef-arpels-midnight-in-paris-pour-homme-40ml-spray-eau-de-toilette\/","og_locale":"en_US","og_type":"article","og_title":"VAN CLEEF & ARPELS MIDNIGHT IN PARIS POUR HOMME 40ML SPRAY EAU DE TOILETTE","og_description":"LANCIATO NEL 2010, PRENDE IL SUO NOME DA UN FAMOSO OROLOGIO DI LUSSO, RACCHIUDENDO IN S\u00c9 LA POESIA DI UNA NOTTE STELLATA VISTA DAL CUORE DELLA \u2018CITT\u00c0 DELLA LUCE\u2019, PARIGI APPUNTO. MIDNIGHT IN PARIS \u00c8 UNA FRAGRANZA ELEGANTE E MASCHILE, MODERNA ED ESTREMAMENTE RICCA, E RIVELA UNA TOTALE E INASPETTATA SENSUALIT\u00c0. LA SUA COMPOSIZIONE \u00c8 IN EQUILIBRIO PERFETTO TRA L\u2019INTENSIT\u00c0 E LA FORZA DELL\u2019ACCORDO DI CUOIO E LA LUMINOSIT\u00c0 E DELICATEZZA DEL FIORE DI MUGHETTO. IL DESIGN DEL FLACONE RIPRENDE LE FORME ROTONDE ED ELEGANTI DEL QUADRANTE DELL\u2019OROLOGIO OMONIMO, UN CIELO STELLATO BLU PROFONDO, SOFISTICATO E MISTERIOSO. PIRAMIDE OLFATTIVA NOTE DI TESTA: ACCORDO DI CUOIO, NOTE AGRUMATE (LIMONE, BERGAMOTTO) NOTE DI CUORE: MUGHETTO NOTE DI FONDO: FAVA TONKA, INCENSO, AMBRA","og_url":"https:\/\/profumix.it\/en\/prodotto\/van-cleef-arpels-midnight-in-paris-pour-homme-40ml-spray-eau-de-toilette\/","og_site_name":"Profumix Perfumes","article_publisher":"https:\/\/www.facebook.com\/profumix","og_image":[{"width":707,"height":500,"url":"https:\/\/profumix.it\/wp-content\/uploads\/2015\/07\/product_v_a_van_cleef_arpels_pour_homme_midnight_in_paris_40ml_spray_eau_de_toilette.jpg","type":"image\/jpeg"}],"twitter_card":"summary_large_image","twitter_misc":{"Est. reading time":"1 minute"},"schema":{"@context":"https:\/\/schema.org","@graph":[{"@type":"WebPage","@id":"https:\/\/profumix.it\/en\/prodotto\/van-cleef-arpels-midnight-in-paris-pour-homme-40ml-spray-eau-de-toilette\/","url":"https:\/\/profumix.it\/en\/prodotto\/van-cleef-arpels-midnight-in-paris-pour-homme-40ml-spray-eau-de-toilette\/","name":"VAN CLEEF & ARPELS MIDNIGHT IN PARIS POUR HOMME 40ML SPRAY EAU DE TOILETTE","isPartOf":{"@id":"https:\/\/profumix.it\/en\/#website"},"primaryImageOfPage":{"@id":"https:\/\/profumix.it\/en\/prodotto\/van-cleef-arpels-midnight-in-paris-pour-homme-40ml-spray-eau-de-toilette\/#primaryimage"},"image":{"@id":"https:\/\/profumix.it\/en\/prodotto\/van-cleef-arpels-midnight-in-paris-pour-homme-40ml-spray-eau-de-toilette\/#primaryimage"},"thumbnailUrl":"https:\/\/profumix.it\/wp-content\/uploads\/2015\/07\/product_v_a_van_cleef_arpels_pour_homme_midnight_in_paris_40ml_spray_eau_de_toilette.jpg","datePublished":"2015-07-17T15:18:39+00:00","breadcrumb":{"@id":"https:\/\/profumix.it\/en\/prodotto\/van-cleef-arpels-midnight-in-paris-pour-homme-40ml-spray-eau-de-toilette\/#breadcrumb"},"inLanguage":"en-US","potentialAction":[{"@type":"ReadAction","target":["https:\/\/profumix.it\/en\/prodotto\/van-cleef-arpels-midnight-in-paris-pour-homme-40ml-spray-eau-de-toilette\/"]}]},{"@type":"ImageObject","inLanguage":"en-US","@id":"https:\/\/profumix.it\/en\/prodotto\/van-cleef-arpels-midnight-in-paris-pour-homme-40ml-spray-eau-de-toilette\/#primaryimage","url":"https:\/\/profumix.it\/wp-content\/uploads\/2015\/07\/product_v_a_van_cleef_arpels_pour_homme_midnight_in_paris_40ml_spray_eau_de_toilette.jpg","contentUrl":"https:\/\/profumix.it\/wp-content\/uploads\/2015\/07\/product_v_a_van_cleef_arpels_pour_homme_midnight_in_paris_40ml_spray_eau_de_toilette.jpg","width":707,"height":500,"caption":"VAN CLEEF & ARPELS MIDNIGHT IN PARIS POUR HOMME 40ML SPRAY EAU DE TOILETTE"},{"@type":"BreadcrumbList","@id":"https:\/\/profumix.it\/en\/prodotto\/van-cleef-arpels-midnight-in-paris-pour-homme-40ml-spray-eau-de-toilette\/#breadcrumb","itemListElement":[{"@type":"ListItem","position":1,"name":"Home","item":"https:\/\/profumix.it\/en\/home\/"},{"@type":"ListItem","position":2,"name":"Shop","item":"https:\/\/profumix.it\/en\/shop\/"},{"@type":"ListItem","position":3,"name":"VAN CLEEF &#038; ARPELS MIDNIGHT IN PARIS POUR HOMME 40ML SPRAY EAU DE TOILETTE"}]},{"@type":"WebSite","@id":"https:\/\/profumix.it\/en\/#website","url":"https:\/\/profumix.it\/en\/","name":"Profumix Perfumes","description":"","potentialAction":[{"@type":"SearchAction","target":{"@type":"EntryPoint","urlTemplate":"https:\/\/profumix.it\/en\/?s={search_term_string}"},"query-input":{"@type":"PropertyValueSpecification","valueRequired":true,"valueName":"search_term_string"}}],"inLanguage":"en-US"}]}},"_links":{"self":[{"href":"https:\/\/profumix.it\/en\/wp-json\/wp\/v2\/product\/78663","targetHints":{"allow":["GET"]}}],"collection":[{"href":"https:\/\/profumix.it\/en\/wp-json\/wp\/v2\/product"}],"about":[{"href":"https:\/\/profumix.it\/en\/wp-json\/wp\/v2\/types\/product"}],"replies":[{"embeddable":true,"href":"https:\/\/profumix.it\/en\/wp-json\/wp\/v2\/comments?post=78663"}],"wp:featuredmedia":[{"embeddable":true,"href":"https:\/\/profumix.it\/en\/wp-json\/wp\/v2\/media\/78662"}],"wp:attachment":[{"href":"https:\/\/profumix.it\/en\/wp-json\/wp\/v2\/media?parent=78663"}],"wp:term":[{"taxonomy":"product_brand","embeddable":true,"href":"https:\/\/profumix.it\/en\/wp-json\/wp\/v2\/product_brand?post=78663"},{"taxonomy":"product_cat","embeddable":true,"href":"https:\/\/profumix.it\/en\/wp-json\/wp\/v2\/product_cat?post=78663"},{"taxonomy":"product_tag","embeddable":true,"href":"https:\/\/profumix.it\/en\/wp-json\/wp\/v2\/product_tag?post=78663"}],"curies":[{"name":"wp","href":"https:\/\/api.w.org\/{rel}","templated":true}]}}