{"id":78723,"date":"2015-08-10T16:54:03","date_gmt":"2015-08-10T14:54:03","guid":{"rendered":"https:\/\/profumix.it\/prodotto\/keiko-mecheri-oliban-75ml-spray-eau-de-parfum\/"},"modified":"2015-08-10T16:54:03","modified_gmt":"2015-08-10T14:54:03","slug":"keiko-mecheri-oliban-75ml-spray-eau-de-parfum","status":"publish","type":"product","link":"https:\/\/profumix.it\/en\/prodotto\/keiko-mecheri-oliban-75ml-spray-eau-de-parfum\/","title":{"rendered":"KEIKO MECHERI OLIBAN 75ML SPRAY EAU DE PARFUM"},"content":{"rendered":"<p>NATA AD ATAMI, IN GIAPPONE, E CRESCIUTA A BEVERLY HILLS, CALIFORNIA, KEIKO EBBE I PRIMI CONTATTI CON COLORI ED INCHIOSTRO IN GIOVANE ET\u00c0. DESIDERANDO FORTEMENTE DI INTRAPRENDERE UN&#8217;ESTETICA PI\u00d9 PERSONALE E BASATA SUL SUMI, STUDI\u00d2 QUINDI DESIGN E STORIA DELL&#8217;ARTE ALL&#8217;UCLA&#8230;.AD UN CERTO PUNTO SI RITROV\u00d2 A PARIGI, NEL CUORE DELLA STORICA MONTPARNASSE, QUARTIERE DEI SURREALISTI FRANCESI PRIMA DELLA GUERRA. FU L\u00c0 CHE INCONTR\u00d2 SUO MARITO, KAMEL MECHERI, STILISTA E DESIGNER MOLTO DOTATO. <\/p>\n<p>LA COLLEZIONE<br \/>\nFU FORSE UNA SORTA DI ALCHIMIA, O QUEL CERTO NON-SO-CHE, MA QUANDO KEIKO E KAMEL SI UNIRONO, SUCCESSE QUALCOSA DI MAGICO. QUANDO LA COPPIA CONSIDER\u00d2 L&#8217;IDEA DI LANCIARE UNA LINEA DI DIVERSE FRAGRANZE, LE IDEE ESPLOSERO E SI FUSERO CREANDO ALCUNI DISTINTI PROFUMI. DI QUESTI, LOUKHOUM AND\u00d2 A RUBA ALL&#8217;ISTANTE, CON LA SUA DOLCEZZA DELICATA, PROFUMATO AI PETALI DI ROSA, BOCCIOLI DI BIANCOSPINO E MUSCHIO CRISTALLINO. QUEST&#8217;INCANTEVOLE PROFUMO RACCHIUDEVA IN S\u00c9 TUTTA L&#8217;OPULENZA DELL&#8217;ULTIMA REGGIA OTTOMANA, IL TOPKAPI. L&#8217;INTERA COLLEZIONE DI PROFUMI NACQUE IN MODO DEFINITIVO DALL&#8217;INTENSA COLLABORAZIONE E INTESA TRA KEIKO E KAMEL. ESSI TRAEVANO ISPIRAZIONE DA INNUMEREVOLI E VARIEGATE CHIACCHIERATE TRA DI LORO, PARLANDO DI TUTTO, DALLA POP ART ALLA MUSICA MEDIOEVALE, DALL&#8217;ARTE CULINARIA ALL&#8217;IKEBANA GIAPPONESE, DALLA MITOLOGIA ANTICA ALLE FUTURE DESTINAZIONI DEI LORO VIAGGI, DALL&#8217;ESISTENZIALISMO FRANCESE ALLE ULTIME TENDENZE DELLA MODA.<\/p>\n","protected":false},"excerpt":{"rendered":"<p>NATA AD ATAMI, IN GIAPPONE, E CRESCIUTA A BEVERLY HILLS, CALIFORNIA, KEIKO EBBE I PRIMI CONTATTI CON COLORI ED INCHIOSTRO IN GIOVANE ET\u00c0. DESIDERANDO FORTEMENTE DI INTRAPRENDERE UN&#8217;ESTETICA PI\u00d9 PERSONALE E BASATA SUL SUMI, STUDI\u00d2 QUINDI DESIGN E STORIA DELL&#8217;ARTE ALL&#8217;UCLA&#8230;.AD UN CERTO PUNTO SI RITROV\u00d2 A PARIGI, NEL CUORE DELLA STORICA MONTPARNASSE, QUARTIERE DEI SURREALISTI FRANCESI PRIMA DELLA GUERRA. FU L\u00c0 CHE INCONTR\u00d2 SUO MARITO, KAMEL MECHERI, STILISTA E DESIGNER MOLTO DOTATO. <\/p>\n<p>LA COLLEZIONE<br \/>\nFU FORSE UNA SORTA DI ALCHIMIA, O QUEL CERTO NON-SO-CHE, MA QUANDO KEIKO E KAMEL SI UNIRONO, SUCCESSE QUALCOSA DI MAGICO. QUANDO LA COPPIA CONSIDER\u00d2 L&#8217;IDEA DI LANCIARE UNA LINEA DI DIVERSE FRAGRANZE, LE IDEE ESPLOSERO E SI FUSERO CREANDO ALCUNI DISTINTI PROFUMI. DI QUESTI, LOUKHOUM AND\u00d2 A RUBA ALL&#8217;ISTANTE, CON LA SUA DOLCEZZA DELICATA, PROFUMATO AI PETALI DI ROSA, BOCCIOLI DI BIANCOSPINO E MUSCHIO CRISTALLINO. QUEST&#8217;INCANTEVOLE PROFUMO RACCHIUDEVA IN S\u00c9 TUTTA L&#8217;OPULENZA DELL&#8217;ULTIMA REGGIA OTTOMANA, IL TOPKAPI. L&#8217;INTERA COLLEZIONE DI PROFUMI NACQUE IN MODO DEFINITIVO DALL&#8217;INTENSA COLLABORAZIONE E INTESA TRA KEIKO E KAMEL. ESSI TRAEVANO ISPIRAZIONE DA INNUMEREVOLI E VARIEGATE CHIACCHIERATE TRA DI LORO, PARLANDO DI TUTTO, DALLA POP ART ALLA MUSICA MEDIOEVALE, DALL&#8217;ARTE CULINARIA ALL&#8217;IKEBANA GIAPPONESE, DALLA MITOLOGIA ANTICA ALLE FUTURE DESTINAZIONI DEI LORO VIAGGI, DALL&#8217;ESISTENZIALISMO FRANCESE ALLE ULTIME TENDENZE DELLA MODA.<\/p>\n","protected":false},"featured_media":78722,"comment_status":"open","ping_status":"closed","template":"","meta":{"_et_pb_use_builder":"","_et_pb_old_content":"","_et_gb_content_width":""},"product_brand":[],"product_cat":[7109,7099,7098,7106],"product_tag":[],"class_list":{"0":"post-78723","1":"product","2":"type-product","3":"status-publish","4":"has-post-thumbnail","6":"product_cat-donna","7":"product_cat-offerte-da-non-perdere-default-category","8":"product_cat-default-category","9":"product_cat-profumi-default-category","10":"pa_bollino-offerta_speciale","11":"pa_formato_filtro-75ml","12":"pa_manufacturer-keikomecheri","13":"pa_spedizione_gratuita-si","14":"pa_tipo_filtro-sprayeaudeparfum","16":"first","17":"outofstock","18":"sale","19":"shipping-taxable","20":"purchasable","21":"product-type-simple"},"yoast_head":"<!-- This site is optimized with the Yoast SEO plugin v27.4 - https:\/\/yoast.com\/product\/yoast-seo-wordpress\/ -->\n<title>KEIKO MECHERI OLIBAN 75ML SPRAY EAU DE PARFUM<\/title>\n<meta name=\"robots\" content=\"index, follow, max-snippet:-1, max-image-preview:large, max-video-preview:-1\" \/>\n<link rel=\"canonical\" href=\"https:\/\/profumix.it\/en\/prodotto\/keiko-mecheri-oliban-75ml-spray-eau-de-parfum\/\" \/>\n<meta property=\"og:locale\" content=\"en_US\" \/>\n<meta property=\"og:type\" content=\"article\" \/>\n<meta property=\"og:title\" content=\"KEIKO MECHERI OLIBAN 75ML SPRAY EAU DE PARFUM\" \/>\n<meta property=\"og:description\" content=\"NATA AD ATAMI, IN GIAPPONE, E CRESCIUTA A BEVERLY HILLS, CALIFORNIA, KEIKO EBBE I PRIMI CONTATTI CON COLORI ED INCHIOSTRO IN GIOVANE ET\u00c0. DESIDERANDO FORTEMENTE DI INTRAPRENDERE UN&#039;ESTETICA PI\u00d9 PERSONALE E BASATA SUL SUMI, STUDI\u00d2 QUINDI DESIGN E STORIA DELL&#039;ARTE ALL&#039;UCLA....AD UN CERTO PUNTO SI RITROV\u00d2 A PARIGI, NEL CUORE DELLA STORICA MONTPARNASSE, QUARTIERE DEI SURREALISTI FRANCESI PRIMA DELLA GUERRA. FU L\u00c0 CHE INCONTR\u00d2 SUO MARITO, KAMEL MECHERI, STILISTA E DESIGNER MOLTO DOTATO.   LA COLLEZIONE FU FORSE UNA SORTA DI ALCHIMIA, O QUEL CERTO NON-SO-CHE, MA QUANDO KEIKO E KAMEL SI UNIRONO, SUCCESSE QUALCOSA DI MAGICO. QUANDO LA COPPIA CONSIDER\u00d2 L&#039;IDEA DI LANCIARE UNA LINEA DI DIVERSE FRAGRANZE, LE IDEE ESPLOSERO E SI FUSERO CREANDO ALCUNI DISTINTI PROFUMI. DI QUESTI, LOUKHOUM AND\u00d2 A RUBA ALL&#039;ISTANTE, CON LA SUA DOLCEZZA DELICATA, PROFUMATO AI PETALI DI ROSA, BOCCIOLI DI BIANCOSPINO E MUSCHIO CRISTALLINO. QUEST&#039;INCANTEVOLE PROFUMO RACCHIUDEVA IN S\u00c9 TUTTA L&#039;OPULENZA DELL&#039;ULTIMA REGGIA OTTOMANA, IL TOPKAPI. L&#039;INTERA COLLEZIONE DI PROFUMI NACQUE IN MODO DEFINITIVO DALL&#039;INTENSA COLLABORAZIONE E INTESA TRA KEIKO E KAMEL. ESSI TRAEVANO ISPIRAZIONE DA INNUMEREVOLI E VARIEGATE CHIACCHIERATE TRA DI LORO, PARLANDO DI TUTTO, DALLA POP ART ALLA MUSICA MEDIOEVALE, DALL&#039;ARTE CULINARIA ALL&#039;IKEBANA GIAPPONESE, DALLA MITOLOGIA ANTICA ALLE FUTURE DESTINAZIONI DEI LORO VIAGGI, DALL&#039;ESISTENZIALISMO FRANCESE ALLE ULTIME TENDENZE DELLA MODA.\" \/>\n<meta property=\"og:url\" content=\"https:\/\/profumix.it\/en\/prodotto\/keiko-mecheri-oliban-75ml-spray-eau-de-parfum\/\" \/>\n<meta property=\"og:site_name\" content=\"Profumix Perfumes\" \/>\n<meta property=\"article:publisher\" content=\"https:\/\/www.facebook.com\/profumix\" \/>\n<meta property=\"og:image\" content=\"https:\/\/profumix.it\/wp-content\/uploads\/2015\/08\/product_k_e_keiko-mecheri-oliban-edp-75ml.jpg\" \/>\n\t<meta property=\"og:image:width\" content=\"620\" \/>\n\t<meta property=\"og:image:height\" content=\"822\" \/>\n\t<meta property=\"og:image:type\" content=\"image\/jpeg\" \/>\n<meta name=\"twitter:card\" content=\"summary_large_image\" \/>\n<meta name=\"twitter:label1\" content=\"Est. reading time\" \/>\n\t<meta name=\"twitter:data1\" content=\"1 minute\" \/>\n<script type=\"application\/ld+json\" class=\"yoast-schema-graph\">{\"@context\":\"https:\\\/\\\/schema.org\",\"@graph\":[{\"@type\":\"WebPage\",\"@id\":\"https:\\\/\\\/profumix.it\\\/en\\\/prodotto\\\/keiko-mecheri-oliban-75ml-spray-eau-de-parfum\\\/\",\"url\":\"https:\\\/\\\/profumix.it\\\/en\\\/prodotto\\\/keiko-mecheri-oliban-75ml-spray-eau-de-parfum\\\/\",\"name\":\"KEIKO MECHERI OLIBAN 75ML SPRAY EAU DE PARFUM\",\"isPartOf\":{\"@id\":\"https:\\\/\\\/profumix.it\\\/en\\\/#website\"},\"primaryImageOfPage\":{\"@id\":\"https:\\\/\\\/profumix.it\\\/en\\\/prodotto\\\/keiko-mecheri-oliban-75ml-spray-eau-de-parfum\\\/#primaryimage\"},\"image\":{\"@id\":\"https:\\\/\\\/profumix.it\\\/en\\\/prodotto\\\/keiko-mecheri-oliban-75ml-spray-eau-de-parfum\\\/#primaryimage\"},\"thumbnailUrl\":\"https:\\\/\\\/profumix.it\\\/wp-content\\\/uploads\\\/2015\\\/08\\\/product_k_e_keiko-mecheri-oliban-edp-75ml.jpg\",\"datePublished\":\"2015-08-10T14:54:03+00:00\",\"breadcrumb\":{\"@id\":\"https:\\\/\\\/profumix.it\\\/en\\\/prodotto\\\/keiko-mecheri-oliban-75ml-spray-eau-de-parfum\\\/#breadcrumb\"},\"inLanguage\":\"en-US\",\"potentialAction\":[{\"@type\":\"ReadAction\",\"target\":[\"https:\\\/\\\/profumix.it\\\/en\\\/prodotto\\\/keiko-mecheri-oliban-75ml-spray-eau-de-parfum\\\/\"]}]},{\"@type\":\"ImageObject\",\"inLanguage\":\"en-US\",\"@id\":\"https:\\\/\\\/profumix.it\\\/en\\\/prodotto\\\/keiko-mecheri-oliban-75ml-spray-eau-de-parfum\\\/#primaryimage\",\"url\":\"https:\\\/\\\/profumix.it\\\/wp-content\\\/uploads\\\/2015\\\/08\\\/product_k_e_keiko-mecheri-oliban-edp-75ml.jpg\",\"contentUrl\":\"https:\\\/\\\/profumix.it\\\/wp-content\\\/uploads\\\/2015\\\/08\\\/product_k_e_keiko-mecheri-oliban-edp-75ml.jpg\",\"width\":620,\"height\":822,\"caption\":\"KEIKO MECHERI OLIBAN 75ML SPRAY EAU DE PARFUM\"},{\"@type\":\"BreadcrumbList\",\"@id\":\"https:\\\/\\\/profumix.it\\\/en\\\/prodotto\\\/keiko-mecheri-oliban-75ml-spray-eau-de-parfum\\\/#breadcrumb\",\"itemListElement\":[{\"@type\":\"ListItem\",\"position\":1,\"name\":\"Home\",\"item\":\"https:\\\/\\\/profumix.it\\\/en\\\/home\\\/\"},{\"@type\":\"ListItem\",\"position\":2,\"name\":\"Shop\",\"item\":\"https:\\\/\\\/profumix.it\\\/en\\\/shop\\\/\"},{\"@type\":\"ListItem\",\"position\":3,\"name\":\"KEIKO MECHERI OLIBAN 75ML SPRAY EAU DE PARFUM\"}]},{\"@type\":\"WebSite\",\"@id\":\"https:\\\/\\\/profumix.it\\\/en\\\/#website\",\"url\":\"https:\\\/\\\/profumix.it\\\/en\\\/\",\"name\":\"Profumix Perfumes\",\"description\":\"\",\"potentialAction\":[{\"@type\":\"SearchAction\",\"target\":{\"@type\":\"EntryPoint\",\"urlTemplate\":\"https:\\\/\\\/profumix.it\\\/en\\\/?s={search_term_string}\"},\"query-input\":{\"@type\":\"PropertyValueSpecification\",\"valueRequired\":true,\"valueName\":\"search_term_string\"}}],\"inLanguage\":\"en-US\"}]}<\/script>\n<!-- \/ Yoast SEO plugin. -->","yoast_head_json":{"title":"KEIKO MECHERI OLIBAN 75ML SPRAY EAU DE PARFUM","robots":{"index":"index","follow":"follow","max-snippet":"max-snippet:-1","max-image-preview":"max-image-preview:large","max-video-preview":"max-video-preview:-1"},"canonical":"https:\/\/profumix.it\/en\/prodotto\/keiko-mecheri-oliban-75ml-spray-eau-de-parfum\/","og_locale":"en_US","og_type":"article","og_title":"KEIKO MECHERI OLIBAN 75ML SPRAY EAU DE PARFUM","og_description":"NATA AD ATAMI, IN GIAPPONE, E CRESCIUTA A BEVERLY HILLS, CALIFORNIA, KEIKO EBBE I PRIMI CONTATTI CON COLORI ED INCHIOSTRO IN GIOVANE ET\u00c0. DESIDERANDO FORTEMENTE DI INTRAPRENDERE UN'ESTETICA PI\u00d9 PERSONALE E BASATA SUL SUMI, STUDI\u00d2 QUINDI DESIGN E STORIA DELL'ARTE ALL'UCLA....AD UN CERTO PUNTO SI RITROV\u00d2 A PARIGI, NEL CUORE DELLA STORICA MONTPARNASSE, QUARTIERE DEI SURREALISTI FRANCESI PRIMA DELLA GUERRA. FU L\u00c0 CHE INCONTR\u00d2 SUO MARITO, KAMEL MECHERI, STILISTA E DESIGNER MOLTO DOTATO.   LA COLLEZIONE FU FORSE UNA SORTA DI ALCHIMIA, O QUEL CERTO NON-SO-CHE, MA QUANDO KEIKO E KAMEL SI UNIRONO, SUCCESSE QUALCOSA DI MAGICO. QUANDO LA COPPIA CONSIDER\u00d2 L'IDEA DI LANCIARE UNA LINEA DI DIVERSE FRAGRANZE, LE IDEE ESPLOSERO E SI FUSERO CREANDO ALCUNI DISTINTI PROFUMI. DI QUESTI, LOUKHOUM AND\u00d2 A RUBA ALL'ISTANTE, CON LA SUA DOLCEZZA DELICATA, PROFUMATO AI PETALI DI ROSA, BOCCIOLI DI BIANCOSPINO E MUSCHIO CRISTALLINO. QUEST'INCANTEVOLE PROFUMO RACCHIUDEVA IN S\u00c9 TUTTA L'OPULENZA DELL'ULTIMA REGGIA OTTOMANA, IL TOPKAPI. L'INTERA COLLEZIONE DI PROFUMI NACQUE IN MODO DEFINITIVO DALL'INTENSA COLLABORAZIONE E INTESA TRA KEIKO E KAMEL. ESSI TRAEVANO ISPIRAZIONE DA INNUMEREVOLI E VARIEGATE CHIACCHIERATE TRA DI LORO, PARLANDO DI TUTTO, DALLA POP ART ALLA MUSICA MEDIOEVALE, DALL'ARTE CULINARIA ALL'IKEBANA GIAPPONESE, DALLA MITOLOGIA ANTICA ALLE FUTURE DESTINAZIONI DEI LORO VIAGGI, DALL'ESISTENZIALISMO FRANCESE ALLE ULTIME TENDENZE DELLA MODA.","og_url":"https:\/\/profumix.it\/en\/prodotto\/keiko-mecheri-oliban-75ml-spray-eau-de-parfum\/","og_site_name":"Profumix Perfumes","article_publisher":"https:\/\/www.facebook.com\/profumix","og_image":[{"width":620,"height":822,"url":"https:\/\/profumix.it\/wp-content\/uploads\/2015\/08\/product_k_e_keiko-mecheri-oliban-edp-75ml.jpg","type":"image\/jpeg"}],"twitter_card":"summary_large_image","twitter_misc":{"Est. reading time":"1 minute"},"schema":{"@context":"https:\/\/schema.org","@graph":[{"@type":"WebPage","@id":"https:\/\/profumix.it\/en\/prodotto\/keiko-mecheri-oliban-75ml-spray-eau-de-parfum\/","url":"https:\/\/profumix.it\/en\/prodotto\/keiko-mecheri-oliban-75ml-spray-eau-de-parfum\/","name":"KEIKO MECHERI OLIBAN 75ML SPRAY EAU DE PARFUM","isPartOf":{"@id":"https:\/\/profumix.it\/en\/#website"},"primaryImageOfPage":{"@id":"https:\/\/profumix.it\/en\/prodotto\/keiko-mecheri-oliban-75ml-spray-eau-de-parfum\/#primaryimage"},"image":{"@id":"https:\/\/profumix.it\/en\/prodotto\/keiko-mecheri-oliban-75ml-spray-eau-de-parfum\/#primaryimage"},"thumbnailUrl":"https:\/\/profumix.it\/wp-content\/uploads\/2015\/08\/product_k_e_keiko-mecheri-oliban-edp-75ml.jpg","datePublished":"2015-08-10T14:54:03+00:00","breadcrumb":{"@id":"https:\/\/profumix.it\/en\/prodotto\/keiko-mecheri-oliban-75ml-spray-eau-de-parfum\/#breadcrumb"},"inLanguage":"en-US","potentialAction":[{"@type":"ReadAction","target":["https:\/\/profumix.it\/en\/prodotto\/keiko-mecheri-oliban-75ml-spray-eau-de-parfum\/"]}]},{"@type":"ImageObject","inLanguage":"en-US","@id":"https:\/\/profumix.it\/en\/prodotto\/keiko-mecheri-oliban-75ml-spray-eau-de-parfum\/#primaryimage","url":"https:\/\/profumix.it\/wp-content\/uploads\/2015\/08\/product_k_e_keiko-mecheri-oliban-edp-75ml.jpg","contentUrl":"https:\/\/profumix.it\/wp-content\/uploads\/2015\/08\/product_k_e_keiko-mecheri-oliban-edp-75ml.jpg","width":620,"height":822,"caption":"KEIKO MECHERI OLIBAN 75ML SPRAY EAU DE PARFUM"},{"@type":"BreadcrumbList","@id":"https:\/\/profumix.it\/en\/prodotto\/keiko-mecheri-oliban-75ml-spray-eau-de-parfum\/#breadcrumb","itemListElement":[{"@type":"ListItem","position":1,"name":"Home","item":"https:\/\/profumix.it\/en\/home\/"},{"@type":"ListItem","position":2,"name":"Shop","item":"https:\/\/profumix.it\/en\/shop\/"},{"@type":"ListItem","position":3,"name":"KEIKO MECHERI OLIBAN 75ML SPRAY EAU DE PARFUM"}]},{"@type":"WebSite","@id":"https:\/\/profumix.it\/en\/#website","url":"https:\/\/profumix.it\/en\/","name":"Profumix Perfumes","description":"","potentialAction":[{"@type":"SearchAction","target":{"@type":"EntryPoint","urlTemplate":"https:\/\/profumix.it\/en\/?s={search_term_string}"},"query-input":{"@type":"PropertyValueSpecification","valueRequired":true,"valueName":"search_term_string"}}],"inLanguage":"en-US"}]}},"_links":{"self":[{"href":"https:\/\/profumix.it\/en\/wp-json\/wp\/v2\/product\/78723","targetHints":{"allow":["GET"]}}],"collection":[{"href":"https:\/\/profumix.it\/en\/wp-json\/wp\/v2\/product"}],"about":[{"href":"https:\/\/profumix.it\/en\/wp-json\/wp\/v2\/types\/product"}],"replies":[{"embeddable":true,"href":"https:\/\/profumix.it\/en\/wp-json\/wp\/v2\/comments?post=78723"}],"wp:featuredmedia":[{"embeddable":true,"href":"https:\/\/profumix.it\/en\/wp-json\/wp\/v2\/media\/78722"}],"wp:attachment":[{"href":"https:\/\/profumix.it\/en\/wp-json\/wp\/v2\/media?parent=78723"}],"wp:term":[{"taxonomy":"product_brand","embeddable":true,"href":"https:\/\/profumix.it\/en\/wp-json\/wp\/v2\/product_brand?post=78723"},{"taxonomy":"product_cat","embeddable":true,"href":"https:\/\/profumix.it\/en\/wp-json\/wp\/v2\/product_cat?post=78723"},{"taxonomy":"product_tag","embeddable":true,"href":"https:\/\/profumix.it\/en\/wp-json\/wp\/v2\/product_tag?post=78723"}],"curies":[{"name":"wp","href":"https:\/\/api.w.org\/{rel}","templated":true}]}}