{"id":78937,"date":"2015-11-26T18:38:28","date_gmt":"2015-11-26T17:38:28","guid":{"rendered":"https:\/\/profumix.it\/prodotto\/narciso-rodriguez-narciso-gift-set-50ml-spray-eau-de-parfum-50ml-shower-gel-50ml-body-lotion\/"},"modified":"2015-11-26T18:38:28","modified_gmt":"2015-11-26T17:38:28","slug":"narciso-rodriguez-narciso-gift-set-50ml-spray-eau-de-parfum-50ml-shower-gel-50ml-body-lotion","status":"publish","type":"product","link":"https:\/\/profumix.it\/en\/prodotto\/narciso-rodriguez-narciso-gift-set-50ml-spray-eau-de-parfum-50ml-shower-gel-50ml-body-lotion\/","title":{"rendered":"NARCISO RODRIGUEZ NARCISO GIFT SET 50ML SPRAY EAU DE PARFUM + 50ML BODY LOTION + 50ML SHOWER GEL"},"content":{"rendered":"<p>NARCISO BY NARCISO RODRIGUEZ<\/p>\n<p>AMORE AL PRIMO OLFATTO, VIENE DA DIRLO, CHI TRA DI VOI MI LEGGE DA TEMPO CONOSCE LA MIA SMISURATA PASSIONE PER QUESTO GRANDISSIMO DESIGNER CHE MI HA COLPITA DRITTA AL CUORE, IL PRIMO NARCISO FOR HER CHE HO COMPRATO MI HA CONQUISTATA. DA ANNI ORMAI \u00c8 UNA FEDELE PRESENZA SIA IN VERSIONE POCKET DA BORSETTA CHE NELLA MISURA CLASSICA \u00c8 SEMPRE CON ME.NARCISO BY NARCISO RODRIGUEZ \u00c8 LA NUOVA FRAGRANZA DEL BRAVISSIMO STILISTA, CHE RACCONTA \u2018\u2019 \u201cVOLEVO CREARE UNA FRAGRANZA ESTREMAMENTE SEXY CHE FACESSE GIRARE LA TESTA AGLI UOMINI\u201d . SEXY, RAFFINATA, SENSUALE, NARCISO BY NARCISO RODRIGUEZ \u00c8 LA FRAGRANZA CHE CELEBRA SEDUZIONE ATTRAVERSO UNO DEI PRIMI SENSI PI\u00d9 IMPORTANTI : L\u2019OLFATTO.<br \/>\nNARCISO BY NARCISO RODRIGUEZ \u00c8 L\u2019ESPRESSIONE DELLA FEMMINILIT\u00c0 MODERNA, 2.0, CHE PER\u00d2 NON MANCA DI QUELLA MAGIA AVVOLGENTE DI CUI PORTA IL NOME : NARCISO, MOLTO PI\u00d9 CHE LA STORIA DEL MITO STESSO, MOLTO PI\u00d9 CHE LA FAVOLA ROMANTICA DELL\u2019AMORE ETERNO.<br \/>\nAUDACE EPPURE NON OPPRIMENTE, SEDUCENTE E ARDITO NARCISO BY NARCISO RODRIGUEZ \u00c8 PERFETTO PER LA DONNA CHE SEDUCE E AMMALIA CON GRAZIA E NATURALE ELEGANZA<\/p>\n","protected":false},"excerpt":{"rendered":"<p>NARCISO BY NARCISO RODRIGUEZ<\/p>\n<p>AMORE AL PRIMO OLFATTO, VIENE DA DIRLO, CHI TRA DI VOI MI LEGGE DA TEMPO CONOSCE LA MIA SMISURATA PASSIONE PER QUESTO GRANDISSIMO DESIGNER CHE MI HA COLPITA DRITTA AL CUORE, IL PRIMO NARCISO FOR HER CHE HO COMPRATO MI HA CONQUISTATA. DA ANNI ORMAI \u00c8 UNA FEDELE PRESENZA SIA IN VERSIONE POCKET DA BORSETTA CHE NELLA MISURA CLASSICA \u00c8 SEMPRE CON ME.NARCISO BY NARCISO RODRIGUEZ \u00c8 LA NUOVA FRAGRANZA DEL BRAVISSIMO STILISTA, CHE RACCONTA \u2018\u2019 \u201cVOLEVO CREARE UNA FRAGRANZA ESTREMAMENTE SEXY CHE FACESSE GIRARE LA TESTA AGLI UOMINI\u201d . SEXY, RAFFINATA, SENSUALE, NARCISO BY NARCISO RODRIGUEZ \u00c8 LA FRAGRANZA CHE CELEBRA SEDUZIONE ATTRAVERSO UNO DEI PRIMI SENSI PI\u00d9 IMPORTANTI : L\u2019OLFATTO.<br \/>\nNARCISO BY NARCISO RODRIGUEZ \u00c8 L\u2019ESPRESSIONE DELLA FEMMINILIT\u00c0 MODERNA, 2.0, CHE PER\u00d2 NON MANCA DI QUELLA MAGIA AVVOLGENTE DI CUI PORTA IL NOME : NARCISO, MOLTO PI\u00d9 CHE LA STORIA DEL MITO STESSO, MOLTO PI\u00d9 CHE LA FAVOLA ROMANTICA DELL\u2019AMORE ETERNO.<br \/>\nAUDACE EPPURE NON OPPRIMENTE, SEDUCENTE E ARDITO NARCISO BY NARCISO RODRIGUEZ \u00c8 PERFETTO PER LA DONNA CHE SEDUCE E AMMALIA CON GRAZIA E NATURALE ELEGANZA<\/p>\n","protected":false},"featured_media":78936,"comment_status":"open","ping_status":"closed","template":"","meta":{"_et_pb_use_builder":"","_et_pb_old_content":"","_et_gb_content_width":""},"product_brand":[],"product_cat":[7113,7118,7109,7099,7098,7106],"product_tag":[],"class_list":{"0":"post-78937","1":"product","2":"type-product","3":"status-publish","4":"has-post-thumbnail","6":"product_cat-confezioni-regalo","7":"product_cat-donna-1-confezioni-regalo","8":"product_cat-donna","9":"product_cat-offerte-da-non-perdere-default-category","10":"product_cat-default-category","11":"product_cat-profumi-default-category","12":"pa_bollino-offerta_speciale","13":"pa_categoria_desc-confezioniregalodonna","14":"pa_confezione_desc-confezioneoriginalenotester","15":"pa_formato_filtro-50ml","16":"pa_manufacturer-narcisorodriguez","17":"pa_sconto_desc-6881","18":"pa_spedizione_gratuita-no","19":"pa_tipo_filtro-sprayeaudeparfum","21":"first","22":"outofstock","23":"sale","24":"shipping-taxable","25":"purchasable","26":"product-type-simple"},"yoast_head":"<!-- This site is optimized with the Yoast SEO plugin v27.4 - https:\/\/yoast.com\/product\/yoast-seo-wordpress\/ -->\n<title>NARCISO RODRIGUEZ NARCISO GIFT SET 50ML SPRAY EAU DE PARFUM + 50ML BODY LOTION + 50ML SHOWER GEL<\/title>\n<meta name=\"robots\" content=\"index, follow, max-snippet:-1, max-image-preview:large, max-video-preview:-1\" \/>\n<link rel=\"canonical\" href=\"https:\/\/profumix.it\/en\/prodotto\/narciso-rodriguez-narciso-gift-set-50ml-spray-eau-de-parfum-50ml-shower-gel-50ml-body-lotion\/\" \/>\n<meta property=\"og:locale\" content=\"en_US\" \/>\n<meta property=\"og:type\" content=\"article\" \/>\n<meta property=\"og:title\" content=\"NARCISO RODRIGUEZ NARCISO GIFT SET 50ML SPRAY EAU DE PARFUM + 50ML BODY LOTION + 50ML SHOWER GEL\" \/>\n<meta property=\"og:description\" content=\"NARCISO BY NARCISO RODRIGUEZ  AMORE AL PRIMO OLFATTO, VIENE DA DIRLO, CHI TRA DI VOI MI LEGGE DA TEMPO CONOSCE LA MIA SMISURATA PASSIONE PER QUESTO GRANDISSIMO DESIGNER CHE MI HA COLPITA DRITTA AL CUORE, IL PRIMO NARCISO FOR HER CHE HO COMPRATO MI HA CONQUISTATA. DA ANNI ORMAI \u00c8 UNA FEDELE PRESENZA SIA IN VERSIONE POCKET DA BORSETTA CHE NELLA MISURA CLASSICA \u00c8 SEMPRE CON ME.NARCISO BY NARCISO RODRIGUEZ \u00c8 LA NUOVA FRAGRANZA DEL BRAVISSIMO STILISTA, CHE RACCONTA \u2018\u2019 \u201cVOLEVO CREARE UNA FRAGRANZA ESTREMAMENTE SEXY CHE FACESSE GIRARE LA TESTA AGLI UOMINI\u201d . SEXY, RAFFINATA, SENSUALE, NARCISO BY NARCISO RODRIGUEZ \u00c8 LA FRAGRANZA CHE CELEBRA SEDUZIONE ATTRAVERSO UNO DEI PRIMI SENSI PI\u00d9 IMPORTANTI : L\u2019OLFATTO. NARCISO BY NARCISO RODRIGUEZ \u00c8 L\u2019ESPRESSIONE DELLA FEMMINILIT\u00c0 MODERNA, 2.0, CHE PER\u00d2 NON MANCA DI QUELLA MAGIA AVVOLGENTE DI CUI PORTA IL NOME : NARCISO, MOLTO PI\u00d9 CHE LA STORIA DEL MITO STESSO, MOLTO PI\u00d9 CHE LA FAVOLA ROMANTICA DELL\u2019AMORE ETERNO. AUDACE EPPURE NON OPPRIMENTE, SEDUCENTE E ARDITO NARCISO BY NARCISO RODRIGUEZ \u00c8 PERFETTO PER LA DONNA CHE SEDUCE E AMMALIA CON GRAZIA E NATURALE ELEGANZA\" \/>\n<meta property=\"og:url\" content=\"https:\/\/profumix.it\/en\/prodotto\/narciso-rodriguez-narciso-gift-set-50ml-spray-eau-de-parfum-50ml-shower-gel-50ml-body-lotion\/\" \/>\n<meta property=\"og:site_name\" content=\"Profumix Perfumes\" \/>\n<meta property=\"article:publisher\" content=\"https:\/\/www.facebook.com\/profumix\" \/>\n<meta property=\"og:image\" content=\"https:\/\/profumix.it\/wp-content\/uploads\/2015\/11\/product_n_a_narciso-rodriguez-narciso-gift-set-50ml-spray-edp-50ml-body-lotion-50ml-creme-douche.jpg\" \/>\n\t<meta property=\"og:image:width\" content=\"800\" \/>\n\t<meta property=\"og:image:height\" content=\"800\" \/>\n\t<meta property=\"og:image:type\" content=\"image\/jpeg\" \/>\n<meta name=\"twitter:card\" content=\"summary_large_image\" \/>\n<meta name=\"twitter:label1\" content=\"Est. reading time\" \/>\n\t<meta name=\"twitter:data1\" content=\"1 minute\" \/>\n<script type=\"application\/ld+json\" class=\"yoast-schema-graph\">{\"@context\":\"https:\\\/\\\/schema.org\",\"@graph\":[{\"@type\":\"WebPage\",\"@id\":\"https:\\\/\\\/profumix.it\\\/en\\\/prodotto\\\/narciso-rodriguez-narciso-gift-set-50ml-spray-eau-de-parfum-50ml-shower-gel-50ml-body-lotion\\\/\",\"url\":\"https:\\\/\\\/profumix.it\\\/en\\\/prodotto\\\/narciso-rodriguez-narciso-gift-set-50ml-spray-eau-de-parfum-50ml-shower-gel-50ml-body-lotion\\\/\",\"name\":\"NARCISO RODRIGUEZ NARCISO GIFT SET 50ML SPRAY EAU DE PARFUM + 50ML BODY LOTION + 50ML SHOWER GEL\",\"isPartOf\":{\"@id\":\"https:\\\/\\\/profumix.it\\\/en\\\/#website\"},\"primaryImageOfPage\":{\"@id\":\"https:\\\/\\\/profumix.it\\\/en\\\/prodotto\\\/narciso-rodriguez-narciso-gift-set-50ml-spray-eau-de-parfum-50ml-shower-gel-50ml-body-lotion\\\/#primaryimage\"},\"image\":{\"@id\":\"https:\\\/\\\/profumix.it\\\/en\\\/prodotto\\\/narciso-rodriguez-narciso-gift-set-50ml-spray-eau-de-parfum-50ml-shower-gel-50ml-body-lotion\\\/#primaryimage\"},\"thumbnailUrl\":\"https:\\\/\\\/profumix.it\\\/wp-content\\\/uploads\\\/2015\\\/11\\\/product_n_a_narciso-rodriguez-narciso-gift-set-50ml-spray-edp-50ml-body-lotion-50ml-creme-douche.jpg\",\"datePublished\":\"2015-11-26T17:38:28+00:00\",\"breadcrumb\":{\"@id\":\"https:\\\/\\\/profumix.it\\\/en\\\/prodotto\\\/narciso-rodriguez-narciso-gift-set-50ml-spray-eau-de-parfum-50ml-shower-gel-50ml-body-lotion\\\/#breadcrumb\"},\"inLanguage\":\"en-US\",\"potentialAction\":[{\"@type\":\"ReadAction\",\"target\":[\"https:\\\/\\\/profumix.it\\\/en\\\/prodotto\\\/narciso-rodriguez-narciso-gift-set-50ml-spray-eau-de-parfum-50ml-shower-gel-50ml-body-lotion\\\/\"]}]},{\"@type\":\"ImageObject\",\"inLanguage\":\"en-US\",\"@id\":\"https:\\\/\\\/profumix.it\\\/en\\\/prodotto\\\/narciso-rodriguez-narciso-gift-set-50ml-spray-eau-de-parfum-50ml-shower-gel-50ml-body-lotion\\\/#primaryimage\",\"url\":\"https:\\\/\\\/profumix.it\\\/wp-content\\\/uploads\\\/2015\\\/11\\\/product_n_a_narciso-rodriguez-narciso-gift-set-50ml-spray-edp-50ml-body-lotion-50ml-creme-douche.jpg\",\"contentUrl\":\"https:\\\/\\\/profumix.it\\\/wp-content\\\/uploads\\\/2015\\\/11\\\/product_n_a_narciso-rodriguez-narciso-gift-set-50ml-spray-edp-50ml-body-lotion-50ml-creme-douche.jpg\",\"width\":800,\"height\":800,\"caption\":\"NARCISO RODRIGUEZ NARCISO GIFT SET 50ML SPRAY EAU DE PARFUM + 50ML BODY LOTION + 50ML SHOWER GEL\"},{\"@type\":\"BreadcrumbList\",\"@id\":\"https:\\\/\\\/profumix.it\\\/en\\\/prodotto\\\/narciso-rodriguez-narciso-gift-set-50ml-spray-eau-de-parfum-50ml-shower-gel-50ml-body-lotion\\\/#breadcrumb\",\"itemListElement\":[{\"@type\":\"ListItem\",\"position\":1,\"name\":\"Home\",\"item\":\"https:\\\/\\\/profumix.it\\\/en\\\/home\\\/\"},{\"@type\":\"ListItem\",\"position\":2,\"name\":\"Shop\",\"item\":\"https:\\\/\\\/profumix.it\\\/en\\\/shop\\\/\"},{\"@type\":\"ListItem\",\"position\":3,\"name\":\"NARCISO RODRIGUEZ NARCISO GIFT SET 50ML SPRAY EAU DE PARFUM + 50ML BODY LOTION + 50ML SHOWER GEL\"}]},{\"@type\":\"WebSite\",\"@id\":\"https:\\\/\\\/profumix.it\\\/en\\\/#website\",\"url\":\"https:\\\/\\\/profumix.it\\\/en\\\/\",\"name\":\"Profumix Perfumes\",\"description\":\"\",\"potentialAction\":[{\"@type\":\"SearchAction\",\"target\":{\"@type\":\"EntryPoint\",\"urlTemplate\":\"https:\\\/\\\/profumix.it\\\/en\\\/?s={search_term_string}\"},\"query-input\":{\"@type\":\"PropertyValueSpecification\",\"valueRequired\":true,\"valueName\":\"search_term_string\"}}],\"inLanguage\":\"en-US\"}]}<\/script>\n<!-- \/ Yoast SEO plugin. -->","yoast_head_json":{"title":"NARCISO RODRIGUEZ NARCISO GIFT SET 50ML SPRAY EAU DE PARFUM + 50ML BODY LOTION + 50ML SHOWER GEL","robots":{"index":"index","follow":"follow","max-snippet":"max-snippet:-1","max-image-preview":"max-image-preview:large","max-video-preview":"max-video-preview:-1"},"canonical":"https:\/\/profumix.it\/en\/prodotto\/narciso-rodriguez-narciso-gift-set-50ml-spray-eau-de-parfum-50ml-shower-gel-50ml-body-lotion\/","og_locale":"en_US","og_type":"article","og_title":"NARCISO RODRIGUEZ NARCISO GIFT SET 50ML SPRAY EAU DE PARFUM + 50ML BODY LOTION + 50ML SHOWER GEL","og_description":"NARCISO BY NARCISO RODRIGUEZ  AMORE AL PRIMO OLFATTO, VIENE DA DIRLO, CHI TRA DI VOI MI LEGGE DA TEMPO CONOSCE LA MIA SMISURATA PASSIONE PER QUESTO GRANDISSIMO DESIGNER CHE MI HA COLPITA DRITTA AL CUORE, IL PRIMO NARCISO FOR HER CHE HO COMPRATO MI HA CONQUISTATA. DA ANNI ORMAI \u00c8 UNA FEDELE PRESENZA SIA IN VERSIONE POCKET DA BORSETTA CHE NELLA MISURA CLASSICA \u00c8 SEMPRE CON ME.NARCISO BY NARCISO RODRIGUEZ \u00c8 LA NUOVA FRAGRANZA DEL BRAVISSIMO STILISTA, CHE RACCONTA \u2018\u2019 \u201cVOLEVO CREARE UNA FRAGRANZA ESTREMAMENTE SEXY CHE FACESSE GIRARE LA TESTA AGLI UOMINI\u201d . SEXY, RAFFINATA, SENSUALE, NARCISO BY NARCISO RODRIGUEZ \u00c8 LA FRAGRANZA CHE CELEBRA SEDUZIONE ATTRAVERSO UNO DEI PRIMI SENSI PI\u00d9 IMPORTANTI : L\u2019OLFATTO. NARCISO BY NARCISO RODRIGUEZ \u00c8 L\u2019ESPRESSIONE DELLA FEMMINILIT\u00c0 MODERNA, 2.0, CHE PER\u00d2 NON MANCA DI QUELLA MAGIA AVVOLGENTE DI CUI PORTA IL NOME : NARCISO, MOLTO PI\u00d9 CHE LA STORIA DEL MITO STESSO, MOLTO PI\u00d9 CHE LA FAVOLA ROMANTICA DELL\u2019AMORE ETERNO. AUDACE EPPURE NON OPPRIMENTE, SEDUCENTE E ARDITO NARCISO BY NARCISO RODRIGUEZ \u00c8 PERFETTO PER LA DONNA CHE SEDUCE E AMMALIA CON GRAZIA E NATURALE ELEGANZA","og_url":"https:\/\/profumix.it\/en\/prodotto\/narciso-rodriguez-narciso-gift-set-50ml-spray-eau-de-parfum-50ml-shower-gel-50ml-body-lotion\/","og_site_name":"Profumix Perfumes","article_publisher":"https:\/\/www.facebook.com\/profumix","og_image":[{"width":800,"height":800,"url":"https:\/\/profumix.it\/wp-content\/uploads\/2015\/11\/product_n_a_narciso-rodriguez-narciso-gift-set-50ml-spray-edp-50ml-body-lotion-50ml-creme-douche.jpg","type":"image\/jpeg"}],"twitter_card":"summary_large_image","twitter_misc":{"Est. reading time":"1 minute"},"schema":{"@context":"https:\/\/schema.org","@graph":[{"@type":"WebPage","@id":"https:\/\/profumix.it\/en\/prodotto\/narciso-rodriguez-narciso-gift-set-50ml-spray-eau-de-parfum-50ml-shower-gel-50ml-body-lotion\/","url":"https:\/\/profumix.it\/en\/prodotto\/narciso-rodriguez-narciso-gift-set-50ml-spray-eau-de-parfum-50ml-shower-gel-50ml-body-lotion\/","name":"NARCISO RODRIGUEZ NARCISO GIFT SET 50ML SPRAY EAU DE PARFUM + 50ML BODY LOTION + 50ML SHOWER GEL","isPartOf":{"@id":"https:\/\/profumix.it\/en\/#website"},"primaryImageOfPage":{"@id":"https:\/\/profumix.it\/en\/prodotto\/narciso-rodriguez-narciso-gift-set-50ml-spray-eau-de-parfum-50ml-shower-gel-50ml-body-lotion\/#primaryimage"},"image":{"@id":"https:\/\/profumix.it\/en\/prodotto\/narciso-rodriguez-narciso-gift-set-50ml-spray-eau-de-parfum-50ml-shower-gel-50ml-body-lotion\/#primaryimage"},"thumbnailUrl":"https:\/\/profumix.it\/wp-content\/uploads\/2015\/11\/product_n_a_narciso-rodriguez-narciso-gift-set-50ml-spray-edp-50ml-body-lotion-50ml-creme-douche.jpg","datePublished":"2015-11-26T17:38:28+00:00","breadcrumb":{"@id":"https:\/\/profumix.it\/en\/prodotto\/narciso-rodriguez-narciso-gift-set-50ml-spray-eau-de-parfum-50ml-shower-gel-50ml-body-lotion\/#breadcrumb"},"inLanguage":"en-US","potentialAction":[{"@type":"ReadAction","target":["https:\/\/profumix.it\/en\/prodotto\/narciso-rodriguez-narciso-gift-set-50ml-spray-eau-de-parfum-50ml-shower-gel-50ml-body-lotion\/"]}]},{"@type":"ImageObject","inLanguage":"en-US","@id":"https:\/\/profumix.it\/en\/prodotto\/narciso-rodriguez-narciso-gift-set-50ml-spray-eau-de-parfum-50ml-shower-gel-50ml-body-lotion\/#primaryimage","url":"https:\/\/profumix.it\/wp-content\/uploads\/2015\/11\/product_n_a_narciso-rodriguez-narciso-gift-set-50ml-spray-edp-50ml-body-lotion-50ml-creme-douche.jpg","contentUrl":"https:\/\/profumix.it\/wp-content\/uploads\/2015\/11\/product_n_a_narciso-rodriguez-narciso-gift-set-50ml-spray-edp-50ml-body-lotion-50ml-creme-douche.jpg","width":800,"height":800,"caption":"NARCISO RODRIGUEZ NARCISO GIFT SET 50ML SPRAY EAU DE PARFUM + 50ML BODY LOTION + 50ML SHOWER GEL"},{"@type":"BreadcrumbList","@id":"https:\/\/profumix.it\/en\/prodotto\/narciso-rodriguez-narciso-gift-set-50ml-spray-eau-de-parfum-50ml-shower-gel-50ml-body-lotion\/#breadcrumb","itemListElement":[{"@type":"ListItem","position":1,"name":"Home","item":"https:\/\/profumix.it\/en\/home\/"},{"@type":"ListItem","position":2,"name":"Shop","item":"https:\/\/profumix.it\/en\/shop\/"},{"@type":"ListItem","position":3,"name":"NARCISO RODRIGUEZ NARCISO GIFT SET 50ML SPRAY EAU DE PARFUM + 50ML BODY LOTION + 50ML SHOWER GEL"}]},{"@type":"WebSite","@id":"https:\/\/profumix.it\/en\/#website","url":"https:\/\/profumix.it\/en\/","name":"Profumix Perfumes","description":"","potentialAction":[{"@type":"SearchAction","target":{"@type":"EntryPoint","urlTemplate":"https:\/\/profumix.it\/en\/?s={search_term_string}"},"query-input":{"@type":"PropertyValueSpecification","valueRequired":true,"valueName":"search_term_string"}}],"inLanguage":"en-US"}]}},"_links":{"self":[{"href":"https:\/\/profumix.it\/en\/wp-json\/wp\/v2\/product\/78937","targetHints":{"allow":["GET"]}}],"collection":[{"href":"https:\/\/profumix.it\/en\/wp-json\/wp\/v2\/product"}],"about":[{"href":"https:\/\/profumix.it\/en\/wp-json\/wp\/v2\/types\/product"}],"replies":[{"embeddable":true,"href":"https:\/\/profumix.it\/en\/wp-json\/wp\/v2\/comments?post=78937"}],"wp:featuredmedia":[{"embeddable":true,"href":"https:\/\/profumix.it\/en\/wp-json\/wp\/v2\/media\/78936"}],"wp:attachment":[{"href":"https:\/\/profumix.it\/en\/wp-json\/wp\/v2\/media?parent=78937"}],"wp:term":[{"taxonomy":"product_brand","embeddable":true,"href":"https:\/\/profumix.it\/en\/wp-json\/wp\/v2\/product_brand?post=78937"},{"taxonomy":"product_cat","embeddable":true,"href":"https:\/\/profumix.it\/en\/wp-json\/wp\/v2\/product_cat?post=78937"},{"taxonomy":"product_tag","embeddable":true,"href":"https:\/\/profumix.it\/en\/wp-json\/wp\/v2\/product_tag?post=78937"}],"curies":[{"name":"wp","href":"https:\/\/api.w.org\/{rel}","templated":true}]}}