{"id":78969,"date":"2015-12-07T12:08:00","date_gmt":"2015-12-07T11:08:00","guid":{"rendered":"https:\/\/profumix.it\/prodotto\/lancome-tresor-la-nuit-30ml-spray-eau-de-parfum-50ml-latte-profumato-corpo-50ml-gel-doccia-profumato\/"},"modified":"2015-12-07T12:08:00","modified_gmt":"2015-12-07T11:08:00","slug":"lancome-tresor-la-nuit-30ml-spray-eau-de-parfum-50ml-latte-profumato-corpo-50ml-gel-doccia-profumato","status":"publish","type":"product","link":"https:\/\/profumix.it\/en\/prodotto\/lancome-tresor-la-nuit-30ml-spray-eau-de-parfum-50ml-latte-profumato-corpo-50ml-gel-doccia-profumato\/","title":{"rendered":"LANCOME TRESOR LA NUIT GIFT SET 30ML SPRAY EDP + 50ML LATTE PROFUMATO CORPO + 50ML GEL DOCCIA PROFUMATO"},"content":{"rendered":"<p>E LA MAISON LANC\u00d4ME SORPRENDE ANCORA TUTTE LE SUE AMANTI REGALANDO UNA NUOVA ROSA ALLA SUA LINEA TR\u00c9SOR CON LA NUIT TR\u00c9SOR.<br \/>\nLA ROSA, SIMBOLO DELL\u2019AMORE FIRMATO LANC\u00d4ME, SI VESTE DI NERO. IL COLORE DELLA FEMMINILIT\u00c0 ASSOLUTA. IL COLORE DELL\u2019INTRIGO. IL COLORE DELL\u2019OSCURO, DI CI\u00d2 CHE NON SI CONOSCE MA CHE MUOVE LA CURIOSIT\u00c0 DELLA SCOPERTA. NERO IL COLORE DEL BUIO DELLA NOTTE, DEL MOMENTO IN CUI GLI AMANTI SI FANNO VINCERE DAL LATO PI\u00d9 EROTICO DI S\u00c9. IL NERO, IL COLORE DEL MISTERO.<br \/>\nLA NUIT TR\u00c9SOR DI LANC\u00d4ME RAPPRESENTA LA DONNA ACCATTIVANTE, AMMALIANTE, CARISMATICA E AVVOLGENTE. QUELLA DONNA CHE QUANDO PASSA \u00c8 UN TORNADO CHE STRAVOLGE TUTTO. LA DONNA NUIT TR\u00c9SOR \u00c8 COLUI CHE NON LASCIA SPAZIO ALL\u2019ORDINE, \u00c8 COLEI CHE ENTRA NELLA TUA VITA E PORTA UNA RIVOLUZIONE. LA NUIT TR\u00c9SOR DI LANC\u00d4ME \u00c8 UNA DONNA CON UNA CARICA VITALE ESTREMA.<br \/>\nL\u2019INTENSIT\u00c0 DEL NERO DELLA ROSA NUIT TR\u00c9SOR DI LANC\u00d4ME \u00c8 DATO SOPRATTUTTO DALL\u2019INCONTRO DEI DUE FIORI DEL CUORE. LA ROSA E L\u2019ORCHIDEA. QUEST\u2019ULTIMA CONSIDERATA DAI MAESTRI PROFUMAI COME L\u2019ORO NERO DELLA PROFUMERIA. UN INCONTRO ENIGMATICO POICH\u00c9 METTE INSIEME DUE FIORI COS\u00cc DIVERSI TRA LORO MA CHE INSIEME SCATENANO UN FORTE EROTISMO. UNA FIRMA OLFATTIVA AMMALIANTE E APPASSIONANTE.<\/p>\n<p>NOTE DI TESTA: PERA.<br \/>\nNOTE DI CUORE: ROSA DI DAMASCO E ORCHIDEA (CONOSCIUTA ANCHE COME VANIGLIA NERA DI TAHITI).<br \/>\nNOTE DI FONDO: INCENSO, PATCHOULI, LITCHI, PAPIRO E PRALINA. <\/p>\n","protected":false},"excerpt":{"rendered":"<p>E LA MAISON LANC\u00d4ME SORPRENDE ANCORA TUTTE LE SUE AMANTI REGALANDO UNA NUOVA ROSA ALLA SUA LINEA TR\u00c9SOR CON LA NUIT TR\u00c9SOR.<br \/>\nLA ROSA, SIMBOLO DELL\u2019AMORE FIRMATO LANC\u00d4ME, SI VESTE DI NERO. IL COLORE DELLA FEMMINILIT\u00c0 ASSOLUTA. IL COLORE DELL\u2019INTRIGO. IL COLORE DELL\u2019OSCURO, DI CI\u00d2 CHE NON SI CONOSCE MA CHE MUOVE LA CURIOSIT\u00c0 DELLA SCOPERTA. NERO IL COLORE DEL BUIO DELLA NOTTE, DEL MOMENTO IN CUI GLI AMANTI SI FANNO VINCERE DAL LATO PI\u00d9 EROTICO DI S\u00c9. IL NERO, IL COLORE DEL MISTERO.<br \/>\nLA NUIT TR\u00c9SOR DI LANC\u00d4ME RAPPRESENTA LA DONNA ACCATTIVANTE, AMMALIANTE, CARISMATICA E AVVOLGENTE. QUELLA DONNA CHE QUANDO PASSA \u00c8 UN TORNADO CHE STRAVOLGE TUTTO. LA DONNA NUIT TR\u00c9SOR \u00c8 COLUI CHE NON LASCIA SPAZIO ALL\u2019ORDINE, \u00c8 COLEI CHE ENTRA NELLA TUA VITA E PORTA UNA RIVOLUZIONE. LA NUIT TR\u00c9SOR DI LANC\u00d4ME \u00c8 UNA DONNA CON UNA CARICA VITALE ESTREMA.<br \/>\nL\u2019INTENSIT\u00c0 DEL NERO DELLA ROSA NUIT TR\u00c9SOR DI LANC\u00d4ME \u00c8 DATO SOPRATTUTTO DALL\u2019INCONTRO DEI DUE FIORI DEL CUORE. LA ROSA E L\u2019ORCHIDEA. QUEST\u2019ULTIMA CONSIDERATA DAI MAESTRI PROFUMAI COME L\u2019ORO NERO DELLA PROFUMERIA. UN INCONTRO ENIGMATICO POICH\u00c9 METTE INSIEME DUE FIORI COS\u00cc DIVERSI TRA LORO MA CHE INSIEME SCATENANO UN FORTE EROTISMO. UNA FIRMA OLFATTIVA AMMALIANTE E APPASSIONANTE.<\/p>\n<p>NOTE DI TESTA: PERA.<br \/>\nNOTE DI CUORE: ROSA DI DAMASCO E ORCHIDEA (CONOSCIUTA ANCHE COME VANIGLIA NERA DI TAHITI).<br \/>\nNOTE DI FONDO: INCENSO, PATCHOULI, LITCHI, PAPIRO E PRALINA. <\/p>\n","protected":false},"featured_media":78968,"comment_status":"open","ping_status":"closed","template":"","meta":{"_et_pb_use_builder":"","_et_pb_old_content":"","_et_gb_content_width":""},"product_brand":[],"product_cat":[7113,7118,7109,7099,7098,7106],"product_tag":[],"class_list":{"0":"post-78969","1":"product","2":"type-product","3":"status-publish","4":"has-post-thumbnail","6":"product_cat-confezioni-regalo","7":"product_cat-donna-1-confezioni-regalo","8":"product_cat-donna","9":"product_cat-offerte-da-non-perdere-default-category","10":"product_cat-default-category","11":"product_cat-profumi-default-category","12":"pa_bollino-offerta_speciale","13":"pa_confezione_desc-confezioneoriginalenotester","14":"pa_country_of_manufacture-fr","15":"pa_formato_filtro-30ml","16":"pa_manufacturer-lancome","17":"pa_sconto_desc-6891","18":"pa_spedizione_gratuita-no","19":"pa_tipo_filtro-sprayeaudeparfum","21":"first","22":"outofstock","23":"sale","24":"shipping-taxable","25":"purchasable","26":"product-type-simple"},"yoast_head":"<!-- This site is optimized with the Yoast SEO plugin v27.4 - https:\/\/yoast.com\/product\/yoast-seo-wordpress\/ -->\n<title>LANCOME TRESOR LA NUIT GIFT SET 30ML SPRAY EDP + 50ML LATTE PROFUMATO CORPO + 50ML GEL DOCCIA PROFUMATO<\/title>\n<meta name=\"robots\" content=\"index, follow, max-snippet:-1, max-image-preview:large, max-video-preview:-1\" \/>\n<link rel=\"canonical\" href=\"https:\/\/profumix.it\/en\/prodotto\/lancome-tresor-la-nuit-30ml-spray-eau-de-parfum-50ml-latte-profumato-corpo-50ml-gel-doccia-profumato\/\" \/>\n<meta property=\"og:locale\" content=\"en_US\" \/>\n<meta property=\"og:type\" content=\"article\" \/>\n<meta property=\"og:title\" content=\"LANCOME TRESOR LA NUIT GIFT SET 30ML SPRAY EDP + 50ML LATTE PROFUMATO CORPO + 50ML GEL DOCCIA PROFUMATO\" \/>\n<meta property=\"og:description\" content=\"E LA MAISON LANC\u00d4ME SORPRENDE ANCORA TUTTE LE SUE AMANTI REGALANDO UNA NUOVA ROSA ALLA SUA LINEA TR\u00c9SOR CON LA NUIT TR\u00c9SOR. LA ROSA, SIMBOLO DELL\u2019AMORE FIRMATO LANC\u00d4ME, SI VESTE DI NERO. IL COLORE DELLA FEMMINILIT\u00c0 ASSOLUTA. IL COLORE DELL\u2019INTRIGO. IL COLORE DELL\u2019OSCURO, DI CI\u00d2 CHE NON SI CONOSCE MA CHE MUOVE LA CURIOSIT\u00c0 DELLA SCOPERTA. NERO IL COLORE DEL BUIO DELLA NOTTE, DEL MOMENTO IN CUI GLI AMANTI SI FANNO VINCERE DAL LATO PI\u00d9 EROTICO DI S\u00c9. IL NERO, IL COLORE DEL MISTERO. LA NUIT TR\u00c9SOR DI LANC\u00d4ME RAPPRESENTA LA DONNA ACCATTIVANTE, AMMALIANTE, CARISMATICA E AVVOLGENTE. QUELLA DONNA CHE QUANDO PASSA \u00c8 UN TORNADO CHE STRAVOLGE TUTTO. LA DONNA NUIT TR\u00c9SOR \u00c8 COLUI CHE NON LASCIA SPAZIO ALL\u2019ORDINE, \u00c8 COLEI CHE ENTRA NELLA TUA VITA E PORTA UNA RIVOLUZIONE. LA NUIT TR\u00c9SOR DI LANC\u00d4ME \u00c8 UNA DONNA CON UNA CARICA VITALE ESTREMA. L\u2019INTENSIT\u00c0 DEL NERO DELLA ROSA NUIT TR\u00c9SOR DI LANC\u00d4ME \u00c8 DATO SOPRATTUTTO DALL\u2019INCONTRO DEI DUE FIORI DEL CUORE. LA ROSA E L\u2019ORCHIDEA. QUEST\u2019ULTIMA CONSIDERATA DAI MAESTRI PROFUMAI COME L\u2019ORO NERO DELLA PROFUMERIA. UN INCONTRO ENIGMATICO POICH\u00c9 METTE INSIEME DUE FIORI COS\u00cc DIVERSI TRA LORO MA CHE INSIEME SCATENANO UN FORTE EROTISMO. UNA FIRMA OLFATTIVA AMMALIANTE E APPASSIONANTE.  NOTE DI TESTA: PERA. NOTE DI CUORE: ROSA DI DAMASCO E ORCHIDEA (CONOSCIUTA ANCHE COME VANIGLIA NERA DI TAHITI). NOTE DI FONDO: INCENSO, PATCHOULI, LITCHI, PAPIRO E PRALINA.\" \/>\n<meta property=\"og:url\" content=\"https:\/\/profumix.it\/en\/prodotto\/lancome-tresor-la-nuit-30ml-spray-eau-de-parfum-50ml-latte-profumato-corpo-50ml-gel-doccia-profumato\/\" \/>\n<meta property=\"og:site_name\" content=\"Profumix Perfumes\" \/>\n<meta property=\"article:publisher\" content=\"https:\/\/www.facebook.com\/profumix\" \/>\n<meta property=\"og:image\" content=\"https:\/\/profumix.it\/wp-content\/uploads\/2015\/12\/product_l_a_lancome-tresor-la-nuit-gift-set-30ml-spray-edp-50ml-body-lotion-50ml-shower-gel.jpg\" \/>\n\t<meta property=\"og:image:width\" content=\"700\" \/>\n\t<meta property=\"og:image:height\" content=\"700\" \/>\n\t<meta property=\"og:image:type\" content=\"image\/jpeg\" \/>\n<meta name=\"twitter:card\" content=\"summary_large_image\" \/>\n<meta name=\"twitter:label1\" content=\"Est. reading time\" \/>\n\t<meta name=\"twitter:data1\" content=\"1 minute\" \/>\n<script type=\"application\/ld+json\" class=\"yoast-schema-graph\">{\"@context\":\"https:\\\/\\\/schema.org\",\"@graph\":[{\"@type\":\"WebPage\",\"@id\":\"https:\\\/\\\/profumix.it\\\/en\\\/prodotto\\\/lancome-tresor-la-nuit-30ml-spray-eau-de-parfum-50ml-latte-profumato-corpo-50ml-gel-doccia-profumato\\\/\",\"url\":\"https:\\\/\\\/profumix.it\\\/en\\\/prodotto\\\/lancome-tresor-la-nuit-30ml-spray-eau-de-parfum-50ml-latte-profumato-corpo-50ml-gel-doccia-profumato\\\/\",\"name\":\"LANCOME TRESOR LA NUIT GIFT SET 30ML SPRAY EDP + 50ML LATTE PROFUMATO CORPO + 50ML GEL DOCCIA PROFUMATO\",\"isPartOf\":{\"@id\":\"https:\\\/\\\/profumix.it\\\/en\\\/#website\"},\"primaryImageOfPage\":{\"@id\":\"https:\\\/\\\/profumix.it\\\/en\\\/prodotto\\\/lancome-tresor-la-nuit-30ml-spray-eau-de-parfum-50ml-latte-profumato-corpo-50ml-gel-doccia-profumato\\\/#primaryimage\"},\"image\":{\"@id\":\"https:\\\/\\\/profumix.it\\\/en\\\/prodotto\\\/lancome-tresor-la-nuit-30ml-spray-eau-de-parfum-50ml-latte-profumato-corpo-50ml-gel-doccia-profumato\\\/#primaryimage\"},\"thumbnailUrl\":\"https:\\\/\\\/profumix.it\\\/wp-content\\\/uploads\\\/2015\\\/12\\\/product_l_a_lancome-tresor-la-nuit-gift-set-30ml-spray-edp-50ml-body-lotion-50ml-shower-gel.jpg\",\"datePublished\":\"2015-12-07T11:08:00+00:00\",\"breadcrumb\":{\"@id\":\"https:\\\/\\\/profumix.it\\\/en\\\/prodotto\\\/lancome-tresor-la-nuit-30ml-spray-eau-de-parfum-50ml-latte-profumato-corpo-50ml-gel-doccia-profumato\\\/#breadcrumb\"},\"inLanguage\":\"en-US\",\"potentialAction\":[{\"@type\":\"ReadAction\",\"target\":[\"https:\\\/\\\/profumix.it\\\/en\\\/prodotto\\\/lancome-tresor-la-nuit-30ml-spray-eau-de-parfum-50ml-latte-profumato-corpo-50ml-gel-doccia-profumato\\\/\"]}]},{\"@type\":\"ImageObject\",\"inLanguage\":\"en-US\",\"@id\":\"https:\\\/\\\/profumix.it\\\/en\\\/prodotto\\\/lancome-tresor-la-nuit-30ml-spray-eau-de-parfum-50ml-latte-profumato-corpo-50ml-gel-doccia-profumato\\\/#primaryimage\",\"url\":\"https:\\\/\\\/profumix.it\\\/wp-content\\\/uploads\\\/2015\\\/12\\\/product_l_a_lancome-tresor-la-nuit-gift-set-30ml-spray-edp-50ml-body-lotion-50ml-shower-gel.jpg\",\"contentUrl\":\"https:\\\/\\\/profumix.it\\\/wp-content\\\/uploads\\\/2015\\\/12\\\/product_l_a_lancome-tresor-la-nuit-gift-set-30ml-spray-edp-50ml-body-lotion-50ml-shower-gel.jpg\",\"width\":700,\"height\":700,\"caption\":\"LANCOME TRESOR LA NUIT GIFT SET 30ML SPRAY EDP + 50ML LATTE PROFUMATO CORPO + 50ML GEL DOCCIA PROFUMATO\"},{\"@type\":\"BreadcrumbList\",\"@id\":\"https:\\\/\\\/profumix.it\\\/en\\\/prodotto\\\/lancome-tresor-la-nuit-30ml-spray-eau-de-parfum-50ml-latte-profumato-corpo-50ml-gel-doccia-profumato\\\/#breadcrumb\",\"itemListElement\":[{\"@type\":\"ListItem\",\"position\":1,\"name\":\"Home\",\"item\":\"https:\\\/\\\/profumix.it\\\/en\\\/home\\\/\"},{\"@type\":\"ListItem\",\"position\":2,\"name\":\"Shop\",\"item\":\"https:\\\/\\\/profumix.it\\\/en\\\/shop\\\/\"},{\"@type\":\"ListItem\",\"position\":3,\"name\":\"LANCOME TRESOR LA NUIT GIFT SET 30ML SPRAY EDP + 50ML LATTE PROFUMATO CORPO + 50ML GEL DOCCIA PROFUMATO\"}]},{\"@type\":\"WebSite\",\"@id\":\"https:\\\/\\\/profumix.it\\\/en\\\/#website\",\"url\":\"https:\\\/\\\/profumix.it\\\/en\\\/\",\"name\":\"Profumix Perfumes\",\"description\":\"\",\"potentialAction\":[{\"@type\":\"SearchAction\",\"target\":{\"@type\":\"EntryPoint\",\"urlTemplate\":\"https:\\\/\\\/profumix.it\\\/en\\\/?s={search_term_string}\"},\"query-input\":{\"@type\":\"PropertyValueSpecification\",\"valueRequired\":true,\"valueName\":\"search_term_string\"}}],\"inLanguage\":\"en-US\"}]}<\/script>\n<!-- \/ Yoast SEO plugin. -->","yoast_head_json":{"title":"LANCOME TRESOR LA NUIT GIFT SET 30ML SPRAY EDP + 50ML LATTE PROFUMATO CORPO + 50ML GEL DOCCIA PROFUMATO","robots":{"index":"index","follow":"follow","max-snippet":"max-snippet:-1","max-image-preview":"max-image-preview:large","max-video-preview":"max-video-preview:-1"},"canonical":"https:\/\/profumix.it\/en\/prodotto\/lancome-tresor-la-nuit-30ml-spray-eau-de-parfum-50ml-latte-profumato-corpo-50ml-gel-doccia-profumato\/","og_locale":"en_US","og_type":"article","og_title":"LANCOME TRESOR LA NUIT GIFT SET 30ML SPRAY EDP + 50ML LATTE PROFUMATO CORPO + 50ML GEL DOCCIA PROFUMATO","og_description":"E LA MAISON LANC\u00d4ME SORPRENDE ANCORA TUTTE LE SUE AMANTI REGALANDO UNA NUOVA ROSA ALLA SUA LINEA TR\u00c9SOR CON LA NUIT TR\u00c9SOR. LA ROSA, SIMBOLO DELL\u2019AMORE FIRMATO LANC\u00d4ME, SI VESTE DI NERO. IL COLORE DELLA FEMMINILIT\u00c0 ASSOLUTA. IL COLORE DELL\u2019INTRIGO. IL COLORE DELL\u2019OSCURO, DI CI\u00d2 CHE NON SI CONOSCE MA CHE MUOVE LA CURIOSIT\u00c0 DELLA SCOPERTA. NERO IL COLORE DEL BUIO DELLA NOTTE, DEL MOMENTO IN CUI GLI AMANTI SI FANNO VINCERE DAL LATO PI\u00d9 EROTICO DI S\u00c9. IL NERO, IL COLORE DEL MISTERO. LA NUIT TR\u00c9SOR DI LANC\u00d4ME RAPPRESENTA LA DONNA ACCATTIVANTE, AMMALIANTE, CARISMATICA E AVVOLGENTE. QUELLA DONNA CHE QUANDO PASSA \u00c8 UN TORNADO CHE STRAVOLGE TUTTO. LA DONNA NUIT TR\u00c9SOR \u00c8 COLUI CHE NON LASCIA SPAZIO ALL\u2019ORDINE, \u00c8 COLEI CHE ENTRA NELLA TUA VITA E PORTA UNA RIVOLUZIONE. LA NUIT TR\u00c9SOR DI LANC\u00d4ME \u00c8 UNA DONNA CON UNA CARICA VITALE ESTREMA. L\u2019INTENSIT\u00c0 DEL NERO DELLA ROSA NUIT TR\u00c9SOR DI LANC\u00d4ME \u00c8 DATO SOPRATTUTTO DALL\u2019INCONTRO DEI DUE FIORI DEL CUORE. LA ROSA E L\u2019ORCHIDEA. QUEST\u2019ULTIMA CONSIDERATA DAI MAESTRI PROFUMAI COME L\u2019ORO NERO DELLA PROFUMERIA. UN INCONTRO ENIGMATICO POICH\u00c9 METTE INSIEME DUE FIORI COS\u00cc DIVERSI TRA LORO MA CHE INSIEME SCATENANO UN FORTE EROTISMO. UNA FIRMA OLFATTIVA AMMALIANTE E APPASSIONANTE.  NOTE DI TESTA: PERA. NOTE DI CUORE: ROSA DI DAMASCO E ORCHIDEA (CONOSCIUTA ANCHE COME VANIGLIA NERA DI TAHITI). NOTE DI FONDO: INCENSO, PATCHOULI, LITCHI, PAPIRO E PRALINA.","og_url":"https:\/\/profumix.it\/en\/prodotto\/lancome-tresor-la-nuit-30ml-spray-eau-de-parfum-50ml-latte-profumato-corpo-50ml-gel-doccia-profumato\/","og_site_name":"Profumix Perfumes","article_publisher":"https:\/\/www.facebook.com\/profumix","og_image":[{"width":700,"height":700,"url":"https:\/\/profumix.it\/wp-content\/uploads\/2015\/12\/product_l_a_lancome-tresor-la-nuit-gift-set-30ml-spray-edp-50ml-body-lotion-50ml-shower-gel.jpg","type":"image\/jpeg"}],"twitter_card":"summary_large_image","twitter_misc":{"Est. reading time":"1 minute"},"schema":{"@context":"https:\/\/schema.org","@graph":[{"@type":"WebPage","@id":"https:\/\/profumix.it\/en\/prodotto\/lancome-tresor-la-nuit-30ml-spray-eau-de-parfum-50ml-latte-profumato-corpo-50ml-gel-doccia-profumato\/","url":"https:\/\/profumix.it\/en\/prodotto\/lancome-tresor-la-nuit-30ml-spray-eau-de-parfum-50ml-latte-profumato-corpo-50ml-gel-doccia-profumato\/","name":"LANCOME TRESOR LA NUIT GIFT SET 30ML SPRAY EDP + 50ML LATTE PROFUMATO CORPO + 50ML GEL DOCCIA PROFUMATO","isPartOf":{"@id":"https:\/\/profumix.it\/en\/#website"},"primaryImageOfPage":{"@id":"https:\/\/profumix.it\/en\/prodotto\/lancome-tresor-la-nuit-30ml-spray-eau-de-parfum-50ml-latte-profumato-corpo-50ml-gel-doccia-profumato\/#primaryimage"},"image":{"@id":"https:\/\/profumix.it\/en\/prodotto\/lancome-tresor-la-nuit-30ml-spray-eau-de-parfum-50ml-latte-profumato-corpo-50ml-gel-doccia-profumato\/#primaryimage"},"thumbnailUrl":"https:\/\/profumix.it\/wp-content\/uploads\/2015\/12\/product_l_a_lancome-tresor-la-nuit-gift-set-30ml-spray-edp-50ml-body-lotion-50ml-shower-gel.jpg","datePublished":"2015-12-07T11:08:00+00:00","breadcrumb":{"@id":"https:\/\/profumix.it\/en\/prodotto\/lancome-tresor-la-nuit-30ml-spray-eau-de-parfum-50ml-latte-profumato-corpo-50ml-gel-doccia-profumato\/#breadcrumb"},"inLanguage":"en-US","potentialAction":[{"@type":"ReadAction","target":["https:\/\/profumix.it\/en\/prodotto\/lancome-tresor-la-nuit-30ml-spray-eau-de-parfum-50ml-latte-profumato-corpo-50ml-gel-doccia-profumato\/"]}]},{"@type":"ImageObject","inLanguage":"en-US","@id":"https:\/\/profumix.it\/en\/prodotto\/lancome-tresor-la-nuit-30ml-spray-eau-de-parfum-50ml-latte-profumato-corpo-50ml-gel-doccia-profumato\/#primaryimage","url":"https:\/\/profumix.it\/wp-content\/uploads\/2015\/12\/product_l_a_lancome-tresor-la-nuit-gift-set-30ml-spray-edp-50ml-body-lotion-50ml-shower-gel.jpg","contentUrl":"https:\/\/profumix.it\/wp-content\/uploads\/2015\/12\/product_l_a_lancome-tresor-la-nuit-gift-set-30ml-spray-edp-50ml-body-lotion-50ml-shower-gel.jpg","width":700,"height":700,"caption":"LANCOME TRESOR LA NUIT GIFT SET 30ML SPRAY EDP + 50ML LATTE PROFUMATO CORPO + 50ML GEL DOCCIA PROFUMATO"},{"@type":"BreadcrumbList","@id":"https:\/\/profumix.it\/en\/prodotto\/lancome-tresor-la-nuit-30ml-spray-eau-de-parfum-50ml-latte-profumato-corpo-50ml-gel-doccia-profumato\/#breadcrumb","itemListElement":[{"@type":"ListItem","position":1,"name":"Home","item":"https:\/\/profumix.it\/en\/home\/"},{"@type":"ListItem","position":2,"name":"Shop","item":"https:\/\/profumix.it\/en\/shop\/"},{"@type":"ListItem","position":3,"name":"LANCOME TRESOR LA NUIT GIFT SET 30ML SPRAY EDP + 50ML LATTE PROFUMATO CORPO + 50ML GEL DOCCIA PROFUMATO"}]},{"@type":"WebSite","@id":"https:\/\/profumix.it\/en\/#website","url":"https:\/\/profumix.it\/en\/","name":"Profumix Perfumes","description":"","potentialAction":[{"@type":"SearchAction","target":{"@type":"EntryPoint","urlTemplate":"https:\/\/profumix.it\/en\/?s={search_term_string}"},"query-input":{"@type":"PropertyValueSpecification","valueRequired":true,"valueName":"search_term_string"}}],"inLanguage":"en-US"}]}},"_links":{"self":[{"href":"https:\/\/profumix.it\/en\/wp-json\/wp\/v2\/product\/78969","targetHints":{"allow":["GET"]}}],"collection":[{"href":"https:\/\/profumix.it\/en\/wp-json\/wp\/v2\/product"}],"about":[{"href":"https:\/\/profumix.it\/en\/wp-json\/wp\/v2\/types\/product"}],"replies":[{"embeddable":true,"href":"https:\/\/profumix.it\/en\/wp-json\/wp\/v2\/comments?post=78969"}],"wp:featuredmedia":[{"embeddable":true,"href":"https:\/\/profumix.it\/en\/wp-json\/wp\/v2\/media\/78968"}],"wp:attachment":[{"href":"https:\/\/profumix.it\/en\/wp-json\/wp\/v2\/media?parent=78969"}],"wp:term":[{"taxonomy":"product_brand","embeddable":true,"href":"https:\/\/profumix.it\/en\/wp-json\/wp\/v2\/product_brand?post=78969"},{"taxonomy":"product_cat","embeddable":true,"href":"https:\/\/profumix.it\/en\/wp-json\/wp\/v2\/product_cat?post=78969"},{"taxonomy":"product_tag","embeddable":true,"href":"https:\/\/profumix.it\/en\/wp-json\/wp\/v2\/product_tag?post=78969"}],"curies":[{"name":"wp","href":"https:\/\/api.w.org\/{rel}","templated":true}]}}