{"id":78987,"date":"2015-12-29T10:27:45","date_gmt":"2015-12-29T09:27:45","guid":{"rendered":"https:\/\/profumix.it\/prodotto\/keiko-mecheri-muholland-75ml-spray-edp-edition-limitee-n294-1000\/"},"modified":"2015-12-29T10:27:45","modified_gmt":"2015-12-29T09:27:45","slug":"keiko-mecheri-muholland-75ml-spray-edp-edition-limitee-n294-1000","status":"publish","type":"product","link":"https:\/\/profumix.it\/en\/prodotto\/keiko-mecheri-muholland-75ml-spray-edp-edition-limitee-n294-1000\/","title":{"rendered":"KEIKO MECHERI MULHOLLAND 75ML SPRAY EAU DE PARFUM EDITION LIMIT\u00c9E"},"content":{"rendered":"<p>Mulholland di Keiko Mecheri \u00e8 una fragranza del gruppo Agrumato Aromatico unisex. Mulholland \u00e8 stato lanciato sul mercato nel 2010. <\/p>\n<p>La fragranza contiene note di Agrumi, Petitgrain, Patchouli, Sandalo, Ambra, Spezie e Note Orientali. <\/p>\n","protected":false},"excerpt":{"rendered":"<p>Mulholland di Keiko Mecheri \u00e8 una fragranza del gruppo Agrumato Aromatico unisex. Mulholland \u00e8 stato lanciato sul mercato nel 2010. <\/p>\n<p>La fragranza contiene note di Agrumi, Petitgrain, Patchouli, Sandalo, Ambra, Spezie e Note Orientali. <\/p>\n","protected":false},"featured_media":78986,"comment_status":"open","ping_status":"closed","template":"","meta":{"_et_pb_use_builder":"","_et_pb_old_content":"","_et_gb_content_width":""},"product_brand":[],"product_cat":[7109,7098,7106,7108,7107],"product_tag":[],"class_list":{"0":"post-78987","1":"product","2":"type-product","3":"status-publish","4":"has-post-thumbnail","6":"product_cat-donna","7":"product_cat-default-category","8":"product_cat-profumi-default-category","9":"product_cat-unisex","10":"product_cat-uomo-profumi-default-category","11":"pa_categoria_desc-profumiunisex","12":"pa_formato_filtro-75ml","13":"pa_manufacturer-keikomecheri","14":"pa_spedizione_gratuita-si","15":"pa_tipo_filtro-sprayeaudeparfum","17":"first","18":"outofstock","19":"sale","20":"shipping-taxable","21":"purchasable","22":"product-type-simple"},"yoast_head":"<!-- This site is optimized with the Yoast SEO plugin v27.4 - https:\/\/yoast.com\/product\/yoast-seo-wordpress\/ -->\n<title>KEIKO MECHERI MULHOLLAND 75ML SPRAY EAU DE PARFUM EDITION LIMIT\u00c9E N\u00b0 220\/1000<\/title>\n<meta name=\"robots\" content=\"index, follow, max-snippet:-1, max-image-preview:large, max-video-preview:-1\" \/>\n<link rel=\"canonical\" href=\"https:\/\/profumix.it\/en\/prodotto\/keiko-mecheri-muholland-75ml-spray-edp-edition-limitee-n294-1000\/\" \/>\n<meta property=\"og:locale\" content=\"en_US\" \/>\n<meta property=\"og:type\" content=\"article\" \/>\n<meta property=\"og:title\" content=\"KEIKO MECHERI MULHOLLAND 75ML SPRAY EAU DE PARFUM EDITION LIMIT\u00c9E N\u00b0 220\/1000\" \/>\n<meta property=\"og:description\" content=\"Mulholland di Keiko Mecheri \u00e8 una fragranza del gruppo Agrumato Aromatico unisex. Mulholland \u00e8 stato lanciato sul mercato nel 2010.   La fragranza contiene note di Agrumi, Petitgrain, Patchouli, Sandalo, Ambra, Spezie e Note Orientali.\" \/>\n<meta property=\"og:url\" content=\"https:\/\/profumix.it\/en\/prodotto\/keiko-mecheri-muholland-75ml-spray-edp-edition-limitee-n294-1000\/\" \/>\n<meta property=\"og:site_name\" content=\"Profumix Perfumes\" \/>\n<meta property=\"article:publisher\" content=\"https:\/\/www.facebook.com\/profumix\" \/>\n<meta property=\"og:image\" content=\"https:\/\/profumix.it\/wp-content\/uploads\/2015\/12\/product_k_e_keiko-mecheri-muholland-75ml-edp-edition-limit_e-n294-1000.jpg\" \/>\n\t<meta property=\"og:image:width\" content=\"500\" \/>\n\t<meta property=\"og:image:height\" content=\"499\" \/>\n\t<meta property=\"og:image:type\" content=\"image\/jpeg\" \/>\n<meta name=\"twitter:card\" content=\"summary_large_image\" \/>\n<script type=\"application\/ld+json\" class=\"yoast-schema-graph\">{\"@context\":\"https:\\\/\\\/schema.org\",\"@graph\":[{\"@type\":\"WebPage\",\"@id\":\"https:\\\/\\\/profumix.it\\\/en\\\/prodotto\\\/keiko-mecheri-muholland-75ml-spray-edp-edition-limitee-n294-1000\\\/\",\"url\":\"https:\\\/\\\/profumix.it\\\/en\\\/prodotto\\\/keiko-mecheri-muholland-75ml-spray-edp-edition-limitee-n294-1000\\\/\",\"name\":\"KEIKO MECHERI MULHOLLAND 75ML SPRAY EAU DE PARFUM EDITION LIMIT\u00c9E N\u00b0 220\\\/1000\",\"isPartOf\":{\"@id\":\"https:\\\/\\\/profumix.it\\\/en\\\/#website\"},\"primaryImageOfPage\":{\"@id\":\"https:\\\/\\\/profumix.it\\\/en\\\/prodotto\\\/keiko-mecheri-muholland-75ml-spray-edp-edition-limitee-n294-1000\\\/#primaryimage\"},\"image\":{\"@id\":\"https:\\\/\\\/profumix.it\\\/en\\\/prodotto\\\/keiko-mecheri-muholland-75ml-spray-edp-edition-limitee-n294-1000\\\/#primaryimage\"},\"thumbnailUrl\":\"https:\\\/\\\/profumix.it\\\/wp-content\\\/uploads\\\/2015\\\/12\\\/product_k_e_keiko-mecheri-muholland-75ml-edp-edition-limit_e-n294-1000.jpg\",\"datePublished\":\"2015-12-29T09:27:45+00:00\",\"breadcrumb\":{\"@id\":\"https:\\\/\\\/profumix.it\\\/en\\\/prodotto\\\/keiko-mecheri-muholland-75ml-spray-edp-edition-limitee-n294-1000\\\/#breadcrumb\"},\"inLanguage\":\"en-US\",\"potentialAction\":[{\"@type\":\"ReadAction\",\"target\":[\"https:\\\/\\\/profumix.it\\\/en\\\/prodotto\\\/keiko-mecheri-muholland-75ml-spray-edp-edition-limitee-n294-1000\\\/\"]}]},{\"@type\":\"ImageObject\",\"inLanguage\":\"en-US\",\"@id\":\"https:\\\/\\\/profumix.it\\\/en\\\/prodotto\\\/keiko-mecheri-muholland-75ml-spray-edp-edition-limitee-n294-1000\\\/#primaryimage\",\"url\":\"https:\\\/\\\/profumix.it\\\/wp-content\\\/uploads\\\/2015\\\/12\\\/product_k_e_keiko-mecheri-muholland-75ml-edp-edition-limit_e-n294-1000.jpg\",\"contentUrl\":\"https:\\\/\\\/profumix.it\\\/wp-content\\\/uploads\\\/2015\\\/12\\\/product_k_e_keiko-mecheri-muholland-75ml-edp-edition-limit_e-n294-1000.jpg\",\"width\":500,\"height\":499,\"caption\":\"KEIKO MECHERI MULHOLLAND 75ML SPRAY EAU DE PARFUM EDITION LIMIT\u00c9E\"},{\"@type\":\"BreadcrumbList\",\"@id\":\"https:\\\/\\\/profumix.it\\\/en\\\/prodotto\\\/keiko-mecheri-muholland-75ml-spray-edp-edition-limitee-n294-1000\\\/#breadcrumb\",\"itemListElement\":[{\"@type\":\"ListItem\",\"position\":1,\"name\":\"Home\",\"item\":\"https:\\\/\\\/profumix.it\\\/en\\\/home\\\/\"},{\"@type\":\"ListItem\",\"position\":2,\"name\":\"Shop\",\"item\":\"https:\\\/\\\/profumix.it\\\/en\\\/shop\\\/\"},{\"@type\":\"ListItem\",\"position\":3,\"name\":\"KEIKO MECHERI MULHOLLAND 75ML SPRAY EAU DE PARFUM EDITION LIMIT\u00c9E\"}]},{\"@type\":\"WebSite\",\"@id\":\"https:\\\/\\\/profumix.it\\\/en\\\/#website\",\"url\":\"https:\\\/\\\/profumix.it\\\/en\\\/\",\"name\":\"Profumix Perfumes\",\"description\":\"\",\"potentialAction\":[{\"@type\":\"SearchAction\",\"target\":{\"@type\":\"EntryPoint\",\"urlTemplate\":\"https:\\\/\\\/profumix.it\\\/en\\\/?s={search_term_string}\"},\"query-input\":{\"@type\":\"PropertyValueSpecification\",\"valueRequired\":true,\"valueName\":\"search_term_string\"}}],\"inLanguage\":\"en-US\"}]}<\/script>\n<!-- \/ Yoast SEO plugin. -->","yoast_head_json":{"title":"KEIKO MECHERI MULHOLLAND 75ML SPRAY EAU DE PARFUM EDITION LIMIT\u00c9E N\u00b0 220\/1000","robots":{"index":"index","follow":"follow","max-snippet":"max-snippet:-1","max-image-preview":"max-image-preview:large","max-video-preview":"max-video-preview:-1"},"canonical":"https:\/\/profumix.it\/en\/prodotto\/keiko-mecheri-muholland-75ml-spray-edp-edition-limitee-n294-1000\/","og_locale":"en_US","og_type":"article","og_title":"KEIKO MECHERI MULHOLLAND 75ML SPRAY EAU DE PARFUM EDITION LIMIT\u00c9E N\u00b0 220\/1000","og_description":"Mulholland di Keiko Mecheri \u00e8 una fragranza del gruppo Agrumato Aromatico unisex. Mulholland \u00e8 stato lanciato sul mercato nel 2010.   La fragranza contiene note di Agrumi, Petitgrain, Patchouli, Sandalo, Ambra, Spezie e Note Orientali.","og_url":"https:\/\/profumix.it\/en\/prodotto\/keiko-mecheri-muholland-75ml-spray-edp-edition-limitee-n294-1000\/","og_site_name":"Profumix Perfumes","article_publisher":"https:\/\/www.facebook.com\/profumix","og_image":[{"width":500,"height":499,"url":"https:\/\/profumix.it\/wp-content\/uploads\/2015\/12\/product_k_e_keiko-mecheri-muholland-75ml-edp-edition-limit_e-n294-1000.jpg","type":"image\/jpeg"}],"twitter_card":"summary_large_image","schema":{"@context":"https:\/\/schema.org","@graph":[{"@type":"WebPage","@id":"https:\/\/profumix.it\/en\/prodotto\/keiko-mecheri-muholland-75ml-spray-edp-edition-limitee-n294-1000\/","url":"https:\/\/profumix.it\/en\/prodotto\/keiko-mecheri-muholland-75ml-spray-edp-edition-limitee-n294-1000\/","name":"KEIKO MECHERI MULHOLLAND 75ML SPRAY EAU DE PARFUM EDITION LIMIT\u00c9E N\u00b0 220\/1000","isPartOf":{"@id":"https:\/\/profumix.it\/en\/#website"},"primaryImageOfPage":{"@id":"https:\/\/profumix.it\/en\/prodotto\/keiko-mecheri-muholland-75ml-spray-edp-edition-limitee-n294-1000\/#primaryimage"},"image":{"@id":"https:\/\/profumix.it\/en\/prodotto\/keiko-mecheri-muholland-75ml-spray-edp-edition-limitee-n294-1000\/#primaryimage"},"thumbnailUrl":"https:\/\/profumix.it\/wp-content\/uploads\/2015\/12\/product_k_e_keiko-mecheri-muholland-75ml-edp-edition-limit_e-n294-1000.jpg","datePublished":"2015-12-29T09:27:45+00:00","breadcrumb":{"@id":"https:\/\/profumix.it\/en\/prodotto\/keiko-mecheri-muholland-75ml-spray-edp-edition-limitee-n294-1000\/#breadcrumb"},"inLanguage":"en-US","potentialAction":[{"@type":"ReadAction","target":["https:\/\/profumix.it\/en\/prodotto\/keiko-mecheri-muholland-75ml-spray-edp-edition-limitee-n294-1000\/"]}]},{"@type":"ImageObject","inLanguage":"en-US","@id":"https:\/\/profumix.it\/en\/prodotto\/keiko-mecheri-muholland-75ml-spray-edp-edition-limitee-n294-1000\/#primaryimage","url":"https:\/\/profumix.it\/wp-content\/uploads\/2015\/12\/product_k_e_keiko-mecheri-muholland-75ml-edp-edition-limit_e-n294-1000.jpg","contentUrl":"https:\/\/profumix.it\/wp-content\/uploads\/2015\/12\/product_k_e_keiko-mecheri-muholland-75ml-edp-edition-limit_e-n294-1000.jpg","width":500,"height":499,"caption":"KEIKO MECHERI MULHOLLAND 75ML SPRAY EAU DE PARFUM EDITION LIMIT\u00c9E"},{"@type":"BreadcrumbList","@id":"https:\/\/profumix.it\/en\/prodotto\/keiko-mecheri-muholland-75ml-spray-edp-edition-limitee-n294-1000\/#breadcrumb","itemListElement":[{"@type":"ListItem","position":1,"name":"Home","item":"https:\/\/profumix.it\/en\/home\/"},{"@type":"ListItem","position":2,"name":"Shop","item":"https:\/\/profumix.it\/en\/shop\/"},{"@type":"ListItem","position":3,"name":"KEIKO MECHERI MULHOLLAND 75ML SPRAY EAU DE PARFUM EDITION LIMIT\u00c9E"}]},{"@type":"WebSite","@id":"https:\/\/profumix.it\/en\/#website","url":"https:\/\/profumix.it\/en\/","name":"Profumix Perfumes","description":"","potentialAction":[{"@type":"SearchAction","target":{"@type":"EntryPoint","urlTemplate":"https:\/\/profumix.it\/en\/?s={search_term_string}"},"query-input":{"@type":"PropertyValueSpecification","valueRequired":true,"valueName":"search_term_string"}}],"inLanguage":"en-US"}]}},"_links":{"self":[{"href":"https:\/\/profumix.it\/en\/wp-json\/wp\/v2\/product\/78987","targetHints":{"allow":["GET"]}}],"collection":[{"href":"https:\/\/profumix.it\/en\/wp-json\/wp\/v2\/product"}],"about":[{"href":"https:\/\/profumix.it\/en\/wp-json\/wp\/v2\/types\/product"}],"replies":[{"embeddable":true,"href":"https:\/\/profumix.it\/en\/wp-json\/wp\/v2\/comments?post=78987"}],"wp:featuredmedia":[{"embeddable":true,"href":"https:\/\/profumix.it\/en\/wp-json\/wp\/v2\/media\/78986"}],"wp:attachment":[{"href":"https:\/\/profumix.it\/en\/wp-json\/wp\/v2\/media?parent=78987"}],"wp:term":[{"taxonomy":"product_brand","embeddable":true,"href":"https:\/\/profumix.it\/en\/wp-json\/wp\/v2\/product_brand?post=78987"},{"taxonomy":"product_cat","embeddable":true,"href":"https:\/\/profumix.it\/en\/wp-json\/wp\/v2\/product_cat?post=78987"},{"taxonomy":"product_tag","embeddable":true,"href":"https:\/\/profumix.it\/en\/wp-json\/wp\/v2\/product_tag?post=78987"}],"curies":[{"name":"wp","href":"https:\/\/api.w.org\/{rel}","templated":true}]}}