{"id":79005,"date":"2016-01-27T11:36:56","date_gmt":"2016-01-27T10:36:56","guid":{"rendered":"https:\/\/profumix.it\/prodotto\/laura-biagiotti-laura-50ml-spray-eau-de-toilette\/"},"modified":"2016-01-27T11:36:56","modified_gmt":"2016-01-27T10:36:56","slug":"laura-biagiotti-laura-50ml-spray-eau-de-toilette","status":"publish","type":"product","link":"https:\/\/profumix.it\/en\/prodotto\/laura-biagiotti-laura-50ml-spray-eau-de-toilette\/","title":{"rendered":"LAURA BIAGIOTTI LAURA 50ML SPRAY EAU DE TOILETTE"},"content":{"rendered":"<p>LAURA BY LAURA BIAGIOTTI NASCE NEL 1994 CON L\u2019INTENTO DI RACCHIUDERE DENTRO DI SE L\u2019INTERIORIT\u00c0 DELLA STILISTA. LA BIAGIOTTI INFATTI SOSTENEVA CHE \u201cIL GRANDE FASCINO DI UNA DONNA, STA NELLA SUA ANIMA. E\u2019 IL SEGRETO PI\u00d9 PROFONDO DELLA SEDUZIONE ED \u00c8 LA COSA PI\u00d9 PREZIOSA CHE UNA DONNA PU\u00d2 POSSEDERE..\u201d (CIT.).<br \/>\nE\u2019 UN PROFUMO MOLTO DOLCE, ROMANTICO, GIOVANILE. LA BOCCETTA, LUNGA, SINUOSA E AFFUSOLATA, SEMBRA QUASI VOLER RICHIAMARE IL CORPO DELLA DONNA STESSA, CHE DAL VENTRE AMPIO ALLA BASE SI SVILUPPA IN ALTEZZA SINUOSO E FIERO, TERMINANDO CON UN COLLETTO DORATO E UN TAPPO CELESTE.<\/p>\n<p>NOTE DI TESTA: MELONE, CASSIS, ANGURIA<\/p>\n<p>NOTE DI CUORE: NINFEA, ROSA, ALBICOCCA, VIOLETTA, GELSOMINO, GAROFALO, FIORE DI LOTO, PESCA BIANCA E SUSINA.<\/p>\n<p>NOTE DI FONDO: SANDALO, VANIGLIA, ACCORDI MUSCHIATI E AMBRATI.<\/p>\n","protected":false},"excerpt":{"rendered":"<p>LAURA BY LAURA BIAGIOTTI NASCE NEL 1994 CON L\u2019INTENTO DI RACCHIUDERE DENTRO DI SE L\u2019INTERIORIT\u00c0 DELLA STILISTA. LA BIAGIOTTI INFATTI SOSTENEVA CHE \u201cIL GRANDE FASCINO DI UNA DONNA, STA NELLA SUA ANIMA. E\u2019 IL SEGRETO PI\u00d9 PROFONDO DELLA SEDUZIONE ED \u00c8 LA COSA PI\u00d9 PREZIOSA CHE UNA DONNA PU\u00d2 POSSEDERE..\u201d (CIT.).<br \/>\nE\u2019 UN PROFUMO MOLTO DOLCE, ROMANTICO, GIOVANILE. LA BOCCETTA, LUNGA, SINUOSA E AFFUSOLATA, SEMBRA QUASI VOLER RICHIAMARE IL CORPO DELLA DONNA STESSA, CHE DAL VENTRE AMPIO ALLA BASE SI SVILUPPA IN ALTEZZA SINUOSO E FIERO, TERMINANDO CON UN COLLETTO DORATO E UN TAPPO CELESTE.<\/p>\n<p>NOTE DI TESTA: MELONE, CASSIS, ANGURIA<\/p>\n<p>NOTE DI CUORE: NINFEA, ROSA, ALBICOCCA, VIOLETTA, GELSOMINO, GAROFALO, FIORE DI LOTO, PESCA BIANCA E SUSINA.<\/p>\n<p>NOTE DI FONDO: SANDALO, VANIGLIA, ACCORDI MUSCHIATI E AMBRATI.<\/p>\n","protected":false},"featured_media":79004,"comment_status":"open","ping_status":"closed","template":"","meta":{"_et_pb_use_builder":"","_et_pb_old_content":"","_et_gb_content_width":""},"product_brand":[],"product_cat":[7109,7098,7106],"product_tag":[],"class_list":{"0":"post-79005","1":"product","2":"type-product","3":"status-publish","4":"has-post-thumbnail","6":"product_cat-donna","7":"product_cat-default-category","8":"product_cat-profumi-default-category","9":"pa_bollino-offerta_speciale","10":"pa_confezione_desc-confezioneoriginalenotester","11":"pa_formato_filtro-50ml","12":"pa_manufacturer-laurabiagiotti","13":"pa_sconto_desc-6895","14":"pa_spedizione_gratuita-no","15":"pa_tipo_filtro-sprayeaudetoilette","17":"first","18":"outofstock","19":"sale","20":"shipping-taxable","21":"purchasable","22":"product-type-simple"},"yoast_head":"<!-- This site is optimized with the Yoast SEO plugin v27.4 - https:\/\/yoast.com\/product\/yoast-seo-wordpress\/ -->\n<title>LAURA BIAGIOTTI LAURA 50ML SPRAY EAU DE TOILETTE<\/title>\n<meta name=\"robots\" content=\"index, follow, max-snippet:-1, max-image-preview:large, max-video-preview:-1\" \/>\n<link rel=\"canonical\" href=\"https:\/\/profumix.it\/en\/prodotto\/laura-biagiotti-laura-50ml-spray-eau-de-toilette\/\" \/>\n<meta property=\"og:locale\" content=\"en_US\" \/>\n<meta property=\"og:type\" content=\"article\" \/>\n<meta property=\"og:title\" content=\"LAURA BIAGIOTTI LAURA 50ML SPRAY EAU DE TOILETTE\" \/>\n<meta property=\"og:description\" content=\"LAURA BY LAURA BIAGIOTTI NASCE NEL 1994 CON L\u2019INTENTO DI RACCHIUDERE DENTRO DI SE L\u2019INTERIORIT\u00c0 DELLA STILISTA. LA BIAGIOTTI INFATTI SOSTENEVA CHE \u201cIL GRANDE FASCINO DI UNA DONNA, STA NELLA SUA ANIMA. E\u2019 IL SEGRETO PI\u00d9 PROFONDO DELLA SEDUZIONE ED \u00c8 LA COSA PI\u00d9 PREZIOSA CHE UNA DONNA PU\u00d2 POSSEDERE..\u201d (CIT.). E\u2019 UN PROFUMO MOLTO DOLCE, ROMANTICO, GIOVANILE. LA BOCCETTA, LUNGA, SINUOSA E AFFUSOLATA, SEMBRA QUASI VOLER RICHIAMARE IL CORPO DELLA DONNA STESSA, CHE DAL VENTRE AMPIO ALLA BASE SI SVILUPPA IN ALTEZZA SINUOSO E FIERO, TERMINANDO CON UN COLLETTO DORATO E UN TAPPO CELESTE.  NOTE DI TESTA: MELONE, CASSIS, ANGURIA  NOTE DI CUORE: NINFEA, ROSA, ALBICOCCA, VIOLETTA, GELSOMINO, GAROFALO, FIORE DI LOTO, PESCA BIANCA E SUSINA.  NOTE DI FONDO: SANDALO, VANIGLIA, ACCORDI MUSCHIATI E AMBRATI.\" \/>\n<meta property=\"og:url\" content=\"https:\/\/profumix.it\/en\/prodotto\/laura-biagiotti-laura-50ml-spray-eau-de-toilette\/\" \/>\n<meta property=\"og:site_name\" content=\"Profumix Perfumes\" \/>\n<meta property=\"article:publisher\" content=\"https:\/\/www.facebook.com\/profumix\" \/>\n<meta property=\"og:image\" content=\"https:\/\/profumix.it\/wp-content\/uploads\/2016\/01\/product_l_a_laura-biagiotti-laura-50ml-edt.jpg\" \/>\n\t<meta property=\"og:image:width\" content=\"2130\" \/>\n\t<meta property=\"og:image:height\" content=\"2130\" \/>\n\t<meta property=\"og:image:type\" content=\"image\/jpeg\" \/>\n<meta name=\"twitter:card\" content=\"summary_large_image\" \/>\n<meta name=\"twitter:label1\" content=\"Est. reading time\" \/>\n\t<meta name=\"twitter:data1\" content=\"1 minute\" \/>\n<script type=\"application\/ld+json\" class=\"yoast-schema-graph\">{\"@context\":\"https:\\\/\\\/schema.org\",\"@graph\":[{\"@type\":\"WebPage\",\"@id\":\"https:\\\/\\\/profumix.it\\\/en\\\/prodotto\\\/laura-biagiotti-laura-50ml-spray-eau-de-toilette\\\/\",\"url\":\"https:\\\/\\\/profumix.it\\\/en\\\/prodotto\\\/laura-biagiotti-laura-50ml-spray-eau-de-toilette\\\/\",\"name\":\"LAURA BIAGIOTTI LAURA 50ML SPRAY EAU DE TOILETTE\",\"isPartOf\":{\"@id\":\"https:\\\/\\\/profumix.it\\\/en\\\/#website\"},\"primaryImageOfPage\":{\"@id\":\"https:\\\/\\\/profumix.it\\\/en\\\/prodotto\\\/laura-biagiotti-laura-50ml-spray-eau-de-toilette\\\/#primaryimage\"},\"image\":{\"@id\":\"https:\\\/\\\/profumix.it\\\/en\\\/prodotto\\\/laura-biagiotti-laura-50ml-spray-eau-de-toilette\\\/#primaryimage\"},\"thumbnailUrl\":\"https:\\\/\\\/profumix.it\\\/wp-content\\\/uploads\\\/2016\\\/01\\\/product_l_a_laura-biagiotti-laura-50ml-edt.jpg\",\"datePublished\":\"2016-01-27T10:36:56+00:00\",\"breadcrumb\":{\"@id\":\"https:\\\/\\\/profumix.it\\\/en\\\/prodotto\\\/laura-biagiotti-laura-50ml-spray-eau-de-toilette\\\/#breadcrumb\"},\"inLanguage\":\"en-US\",\"potentialAction\":[{\"@type\":\"ReadAction\",\"target\":[\"https:\\\/\\\/profumix.it\\\/en\\\/prodotto\\\/laura-biagiotti-laura-50ml-spray-eau-de-toilette\\\/\"]}]},{\"@type\":\"ImageObject\",\"inLanguage\":\"en-US\",\"@id\":\"https:\\\/\\\/profumix.it\\\/en\\\/prodotto\\\/laura-biagiotti-laura-50ml-spray-eau-de-toilette\\\/#primaryimage\",\"url\":\"https:\\\/\\\/profumix.it\\\/wp-content\\\/uploads\\\/2016\\\/01\\\/product_l_a_laura-biagiotti-laura-50ml-edt.jpg\",\"contentUrl\":\"https:\\\/\\\/profumix.it\\\/wp-content\\\/uploads\\\/2016\\\/01\\\/product_l_a_laura-biagiotti-laura-50ml-edt.jpg\",\"width\":2130,\"height\":2130,\"caption\":\"LAURA BIAGIOTTI LAURA 50ML SPRAY EAU DE TOILETTE\"},{\"@type\":\"BreadcrumbList\",\"@id\":\"https:\\\/\\\/profumix.it\\\/en\\\/prodotto\\\/laura-biagiotti-laura-50ml-spray-eau-de-toilette\\\/#breadcrumb\",\"itemListElement\":[{\"@type\":\"ListItem\",\"position\":1,\"name\":\"Home\",\"item\":\"https:\\\/\\\/profumix.it\\\/en\\\/home\\\/\"},{\"@type\":\"ListItem\",\"position\":2,\"name\":\"Shop\",\"item\":\"https:\\\/\\\/profumix.it\\\/en\\\/shop\\\/\"},{\"@type\":\"ListItem\",\"position\":3,\"name\":\"LAURA BIAGIOTTI LAURA 50ML SPRAY EAU DE TOILETTE\"}]},{\"@type\":\"WebSite\",\"@id\":\"https:\\\/\\\/profumix.it\\\/en\\\/#website\",\"url\":\"https:\\\/\\\/profumix.it\\\/en\\\/\",\"name\":\"Profumix Perfumes\",\"description\":\"\",\"potentialAction\":[{\"@type\":\"SearchAction\",\"target\":{\"@type\":\"EntryPoint\",\"urlTemplate\":\"https:\\\/\\\/profumix.it\\\/en\\\/?s={search_term_string}\"},\"query-input\":{\"@type\":\"PropertyValueSpecification\",\"valueRequired\":true,\"valueName\":\"search_term_string\"}}],\"inLanguage\":\"en-US\"}]}<\/script>\n<!-- \/ Yoast SEO plugin. -->","yoast_head_json":{"title":"LAURA BIAGIOTTI LAURA 50ML SPRAY EAU DE TOILETTE","robots":{"index":"index","follow":"follow","max-snippet":"max-snippet:-1","max-image-preview":"max-image-preview:large","max-video-preview":"max-video-preview:-1"},"canonical":"https:\/\/profumix.it\/en\/prodotto\/laura-biagiotti-laura-50ml-spray-eau-de-toilette\/","og_locale":"en_US","og_type":"article","og_title":"LAURA BIAGIOTTI LAURA 50ML SPRAY EAU DE TOILETTE","og_description":"LAURA BY LAURA BIAGIOTTI NASCE NEL 1994 CON L\u2019INTENTO DI RACCHIUDERE DENTRO DI SE L\u2019INTERIORIT\u00c0 DELLA STILISTA. LA BIAGIOTTI INFATTI SOSTENEVA CHE \u201cIL GRANDE FASCINO DI UNA DONNA, STA NELLA SUA ANIMA. E\u2019 IL SEGRETO PI\u00d9 PROFONDO DELLA SEDUZIONE ED \u00c8 LA COSA PI\u00d9 PREZIOSA CHE UNA DONNA PU\u00d2 POSSEDERE..\u201d (CIT.). E\u2019 UN PROFUMO MOLTO DOLCE, ROMANTICO, GIOVANILE. LA BOCCETTA, LUNGA, SINUOSA E AFFUSOLATA, SEMBRA QUASI VOLER RICHIAMARE IL CORPO DELLA DONNA STESSA, CHE DAL VENTRE AMPIO ALLA BASE SI SVILUPPA IN ALTEZZA SINUOSO E FIERO, TERMINANDO CON UN COLLETTO DORATO E UN TAPPO CELESTE.  NOTE DI TESTA: MELONE, CASSIS, ANGURIA  NOTE DI CUORE: NINFEA, ROSA, ALBICOCCA, VIOLETTA, GELSOMINO, GAROFALO, FIORE DI LOTO, PESCA BIANCA E SUSINA.  NOTE DI FONDO: SANDALO, VANIGLIA, ACCORDI MUSCHIATI E AMBRATI.","og_url":"https:\/\/profumix.it\/en\/prodotto\/laura-biagiotti-laura-50ml-spray-eau-de-toilette\/","og_site_name":"Profumix Perfumes","article_publisher":"https:\/\/www.facebook.com\/profumix","og_image":[{"width":2130,"height":2130,"url":"https:\/\/profumix.it\/wp-content\/uploads\/2016\/01\/product_l_a_laura-biagiotti-laura-50ml-edt.jpg","type":"image\/jpeg"}],"twitter_card":"summary_large_image","twitter_misc":{"Est. reading time":"1 minute"},"schema":{"@context":"https:\/\/schema.org","@graph":[{"@type":"WebPage","@id":"https:\/\/profumix.it\/en\/prodotto\/laura-biagiotti-laura-50ml-spray-eau-de-toilette\/","url":"https:\/\/profumix.it\/en\/prodotto\/laura-biagiotti-laura-50ml-spray-eau-de-toilette\/","name":"LAURA BIAGIOTTI LAURA 50ML SPRAY EAU DE TOILETTE","isPartOf":{"@id":"https:\/\/profumix.it\/en\/#website"},"primaryImageOfPage":{"@id":"https:\/\/profumix.it\/en\/prodotto\/laura-biagiotti-laura-50ml-spray-eau-de-toilette\/#primaryimage"},"image":{"@id":"https:\/\/profumix.it\/en\/prodotto\/laura-biagiotti-laura-50ml-spray-eau-de-toilette\/#primaryimage"},"thumbnailUrl":"https:\/\/profumix.it\/wp-content\/uploads\/2016\/01\/product_l_a_laura-biagiotti-laura-50ml-edt.jpg","datePublished":"2016-01-27T10:36:56+00:00","breadcrumb":{"@id":"https:\/\/profumix.it\/en\/prodotto\/laura-biagiotti-laura-50ml-spray-eau-de-toilette\/#breadcrumb"},"inLanguage":"en-US","potentialAction":[{"@type":"ReadAction","target":["https:\/\/profumix.it\/en\/prodotto\/laura-biagiotti-laura-50ml-spray-eau-de-toilette\/"]}]},{"@type":"ImageObject","inLanguage":"en-US","@id":"https:\/\/profumix.it\/en\/prodotto\/laura-biagiotti-laura-50ml-spray-eau-de-toilette\/#primaryimage","url":"https:\/\/profumix.it\/wp-content\/uploads\/2016\/01\/product_l_a_laura-biagiotti-laura-50ml-edt.jpg","contentUrl":"https:\/\/profumix.it\/wp-content\/uploads\/2016\/01\/product_l_a_laura-biagiotti-laura-50ml-edt.jpg","width":2130,"height":2130,"caption":"LAURA BIAGIOTTI LAURA 50ML SPRAY EAU DE TOILETTE"},{"@type":"BreadcrumbList","@id":"https:\/\/profumix.it\/en\/prodotto\/laura-biagiotti-laura-50ml-spray-eau-de-toilette\/#breadcrumb","itemListElement":[{"@type":"ListItem","position":1,"name":"Home","item":"https:\/\/profumix.it\/en\/home\/"},{"@type":"ListItem","position":2,"name":"Shop","item":"https:\/\/profumix.it\/en\/shop\/"},{"@type":"ListItem","position":3,"name":"LAURA BIAGIOTTI LAURA 50ML SPRAY EAU DE TOILETTE"}]},{"@type":"WebSite","@id":"https:\/\/profumix.it\/en\/#website","url":"https:\/\/profumix.it\/en\/","name":"Profumix Perfumes","description":"","potentialAction":[{"@type":"SearchAction","target":{"@type":"EntryPoint","urlTemplate":"https:\/\/profumix.it\/en\/?s={search_term_string}"},"query-input":{"@type":"PropertyValueSpecification","valueRequired":true,"valueName":"search_term_string"}}],"inLanguage":"en-US"}]}},"_links":{"self":[{"href":"https:\/\/profumix.it\/en\/wp-json\/wp\/v2\/product\/79005","targetHints":{"allow":["GET"]}}],"collection":[{"href":"https:\/\/profumix.it\/en\/wp-json\/wp\/v2\/product"}],"about":[{"href":"https:\/\/profumix.it\/en\/wp-json\/wp\/v2\/types\/product"}],"replies":[{"embeddable":true,"href":"https:\/\/profumix.it\/en\/wp-json\/wp\/v2\/comments?post=79005"}],"wp:featuredmedia":[{"embeddable":true,"href":"https:\/\/profumix.it\/en\/wp-json\/wp\/v2\/media\/79004"}],"wp:attachment":[{"href":"https:\/\/profumix.it\/en\/wp-json\/wp\/v2\/media?parent=79005"}],"wp:term":[{"taxonomy":"product_brand","embeddable":true,"href":"https:\/\/profumix.it\/en\/wp-json\/wp\/v2\/product_brand?post=79005"},{"taxonomy":"product_cat","embeddable":true,"href":"https:\/\/profumix.it\/en\/wp-json\/wp\/v2\/product_cat?post=79005"},{"taxonomy":"product_tag","embeddable":true,"href":"https:\/\/profumix.it\/en\/wp-json\/wp\/v2\/product_tag?post=79005"}],"curies":[{"name":"wp","href":"https:\/\/api.w.org\/{rel}","templated":true}]}}