{"id":79111,"date":"2016-05-10T18:08:17","date_gmt":"2016-05-10T16:08:17","guid":{"rendered":"https:\/\/profumix.it\/prodotto\/tom-ford-velvet-orchid-100ml-spray-eau-de-parfum\/"},"modified":"2016-05-10T18:08:17","modified_gmt":"2016-05-10T16:08:17","slug":"tom-ford-velvet-orchid-100ml-spray-eau-de-parfum","status":"publish","type":"product","link":"https:\/\/profumix.it\/en\/prodotto\/tom-ford-velvet-orchid-100ml-spray-eau-de-parfum\/","title":{"rendered":"TOM FORD VELVET ORCHID 100ML SPRAY EAU DE PARFUM"},"content":{"rendered":"<p>TOM FORD VELVET ORCHID \u00c8 UN PROFUMO ORIENTAL-FLOREALE CHE TRASFORMA L\u2019OPULENZA CARNALE E IL POTERE DI SEDUZIONE DELL\u2019ICONICO TOM FORD BLACK ORCHID IN UNA FRAGRANZA DALLA FEMMINILIT\u00c0 SUPERLATIVA, ESPRESSIONE DI UN TRIONFO DI FRESCHE NOTE AGRUMATE, DI PETALI DALLA BELLEZZA AMMALIANTE E DEL MIX DOLCEMENTE INEBRIANTE DI MIELE E RUM.<br \/>\nVELVET ORCHID RIVELA RAPIDAMENTE LA PROPRIA IDENTIT\u00c0 INDUCENDO IL DNA DEL FIORE ORIGINALE DI BLACK ORCHID, L\u2019ORCHIDEA NERA, A SCOPRIRE NUOVI TERRITORI E CONFINI. <\/p>\n<p>GLI ACCORDI BOIS\u00c9 E SPEZIATI DEL PROFUMO ORIGINALE SI STEMPERANO PER LASCIARE CHE UNA FLOREALIT\u00c0 IMPALPABILE, MA RICCA DI CONTRASTI, AMMANTI LA FRAGRANZA DI ULTRA FEMMINILIT\u00c0.<\/p>\n<p>LA FRAGRANZA<br \/>\nTOM FORD VELVET ORCHID MANTIENE LE CARATTERISTICHE RICONOSCIBILI ALL\u2019ISTANTE DI BLACK ORCHID: LA PRESENZA DI PETALI FRESCHI E SONTUOSI; NOTE ANIMALIER E UN CALORE CHE AVVOLGE LA PELLE DI BRILLANTEZZA E RIVISITA QUEGLI ELEMENTI TRADUCENDOLI IN UNA FRAGRANZA IRRESISTIBILMENTE IN MODO UNICO.<br \/>\nLE NOTE D\u2019ESORDIO DI BERGAMOTTO ITALIANO E MANDARINO ORPUR&#x2122; RIVELANO UNA BRILLANTEZZA FRESCA ED EVOCATIVA DI GEMME PREZIOSE.<br \/>\nL\u2019ASSOLUTA DI SUCCAN \u2013 UN ESTRATTO DI RUM SUPER PURIFICATO \u2013 APPORTA UNA NOTA DI CANNA DA ZUCCHERO BRILLANTE, CARAMELLIZZATA.<br \/>\nUNA LUMINOSA NOTA MIELATA OFFRE CONSISTENZA E DIMENSIONE E SI CONIUGA CON LA MORBIDEZZA DELLA FRAGRANZA E DEL SUO FONDO DI VANIGLIA CREMOSA.<br \/>\nL\u2019INCONTRO DAL SENTORE SELVATICO E CALDO DI MIELE E VANIGLIA SUGGERISCE LA PRESENZA CARNALE DI PELLE-SU-PELLE.<br \/>\nIL CUORE \u00c8 UN TRIPUDIO DI NOTE FLOREALI DALLA CONTURBANTE CORPOREIT\u00c0. UN ACCORDO DI VELVET ORCHID CON ASSOLUTA DI GELSOMINO, OLIO DI ROSA DALLA TURCHIA E L\u2019AMMALIANTE OPULENZA DELLO SCENT TREK&#x2122; DELL\u2019ORCHIDEA CATTLEYA LEOPOLDII \u2014 UN\u2019ORCHIDEA FUCSIA ORIGINARIA DELLE FORESTE COSTIERE DEL SUD DEL BRASILE \u2014 SI INTRECCIA CON L\u2019ESCLUSIVO ACCORDO DI BLACK ORCHID TOM FORD.<br \/>\nFIORI D\u2019ARANCIO E ASSOLUTA DI ROSA DEL MAROCCO CONFERISCONO DELICATEZZA E CORPOSIT\u00c0 A QUESTO CUORE FLOREALE, MENTRE L\u2019ELIOTROPINA LO COSPARGE CON IL SUO DELICATO SALE FLOREALE, ESALTANDONE IL NETTARE GUSTOSO, QUASI COMMESTIBILE. MAGNOLIA,<br \/>\nGIUNCHIGLIA E GIACINTO CONFERISCONO IL CONTRASTO INIMITABILE DI UNA FLOREALIT\u00c0 ULTRA-FEMMINILE.<br \/>\nLA BASE DELLA FRAGRANZA \u00c8 PERVASA DA RICCHEZZA E MORBIDEZZA. IL BALSAMO ESSICCATO DEL PER\u00d9 ARRICCHISCE LA COMPOSIZIONE CON ACCORDI DARK.<br \/>\nLABDANO, LEGNO DI SANDALO, E MIRRA RESINOIDE ORPUR&#x2122; SMORZANO CON RAFFINATEZZA LA BASE MENTRE LA GRANDIOSA ELEGANZA DI UN ACCORDO DI SUEDE NATURALE TEXTURIZZATO E INFUSO CON VANIGLIA DELL\u2019ISOLA DELLE COMORE UNISCE INDISSOLUBILMENTE VELVET ORCHID ALLA PELLE.<\/p>\n","protected":false},"excerpt":{"rendered":"<p>TOM FORD VELVET ORCHID \u00c8 UN PROFUMO ORIENTAL-FLOREALE CHE TRASFORMA L\u2019OPULENZA CARNALE E IL POTERE DI SEDUZIONE DELL\u2019ICONICO TOM FORD BLACK ORCHID IN UNA FRAGRANZA DALLA FEMMINILIT\u00c0 SUPERLATIVA, ESPRESSIONE DI UN TRIONFO DI FRESCHE NOTE AGRUMATE, DI PETALI DALLA BELLEZZA AMMALIANTE E DEL MIX DOLCEMENTE INEBRIANTE DI MIELE E RUM.<br \/>\nVELVET ORCHID RIVELA RAPIDAMENTE LA PROPRIA IDENTIT\u00c0 INDUCENDO IL DNA DEL FIORE ORIGINALE DI BLACK ORCHID, L\u2019ORCHIDEA NERA, A SCOPRIRE NUOVI TERRITORI E CONFINI. <\/p>\n<p>GLI ACCORDI BOIS\u00c9 E SPEZIATI DEL PROFUMO ORIGINALE SI STEMPERANO PER LASCIARE CHE UNA FLOREALIT\u00c0 IMPALPABILE, MA RICCA DI CONTRASTI, AMMANTI LA FRAGRANZA DI ULTRA FEMMINILIT\u00c0.<\/p>\n<p>LA FRAGRANZA<br \/>\nTOM FORD VELVET ORCHID MANTIENE LE CARATTERISTICHE RICONOSCIBILI ALL\u2019ISTANTE DI BLACK ORCHID: LA PRESENZA DI PETALI FRESCHI E SONTUOSI; NOTE ANIMALIER E UN CALORE CHE AVVOLGE LA PELLE DI BRILLANTEZZA E RIVISITA QUEGLI ELEMENTI TRADUCENDOLI IN UNA FRAGRANZA IRRESISTIBILMENTE IN MODO UNICO.<br \/>\nLE NOTE D\u2019ESORDIO DI BERGAMOTTO ITALIANO E MANDARINO ORPUR&#x2122; RIVELANO UNA BRILLANTEZZA FRESCA ED EVOCATIVA DI GEMME PREZIOSE.<br \/>\nL\u2019ASSOLUTA DI SUCCAN \u2013 UN ESTRATTO DI RUM SUPER PURIFICATO \u2013 APPORTA UNA NOTA DI CANNA DA ZUCCHERO BRILLANTE, CARAMELLIZZATA.<br \/>\nUNA LUMINOSA NOTA MIELATA OFFRE CONSISTENZA E DIMENSIONE E SI CONIUGA CON LA MORBIDEZZA DELLA FRAGRANZA E DEL SUO FONDO DI VANIGLIA CREMOSA.<br \/>\nL\u2019INCONTRO DAL SENTORE SELVATICO E CALDO DI MIELE E VANIGLIA SUGGERISCE LA PRESENZA CARNALE DI PELLE-SU-PELLE.<br \/>\nIL CUORE \u00c8 UN TRIPUDIO DI NOTE FLOREALI DALLA CONTURBANTE CORPOREIT\u00c0. UN ACCORDO DI VELVET ORCHID CON ASSOLUTA DI GELSOMINO, OLIO DI ROSA DALLA TURCHIA E L\u2019AMMALIANTE OPULENZA DELLO SCENT TREK&#x2122; DELL\u2019ORCHIDEA CATTLEYA LEOPOLDII \u2014 UN\u2019ORCHIDEA FUCSIA ORIGINARIA DELLE FORESTE COSTIERE DEL SUD DEL BRASILE \u2014 SI INTRECCIA CON L\u2019ESCLUSIVO ACCORDO DI BLACK ORCHID TOM FORD.<br \/>\nFIORI D\u2019ARANCIO E ASSOLUTA DI ROSA DEL MAROCCO CONFERISCONO DELICATEZZA E CORPOSIT\u00c0 A QUESTO CUORE FLOREALE, MENTRE L\u2019ELIOTROPINA LO COSPARGE CON IL SUO DELICATO SALE FLOREALE, ESALTANDONE IL NETTARE GUSTOSO, QUASI COMMESTIBILE. MAGNOLIA,<br \/>\nGIUNCHIGLIA E GIACINTO CONFERISCONO IL CONTRASTO INIMITABILE DI UNA FLOREALIT\u00c0 ULTRA-FEMMINILE.<br \/>\nLA BASE DELLA FRAGRANZA \u00c8 PERVASA DA RICCHEZZA E MORBIDEZZA. IL BALSAMO ESSICCATO DEL PER\u00d9 ARRICCHISCE LA COMPOSIZIONE CON ACCORDI DARK.<br \/>\nLABDANO, LEGNO DI SANDALO, E MIRRA RESINOIDE ORPUR&#x2122; SMORZANO CON RAFFINATEZZA LA BASE MENTRE LA GRANDIOSA ELEGANZA DI UN ACCORDO DI SUEDE NATURALE TEXTURIZZATO E INFUSO CON VANIGLIA DELL\u2019ISOLA DELLE COMORE UNISCE INDISSOLUBILMENTE VELVET ORCHID ALLA PELLE.<\/p>\n","protected":false},"featured_media":79110,"comment_status":"open","ping_status":"closed","template":"","meta":{"_et_pb_use_builder":"","_et_pb_old_content":"","_et_gb_content_width":""},"product_brand":[],"product_cat":[7109,7098,7106],"product_tag":[],"class_list":{"0":"post-79111","1":"product","2":"type-product","3":"status-publish","4":"has-post-thumbnail","6":"product_cat-donna","7":"product_cat-default-category","8":"product_cat-profumi-default-category","9":"pa_confezione_desc-16-confezioneoriginaleblister","10":"pa_formato_filtro-100ml","11":"pa_manufacturer-tomford","12":"pa_sconto_desc-6881","13":"pa_spedizione_gratuita-si","14":"pa_tipo_filtro-sprayeaudeparfum","16":"first","17":"outofstock","18":"sale","19":"shipping-taxable","20":"purchasable","21":"product-type-simple"},"yoast_head":"<!-- This site is optimized with the Yoast SEO plugin v27.4 - https:\/\/yoast.com\/product\/yoast-seo-wordpress\/ -->\n<title>TOM FORD VELVET ORCHID 100ML SPRAY EAU DE PARFUM<\/title>\n<meta name=\"robots\" content=\"index, follow, max-snippet:-1, max-image-preview:large, max-video-preview:-1\" \/>\n<link rel=\"canonical\" href=\"https:\/\/profumix.it\/en\/prodotto\/tom-ford-velvet-orchid-100ml-spray-eau-de-parfum\/\" \/>\n<meta property=\"og:locale\" content=\"en_US\" \/>\n<meta property=\"og:type\" content=\"article\" \/>\n<meta property=\"og:title\" content=\"TOM FORD VELVET ORCHID 100ML SPRAY EAU DE PARFUM\" \/>\n<meta property=\"og:description\" content=\"TOM FORD VELVET ORCHID \u00c8 UN PROFUMO ORIENTAL-FLOREALE CHE TRASFORMA L\u2019OPULENZA CARNALE E IL POTERE DI SEDUZIONE DELL\u2019ICONICO TOM FORD BLACK ORCHID IN UNA FRAGRANZA DALLA FEMMINILIT\u00c0 SUPERLATIVA, ESPRESSIONE DI UN TRIONFO DI FRESCHE NOTE AGRUMATE, DI PETALI DALLA BELLEZZA AMMALIANTE E DEL MIX DOLCEMENTE INEBRIANTE DI MIELE E RUM. VELVET ORCHID RIVELA RAPIDAMENTE LA PROPRIA IDENTIT\u00c0 INDUCENDO IL DNA DEL FIORE ORIGINALE DI BLACK ORCHID, L\u2019ORCHIDEA NERA, A SCOPRIRE NUOVI TERRITORI E CONFINI.   GLI ACCORDI BOIS\u00c9 E SPEZIATI DEL PROFUMO ORIGINALE SI STEMPERANO PER LASCIARE CHE UNA FLOREALIT\u00c0 IMPALPABILE, MA RICCA DI CONTRASTI, AMMANTI LA FRAGRANZA DI ULTRA FEMMINILIT\u00c0.   LA FRAGRANZA TOM FORD VELVET ORCHID MANTIENE LE CARATTERISTICHE RICONOSCIBILI ALL\u2019ISTANTE DI BLACK ORCHID: LA PRESENZA DI PETALI FRESCHI E SONTUOSI; NOTE ANIMALIER E UN CALORE CHE AVVOLGE LA PELLE DI BRILLANTEZZA E RIVISITA QUEGLI ELEMENTI TRADUCENDOLI IN UNA FRAGRANZA IRRESISTIBILMENTE IN MODO UNICO. LE NOTE D\u2019ESORDIO DI BERGAMOTTO ITALIANO E MANDARINO ORPUR&#x2122; RIVELANO UNA BRILLANTEZZA FRESCA ED EVOCATIVA DI GEMME PREZIOSE.  L\u2019ASSOLUTA DI SUCCAN \u2013 UN ESTRATTO DI RUM SUPER PURIFICATO \u2013 APPORTA UNA NOTA DI CANNA DA ZUCCHERO BRILLANTE, CARAMELLIZZATA.  UNA LUMINOSA NOTA MIELATA OFFRE CONSISTENZA E DIMENSIONE E SI CONIUGA CON LA MORBIDEZZA DELLA FRAGRANZA E DEL SUO FONDO DI VANIGLIA CREMOSA.  L\u2019INCONTRO DAL SENTORE SELVATICO E CALDO DI MIELE E VANIGLIA SUGGERISCE LA PRESENZA CARNALE DI PELLE-SU-PELLE. IL CUORE \u00c8 UN TRIPUDIO DI NOTE FLOREALI DALLA CONTURBANTE CORPOREIT\u00c0. UN ACCORDO DI VELVET ORCHID CON ASSOLUTA DI GELSOMINO, OLIO DI ROSA DALLA TURCHIA E L\u2019AMMALIANTE OPULENZA DELLO SCENT TREK&#x2122; DELL\u2019ORCHIDEA CATTLEYA LEOPOLDII \u2014 UN\u2019ORCHIDEA FUCSIA ORIGINARIA DELLE FORESTE COSTIERE DEL SUD DEL BRASILE \u2014 SI INTRECCIA CON L\u2019ESCLUSIVO ACCORDO DI BLACK ORCHID TOM FORD.  FIORI D\u2019ARANCIO E ASSOLUTA DI ROSA DEL MAROCCO CONFERISCONO DELICATEZZA E CORPOSIT\u00c0 A QUESTO CUORE FLOREALE, MENTRE L\u2019ELIOTROPINA LO COSPARGE CON IL SUO DELICATO SALE FLOREALE, ESALTANDONE IL NETTARE GUSTOSO, QUASI COMMESTIBILE. MAGNOLIA, GIUNCHIGLIA E GIACINTO CONFERISCONO IL CONTRASTO INIMITABILE DI UNA FLOREALIT\u00c0 ULTRA-FEMMINILE. LA BASE DELLA FRAGRANZA \u00c8 PERVASA DA RICCHEZZA E MORBIDEZZA. IL BALSAMO ESSICCATO DEL PER\u00d9 ARRICCHISCE LA COMPOSIZIONE CON ACCORDI DARK.  LABDANO, LEGNO DI SANDALO, E MIRRA RESINOIDE ORPUR&#x2122; SMORZANO CON RAFFINATEZZA LA BASE MENTRE LA GRANDIOSA ELEGANZA DI UN ACCORDO DI SUEDE NATURALE TEXTURIZZATO E INFUSO CON VANIGLIA DELL\u2019ISOLA DELLE COMORE UNISCE INDISSOLUBILMENTE VELVET ORCHID ALLA PELLE.\" \/>\n<meta property=\"og:url\" content=\"https:\/\/profumix.it\/en\/prodotto\/tom-ford-velvet-orchid-100ml-spray-eau-de-parfum\/\" \/>\n<meta property=\"og:site_name\" content=\"Profumix Perfumes\" \/>\n<meta property=\"article:publisher\" content=\"https:\/\/www.facebook.com\/profumix\" \/>\n<meta property=\"og:image\" content=\"https:\/\/profumix.it\/wp-content\/uploads\/2016\/05\/product_t_o_tom-ford-velvet-orchid-100ml-edp.jpg\" \/>\n\t<meta property=\"og:image:width\" content=\"500\" \/>\n\t<meta property=\"og:image:height\" content=\"500\" \/>\n\t<meta property=\"og:image:type\" content=\"image\/jpeg\" \/>\n<meta name=\"twitter:card\" content=\"summary_large_image\" \/>\n<meta name=\"twitter:label1\" content=\"Est. reading time\" \/>\n\t<meta name=\"twitter:data1\" content=\"2 minutes\" \/>\n<script type=\"application\/ld+json\" class=\"yoast-schema-graph\">{\"@context\":\"https:\\\/\\\/schema.org\",\"@graph\":[{\"@type\":\"WebPage\",\"@id\":\"https:\\\/\\\/profumix.it\\\/en\\\/prodotto\\\/tom-ford-velvet-orchid-100ml-spray-eau-de-parfum\\\/\",\"url\":\"https:\\\/\\\/profumix.it\\\/en\\\/prodotto\\\/tom-ford-velvet-orchid-100ml-spray-eau-de-parfum\\\/\",\"name\":\"TOM FORD VELVET ORCHID 100ML SPRAY EAU DE PARFUM\",\"isPartOf\":{\"@id\":\"https:\\\/\\\/profumix.it\\\/en\\\/#website\"},\"primaryImageOfPage\":{\"@id\":\"https:\\\/\\\/profumix.it\\\/en\\\/prodotto\\\/tom-ford-velvet-orchid-100ml-spray-eau-de-parfum\\\/#primaryimage\"},\"image\":{\"@id\":\"https:\\\/\\\/profumix.it\\\/en\\\/prodotto\\\/tom-ford-velvet-orchid-100ml-spray-eau-de-parfum\\\/#primaryimage\"},\"thumbnailUrl\":\"https:\\\/\\\/profumix.it\\\/wp-content\\\/uploads\\\/2016\\\/05\\\/product_t_o_tom-ford-velvet-orchid-100ml-edp.jpg\",\"datePublished\":\"2016-05-10T16:08:17+00:00\",\"breadcrumb\":{\"@id\":\"https:\\\/\\\/profumix.it\\\/en\\\/prodotto\\\/tom-ford-velvet-orchid-100ml-spray-eau-de-parfum\\\/#breadcrumb\"},\"inLanguage\":\"en-US\",\"potentialAction\":[{\"@type\":\"ReadAction\",\"target\":[\"https:\\\/\\\/profumix.it\\\/en\\\/prodotto\\\/tom-ford-velvet-orchid-100ml-spray-eau-de-parfum\\\/\"]}]},{\"@type\":\"ImageObject\",\"inLanguage\":\"en-US\",\"@id\":\"https:\\\/\\\/profumix.it\\\/en\\\/prodotto\\\/tom-ford-velvet-orchid-100ml-spray-eau-de-parfum\\\/#primaryimage\",\"url\":\"https:\\\/\\\/profumix.it\\\/wp-content\\\/uploads\\\/2016\\\/05\\\/product_t_o_tom-ford-velvet-orchid-100ml-edp.jpg\",\"contentUrl\":\"https:\\\/\\\/profumix.it\\\/wp-content\\\/uploads\\\/2016\\\/05\\\/product_t_o_tom-ford-velvet-orchid-100ml-edp.jpg\",\"width\":500,\"height\":500,\"caption\":\"TOM FORD VELVET ORCHID 100ML SPRAY EAU DE PARFUM\"},{\"@type\":\"BreadcrumbList\",\"@id\":\"https:\\\/\\\/profumix.it\\\/en\\\/prodotto\\\/tom-ford-velvet-orchid-100ml-spray-eau-de-parfum\\\/#breadcrumb\",\"itemListElement\":[{\"@type\":\"ListItem\",\"position\":1,\"name\":\"Home\",\"item\":\"https:\\\/\\\/profumix.it\\\/en\\\/home\\\/\"},{\"@type\":\"ListItem\",\"position\":2,\"name\":\"Shop\",\"item\":\"https:\\\/\\\/profumix.it\\\/en\\\/shop\\\/\"},{\"@type\":\"ListItem\",\"position\":3,\"name\":\"TOM FORD VELVET ORCHID 100ML SPRAY EAU DE PARFUM\"}]},{\"@type\":\"WebSite\",\"@id\":\"https:\\\/\\\/profumix.it\\\/en\\\/#website\",\"url\":\"https:\\\/\\\/profumix.it\\\/en\\\/\",\"name\":\"Profumix Perfumes\",\"description\":\"\",\"potentialAction\":[{\"@type\":\"SearchAction\",\"target\":{\"@type\":\"EntryPoint\",\"urlTemplate\":\"https:\\\/\\\/profumix.it\\\/en\\\/?s={search_term_string}\"},\"query-input\":{\"@type\":\"PropertyValueSpecification\",\"valueRequired\":true,\"valueName\":\"search_term_string\"}}],\"inLanguage\":\"en-US\"}]}<\/script>\n<!-- \/ Yoast SEO plugin. -->","yoast_head_json":{"title":"TOM FORD VELVET ORCHID 100ML SPRAY EAU DE PARFUM","robots":{"index":"index","follow":"follow","max-snippet":"max-snippet:-1","max-image-preview":"max-image-preview:large","max-video-preview":"max-video-preview:-1"},"canonical":"https:\/\/profumix.it\/en\/prodotto\/tom-ford-velvet-orchid-100ml-spray-eau-de-parfum\/","og_locale":"en_US","og_type":"article","og_title":"TOM FORD VELVET ORCHID 100ML SPRAY EAU DE PARFUM","og_description":"TOM FORD VELVET ORCHID \u00c8 UN PROFUMO ORIENTAL-FLOREALE CHE TRASFORMA L\u2019OPULENZA CARNALE E IL POTERE DI SEDUZIONE DELL\u2019ICONICO TOM FORD BLACK ORCHID IN UNA FRAGRANZA DALLA FEMMINILIT\u00c0 SUPERLATIVA, ESPRESSIONE DI UN TRIONFO DI FRESCHE NOTE AGRUMATE, DI PETALI DALLA BELLEZZA AMMALIANTE E DEL MIX DOLCEMENTE INEBRIANTE DI MIELE E RUM. VELVET ORCHID RIVELA RAPIDAMENTE LA PROPRIA IDENTIT\u00c0 INDUCENDO IL DNA DEL FIORE ORIGINALE DI BLACK ORCHID, L\u2019ORCHIDEA NERA, A SCOPRIRE NUOVI TERRITORI E CONFINI.   GLI ACCORDI BOIS\u00c9 E SPEZIATI DEL PROFUMO ORIGINALE SI STEMPERANO PER LASCIARE CHE UNA FLOREALIT\u00c0 IMPALPABILE, MA RICCA DI CONTRASTI, AMMANTI LA FRAGRANZA DI ULTRA FEMMINILIT\u00c0.   LA FRAGRANZA TOM FORD VELVET ORCHID MANTIENE LE CARATTERISTICHE RICONOSCIBILI ALL\u2019ISTANTE DI BLACK ORCHID: LA PRESENZA DI PETALI FRESCHI E SONTUOSI; NOTE ANIMALIER E UN CALORE CHE AVVOLGE LA PELLE DI BRILLANTEZZA E RIVISITA QUEGLI ELEMENTI TRADUCENDOLI IN UNA FRAGRANZA IRRESISTIBILMENTE IN MODO UNICO. LE NOTE D\u2019ESORDIO DI BERGAMOTTO ITALIANO E MANDARINO ORPUR&#x2122; RIVELANO UNA BRILLANTEZZA FRESCA ED EVOCATIVA DI GEMME PREZIOSE.  L\u2019ASSOLUTA DI SUCCAN \u2013 UN ESTRATTO DI RUM SUPER PURIFICATO \u2013 APPORTA UNA NOTA DI CANNA DA ZUCCHERO BRILLANTE, CARAMELLIZZATA.  UNA LUMINOSA NOTA MIELATA OFFRE CONSISTENZA E DIMENSIONE E SI CONIUGA CON LA MORBIDEZZA DELLA FRAGRANZA E DEL SUO FONDO DI VANIGLIA CREMOSA.  L\u2019INCONTRO DAL SENTORE SELVATICO E CALDO DI MIELE E VANIGLIA SUGGERISCE LA PRESENZA CARNALE DI PELLE-SU-PELLE. IL CUORE \u00c8 UN TRIPUDIO DI NOTE FLOREALI DALLA CONTURBANTE CORPOREIT\u00c0. UN ACCORDO DI VELVET ORCHID CON ASSOLUTA DI GELSOMINO, OLIO DI ROSA DALLA TURCHIA E L\u2019AMMALIANTE OPULENZA DELLO SCENT TREK&#x2122; DELL\u2019ORCHIDEA CATTLEYA LEOPOLDII \u2014 UN\u2019ORCHIDEA FUCSIA ORIGINARIA DELLE FORESTE COSTIERE DEL SUD DEL BRASILE \u2014 SI INTRECCIA CON L\u2019ESCLUSIVO ACCORDO DI BLACK ORCHID TOM FORD.  FIORI D\u2019ARANCIO E ASSOLUTA DI ROSA DEL MAROCCO CONFERISCONO DELICATEZZA E CORPOSIT\u00c0 A QUESTO CUORE FLOREALE, MENTRE L\u2019ELIOTROPINA LO COSPARGE CON IL SUO DELICATO SALE FLOREALE, ESALTANDONE IL NETTARE GUSTOSO, QUASI COMMESTIBILE. MAGNOLIA, GIUNCHIGLIA E GIACINTO CONFERISCONO IL CONTRASTO INIMITABILE DI UNA FLOREALIT\u00c0 ULTRA-FEMMINILE. LA BASE DELLA FRAGRANZA \u00c8 PERVASA DA RICCHEZZA E MORBIDEZZA. IL BALSAMO ESSICCATO DEL PER\u00d9 ARRICCHISCE LA COMPOSIZIONE CON ACCORDI DARK.  LABDANO, LEGNO DI SANDALO, E MIRRA RESINOIDE ORPUR&#x2122; SMORZANO CON RAFFINATEZZA LA BASE MENTRE LA GRANDIOSA ELEGANZA DI UN ACCORDO DI SUEDE NATURALE TEXTURIZZATO E INFUSO CON VANIGLIA DELL\u2019ISOLA DELLE COMORE UNISCE INDISSOLUBILMENTE VELVET ORCHID ALLA PELLE.","og_url":"https:\/\/profumix.it\/en\/prodotto\/tom-ford-velvet-orchid-100ml-spray-eau-de-parfum\/","og_site_name":"Profumix Perfumes","article_publisher":"https:\/\/www.facebook.com\/profumix","og_image":[{"width":500,"height":500,"url":"https:\/\/profumix.it\/wp-content\/uploads\/2016\/05\/product_t_o_tom-ford-velvet-orchid-100ml-edp.jpg","type":"image\/jpeg"}],"twitter_card":"summary_large_image","twitter_misc":{"Est. reading time":"2 minutes"},"schema":{"@context":"https:\/\/schema.org","@graph":[{"@type":"WebPage","@id":"https:\/\/profumix.it\/en\/prodotto\/tom-ford-velvet-orchid-100ml-spray-eau-de-parfum\/","url":"https:\/\/profumix.it\/en\/prodotto\/tom-ford-velvet-orchid-100ml-spray-eau-de-parfum\/","name":"TOM FORD VELVET ORCHID 100ML SPRAY EAU DE PARFUM","isPartOf":{"@id":"https:\/\/profumix.it\/en\/#website"},"primaryImageOfPage":{"@id":"https:\/\/profumix.it\/en\/prodotto\/tom-ford-velvet-orchid-100ml-spray-eau-de-parfum\/#primaryimage"},"image":{"@id":"https:\/\/profumix.it\/en\/prodotto\/tom-ford-velvet-orchid-100ml-spray-eau-de-parfum\/#primaryimage"},"thumbnailUrl":"https:\/\/profumix.it\/wp-content\/uploads\/2016\/05\/product_t_o_tom-ford-velvet-orchid-100ml-edp.jpg","datePublished":"2016-05-10T16:08:17+00:00","breadcrumb":{"@id":"https:\/\/profumix.it\/en\/prodotto\/tom-ford-velvet-orchid-100ml-spray-eau-de-parfum\/#breadcrumb"},"inLanguage":"en-US","potentialAction":[{"@type":"ReadAction","target":["https:\/\/profumix.it\/en\/prodotto\/tom-ford-velvet-orchid-100ml-spray-eau-de-parfum\/"]}]},{"@type":"ImageObject","inLanguage":"en-US","@id":"https:\/\/profumix.it\/en\/prodotto\/tom-ford-velvet-orchid-100ml-spray-eau-de-parfum\/#primaryimage","url":"https:\/\/profumix.it\/wp-content\/uploads\/2016\/05\/product_t_o_tom-ford-velvet-orchid-100ml-edp.jpg","contentUrl":"https:\/\/profumix.it\/wp-content\/uploads\/2016\/05\/product_t_o_tom-ford-velvet-orchid-100ml-edp.jpg","width":500,"height":500,"caption":"TOM FORD VELVET ORCHID 100ML SPRAY EAU DE PARFUM"},{"@type":"BreadcrumbList","@id":"https:\/\/profumix.it\/en\/prodotto\/tom-ford-velvet-orchid-100ml-spray-eau-de-parfum\/#breadcrumb","itemListElement":[{"@type":"ListItem","position":1,"name":"Home","item":"https:\/\/profumix.it\/en\/home\/"},{"@type":"ListItem","position":2,"name":"Shop","item":"https:\/\/profumix.it\/en\/shop\/"},{"@type":"ListItem","position":3,"name":"TOM FORD VELVET ORCHID 100ML SPRAY EAU DE PARFUM"}]},{"@type":"WebSite","@id":"https:\/\/profumix.it\/en\/#website","url":"https:\/\/profumix.it\/en\/","name":"Profumix Perfumes","description":"","potentialAction":[{"@type":"SearchAction","target":{"@type":"EntryPoint","urlTemplate":"https:\/\/profumix.it\/en\/?s={search_term_string}"},"query-input":{"@type":"PropertyValueSpecification","valueRequired":true,"valueName":"search_term_string"}}],"inLanguage":"en-US"}]}},"_links":{"self":[{"href":"https:\/\/profumix.it\/en\/wp-json\/wp\/v2\/product\/79111","targetHints":{"allow":["GET"]}}],"collection":[{"href":"https:\/\/profumix.it\/en\/wp-json\/wp\/v2\/product"}],"about":[{"href":"https:\/\/profumix.it\/en\/wp-json\/wp\/v2\/types\/product"}],"replies":[{"embeddable":true,"href":"https:\/\/profumix.it\/en\/wp-json\/wp\/v2\/comments?post=79111"}],"wp:featuredmedia":[{"embeddable":true,"href":"https:\/\/profumix.it\/en\/wp-json\/wp\/v2\/media\/79110"}],"wp:attachment":[{"href":"https:\/\/profumix.it\/en\/wp-json\/wp\/v2\/media?parent=79111"}],"wp:term":[{"taxonomy":"product_brand","embeddable":true,"href":"https:\/\/profumix.it\/en\/wp-json\/wp\/v2\/product_brand?post=79111"},{"taxonomy":"product_cat","embeddable":true,"href":"https:\/\/profumix.it\/en\/wp-json\/wp\/v2\/product_cat?post=79111"},{"taxonomy":"product_tag","embeddable":true,"href":"https:\/\/profumix.it\/en\/wp-json\/wp\/v2\/product_tag?post=79111"}],"curies":[{"name":"wp","href":"https:\/\/api.w.org\/{rel}","templated":true}]}}