{"id":79125,"date":"2016-06-21T15:38:46","date_gmt":"2016-06-21T13:38:46","guid":{"rendered":"https:\/\/profumix.it\/prodotto\/bulgari-pour-homme-soir-100ml-spray-eau-de-toilette\/"},"modified":"2016-06-21T15:38:46","modified_gmt":"2016-06-21T13:38:46","slug":"bulgari-pour-homme-soir-100ml-spray-eau-de-toilette","status":"publish","type":"product","link":"https:\/\/profumix.it\/en\/prodotto\/bulgari-pour-homme-soir-100ml-spray-eau-de-toilette\/","title":{"rendered":"BULGARI BVLGARI POUR HOMME SOIR 100ML SPRAY EAU DE TOILETTE"},"content":{"rendered":"<p>POUR HOMME SOIR DI BULGARI \u00c8 DESCRITTO COME UN \u2018MELANGE IRRESISTIBILE DI ELEGANZA E SENSUALIT\u00c0\u2019. NEL CUORE, UNA NOTA DI TH\u00c8 DARJEELING FIRMA LA FRAGRANZA, AL CONTEMPO FRESCA ED INTENSA. PENSATO \u2018PER L\u2019UOMO ALLA RICERCA DI UN PROFUMO DA SERA CLASSICO\u2019, POUR HOMME SOIR RIVELA UNA SENSUALIT\u00c0 TUTTA NUOVA IN UN ACCORDO DI LEGNO DI PAPIRO E D\u2019AMBRA. SEDUCENTE E SOFISTICATO, IL PROFUMO RIPRENDE LE NOTE DI TH\u00c8 E DI FRESCHEZZA DI POUR HOMME E LA SENSUALIT\u00c0 BOIS\u00c9 DI POUR HOMME EXTR\u00caME. MA QUESTO TERZO ESPERIMENTO OLFATTIVO RIVELA ANCORA NUOVI VOLTI : LA SFUMATURA BOIS\u00c9 VIBRANTE DEL PAPIRO ED IL CALORE RICCO DELLE NOTE AMBRATE. UN FLACONE DALL\u2019ESTETICA RAFFINATA, CHE RIVELA UN LIQUIDO DAI RIFLESSI GRIGIO NERI. L\u2019ASTUCCIO NERO E ARGENTO PORTA INCISO LO SPLENDIDO LOGO EMBLEMA DEL GIOIELLIERE.<\/p>\n<p>NOTA DI TESTA: TH\u00c8 DARJEELING<br \/>\nNOTA DI CUORE: LEGNO DI PAPIRO<br \/>\nNOTA DI FONDO: AMBRA, MUSK <\/p>\n","protected":false},"excerpt":{"rendered":"<p>POUR HOMME SOIR DI BULGARI \u00c8 DESCRITTO COME UN \u2018MELANGE IRRESISTIBILE DI ELEGANZA E SENSUALIT\u00c0\u2019. NEL CUORE, UNA NOTA DI TH\u00c8 DARJEELING FIRMA LA FRAGRANZA, AL CONTEMPO FRESCA ED INTENSA. PENSATO \u2018PER L\u2019UOMO ALLA RICERCA DI UN PROFUMO DA SERA CLASSICO\u2019, POUR HOMME SOIR RIVELA UNA SENSUALIT\u00c0 TUTTA NUOVA IN UN ACCORDO DI LEGNO DI PAPIRO E D\u2019AMBRA. SEDUCENTE E SOFISTICATO, IL PROFUMO RIPRENDE LE NOTE DI TH\u00c8 E DI FRESCHEZZA DI POUR HOMME E LA SENSUALIT\u00c0 BOIS\u00c9 DI POUR HOMME EXTR\u00caME. MA QUESTO TERZO ESPERIMENTO OLFATTIVO RIVELA ANCORA NUOVI VOLTI : LA SFUMATURA BOIS\u00c9 VIBRANTE DEL PAPIRO ED IL CALORE RICCO DELLE NOTE AMBRATE. UN FLACONE DALL\u2019ESTETICA RAFFINATA, CHE RIVELA UN LIQUIDO DAI RIFLESSI GRIGIO NERI. L\u2019ASTUCCIO NERO E ARGENTO PORTA INCISO LO SPLENDIDO LOGO EMBLEMA DEL GIOIELLIERE.<\/p>\n<p>NOTA DI TESTA: TH\u00c8 DARJEELING<br \/>\nNOTA DI CUORE: LEGNO DI PAPIRO<br \/>\nNOTA DI FONDO: AMBRA, MUSK <\/p>\n","protected":false},"featured_media":79124,"comment_status":"open","ping_status":"closed","template":"","meta":{"_et_pb_use_builder":"","_et_pb_old_content":"","_et_gb_content_width":""},"product_brand":[],"product_cat":[7173,7099,7098,7106,7107],"product_tag":[],"class_list":{"0":"post-79125","1":"product","2":"type-product","3":"status-publish","4":"has-post-thumbnail","6":"product_cat-articoli-fuori-produzione-e-rarita","7":"product_cat-offerte-da-non-perdere-default-category","8":"product_cat-default-category","9":"product_cat-profumi-default-category","10":"product_cat-uomo-profumi-default-category","11":"pa_bollino-offerta_speciale","12":"pa_confezione_desc-16-confezioneoriginaleblister","13":"pa_formato_filtro-100ml","14":"pa_manufacturer-bulgari","15":"pa_sconto_desc-6913","16":"pa_spedizione_gratuita-no","17":"pa_tipo_filtro-sprayeaudetoilette","19":"first","20":"outofstock","21":"sale","22":"shipping-taxable","23":"purchasable","24":"product-type-simple"},"yoast_head":"<!-- This site is optimized with the Yoast SEO plugin v27.4 - https:\/\/yoast.com\/product\/yoast-seo-wordpress\/ -->\n<title>BULGARI BVLGARI POUR HOMME SOIR 100ML SPRAY EAU DE TOILETTE<\/title>\n<meta name=\"robots\" content=\"index, follow, max-snippet:-1, max-image-preview:large, max-video-preview:-1\" \/>\n<link rel=\"canonical\" href=\"https:\/\/profumix.it\/en\/prodotto\/bulgari-pour-homme-soir-100ml-spray-eau-de-toilette\/\" \/>\n<meta property=\"og:locale\" content=\"en_US\" \/>\n<meta property=\"og:type\" content=\"article\" \/>\n<meta property=\"og:title\" content=\"BULGARI BVLGARI POUR HOMME SOIR 100ML SPRAY EAU DE TOILETTE\" \/>\n<meta property=\"og:description\" content=\"POUR HOMME SOIR DI BULGARI \u00c8 DESCRITTO COME UN \u2018MELANGE IRRESISTIBILE DI ELEGANZA E SENSUALIT\u00c0\u2019. NEL CUORE, UNA NOTA DI TH\u00c8 DARJEELING FIRMA LA FRAGRANZA, AL CONTEMPO FRESCA ED INTENSA. PENSATO \u2018PER L\u2019UOMO ALLA RICERCA DI UN PROFUMO DA SERA CLASSICO\u2019, POUR HOMME SOIR RIVELA UNA SENSUALIT\u00c0 TUTTA NUOVA IN UN ACCORDO DI LEGNO DI PAPIRO E D\u2019AMBRA. SEDUCENTE E SOFISTICATO, IL PROFUMO RIPRENDE LE NOTE DI TH\u00c8 E DI FRESCHEZZA DI POUR HOMME E LA SENSUALIT\u00c0 BOIS\u00c9 DI POUR HOMME EXTR\u00caME. MA QUESTO TERZO ESPERIMENTO OLFATTIVO RIVELA ANCORA NUOVI VOLTI : LA SFUMATURA BOIS\u00c9 VIBRANTE DEL PAPIRO ED IL CALORE RICCO DELLE NOTE AMBRATE. UN FLACONE DALL\u2019ESTETICA RAFFINATA, CHE RIVELA UN LIQUIDO DAI RIFLESSI GRIGIO NERI. L\u2019ASTUCCIO NERO E ARGENTO PORTA INCISO LO SPLENDIDO LOGO EMBLEMA DEL GIOIELLIERE.  NOTA DI TESTA: TH\u00c8 DARJEELING NOTA DI CUORE: LEGNO DI PAPIRO  NOTA DI FONDO: AMBRA, MUSK\" \/>\n<meta property=\"og:url\" content=\"https:\/\/profumix.it\/en\/prodotto\/bulgari-pour-homme-soir-100ml-spray-eau-de-toilette\/\" \/>\n<meta property=\"og:site_name\" content=\"Profumix Perfumes\" \/>\n<meta property=\"article:publisher\" content=\"https:\/\/www.facebook.com\/profumix\" \/>\n<meta property=\"og:image\" content=\"https:\/\/profumix.it\/wp-content\/uploads\/2016\/06\/product_b_u_bulgari-pour-homme-soir-100ml-spray-edt.jpg\" \/>\n\t<meta property=\"og:image:width\" content=\"1600\" \/>\n\t<meta property=\"og:image:height\" content=\"1600\" \/>\n\t<meta property=\"og:image:type\" content=\"image\/jpeg\" \/>\n<meta name=\"twitter:card\" content=\"summary_large_image\" \/>\n<meta name=\"twitter:label1\" content=\"Est. reading time\" \/>\n\t<meta name=\"twitter:data1\" content=\"1 minute\" \/>\n<script type=\"application\/ld+json\" class=\"yoast-schema-graph\">{\"@context\":\"https:\\\/\\\/schema.org\",\"@graph\":[{\"@type\":\"WebPage\",\"@id\":\"https:\\\/\\\/profumix.it\\\/en\\\/prodotto\\\/bulgari-pour-homme-soir-100ml-spray-eau-de-toilette\\\/\",\"url\":\"https:\\\/\\\/profumix.it\\\/en\\\/prodotto\\\/bulgari-pour-homme-soir-100ml-spray-eau-de-toilette\\\/\",\"name\":\"BULGARI BVLGARI POUR HOMME SOIR 100ML SPRAY EAU DE TOILETTE\",\"isPartOf\":{\"@id\":\"https:\\\/\\\/profumix.it\\\/en\\\/#website\"},\"primaryImageOfPage\":{\"@id\":\"https:\\\/\\\/profumix.it\\\/en\\\/prodotto\\\/bulgari-pour-homme-soir-100ml-spray-eau-de-toilette\\\/#primaryimage\"},\"image\":{\"@id\":\"https:\\\/\\\/profumix.it\\\/en\\\/prodotto\\\/bulgari-pour-homme-soir-100ml-spray-eau-de-toilette\\\/#primaryimage\"},\"thumbnailUrl\":\"https:\\\/\\\/profumix.it\\\/wp-content\\\/uploads\\\/2016\\\/06\\\/product_b_u_bulgari-pour-homme-soir-100ml-spray-edt.jpg\",\"datePublished\":\"2016-06-21T13:38:46+00:00\",\"breadcrumb\":{\"@id\":\"https:\\\/\\\/profumix.it\\\/en\\\/prodotto\\\/bulgari-pour-homme-soir-100ml-spray-eau-de-toilette\\\/#breadcrumb\"},\"inLanguage\":\"en-US\",\"potentialAction\":[{\"@type\":\"ReadAction\",\"target\":[\"https:\\\/\\\/profumix.it\\\/en\\\/prodotto\\\/bulgari-pour-homme-soir-100ml-spray-eau-de-toilette\\\/\"]}]},{\"@type\":\"ImageObject\",\"inLanguage\":\"en-US\",\"@id\":\"https:\\\/\\\/profumix.it\\\/en\\\/prodotto\\\/bulgari-pour-homme-soir-100ml-spray-eau-de-toilette\\\/#primaryimage\",\"url\":\"https:\\\/\\\/profumix.it\\\/wp-content\\\/uploads\\\/2016\\\/06\\\/product_b_u_bulgari-pour-homme-soir-100ml-spray-edt.jpg\",\"contentUrl\":\"https:\\\/\\\/profumix.it\\\/wp-content\\\/uploads\\\/2016\\\/06\\\/product_b_u_bulgari-pour-homme-soir-100ml-spray-edt.jpg\",\"width\":1600,\"height\":1600,\"caption\":\"BULGARI BVLGARI POUR HOMME SOIR 100ML SPRAY EAU DE TOILETTE\"},{\"@type\":\"BreadcrumbList\",\"@id\":\"https:\\\/\\\/profumix.it\\\/en\\\/prodotto\\\/bulgari-pour-homme-soir-100ml-spray-eau-de-toilette\\\/#breadcrumb\",\"itemListElement\":[{\"@type\":\"ListItem\",\"position\":1,\"name\":\"Home\",\"item\":\"https:\\\/\\\/profumix.it\\\/en\\\/home\\\/\"},{\"@type\":\"ListItem\",\"position\":2,\"name\":\"Shop\",\"item\":\"https:\\\/\\\/profumix.it\\\/en\\\/shop\\\/\"},{\"@type\":\"ListItem\",\"position\":3,\"name\":\"BULGARI BVLGARI POUR HOMME SOIR 100ML SPRAY EAU DE TOILETTE\"}]},{\"@type\":\"WebSite\",\"@id\":\"https:\\\/\\\/profumix.it\\\/en\\\/#website\",\"url\":\"https:\\\/\\\/profumix.it\\\/en\\\/\",\"name\":\"Profumix Perfumes\",\"description\":\"\",\"potentialAction\":[{\"@type\":\"SearchAction\",\"target\":{\"@type\":\"EntryPoint\",\"urlTemplate\":\"https:\\\/\\\/profumix.it\\\/en\\\/?s={search_term_string}\"},\"query-input\":{\"@type\":\"PropertyValueSpecification\",\"valueRequired\":true,\"valueName\":\"search_term_string\"}}],\"inLanguage\":\"en-US\"}]}<\/script>\n<!-- \/ Yoast SEO plugin. -->","yoast_head_json":{"title":"BULGARI BVLGARI POUR HOMME SOIR 100ML SPRAY EAU DE TOILETTE","robots":{"index":"index","follow":"follow","max-snippet":"max-snippet:-1","max-image-preview":"max-image-preview:large","max-video-preview":"max-video-preview:-1"},"canonical":"https:\/\/profumix.it\/en\/prodotto\/bulgari-pour-homme-soir-100ml-spray-eau-de-toilette\/","og_locale":"en_US","og_type":"article","og_title":"BULGARI BVLGARI POUR HOMME SOIR 100ML SPRAY EAU DE TOILETTE","og_description":"POUR HOMME SOIR DI BULGARI \u00c8 DESCRITTO COME UN \u2018MELANGE IRRESISTIBILE DI ELEGANZA E SENSUALIT\u00c0\u2019. NEL CUORE, UNA NOTA DI TH\u00c8 DARJEELING FIRMA LA FRAGRANZA, AL CONTEMPO FRESCA ED INTENSA. PENSATO \u2018PER L\u2019UOMO ALLA RICERCA DI UN PROFUMO DA SERA CLASSICO\u2019, POUR HOMME SOIR RIVELA UNA SENSUALIT\u00c0 TUTTA NUOVA IN UN ACCORDO DI LEGNO DI PAPIRO E D\u2019AMBRA. SEDUCENTE E SOFISTICATO, IL PROFUMO RIPRENDE LE NOTE DI TH\u00c8 E DI FRESCHEZZA DI POUR HOMME E LA SENSUALIT\u00c0 BOIS\u00c9 DI POUR HOMME EXTR\u00caME. MA QUESTO TERZO ESPERIMENTO OLFATTIVO RIVELA ANCORA NUOVI VOLTI : LA SFUMATURA BOIS\u00c9 VIBRANTE DEL PAPIRO ED IL CALORE RICCO DELLE NOTE AMBRATE. UN FLACONE DALL\u2019ESTETICA RAFFINATA, CHE RIVELA UN LIQUIDO DAI RIFLESSI GRIGIO NERI. L\u2019ASTUCCIO NERO E ARGENTO PORTA INCISO LO SPLENDIDO LOGO EMBLEMA DEL GIOIELLIERE.  NOTA DI TESTA: TH\u00c8 DARJEELING NOTA DI CUORE: LEGNO DI PAPIRO  NOTA DI FONDO: AMBRA, MUSK","og_url":"https:\/\/profumix.it\/en\/prodotto\/bulgari-pour-homme-soir-100ml-spray-eau-de-toilette\/","og_site_name":"Profumix Perfumes","article_publisher":"https:\/\/www.facebook.com\/profumix","og_image":[{"width":1600,"height":1600,"url":"https:\/\/profumix.it\/wp-content\/uploads\/2016\/06\/product_b_u_bulgari-pour-homme-soir-100ml-spray-edt.jpg","type":"image\/jpeg"}],"twitter_card":"summary_large_image","twitter_misc":{"Est. reading time":"1 minute"},"schema":{"@context":"https:\/\/schema.org","@graph":[{"@type":"WebPage","@id":"https:\/\/profumix.it\/en\/prodotto\/bulgari-pour-homme-soir-100ml-spray-eau-de-toilette\/","url":"https:\/\/profumix.it\/en\/prodotto\/bulgari-pour-homme-soir-100ml-spray-eau-de-toilette\/","name":"BULGARI BVLGARI POUR HOMME SOIR 100ML SPRAY EAU DE TOILETTE","isPartOf":{"@id":"https:\/\/profumix.it\/en\/#website"},"primaryImageOfPage":{"@id":"https:\/\/profumix.it\/en\/prodotto\/bulgari-pour-homme-soir-100ml-spray-eau-de-toilette\/#primaryimage"},"image":{"@id":"https:\/\/profumix.it\/en\/prodotto\/bulgari-pour-homme-soir-100ml-spray-eau-de-toilette\/#primaryimage"},"thumbnailUrl":"https:\/\/profumix.it\/wp-content\/uploads\/2016\/06\/product_b_u_bulgari-pour-homme-soir-100ml-spray-edt.jpg","datePublished":"2016-06-21T13:38:46+00:00","breadcrumb":{"@id":"https:\/\/profumix.it\/en\/prodotto\/bulgari-pour-homme-soir-100ml-spray-eau-de-toilette\/#breadcrumb"},"inLanguage":"en-US","potentialAction":[{"@type":"ReadAction","target":["https:\/\/profumix.it\/en\/prodotto\/bulgari-pour-homme-soir-100ml-spray-eau-de-toilette\/"]}]},{"@type":"ImageObject","inLanguage":"en-US","@id":"https:\/\/profumix.it\/en\/prodotto\/bulgari-pour-homme-soir-100ml-spray-eau-de-toilette\/#primaryimage","url":"https:\/\/profumix.it\/wp-content\/uploads\/2016\/06\/product_b_u_bulgari-pour-homme-soir-100ml-spray-edt.jpg","contentUrl":"https:\/\/profumix.it\/wp-content\/uploads\/2016\/06\/product_b_u_bulgari-pour-homme-soir-100ml-spray-edt.jpg","width":1600,"height":1600,"caption":"BULGARI BVLGARI POUR HOMME SOIR 100ML SPRAY EAU DE TOILETTE"},{"@type":"BreadcrumbList","@id":"https:\/\/profumix.it\/en\/prodotto\/bulgari-pour-homme-soir-100ml-spray-eau-de-toilette\/#breadcrumb","itemListElement":[{"@type":"ListItem","position":1,"name":"Home","item":"https:\/\/profumix.it\/en\/home\/"},{"@type":"ListItem","position":2,"name":"Shop","item":"https:\/\/profumix.it\/en\/shop\/"},{"@type":"ListItem","position":3,"name":"BULGARI BVLGARI POUR HOMME SOIR 100ML SPRAY EAU DE TOILETTE"}]},{"@type":"WebSite","@id":"https:\/\/profumix.it\/en\/#website","url":"https:\/\/profumix.it\/en\/","name":"Profumix Perfumes","description":"","potentialAction":[{"@type":"SearchAction","target":{"@type":"EntryPoint","urlTemplate":"https:\/\/profumix.it\/en\/?s={search_term_string}"},"query-input":{"@type":"PropertyValueSpecification","valueRequired":true,"valueName":"search_term_string"}}],"inLanguage":"en-US"}]}},"_links":{"self":[{"href":"https:\/\/profumix.it\/en\/wp-json\/wp\/v2\/product\/79125","targetHints":{"allow":["GET"]}}],"collection":[{"href":"https:\/\/profumix.it\/en\/wp-json\/wp\/v2\/product"}],"about":[{"href":"https:\/\/profumix.it\/en\/wp-json\/wp\/v2\/types\/product"}],"replies":[{"embeddable":true,"href":"https:\/\/profumix.it\/en\/wp-json\/wp\/v2\/comments?post=79125"}],"wp:featuredmedia":[{"embeddable":true,"href":"https:\/\/profumix.it\/en\/wp-json\/wp\/v2\/media\/79124"}],"wp:attachment":[{"href":"https:\/\/profumix.it\/en\/wp-json\/wp\/v2\/media?parent=79125"}],"wp:term":[{"taxonomy":"product_brand","embeddable":true,"href":"https:\/\/profumix.it\/en\/wp-json\/wp\/v2\/product_brand?post=79125"},{"taxonomy":"product_cat","embeddable":true,"href":"https:\/\/profumix.it\/en\/wp-json\/wp\/v2\/product_cat?post=79125"},{"taxonomy":"product_tag","embeddable":true,"href":"https:\/\/profumix.it\/en\/wp-json\/wp\/v2\/product_tag?post=79125"}],"curies":[{"name":"wp","href":"https:\/\/api.w.org\/{rel}","templated":true}]}}