{"id":79177,"date":"2016-08-30T18:15:26","date_gmt":"2016-08-30T16:15:26","guid":{"rendered":"https:\/\/profumix.it\/prodotto\/cacharel-noa-30ml-spray-eau-de-toilette-2\/"},"modified":"2016-08-30T18:15:26","modified_gmt":"2016-08-30T16:15:26","slug":"cacharel-noa-30ml-spray-eau-de-toilette-2","status":"publish","type":"product","link":"https:\/\/profumix.it\/en\/prodotto\/cacharel-noa-30ml-spray-eau-de-toilette-2\/","title":{"rendered":"CACHAREL NOA GIFT SET 30ML SPRAY EAU DE TOILETTE + 50ML BODY LOTION"},"content":{"rendered":"<p>NOA DI CACHAREL \u00c8 CREATO DAL PROFUMIERE OLIVIER CRESP NEL 1998,\u00c8 UN PROFUMO CHE CONTIENE UNA SAGGEZZA MILLENARIA, UNA PARTE DI DIVINO CHE L&#8217;UMANIT\u00c0 HA PERDUTO E CHE HA VOGLIA DI RITROVARE, DI CONDIVIDERE E DI TRASMETTERE. LA SUA EROINA CI DICE &#8220;ANDATE A CERCARE LA PERLA CHE \u00c8 IN VOI&#8221;. E&#8217; UN ANGELO PORTATORE DI LUCE, DI SERENIT\u00c0 E DI SAGGEZZA. PER CACHAREL, NOA \u00c8 UN PROFUMO DI RICERCA DEI SENSI, NON DI RICERCA DELLA PERSONALIT\u00c0 E DI COMPORTAMENTO COM&#8217;ERANO ANA\u00cfS E LOULOU. E&#8217; IL PROFUMO DELLA MATURIT\u00c0. IL SUO NOME SI APPOGGIA SU UNA BASE SONORA UNIVERSALE DAL MOMENTO CHE IN GRECO INDICA LO SPIRITO, IN EBRAICO LA PACE, IN INGLESE (TO KNOW) LA CONOSCENZA, E RICORDA IL PERSONAGGIO DI NO\u00c8: L&#8217;ELETTO DA DIO.<br \/>\nNOTA DI TESTA: PESCA, PRUGNA, FRESIA, NOTA VERDE<br \/>\nNOTA DI CUORE: MUGHETTO, ROSA, GELSOMINO, YLANG-YLANG<br \/>\nNOTA DI FONDO: LEGNO DI CEDRO, SANDALO, VANIGLIA, FAVA TONKA<\/p>\n","protected":false},"excerpt":{"rendered":"<p>NOA DI CACHAREL \u00c8 CREATO DAL PROFUMIERE OLIVIER CRESP NEL 1998,\u00c8 UN PROFUMO CHE CONTIENE UNA SAGGEZZA MILLENARIA, UNA PARTE DI DIVINO CHE L&#8217;UMANIT\u00c0 HA PERDUTO E CHE HA VOGLIA DI RITROVARE, DI CONDIVIDERE E DI TRASMETTERE. LA SUA EROINA CI DICE &#8220;ANDATE A CERCARE LA PERLA CHE \u00c8 IN VOI&#8221;. E&#8217; UN ANGELO PORTATORE DI LUCE, DI SERENIT\u00c0 E DI SAGGEZZA. PER CACHAREL, NOA \u00c8 UN PROFUMO DI RICERCA DEI SENSI, NON DI RICERCA DELLA PERSONALIT\u00c0 E DI COMPORTAMENTO COM&#8217;ERANO ANA\u00cfS E LOULOU. E&#8217; IL PROFUMO DELLA MATURIT\u00c0. IL SUO NOME SI APPOGGIA SU UNA BASE SONORA UNIVERSALE DAL MOMENTO CHE IN GRECO INDICA LO SPIRITO, IN EBRAICO LA PACE, IN INGLESE (TO KNOW) LA CONOSCENZA, E RICORDA IL PERSONAGGIO DI NO\u00c8: L&#8217;ELETTO DA DIO.<br \/>\nNOTA DI TESTA: PESCA, PRUGNA, FRESIA, NOTA VERDE<br \/>\nNOTA DI CUORE: MUGHETTO, ROSA, GELSOMINO, YLANG-YLANG<br \/>\nNOTA DI FONDO: LEGNO DI CEDRO, SANDALO, VANIGLIA, FAVA TONKA<\/p>\n","protected":false},"featured_media":79176,"comment_status":"open","ping_status":"closed","template":"","meta":{"_et_pb_use_builder":"","_et_pb_old_content":"","_et_gb_content_width":""},"product_brand":[],"product_cat":[7113,7109,7118,7099,7106],"product_tag":[],"class_list":{"0":"post-79177","1":"product","2":"type-product","3":"status-publish","4":"has-post-thumbnail","6":"product_cat-confezioni-regalo","7":"product_cat-donna","8":"product_cat-donna-1-confezioni-regalo","9":"product_cat-offerte-da-non-perdere-default-category","10":"product_cat-profumi-default-category","11":"pa_bollino-offerta_speciale","12":"pa_confezione_desc-scatolaoriginalenotester","13":"pa_formato_filtro-30ml","14":"pa_manufacturer-cacharel","15":"pa_sconto_desc-6901","16":"pa_spedizione_gratuita-no","17":"pa_tipo_filtro-spray","19":"first","20":"outofstock","21":"sale","22":"shipping-taxable","23":"purchasable","24":"product-type-simple"},"yoast_head":"<!-- This site is optimized with the Yoast SEO plugin v27.3 - https:\/\/yoast.com\/product\/yoast-seo-wordpress\/ -->\n<title>CACHAREL NOA GIFT SET 30ML SPRAY EAU DE TOILETTE + 50ML BODY LOTION<\/title>\n<meta name=\"robots\" content=\"index, follow, max-snippet:-1, max-image-preview:large, max-video-preview:-1\" \/>\n<link rel=\"canonical\" href=\"https:\/\/profumix.it\/en\/prodotto\/cacharel-noa-30ml-spray-eau-de-toilette-2\/\" \/>\n<meta property=\"og:locale\" content=\"en_US\" \/>\n<meta property=\"og:type\" content=\"article\" \/>\n<meta property=\"og:title\" content=\"CACHAREL NOA GIFT SET 30ML SPRAY EAU DE TOILETTE + 50ML BODY LOTION\" \/>\n<meta property=\"og:description\" content=\"NOA DI CACHAREL \u00c8 CREATO DAL PROFUMIERE OLIVIER CRESP NEL 1998,\u00c8 UN PROFUMO CHE CONTIENE UNA SAGGEZZA MILLENARIA, UNA PARTE DI DIVINO CHE L&#039;UMANIT\u00c0 HA PERDUTO E CHE HA VOGLIA DI RITROVARE, DI CONDIVIDERE E DI TRASMETTERE. LA SUA EROINA CI DICE &quot;ANDATE A CERCARE LA PERLA CHE \u00c8 IN VOI&quot;. E&#039; UN ANGELO PORTATORE DI LUCE, DI SERENIT\u00c0 E DI SAGGEZZA. PER CACHAREL, NOA \u00c8 UN PROFUMO DI RICERCA DEI SENSI, NON DI RICERCA DELLA PERSONALIT\u00c0 E DI COMPORTAMENTO COM&#039;ERANO ANA\u00cfS E LOULOU. E&#039; IL PROFUMO DELLA MATURIT\u00c0. IL SUO NOME SI APPOGGIA SU UNA BASE SONORA UNIVERSALE DAL MOMENTO CHE IN GRECO INDICA LO SPIRITO, IN EBRAICO LA PACE, IN INGLESE (TO KNOW) LA CONOSCENZA, E RICORDA IL PERSONAGGIO DI NO\u00c8: L&#039;ELETTO DA DIO.  NOTA DI TESTA: PESCA, PRUGNA, FRESIA, NOTA VERDE  NOTA DI CUORE: MUGHETTO, ROSA, GELSOMINO, YLANG-YLANG  NOTA DI FONDO: LEGNO DI CEDRO, SANDALO, VANIGLIA, FAVA TONKA\" \/>\n<meta property=\"og:url\" content=\"https:\/\/profumix.it\/en\/prodotto\/cacharel-noa-30ml-spray-eau-de-toilette-2\/\" \/>\n<meta property=\"og:site_name\" content=\"Profumix Perfumes\" \/>\n<meta property=\"article:publisher\" content=\"https:\/\/www.facebook.com\/profumix\" \/>\n<meta property=\"og:image\" content=\"https:\/\/profumix.it\/wp-content\/uploads\/2016\/08\/product_c_a_cacharel-gift-set-noa-30ml-spray-edt-50ml-body-lotion.jpg\" \/>\n\t<meta property=\"og:image:width\" content=\"500\" \/>\n\t<meta property=\"og:image:height\" content=\"500\" \/>\n\t<meta property=\"og:image:type\" content=\"image\/jpeg\" \/>\n<meta name=\"twitter:card\" content=\"summary_large_image\" \/>\n<meta name=\"twitter:label1\" content=\"Est. reading time\" \/>\n\t<meta name=\"twitter:data1\" content=\"1 minute\" \/>\n<script type=\"application\/ld+json\" class=\"yoast-schema-graph\">{\"@context\":\"https:\\\/\\\/schema.org\",\"@graph\":[{\"@type\":\"WebPage\",\"@id\":\"https:\\\/\\\/profumix.it\\\/en\\\/prodotto\\\/cacharel-noa-30ml-spray-eau-de-toilette-2\\\/\",\"url\":\"https:\\\/\\\/profumix.it\\\/en\\\/prodotto\\\/cacharel-noa-30ml-spray-eau-de-toilette-2\\\/\",\"name\":\"CACHAREL NOA GIFT SET 30ML SPRAY EAU DE TOILETTE + 50ML BODY LOTION\",\"isPartOf\":{\"@id\":\"https:\\\/\\\/profumix.it\\\/en\\\/#website\"},\"primaryImageOfPage\":{\"@id\":\"https:\\\/\\\/profumix.it\\\/en\\\/prodotto\\\/cacharel-noa-30ml-spray-eau-de-toilette-2\\\/#primaryimage\"},\"image\":{\"@id\":\"https:\\\/\\\/profumix.it\\\/en\\\/prodotto\\\/cacharel-noa-30ml-spray-eau-de-toilette-2\\\/#primaryimage\"},\"thumbnailUrl\":\"https:\\\/\\\/profumix.it\\\/wp-content\\\/uploads\\\/2016\\\/08\\\/product_c_a_cacharel-gift-set-noa-30ml-spray-edt-50ml-body-lotion.jpg\",\"datePublished\":\"2016-08-30T16:15:26+00:00\",\"breadcrumb\":{\"@id\":\"https:\\\/\\\/profumix.it\\\/en\\\/prodotto\\\/cacharel-noa-30ml-spray-eau-de-toilette-2\\\/#breadcrumb\"},\"inLanguage\":\"en-US\",\"potentialAction\":[{\"@type\":\"ReadAction\",\"target\":[\"https:\\\/\\\/profumix.it\\\/en\\\/prodotto\\\/cacharel-noa-30ml-spray-eau-de-toilette-2\\\/\"]}]},{\"@type\":\"ImageObject\",\"inLanguage\":\"en-US\",\"@id\":\"https:\\\/\\\/profumix.it\\\/en\\\/prodotto\\\/cacharel-noa-30ml-spray-eau-de-toilette-2\\\/#primaryimage\",\"url\":\"https:\\\/\\\/profumix.it\\\/wp-content\\\/uploads\\\/2016\\\/08\\\/product_c_a_cacharel-gift-set-noa-30ml-spray-edt-50ml-body-lotion.jpg\",\"contentUrl\":\"https:\\\/\\\/profumix.it\\\/wp-content\\\/uploads\\\/2016\\\/08\\\/product_c_a_cacharel-gift-set-noa-30ml-spray-edt-50ml-body-lotion.jpg\",\"width\":500,\"height\":500,\"caption\":\"CACHAREL NOA GIFT SET 30ML SPRAY EAU DE TOILETTE + 50ML BODY LOTION\"},{\"@type\":\"BreadcrumbList\",\"@id\":\"https:\\\/\\\/profumix.it\\\/en\\\/prodotto\\\/cacharel-noa-30ml-spray-eau-de-toilette-2\\\/#breadcrumb\",\"itemListElement\":[{\"@type\":\"ListItem\",\"position\":1,\"name\":\"Home\",\"item\":\"https:\\\/\\\/profumix.it\\\/en\\\/home\\\/\"},{\"@type\":\"ListItem\",\"position\":2,\"name\":\"Shop\",\"item\":\"https:\\\/\\\/profumix.it\\\/en\\\/shop\\\/\"},{\"@type\":\"ListItem\",\"position\":3,\"name\":\"CACHAREL NOA GIFT SET 30ML SPRAY EAU DE TOILETTE + 50ML BODY LOTION\"}]},{\"@type\":\"WebSite\",\"@id\":\"https:\\\/\\\/profumix.it\\\/en\\\/#website\",\"url\":\"https:\\\/\\\/profumix.it\\\/en\\\/\",\"name\":\"Profumix Perfumes\",\"description\":\"\",\"potentialAction\":[{\"@type\":\"SearchAction\",\"target\":{\"@type\":\"EntryPoint\",\"urlTemplate\":\"https:\\\/\\\/profumix.it\\\/en\\\/?s={search_term_string}\"},\"query-input\":{\"@type\":\"PropertyValueSpecification\",\"valueRequired\":true,\"valueName\":\"search_term_string\"}}],\"inLanguage\":\"en-US\"}]}<\/script>\n<!-- \/ Yoast SEO plugin. -->","yoast_head_json":{"title":"CACHAREL NOA GIFT SET 30ML SPRAY EAU DE TOILETTE + 50ML BODY LOTION","robots":{"index":"index","follow":"follow","max-snippet":"max-snippet:-1","max-image-preview":"max-image-preview:large","max-video-preview":"max-video-preview:-1"},"canonical":"https:\/\/profumix.it\/en\/prodotto\/cacharel-noa-30ml-spray-eau-de-toilette-2\/","og_locale":"en_US","og_type":"article","og_title":"CACHAREL NOA GIFT SET 30ML SPRAY EAU DE TOILETTE + 50ML BODY LOTION","og_description":"NOA DI CACHAREL \u00c8 CREATO DAL PROFUMIERE OLIVIER CRESP NEL 1998,\u00c8 UN PROFUMO CHE CONTIENE UNA SAGGEZZA MILLENARIA, UNA PARTE DI DIVINO CHE L'UMANIT\u00c0 HA PERDUTO E CHE HA VOGLIA DI RITROVARE, DI CONDIVIDERE E DI TRASMETTERE. LA SUA EROINA CI DICE \"ANDATE A CERCARE LA PERLA CHE \u00c8 IN VOI\". E' UN ANGELO PORTATORE DI LUCE, DI SERENIT\u00c0 E DI SAGGEZZA. PER CACHAREL, NOA \u00c8 UN PROFUMO DI RICERCA DEI SENSI, NON DI RICERCA DELLA PERSONALIT\u00c0 E DI COMPORTAMENTO COM'ERANO ANA\u00cfS E LOULOU. E' IL PROFUMO DELLA MATURIT\u00c0. IL SUO NOME SI APPOGGIA SU UNA BASE SONORA UNIVERSALE DAL MOMENTO CHE IN GRECO INDICA LO SPIRITO, IN EBRAICO LA PACE, IN INGLESE (TO KNOW) LA CONOSCENZA, E RICORDA IL PERSONAGGIO DI NO\u00c8: L'ELETTO DA DIO.  NOTA DI TESTA: PESCA, PRUGNA, FRESIA, NOTA VERDE  NOTA DI CUORE: MUGHETTO, ROSA, GELSOMINO, YLANG-YLANG  NOTA DI FONDO: LEGNO DI CEDRO, SANDALO, VANIGLIA, FAVA TONKA","og_url":"https:\/\/profumix.it\/en\/prodotto\/cacharel-noa-30ml-spray-eau-de-toilette-2\/","og_site_name":"Profumix Perfumes","article_publisher":"https:\/\/www.facebook.com\/profumix","og_image":[{"width":500,"height":500,"url":"https:\/\/profumix.it\/wp-content\/uploads\/2016\/08\/product_c_a_cacharel-gift-set-noa-30ml-spray-edt-50ml-body-lotion.jpg","type":"image\/jpeg"}],"twitter_card":"summary_large_image","twitter_misc":{"Est. reading time":"1 minute"},"schema":{"@context":"https:\/\/schema.org","@graph":[{"@type":"WebPage","@id":"https:\/\/profumix.it\/en\/prodotto\/cacharel-noa-30ml-spray-eau-de-toilette-2\/","url":"https:\/\/profumix.it\/en\/prodotto\/cacharel-noa-30ml-spray-eau-de-toilette-2\/","name":"CACHAREL NOA GIFT SET 30ML SPRAY EAU DE TOILETTE + 50ML BODY LOTION","isPartOf":{"@id":"https:\/\/profumix.it\/en\/#website"},"primaryImageOfPage":{"@id":"https:\/\/profumix.it\/en\/prodotto\/cacharel-noa-30ml-spray-eau-de-toilette-2\/#primaryimage"},"image":{"@id":"https:\/\/profumix.it\/en\/prodotto\/cacharel-noa-30ml-spray-eau-de-toilette-2\/#primaryimage"},"thumbnailUrl":"https:\/\/profumix.it\/wp-content\/uploads\/2016\/08\/product_c_a_cacharel-gift-set-noa-30ml-spray-edt-50ml-body-lotion.jpg","datePublished":"2016-08-30T16:15:26+00:00","breadcrumb":{"@id":"https:\/\/profumix.it\/en\/prodotto\/cacharel-noa-30ml-spray-eau-de-toilette-2\/#breadcrumb"},"inLanguage":"en-US","potentialAction":[{"@type":"ReadAction","target":["https:\/\/profumix.it\/en\/prodotto\/cacharel-noa-30ml-spray-eau-de-toilette-2\/"]}]},{"@type":"ImageObject","inLanguage":"en-US","@id":"https:\/\/profumix.it\/en\/prodotto\/cacharel-noa-30ml-spray-eau-de-toilette-2\/#primaryimage","url":"https:\/\/profumix.it\/wp-content\/uploads\/2016\/08\/product_c_a_cacharel-gift-set-noa-30ml-spray-edt-50ml-body-lotion.jpg","contentUrl":"https:\/\/profumix.it\/wp-content\/uploads\/2016\/08\/product_c_a_cacharel-gift-set-noa-30ml-spray-edt-50ml-body-lotion.jpg","width":500,"height":500,"caption":"CACHAREL NOA GIFT SET 30ML SPRAY EAU DE TOILETTE + 50ML BODY LOTION"},{"@type":"BreadcrumbList","@id":"https:\/\/profumix.it\/en\/prodotto\/cacharel-noa-30ml-spray-eau-de-toilette-2\/#breadcrumb","itemListElement":[{"@type":"ListItem","position":1,"name":"Home","item":"https:\/\/profumix.it\/en\/home\/"},{"@type":"ListItem","position":2,"name":"Shop","item":"https:\/\/profumix.it\/en\/shop\/"},{"@type":"ListItem","position":3,"name":"CACHAREL NOA GIFT SET 30ML SPRAY EAU DE TOILETTE + 50ML BODY LOTION"}]},{"@type":"WebSite","@id":"https:\/\/profumix.it\/en\/#website","url":"https:\/\/profumix.it\/en\/","name":"Profumix Perfumes","description":"","potentialAction":[{"@type":"SearchAction","target":{"@type":"EntryPoint","urlTemplate":"https:\/\/profumix.it\/en\/?s={search_term_string}"},"query-input":{"@type":"PropertyValueSpecification","valueRequired":true,"valueName":"search_term_string"}}],"inLanguage":"en-US"}]}},"_links":{"self":[{"href":"https:\/\/profumix.it\/en\/wp-json\/wp\/v2\/product\/79177","targetHints":{"allow":["GET"]}}],"collection":[{"href":"https:\/\/profumix.it\/en\/wp-json\/wp\/v2\/product"}],"about":[{"href":"https:\/\/profumix.it\/en\/wp-json\/wp\/v2\/types\/product"}],"replies":[{"embeddable":true,"href":"https:\/\/profumix.it\/en\/wp-json\/wp\/v2\/comments?post=79177"}],"wp:featuredmedia":[{"embeddable":true,"href":"https:\/\/profumix.it\/en\/wp-json\/wp\/v2\/media\/79176"}],"wp:attachment":[{"href":"https:\/\/profumix.it\/en\/wp-json\/wp\/v2\/media?parent=79177"}],"wp:term":[{"taxonomy":"product_brand","embeddable":true,"href":"https:\/\/profumix.it\/en\/wp-json\/wp\/v2\/product_brand?post=79177"},{"taxonomy":"product_cat","embeddable":true,"href":"https:\/\/profumix.it\/en\/wp-json\/wp\/v2\/product_cat?post=79177"},{"taxonomy":"product_tag","embeddable":true,"href":"https:\/\/profumix.it\/en\/wp-json\/wp\/v2\/product_tag?post=79177"}],"curies":[{"name":"wp","href":"https:\/\/api.w.org\/{rel}","templated":true}]}}