{"id":79217,"date":"2022-10-19T11:46:11","date_gmt":"2022-10-19T09:46:11","guid":{"rendered":"https:\/\/profumix.it\/?post_type=product&#038;p=79217"},"modified":"2022-10-19T11:46:25","modified_gmt":"2022-10-19T09:46:25","slug":"azzaro-visit-100ml-spray-eau-de-toilette-tester-disabled","status":"publish","type":"product","link":"https:\/\/profumix.it\/en\/prodotto\/azzaro-visit-100ml-spray-eau-de-toilette-tester-disabled\/","title":{"rendered":"SALVATORE FERRAGAMO UOMO GIFT SET 50ML SPRAY EAU DE TOILETTE + 100 ML SHAMPOO &#038; SHOWER GEL"},"content":{"rendered":"<p>UOMO SALVATORE FERRAGAMO DI SALVATORE FERRAGAMO \u00c8 UNA FRAGRANZA DEL GRUPPO DA UOMO. E&#8217; UNA NUOVA FRAGRANZA. UOMO SALVATORE FERRAGAMO \u00c8 STATO LANCIATO SUL MERCATO NEL 2016. UOMO SALVATORE FERRAGAMO \u00c8 STATO CREATO DA ALBERTO MORILLAS E AURELIEN GUICHARD. <\/p>\n<p>LE NOTE DI TESTA SONO PEPE NERO, CARDAMOMO E BERGAMOTTO;<br \/>\nLE NOTE DI CUORE SONO DOLCIUMI, FIORE D&#8217;ARANCIO E AMBROXAN;<br \/>\nLE NOTE DI BASE SONO LEGNO DI CASHMERE, SANDALO E FAVA TONKA.<\/p>\n","protected":false},"excerpt":{"rendered":"<p>UOMO SALVATORE FERRAGAMO DI SALVATORE FERRAGAMO \u00c8 UNA FRAGRANZA DEL GRUPPO DA UOMO. E&#8217; UNA NUOVA FRAGRANZA. UOMO SALVATORE FERRAGAMO \u00c8 STATO LANCIATO SUL MERCATO NEL 2016. UOMO SALVATORE FERRAGAMO \u00c8 STATO CREATO DA ALBERTO MORILLAS E AURELIEN GUICHARD. <\/p>\n<p>LE NOTE DI TESTA SONO PEPE NERO, CARDAMOMO E BERGAMOTTO;<br \/>\nLE NOTE DI CUORE SONO DOLCIUMI, FIORE D&#8217;ARANCIO E AMBROXAN;<br \/>\nLE NOTE DI BASE SONO LEGNO DI CASHMERE, SANDALO E FAVA TONKA.<\/p>\n","protected":false},"featured_media":79216,"comment_status":"open","ping_status":"closed","template":"","meta":{"_et_pb_use_builder":"","_et_pb_old_content":"","_et_gb_content_width":""},"product_brand":[],"product_cat":[7113,7098,7106,7114,7107],"product_tag":[],"class_list":{"0":"post-79217","1":"product","2":"type-product","3":"status-publish","4":"has-post-thumbnail","6":"product_cat-confezioni-regalo","7":"product_cat-default-category","8":"product_cat-profumi-default-category","9":"product_cat-uomo-1-confezioni-regalo","10":"product_cat-uomo-profumi-default-category","11":"pa_bollino-offerta_speciale","12":"pa_confezione_desc-confezioneoriginalenotester","13":"pa_formato_filtro-50ml","14":"pa_manufacturer-salvatoreferragamo","15":"pa_sconto_desc-6891","16":"pa_spedizione_gratuita-no","17":"pa_tipo_filtro-sprayeaudetoilette","19":"first","20":"outofstock","21":"sale","22":"shipping-taxable","23":"purchasable","24":"product-type-simple"},"yoast_head":"<!-- This site is optimized with the Yoast SEO plugin v27.4 - https:\/\/yoast.com\/product\/yoast-seo-wordpress\/ -->\n<title>SALVATORE FERRAGAMO UOMO GIFT SET 50ML SPRAY EAU DE TOILETTE + 100 ML SHAMPOO &amp; SHOWER GEL<\/title>\n<meta name=\"robots\" content=\"index, follow, max-snippet:-1, max-image-preview:large, max-video-preview:-1\" \/>\n<link rel=\"canonical\" href=\"https:\/\/profumix.it\/en\/prodotto\/azzaro-visit-100ml-spray-eau-de-toilette-tester-disabled\/\" \/>\n<meta property=\"og:locale\" content=\"en_US\" \/>\n<meta property=\"og:type\" content=\"article\" \/>\n<meta property=\"og:title\" content=\"SALVATORE FERRAGAMO UOMO GIFT SET 50ML SPRAY EAU DE TOILETTE + 100 ML SHAMPOO &amp; SHOWER GEL\" \/>\n<meta property=\"og:description\" content=\"UOMO SALVATORE FERRAGAMO DI SALVATORE FERRAGAMO \u00c8 UNA FRAGRANZA DEL GRUPPO DA UOMO. E&#039; UNA NUOVA FRAGRANZA. UOMO SALVATORE FERRAGAMO \u00c8 STATO LANCIATO SUL MERCATO NEL 2016. UOMO SALVATORE FERRAGAMO \u00c8 STATO CREATO DA ALBERTO MORILLAS E AURELIEN GUICHARD.   LE NOTE DI TESTA SONO PEPE NERO, CARDAMOMO E BERGAMOTTO;  LE NOTE DI CUORE SONO DOLCIUMI, FIORE D&#039;ARANCIO E AMBROXAN;  LE NOTE DI BASE SONO LEGNO DI CASHMERE, SANDALO E FAVA TONKA.\" \/>\n<meta property=\"og:url\" content=\"https:\/\/profumix.it\/en\/prodotto\/azzaro-visit-100ml-spray-eau-de-toilette-tester-disabled\/\" \/>\n<meta property=\"og:site_name\" content=\"Profumix Perfumes\" \/>\n<meta property=\"article:publisher\" content=\"https:\/\/www.facebook.com\/profumix\" \/>\n<meta property=\"article:modified_time\" content=\"2022-10-19T09:46:25+00:00\" \/>\n<meta property=\"og:image\" content=\"https:\/\/profumix.it\/wp-content\/uploads\/2016\/09\/product_s_a_salvatore-ferragamo-uomo-gift-set-edt-50ml-shampoo-shower-gel-100ml.jpg\" \/>\n\t<meta property=\"og:image:width\" content=\"1521\" \/>\n\t<meta property=\"og:image:height\" content=\"1417\" \/>\n\t<meta property=\"og:image:type\" content=\"image\/jpeg\" \/>\n<meta name=\"twitter:card\" content=\"summary_large_image\" \/>\n<script type=\"application\/ld+json\" class=\"yoast-schema-graph\">{\"@context\":\"https:\\\/\\\/schema.org\",\"@graph\":[{\"@type\":\"WebPage\",\"@id\":\"https:\\\/\\\/profumix.it\\\/en\\\/prodotto\\\/azzaro-visit-100ml-spray-eau-de-toilette-tester-disabled\\\/\",\"url\":\"https:\\\/\\\/profumix.it\\\/en\\\/prodotto\\\/azzaro-visit-100ml-spray-eau-de-toilette-tester-disabled\\\/\",\"name\":\"SALVATORE FERRAGAMO UOMO GIFT SET 50ML SPRAY EAU DE TOILETTE + 100 ML SHAMPOO & SHOWER GEL\",\"isPartOf\":{\"@id\":\"https:\\\/\\\/profumix.it\\\/en\\\/#website\"},\"primaryImageOfPage\":{\"@id\":\"https:\\\/\\\/profumix.it\\\/en\\\/prodotto\\\/azzaro-visit-100ml-spray-eau-de-toilette-tester-disabled\\\/#primaryimage\"},\"image\":{\"@id\":\"https:\\\/\\\/profumix.it\\\/en\\\/prodotto\\\/azzaro-visit-100ml-spray-eau-de-toilette-tester-disabled\\\/#primaryimage\"},\"thumbnailUrl\":\"https:\\\/\\\/profumix.it\\\/wp-content\\\/uploads\\\/2016\\\/09\\\/product_s_a_salvatore-ferragamo-uomo-gift-set-edt-50ml-shampoo-shower-gel-100ml.jpg\",\"datePublished\":\"2022-10-19T09:46:11+00:00\",\"dateModified\":\"2022-10-19T09:46:25+00:00\",\"breadcrumb\":{\"@id\":\"https:\\\/\\\/profumix.it\\\/en\\\/prodotto\\\/azzaro-visit-100ml-spray-eau-de-toilette-tester-disabled\\\/#breadcrumb\"},\"inLanguage\":\"en-US\",\"potentialAction\":[{\"@type\":\"ReadAction\",\"target\":[\"https:\\\/\\\/profumix.it\\\/en\\\/prodotto\\\/azzaro-visit-100ml-spray-eau-de-toilette-tester-disabled\\\/\"]}]},{\"@type\":\"ImageObject\",\"inLanguage\":\"en-US\",\"@id\":\"https:\\\/\\\/profumix.it\\\/en\\\/prodotto\\\/azzaro-visit-100ml-spray-eau-de-toilette-tester-disabled\\\/#primaryimage\",\"url\":\"https:\\\/\\\/profumix.it\\\/wp-content\\\/uploads\\\/2016\\\/09\\\/product_s_a_salvatore-ferragamo-uomo-gift-set-edt-50ml-shampoo-shower-gel-100ml.jpg\",\"contentUrl\":\"https:\\\/\\\/profumix.it\\\/wp-content\\\/uploads\\\/2016\\\/09\\\/product_s_a_salvatore-ferragamo-uomo-gift-set-edt-50ml-shampoo-shower-gel-100ml.jpg\",\"width\":1521,\"height\":1417,\"caption\":\"SALVATORE FERRAGAMO UOMO GIFT SET 50ML SPRAY EAU DE TOILETTE + 100 ML SHAMPOO & SHOWER GEL\"},{\"@type\":\"BreadcrumbList\",\"@id\":\"https:\\\/\\\/profumix.it\\\/en\\\/prodotto\\\/azzaro-visit-100ml-spray-eau-de-toilette-tester-disabled\\\/#breadcrumb\",\"itemListElement\":[{\"@type\":\"ListItem\",\"position\":1,\"name\":\"Home\",\"item\":\"https:\\\/\\\/profumix.it\\\/en\\\/home\\\/\"},{\"@type\":\"ListItem\",\"position\":2,\"name\":\"Shop\",\"item\":\"https:\\\/\\\/profumix.it\\\/en\\\/shop\\\/\"},{\"@type\":\"ListItem\",\"position\":3,\"name\":\"SALVATORE FERRAGAMO UOMO GIFT SET 50ML SPRAY EAU DE TOILETTE + 100 ML SHAMPOO &#038; SHOWER GEL\"}]},{\"@type\":\"WebSite\",\"@id\":\"https:\\\/\\\/profumix.it\\\/en\\\/#website\",\"url\":\"https:\\\/\\\/profumix.it\\\/en\\\/\",\"name\":\"Profumix Perfumes\",\"description\":\"\",\"potentialAction\":[{\"@type\":\"SearchAction\",\"target\":{\"@type\":\"EntryPoint\",\"urlTemplate\":\"https:\\\/\\\/profumix.it\\\/en\\\/?s={search_term_string}\"},\"query-input\":{\"@type\":\"PropertyValueSpecification\",\"valueRequired\":true,\"valueName\":\"search_term_string\"}}],\"inLanguage\":\"en-US\"}]}<\/script>\n<!-- \/ Yoast SEO plugin. -->","yoast_head_json":{"title":"SALVATORE FERRAGAMO UOMO GIFT SET 50ML SPRAY EAU DE TOILETTE + 100 ML SHAMPOO & SHOWER GEL","robots":{"index":"index","follow":"follow","max-snippet":"max-snippet:-1","max-image-preview":"max-image-preview:large","max-video-preview":"max-video-preview:-1"},"canonical":"https:\/\/profumix.it\/en\/prodotto\/azzaro-visit-100ml-spray-eau-de-toilette-tester-disabled\/","og_locale":"en_US","og_type":"article","og_title":"SALVATORE FERRAGAMO UOMO GIFT SET 50ML SPRAY EAU DE TOILETTE + 100 ML SHAMPOO & SHOWER GEL","og_description":"UOMO SALVATORE FERRAGAMO DI SALVATORE FERRAGAMO \u00c8 UNA FRAGRANZA DEL GRUPPO DA UOMO. E' UNA NUOVA FRAGRANZA. UOMO SALVATORE FERRAGAMO \u00c8 STATO LANCIATO SUL MERCATO NEL 2016. UOMO SALVATORE FERRAGAMO \u00c8 STATO CREATO DA ALBERTO MORILLAS E AURELIEN GUICHARD.   LE NOTE DI TESTA SONO PEPE NERO, CARDAMOMO E BERGAMOTTO;  LE NOTE DI CUORE SONO DOLCIUMI, FIORE D'ARANCIO E AMBROXAN;  LE NOTE DI BASE SONO LEGNO DI CASHMERE, SANDALO E FAVA TONKA.","og_url":"https:\/\/profumix.it\/en\/prodotto\/azzaro-visit-100ml-spray-eau-de-toilette-tester-disabled\/","og_site_name":"Profumix Perfumes","article_publisher":"https:\/\/www.facebook.com\/profumix","article_modified_time":"2022-10-19T09:46:25+00:00","og_image":[{"width":1521,"height":1417,"url":"https:\/\/profumix.it\/wp-content\/uploads\/2016\/09\/product_s_a_salvatore-ferragamo-uomo-gift-set-edt-50ml-shampoo-shower-gel-100ml.jpg","type":"image\/jpeg"}],"twitter_card":"summary_large_image","schema":{"@context":"https:\/\/schema.org","@graph":[{"@type":"WebPage","@id":"https:\/\/profumix.it\/en\/prodotto\/azzaro-visit-100ml-spray-eau-de-toilette-tester-disabled\/","url":"https:\/\/profumix.it\/en\/prodotto\/azzaro-visit-100ml-spray-eau-de-toilette-tester-disabled\/","name":"SALVATORE FERRAGAMO UOMO GIFT SET 50ML SPRAY EAU DE TOILETTE + 100 ML SHAMPOO & SHOWER GEL","isPartOf":{"@id":"https:\/\/profumix.it\/en\/#website"},"primaryImageOfPage":{"@id":"https:\/\/profumix.it\/en\/prodotto\/azzaro-visit-100ml-spray-eau-de-toilette-tester-disabled\/#primaryimage"},"image":{"@id":"https:\/\/profumix.it\/en\/prodotto\/azzaro-visit-100ml-spray-eau-de-toilette-tester-disabled\/#primaryimage"},"thumbnailUrl":"https:\/\/profumix.it\/wp-content\/uploads\/2016\/09\/product_s_a_salvatore-ferragamo-uomo-gift-set-edt-50ml-shampoo-shower-gel-100ml.jpg","datePublished":"2022-10-19T09:46:11+00:00","dateModified":"2022-10-19T09:46:25+00:00","breadcrumb":{"@id":"https:\/\/profumix.it\/en\/prodotto\/azzaro-visit-100ml-spray-eau-de-toilette-tester-disabled\/#breadcrumb"},"inLanguage":"en-US","potentialAction":[{"@type":"ReadAction","target":["https:\/\/profumix.it\/en\/prodotto\/azzaro-visit-100ml-spray-eau-de-toilette-tester-disabled\/"]}]},{"@type":"ImageObject","inLanguage":"en-US","@id":"https:\/\/profumix.it\/en\/prodotto\/azzaro-visit-100ml-spray-eau-de-toilette-tester-disabled\/#primaryimage","url":"https:\/\/profumix.it\/wp-content\/uploads\/2016\/09\/product_s_a_salvatore-ferragamo-uomo-gift-set-edt-50ml-shampoo-shower-gel-100ml.jpg","contentUrl":"https:\/\/profumix.it\/wp-content\/uploads\/2016\/09\/product_s_a_salvatore-ferragamo-uomo-gift-set-edt-50ml-shampoo-shower-gel-100ml.jpg","width":1521,"height":1417,"caption":"SALVATORE FERRAGAMO UOMO GIFT SET 50ML SPRAY EAU DE TOILETTE + 100 ML SHAMPOO & SHOWER GEL"},{"@type":"BreadcrumbList","@id":"https:\/\/profumix.it\/en\/prodotto\/azzaro-visit-100ml-spray-eau-de-toilette-tester-disabled\/#breadcrumb","itemListElement":[{"@type":"ListItem","position":1,"name":"Home","item":"https:\/\/profumix.it\/en\/home\/"},{"@type":"ListItem","position":2,"name":"Shop","item":"https:\/\/profumix.it\/en\/shop\/"},{"@type":"ListItem","position":3,"name":"SALVATORE FERRAGAMO UOMO GIFT SET 50ML SPRAY EAU DE TOILETTE + 100 ML SHAMPOO &#038; SHOWER GEL"}]},{"@type":"WebSite","@id":"https:\/\/profumix.it\/en\/#website","url":"https:\/\/profumix.it\/en\/","name":"Profumix Perfumes","description":"","potentialAction":[{"@type":"SearchAction","target":{"@type":"EntryPoint","urlTemplate":"https:\/\/profumix.it\/en\/?s={search_term_string}"},"query-input":{"@type":"PropertyValueSpecification","valueRequired":true,"valueName":"search_term_string"}}],"inLanguage":"en-US"}]}},"_links":{"self":[{"href":"https:\/\/profumix.it\/en\/wp-json\/wp\/v2\/product\/79217","targetHints":{"allow":["GET"]}}],"collection":[{"href":"https:\/\/profumix.it\/en\/wp-json\/wp\/v2\/product"}],"about":[{"href":"https:\/\/profumix.it\/en\/wp-json\/wp\/v2\/types\/product"}],"replies":[{"embeddable":true,"href":"https:\/\/profumix.it\/en\/wp-json\/wp\/v2\/comments?post=79217"}],"wp:featuredmedia":[{"embeddable":true,"href":"https:\/\/profumix.it\/en\/wp-json\/wp\/v2\/media\/79216"}],"wp:attachment":[{"href":"https:\/\/profumix.it\/en\/wp-json\/wp\/v2\/media?parent=79217"}],"wp:term":[{"taxonomy":"product_brand","embeddable":true,"href":"https:\/\/profumix.it\/en\/wp-json\/wp\/v2\/product_brand?post=79217"},{"taxonomy":"product_cat","embeddable":true,"href":"https:\/\/profumix.it\/en\/wp-json\/wp\/v2\/product_cat?post=79217"},{"taxonomy":"product_tag","embeddable":true,"href":"https:\/\/profumix.it\/en\/wp-json\/wp\/v2\/product_tag?post=79217"}],"curies":[{"name":"wp","href":"https:\/\/api.w.org\/{rel}","templated":true}]}}