{"id":79227,"date":"2016-09-19T13:26:50","date_gmt":"2016-09-19T11:26:50","guid":{"rendered":"https:\/\/profumix.it\/prodotto\/jacques-bogart-paris-one-man-show-30ml-spray-eau-de-toilette\/"},"modified":"2024-12-05T17:01:13","modified_gmt":"2024-12-05T16:01:13","slug":"jacques-bogart-paris-one-man-show-30ml-spray-eau-de-toilette","status":"publish","type":"product","link":"https:\/\/profumix.it\/en\/prodotto\/jacques-bogart-paris-one-man-show-30ml-spray-eau-de-toilette\/","title":{"rendered":"JACQUES BOGART PARIS ONE MAN SHOW 30ML SPRAY EAU DE TOILETTE"},"content":{"rendered":"<p>One Man Show di Jacques Bogart \u00e8 una fragranza del gruppo Chypre da uomo. One Man Show \u00e8 stato lanciato sul mercato nel 1980. Il Naso di questa fragranza \u00e8 Roger Pellegrino. Le note di testa sono Basilico, Bergamotto, Carvi, Artemisia, Galbano e Legno di Rosa Brasiliano; le note di cuore sono Aghi di Pino, Garofano, Noce Moscata, Patchouli, Spezie, Vetiver, Geranio, Labdano, Rosa e Gelsomino; le note di base sono Muschio di Quercia, Cuoio, Legno di Cedro, Sandalo, Storace, Ambra, Fava Tonka, Castoreo, Vaniglia e Cocco. <\/p>\n","protected":false},"excerpt":{"rendered":"<p>One Man Show di Jacques Bogart \u00e8 una fragranza del gruppo Chypre da uomo. One Man Show \u00e8 stato lanciato sul mercato nel 1980. Il Naso di questa fragranza \u00e8 Roger Pellegrino. Le note di testa sono Basilico, Bergamotto, Carvi, Artemisia, Galbano e Legno di Rosa Brasiliano; le note di cuore sono Aghi di Pino, Garofano, Noce Moscata, Patchouli, Spezie, Vetiver, Geranio, Labdano, Rosa e Gelsomino; le note di base sono Muschio di Quercia, Cuoio, Legno di Cedro, Sandalo, Storace, Ambra, Fava Tonka, Castoreo, Vaniglia e Cocco. <\/p>\n","protected":false},"featured_media":79226,"comment_status":"open","ping_status":"closed","template":"","meta":{"_et_pb_use_builder":"","_et_pb_old_content":"","_et_gb_content_width":""},"product_brand":[],"product_cat":[7173,7099,7098,7106,7107],"product_tag":[],"class_list":{"0":"post-79227","1":"product","2":"type-product","3":"status-publish","4":"has-post-thumbnail","6":"product_cat-articoli-fuori-produzione-e-rarita","7":"product_cat-offerte-da-non-perdere-default-category","8":"product_cat-default-category","9":"product_cat-profumi-default-category","10":"product_cat-uomo-profumi-default-category","11":"pa_categoria_desc-profumiuomo","12":"pa_confezione_desc-confezioneoriginalenotester","13":"pa_country_of_manufacture-fr","14":"pa_formato_filtro-30ml","15":"pa_manufacturer-jacquesbogartparis","16":"pa_spedizione_gratuita-no","17":"pa_tipo_filtro-sprayeaudetoilette","19":"first","20":"outofstock","21":"shipping-taxable","22":"purchasable","23":"product-type-simple"},"yoast_head":"<!-- This site is optimized with the Yoast SEO plugin v27.4 - https:\/\/yoast.com\/product\/yoast-seo-wordpress\/ -->\n<title>JACQUES BOGART PARIS ONE MAN SHOW 30ML SPRAY EAU DE TOILETTE<\/title>\n<meta name=\"robots\" content=\"index, follow, max-snippet:-1, max-image-preview:large, max-video-preview:-1\" \/>\n<link rel=\"canonical\" href=\"https:\/\/profumix.it\/en\/prodotto\/jacques-bogart-paris-one-man-show-30ml-spray-eau-de-toilette\/\" \/>\n<meta property=\"og:locale\" content=\"en_US\" \/>\n<meta property=\"og:type\" content=\"article\" \/>\n<meta property=\"og:title\" content=\"JACQUES BOGART PARIS ONE MAN SHOW 30ML SPRAY EAU DE TOILETTE\" \/>\n<meta property=\"og:description\" content=\"One Man Show di Jacques Bogart \u00e8 una fragranza del gruppo Chypre da uomo. One Man Show \u00e8 stato lanciato sul mercato nel 1980. Il Naso di questa fragranza \u00e8 Roger Pellegrino. Le note di testa sono Basilico, Bergamotto, Carvi, Artemisia, Galbano e Legno di Rosa Brasiliano; le note di cuore sono Aghi di Pino, Garofano, Noce Moscata, Patchouli, Spezie, Vetiver, Geranio, Labdano, Rosa e Gelsomino; le note di base sono Muschio di Quercia, Cuoio, Legno di Cedro, Sandalo, Storace, Ambra, Fava Tonka, Castoreo, Vaniglia e Cocco.\" \/>\n<meta property=\"og:url\" content=\"https:\/\/profumix.it\/en\/prodotto\/jacques-bogart-paris-one-man-show-30ml-spray-eau-de-toilette\/\" \/>\n<meta property=\"og:site_name\" content=\"Profumix Perfumes\" \/>\n<meta property=\"article:publisher\" content=\"https:\/\/www.facebook.com\/profumix\" \/>\n<meta property=\"article:modified_time\" content=\"2024-12-05T16:01:13+00:00\" \/>\n<meta property=\"og:image\" content=\"https:\/\/profumix.it\/wp-content\/uploads\/2016\/09\/product_o_n_one-man-show-by-jacques-bogart_30ml.jpg\" \/>\n\t<meta property=\"og:image:width\" content=\"750\" \/>\n\t<meta property=\"og:image:height\" content=\"750\" \/>\n\t<meta property=\"og:image:type\" content=\"image\/jpeg\" \/>\n<meta name=\"twitter:card\" content=\"summary_large_image\" \/>\n<script type=\"application\/ld+json\" class=\"yoast-schema-graph\">{\"@context\":\"https:\\\/\\\/schema.org\",\"@graph\":[{\"@type\":\"WebPage\",\"@id\":\"https:\\\/\\\/profumix.it\\\/en\\\/prodotto\\\/jacques-bogart-paris-one-man-show-30ml-spray-eau-de-toilette\\\/\",\"url\":\"https:\\\/\\\/profumix.it\\\/en\\\/prodotto\\\/jacques-bogart-paris-one-man-show-30ml-spray-eau-de-toilette\\\/\",\"name\":\"JACQUES BOGART PARIS ONE MAN SHOW 30ML SPRAY EAU DE TOILETTE\",\"isPartOf\":{\"@id\":\"https:\\\/\\\/profumix.it\\\/en\\\/#website\"},\"primaryImageOfPage\":{\"@id\":\"https:\\\/\\\/profumix.it\\\/en\\\/prodotto\\\/jacques-bogart-paris-one-man-show-30ml-spray-eau-de-toilette\\\/#primaryimage\"},\"image\":{\"@id\":\"https:\\\/\\\/profumix.it\\\/en\\\/prodotto\\\/jacques-bogart-paris-one-man-show-30ml-spray-eau-de-toilette\\\/#primaryimage\"},\"thumbnailUrl\":\"https:\\\/\\\/profumix.it\\\/wp-content\\\/uploads\\\/2016\\\/09\\\/product_o_n_one-man-show-by-jacques-bogart_30ml.jpg\",\"datePublished\":\"2016-09-19T11:26:50+00:00\",\"dateModified\":\"2024-12-05T16:01:13+00:00\",\"breadcrumb\":{\"@id\":\"https:\\\/\\\/profumix.it\\\/en\\\/prodotto\\\/jacques-bogart-paris-one-man-show-30ml-spray-eau-de-toilette\\\/#breadcrumb\"},\"inLanguage\":\"en-US\",\"potentialAction\":[{\"@type\":\"ReadAction\",\"target\":[\"https:\\\/\\\/profumix.it\\\/en\\\/prodotto\\\/jacques-bogart-paris-one-man-show-30ml-spray-eau-de-toilette\\\/\"]}]},{\"@type\":\"ImageObject\",\"inLanguage\":\"en-US\",\"@id\":\"https:\\\/\\\/profumix.it\\\/en\\\/prodotto\\\/jacques-bogart-paris-one-man-show-30ml-spray-eau-de-toilette\\\/#primaryimage\",\"url\":\"https:\\\/\\\/profumix.it\\\/wp-content\\\/uploads\\\/2016\\\/09\\\/product_o_n_one-man-show-by-jacques-bogart_30ml.jpg\",\"contentUrl\":\"https:\\\/\\\/profumix.it\\\/wp-content\\\/uploads\\\/2016\\\/09\\\/product_o_n_one-man-show-by-jacques-bogart_30ml.jpg\",\"width\":750,\"height\":750,\"caption\":\"JACQUES BOGART PARIS ONE MAN SHOW 30ML SPRAY EAU DE TOILETTE\"},{\"@type\":\"BreadcrumbList\",\"@id\":\"https:\\\/\\\/profumix.it\\\/en\\\/prodotto\\\/jacques-bogart-paris-one-man-show-30ml-spray-eau-de-toilette\\\/#breadcrumb\",\"itemListElement\":[{\"@type\":\"ListItem\",\"position\":1,\"name\":\"Home\",\"item\":\"https:\\\/\\\/profumix.it\\\/en\\\/home\\\/\"},{\"@type\":\"ListItem\",\"position\":2,\"name\":\"Shop\",\"item\":\"https:\\\/\\\/profumix.it\\\/en\\\/shop\\\/\"},{\"@type\":\"ListItem\",\"position\":3,\"name\":\"JACQUES BOGART PARIS ONE MAN SHOW 30ML SPRAY EAU DE TOILETTE\"}]},{\"@type\":\"WebSite\",\"@id\":\"https:\\\/\\\/profumix.it\\\/en\\\/#website\",\"url\":\"https:\\\/\\\/profumix.it\\\/en\\\/\",\"name\":\"Profumix Perfumes\",\"description\":\"\",\"potentialAction\":[{\"@type\":\"SearchAction\",\"target\":{\"@type\":\"EntryPoint\",\"urlTemplate\":\"https:\\\/\\\/profumix.it\\\/en\\\/?s={search_term_string}\"},\"query-input\":{\"@type\":\"PropertyValueSpecification\",\"valueRequired\":true,\"valueName\":\"search_term_string\"}}],\"inLanguage\":\"en-US\"}]}<\/script>\n<!-- \/ Yoast SEO plugin. -->","yoast_head_json":{"title":"JACQUES BOGART PARIS ONE MAN SHOW 30ML SPRAY EAU DE TOILETTE","robots":{"index":"index","follow":"follow","max-snippet":"max-snippet:-1","max-image-preview":"max-image-preview:large","max-video-preview":"max-video-preview:-1"},"canonical":"https:\/\/profumix.it\/en\/prodotto\/jacques-bogart-paris-one-man-show-30ml-spray-eau-de-toilette\/","og_locale":"en_US","og_type":"article","og_title":"JACQUES BOGART PARIS ONE MAN SHOW 30ML SPRAY EAU DE TOILETTE","og_description":"One Man Show di Jacques Bogart \u00e8 una fragranza del gruppo Chypre da uomo. One Man Show \u00e8 stato lanciato sul mercato nel 1980. Il Naso di questa fragranza \u00e8 Roger Pellegrino. Le note di testa sono Basilico, Bergamotto, Carvi, Artemisia, Galbano e Legno di Rosa Brasiliano; le note di cuore sono Aghi di Pino, Garofano, Noce Moscata, Patchouli, Spezie, Vetiver, Geranio, Labdano, Rosa e Gelsomino; le note di base sono Muschio di Quercia, Cuoio, Legno di Cedro, Sandalo, Storace, Ambra, Fava Tonka, Castoreo, Vaniglia e Cocco.","og_url":"https:\/\/profumix.it\/en\/prodotto\/jacques-bogart-paris-one-man-show-30ml-spray-eau-de-toilette\/","og_site_name":"Profumix Perfumes","article_publisher":"https:\/\/www.facebook.com\/profumix","article_modified_time":"2024-12-05T16:01:13+00:00","og_image":[{"width":750,"height":750,"url":"https:\/\/profumix.it\/wp-content\/uploads\/2016\/09\/product_o_n_one-man-show-by-jacques-bogart_30ml.jpg","type":"image\/jpeg"}],"twitter_card":"summary_large_image","schema":{"@context":"https:\/\/schema.org","@graph":[{"@type":"WebPage","@id":"https:\/\/profumix.it\/en\/prodotto\/jacques-bogart-paris-one-man-show-30ml-spray-eau-de-toilette\/","url":"https:\/\/profumix.it\/en\/prodotto\/jacques-bogart-paris-one-man-show-30ml-spray-eau-de-toilette\/","name":"JACQUES BOGART PARIS ONE MAN SHOW 30ML SPRAY EAU DE TOILETTE","isPartOf":{"@id":"https:\/\/profumix.it\/en\/#website"},"primaryImageOfPage":{"@id":"https:\/\/profumix.it\/en\/prodotto\/jacques-bogart-paris-one-man-show-30ml-spray-eau-de-toilette\/#primaryimage"},"image":{"@id":"https:\/\/profumix.it\/en\/prodotto\/jacques-bogart-paris-one-man-show-30ml-spray-eau-de-toilette\/#primaryimage"},"thumbnailUrl":"https:\/\/profumix.it\/wp-content\/uploads\/2016\/09\/product_o_n_one-man-show-by-jacques-bogart_30ml.jpg","datePublished":"2016-09-19T11:26:50+00:00","dateModified":"2024-12-05T16:01:13+00:00","breadcrumb":{"@id":"https:\/\/profumix.it\/en\/prodotto\/jacques-bogart-paris-one-man-show-30ml-spray-eau-de-toilette\/#breadcrumb"},"inLanguage":"en-US","potentialAction":[{"@type":"ReadAction","target":["https:\/\/profumix.it\/en\/prodotto\/jacques-bogart-paris-one-man-show-30ml-spray-eau-de-toilette\/"]}]},{"@type":"ImageObject","inLanguage":"en-US","@id":"https:\/\/profumix.it\/en\/prodotto\/jacques-bogart-paris-one-man-show-30ml-spray-eau-de-toilette\/#primaryimage","url":"https:\/\/profumix.it\/wp-content\/uploads\/2016\/09\/product_o_n_one-man-show-by-jacques-bogart_30ml.jpg","contentUrl":"https:\/\/profumix.it\/wp-content\/uploads\/2016\/09\/product_o_n_one-man-show-by-jacques-bogart_30ml.jpg","width":750,"height":750,"caption":"JACQUES BOGART PARIS ONE MAN SHOW 30ML SPRAY EAU DE TOILETTE"},{"@type":"BreadcrumbList","@id":"https:\/\/profumix.it\/en\/prodotto\/jacques-bogart-paris-one-man-show-30ml-spray-eau-de-toilette\/#breadcrumb","itemListElement":[{"@type":"ListItem","position":1,"name":"Home","item":"https:\/\/profumix.it\/en\/home\/"},{"@type":"ListItem","position":2,"name":"Shop","item":"https:\/\/profumix.it\/en\/shop\/"},{"@type":"ListItem","position":3,"name":"JACQUES BOGART PARIS ONE MAN SHOW 30ML SPRAY EAU DE TOILETTE"}]},{"@type":"WebSite","@id":"https:\/\/profumix.it\/en\/#website","url":"https:\/\/profumix.it\/en\/","name":"Profumix Perfumes","description":"","potentialAction":[{"@type":"SearchAction","target":{"@type":"EntryPoint","urlTemplate":"https:\/\/profumix.it\/en\/?s={search_term_string}"},"query-input":{"@type":"PropertyValueSpecification","valueRequired":true,"valueName":"search_term_string"}}],"inLanguage":"en-US"}]}},"_links":{"self":[{"href":"https:\/\/profumix.it\/en\/wp-json\/wp\/v2\/product\/79227","targetHints":{"allow":["GET"]}}],"collection":[{"href":"https:\/\/profumix.it\/en\/wp-json\/wp\/v2\/product"}],"about":[{"href":"https:\/\/profumix.it\/en\/wp-json\/wp\/v2\/types\/product"}],"replies":[{"embeddable":true,"href":"https:\/\/profumix.it\/en\/wp-json\/wp\/v2\/comments?post=79227"}],"wp:featuredmedia":[{"embeddable":true,"href":"https:\/\/profumix.it\/en\/wp-json\/wp\/v2\/media\/79226"}],"wp:attachment":[{"href":"https:\/\/profumix.it\/en\/wp-json\/wp\/v2\/media?parent=79227"}],"wp:term":[{"taxonomy":"product_brand","embeddable":true,"href":"https:\/\/profumix.it\/en\/wp-json\/wp\/v2\/product_brand?post=79227"},{"taxonomy":"product_cat","embeddable":true,"href":"https:\/\/profumix.it\/en\/wp-json\/wp\/v2\/product_cat?post=79227"},{"taxonomy":"product_tag","embeddable":true,"href":"https:\/\/profumix.it\/en\/wp-json\/wp\/v2\/product_tag?post=79227"}],"curies":[{"name":"wp","href":"https:\/\/api.w.org\/{rel}","templated":true}]}}