{"id":79401,"date":"2016-10-05T18:50:19","date_gmt":"2016-10-05T16:50:19","guid":{"rendered":"https:\/\/profumix.it\/prodotto\/azzaro-visit-100ml-spray-eau-de-toilette-tester-91\/"},"modified":"2016-10-05T18:50:19","modified_gmt":"2016-10-05T16:50:19","slug":"azzaro-visit-100ml-spray-eau-de-toilette-tester-91","status":"publish","type":"product","link":"https:\/\/profumix.it\/en\/prodotto\/azzaro-visit-100ml-spray-eau-de-toilette-tester-91\/","title":{"rendered":"GIFT SET ZADIG &#038; VOLTAIRE THIS IS HIM! EAU DE TOILETTE POUR LUI SPRAY 50ML + 2 PEZZI SHOWER GEL 50ML"},"content":{"rendered":"<p>THIS IS HIM DI ZADIG &#038; VOLTAIRE \u00c8 UNA FRAGRANZA DEL GRUPPO ORIENTALE LEGNOSO DA UOMO. E&#8217; UNA NUOVA FRAGRANZA. THIS IS HIM \u00c8 STATO LANCIATO SUL MERCATO NEL 2016. THIS IS HIM \u00c8 STATO CREATO DA NATHALIE LORSON E AURELIEN GUICHARD. <\/p>\n<p>LE NOTE SONO POMPELMO E PEPE NERO;<br \/>\nLE NOTE DI CUORE SONO INCENSO E VANIGLIA;<br \/>\nLA NOTA DI BASE \u00c8 SANDALO.<\/p>\n","protected":false},"excerpt":{"rendered":"<p>THIS IS HIM DI ZADIG &#038; VOLTAIRE \u00c8 UNA FRAGRANZA DEL GRUPPO ORIENTALE LEGNOSO DA UOMO. E&#8217; UNA NUOVA FRAGRANZA. THIS IS HIM \u00c8 STATO LANCIATO SUL MERCATO NEL 2016. THIS IS HIM \u00c8 STATO CREATO DA NATHALIE LORSON E AURELIEN GUICHARD. <\/p>\n<p>LE NOTE SONO POMPELMO E PEPE NERO;<br \/>\nLE NOTE DI CUORE SONO INCENSO E VANIGLIA;<br \/>\nLA NOTA DI BASE \u00c8 SANDALO.<\/p>\n","protected":false},"featured_media":79400,"comment_status":"open","ping_status":"closed","template":"","meta":{"_et_pb_use_builder":"","_et_pb_old_content":"","_et_gb_content_width":""},"product_brand":[],"product_cat":[7113,7098,7106,7114,7107],"product_tag":[],"class_list":{"0":"post-79401","1":"product","2":"type-product","3":"status-publish","4":"has-post-thumbnail","6":"product_cat-confezioni-regalo","7":"product_cat-default-category","8":"product_cat-profumi-default-category","9":"product_cat-uomo-1-confezioni-regalo","10":"product_cat-uomo-profumi-default-category","11":"pa_bollino-offerta_speciale","12":"pa_categoria_desc-confezioniregalo","13":"pa_confezione_desc-confezioneoriginalenotester","14":"pa_formato_filtro-50ml","15":"pa_manufacturer-zadigvoltaire","16":"pa_sconto_desc-6881","17":"pa_spedizione_gratuita-no","18":"pa_tipo_filtro-sprayeaudetoilette","20":"first","21":"outofstock","22":"sale","23":"shipping-taxable","24":"purchasable","25":"product-type-simple"},"yoast_head":"<!-- This site is optimized with the Yoast SEO plugin v27.4 - https:\/\/yoast.com\/product\/yoast-seo-wordpress\/ -->\n<title>GIFT SET ZADIG &amp; VOLTAIRE THIS IS HIM! EAU DE TOILETTE POUR LUI SPRAY 50ML + 2 PEZZI SHOWER GEL 50ML<\/title>\n<meta name=\"robots\" content=\"index, follow, max-snippet:-1, max-image-preview:large, max-video-preview:-1\" \/>\n<link rel=\"canonical\" href=\"https:\/\/profumix.it\/en\/prodotto\/azzaro-visit-100ml-spray-eau-de-toilette-tester-91\/\" \/>\n<meta property=\"og:locale\" content=\"en_US\" \/>\n<meta property=\"og:type\" content=\"article\" \/>\n<meta property=\"og:title\" content=\"GIFT SET ZADIG &amp; VOLTAIRE THIS IS HIM! EAU DE TOILETTE POUR LUI SPRAY 50ML + 2 PEZZI SHOWER GEL 50ML\" \/>\n<meta property=\"og:description\" content=\"THIS IS HIM DI ZADIG &amp; VOLTAIRE \u00c8 UNA FRAGRANZA DEL GRUPPO ORIENTALE LEGNOSO DA UOMO. E&#039; UNA NUOVA FRAGRANZA. THIS IS HIM \u00c8 STATO LANCIATO SUL MERCATO NEL 2016. THIS IS HIM \u00c8 STATO CREATO DA NATHALIE LORSON E AURELIEN GUICHARD.   LE NOTE SONO POMPELMO E PEPE NERO;  LE NOTE DI CUORE SONO INCENSO E VANIGLIA;  LA NOTA DI BASE \u00c8 SANDALO.\" \/>\n<meta property=\"og:url\" content=\"https:\/\/profumix.it\/en\/prodotto\/azzaro-visit-100ml-spray-eau-de-toilette-tester-91\/\" \/>\n<meta property=\"og:site_name\" content=\"Profumix Perfumes\" \/>\n<meta property=\"article:publisher\" content=\"https:\/\/www.facebook.com\/profumix\" \/>\n<meta property=\"og:image\" content=\"https:\/\/profumix.it\/wp-content\/uploads\/2016\/10\/product_g_i_gift-set-zadig-_-voltaire-this-is-him-eau-de-toilette-spray-50ml-due-shower-gel-50ml.jpg\" \/>\n\t<meta property=\"og:image:width\" content=\"1500\" \/>\n\t<meta property=\"og:image:height\" content=\"1500\" \/>\n\t<meta property=\"og:image:type\" content=\"image\/jpeg\" \/>\n<meta name=\"twitter:card\" content=\"summary_large_image\" \/>\n<script type=\"application\/ld+json\" class=\"yoast-schema-graph\">{\"@context\":\"https:\\\/\\\/schema.org\",\"@graph\":[{\"@type\":\"WebPage\",\"@id\":\"https:\\\/\\\/profumix.it\\\/en\\\/prodotto\\\/azzaro-visit-100ml-spray-eau-de-toilette-tester-91\\\/\",\"url\":\"https:\\\/\\\/profumix.it\\\/en\\\/prodotto\\\/azzaro-visit-100ml-spray-eau-de-toilette-tester-91\\\/\",\"name\":\"GIFT SET ZADIG & VOLTAIRE THIS IS HIM! EAU DE TOILETTE POUR LUI SPRAY 50ML + 2 PEZZI SHOWER GEL 50ML\",\"isPartOf\":{\"@id\":\"https:\\\/\\\/profumix.it\\\/en\\\/#website\"},\"primaryImageOfPage\":{\"@id\":\"https:\\\/\\\/profumix.it\\\/en\\\/prodotto\\\/azzaro-visit-100ml-spray-eau-de-toilette-tester-91\\\/#primaryimage\"},\"image\":{\"@id\":\"https:\\\/\\\/profumix.it\\\/en\\\/prodotto\\\/azzaro-visit-100ml-spray-eau-de-toilette-tester-91\\\/#primaryimage\"},\"thumbnailUrl\":\"https:\\\/\\\/profumix.it\\\/wp-content\\\/uploads\\\/2016\\\/10\\\/product_g_i_gift-set-zadig-_-voltaire-this-is-him-eau-de-toilette-spray-50ml-due-shower-gel-50ml.jpg\",\"datePublished\":\"2016-10-05T16:50:19+00:00\",\"breadcrumb\":{\"@id\":\"https:\\\/\\\/profumix.it\\\/en\\\/prodotto\\\/azzaro-visit-100ml-spray-eau-de-toilette-tester-91\\\/#breadcrumb\"},\"inLanguage\":\"en-US\",\"potentialAction\":[{\"@type\":\"ReadAction\",\"target\":[\"https:\\\/\\\/profumix.it\\\/en\\\/prodotto\\\/azzaro-visit-100ml-spray-eau-de-toilette-tester-91\\\/\"]}]},{\"@type\":\"ImageObject\",\"inLanguage\":\"en-US\",\"@id\":\"https:\\\/\\\/profumix.it\\\/en\\\/prodotto\\\/azzaro-visit-100ml-spray-eau-de-toilette-tester-91\\\/#primaryimage\",\"url\":\"https:\\\/\\\/profumix.it\\\/wp-content\\\/uploads\\\/2016\\\/10\\\/product_g_i_gift-set-zadig-_-voltaire-this-is-him-eau-de-toilette-spray-50ml-due-shower-gel-50ml.jpg\",\"contentUrl\":\"https:\\\/\\\/profumix.it\\\/wp-content\\\/uploads\\\/2016\\\/10\\\/product_g_i_gift-set-zadig-_-voltaire-this-is-him-eau-de-toilette-spray-50ml-due-shower-gel-50ml.jpg\",\"width\":1500,\"height\":1500,\"caption\":\"GIFT SET ZADIG & VOLTAIRE THIS IS HIM! EAU DE TOILETTE POUR LUI SPRAY 50ML + 2 PEZZI SHOWER GEL 50ML\"},{\"@type\":\"BreadcrumbList\",\"@id\":\"https:\\\/\\\/profumix.it\\\/en\\\/prodotto\\\/azzaro-visit-100ml-spray-eau-de-toilette-tester-91\\\/#breadcrumb\",\"itemListElement\":[{\"@type\":\"ListItem\",\"position\":1,\"name\":\"Home\",\"item\":\"https:\\\/\\\/profumix.it\\\/en\\\/home\\\/\"},{\"@type\":\"ListItem\",\"position\":2,\"name\":\"Shop\",\"item\":\"https:\\\/\\\/profumix.it\\\/en\\\/shop\\\/\"},{\"@type\":\"ListItem\",\"position\":3,\"name\":\"GIFT SET ZADIG &#038; VOLTAIRE THIS IS HIM! EAU DE TOILETTE POUR LUI SPRAY 50ML + 2 PEZZI SHOWER GEL 50ML\"}]},{\"@type\":\"WebSite\",\"@id\":\"https:\\\/\\\/profumix.it\\\/en\\\/#website\",\"url\":\"https:\\\/\\\/profumix.it\\\/en\\\/\",\"name\":\"Profumix Perfumes\",\"description\":\"\",\"potentialAction\":[{\"@type\":\"SearchAction\",\"target\":{\"@type\":\"EntryPoint\",\"urlTemplate\":\"https:\\\/\\\/profumix.it\\\/en\\\/?s={search_term_string}\"},\"query-input\":{\"@type\":\"PropertyValueSpecification\",\"valueRequired\":true,\"valueName\":\"search_term_string\"}}],\"inLanguage\":\"en-US\"}]}<\/script>\n<!-- \/ Yoast SEO plugin. -->","yoast_head_json":{"title":"GIFT SET ZADIG & VOLTAIRE THIS IS HIM! EAU DE TOILETTE POUR LUI SPRAY 50ML + 2 PEZZI SHOWER GEL 50ML","robots":{"index":"index","follow":"follow","max-snippet":"max-snippet:-1","max-image-preview":"max-image-preview:large","max-video-preview":"max-video-preview:-1"},"canonical":"https:\/\/profumix.it\/en\/prodotto\/azzaro-visit-100ml-spray-eau-de-toilette-tester-91\/","og_locale":"en_US","og_type":"article","og_title":"GIFT SET ZADIG & VOLTAIRE THIS IS HIM! EAU DE TOILETTE POUR LUI SPRAY 50ML + 2 PEZZI SHOWER GEL 50ML","og_description":"THIS IS HIM DI ZADIG & VOLTAIRE \u00c8 UNA FRAGRANZA DEL GRUPPO ORIENTALE LEGNOSO DA UOMO. E' UNA NUOVA FRAGRANZA. THIS IS HIM \u00c8 STATO LANCIATO SUL MERCATO NEL 2016. THIS IS HIM \u00c8 STATO CREATO DA NATHALIE LORSON E AURELIEN GUICHARD.   LE NOTE SONO POMPELMO E PEPE NERO;  LE NOTE DI CUORE SONO INCENSO E VANIGLIA;  LA NOTA DI BASE \u00c8 SANDALO.","og_url":"https:\/\/profumix.it\/en\/prodotto\/azzaro-visit-100ml-spray-eau-de-toilette-tester-91\/","og_site_name":"Profumix Perfumes","article_publisher":"https:\/\/www.facebook.com\/profumix","og_image":[{"width":1500,"height":1500,"url":"https:\/\/profumix.it\/wp-content\/uploads\/2016\/10\/product_g_i_gift-set-zadig-_-voltaire-this-is-him-eau-de-toilette-spray-50ml-due-shower-gel-50ml.jpg","type":"image\/jpeg"}],"twitter_card":"summary_large_image","schema":{"@context":"https:\/\/schema.org","@graph":[{"@type":"WebPage","@id":"https:\/\/profumix.it\/en\/prodotto\/azzaro-visit-100ml-spray-eau-de-toilette-tester-91\/","url":"https:\/\/profumix.it\/en\/prodotto\/azzaro-visit-100ml-spray-eau-de-toilette-tester-91\/","name":"GIFT SET ZADIG & VOLTAIRE THIS IS HIM! EAU DE TOILETTE POUR LUI SPRAY 50ML + 2 PEZZI SHOWER GEL 50ML","isPartOf":{"@id":"https:\/\/profumix.it\/en\/#website"},"primaryImageOfPage":{"@id":"https:\/\/profumix.it\/en\/prodotto\/azzaro-visit-100ml-spray-eau-de-toilette-tester-91\/#primaryimage"},"image":{"@id":"https:\/\/profumix.it\/en\/prodotto\/azzaro-visit-100ml-spray-eau-de-toilette-tester-91\/#primaryimage"},"thumbnailUrl":"https:\/\/profumix.it\/wp-content\/uploads\/2016\/10\/product_g_i_gift-set-zadig-_-voltaire-this-is-him-eau-de-toilette-spray-50ml-due-shower-gel-50ml.jpg","datePublished":"2016-10-05T16:50:19+00:00","breadcrumb":{"@id":"https:\/\/profumix.it\/en\/prodotto\/azzaro-visit-100ml-spray-eau-de-toilette-tester-91\/#breadcrumb"},"inLanguage":"en-US","potentialAction":[{"@type":"ReadAction","target":["https:\/\/profumix.it\/en\/prodotto\/azzaro-visit-100ml-spray-eau-de-toilette-tester-91\/"]}]},{"@type":"ImageObject","inLanguage":"en-US","@id":"https:\/\/profumix.it\/en\/prodotto\/azzaro-visit-100ml-spray-eau-de-toilette-tester-91\/#primaryimage","url":"https:\/\/profumix.it\/wp-content\/uploads\/2016\/10\/product_g_i_gift-set-zadig-_-voltaire-this-is-him-eau-de-toilette-spray-50ml-due-shower-gel-50ml.jpg","contentUrl":"https:\/\/profumix.it\/wp-content\/uploads\/2016\/10\/product_g_i_gift-set-zadig-_-voltaire-this-is-him-eau-de-toilette-spray-50ml-due-shower-gel-50ml.jpg","width":1500,"height":1500,"caption":"GIFT SET ZADIG & VOLTAIRE THIS IS HIM! EAU DE TOILETTE POUR LUI SPRAY 50ML + 2 PEZZI SHOWER GEL 50ML"},{"@type":"BreadcrumbList","@id":"https:\/\/profumix.it\/en\/prodotto\/azzaro-visit-100ml-spray-eau-de-toilette-tester-91\/#breadcrumb","itemListElement":[{"@type":"ListItem","position":1,"name":"Home","item":"https:\/\/profumix.it\/en\/home\/"},{"@type":"ListItem","position":2,"name":"Shop","item":"https:\/\/profumix.it\/en\/shop\/"},{"@type":"ListItem","position":3,"name":"GIFT SET ZADIG &#038; VOLTAIRE THIS IS HIM! EAU DE TOILETTE POUR LUI SPRAY 50ML + 2 PEZZI SHOWER GEL 50ML"}]},{"@type":"WebSite","@id":"https:\/\/profumix.it\/en\/#website","url":"https:\/\/profumix.it\/en\/","name":"Profumix Perfumes","description":"","potentialAction":[{"@type":"SearchAction","target":{"@type":"EntryPoint","urlTemplate":"https:\/\/profumix.it\/en\/?s={search_term_string}"},"query-input":{"@type":"PropertyValueSpecification","valueRequired":true,"valueName":"search_term_string"}}],"inLanguage":"en-US"}]}},"_links":{"self":[{"href":"https:\/\/profumix.it\/en\/wp-json\/wp\/v2\/product\/79401","targetHints":{"allow":["GET"]}}],"collection":[{"href":"https:\/\/profumix.it\/en\/wp-json\/wp\/v2\/product"}],"about":[{"href":"https:\/\/profumix.it\/en\/wp-json\/wp\/v2\/types\/product"}],"replies":[{"embeddable":true,"href":"https:\/\/profumix.it\/en\/wp-json\/wp\/v2\/comments?post=79401"}],"wp:featuredmedia":[{"embeddable":true,"href":"https:\/\/profumix.it\/en\/wp-json\/wp\/v2\/media\/79400"}],"wp:attachment":[{"href":"https:\/\/profumix.it\/en\/wp-json\/wp\/v2\/media?parent=79401"}],"wp:term":[{"taxonomy":"product_brand","embeddable":true,"href":"https:\/\/profumix.it\/en\/wp-json\/wp\/v2\/product_brand?post=79401"},{"taxonomy":"product_cat","embeddable":true,"href":"https:\/\/profumix.it\/en\/wp-json\/wp\/v2\/product_cat?post=79401"},{"taxonomy":"product_tag","embeddable":true,"href":"https:\/\/profumix.it\/en\/wp-json\/wp\/v2\/product_tag?post=79401"}],"curies":[{"name":"wp","href":"https:\/\/api.w.org\/{rel}","templated":true}]}}