{"id":79437,"date":"2016-10-21T11:34:40","date_gmt":"2016-10-21T09:34:40","guid":{"rendered":"https:\/\/profumix.it\/prodotto\/riminiscence-paris-patchouli-200ml-spray-eau-de-toilette\/"},"modified":"2025-07-02T13:09:18","modified_gmt":"2025-07-02T11:09:18","slug":"riminiscence-paris-patchouli-200ml-spray-eau-de-toilette","status":"publish","type":"product","link":"https:\/\/profumix.it\/en\/prodotto\/riminiscence-paris-patchouli-200ml-spray-eau-de-toilette\/","title":{"rendered":"REMINISCENCE PARIS PATCHOULI 200ML SPRAY EAU DE TOILETTE"},"content":{"rendered":"<p>Patchouli di Reminiscence \u00e8 una fragranza orientale bois\u00e9, declinata per il pubblico femminile lanciata nel 1970 e ormai diventata un grande classico. Il profumo evoca il sogno hippie, l&#8217;attitudine boh\u00e9mien e il respiro della piena libert\u00e0 e dell&#8217;evasione.<br \/>\nDa pi\u00f9 di 30 anni questo profumo, che si tramanda di madre in figlia come un&#8217;eredit\u00e0 di mistero e sensualit\u00e0, continua il suo viaggio nello spazio e nel tempo sempre verso nuovi orizzonti.<br \/>\nDopo le note bois\u00e9 iniziali di cedro, la fragranza si schiude con Patchouli di Java insieme al Vetiver di Haiti e al Sandalo australiano, per concludersi in una scia di note ambrate, golosamente balsamiche di Vaniglia, Fava Tonka, Balsamo di Tol\u00f9 e Muschio Bianco.<br \/>\nPatchouli \u00e8 la colonna\u2026olfattiva del viaggio di tutta una vita.<\/p>\n<p>Piramide Olfattiva<br \/>\nNote di Testa: Cedro<br \/>\nNote di Cuore: Patchouli, Legno di Sandalo, Vetiver<br \/>\nNote di Fondo: Vaniglia, Fava Tonka, Labdano francese, Tolu balsamo, Muschio bianco<\/p>\n","protected":false},"excerpt":{"rendered":"<p>Patchouli di Reminiscence \u00e8 una fragranza orientale bois\u00e9, declinata per il pubblico femminile lanciata nel 1970 e ormai diventata un grande classico. Il profumo evoca il sogno hippie, l&#8217;attitudine boh\u00e9mien e il respiro della piena libert\u00e0 e dell&#8217;evasione.<br \/>\nDa pi\u00f9 di 30 anni questo profumo, che si tramanda di madre in figlia come un&#8217;eredit\u00e0 di mistero e sensualit\u00e0, continua il suo viaggio nello spazio e nel tempo sempre verso nuovi orizzonti.<br \/>\nDopo le note bois\u00e9 iniziali di cedro, la fragranza si schiude con Patchouli di Java insieme al Vetiver di Haiti e al Sandalo australiano, per concludersi in una scia di note ambrate, golosamente balsamiche di Vaniglia, Fava Tonka, Balsamo di Tol\u00f9 e Muschio Bianco.<br \/>\nPatchouli \u00e8 la colonna\u2026olfattiva del viaggio di tutta una vita.<\/p>\n<p>Piramide Olfattiva<br \/>\nNote di Testa: Cedro<br \/>\nNote di Cuore: Patchouli, Legno di Sandalo, Vetiver<br \/>\nNote di Fondo: Vaniglia, Fava Tonka, Labdano francese, Tolu balsamo, Muschio bianco<\/p>\n","protected":false},"featured_media":79436,"comment_status":"open","ping_status":"closed","template":"","meta":{"_et_pb_use_builder":"","_et_pb_old_content":"","_et_gb_content_width":""},"product_brand":[],"product_cat":[7109,7100,7099,7098,7106],"product_tag":[],"class_list":{"0":"post-79437","1":"product","2":"type-product","3":"status-publish","4":"has-post-thumbnail","6":"product_cat-donna","7":"product_cat-in-vetrina","8":"product_cat-offerte-da-non-perdere-default-category","9":"product_cat-default-category","10":"product_cat-profumi-default-category","11":"pa_bollino-offerta_speciale","12":"pa_categoria_desc-profumidonna","13":"pa_confezione_desc-16-confezioneoriginaleblister","14":"pa_formato_filtro-200ml","15":"pa_manufacturer-reminiscenceparis","16":"pa_sconto_desc-6911","17":"pa_spedizione_gratuita-no","18":"pa_tipo_filtro-sprayeaudetoilette","20":"first","21":"outofstock","22":"sale","23":"shipping-taxable","24":"purchasable","25":"product-type-simple"},"yoast_head":"<!-- This site is optimized with the Yoast SEO plugin v27.4 - https:\/\/yoast.com\/product\/yoast-seo-wordpress\/ -->\n<title>REMINISCENCE PARIS PATCHOULI 200ML SPRAY EAU DE TOILETTE<\/title>\n<meta name=\"robots\" content=\"index, follow, max-snippet:-1, max-image-preview:large, max-video-preview:-1\" \/>\n<link rel=\"canonical\" href=\"https:\/\/profumix.it\/en\/prodotto\/riminiscence-paris-patchouli-200ml-spray-eau-de-toilette\/\" \/>\n<meta property=\"og:locale\" content=\"en_US\" \/>\n<meta property=\"og:type\" content=\"article\" \/>\n<meta property=\"og:title\" content=\"REMINISCENCE PARIS PATCHOULI 200ML SPRAY EAU DE TOILETTE\" \/>\n<meta property=\"og:description\" content=\"Patchouli di Reminiscence \u00e8 una fragranza orientale bois\u00e9, declinata per il pubblico femminile lanciata nel 1970 e ormai diventata un grande classico. Il profumo evoca il sogno hippie, l&#039;attitudine boh\u00e9mien e il respiro della piena libert\u00e0 e dell&#039;evasione. Da pi\u00f9 di 30 anni questo profumo, che si tramanda di madre in figlia come un&#039;eredit\u00e0 di mistero e sensualit\u00e0, continua il suo viaggio nello spazio e nel tempo sempre verso nuovi orizzonti. Dopo le note bois\u00e9 iniziali di cedro, la fragranza si schiude con Patchouli di Java insieme al Vetiver di Haiti e al Sandalo australiano, per concludersi in una scia di note ambrate, golosamente balsamiche di Vaniglia, Fava Tonka, Balsamo di Tol\u00f9 e Muschio Bianco. Patchouli \u00e8 la colonna\u2026olfattiva del viaggio di tutta una vita.  Piramide Olfattiva Note di Testa: Cedro Note di Cuore: Patchouli, Legno di Sandalo, Vetiver Note di Fondo: Vaniglia, Fava Tonka, Labdano francese, Tolu balsamo, Muschio bianco\" \/>\n<meta property=\"og:url\" content=\"https:\/\/profumix.it\/en\/prodotto\/riminiscence-paris-patchouli-200ml-spray-eau-de-toilette\/\" \/>\n<meta property=\"og:site_name\" content=\"Profumix Perfumes\" \/>\n<meta property=\"article:publisher\" content=\"https:\/\/www.facebook.com\/profumix\" \/>\n<meta property=\"article:modified_time\" content=\"2025-07-02T11:09:18+00:00\" \/>\n<meta property=\"og:image\" content=\"https:\/\/profumix.it\/wp-content\/uploads\/2016\/10\/product_r_e_reminiscence_patchouli_200ml_spray_eau_de_toilette.jpg\" \/>\n\t<meta property=\"og:image:width\" content=\"1500\" \/>\n\t<meta property=\"og:image:height\" content=\"1500\" \/>\n\t<meta property=\"og:image:type\" content=\"image\/jpeg\" \/>\n<meta name=\"twitter:card\" content=\"summary_large_image\" \/>\n<meta name=\"twitter:label1\" content=\"Est. reading time\" \/>\n\t<meta name=\"twitter:data1\" content=\"2 minutes\" \/>\n<script type=\"application\/ld+json\" class=\"yoast-schema-graph\">{\"@context\":\"https:\\\/\\\/schema.org\",\"@graph\":[{\"@type\":\"WebPage\",\"@id\":\"https:\\\/\\\/profumix.it\\\/en\\\/prodotto\\\/riminiscence-paris-patchouli-200ml-spray-eau-de-toilette\\\/\",\"url\":\"https:\\\/\\\/profumix.it\\\/en\\\/prodotto\\\/riminiscence-paris-patchouli-200ml-spray-eau-de-toilette\\\/\",\"name\":\"REMINISCENCE PARIS PATCHOULI 200ML SPRAY EAU DE TOILETTE\",\"isPartOf\":{\"@id\":\"https:\\\/\\\/profumix.it\\\/en\\\/#website\"},\"primaryImageOfPage\":{\"@id\":\"https:\\\/\\\/profumix.it\\\/en\\\/prodotto\\\/riminiscence-paris-patchouli-200ml-spray-eau-de-toilette\\\/#primaryimage\"},\"image\":{\"@id\":\"https:\\\/\\\/profumix.it\\\/en\\\/prodotto\\\/riminiscence-paris-patchouli-200ml-spray-eau-de-toilette\\\/#primaryimage\"},\"thumbnailUrl\":\"https:\\\/\\\/profumix.it\\\/wp-content\\\/uploads\\\/2016\\\/10\\\/product_r_e_reminiscence_patchouli_200ml_spray_eau_de_toilette.jpg\",\"datePublished\":\"2016-10-21T09:34:40+00:00\",\"dateModified\":\"2025-07-02T11:09:18+00:00\",\"breadcrumb\":{\"@id\":\"https:\\\/\\\/profumix.it\\\/en\\\/prodotto\\\/riminiscence-paris-patchouli-200ml-spray-eau-de-toilette\\\/#breadcrumb\"},\"inLanguage\":\"en-US\",\"potentialAction\":[{\"@type\":\"ReadAction\",\"target\":[\"https:\\\/\\\/profumix.it\\\/en\\\/prodotto\\\/riminiscence-paris-patchouli-200ml-spray-eau-de-toilette\\\/\"]}]},{\"@type\":\"ImageObject\",\"inLanguage\":\"en-US\",\"@id\":\"https:\\\/\\\/profumix.it\\\/en\\\/prodotto\\\/riminiscence-paris-patchouli-200ml-spray-eau-de-toilette\\\/#primaryimage\",\"url\":\"https:\\\/\\\/profumix.it\\\/wp-content\\\/uploads\\\/2016\\\/10\\\/product_r_e_reminiscence_patchouli_200ml_spray_eau_de_toilette.jpg\",\"contentUrl\":\"https:\\\/\\\/profumix.it\\\/wp-content\\\/uploads\\\/2016\\\/10\\\/product_r_e_reminiscence_patchouli_200ml_spray_eau_de_toilette.jpg\",\"width\":1500,\"height\":1500,\"caption\":\"REMINISCENCE PARIS PATCHOULI 200ML SPRAY EAU DE TOILETTE\"},{\"@type\":\"BreadcrumbList\",\"@id\":\"https:\\\/\\\/profumix.it\\\/en\\\/prodotto\\\/riminiscence-paris-patchouli-200ml-spray-eau-de-toilette\\\/#breadcrumb\",\"itemListElement\":[{\"@type\":\"ListItem\",\"position\":1,\"name\":\"Home\",\"item\":\"https:\\\/\\\/profumix.it\\\/en\\\/home\\\/\"},{\"@type\":\"ListItem\",\"position\":2,\"name\":\"Shop\",\"item\":\"https:\\\/\\\/profumix.it\\\/en\\\/shop\\\/\"},{\"@type\":\"ListItem\",\"position\":3,\"name\":\"REMINISCENCE PARIS PATCHOULI 200ML SPRAY EAU DE TOILETTE\"}]},{\"@type\":\"WebSite\",\"@id\":\"https:\\\/\\\/profumix.it\\\/en\\\/#website\",\"url\":\"https:\\\/\\\/profumix.it\\\/en\\\/\",\"name\":\"Profumix Perfumes\",\"description\":\"\",\"potentialAction\":[{\"@type\":\"SearchAction\",\"target\":{\"@type\":\"EntryPoint\",\"urlTemplate\":\"https:\\\/\\\/profumix.it\\\/en\\\/?s={search_term_string}\"},\"query-input\":{\"@type\":\"PropertyValueSpecification\",\"valueRequired\":true,\"valueName\":\"search_term_string\"}}],\"inLanguage\":\"en-US\"}]}<\/script>\n<!-- \/ Yoast SEO plugin. -->","yoast_head_json":{"title":"REMINISCENCE PARIS PATCHOULI 200ML SPRAY EAU DE TOILETTE","robots":{"index":"index","follow":"follow","max-snippet":"max-snippet:-1","max-image-preview":"max-image-preview:large","max-video-preview":"max-video-preview:-1"},"canonical":"https:\/\/profumix.it\/en\/prodotto\/riminiscence-paris-patchouli-200ml-spray-eau-de-toilette\/","og_locale":"en_US","og_type":"article","og_title":"REMINISCENCE PARIS PATCHOULI 200ML SPRAY EAU DE TOILETTE","og_description":"Patchouli di Reminiscence \u00e8 una fragranza orientale bois\u00e9, declinata per il pubblico femminile lanciata nel 1970 e ormai diventata un grande classico. Il profumo evoca il sogno hippie, l'attitudine boh\u00e9mien e il respiro della piena libert\u00e0 e dell'evasione. Da pi\u00f9 di 30 anni questo profumo, che si tramanda di madre in figlia come un'eredit\u00e0 di mistero e sensualit\u00e0, continua il suo viaggio nello spazio e nel tempo sempre verso nuovi orizzonti. Dopo le note bois\u00e9 iniziali di cedro, la fragranza si schiude con Patchouli di Java insieme al Vetiver di Haiti e al Sandalo australiano, per concludersi in una scia di note ambrate, golosamente balsamiche di Vaniglia, Fava Tonka, Balsamo di Tol\u00f9 e Muschio Bianco. Patchouli \u00e8 la colonna\u2026olfattiva del viaggio di tutta una vita.  Piramide Olfattiva Note di Testa: Cedro Note di Cuore: Patchouli, Legno di Sandalo, Vetiver Note di Fondo: Vaniglia, Fava Tonka, Labdano francese, Tolu balsamo, Muschio bianco","og_url":"https:\/\/profumix.it\/en\/prodotto\/riminiscence-paris-patchouli-200ml-spray-eau-de-toilette\/","og_site_name":"Profumix Perfumes","article_publisher":"https:\/\/www.facebook.com\/profumix","article_modified_time":"2025-07-02T11:09:18+00:00","og_image":[{"width":1500,"height":1500,"url":"https:\/\/profumix.it\/wp-content\/uploads\/2016\/10\/product_r_e_reminiscence_patchouli_200ml_spray_eau_de_toilette.jpg","type":"image\/jpeg"}],"twitter_card":"summary_large_image","twitter_misc":{"Est. reading time":"2 minutes"},"schema":{"@context":"https:\/\/schema.org","@graph":[{"@type":"WebPage","@id":"https:\/\/profumix.it\/en\/prodotto\/riminiscence-paris-patchouli-200ml-spray-eau-de-toilette\/","url":"https:\/\/profumix.it\/en\/prodotto\/riminiscence-paris-patchouli-200ml-spray-eau-de-toilette\/","name":"REMINISCENCE PARIS PATCHOULI 200ML SPRAY EAU DE TOILETTE","isPartOf":{"@id":"https:\/\/profumix.it\/en\/#website"},"primaryImageOfPage":{"@id":"https:\/\/profumix.it\/en\/prodotto\/riminiscence-paris-patchouli-200ml-spray-eau-de-toilette\/#primaryimage"},"image":{"@id":"https:\/\/profumix.it\/en\/prodotto\/riminiscence-paris-patchouli-200ml-spray-eau-de-toilette\/#primaryimage"},"thumbnailUrl":"https:\/\/profumix.it\/wp-content\/uploads\/2016\/10\/product_r_e_reminiscence_patchouli_200ml_spray_eau_de_toilette.jpg","datePublished":"2016-10-21T09:34:40+00:00","dateModified":"2025-07-02T11:09:18+00:00","breadcrumb":{"@id":"https:\/\/profumix.it\/en\/prodotto\/riminiscence-paris-patchouli-200ml-spray-eau-de-toilette\/#breadcrumb"},"inLanguage":"en-US","potentialAction":[{"@type":"ReadAction","target":["https:\/\/profumix.it\/en\/prodotto\/riminiscence-paris-patchouli-200ml-spray-eau-de-toilette\/"]}]},{"@type":"ImageObject","inLanguage":"en-US","@id":"https:\/\/profumix.it\/en\/prodotto\/riminiscence-paris-patchouli-200ml-spray-eau-de-toilette\/#primaryimage","url":"https:\/\/profumix.it\/wp-content\/uploads\/2016\/10\/product_r_e_reminiscence_patchouli_200ml_spray_eau_de_toilette.jpg","contentUrl":"https:\/\/profumix.it\/wp-content\/uploads\/2016\/10\/product_r_e_reminiscence_patchouli_200ml_spray_eau_de_toilette.jpg","width":1500,"height":1500,"caption":"REMINISCENCE PARIS PATCHOULI 200ML SPRAY EAU DE TOILETTE"},{"@type":"BreadcrumbList","@id":"https:\/\/profumix.it\/en\/prodotto\/riminiscence-paris-patchouli-200ml-spray-eau-de-toilette\/#breadcrumb","itemListElement":[{"@type":"ListItem","position":1,"name":"Home","item":"https:\/\/profumix.it\/en\/home\/"},{"@type":"ListItem","position":2,"name":"Shop","item":"https:\/\/profumix.it\/en\/shop\/"},{"@type":"ListItem","position":3,"name":"REMINISCENCE PARIS PATCHOULI 200ML SPRAY EAU DE TOILETTE"}]},{"@type":"WebSite","@id":"https:\/\/profumix.it\/en\/#website","url":"https:\/\/profumix.it\/en\/","name":"Profumix Perfumes","description":"","potentialAction":[{"@type":"SearchAction","target":{"@type":"EntryPoint","urlTemplate":"https:\/\/profumix.it\/en\/?s={search_term_string}"},"query-input":{"@type":"PropertyValueSpecification","valueRequired":true,"valueName":"search_term_string"}}],"inLanguage":"en-US"}]}},"_links":{"self":[{"href":"https:\/\/profumix.it\/en\/wp-json\/wp\/v2\/product\/79437","targetHints":{"allow":["GET"]}}],"collection":[{"href":"https:\/\/profumix.it\/en\/wp-json\/wp\/v2\/product"}],"about":[{"href":"https:\/\/profumix.it\/en\/wp-json\/wp\/v2\/types\/product"}],"replies":[{"embeddable":true,"href":"https:\/\/profumix.it\/en\/wp-json\/wp\/v2\/comments?post=79437"}],"wp:featuredmedia":[{"embeddable":true,"href":"https:\/\/profumix.it\/en\/wp-json\/wp\/v2\/media\/79436"}],"wp:attachment":[{"href":"https:\/\/profumix.it\/en\/wp-json\/wp\/v2\/media?parent=79437"}],"wp:term":[{"taxonomy":"product_brand","embeddable":true,"href":"https:\/\/profumix.it\/en\/wp-json\/wp\/v2\/product_brand?post=79437"},{"taxonomy":"product_cat","embeddable":true,"href":"https:\/\/profumix.it\/en\/wp-json\/wp\/v2\/product_cat?post=79437"},{"taxonomy":"product_tag","embeddable":true,"href":"https:\/\/profumix.it\/en\/wp-json\/wp\/v2\/product_tag?post=79437"}],"curies":[{"name":"wp","href":"https:\/\/api.w.org\/{rel}","templated":true}]}}