{"id":79475,"date":"2017-01-12T14:36:25","date_gmt":"2017-01-12T13:36:25","guid":{"rendered":"https:\/\/profumix.it\/prodotto\/hugo-boss-xx-60ml-spray-eau-de-toilette-2\/"},"modified":"2017-01-12T14:36:25","modified_gmt":"2017-01-12T13:36:25","slug":"hugo-boss-xx-60ml-spray-eau-de-toilette-2","status":"publish","type":"product","link":"https:\/\/profumix.it\/en\/prodotto\/hugo-boss-xx-60ml-spray-eau-de-toilette-2\/","title":{"rendered":"HUGO BOSS &#8211; HUGO WOMAN GIFT SET 75ML SPRAY EAU DE PARFUM + 200ML BODY LOTION"},"content":{"rendered":"<p>HUGO WOMAN \u00c8 UN PROFUMO GIOVANE PER LA DONNA DI CITT\u00c0 DINAMICA E MODERNA. IL SUO FLACONE \u00c8 SEMPLICE ED ATTRAENTE: ASSOMIGLIA AD UNA BORRACCIA SIMILE A QUELLA DEL PROFUMO DA UOMO MA CON UNA LINEA TONDEGGIANTE. LASCIATI AFFASCINARE DALLE SUE NOTE.<\/p>\n<p>NOTE DI TESTA: MELONE, PAPAYA, CICLAMINO.<br \/>\nNOTE DI CUORE: MAZZETTI DI GELSOMINO, DI GIGLIO E IRIS.<br \/>\nNOTE DI FONDO: COMPOSTO DA RESINE CALDE E LEGNOSE, SANDALO E FIOR DI VANIGLIA.<\/p>\n<p>HUGO WOMAN IS INDEPENDENT AND DETERMINED. THE SLOGAN IS CLEAR: &#8221;DON&#8217;T IMITATE, INNOVATE&#8221;. THE FRAGRANCE IS FRESH AND SWEET WITH A TOUCH OF SPICE. THE OPENING OF APPLE, CYCLAMEN, MELON, PAPAYA, PEACH AND AGLAIA ODORATA ARE TRANSPARENT AND SUCCULENTLY FRUITY. THE HEART IS SWEET AND WARM, COMPOSED OF JASMINE, LILY AND ORRIS. BASE NOTES SANDALWOOD, AMBER, VANILLA, CEDAR AND RESIN. IT WAS CREATED IN 1997. THE NOSE BEHIND THIS FRAGRANCE IS URSULA WANDEL.<\/p>\n","protected":false},"excerpt":{"rendered":"<p>HUGO WOMAN \u00c8 UN PROFUMO GIOVANE PER LA DONNA DI CITT\u00c0 DINAMICA E MODERNA. IL SUO FLACONE \u00c8 SEMPLICE ED ATTRAENTE: ASSOMIGLIA AD UNA BORRACCIA SIMILE A QUELLA DEL PROFUMO DA UOMO MA CON UNA LINEA TONDEGGIANTE. LASCIATI AFFASCINARE DALLE SUE NOTE.<\/p>\n<p>NOTE DI TESTA: MELONE, PAPAYA, CICLAMINO.<br \/>\nNOTE DI CUORE: MAZZETTI DI GELSOMINO, DI GIGLIO E IRIS.<br \/>\nNOTE DI FONDO: COMPOSTO DA RESINE CALDE E LEGNOSE, SANDALO E FIOR DI VANIGLIA.<\/p>\n<p>HUGO WOMAN IS INDEPENDENT AND DETERMINED. THE SLOGAN IS CLEAR: &#8221;DON&#8217;T IMITATE, INNOVATE&#8221;. THE FRAGRANCE IS FRESH AND SWEET WITH A TOUCH OF SPICE. THE OPENING OF APPLE, CYCLAMEN, MELON, PAPAYA, PEACH AND AGLAIA ODORATA ARE TRANSPARENT AND SUCCULENTLY FRUITY. THE HEART IS SWEET AND WARM, COMPOSED OF JASMINE, LILY AND ORRIS. BASE NOTES SANDALWOOD, AMBER, VANILLA, CEDAR AND RESIN. IT WAS CREATED IN 1997. THE NOSE BEHIND THIS FRAGRANCE IS URSULA WANDEL.<\/p>\n","protected":false},"featured_media":79474,"comment_status":"open","ping_status":"closed","template":"","meta":{"_et_pb_use_builder":"","_et_pb_old_content":"","_et_gb_content_width":""},"product_brand":[],"product_cat":[7113,7118,7109,7099,7098,7106],"product_tag":[],"class_list":{"0":"post-79475","1":"product","2":"type-product","3":"status-publish","4":"has-post-thumbnail","6":"product_cat-confezioni-regalo","7":"product_cat-donna-1-confezioni-regalo","8":"product_cat-donna","9":"product_cat-offerte-da-non-perdere-default-category","10":"product_cat-default-category","11":"product_cat-profumi-default-category","12":"pa_bollino-offerta_speciale","13":"pa_categoria_desc-confezioniregalodonna","14":"pa_confezione_desc-confezioneoriginalenotester","15":"pa_formato_filtro-75ml","16":"pa_manufacturer-hugoboss","17":"pa_sconto_desc-6901","18":"pa_spedizione_gratuita-no","19":"pa_tipo_filtro-sprayeaudeparfum","21":"first","22":"outofstock","23":"sale","24":"shipping-taxable","25":"purchasable","26":"product-type-simple"},"yoast_head":"<!-- This site is optimized with the Yoast SEO plugin v27.4 - https:\/\/yoast.com\/product\/yoast-seo-wordpress\/ -->\n<title>HUGO BOSS - HUGO WOMAN GIFT SET 75ML SPRAY EAU DE PARFUM + 200ML BODY LOTION<\/title>\n<meta name=\"robots\" content=\"index, follow, max-snippet:-1, max-image-preview:large, max-video-preview:-1\" \/>\n<link rel=\"canonical\" href=\"https:\/\/profumix.it\/en\/prodotto\/hugo-boss-xx-60ml-spray-eau-de-toilette-2\/\" \/>\n<meta property=\"og:locale\" content=\"en_US\" \/>\n<meta property=\"og:type\" content=\"article\" \/>\n<meta property=\"og:title\" content=\"HUGO BOSS - HUGO WOMAN GIFT SET 75ML SPRAY EAU DE PARFUM + 200ML BODY LOTION\" \/>\n<meta property=\"og:description\" content=\"HUGO WOMAN \u00c8 UN PROFUMO GIOVANE PER LA DONNA DI CITT\u00c0 DINAMICA E MODERNA. IL SUO FLACONE \u00c8 SEMPLICE ED ATTRAENTE: ASSOMIGLIA AD UNA BORRACCIA SIMILE A QUELLA DEL PROFUMO DA UOMO MA CON UNA LINEA TONDEGGIANTE. LASCIATI AFFASCINARE DALLE SUE NOTE.  NOTE DI TESTA: MELONE, PAPAYA, CICLAMINO.  NOTE DI CUORE: MAZZETTI DI GELSOMINO, DI GIGLIO E IRIS.  NOTE DI FONDO: COMPOSTO DA RESINE CALDE E LEGNOSE, SANDALO E FIOR DI VANIGLIA.  HUGO WOMAN IS INDEPENDENT AND DETERMINED. THE SLOGAN IS CLEAR: &#039;&#039;DON&#039;T IMITATE, INNOVATE&#039;&#039;. THE FRAGRANCE IS FRESH AND SWEET WITH A TOUCH OF SPICE. THE OPENING OF APPLE, CYCLAMEN, MELON, PAPAYA, PEACH AND AGLAIA ODORATA ARE TRANSPARENT AND SUCCULENTLY FRUITY. THE HEART IS SWEET AND WARM, COMPOSED OF JASMINE, LILY AND ORRIS. BASE NOTES SANDALWOOD, AMBER, VANILLA, CEDAR AND RESIN. IT WAS CREATED IN 1997. THE NOSE BEHIND THIS FRAGRANCE IS URSULA WANDEL.\" \/>\n<meta property=\"og:url\" content=\"https:\/\/profumix.it\/en\/prodotto\/hugo-boss-xx-60ml-spray-eau-de-toilette-2\/\" \/>\n<meta property=\"og:site_name\" content=\"Profumix Perfumes\" \/>\n<meta property=\"article:publisher\" content=\"https:\/\/www.facebook.com\/profumix\" \/>\n<meta property=\"og:image\" content=\"https:\/\/profumix.it\/wp-content\/uploads\/2017\/01\/product_h_u_hugo-boss-hugo-woman-gift-set.jpg\" \/>\n\t<meta property=\"og:image:width\" content=\"753\" \/>\n\t<meta property=\"og:image:height\" content=\"623\" \/>\n\t<meta property=\"og:image:type\" content=\"image\/jpeg\" \/>\n<meta name=\"twitter:card\" content=\"summary_large_image\" \/>\n<meta name=\"twitter:label1\" content=\"Est. reading time\" \/>\n\t<meta name=\"twitter:data1\" content=\"1 minute\" \/>\n<script type=\"application\/ld+json\" class=\"yoast-schema-graph\">{\"@context\":\"https:\\\/\\\/schema.org\",\"@graph\":[{\"@type\":\"WebPage\",\"@id\":\"https:\\\/\\\/profumix.it\\\/en\\\/prodotto\\\/hugo-boss-xx-60ml-spray-eau-de-toilette-2\\\/\",\"url\":\"https:\\\/\\\/profumix.it\\\/en\\\/prodotto\\\/hugo-boss-xx-60ml-spray-eau-de-toilette-2\\\/\",\"name\":\"HUGO BOSS - HUGO WOMAN GIFT SET 75ML SPRAY EAU DE PARFUM + 200ML BODY LOTION\",\"isPartOf\":{\"@id\":\"https:\\\/\\\/profumix.it\\\/en\\\/#website\"},\"primaryImageOfPage\":{\"@id\":\"https:\\\/\\\/profumix.it\\\/en\\\/prodotto\\\/hugo-boss-xx-60ml-spray-eau-de-toilette-2\\\/#primaryimage\"},\"image\":{\"@id\":\"https:\\\/\\\/profumix.it\\\/en\\\/prodotto\\\/hugo-boss-xx-60ml-spray-eau-de-toilette-2\\\/#primaryimage\"},\"thumbnailUrl\":\"https:\\\/\\\/profumix.it\\\/wp-content\\\/uploads\\\/2017\\\/01\\\/product_h_u_hugo-boss-hugo-woman-gift-set.jpg\",\"datePublished\":\"2017-01-12T13:36:25+00:00\",\"breadcrumb\":{\"@id\":\"https:\\\/\\\/profumix.it\\\/en\\\/prodotto\\\/hugo-boss-xx-60ml-spray-eau-de-toilette-2\\\/#breadcrumb\"},\"inLanguage\":\"en-US\",\"potentialAction\":[{\"@type\":\"ReadAction\",\"target\":[\"https:\\\/\\\/profumix.it\\\/en\\\/prodotto\\\/hugo-boss-xx-60ml-spray-eau-de-toilette-2\\\/\"]}]},{\"@type\":\"ImageObject\",\"inLanguage\":\"en-US\",\"@id\":\"https:\\\/\\\/profumix.it\\\/en\\\/prodotto\\\/hugo-boss-xx-60ml-spray-eau-de-toilette-2\\\/#primaryimage\",\"url\":\"https:\\\/\\\/profumix.it\\\/wp-content\\\/uploads\\\/2017\\\/01\\\/product_h_u_hugo-boss-hugo-woman-gift-set.jpg\",\"contentUrl\":\"https:\\\/\\\/profumix.it\\\/wp-content\\\/uploads\\\/2017\\\/01\\\/product_h_u_hugo-boss-hugo-woman-gift-set.jpg\",\"width\":753,\"height\":623,\"caption\":\"HUGO BOSS - HUGO WOMAN GIFT SET 75ML SPRAY EAU DE PARFUM + 200ML BODY LOTION\"},{\"@type\":\"BreadcrumbList\",\"@id\":\"https:\\\/\\\/profumix.it\\\/en\\\/prodotto\\\/hugo-boss-xx-60ml-spray-eau-de-toilette-2\\\/#breadcrumb\",\"itemListElement\":[{\"@type\":\"ListItem\",\"position\":1,\"name\":\"Home\",\"item\":\"https:\\\/\\\/profumix.it\\\/en\\\/home\\\/\"},{\"@type\":\"ListItem\",\"position\":2,\"name\":\"Shop\",\"item\":\"https:\\\/\\\/profumix.it\\\/en\\\/shop\\\/\"},{\"@type\":\"ListItem\",\"position\":3,\"name\":\"HUGO BOSS &#8211; HUGO WOMAN GIFT SET 75ML SPRAY EAU DE PARFUM + 200ML BODY LOTION\"}]},{\"@type\":\"WebSite\",\"@id\":\"https:\\\/\\\/profumix.it\\\/en\\\/#website\",\"url\":\"https:\\\/\\\/profumix.it\\\/en\\\/\",\"name\":\"Profumix Perfumes\",\"description\":\"\",\"potentialAction\":[{\"@type\":\"SearchAction\",\"target\":{\"@type\":\"EntryPoint\",\"urlTemplate\":\"https:\\\/\\\/profumix.it\\\/en\\\/?s={search_term_string}\"},\"query-input\":{\"@type\":\"PropertyValueSpecification\",\"valueRequired\":true,\"valueName\":\"search_term_string\"}}],\"inLanguage\":\"en-US\"}]}<\/script>\n<!-- \/ Yoast SEO plugin. -->","yoast_head_json":{"title":"HUGO BOSS - HUGO WOMAN GIFT SET 75ML SPRAY EAU DE PARFUM + 200ML BODY LOTION","robots":{"index":"index","follow":"follow","max-snippet":"max-snippet:-1","max-image-preview":"max-image-preview:large","max-video-preview":"max-video-preview:-1"},"canonical":"https:\/\/profumix.it\/en\/prodotto\/hugo-boss-xx-60ml-spray-eau-de-toilette-2\/","og_locale":"en_US","og_type":"article","og_title":"HUGO BOSS - HUGO WOMAN GIFT SET 75ML SPRAY EAU DE PARFUM + 200ML BODY LOTION","og_description":"HUGO WOMAN \u00c8 UN PROFUMO GIOVANE PER LA DONNA DI CITT\u00c0 DINAMICA E MODERNA. IL SUO FLACONE \u00c8 SEMPLICE ED ATTRAENTE: ASSOMIGLIA AD UNA BORRACCIA SIMILE A QUELLA DEL PROFUMO DA UOMO MA CON UNA LINEA TONDEGGIANTE. LASCIATI AFFASCINARE DALLE SUE NOTE.  NOTE DI TESTA: MELONE, PAPAYA, CICLAMINO.  NOTE DI CUORE: MAZZETTI DI GELSOMINO, DI GIGLIO E IRIS.  NOTE DI FONDO: COMPOSTO DA RESINE CALDE E LEGNOSE, SANDALO E FIOR DI VANIGLIA.  HUGO WOMAN IS INDEPENDENT AND DETERMINED. THE SLOGAN IS CLEAR: ''DON'T IMITATE, INNOVATE''. THE FRAGRANCE IS FRESH AND SWEET WITH A TOUCH OF SPICE. THE OPENING OF APPLE, CYCLAMEN, MELON, PAPAYA, PEACH AND AGLAIA ODORATA ARE TRANSPARENT AND SUCCULENTLY FRUITY. THE HEART IS SWEET AND WARM, COMPOSED OF JASMINE, LILY AND ORRIS. BASE NOTES SANDALWOOD, AMBER, VANILLA, CEDAR AND RESIN. IT WAS CREATED IN 1997. THE NOSE BEHIND THIS FRAGRANCE IS URSULA WANDEL.","og_url":"https:\/\/profumix.it\/en\/prodotto\/hugo-boss-xx-60ml-spray-eau-de-toilette-2\/","og_site_name":"Profumix Perfumes","article_publisher":"https:\/\/www.facebook.com\/profumix","og_image":[{"width":753,"height":623,"url":"https:\/\/profumix.it\/wp-content\/uploads\/2017\/01\/product_h_u_hugo-boss-hugo-woman-gift-set.jpg","type":"image\/jpeg"}],"twitter_card":"summary_large_image","twitter_misc":{"Est. reading time":"1 minute"},"schema":{"@context":"https:\/\/schema.org","@graph":[{"@type":"WebPage","@id":"https:\/\/profumix.it\/en\/prodotto\/hugo-boss-xx-60ml-spray-eau-de-toilette-2\/","url":"https:\/\/profumix.it\/en\/prodotto\/hugo-boss-xx-60ml-spray-eau-de-toilette-2\/","name":"HUGO BOSS - HUGO WOMAN GIFT SET 75ML SPRAY EAU DE PARFUM + 200ML BODY LOTION","isPartOf":{"@id":"https:\/\/profumix.it\/en\/#website"},"primaryImageOfPage":{"@id":"https:\/\/profumix.it\/en\/prodotto\/hugo-boss-xx-60ml-spray-eau-de-toilette-2\/#primaryimage"},"image":{"@id":"https:\/\/profumix.it\/en\/prodotto\/hugo-boss-xx-60ml-spray-eau-de-toilette-2\/#primaryimage"},"thumbnailUrl":"https:\/\/profumix.it\/wp-content\/uploads\/2017\/01\/product_h_u_hugo-boss-hugo-woman-gift-set.jpg","datePublished":"2017-01-12T13:36:25+00:00","breadcrumb":{"@id":"https:\/\/profumix.it\/en\/prodotto\/hugo-boss-xx-60ml-spray-eau-de-toilette-2\/#breadcrumb"},"inLanguage":"en-US","potentialAction":[{"@type":"ReadAction","target":["https:\/\/profumix.it\/en\/prodotto\/hugo-boss-xx-60ml-spray-eau-de-toilette-2\/"]}]},{"@type":"ImageObject","inLanguage":"en-US","@id":"https:\/\/profumix.it\/en\/prodotto\/hugo-boss-xx-60ml-spray-eau-de-toilette-2\/#primaryimage","url":"https:\/\/profumix.it\/wp-content\/uploads\/2017\/01\/product_h_u_hugo-boss-hugo-woman-gift-set.jpg","contentUrl":"https:\/\/profumix.it\/wp-content\/uploads\/2017\/01\/product_h_u_hugo-boss-hugo-woman-gift-set.jpg","width":753,"height":623,"caption":"HUGO BOSS - HUGO WOMAN GIFT SET 75ML SPRAY EAU DE PARFUM + 200ML BODY LOTION"},{"@type":"BreadcrumbList","@id":"https:\/\/profumix.it\/en\/prodotto\/hugo-boss-xx-60ml-spray-eau-de-toilette-2\/#breadcrumb","itemListElement":[{"@type":"ListItem","position":1,"name":"Home","item":"https:\/\/profumix.it\/en\/home\/"},{"@type":"ListItem","position":2,"name":"Shop","item":"https:\/\/profumix.it\/en\/shop\/"},{"@type":"ListItem","position":3,"name":"HUGO BOSS &#8211; HUGO WOMAN GIFT SET 75ML SPRAY EAU DE PARFUM + 200ML BODY LOTION"}]},{"@type":"WebSite","@id":"https:\/\/profumix.it\/en\/#website","url":"https:\/\/profumix.it\/en\/","name":"Profumix Perfumes","description":"","potentialAction":[{"@type":"SearchAction","target":{"@type":"EntryPoint","urlTemplate":"https:\/\/profumix.it\/en\/?s={search_term_string}"},"query-input":{"@type":"PropertyValueSpecification","valueRequired":true,"valueName":"search_term_string"}}],"inLanguage":"en-US"}]}},"_links":{"self":[{"href":"https:\/\/profumix.it\/en\/wp-json\/wp\/v2\/product\/79475","targetHints":{"allow":["GET"]}}],"collection":[{"href":"https:\/\/profumix.it\/en\/wp-json\/wp\/v2\/product"}],"about":[{"href":"https:\/\/profumix.it\/en\/wp-json\/wp\/v2\/types\/product"}],"replies":[{"embeddable":true,"href":"https:\/\/profumix.it\/en\/wp-json\/wp\/v2\/comments?post=79475"}],"wp:featuredmedia":[{"embeddable":true,"href":"https:\/\/profumix.it\/en\/wp-json\/wp\/v2\/media\/79474"}],"wp:attachment":[{"href":"https:\/\/profumix.it\/en\/wp-json\/wp\/v2\/media?parent=79475"}],"wp:term":[{"taxonomy":"product_brand","embeddable":true,"href":"https:\/\/profumix.it\/en\/wp-json\/wp\/v2\/product_brand?post=79475"},{"taxonomy":"product_cat","embeddable":true,"href":"https:\/\/profumix.it\/en\/wp-json\/wp\/v2\/product_cat?post=79475"},{"taxonomy":"product_tag","embeddable":true,"href":"https:\/\/profumix.it\/en\/wp-json\/wp\/v2\/product_tag?post=79475"}],"curies":[{"name":"wp","href":"https:\/\/api.w.org\/{rel}","templated":true}]}}