{"id":79549,"date":"2017-02-06T10:57:40","date_gmt":"2017-02-06T09:57:40","guid":{"rendered":"https:\/\/profumix.it\/prodotto\/versace-versus-50ml-spray-eau-de-toilette\/"},"modified":"2017-02-06T10:57:40","modified_gmt":"2017-02-06T09:57:40","slug":"versace-versus-50ml-spray-eau-de-toilette","status":"publish","type":"product","link":"https:\/\/profumix.it\/en\/prodotto\/versace-versus-50ml-spray-eau-de-toilette\/","title":{"rendered":"VERSACE VERSUS 50ML SPRAY EAU DE TOILETTE"},"content":{"rendered":"<p>QUESTA NUOVA FRAGRANZA, PORTA LO STESSO NOME DELL\u2019EDIZIONE VERSUS USCITA NEL 1992.IL NUOVO PROFUMO NASCE  NEL 2010 IN UN FLACONE BLUASTRO-VIOLA DECORATO, CON UN TAPPO BLU. LA NUOVA FRAGRANZA INTRODUCE UNA NUOVA COMPOSIZIONE FRESCA, GIOCOSA MA ALLO STESSO TEMPO MOLTO FEMMINILE.<\/p>\n<p>&#8220;VERSUS \u00c8 ENERGIA PURA.&#8221; &#8211; HA DICHIARATO DONATELLA VERSACE. IL SUO DESIDERIO \u00c8 QUELLO DI DEDICARE QUESTA FRAGRANZA ALLE DONNE CON UNA FORTE VOLONT\u00c0 CHE HANNO IL CORAGGIO DI INTRAPRENDERE NUOVE SFIDE. QUESTO PROFUMO INTENSO SI BASA SU FORTI CONTRASTI.<\/p>\n<p>LE NOTE DI TESTA DI VERSACE VERSUS INTRODUCONO KUMQUAT, STAR APPLE (CHRYSOPHYLLUM CAINITO) E LIMONE, IL CUORE \u00c8 COMPOSTO DA FIORI D&#8217;ARANCIO, STEPHANOTIS CENTIFOLIA E ROSA, MENTRE LA BASE CONTIENE MUSCHIO, PATCHOULI E SEMI DI AMBRETTA.<\/p>\n","protected":false},"excerpt":{"rendered":"<p>QUESTA NUOVA FRAGRANZA, PORTA LO STESSO NOME DELL\u2019EDIZIONE VERSUS USCITA NEL 1992.IL NUOVO PROFUMO NASCE  NEL 2010 IN UN FLACONE BLUASTRO-VIOLA DECORATO, CON UN TAPPO BLU. LA NUOVA FRAGRANZA INTRODUCE UNA NUOVA COMPOSIZIONE FRESCA, GIOCOSA MA ALLO STESSO TEMPO MOLTO FEMMINILE.<\/p>\n<p>&#8220;VERSUS \u00c8 ENERGIA PURA.&#8221; &#8211; HA DICHIARATO DONATELLA VERSACE. IL SUO DESIDERIO \u00c8 QUELLO DI DEDICARE QUESTA FRAGRANZA ALLE DONNE CON UNA FORTE VOLONT\u00c0 CHE HANNO IL CORAGGIO DI INTRAPRENDERE NUOVE SFIDE. QUESTO PROFUMO INTENSO SI BASA SU FORTI CONTRASTI.<\/p>\n<p>LE NOTE DI TESTA DI VERSACE VERSUS INTRODUCONO KUMQUAT, STAR APPLE (CHRYSOPHYLLUM CAINITO) E LIMONE, IL CUORE \u00c8 COMPOSTO DA FIORI D&#8217;ARANCIO, STEPHANOTIS CENTIFOLIA E ROSA, MENTRE LA BASE CONTIENE MUSCHIO, PATCHOULI E SEMI DI AMBRETTA.<\/p>\n","protected":false},"featured_media":79548,"comment_status":"open","ping_status":"closed","template":"","meta":{"_et_pb_use_builder":"","_et_pb_old_content":"","_et_gb_content_width":""},"product_brand":[],"product_cat":[7109,7099,7098,7112,7106],"product_tag":[],"class_list":{"0":"post-79549","1":"product","2":"type-product","3":"status-publish","4":"has-post-thumbnail","6":"product_cat-donna","7":"product_cat-offerte-da-non-perdere-default-category","8":"product_cat-default-category","9":"product_cat-donna-1","10":"product_cat-profumi-default-category","11":"pa_bollino-offerta_speciale","12":"pa_confezione_desc-2e-confezioneoriginale_bliste","13":"pa_formato_filtro-50ml","14":"pa_manufacturer-versace","15":"pa_sconto_desc-6896","16":"pa_spedizione_gratuita-no","17":"pa_tipo_filtro-sprayeaudetoilette","19":"first","20":"outofstock","21":"sale","22":"shipping-taxable","23":"purchasable","24":"product-type-simple"},"yoast_head":"<!-- This site is optimized with the Yoast SEO plugin v27.4 - https:\/\/yoast.com\/product\/yoast-seo-wordpress\/ -->\n<title>VERSACE VERSUS 50ML SPRAY EAU DE TOILETTE<\/title>\n<meta name=\"robots\" content=\"index, follow, max-snippet:-1, max-image-preview:large, max-video-preview:-1\" \/>\n<link rel=\"canonical\" href=\"https:\/\/profumix.it\/en\/prodotto\/versace-versus-50ml-spray-eau-de-toilette\/\" \/>\n<meta property=\"og:locale\" content=\"en_US\" \/>\n<meta property=\"og:type\" content=\"article\" \/>\n<meta property=\"og:title\" content=\"VERSACE VERSUS 50ML SPRAY EAU DE TOILETTE\" \/>\n<meta property=\"og:description\" content=\"QUESTA NUOVA FRAGRANZA, PORTA LO STESSO NOME DELL\u2019EDIZIONE VERSUS USCITA NEL 1992.IL NUOVO PROFUMO NASCE NEL 2010 IN UN FLACONE BLUASTRO-VIOLA DECORATO, CON UN TAPPO BLU. LA NUOVA FRAGRANZA INTRODUCE UNA NUOVA COMPOSIZIONE FRESCA, GIOCOSA MA ALLO STESSO TEMPO MOLTO FEMMINILE.  &quot;VERSUS \u00c8 ENERGIA PURA.&quot; - HA DICHIARATO DONATELLA VERSACE. IL SUO DESIDERIO \u00c8 QUELLO DI DEDICARE QUESTA FRAGRANZA ALLE DONNE CON UNA FORTE VOLONT\u00c0 CHE HANNO IL CORAGGIO DI INTRAPRENDERE NUOVE SFIDE. QUESTO PROFUMO INTENSO SI BASA SU FORTI CONTRASTI.  LE NOTE DI TESTA DI VERSACE VERSUS INTRODUCONO KUMQUAT, STAR APPLE (CHRYSOPHYLLUM CAINITO) E LIMONE, IL CUORE \u00c8 COMPOSTO DA FIORI D&#039;ARANCIO, STEPHANOTIS CENTIFOLIA E ROSA, MENTRE LA BASE CONTIENE MUSCHIO, PATCHOULI E SEMI DI AMBRETTA.\" \/>\n<meta property=\"og:url\" content=\"https:\/\/profumix.it\/en\/prodotto\/versace-versus-50ml-spray-eau-de-toilette\/\" \/>\n<meta property=\"og:site_name\" content=\"Profumix Perfumes\" \/>\n<meta property=\"article:publisher\" content=\"https:\/\/www.facebook.com\/profumix\" \/>\n<meta property=\"og:image\" content=\"https:\/\/profumix.it\/wp-content\/uploads\/2017\/02\/product_v_e_versace-versus-edt-50ml.jpg\" \/>\n\t<meta property=\"og:image:width\" content=\"1000\" \/>\n\t<meta property=\"og:image:height\" content=\"1000\" \/>\n\t<meta property=\"og:image:type\" content=\"image\/jpeg\" \/>\n<meta name=\"twitter:card\" content=\"summary_large_image\" \/>\n<meta name=\"twitter:label1\" content=\"Est. reading time\" \/>\n\t<meta name=\"twitter:data1\" content=\"1 minute\" \/>\n<script type=\"application\/ld+json\" class=\"yoast-schema-graph\">{\"@context\":\"https:\\\/\\\/schema.org\",\"@graph\":[{\"@type\":\"WebPage\",\"@id\":\"https:\\\/\\\/profumix.it\\\/en\\\/prodotto\\\/versace-versus-50ml-spray-eau-de-toilette\\\/\",\"url\":\"https:\\\/\\\/profumix.it\\\/en\\\/prodotto\\\/versace-versus-50ml-spray-eau-de-toilette\\\/\",\"name\":\"VERSACE VERSUS 50ML SPRAY EAU DE TOILETTE\",\"isPartOf\":{\"@id\":\"https:\\\/\\\/profumix.it\\\/en\\\/#website\"},\"primaryImageOfPage\":{\"@id\":\"https:\\\/\\\/profumix.it\\\/en\\\/prodotto\\\/versace-versus-50ml-spray-eau-de-toilette\\\/#primaryimage\"},\"image\":{\"@id\":\"https:\\\/\\\/profumix.it\\\/en\\\/prodotto\\\/versace-versus-50ml-spray-eau-de-toilette\\\/#primaryimage\"},\"thumbnailUrl\":\"https:\\\/\\\/profumix.it\\\/wp-content\\\/uploads\\\/2017\\\/02\\\/product_v_e_versace-versus-edt-50ml.jpg\",\"datePublished\":\"2017-02-06T09:57:40+00:00\",\"breadcrumb\":{\"@id\":\"https:\\\/\\\/profumix.it\\\/en\\\/prodotto\\\/versace-versus-50ml-spray-eau-de-toilette\\\/#breadcrumb\"},\"inLanguage\":\"en-US\",\"potentialAction\":[{\"@type\":\"ReadAction\",\"target\":[\"https:\\\/\\\/profumix.it\\\/en\\\/prodotto\\\/versace-versus-50ml-spray-eau-de-toilette\\\/\"]}]},{\"@type\":\"ImageObject\",\"inLanguage\":\"en-US\",\"@id\":\"https:\\\/\\\/profumix.it\\\/en\\\/prodotto\\\/versace-versus-50ml-spray-eau-de-toilette\\\/#primaryimage\",\"url\":\"https:\\\/\\\/profumix.it\\\/wp-content\\\/uploads\\\/2017\\\/02\\\/product_v_e_versace-versus-edt-50ml.jpg\",\"contentUrl\":\"https:\\\/\\\/profumix.it\\\/wp-content\\\/uploads\\\/2017\\\/02\\\/product_v_e_versace-versus-edt-50ml.jpg\",\"width\":1000,\"height\":1000,\"caption\":\"VERSACE VERSUS 50ML SPRAY EAU DE TOILETTE\"},{\"@type\":\"BreadcrumbList\",\"@id\":\"https:\\\/\\\/profumix.it\\\/en\\\/prodotto\\\/versace-versus-50ml-spray-eau-de-toilette\\\/#breadcrumb\",\"itemListElement\":[{\"@type\":\"ListItem\",\"position\":1,\"name\":\"Home\",\"item\":\"https:\\\/\\\/profumix.it\\\/en\\\/home\\\/\"},{\"@type\":\"ListItem\",\"position\":2,\"name\":\"Shop\",\"item\":\"https:\\\/\\\/profumix.it\\\/en\\\/shop\\\/\"},{\"@type\":\"ListItem\",\"position\":3,\"name\":\"VERSACE VERSUS 50ML SPRAY EAU DE TOILETTE\"}]},{\"@type\":\"WebSite\",\"@id\":\"https:\\\/\\\/profumix.it\\\/en\\\/#website\",\"url\":\"https:\\\/\\\/profumix.it\\\/en\\\/\",\"name\":\"Profumix Perfumes\",\"description\":\"\",\"potentialAction\":[{\"@type\":\"SearchAction\",\"target\":{\"@type\":\"EntryPoint\",\"urlTemplate\":\"https:\\\/\\\/profumix.it\\\/en\\\/?s={search_term_string}\"},\"query-input\":{\"@type\":\"PropertyValueSpecification\",\"valueRequired\":true,\"valueName\":\"search_term_string\"}}],\"inLanguage\":\"en-US\"}]}<\/script>\n<!-- \/ Yoast SEO plugin. -->","yoast_head_json":{"title":"VERSACE VERSUS 50ML SPRAY EAU DE TOILETTE","robots":{"index":"index","follow":"follow","max-snippet":"max-snippet:-1","max-image-preview":"max-image-preview:large","max-video-preview":"max-video-preview:-1"},"canonical":"https:\/\/profumix.it\/en\/prodotto\/versace-versus-50ml-spray-eau-de-toilette\/","og_locale":"en_US","og_type":"article","og_title":"VERSACE VERSUS 50ML SPRAY EAU DE TOILETTE","og_description":"QUESTA NUOVA FRAGRANZA, PORTA LO STESSO NOME DELL\u2019EDIZIONE VERSUS USCITA NEL 1992.IL NUOVO PROFUMO NASCE NEL 2010 IN UN FLACONE BLUASTRO-VIOLA DECORATO, CON UN TAPPO BLU. LA NUOVA FRAGRANZA INTRODUCE UNA NUOVA COMPOSIZIONE FRESCA, GIOCOSA MA ALLO STESSO TEMPO MOLTO FEMMINILE.  \"VERSUS \u00c8 ENERGIA PURA.\" - HA DICHIARATO DONATELLA VERSACE. IL SUO DESIDERIO \u00c8 QUELLO DI DEDICARE QUESTA FRAGRANZA ALLE DONNE CON UNA FORTE VOLONT\u00c0 CHE HANNO IL CORAGGIO DI INTRAPRENDERE NUOVE SFIDE. QUESTO PROFUMO INTENSO SI BASA SU FORTI CONTRASTI.  LE NOTE DI TESTA DI VERSACE VERSUS INTRODUCONO KUMQUAT, STAR APPLE (CHRYSOPHYLLUM CAINITO) E LIMONE, IL CUORE \u00c8 COMPOSTO DA FIORI D'ARANCIO, STEPHANOTIS CENTIFOLIA E ROSA, MENTRE LA BASE CONTIENE MUSCHIO, PATCHOULI E SEMI DI AMBRETTA.","og_url":"https:\/\/profumix.it\/en\/prodotto\/versace-versus-50ml-spray-eau-de-toilette\/","og_site_name":"Profumix Perfumes","article_publisher":"https:\/\/www.facebook.com\/profumix","og_image":[{"width":1000,"height":1000,"url":"https:\/\/profumix.it\/wp-content\/uploads\/2017\/02\/product_v_e_versace-versus-edt-50ml.jpg","type":"image\/jpeg"}],"twitter_card":"summary_large_image","twitter_misc":{"Est. reading time":"1 minute"},"schema":{"@context":"https:\/\/schema.org","@graph":[{"@type":"WebPage","@id":"https:\/\/profumix.it\/en\/prodotto\/versace-versus-50ml-spray-eau-de-toilette\/","url":"https:\/\/profumix.it\/en\/prodotto\/versace-versus-50ml-spray-eau-de-toilette\/","name":"VERSACE VERSUS 50ML SPRAY EAU DE TOILETTE","isPartOf":{"@id":"https:\/\/profumix.it\/en\/#website"},"primaryImageOfPage":{"@id":"https:\/\/profumix.it\/en\/prodotto\/versace-versus-50ml-spray-eau-de-toilette\/#primaryimage"},"image":{"@id":"https:\/\/profumix.it\/en\/prodotto\/versace-versus-50ml-spray-eau-de-toilette\/#primaryimage"},"thumbnailUrl":"https:\/\/profumix.it\/wp-content\/uploads\/2017\/02\/product_v_e_versace-versus-edt-50ml.jpg","datePublished":"2017-02-06T09:57:40+00:00","breadcrumb":{"@id":"https:\/\/profumix.it\/en\/prodotto\/versace-versus-50ml-spray-eau-de-toilette\/#breadcrumb"},"inLanguage":"en-US","potentialAction":[{"@type":"ReadAction","target":["https:\/\/profumix.it\/en\/prodotto\/versace-versus-50ml-spray-eau-de-toilette\/"]}]},{"@type":"ImageObject","inLanguage":"en-US","@id":"https:\/\/profumix.it\/en\/prodotto\/versace-versus-50ml-spray-eau-de-toilette\/#primaryimage","url":"https:\/\/profumix.it\/wp-content\/uploads\/2017\/02\/product_v_e_versace-versus-edt-50ml.jpg","contentUrl":"https:\/\/profumix.it\/wp-content\/uploads\/2017\/02\/product_v_e_versace-versus-edt-50ml.jpg","width":1000,"height":1000,"caption":"VERSACE VERSUS 50ML SPRAY EAU DE TOILETTE"},{"@type":"BreadcrumbList","@id":"https:\/\/profumix.it\/en\/prodotto\/versace-versus-50ml-spray-eau-de-toilette\/#breadcrumb","itemListElement":[{"@type":"ListItem","position":1,"name":"Home","item":"https:\/\/profumix.it\/en\/home\/"},{"@type":"ListItem","position":2,"name":"Shop","item":"https:\/\/profumix.it\/en\/shop\/"},{"@type":"ListItem","position":3,"name":"VERSACE VERSUS 50ML SPRAY EAU DE TOILETTE"}]},{"@type":"WebSite","@id":"https:\/\/profumix.it\/en\/#website","url":"https:\/\/profumix.it\/en\/","name":"Profumix Perfumes","description":"","potentialAction":[{"@type":"SearchAction","target":{"@type":"EntryPoint","urlTemplate":"https:\/\/profumix.it\/en\/?s={search_term_string}"},"query-input":{"@type":"PropertyValueSpecification","valueRequired":true,"valueName":"search_term_string"}}],"inLanguage":"en-US"}]}},"_links":{"self":[{"href":"https:\/\/profumix.it\/en\/wp-json\/wp\/v2\/product\/79549","targetHints":{"allow":["GET"]}}],"collection":[{"href":"https:\/\/profumix.it\/en\/wp-json\/wp\/v2\/product"}],"about":[{"href":"https:\/\/profumix.it\/en\/wp-json\/wp\/v2\/types\/product"}],"replies":[{"embeddable":true,"href":"https:\/\/profumix.it\/en\/wp-json\/wp\/v2\/comments?post=79549"}],"wp:featuredmedia":[{"embeddable":true,"href":"https:\/\/profumix.it\/en\/wp-json\/wp\/v2\/media\/79548"}],"wp:attachment":[{"href":"https:\/\/profumix.it\/en\/wp-json\/wp\/v2\/media?parent=79549"}],"wp:term":[{"taxonomy":"product_brand","embeddable":true,"href":"https:\/\/profumix.it\/en\/wp-json\/wp\/v2\/product_brand?post=79549"},{"taxonomy":"product_cat","embeddable":true,"href":"https:\/\/profumix.it\/en\/wp-json\/wp\/v2\/product_cat?post=79549"},{"taxonomy":"product_tag","embeddable":true,"href":"https:\/\/profumix.it\/en\/wp-json\/wp\/v2\/product_tag?post=79549"}],"curies":[{"name":"wp","href":"https:\/\/api.w.org\/{rel}","templated":true}]}}